{"id":14174,"date":"2023-10-12T12:24:27","date_gmt":"2023-10-12T09:24:27","guid":{"rendered":"https:\/\/skaitytaknyga.lt\/?post_type=product&#038;p=14174"},"modified":"2026-01-30T15:59:58","modified_gmt":"2026-01-30T13:59:58","slug":"%d0%b4%d0%b8%d0%b0%d0%b3%d0%bd%d0%be%d1%81%d1%82%d0%b8%d0%ba%d0%b0-%d0%ba%d0%b0%d1%80%d0%bc%d1%8b-1","status":"publish","type":"product","link":"https:\/\/skaitytaknyga.lt\/en\/produktas\/%d0%b4%d0%b8%d0%b0%d0%b3%d0%bd%d0%be%d1%81%d1%82%d0%b8%d0%ba%d0%b0-%d0%ba%d0%b0%d1%80%d0%bc%d1%8b-1\/","title":{"rendered":"\u0414\u0438\u0430\u0433\u043d\u043e\u0441\u0442\u0438\u043a\u0430 \u043a\u0430\u0440\u043c\u044b 1"},"content":{"rendered":"<p>\u041f\u0435\u0440\u0435\u0434 \u0412\u0430\u043c\u0438 \u0438\u0437\u043b\u043e\u0436\u0435\u043d\u0438\u0435 \u043e\u0440\u0438\u0433\u0438\u043d\u0430\u043b\u044c\u043d\u043e\u0439 \u043a\u043e\u043d\u0446\u0435\u043f\u0446\u0438\u0438 \u043f\u043e\u0441\u0442\u0438\u0436\u0435\u043d\u0438\u044f \u0437\u0430\u043a\u043e\u043d\u043e\u0432 \u0434\u0443\u0445\u043e\u0432\u043d\u043e\u0433\u043e \u043c\u0438\u0440\u0430, \u043a\u043e\u0442\u043e\u0440\u044b\u0439 \u0443\u043f\u0440\u0430\u0432\u043b\u044f\u0435\u0442 \u043c\u0438\u0440\u043e\u043c \u043c\u0430\u0442\u0435\u0440\u0438\u0430\u043b\u044c\u043d\u044b\u043c, \u0430\u043d\u0430\u043b\u0438\u0437 \u0432\u043e\u0437\u043c\u043e\u0436\u043d\u043e\u0441\u0442\u0435\u0439 \u0432\u0445\u043e\u0436\u0434\u0435\u043d\u0438\u044f \u0432 \u043c\u0438\u0440 \u0431\u0438\u043e\u044d\u043d\u0435\u0440\u0433\u0435\u0442\u0438\u043a\u0438.<br \/>\n\u0413\u043b\u0430\u0432\u043d\u0430\u044f \u0446\u0435\u043b\u044c \u043a\u043d\u0438\u0433\u0438 &#8211; \u0440\u0430\u0441\u0448\u0438\u0440\u0435\u043d\u0438\u0435 \u043f\u043e\u043d\u0438\u043c\u0430\u043d\u0438\u044f \u043e\u043a\u0440\u0443\u0436\u0430\u044e\u0449\u0435\u0433\u043e \u043c\u0438\u0440\u0430, \u0440\u0430\u0441\u043a\u0440\u044b\u0442\u0438\u0435 \u0438 \u0438\u0437\u0443\u0447\u0435\u043d\u0438\u0435 \u043c\u0435\u0445\u0430\u043d\u0438\u0437\u043c\u043e\u0432, \u043a\u043e\u0442\u043e\u0440\u044b\u0435 \u0438\u043c \u0443\u043f\u0440\u0430\u0432\u043b\u044f\u044e\u0442, \u0438 \u0438\u0437\u043b\u043e\u0436\u0435\u043d\u0438\u0435 \u043f\u0440\u0430\u0432\u0438\u043b \u0432\u0445\u043e\u0436\u0434\u0435\u043d\u0438\u044f \u0432 \u0431\u0438\u043e\u044d\u043d\u0435\u0440\u0433\u0435\u0442\u0438\u043a\u0443, \u0438\u0431\u043e \u0441\u043e\u0432\u0435\u0440\u0448\u0435\u043d\u0441\u0442\u0432\u043e\u0432\u0430\u043d\u0438\u0435 \u0447\u0435\u043b\u043e\u0432\u0435\u043a\u0430 \u0434\u043e\u043b\u0436\u043d\u043e \u043d\u0430\u0447\u0438\u043d\u0430\u0442\u044c\u0441\u044f \u0441 \u043e\u0441\u043c\u044b\u0441\u043b\u0435\u043d\u0438\u044f \u043c\u0438\u0440\u0430, \u043f\u043e\u0441\u0442\u0438\u0436\u0435\u043d\u0438\u044f \u0435\u0433\u043e \u0437\u0430\u043a\u043e\u043d\u043e\u0432, \u043e\u0441\u043e\u0437\u043d\u0430\u043d\u0438\u044f \u0441\u0435\u0431\u044f \u0447\u0430\u0441\u0442\u044c\u044e \u0435\u0434\u0438\u043d\u043e\u0439 \u0441\u0438\u0441\u0442\u0435\u043c\u044b \u043c\u0438\u0440\u043e\u0437\u0434\u0430\u043d\u0438\u044f.<\/p>\n","protected":false},"excerpt":{"rendered":"<p>\u041f\u0435\u0440\u0435\u0434 \u0412\u0430\u043c\u0438 \u0438\u0437\u043b\u043e\u0436\u0435\u043d\u0438\u0435 \u043e\u0440\u0438\u0433\u0438\u043d\u0430\u043b\u044c\u043d\u043e\u0439 \u043a\u043e\u043d\u0446\u0435\u043f\u0446\u0438\u0438 \u043f\u043e\u0441\u0442\u0438\u0436\u0435\u043d\u0438\u044f \u0437\u0430\u043a\u043e\u043d\u043e\u0432 \u0434\u0443\u0445\u043e\u0432\u043d\u043e\u0433\u043e \u043c\u0438\u0440\u0430, \u043a\u043e\u0442\u043e\u0440\u044b\u0439 \u0443\u043f\u0440\u0430\u0432\u043b\u044f\u0435\u0442 \u043c\u0438\u0440\u043e\u043c \u043c\u0430\u0442\u0435\u0440\u0438\u0430\u043b\u044c\u043d\u044b\u043c, \u0430\u043d\u0430\u043b\u0438\u0437 \u0432\u043e\u0437\u043c\u043e\u0436\u043d\u043e\u0441\u0442\u0435\u0439 \u0432\u0445\u043e\u0436\u0434\u0435\u043d\u0438\u044f \u0432 \u043c\u0438\u0440 \u0431\u0438\u043e\u044d\u043d\u0435\u0440\u0433\u0435\u0442\u0438\u043a\u0438. \u0413\u043b\u0430\u0432\u043d\u0430\u044f \u0446\u0435\u043b\u044c \u043a\u043d\u0438\u0433\u0438 &#8211; \u0440\u0430\u0441\u0448\u0438\u0440\u0435\u043d\u0438\u0435 \u043f\u043e\u043d\u0438\u043c\u0430\u043d\u0438\u044f \u043e\u043a\u0440\u0443\u0436\u0430\u044e\u0449\u0435\u0433\u043e \u043c\u0438\u0440\u0430, \u0440\u0430\u0441\u043a\u0440\u044b\u0442\u0438\u0435 \u0438 \u0438\u0437\u0443\u0447\u0435\u043d\u0438\u0435 \u043c\u0435\u0445\u0430\u043d\u0438\u0437\u043c\u043e\u0432, \u043a\u043e\u0442\u043e\u0440\u044b\u0435 \u0438\u043c \u0443\u043f\u0440\u0430\u0432\u043b\u044f\u044e\u0442, \u0438 \u0438\u0437\u043b\u043e\u0436\u0435\u043d\u0438\u0435 \u043f\u0440\u0430\u0432\u0438\u043b \u0432\u0445\u043e\u0436\u0434\u0435\u043d\u0438\u044f \u0432 \u0431\u0438\u043e\u044d\u043d\u0435\u0440\u0433\u0435\u0442\u0438\u043a\u0443, \u0438\u0431\u043e \u0441\u043e\u0432\u0435\u0440\u0448\u0435\u043d\u0441\u0442\u0432\u043e\u0432\u0430\u043d\u0438\u0435 \u0447\u0435\u043b\u043e\u0432\u0435\u043a\u0430 \u0434\u043e\u043b\u0436\u043d\u043e \u043d\u0430\u0447\u0438\u043d\u0430\u0442\u044c\u0441\u044f \u0441 \u043e\u0441\u043c\u044b\u0441\u043b\u0435\u043d\u0438\u044f \u043c\u0438\u0440\u0430, \u043f\u043e\u0441\u0442\u0438\u0436\u0435\u043d\u0438\u044f \u0435\u0433\u043e \u0437\u0430\u043a\u043e\u043d\u043e\u0432, \u043e\u0441\u043e\u0437\u043d\u0430\u043d\u0438\u044f \u0441\u0435\u0431\u044f \u0447\u0430\u0441\u0442\u044c\u044e \u0435\u0434\u0438\u043d\u043e\u0439 \u0441\u0438\u0441\u0442\u0435\u043c\u044b \u043c\u0438\u0440\u043e\u0437\u0434\u0430\u043d\u0438\u044f.<\/p>\n","protected":false},"featured_media":14627,"comment_status":"open","ping_status":"closed","template":"","meta":{"_acf_changed":false,"site-sidebar-layout":"default","site-content-layout":"","ast-site-content-layout":"default","site-content-style":"default","site-sidebar-style":"default","ast-global-header-display":"","ast-banner-title-visibility":"","ast-main-header-display":"","ast-hfb-above-header-display":"","ast-hfb-below-header-display":"","ast-hfb-mobile-header-display":"","site-post-title":"","ast-breadcrumbs-content":"","ast-featured-img":"","footer-sml-layout":"","ast-disable-related-posts":"","theme-transparent-header-meta":"default","adv-header-id-meta":"","stick-header-meta":"","header-above-stick-meta":"","header-main-stick-meta":"","header-below-stick-meta":"","astra-migrate-meta-layouts":"set","ast-page-background-enabled":"default","ast-page-background-meta":{"desktop":{"background-color":"","background-image":"","background-repeat":"repeat","background-position":"center center","background-size":"auto","background-attachment":"scroll","background-type":"","background-media":"","overlay-type":"","overlay-color":"","overlay-opacity":"","overlay-gradient":""},"tablet":{"background-color":"","background-image":"","background-repeat":"repeat","background-position":"center center","background-size":"auto","background-attachment":"scroll","background-type":"","background-media":"","overlay-type":"","overlay-color":"","overlay-opacity":"","overlay-gradient":""},"mobile":{"background-color":"","background-image":"","background-repeat":"repeat","background-position":"center center","background-size":"auto","background-attachment":"scroll","background-type":"","background-media":"","overlay-type":"","overlay-color":"","overlay-opacity":"","overlay-gradient":""}},"ast-content-background-meta":{"desktop":{"background-color":"var(--ast-global-color-4)","background-image":"","background-repeat":"repeat","background-position":"center center","background-size":"auto","background-attachment":"scroll","background-type":"","background-media":"","overlay-type":"","overlay-color":"","overlay-opacity":"","overlay-gradient":""},"tablet":{"background-color":"var(--ast-global-color-4)","background-image":"","background-repeat":"repeat","background-position":"center center","background-size":"auto","background-attachment":"scroll","background-type":"","background-media":"","overlay-type":"","overlay-color":"","overlay-opacity":"","overlay-gradient":""},"mobile":{"background-color":"var(--ast-global-color-4)","background-image":"","background-repeat":"repeat","background-position":"center center","background-size":"auto","background-attachment":"scroll","background-type":"","background-media":"","overlay-type":"","overlay-color":"","overlay-opacity":"","overlay-gradient":""}}},"product_brand":[],"product_cat":[15,165],"product_tag":[],"class_list":{"0":"post-14174","1":"product","2":"type-product","3":"status-publish","4":"has-post-thumbnail","6":"product_cat-uncategorized","7":"product_cat-religija-filosofija-ir-ezoterika","8":"desktop-align-left","9":"tablet-align-left","10":"mobile-align-left","12":"first","13":"outofstock","14":"shipping-taxable","15":"purchasable","16":"product-type-simple"},"acf":[],"yoast_head":"<!-- This site is optimized with the Yoast SEO plugin v27.0 - https:\/\/yoast.com\/product\/yoast-seo-wordpress\/ -->\n<title>\u0414\u0438\u0430\u0433\u043d\u043e\u0441\u0442\u0438\u043a\u0430 \u043a\u0430\u0440\u043c\u044b 1<\/title>\n<meta name=\"description\" content=\"\u041f\u0435\u0440\u0435\u0434 \u0412\u0430\u043c\u0438 \u0438\u0437\u043b\u043e\u0436\u0435\u043d\u0438\u0435 \u043e\u0440\u0438\u0433\u0438\u043d\u0430\u043b\u044c\u043d\u043e\u0439 \u043a\u043e\u043d\u0446\u0435\u043f\u0446\u0438\u0438 \u043f\u043e\u0441\u0442\u0438\u0436\u0435\u043d\u0438\u044f \u0437\u0430\u043a\u043e\u043d\u043e\u0432 \u0434\u0443\u0445\u043e\u0432\u043d\u043e\u0433\u043e \u043c\u0438\u0440\u0430, \u043a\u043e\u0442\u043e\u0440\u044b\u0439 \u0443\u043f\u0440\u0430\u0432\u043b\u044f\u0435\u0442 \u043c\u0438\u0440\u043e\u043c \u043c\u0430\u0442\u0435\u0440\u0438\u0430\u043b\u044c\u043d\u044b\u043c, \u0430\u043d\u0430\u043b\u0438\u0437 \u0432\u043e\u0437\u043c\u043e\u0436\u043d\u043e\u0441\u0442\u0435\u0439 \u0432\u0445\u043e\u0436\u0434\u0435\u043d\u0438\u044f \u0432 \u043c\u0438\u0440\" \/>\n<meta name=\"robots\" content=\"index, follow, max-snippet:-1, max-image-preview:large, max-video-preview:-1\" \/>\n<link rel=\"canonical\" href=\"https:\/\/skaitytaknyga.lt\/en\/produktas\/\u0434\u0438\u0430\u0433\u043d\u043e\u0441\u0442\u0438\u043a\u0430-\u043a\u0430\u0440\u043c\u044b-1\/\" \/>\n<meta property=\"og:locale\" content=\"en_GB\" \/>\n<meta property=\"og:locale:alternate\" content=\"lt_LT\" \/>\n<meta property=\"og:type\" content=\"article\" \/>\n<meta property=\"og:title\" content=\"\u0414\u0438\u0430\u0433\u043d\u043e\u0441\u0442\u0438\u043a\u0430 \u043a\u0430\u0440\u043c\u044b 1\" \/>\n<meta property=\"og:description\" content=\"\u041f\u0435\u0440\u0435\u0434 \u0412\u0430\u043c\u0438 \u0438\u0437\u043b\u043e\u0436\u0435\u043d\u0438\u0435 \u043e\u0440\u0438\u0433\u0438\u043d\u0430\u043b\u044c\u043d\u043e\u0439 \u043a\u043e\u043d\u0446\u0435\u043f\u0446\u0438\u0438 \u043f\u043e\u0441\u0442\u0438\u0436\u0435\u043d\u0438\u044f \u0437\u0430\u043a\u043e\u043d\u043e\u0432 \u0434\u0443\u0445\u043e\u0432\u043d\u043e\u0433\u043e \u043c\u0438\u0440\u0430, \u043a\u043e\u0442\u043e\u0440\u044b\u0439 \u0443\u043f\u0440\u0430\u0432\u043b\u044f\u0435\u0442 \u043c\u0438\u0440\u043e\u043c \u043c\u0430\u0442\u0435\u0440\u0438\u0430\u043b\u044c\u043d\u044b\u043c, \u0430\u043d\u0430\u043b\u0438\u0437 \u0432\u043e\u0437\u043c\u043e\u0436\u043d\u043e\u0441\u0442\u0435\u0439 \u0432\u0445\u043e\u0436\u0434\u0435\u043d\u0438\u044f \u0432 \u043c\u0438\u0440\" \/>\n<meta property=\"og:url\" content=\"https:\/\/skaitytaknyga.lt\/en\/produktas\/\u0434\u0438\u0430\u0433\u043d\u043e\u0441\u0442\u0438\u043a\u0430-\u043a\u0430\u0440\u043c\u044b-1\/\" \/>\n<meta property=\"og:site_name\" content=\"Skaitytaknyga\" \/>\n<meta property=\"article:publisher\" content=\"https:\/\/www.facebook.com\/skaitytaknyga\/\" \/>\n<meta property=\"article:modified_time\" content=\"2026-01-30T13:59:58+00:00\" \/>\n<meta property=\"og:image\" content=\"https:\/\/skaitytaknyga.lt\/wp-content\/uploads\/2024\/10\/\u0414\u0438\u0430\u0433\u043d\u043e\u0441\u0442\u0438\u043a\u0430-\u043a\u0430\u0440\u043c\u044b-1.jpg\" \/>\n\t<meta property=\"og:image:width\" content=\"364\" \/>\n\t<meta property=\"og:image:height\" content=\"575\" \/>\n\t<meta property=\"og:image:type\" content=\"image\/jpeg\" \/>\n<meta name=\"twitter:card\" content=\"summary_large_image\" \/>\n<meta name=\"twitter:label1\" content=\"Estimated reading time\" \/>\n\t<meta name=\"twitter:data1\" content=\"1 minute\" \/>\n<script type=\"application\/ld+json\" class=\"yoast-schema-graph\">{\"@context\":\"https:\/\/schema.org\",\"@graph\":[{\"@type\":\"WebPage\",\"@id\":\"https:\/\/skaitytaknyga.lt\/produktas\/%d0%b4%d0%b8%d0%b0%d0%b3%d0%bd%d0%be%d1%81%d1%82%d0%b8%d0%ba%d0%b0-%d0%ba%d0%b0%d1%80%d0%bc%d1%8b-1\/\",\"url\":\"https:\/\/skaitytaknyga.lt\/produktas\/%d0%b4%d0%b8%d0%b0%d0%b3%d0%bd%d0%be%d1%81%d1%82%d0%b8%d0%ba%d0%b0-%d0%ba%d0%b0%d1%80%d0%bc%d1%8b-1\/\",\"name\":\"\u0414\u0438\u0430\u0433\u043d\u043e\u0441\u0442\u0438\u043a\u0430 \u043a\u0430\u0440\u043c\u044b 1\",\"isPartOf\":{\"@id\":\"https:\/\/skaitytaknyga.lt\/#website\"},\"primaryImageOfPage\":{\"@id\":\"https:\/\/skaitytaknyga.lt\/produktas\/%d0%b4%d0%b8%d0%b0%d0%b3%d0%bd%d0%be%d1%81%d1%82%d0%b8%d0%ba%d0%b0-%d0%ba%d0%b0%d1%80%d0%bc%d1%8b-1\/#primaryimage\"},\"image\":{\"@id\":\"https:\/\/skaitytaknyga.lt\/produktas\/%d0%b4%d0%b8%d0%b0%d0%b3%d0%bd%d0%be%d1%81%d1%82%d0%b8%d0%ba%d0%b0-%d0%ba%d0%b0%d1%80%d0%bc%d1%8b-1\/#primaryimage\"},\"thumbnailUrl\":\"https:\/\/skaitytaknyga.lt\/wp-content\/uploads\/2024\/10\/\u0414\u0438\u0430\u0433\u043d\u043e\u0441\u0442\u0438\u043a\u0430-\u043a\u0430\u0440\u043c\u044b-1.jpg\",\"datePublished\":\"2023-10-12T09:24:27+00:00\",\"dateModified\":\"2026-01-30T13:59:58+00:00\",\"description\":\"\u041f\u0435\u0440\u0435\u0434 \u0412\u0430\u043c\u0438 \u0438\u0437\u043b\u043e\u0436\u0435\u043d\u0438\u0435 \u043e\u0440\u0438\u0433\u0438\u043d\u0430\u043b\u044c\u043d\u043e\u0439 \u043a\u043e\u043d\u0446\u0435\u043f\u0446\u0438\u0438 \u043f\u043e\u0441\u0442\u0438\u0436\u0435\u043d\u0438\u044f \u0437\u0430\u043a\u043e\u043d\u043e\u0432 \u0434\u0443\u0445\u043e\u0432\u043d\u043e\u0433\u043e \u043c\u0438\u0440\u0430, \u043a\u043e\u0442\u043e\u0440\u044b\u0439 \u0443\u043f\u0440\u0430\u0432\u043b\u044f\u0435\u0442 \u043c\u0438\u0440\u043e\u043c \u043c\u0430\u0442\u0435\u0440\u0438\u0430\u043b\u044c\u043d\u044b\u043c, \u0430\u043d\u0430\u043b\u0438\u0437 \u0432\u043e\u0437\u043c\u043e\u0436\u043d\u043e\u0441\u0442\u0435\u0439 \u0432\u0445\u043e\u0436\u0434\u0435\u043d\u0438\u044f \u0432 \u043c\u0438\u0440\",\"breadcrumb\":{\"@id\":\"https:\/\/skaitytaknyga.lt\/produktas\/%d0%b4%d0%b8%d0%b0%d0%b3%d0%bd%d0%be%d1%81%d1%82%d0%b8%d0%ba%d0%b0-%d0%ba%d0%b0%d1%80%d0%bc%d1%8b-1\/#breadcrumb\"},\"inLanguage\":\"en-GB\",\"potentialAction\":[{\"@type\":\"ReadAction\",\"target\":[\"https:\/\/skaitytaknyga.lt\/produktas\/%d0%b4%d0%b8%d0%b0%d0%b3%d0%bd%d0%be%d1%81%d1%82%d0%b8%d0%ba%d0%b0-%d0%ba%d0%b0%d1%80%d0%bc%d1%8b-1\/\"]}]},{\"@type\":\"ImageObject\",\"inLanguage\":\"en-GB\",\"@id\":\"https:\/\/skaitytaknyga.lt\/produktas\/%d0%b4%d0%b8%d0%b0%d0%b3%d0%bd%d0%be%d1%81%d1%82%d0%b8%d0%ba%d0%b0-%d0%ba%d0%b0%d1%80%d0%bc%d1%8b-1\/#primaryimage\",\"url\":\"https:\/\/skaitytaknyga.lt\/wp-content\/uploads\/2024\/10\/\u0414\u0438\u0430\u0433\u043d\u043e\u0441\u0442\u0438\u043a\u0430-\u043a\u0430\u0440\u043c\u044b-1.jpg\",\"contentUrl\":\"https:\/\/skaitytaknyga.lt\/wp-content\/uploads\/2024\/10\/\u0414\u0438\u0430\u0433\u043d\u043e\u0441\u0442\u0438\u043a\u0430-\u043a\u0430\u0440\u043c\u044b-1.jpg\",\"width\":364,\"height\":575,\"caption\":\"\u0414\u0438\u0430\u0433\u043d\u043e\u0441\u0442\u0438\u043a\u0430 \u043a\u0430\u0440\u043c\u044b 1\"},{\"@type\":\"BreadcrumbList\",\"@id\":\"https:\/\/skaitytaknyga.lt\/produktas\/%d0%b4%d0%b8%d0%b0%d0%b3%d0%bd%d0%be%d1%81%d1%82%d0%b8%d0%ba%d0%b0-%d0%ba%d0%b0%d1%80%d0%bc%d1%8b-1\/#breadcrumb\",\"itemListElement\":[{\"@type\":\"ListItem\",\"position\":1,\"name\":\"Home\",\"item\":\"https:\/\/skaitytaknyga.lt\/\"},{\"@type\":\"ListItem\",\"position\":2,\"name\":\"Parduotuv\u0117\",\"item\":\"https:\/\/skaitytaknyga.lt\/knygu-parduotuve\/\"},{\"@type\":\"ListItem\",\"position\":3,\"name\":\"\u0414\u0438\u0430\u0433\u043d\u043e\u0441\u0442\u0438\u043a\u0430 \u043a\u0430\u0440\u043c\u044b 1\"}]},{\"@type\":\"WebSite\",\"@id\":\"https:\/\/skaitytaknyga.lt\/#website\",\"url\":\"https:\/\/skaitytaknyga.lt\/\",\"name\":\"skaitytaknyga.lt\",\"description\":\"Skaitytaknyga.lt \u2013 tai ma\u017eas \u0161eimos verslas, kuris prasid\u0117jo nuo meil\u0117s knygoms ir siekio i\u0161gelb\u0117ti knygas nuo likimo prie konteinerio. Kas vienam nereikalingas daiktas \u2013 kitam lobis, o mes esame tarpininkai, kurie padeda abiems tapti laimingesniems ???? \u017dinome kaip nelengva i\u0161gyventi ma\u017eiems verslams, tad nuo \u0161iol, \u010dia rasite ir kit\u0173, ma\u017e\u0173 \u0161eim\u0173 versl\u0173, rank\u0173 darbo, dovan\u0173 sau ir artimiesiems.\",\"publisher\":{\"@id\":\"https:\/\/skaitytaknyga.lt\/#organization\"},\"potentialAction\":[{\"@type\":\"SearchAction\",\"target\":{\"@type\":\"EntryPoint\",\"urlTemplate\":\"https:\/\/skaitytaknyga.lt\/?s={search_term_string}\"},\"query-input\":{\"@type\":\"PropertyValueSpecification\",\"valueRequired\":true,\"valueName\":\"search_term_string\"}}],\"inLanguage\":\"en-GB\"},{\"@type\":\"Organization\",\"@id\":\"https:\/\/skaitytaknyga.lt\/#organization\",\"name\":\"skaitytaknyga.lt\",\"url\":\"https:\/\/skaitytaknyga.lt\/\",\"logo\":{\"@type\":\"ImageObject\",\"inLanguage\":\"en-GB\",\"@id\":\"https:\/\/skaitytaknyga.lt\/#\/schema\/logo\/image\/\",\"url\":\"https:\/\/skaitytaknyga.lt\/wp-content\/uploads\/2024\/05\/cropped-cropped-cropped-02_00843_jt3bggkj1j3HLc7SyY6rEUpg.jpeg\",\"contentUrl\":\"https:\/\/skaitytaknyga.lt\/wp-content\/uploads\/2024\/05\/cropped-cropped-cropped-02_00843_jt3bggkj1j3HLc7SyY6rEUpg.jpeg\",\"width\":1600,\"height\":1600,\"caption\":\"skaitytaknyga.lt\"},\"image\":{\"@id\":\"https:\/\/skaitytaknyga.lt\/#\/schema\/logo\/image\/\"},\"sameAs\":[\"https:\/\/www.facebook.com\/skaitytaknyga\/\"]}]}<\/script>\n<!-- \/ Yoast SEO plugin. -->","yoast_head_json":{"title":"\u0414\u0438\u0430\u0433\u043d\u043e\u0441\u0442\u0438\u043a\u0430 \u043a\u0430\u0440\u043c\u044b 1","description":"\u041f\u0435\u0440\u0435\u0434 \u0412\u0430\u043c\u0438 \u0438\u0437\u043b\u043e\u0436\u0435\u043d\u0438\u0435 \u043e\u0440\u0438\u0433\u0438\u043d\u0430\u043b\u044c\u043d\u043e\u0439 \u043a\u043e\u043d\u0446\u0435\u043f\u0446\u0438\u0438 \u043f\u043e\u0441\u0442\u0438\u0436\u0435\u043d\u0438\u044f \u0437\u0430\u043a\u043e\u043d\u043e\u0432 \u0434\u0443\u0445\u043e\u0432\u043d\u043e\u0433\u043e \u043c\u0438\u0440\u0430, \u043a\u043e\u0442\u043e\u0440\u044b\u0439 \u0443\u043f\u0440\u0430\u0432\u043b\u044f\u0435\u0442 \u043c\u0438\u0440\u043e\u043c \u043c\u0430\u0442\u0435\u0440\u0438\u0430\u043b\u044c\u043d\u044b\u043c, \u0430\u043d\u0430\u043b\u0438\u0437 \u0432\u043e\u0437\u043c\u043e\u0436\u043d\u043e\u0441\u0442\u0435\u0439 \u0432\u0445\u043e\u0436\u0434\u0435\u043d\u0438\u044f \u0432 \u043c\u0438\u0440","robots":{"index":"index","follow":"follow","max-snippet":"max-snippet:-1","max-image-preview":"max-image-preview:large","max-video-preview":"max-video-preview:-1"},"canonical":"https:\/\/skaitytaknyga.lt\/en\/produktas\/\u0434\u0438\u0430\u0433\u043d\u043e\u0441\u0442\u0438\u043a\u0430-\u043a\u0430\u0440\u043c\u044b-1\/","og_locale":"en_GB","og_type":"article","og_title":"[:lt]\u0414\u0438\u0430\u0433\u043d\u043e\u0441\u0442\u0438\u043a\u0430 \u043a\u0430\u0440\u043c\u044b 1[:] - Skaitytaknyga","og_description":"\u041f\u0435\u0440\u0435\u0434 \u0412\u0430\u043c\u0438 \u0438\u0437\u043b\u043e\u0436\u0435\u043d\u0438\u0435 \u043e\u0440\u0438\u0433\u0438\u043d\u0430\u043b\u044c\u043d\u043e\u0439 \u043a\u043e\u043d\u0446\u0435\u043f\u0446\u0438\u0438 \u043f\u043e\u0441\u0442\u0438\u0436\u0435\u043d\u0438\u044f \u0437\u0430\u043a\u043e\u043d\u043e\u0432 \u0434\u0443\u0445\u043e\u0432\u043d\u043e\u0433\u043e \u043c\u0438\u0440\u0430, \u043a\u043e\u0442\u043e\u0440\u044b\u0439 \u0443\u043f\u0440\u0430\u0432\u043b\u044f\u0435\u0442 \u043c\u0438\u0440\u043e\u043c \u043c\u0430\u0442\u0435\u0440\u0438\u0430\u043b\u044c\u043d\u044b\u043c, \u0430\u043d\u0430\u043b\u0438\u0437 \u0432\u043e\u0437\u043c\u043e\u0436\u043d\u043e\u0441\u0442\u0435\u0439 \u0432\u0445\u043e\u0436\u0434\u0435\u043d\u0438\u044f \u0432 \u043c\u0438\u0440","og_url":"https:\/\/skaitytaknyga.lt\/en\/produktas\/\u0434\u0438\u0430\u0433\u043d\u043e\u0441\u0442\u0438\u043a\u0430-\u043a\u0430\u0440\u043c\u044b-1\/","og_site_name":"Skaitytaknyga","article_publisher":"https:\/\/www.facebook.com\/skaitytaknyga\/","article_modified_time":"2026-01-30T13:59:58+00:00","og_image":[{"width":364,"height":575,"url":"https:\/\/skaitytaknyga.lt\/wp-content\/uploads\/2024\/10\/\u0414\u0438\u0430\u0433\u043d\u043e\u0441\u0442\u0438\u043a\u0430-\u043a\u0430\u0440\u043c\u044b-1.jpg","type":"image\/jpeg"}],"twitter_card":"summary_large_image","twitter_misc":{"Estimated reading time":"1 minute"},"schema":{"@context":"https:\/\/schema.org","@graph":[{"@type":"WebPage","@id":"https:\/\/skaitytaknyga.lt\/produktas\/%d0%b4%d0%b8%d0%b0%d0%b3%d0%bd%d0%be%d1%81%d1%82%d0%b8%d0%ba%d0%b0-%d0%ba%d0%b0%d1%80%d0%bc%d1%8b-1\/","url":"https:\/\/skaitytaknyga.lt\/produktas\/%d0%b4%d0%b8%d0%b0%d0%b3%d0%bd%d0%be%d1%81%d1%82%d0%b8%d0%ba%d0%b0-%d0%ba%d0%b0%d1%80%d0%bc%d1%8b-1\/","name":"\u0414\u0438\u0430\u0433\u043d\u043e\u0441\u0442\u0438\u043a\u0430 \u043a\u0430\u0440\u043c\u044b 1","isPartOf":{"@id":"https:\/\/skaitytaknyga.lt\/#website"},"primaryImageOfPage":{"@id":"https:\/\/skaitytaknyga.lt\/produktas\/%d0%b4%d0%b8%d0%b0%d0%b3%d0%bd%d0%be%d1%81%d1%82%d0%b8%d0%ba%d0%b0-%d0%ba%d0%b0%d1%80%d0%bc%d1%8b-1\/#primaryimage"},"image":{"@id":"https:\/\/skaitytaknyga.lt\/produktas\/%d0%b4%d0%b8%d0%b0%d0%b3%d0%bd%d0%be%d1%81%d1%82%d0%b8%d0%ba%d0%b0-%d0%ba%d0%b0%d1%80%d0%bc%d1%8b-1\/#primaryimage"},"thumbnailUrl":"https:\/\/skaitytaknyga.lt\/wp-content\/uploads\/2024\/10\/\u0414\u0438\u0430\u0433\u043d\u043e\u0441\u0442\u0438\u043a\u0430-\u043a\u0430\u0440\u043c\u044b-1.jpg","datePublished":"2023-10-12T09:24:27+00:00","dateModified":"2026-01-30T13:59:58+00:00","description":"\u041f\u0435\u0440\u0435\u0434 \u0412\u0430\u043c\u0438 \u0438\u0437\u043b\u043e\u0436\u0435\u043d\u0438\u0435 \u043e\u0440\u0438\u0433\u0438\u043d\u0430\u043b\u044c\u043d\u043e\u0439 \u043a\u043e\u043d\u0446\u0435\u043f\u0446\u0438\u0438 \u043f\u043e\u0441\u0442\u0438\u0436\u0435\u043d\u0438\u044f \u0437\u0430\u043a\u043e\u043d\u043e\u0432 \u0434\u0443\u0445\u043e\u0432\u043d\u043e\u0433\u043e \u043c\u0438\u0440\u0430, \u043a\u043e\u0442\u043e\u0440\u044b\u0439 \u0443\u043f\u0440\u0430\u0432\u043b\u044f\u0435\u0442 \u043c\u0438\u0440\u043e\u043c \u043c\u0430\u0442\u0435\u0440\u0438\u0430\u043b\u044c\u043d\u044b\u043c, \u0430\u043d\u0430\u043b\u0438\u0437 \u0432\u043e\u0437\u043c\u043e\u0436\u043d\u043e\u0441\u0442\u0435\u0439 \u0432\u0445\u043e\u0436\u0434\u0435\u043d\u0438\u044f \u0432 \u043c\u0438\u0440","breadcrumb":{"@id":"https:\/\/skaitytaknyga.lt\/produktas\/%d0%b4%d0%b8%d0%b0%d0%b3%d0%bd%d0%be%d1%81%d1%82%d0%b8%d0%ba%d0%b0-%d0%ba%d0%b0%d1%80%d0%bc%d1%8b-1\/#breadcrumb"},"inLanguage":"en-GB","potentialAction":[{"@type":"ReadAction","target":["https:\/\/skaitytaknyga.lt\/produktas\/%d0%b4%d0%b8%d0%b0%d0%b3%d0%bd%d0%be%d1%81%d1%82%d0%b8%d0%ba%d0%b0-%d0%ba%d0%b0%d1%80%d0%bc%d1%8b-1\/"]}]},{"@type":"ImageObject","inLanguage":"en-GB","@id":"https:\/\/skaitytaknyga.lt\/produktas\/%d0%b4%d0%b8%d0%b0%d0%b3%d0%bd%d0%be%d1%81%d1%82%d0%b8%d0%ba%d0%b0-%d0%ba%d0%b0%d1%80%d0%bc%d1%8b-1\/#primaryimage","url":"https:\/\/skaitytaknyga.lt\/wp-content\/uploads\/2024\/10\/\u0414\u0438\u0430\u0433\u043d\u043e\u0441\u0442\u0438\u043a\u0430-\u043a\u0430\u0440\u043c\u044b-1.jpg","contentUrl":"https:\/\/skaitytaknyga.lt\/wp-content\/uploads\/2024\/10\/\u0414\u0438\u0430\u0433\u043d\u043e\u0441\u0442\u0438\u043a\u0430-\u043a\u0430\u0440\u043c\u044b-1.jpg","width":364,"height":575,"caption":"\u0414\u0438\u0430\u0433\u043d\u043e\u0441\u0442\u0438\u043a\u0430 \u043a\u0430\u0440\u043c\u044b 1"},{"@type":"BreadcrumbList","@id":"https:\/\/skaitytaknyga.lt\/produktas\/%d0%b4%d0%b8%d0%b0%d0%b3%d0%bd%d0%be%d1%81%d1%82%d0%b8%d0%ba%d0%b0-%d0%ba%d0%b0%d1%80%d0%bc%d1%8b-1\/#breadcrumb","itemListElement":[{"@type":"ListItem","position":1,"name":"Home","item":"https:\/\/skaitytaknyga.lt\/"},{"@type":"ListItem","position":2,"name":"Parduotuv\u0117","item":"https:\/\/skaitytaknyga.lt\/knygu-parduotuve\/"},{"@type":"ListItem","position":3,"name":"\u0414\u0438\u0430\u0433\u043d\u043e\u0441\u0442\u0438\u043a\u0430 \u043a\u0430\u0440\u043c\u044b 1"}]},{"@type":"WebSite","@id":"https:\/\/skaitytaknyga.lt\/#website","url":"https:\/\/skaitytaknyga.lt\/","name":"skaitytaknyga.lt","description":"Skaitytaknyga.lt \u2013 tai ma\u017eas \u0161eimos verslas, kuris prasid\u0117jo nuo meil\u0117s knygoms ir siekio i\u0161gelb\u0117ti knygas nuo likimo prie konteinerio. Kas vienam nereikalingas daiktas \u2013 kitam lobis, o mes esame tarpininkai, kurie padeda abiems tapti laimingesniems ???? \u017dinome kaip nelengva i\u0161gyventi ma\u017eiems verslams, tad nuo \u0161iol, \u010dia rasite ir kit\u0173, ma\u017e\u0173 \u0161eim\u0173 versl\u0173, rank\u0173 darbo, dovan\u0173 sau ir artimiesiems.","publisher":{"@id":"https:\/\/skaitytaknyga.lt\/#organization"},"potentialAction":[{"@type":"SearchAction","target":{"@type":"EntryPoint","urlTemplate":"https:\/\/skaitytaknyga.lt\/?s={search_term_string}"},"query-input":{"@type":"PropertyValueSpecification","valueRequired":true,"valueName":"search_term_string"}}],"inLanguage":"en-GB"},{"@type":"Organization","@id":"https:\/\/skaitytaknyga.lt\/#organization","name":"skaitytaknyga.lt","url":"https:\/\/skaitytaknyga.lt\/","logo":{"@type":"ImageObject","inLanguage":"en-GB","@id":"https:\/\/skaitytaknyga.lt\/#\/schema\/logo\/image\/","url":"https:\/\/skaitytaknyga.lt\/wp-content\/uploads\/2024\/05\/cropped-cropped-cropped-02_00843_jt3bggkj1j3HLc7SyY6rEUpg.jpeg","contentUrl":"https:\/\/skaitytaknyga.lt\/wp-content\/uploads\/2024\/05\/cropped-cropped-cropped-02_00843_jt3bggkj1j3HLc7SyY6rEUpg.jpeg","width":1600,"height":1600,"caption":"skaitytaknyga.lt"},"image":{"@id":"https:\/\/skaitytaknyga.lt\/#\/schema\/logo\/image\/"},"sameAs":["https:\/\/www.facebook.com\/skaitytaknyga\/"]}]}},"_links":{"self":[{"href":"https:\/\/skaitytaknyga.lt\/en\/wp-json\/wp\/v2\/product\/14174","targetHints":{"allow":["GET"]}}],"collection":[{"href":"https:\/\/skaitytaknyga.lt\/en\/wp-json\/wp\/v2\/product"}],"about":[{"href":"https:\/\/skaitytaknyga.lt\/en\/wp-json\/wp\/v2\/types\/product"}],"replies":[{"embeddable":true,"href":"https:\/\/skaitytaknyga.lt\/en\/wp-json\/wp\/v2\/comments?post=14174"}],"wp:featuredmedia":[{"embeddable":true,"href":"https:\/\/skaitytaknyga.lt\/en\/wp-json\/wp\/v2\/media\/14627"}],"wp:attachment":[{"href":"https:\/\/skaitytaknyga.lt\/en\/wp-json\/wp\/v2\/media?parent=14174"}],"wp:term":[{"taxonomy":"product_brand","embeddable":true,"href":"https:\/\/skaitytaknyga.lt\/en\/wp-json\/wp\/v2\/product_brand?post=14174"},{"taxonomy":"product_cat","embeddable":true,"href":"https:\/\/skaitytaknyga.lt\/en\/wp-json\/wp\/v2\/product_cat?post=14174"},{"taxonomy":"product_tag","embeddable":true,"href":"https:\/\/skaitytaknyga.lt\/en\/wp-json\/wp\/v2\/product_tag?post=14174"}],"curies":[{"name":"wp","href":"https:\/\/api.w.org\/{rel}","templated":true}]}}