{"id":14173,"date":"2024-10-12T12:24:27","date_gmt":"2024-10-12T09:24:27","guid":{"rendered":"https:\/\/skaitytaknyga.lt\/?post_type=product&#038;p=14173"},"modified":"2024-10-12T12:41:24","modified_gmt":"2024-10-12T09:41:24","slug":"maistas-ka-mes-darome-su-juo-o-jis-su-mumis","status":"publish","type":"product","link":"https:\/\/skaitytaknyga.lt\/en\/produktas\/maistas-ka-mes-darome-su-juo-o-jis-su-mumis\/","title":{"rendered":"Maistas. K\u0105 mes darome su juo, o jis su mumis"},"content":{"rendered":"<p>Tai antroji Guodos Azguridiene\u0307s knyga. Pirmoji \u2013 \u201eAuksine\u0307s z\u030cuvele\u0307s ilgesys\u201c \u2013 skirta ekonomikos bei visuomene\u0307s klausimams, kuriuos autore\u0307 nagrine\u0307jo daugiau nei des\u030cimt metu\u0328 dirbdama ekonomikos analitike.<\/p>\n<p>Knyga \u201eMaistas. K\u0105 mes darome su juo, o jis su mumis\u201c taip pat turi rys\u030cku\u0328 socialini\u0328 ir filosofini\u0328 matmeni\u0328, tac\u030ciau kalba apie daug apc\u030ciuopiamesnius kiekvienam z\u030cmogui dalykus &#8211; maista\u0328 ir jo i\u0328taka\u0328 mums. Paklausta, kode\u0307l, bu\u0304dama ne medike\u0307 ir ne gamtininke\u0307, ras\u030co s\u030ciomis temomis, autore\u0307 atsako, kad bu\u0304tent de\u0307l to. Nes s\u030ciandienos \u201eprofesionalu\u0328 visuomene\u0307je\u201c z\u030cmogui nebelieka vietos gyventi pac\u030ciam \u2013 jis tik privalo konsultuotis su specialistais. Matydamas tiek skirtingu\u0328 teoriju\u0328 ir rekomendaciju\u0328 de\u0307l mitybos, jis pasimeta arba jokiu\u0328 ju\u0328 nebepaiso.<\/p>\n<p>Knyga \u201eMaistas. K\u0105 mes darome su juo, o jis su mumis\u201c siekia pade\u0307ti z\u030cmone\u0307ms susigaudyti, ka\u0328 skirtingos rekomendacijos reis\u030ckia ir, svarbiausia, kaip pasirinkti pac\u030ciam.<\/p>\n<p>Guoda Azguridiene\u0307 turi matematike\u0307s is\u030csilavinima\u0328, yra ekonomikos mokslu\u0328 daktare\u0307, de\u0307sto Vilniaus universiteto Tarptautiniu\u0328 santykiu\u0328 ir politikos mokslu\u0328 institute. 2007 m. su bendraminc\u030ciais i\u0328steige\u0307 i\u0328mone\u0328 \u201eSveiki produktai\u201c (dabar \u201eLivinn&#8221;), s\u030ciuo metu yra jos Valdybos nare\u0307 ir asortimento vadove\u0307. Autore\u0307 penkiolika metu\u0328 ras\u030co straipsnius sveikos gyvensenos ir socialine\u0307mis temomis Lietuvos bei uz\u030csienio leidiniams.<\/p>\n<ul class=\"about-product d-none d-xl-block mt-4\">\n<li><strong>Autorius:<\/strong>\u00a0Guoda Azguridien\u0117<\/li>\n<li><strong>Leid\u0117jas:<\/strong>\u00a0Sveiki produktai<\/li>\n<li><strong>Metai:<\/strong>\u00a02017<\/li>\n<li><strong>Puslapiai:<\/strong>\u00a0294<\/li>\n<li class=\"toggleable type-new-formats \"><strong>ISBN:<\/strong>\u00a09786099565903<\/li>\n<li><strong>Versijos kodas:<\/strong>\u00a0PT.<\/li>\n<li class=\"toggleable type-new-formats \"><strong>Formatas:<\/strong>\u00a017,5 x 25 cm, kieti vir\u0161eliai<\/li>\n<li><strong>Kalba:<\/strong>\u00a0Lietuvi\u0173<\/li>\n<\/ul>\n","protected":false},"excerpt":{"rendered":"<p>Tai antroji Guodos Azguridiene\u0307s knyga. Pirmoji \u2013 \u201eAuksine\u0307s z\u030cuvele\u0307s ilgesys\u201c \u2013 skirta ekonomikos bei visuomene\u0307s klausimams, kuriuos autore\u0307 nagrine\u0307jo daugiau nei des\u030cimt metu\u0328 dirbdama ekonomikos analitike. Knyga \u201eMaistas. K\u0105 mes darome su juo, o jis su mumis\u201c taip pat turi rys\u030cku\u0328 socialini\u0328 ir filosofini\u0328 matmeni\u0328, tac\u030ciau kalba apie daug apc\u030ciuopiamesnius kiekvienam z\u030cmogui dalykus &#8211; maista\u0328 ir jo i\u0328taka\u0328 mums. Paklausta, kode\u0307l, bu\u0304dama ne medike\u0307 ir ne gamtininke\u0307, ras\u030co s\u030ciomis temomis, autore\u0307 atsako, kad bu\u0304tent de\u0307l to. Nes s\u030ciandienos \u201eprofesionalu\u0328 visuomene\u0307je\u201c z\u030cmogui nebelieka vietos gyventi pac\u030ciam \u2013 jis tik privalo konsultuotis su specialistais. Matydamas tiek skirtingu\u0328 teoriju\u0328 ir rekomendaciju\u0328 de\u0307l mitybos, jis pasimeta arba jokiu\u0328 ju\u0328 nebepaiso. Knyga \u201eMaistas. K\u0105 mes darome su juo, o jis su mumis\u201c siekia pade\u0307ti z\u030cmone\u0307ms susigaudyti, ka\u0328 skirtingos rekomendacijos reis\u030ckia ir, svarbiausia, kaip pasirinkti pac\u030ciam. Guoda Azguridiene\u0307 turi matematike\u0307s is\u030csilavinima\u0328, yra ekonomikos mokslu\u0328 daktare\u0307, de\u0307sto Vilniaus universiteto Tarptautiniu\u0328 santykiu\u0328 ir politikos mokslu\u0328 institute. 2007 m. su bendraminc\u030ciais i\u0328steige\u0307 i\u0328mone\u0328 \u201eSveiki produktai\u201c (dabar \u201eLivinn&#8221;), s\u030ciuo metu yra jos Valdybos nare\u0307 ir asortimento vadove\u0307. Autore\u0307 penkiolika metu\u0328 ras\u030co straipsnius sveikos gyvensenos ir socialine\u0307mis temomis Lietuvos bei uz\u030csienio leidiniams. Autorius:\u00a0Guoda Azguridien\u0117 Leid\u0117jas:\u00a0Sveiki produktai Metai:\u00a02017 Puslapiai:\u00a0294 ISBN:\u00a09786099565903 Versijos kodas:\u00a0PT. Formatas:\u00a017,5 x 25 cm, kieti vir\u0161eliai Kalba:\u00a0Lietuvi\u0173<\/p>\n","protected":false},"featured_media":14176,"comment_status":"open","ping_status":"closed","template":"","meta":{"_acf_changed":false,"site-sidebar-layout":"default","site-content-layout":"","ast-site-content-layout":"default","site-content-style":"default","site-sidebar-style":"default","ast-global-header-display":"","ast-banner-title-visibility":"","ast-main-header-display":"","ast-hfb-above-header-display":"","ast-hfb-below-header-display":"","ast-hfb-mobile-header-display":"","site-post-title":"","ast-breadcrumbs-content":"","ast-featured-img":"","footer-sml-layout":"","ast-disable-related-posts":"","theme-transparent-header-meta":"default","adv-header-id-meta":"","stick-header-meta":"","header-above-stick-meta":"","header-main-stick-meta":"","header-below-stick-meta":"","astra-migrate-meta-layouts":"set","ast-page-background-enabled":"default","ast-page-background-meta":{"desktop":{"background-color":"","background-image":"","background-repeat":"repeat","background-position":"center center","background-size":"auto","background-attachment":"scroll","background-type":"","background-media":"","overlay-type":"","overlay-color":"","overlay-opacity":"","overlay-gradient":""},"tablet":{"background-color":"","background-image":"","background-repeat":"repeat","background-position":"center center","background-size":"auto","background-attachment":"scroll","background-type":"","background-media":"","overlay-type":"","overlay-color":"","overlay-opacity":"","overlay-gradient":""},"mobile":{"background-color":"","background-image":"","background-repeat":"repeat","background-position":"center center","background-size":"auto","background-attachment":"scroll","background-type":"","background-media":"","overlay-type":"","overlay-color":"","overlay-opacity":"","overlay-gradient":""}},"ast-content-background-meta":{"desktop":{"background-color":"var(--ast-global-color-4)","background-image":"","background-repeat":"repeat","background-position":"center center","background-size":"auto","background-attachment":"scroll","background-type":"","background-media":"","overlay-type":"","overlay-color":"","overlay-opacity":"","overlay-gradient":""},"tablet":{"background-color":"var(--ast-global-color-4)","background-image":"","background-repeat":"repeat","background-position":"center center","background-size":"auto","background-attachment":"scroll","background-type":"","background-media":"","overlay-type":"","overlay-color":"","overlay-opacity":"","overlay-gradient":""},"mobile":{"background-color":"var(--ast-global-color-4)","background-image":"","background-repeat":"repeat","background-position":"center center","background-size":"auto","background-attachment":"scroll","background-type":"","background-media":"","overlay-type":"","overlay-color":"","overlay-opacity":"","overlay-gradient":""}}},"product_brand":[],"product_cat":[15,55],"product_tag":[],"class_list":{"0":"post-14173","1":"product","2":"type-product","3":"status-publish","4":"has-post-thumbnail","6":"product_cat-uncategorized","7":"product_cat-sveikata-ir-sveika-mityba","8":"desktop-align-left","9":"tablet-align-left","10":"mobile-align-left","12":"first","13":"instock","14":"shipping-taxable","15":"purchasable","16":"product-type-simple"},"acf":[],"yoast_head":"<!-- This site is optimized with the Yoast SEO plugin v27.0 - https:\/\/yoast.com\/product\/yoast-seo-wordpress\/ -->\n<title>Maistas. K\u0105 mes darome su juo, o jis su mumis<\/title>\n<meta name=\"description\" content=\"Tai antroji Guodos Azguridiene\u0307s knyga. Pirmoji \u2013 \u201eAuksine\u0307s z\u030cuvele\u0307s ilgesys\u201c \u2013 skirta ekonomikos bei visuomene\u0307s klausimams, kuriuos autore\u0307 nagrine\u0307jo\" \/>\n<meta name=\"robots\" content=\"index, follow, max-snippet:-1, max-image-preview:large, max-video-preview:-1\" \/>\n<link rel=\"canonical\" href=\"https:\/\/skaitytaknyga.lt\/en\/produktas\/maistas-ka-mes-darome-su-juo-o-jis-su-mumis\/\" \/>\n<meta property=\"og:locale\" content=\"en_GB\" \/>\n<meta property=\"og:locale:alternate\" content=\"lt_LT\" \/>\n<meta property=\"og:type\" content=\"article\" \/>\n<meta property=\"og:title\" content=\"Maistas. K\u0105 mes darome su juo, o jis su mumis\" \/>\n<meta property=\"og:description\" content=\"Tai antroji Guodos Azguridiene\u0307s knyga. Pirmoji \u2013 \u201eAuksine\u0307s z\u030cuvele\u0307s ilgesys\u201c \u2013 skirta ekonomikos bei visuomene\u0307s klausimams, kuriuos autore\u0307 nagrine\u0307jo\" \/>\n<meta property=\"og:url\" content=\"https:\/\/skaitytaknyga.lt\/en\/produktas\/maistas-ka-mes-darome-su-juo-o-jis-su-mumis\/\" \/>\n<meta property=\"og:site_name\" content=\"Skaitytaknyga\" \/>\n<meta property=\"article:publisher\" content=\"https:\/\/www.facebook.com\/skaitytaknyga\/\" \/>\n<meta property=\"article:modified_time\" content=\"2024-10-12T09:41:24+00:00\" \/>\n<meta property=\"og:image\" content=\"https:\/\/skaitytaknyga.lt\/wp-content\/uploads\/2024\/10\/Maistas.-Ka-mes-darome-su-juo-o-jis-su-mumis.jpg\" \/>\n\t<meta property=\"og:image:width\" content=\"690\" \/>\n\t<meta property=\"og:image:height\" content=\"1000\" \/>\n\t<meta property=\"og:image:type\" content=\"image\/jpeg\" \/>\n<meta name=\"twitter:card\" content=\"summary_large_image\" \/>\n<meta name=\"twitter:label1\" content=\"Estimated reading time\" \/>\n\t<meta name=\"twitter:data1\" content=\"2 minutes\" \/>\n<script type=\"application\/ld+json\" class=\"yoast-schema-graph\">{\"@context\":\"https:\/\/schema.org\",\"@graph\":[{\"@type\":\"WebPage\",\"@id\":\"https:\/\/skaitytaknyga.lt\/produktas\/maistas-ka-mes-darome-su-juo-o-jis-su-mumis\/\",\"url\":\"https:\/\/skaitytaknyga.lt\/produktas\/maistas-ka-mes-darome-su-juo-o-jis-su-mumis\/\",\"name\":\"Maistas. K\u0105 mes darome su juo, o jis su mumis\",\"isPartOf\":{\"@id\":\"https:\/\/skaitytaknyga.lt\/#website\"},\"primaryImageOfPage\":{\"@id\":\"https:\/\/skaitytaknyga.lt\/produktas\/maistas-ka-mes-darome-su-juo-o-jis-su-mumis\/#primaryimage\"},\"image\":{\"@id\":\"https:\/\/skaitytaknyga.lt\/produktas\/maistas-ka-mes-darome-su-juo-o-jis-su-mumis\/#primaryimage\"},\"thumbnailUrl\":\"https:\/\/skaitytaknyga.lt\/wp-content\/uploads\/2024\/10\/Maistas.-Ka-mes-darome-su-juo-o-jis-su-mumis.jpg\",\"datePublished\":\"2024-10-12T09:24:27+00:00\",\"dateModified\":\"2024-10-12T09:41:24+00:00\",\"description\":\"Tai antroji Guodos Azguridiene\u0307s knyga. Pirmoji \u2013 \u201eAuksine\u0307s z\u030cuvele\u0307s ilgesys\u201c \u2013 skirta ekonomikos bei visuomene\u0307s klausimams, kuriuos autore\u0307 nagrine\u0307jo\",\"breadcrumb\":{\"@id\":\"https:\/\/skaitytaknyga.lt\/produktas\/maistas-ka-mes-darome-su-juo-o-jis-su-mumis\/#breadcrumb\"},\"inLanguage\":\"en-GB\",\"potentialAction\":[{\"@type\":\"ReadAction\",\"target\":[\"https:\/\/skaitytaknyga.lt\/produktas\/maistas-ka-mes-darome-su-juo-o-jis-su-mumis\/\"]}]},{\"@type\":\"ImageObject\",\"inLanguage\":\"en-GB\",\"@id\":\"https:\/\/skaitytaknyga.lt\/produktas\/maistas-ka-mes-darome-su-juo-o-jis-su-mumis\/#primaryimage\",\"url\":\"https:\/\/skaitytaknyga.lt\/wp-content\/uploads\/2024\/10\/Maistas.-Ka-mes-darome-su-juo-o-jis-su-mumis.jpg\",\"contentUrl\":\"https:\/\/skaitytaknyga.lt\/wp-content\/uploads\/2024\/10\/Maistas.-Ka-mes-darome-su-juo-o-jis-su-mumis.jpg\",\"width\":690,\"height\":1000,\"caption\":\"Maistas. K\u0105 mes darome su juo, o jis su mumis\"},{\"@type\":\"BreadcrumbList\",\"@id\":\"https:\/\/skaitytaknyga.lt\/produktas\/maistas-ka-mes-darome-su-juo-o-jis-su-mumis\/#breadcrumb\",\"itemListElement\":[{\"@type\":\"ListItem\",\"position\":1,\"name\":\"Home\",\"item\":\"https:\/\/skaitytaknyga.lt\/\"},{\"@type\":\"ListItem\",\"position\":2,\"name\":\"Parduotuv\u0117\",\"item\":\"https:\/\/skaitytaknyga.lt\/knygu-parduotuve\/\"},{\"@type\":\"ListItem\",\"position\":3,\"name\":\"Maistas. K\u0105 mes darome su juo, o jis su mumis\"}]},{\"@type\":\"WebSite\",\"@id\":\"https:\/\/skaitytaknyga.lt\/#website\",\"url\":\"https:\/\/skaitytaknyga.lt\/\",\"name\":\"skaitytaknyga.lt\",\"description\":\"Skaitytaknyga.lt \u2013 tai ma\u017eas \u0161eimos verslas, kuris prasid\u0117jo nuo meil\u0117s knygoms ir siekio i\u0161gelb\u0117ti knygas nuo likimo prie konteinerio. Kas vienam nereikalingas daiktas \u2013 kitam lobis, o mes esame tarpininkai, kurie padeda abiems tapti laimingesniems ???? \u017dinome kaip nelengva i\u0161gyventi ma\u017eiems verslams, tad nuo \u0161iol, \u010dia rasite ir kit\u0173, ma\u017e\u0173 \u0161eim\u0173 versl\u0173, rank\u0173 darbo, dovan\u0173 sau ir artimiesiems.\",\"publisher\":{\"@id\":\"https:\/\/skaitytaknyga.lt\/#organization\"},\"potentialAction\":[{\"@type\":\"SearchAction\",\"target\":{\"@type\":\"EntryPoint\",\"urlTemplate\":\"https:\/\/skaitytaknyga.lt\/?s={search_term_string}\"},\"query-input\":{\"@type\":\"PropertyValueSpecification\",\"valueRequired\":true,\"valueName\":\"search_term_string\"}}],\"inLanguage\":\"en-GB\"},{\"@type\":\"Organization\",\"@id\":\"https:\/\/skaitytaknyga.lt\/#organization\",\"name\":\"skaitytaknyga.lt\",\"url\":\"https:\/\/skaitytaknyga.lt\/\",\"logo\":{\"@type\":\"ImageObject\",\"inLanguage\":\"en-GB\",\"@id\":\"https:\/\/skaitytaknyga.lt\/#\/schema\/logo\/image\/\",\"url\":\"https:\/\/skaitytaknyga.lt\/wp-content\/uploads\/2024\/05\/cropped-cropped-cropped-02_00843_jt3bggkj1j3HLc7SyY6rEUpg.jpeg\",\"contentUrl\":\"https:\/\/skaitytaknyga.lt\/wp-content\/uploads\/2024\/05\/cropped-cropped-cropped-02_00843_jt3bggkj1j3HLc7SyY6rEUpg.jpeg\",\"width\":1600,\"height\":1600,\"caption\":\"skaitytaknyga.lt\"},\"image\":{\"@id\":\"https:\/\/skaitytaknyga.lt\/#\/schema\/logo\/image\/\"},\"sameAs\":[\"https:\/\/www.facebook.com\/skaitytaknyga\/\"]}]}<\/script>\n<!-- \/ Yoast SEO plugin. -->","yoast_head_json":{"title":"Maistas. K\u0105 mes darome su juo, o jis su mumis","description":"Tai antroji Guodos Azguridiene\u0307s knyga. Pirmoji \u2013 \u201eAuksine\u0307s z\u030cuvele\u0307s ilgesys\u201c \u2013 skirta ekonomikos bei visuomene\u0307s klausimams, kuriuos autore\u0307 nagrine\u0307jo","robots":{"index":"index","follow":"follow","max-snippet":"max-snippet:-1","max-image-preview":"max-image-preview:large","max-video-preview":"max-video-preview:-1"},"canonical":"https:\/\/skaitytaknyga.lt\/en\/produktas\/maistas-ka-mes-darome-su-juo-o-jis-su-mumis\/","og_locale":"en_GB","og_type":"article","og_title":"[:lt]Maistas. K\u0105 mes darome su juo, o jis su mumis[:] - Skaitytaknyga","og_description":"Tai antroji Guodos Azguridiene\u0307s knyga. Pirmoji \u2013 \u201eAuksine\u0307s z\u030cuvele\u0307s ilgesys\u201c \u2013 skirta ekonomikos bei visuomene\u0307s klausimams, kuriuos autore\u0307 nagrine\u0307jo","og_url":"https:\/\/skaitytaknyga.lt\/en\/produktas\/maistas-ka-mes-darome-su-juo-o-jis-su-mumis\/","og_site_name":"Skaitytaknyga","article_publisher":"https:\/\/www.facebook.com\/skaitytaknyga\/","article_modified_time":"2024-10-12T09:41:24+00:00","og_image":[{"width":690,"height":1000,"url":"https:\/\/skaitytaknyga.lt\/wp-content\/uploads\/2024\/10\/Maistas.-Ka-mes-darome-su-juo-o-jis-su-mumis.jpg","type":"image\/jpeg"}],"twitter_card":"summary_large_image","twitter_misc":{"Estimated reading time":"2 minutes"},"schema":{"@context":"https:\/\/schema.org","@graph":[{"@type":"WebPage","@id":"https:\/\/skaitytaknyga.lt\/produktas\/maistas-ka-mes-darome-su-juo-o-jis-su-mumis\/","url":"https:\/\/skaitytaknyga.lt\/produktas\/maistas-ka-mes-darome-su-juo-o-jis-su-mumis\/","name":"Maistas. K\u0105 mes darome su juo, o jis su mumis","isPartOf":{"@id":"https:\/\/skaitytaknyga.lt\/#website"},"primaryImageOfPage":{"@id":"https:\/\/skaitytaknyga.lt\/produktas\/maistas-ka-mes-darome-su-juo-o-jis-su-mumis\/#primaryimage"},"image":{"@id":"https:\/\/skaitytaknyga.lt\/produktas\/maistas-ka-mes-darome-su-juo-o-jis-su-mumis\/#primaryimage"},"thumbnailUrl":"https:\/\/skaitytaknyga.lt\/wp-content\/uploads\/2024\/10\/Maistas.-Ka-mes-darome-su-juo-o-jis-su-mumis.jpg","datePublished":"2024-10-12T09:24:27+00:00","dateModified":"2024-10-12T09:41:24+00:00","description":"Tai antroji Guodos Azguridiene\u0307s knyga. Pirmoji \u2013 \u201eAuksine\u0307s z\u030cuvele\u0307s ilgesys\u201c \u2013 skirta ekonomikos bei visuomene\u0307s klausimams, kuriuos autore\u0307 nagrine\u0307jo","breadcrumb":{"@id":"https:\/\/skaitytaknyga.lt\/produktas\/maistas-ka-mes-darome-su-juo-o-jis-su-mumis\/#breadcrumb"},"inLanguage":"en-GB","potentialAction":[{"@type":"ReadAction","target":["https:\/\/skaitytaknyga.lt\/produktas\/maistas-ka-mes-darome-su-juo-o-jis-su-mumis\/"]}]},{"@type":"ImageObject","inLanguage":"en-GB","@id":"https:\/\/skaitytaknyga.lt\/produktas\/maistas-ka-mes-darome-su-juo-o-jis-su-mumis\/#primaryimage","url":"https:\/\/skaitytaknyga.lt\/wp-content\/uploads\/2024\/10\/Maistas.-Ka-mes-darome-su-juo-o-jis-su-mumis.jpg","contentUrl":"https:\/\/skaitytaknyga.lt\/wp-content\/uploads\/2024\/10\/Maistas.-Ka-mes-darome-su-juo-o-jis-su-mumis.jpg","width":690,"height":1000,"caption":"Maistas. K\u0105 mes darome su juo, o jis su mumis"},{"@type":"BreadcrumbList","@id":"https:\/\/skaitytaknyga.lt\/produktas\/maistas-ka-mes-darome-su-juo-o-jis-su-mumis\/#breadcrumb","itemListElement":[{"@type":"ListItem","position":1,"name":"Home","item":"https:\/\/skaitytaknyga.lt\/"},{"@type":"ListItem","position":2,"name":"Parduotuv\u0117","item":"https:\/\/skaitytaknyga.lt\/knygu-parduotuve\/"},{"@type":"ListItem","position":3,"name":"Maistas. K\u0105 mes darome su juo, o jis su mumis"}]},{"@type":"WebSite","@id":"https:\/\/skaitytaknyga.lt\/#website","url":"https:\/\/skaitytaknyga.lt\/","name":"skaitytaknyga.lt","description":"Skaitytaknyga.lt \u2013 tai ma\u017eas \u0161eimos verslas, kuris prasid\u0117jo nuo meil\u0117s knygoms ir siekio i\u0161gelb\u0117ti knygas nuo likimo prie konteinerio. Kas vienam nereikalingas daiktas \u2013 kitam lobis, o mes esame tarpininkai, kurie padeda abiems tapti laimingesniems ???? \u017dinome kaip nelengva i\u0161gyventi ma\u017eiems verslams, tad nuo \u0161iol, \u010dia rasite ir kit\u0173, ma\u017e\u0173 \u0161eim\u0173 versl\u0173, rank\u0173 darbo, dovan\u0173 sau ir artimiesiems.","publisher":{"@id":"https:\/\/skaitytaknyga.lt\/#organization"},"potentialAction":[{"@type":"SearchAction","target":{"@type":"EntryPoint","urlTemplate":"https:\/\/skaitytaknyga.lt\/?s={search_term_string}"},"query-input":{"@type":"PropertyValueSpecification","valueRequired":true,"valueName":"search_term_string"}}],"inLanguage":"en-GB"},{"@type":"Organization","@id":"https:\/\/skaitytaknyga.lt\/#organization","name":"skaitytaknyga.lt","url":"https:\/\/skaitytaknyga.lt\/","logo":{"@type":"ImageObject","inLanguage":"en-GB","@id":"https:\/\/skaitytaknyga.lt\/#\/schema\/logo\/image\/","url":"https:\/\/skaitytaknyga.lt\/wp-content\/uploads\/2024\/05\/cropped-cropped-cropped-02_00843_jt3bggkj1j3HLc7SyY6rEUpg.jpeg","contentUrl":"https:\/\/skaitytaknyga.lt\/wp-content\/uploads\/2024\/05\/cropped-cropped-cropped-02_00843_jt3bggkj1j3HLc7SyY6rEUpg.jpeg","width":1600,"height":1600,"caption":"skaitytaknyga.lt"},"image":{"@id":"https:\/\/skaitytaknyga.lt\/#\/schema\/logo\/image\/"},"sameAs":["https:\/\/www.facebook.com\/skaitytaknyga\/"]}]}},"_links":{"self":[{"href":"https:\/\/skaitytaknyga.lt\/en\/wp-json\/wp\/v2\/product\/14173","targetHints":{"allow":["GET"]}}],"collection":[{"href":"https:\/\/skaitytaknyga.lt\/en\/wp-json\/wp\/v2\/product"}],"about":[{"href":"https:\/\/skaitytaknyga.lt\/en\/wp-json\/wp\/v2\/types\/product"}],"replies":[{"embeddable":true,"href":"https:\/\/skaitytaknyga.lt\/en\/wp-json\/wp\/v2\/comments?post=14173"}],"wp:featuredmedia":[{"embeddable":true,"href":"https:\/\/skaitytaknyga.lt\/en\/wp-json\/wp\/v2\/media\/14176"}],"wp:attachment":[{"href":"https:\/\/skaitytaknyga.lt\/en\/wp-json\/wp\/v2\/media?parent=14173"}],"wp:term":[{"taxonomy":"product_brand","embeddable":true,"href":"https:\/\/skaitytaknyga.lt\/en\/wp-json\/wp\/v2\/product_brand?post=14173"},{"taxonomy":"product_cat","embeddable":true,"href":"https:\/\/skaitytaknyga.lt\/en\/wp-json\/wp\/v2\/product_cat?post=14173"},{"taxonomy":"product_tag","embeddable":true,"href":"https:\/\/skaitytaknyga.lt\/en\/wp-json\/wp\/v2\/product_tag?post=14173"}],"curies":[{"name":"wp","href":"https:\/\/api.w.org\/{rel}","templated":true}]}}