{"id":14172,"date":"2024-10-12T12:24:27","date_gmt":"2024-10-12T09:24:27","guid":{"rendered":"https:\/\/skaitytaknyga.lt\/?post_type=product&#038;p=14172"},"modified":"2024-10-12T12:41:50","modified_gmt":"2024-10-12T09:41:50","slug":"12-gyvenimo-taisykliu-chaoso-priesnuodis","status":"publish","type":"product","link":"https:\/\/skaitytaknyga.lt\/en\/produktas\/12-gyvenimo-taisykliu-chaoso-priesnuodis\/","title":{"rendered":"12 gyvenimo taisykli\u0173: chaoso prie\u0161nuodis"},"content":{"rendered":"<p>Knyga \u201e12 gyvenimo taisykli\u0173. Chaoso prie\u0161nuodis\u201c \u2013 Dr. Jordano B. Petersono pasaulinis bestseleris, kurio visame pasaulyje parduota per 3 milijonus egzempliori\u0173 (knyga i\u0161versta \u012f daugiau nei 50 kalb\u0173!). Tai \u012fd\u0117mus ir ne\u012ftik\u0117tinai pla\u010diai apr\u0117piantis \u017evilgsnis \u012f pasaul\u012f, kurio tikslas \u2013 i\u0161siai\u0161kinti, kas svarbu kiekvienam, norin\u010diam klest\u0117ti ir gyventi prasming\u0105 gyvenim\u0105.<\/p>\n<p>Daug met\u0173 tyrin\u0117j\u0119s istorij\u0105, mitologij\u0105, neuromoksl\u0105, psichoanaliz\u0119, vaik\u0173 psichologij\u0105, klasikin\u0119 literat\u016br\u0105 ir Biblij\u0105, autorius atrado tai, kas leid\u017eia paneigti egzistuojan\u010di\u0105 laim\u0117s kaip gyvenimo tikslo teorij\u0105. Laim\u0117s vaikymasis be prasm\u0117s paie\u0161k\u0173 gali b\u016bti pra\u017e\u016btinga ne tik individui, bet ir visuomenei. \u201eSavo gilumin\u0117je vertybi\u0173 sistemoje privalome matyti prasm\u0119, antraip mus netrukus u\u017evaldys gyvenimo siaubas. O tada kartu su neviltimi ir desperacija pasigvie\u0161 nihilizmas\u201c, \u2013 teigia Dr. Jordanas B. Petersonas.<\/p>\n<p>D\u0117mesio reikl\u016bs \u0161eimos santykiai, nestabili politin\u0117 santvarka, \u0161vietimo sistemos i\u0161\u0161\u016bkiai, savirealizacijos tro\u0161kimas, kintan\u010dios vertyb\u0117s, saugumo virsmas \u012f tai, kas pavojinga ir miglota&#8230; Kaip \u0161iame kasdienyb\u0117s chaose i\u0161saugoti tvirt\u0105 vertybin\u012f stubur\u0105 ir geb\u0117ti atsiremti pa\u010diam \u012f save?<\/p>\n<p>Knyga \u201e12 gyvenimo taisykli\u0173. Chaoso prie\u0161nuodis\u201c \u2013 tai tarsi vedlys \u0161iuolaikiniam \u017emogui po chaoti\u0161k\u0105 \u0161i\u0173 dien\u0173 pasaul\u012f. Remdamasis tiek senov\u0117s i\u0161mintimi, tiek naujausiais moksliniais atradimais Dr. Jordanas B. Petersonas nuosekliai d\u0117sto tai, k\u0105 svarbu \u017einoti prie\u0161 priimant reik\u0161mingiausius gyvenimo sprendimus. 12 gyvenimo taisykli\u0173 pad\u0117s skuban\u010dios kasdienyb\u0117s chaose \u012f\u017evelgti \u017emogaus prigim\u010diai reikalingus tvarkos principus. \u0160ios taisykl\u0117s skirtos atrasti pusiausvyr\u0105 tarp pernelyg var\u017ean\u010dios tvarkos ir klampaus chaoso.<\/p>\n<p>Prie\u0161 kritikuodami pasaul\u012f, susitvarkykite savo namus.<br \/>\nManykite, kad \u017emogus, kurio klausot\u0117s, gali \u017einoti tai, ko ne\u017einote j\u016bs.<br \/>\nNeleiskite savo vaikams daryti nieko, d\u0117l ko j\u0173 nem\u0117gtum\u0117te.<br \/>\nSiekite to, kas prasminga (o ne kas patogu).<br \/>\nSavimi r\u016bpinkit\u0117s taip pat kaip savo globotiniais.<br \/>\nPrakti\u0161kos ir logi\u0161kai pagr\u012fstos taisykl\u0117s pad\u0117jo milijonams skaitytoj\u0173 nepaklysti savo ideologiniame kelyje ir kurti prasming\u0105, harmoning\u0105 ir pasitenkinim\u0105 tiek laim\u0117s, tiek kan\u010dios akimirkomis teikiant\u012f gyvenim\u0105.<\/p>\n<p>\u201eTikiuosi, \u0161ios taisykl\u0117s ir jas lydin\u010dios es\u0117 pad\u0117s \u017emon\u0117ms suprasti tai, k\u0105 jie ir taip \u017eino: kad asmens siela am\u017einai alksta tikrosios B\u016bties didvyri\u0161kumo ir kad noras prisiimti d\u0117l jos atsakomyb\u0119 visi\u0161kai sutampa su apsisprendimu gyventi prasmingai.\u201c \u2013 Dr. Jordano B. Petersono<\/p>\n<p>Dr. Jordan B. Peterson (g. 1962 m.) \u2013 klinikinis psichologas, Toronto universiteto psichologijos profesorius ir itin populiarus autoritetas socialin\u0117je erdv\u0117je. \u0160imtus t\u016bkstan\u010di\u0173 sek\u0117j\u0173 YouTube, Facebook, Instagram ir Twitter platformose turintis profesorius meistri\u0161kai ir labai patraukliai \u017eongliruoja psichologijos, antropologijos, politikos ir lyginamosios religijotyros \u017einiomis tam, kad kiekvienam m\u016bs\u0173 pad\u0117t\u0173 geriau suprasti asmeninius tikslus, poelgi\u0173 motyvus ir tai, kas padeda mums jausti, kad gyvename autenti\u0161k\u0105, prasming\u0105 gyvenim\u0105.<\/p>\n<ul class=\"about-product d-none d-xl-block mt-4\">\n<li><strong>Originalus pavadinimas:<\/strong>\u00a012 RULES FOR LIFE<\/li>\n<li><strong>Autorius:<\/strong>\u00a0Jordan B. Peterson<\/li>\n<li><strong>Leid\u0117jas:<\/strong>\u00a0Tyto alba<\/li>\n<li><strong>Metai:<\/strong>\u00a02021<\/li>\n<li><strong>Puslapiai:<\/strong>\u00a0454<\/li>\n<li class=\"toggleable type-new-formats \"><strong>ISBN:<\/strong>\u00a09786094665844<\/li>\n<li class=\"toggleable type-new-formats \"><strong>Formatas:<\/strong>\u00a016,7 x 24,1 x 3,9 cm, kieti vir\u0161eliai<\/li>\n<li><strong>Kalba:<\/strong>\u00a0Lietuvi\u0173<\/li>\n<li><strong>Vert\u0117jas:<\/strong>\u00a0Daiva Vilkelyt\u0117<\/li>\n<\/ul>\n","protected":false},"excerpt":{"rendered":"<p>Knyga \u201e12 gyvenimo taisykli\u0173. Chaoso prie\u0161nuodis\u201c \u2013 Dr. Jordano B. Petersono pasaulinis bestseleris, kurio visame pasaulyje parduota per 3 milijonus egzempliori\u0173 (knyga i\u0161versta \u012f daugiau nei 50 kalb\u0173!). Tai \u012fd\u0117mus ir ne\u012ftik\u0117tinai pla\u010diai apr\u0117piantis \u017evilgsnis \u012f pasaul\u012f, kurio tikslas \u2013 i\u0161siai\u0161kinti, kas svarbu kiekvienam, norin\u010diam klest\u0117ti ir gyventi prasming\u0105 gyvenim\u0105. Daug met\u0173 tyrin\u0117j\u0119s istorij\u0105, mitologij\u0105, neuromoksl\u0105, psichoanaliz\u0119, vaik\u0173 psichologij\u0105, klasikin\u0119 literat\u016br\u0105 ir Biblij\u0105, autorius atrado tai, kas leid\u017eia paneigti egzistuojan\u010di\u0105 laim\u0117s kaip gyvenimo tikslo teorij\u0105. Laim\u0117s vaikymasis be prasm\u0117s paie\u0161k\u0173 gali b\u016bti pra\u017e\u016btinga ne tik individui, bet ir visuomenei. \u201eSavo gilumin\u0117je vertybi\u0173 sistemoje privalome matyti prasm\u0119, antraip mus netrukus u\u017evaldys gyvenimo siaubas. O tada kartu su neviltimi ir desperacija pasigvie\u0161 nihilizmas\u201c, \u2013 teigia Dr. Jordanas B. Petersonas. D\u0117mesio reikl\u016bs \u0161eimos santykiai, nestabili politin\u0117 santvarka, \u0161vietimo sistemos i\u0161\u0161\u016bkiai, savirealizacijos tro\u0161kimas, kintan\u010dios vertyb\u0117s, saugumo virsmas \u012f tai, kas pavojinga ir miglota&#8230; Kaip \u0161iame kasdienyb\u0117s chaose i\u0161saugoti tvirt\u0105 vertybin\u012f stubur\u0105 ir geb\u0117ti atsiremti pa\u010diam \u012f save? Knyga \u201e12 gyvenimo taisykli\u0173. Chaoso prie\u0161nuodis\u201c \u2013 tai tarsi vedlys \u0161iuolaikiniam \u017emogui po chaoti\u0161k\u0105 \u0161i\u0173 dien\u0173 pasaul\u012f. Remdamasis tiek senov\u0117s i\u0161mintimi, tiek naujausiais moksliniais atradimais Dr. Jordanas B. Petersonas nuosekliai d\u0117sto tai, k\u0105 svarbu \u017einoti prie\u0161 priimant reik\u0161mingiausius gyvenimo sprendimus. 12 gyvenimo taisykli\u0173 pad\u0117s skuban\u010dios kasdienyb\u0117s chaose \u012f\u017evelgti \u017emogaus prigim\u010diai reikalingus tvarkos principus. \u0160ios taisykl\u0117s skirtos atrasti pusiausvyr\u0105 tarp pernelyg var\u017ean\u010dios tvarkos ir klampaus chaoso. Prie\u0161 kritikuodami pasaul\u012f, susitvarkykite savo namus. Manykite, kad \u017emogus, kurio klausot\u0117s, gali \u017einoti tai, ko ne\u017einote j\u016bs. Neleiskite savo vaikams daryti nieko, d\u0117l ko j\u0173 nem\u0117gtum\u0117te. Siekite to, kas prasminga (o ne kas patogu). Savimi r\u016bpinkit\u0117s taip pat kaip savo globotiniais. Prakti\u0161kos ir logi\u0161kai pagr\u012fstos taisykl\u0117s pad\u0117jo milijonams skaitytoj\u0173 nepaklysti savo ideologiniame kelyje ir kurti prasming\u0105, harmoning\u0105 ir pasitenkinim\u0105 tiek laim\u0117s, tiek kan\u010dios akimirkomis teikiant\u012f gyvenim\u0105. \u201eTikiuosi, \u0161ios taisykl\u0117s ir jas lydin\u010dios es\u0117 pad\u0117s \u017emon\u0117ms suprasti tai, k\u0105 jie ir taip \u017eino: kad asmens siela am\u017einai alksta tikrosios B\u016bties didvyri\u0161kumo ir kad noras prisiimti d\u0117l jos atsakomyb\u0119 visi\u0161kai sutampa su apsisprendimu gyventi prasmingai.\u201c \u2013 Dr. Jordano B. Petersono Dr. Jordan B. Peterson (g. 1962 m.) \u2013 klinikinis psichologas, Toronto universiteto psichologijos profesorius ir itin populiarus autoritetas socialin\u0117je erdv\u0117je. \u0160imtus t\u016bkstan\u010di\u0173 sek\u0117j\u0173 YouTube, Facebook, Instagram ir Twitter platformose turintis profesorius meistri\u0161kai ir labai patraukliai \u017eongliruoja psichologijos, antropologijos, politikos ir lyginamosios religijotyros \u017einiomis tam, kad kiekvienam m\u016bs\u0173 pad\u0117t\u0173 geriau suprasti asmeninius tikslus, poelgi\u0173 motyvus ir tai, kas padeda mums jausti, kad gyvename autenti\u0161k\u0105, prasming\u0105 gyvenim\u0105. Originalus pavadinimas:\u00a012 RULES FOR LIFE Autorius:\u00a0Jordan B. Peterson Leid\u0117jas:\u00a0Tyto alba Metai:\u00a02021 Puslapiai:\u00a0454 ISBN:\u00a09786094665844 Formatas:\u00a016,7 x 24,1 x 3,9 cm, kieti vir\u0161eliai Kalba:\u00a0Lietuvi\u0173 Vert\u0117jas:\u00a0Daiva Vilkelyt\u0117<\/p>\n","protected":false},"featured_media":14177,"comment_status":"open","ping_status":"closed","template":"","meta":{"_acf_changed":false,"site-sidebar-layout":"default","site-content-layout":"","ast-site-content-layout":"default","site-content-style":"default","site-sidebar-style":"default","ast-global-header-display":"","ast-banner-title-visibility":"","ast-main-header-display":"","ast-hfb-above-header-display":"","ast-hfb-below-header-display":"","ast-hfb-mobile-header-display":"","site-post-title":"","ast-breadcrumbs-content":"","ast-featured-img":"","footer-sml-layout":"","ast-disable-related-posts":"","theme-transparent-header-meta":"default","adv-header-id-meta":"","stick-header-meta":"","header-above-stick-meta":"","header-main-stick-meta":"","header-below-stick-meta":"","astra-migrate-meta-layouts":"set","ast-page-background-enabled":"default","ast-page-background-meta":{"desktop":{"background-color":"","background-image":"","background-repeat":"repeat","background-position":"center center","background-size":"auto","background-attachment":"scroll","background-type":"","background-media":"","overlay-type":"","overlay-color":"","overlay-opacity":"","overlay-gradient":""},"tablet":{"background-color":"","background-image":"","background-repeat":"repeat","background-position":"center center","background-size":"auto","background-attachment":"scroll","background-type":"","background-media":"","overlay-type":"","overlay-color":"","overlay-opacity":"","overlay-gradient":""},"mobile":{"background-color":"","background-image":"","background-repeat":"repeat","background-position":"center center","background-size":"auto","background-attachment":"scroll","background-type":"","background-media":"","overlay-type":"","overlay-color":"","overlay-opacity":"","overlay-gradient":""}},"ast-content-background-meta":{"desktop":{"background-color":"var(--ast-global-color-4)","background-image":"","background-repeat":"repeat","background-position":"center center","background-size":"auto","background-attachment":"scroll","background-type":"","background-media":"","overlay-type":"","overlay-color":"","overlay-opacity":"","overlay-gradient":""},"tablet":{"background-color":"var(--ast-global-color-4)","background-image":"","background-repeat":"repeat","background-position":"center center","background-size":"auto","background-attachment":"scroll","background-type":"","background-media":"","overlay-type":"","overlay-color":"","overlay-opacity":"","overlay-gradient":""},"mobile":{"background-color":"var(--ast-global-color-4)","background-image":"","background-repeat":"repeat","background-position":"center center","background-size":"auto","background-attachment":"scroll","background-type":"","background-media":"","overlay-type":"","overlay-color":"","overlay-opacity":"","overlay-gradient":""}}},"product_brand":[],"product_cat":[15,30],"product_tag":[],"class_list":{"0":"post-14172","1":"product","2":"type-product","3":"status-publish","4":"has-post-thumbnail","6":"product_cat-uncategorized","7":"product_cat-psichologija-ir-saviugda","8":"desktop-align-left","9":"tablet-align-left","10":"mobile-align-left","12":"first","13":"instock","14":"shipping-taxable","15":"purchasable","16":"product-type-simple"},"acf":[],"yoast_head":"<!-- This site is optimized with the Yoast SEO plugin v27.0 - https:\/\/yoast.com\/product\/yoast-seo-wordpress\/ -->\n<title>12 gyvenimo taisykli\u0173: chaoso prie\u0161nuodis<\/title>\n<meta name=\"description\" content=\"Knyga \u201e12 gyvenimo taisykli\u0173. Chaoso prie\u0161nuodis\u201c \u2013 Dr. Jordano B. Petersono pasaulinis bestseleris, kurio visame pasaulyje parduota per 3 milijonus\" \/>\n<meta name=\"robots\" content=\"index, follow, max-snippet:-1, max-image-preview:large, max-video-preview:-1\" \/>\n<link rel=\"canonical\" href=\"https:\/\/skaitytaknyga.lt\/en\/produktas\/12-gyvenimo-taisykliu-chaoso-priesnuodis\/\" \/>\n<meta property=\"og:locale\" content=\"en_GB\" \/>\n<meta property=\"og:locale:alternate\" content=\"lt_LT\" \/>\n<meta property=\"og:type\" content=\"article\" \/>\n<meta property=\"og:title\" content=\"12 gyvenimo taisykli\u0173: chaoso prie\u0161nuodis\" \/>\n<meta property=\"og:description\" content=\"Knyga \u201e12 gyvenimo taisykli\u0173. Chaoso prie\u0161nuodis\u201c \u2013 Dr. Jordano B. Petersono pasaulinis bestseleris, kurio visame pasaulyje parduota per 3 milijonus\" \/>\n<meta property=\"og:url\" content=\"https:\/\/skaitytaknyga.lt\/en\/produktas\/12-gyvenimo-taisykliu-chaoso-priesnuodis\/\" \/>\n<meta property=\"og:site_name\" content=\"Skaitytaknyga\" \/>\n<meta property=\"article:publisher\" content=\"https:\/\/www.facebook.com\/skaitytaknyga\/\" \/>\n<meta property=\"article:modified_time\" content=\"2024-10-12T09:41:50+00:00\" \/>\n<meta property=\"og:image\" content=\"https:\/\/skaitytaknyga.lt\/wp-content\/uploads\/2024\/10\/12-gyvenimo-taisykliu.-chaoso-priesnuodis.webp\" \/>\n\t<meta property=\"og:image:width\" content=\"468\" \/>\n\t<meta property=\"og:image:height\" content=\"684\" \/>\n\t<meta property=\"og:image:type\" content=\"image\/webp\" \/>\n<meta name=\"twitter:card\" content=\"summary_large_image\" \/>\n<meta name=\"twitter:label1\" content=\"Estimated reading time\" \/>\n\t<meta name=\"twitter:data1\" content=\"3 minutes\" \/>\n<script type=\"application\/ld+json\" class=\"yoast-schema-graph\">{\"@context\":\"https:\/\/schema.org\",\"@graph\":[{\"@type\":\"WebPage\",\"@id\":\"https:\/\/skaitytaknyga.lt\/produktas\/12-gyvenimo-taisykliu-chaoso-priesnuodis\/\",\"url\":\"https:\/\/skaitytaknyga.lt\/produktas\/12-gyvenimo-taisykliu-chaoso-priesnuodis\/\",\"name\":\"12 gyvenimo taisykli\u0173: chaoso prie\u0161nuodis\",\"isPartOf\":{\"@id\":\"https:\/\/skaitytaknyga.lt\/#website\"},\"primaryImageOfPage\":{\"@id\":\"https:\/\/skaitytaknyga.lt\/produktas\/12-gyvenimo-taisykliu-chaoso-priesnuodis\/#primaryimage\"},\"image\":{\"@id\":\"https:\/\/skaitytaknyga.lt\/produktas\/12-gyvenimo-taisykliu-chaoso-priesnuodis\/#primaryimage\"},\"thumbnailUrl\":\"https:\/\/skaitytaknyga.lt\/wp-content\/uploads\/2024\/10\/12-gyvenimo-taisykliu.-chaoso-priesnuodis.webp\",\"datePublished\":\"2024-10-12T09:24:27+00:00\",\"dateModified\":\"2024-10-12T09:41:50+00:00\",\"description\":\"Knyga \u201e12 gyvenimo taisykli\u0173. Chaoso prie\u0161nuodis\u201c \u2013 Dr. Jordano B. Petersono pasaulinis bestseleris, kurio visame pasaulyje parduota per 3 milijonus\",\"breadcrumb\":{\"@id\":\"https:\/\/skaitytaknyga.lt\/produktas\/12-gyvenimo-taisykliu-chaoso-priesnuodis\/#breadcrumb\"},\"inLanguage\":\"en-GB\",\"potentialAction\":[{\"@type\":\"ReadAction\",\"target\":[\"https:\/\/skaitytaknyga.lt\/produktas\/12-gyvenimo-taisykliu-chaoso-priesnuodis\/\"]}]},{\"@type\":\"ImageObject\",\"inLanguage\":\"en-GB\",\"@id\":\"https:\/\/skaitytaknyga.lt\/produktas\/12-gyvenimo-taisykliu-chaoso-priesnuodis\/#primaryimage\",\"url\":\"https:\/\/skaitytaknyga.lt\/wp-content\/uploads\/2024\/10\/12-gyvenimo-taisykliu.-chaoso-priesnuodis.webp\",\"contentUrl\":\"https:\/\/skaitytaknyga.lt\/wp-content\/uploads\/2024\/10\/12-gyvenimo-taisykliu.-chaoso-priesnuodis.webp\",\"width\":468,\"height\":684,\"caption\":\"12 gyvenimo taisykli\u0173: chaoso prie\u0161nuodis\"},{\"@type\":\"BreadcrumbList\",\"@id\":\"https:\/\/skaitytaknyga.lt\/produktas\/12-gyvenimo-taisykliu-chaoso-priesnuodis\/#breadcrumb\",\"itemListElement\":[{\"@type\":\"ListItem\",\"position\":1,\"name\":\"Home\",\"item\":\"https:\/\/skaitytaknyga.lt\/\"},{\"@type\":\"ListItem\",\"position\":2,\"name\":\"Parduotuv\u0117\",\"item\":\"https:\/\/skaitytaknyga.lt\/knygu-parduotuve\/\"},{\"@type\":\"ListItem\",\"position\":3,\"name\":\"12 gyvenimo taisykli\u0173: chaoso prie\u0161nuodis\"}]},{\"@type\":\"WebSite\",\"@id\":\"https:\/\/skaitytaknyga.lt\/#website\",\"url\":\"https:\/\/skaitytaknyga.lt\/\",\"name\":\"skaitytaknyga.lt\",\"description\":\"Skaitytaknyga.lt \u2013 tai ma\u017eas \u0161eimos verslas, kuris prasid\u0117jo nuo meil\u0117s knygoms ir siekio i\u0161gelb\u0117ti knygas nuo likimo prie konteinerio. Kas vienam nereikalingas daiktas \u2013 kitam lobis, o mes esame tarpininkai, kurie padeda abiems tapti laimingesniems ???? \u017dinome kaip nelengva i\u0161gyventi ma\u017eiems verslams, tad nuo \u0161iol, \u010dia rasite ir kit\u0173, ma\u017e\u0173 \u0161eim\u0173 versl\u0173, rank\u0173 darbo, dovan\u0173 sau ir artimiesiems.\",\"publisher\":{\"@id\":\"https:\/\/skaitytaknyga.lt\/#organization\"},\"potentialAction\":[{\"@type\":\"SearchAction\",\"target\":{\"@type\":\"EntryPoint\",\"urlTemplate\":\"https:\/\/skaitytaknyga.lt\/?s={search_term_string}\"},\"query-input\":{\"@type\":\"PropertyValueSpecification\",\"valueRequired\":true,\"valueName\":\"search_term_string\"}}],\"inLanguage\":\"en-GB\"},{\"@type\":\"Organization\",\"@id\":\"https:\/\/skaitytaknyga.lt\/#organization\",\"name\":\"skaitytaknyga.lt\",\"url\":\"https:\/\/skaitytaknyga.lt\/\",\"logo\":{\"@type\":\"ImageObject\",\"inLanguage\":\"en-GB\",\"@id\":\"https:\/\/skaitytaknyga.lt\/#\/schema\/logo\/image\/\",\"url\":\"https:\/\/skaitytaknyga.lt\/wp-content\/uploads\/2024\/05\/cropped-cropped-cropped-02_00843_jt3bggkj1j3HLc7SyY6rEUpg.jpeg\",\"contentUrl\":\"https:\/\/skaitytaknyga.lt\/wp-content\/uploads\/2024\/05\/cropped-cropped-cropped-02_00843_jt3bggkj1j3HLc7SyY6rEUpg.jpeg\",\"width\":1600,\"height\":1600,\"caption\":\"skaitytaknyga.lt\"},\"image\":{\"@id\":\"https:\/\/skaitytaknyga.lt\/#\/schema\/logo\/image\/\"},\"sameAs\":[\"https:\/\/www.facebook.com\/skaitytaknyga\/\"]}]}<\/script>\n<!-- \/ Yoast SEO plugin. -->","yoast_head_json":{"title":"12 gyvenimo taisykli\u0173: chaoso prie\u0161nuodis","description":"Knyga \u201e12 gyvenimo taisykli\u0173. Chaoso prie\u0161nuodis\u201c \u2013 Dr. Jordano B. Petersono pasaulinis bestseleris, kurio visame pasaulyje parduota per 3 milijonus","robots":{"index":"index","follow":"follow","max-snippet":"max-snippet:-1","max-image-preview":"max-image-preview:large","max-video-preview":"max-video-preview:-1"},"canonical":"https:\/\/skaitytaknyga.lt\/en\/produktas\/12-gyvenimo-taisykliu-chaoso-priesnuodis\/","og_locale":"en_GB","og_type":"article","og_title":"[:lt]12 gyvenimo taisykli\u0173: chaoso prie\u0161nuodis[:] - Skaitytaknyga","og_description":"Knyga \u201e12 gyvenimo taisykli\u0173. Chaoso prie\u0161nuodis\u201c \u2013 Dr. Jordano B. Petersono pasaulinis bestseleris, kurio visame pasaulyje parduota per 3 milijonus","og_url":"https:\/\/skaitytaknyga.lt\/en\/produktas\/12-gyvenimo-taisykliu-chaoso-priesnuodis\/","og_site_name":"Skaitytaknyga","article_publisher":"https:\/\/www.facebook.com\/skaitytaknyga\/","article_modified_time":"2024-10-12T09:41:50+00:00","og_image":[{"width":468,"height":684,"url":"https:\/\/skaitytaknyga.lt\/wp-content\/uploads\/2024\/10\/12-gyvenimo-taisykliu.-chaoso-priesnuodis.webp","type":"image\/webp"}],"twitter_card":"summary_large_image","twitter_misc":{"Estimated reading time":"3 minutes"},"schema":{"@context":"https:\/\/schema.org","@graph":[{"@type":"WebPage","@id":"https:\/\/skaitytaknyga.lt\/produktas\/12-gyvenimo-taisykliu-chaoso-priesnuodis\/","url":"https:\/\/skaitytaknyga.lt\/produktas\/12-gyvenimo-taisykliu-chaoso-priesnuodis\/","name":"12 gyvenimo taisykli\u0173: chaoso prie\u0161nuodis","isPartOf":{"@id":"https:\/\/skaitytaknyga.lt\/#website"},"primaryImageOfPage":{"@id":"https:\/\/skaitytaknyga.lt\/produktas\/12-gyvenimo-taisykliu-chaoso-priesnuodis\/#primaryimage"},"image":{"@id":"https:\/\/skaitytaknyga.lt\/produktas\/12-gyvenimo-taisykliu-chaoso-priesnuodis\/#primaryimage"},"thumbnailUrl":"https:\/\/skaitytaknyga.lt\/wp-content\/uploads\/2024\/10\/12-gyvenimo-taisykliu.-chaoso-priesnuodis.webp","datePublished":"2024-10-12T09:24:27+00:00","dateModified":"2024-10-12T09:41:50+00:00","description":"Knyga \u201e12 gyvenimo taisykli\u0173. Chaoso prie\u0161nuodis\u201c \u2013 Dr. Jordano B. Petersono pasaulinis bestseleris, kurio visame pasaulyje parduota per 3 milijonus","breadcrumb":{"@id":"https:\/\/skaitytaknyga.lt\/produktas\/12-gyvenimo-taisykliu-chaoso-priesnuodis\/#breadcrumb"},"inLanguage":"en-GB","potentialAction":[{"@type":"ReadAction","target":["https:\/\/skaitytaknyga.lt\/produktas\/12-gyvenimo-taisykliu-chaoso-priesnuodis\/"]}]},{"@type":"ImageObject","inLanguage":"en-GB","@id":"https:\/\/skaitytaknyga.lt\/produktas\/12-gyvenimo-taisykliu-chaoso-priesnuodis\/#primaryimage","url":"https:\/\/skaitytaknyga.lt\/wp-content\/uploads\/2024\/10\/12-gyvenimo-taisykliu.-chaoso-priesnuodis.webp","contentUrl":"https:\/\/skaitytaknyga.lt\/wp-content\/uploads\/2024\/10\/12-gyvenimo-taisykliu.-chaoso-priesnuodis.webp","width":468,"height":684,"caption":"12 gyvenimo taisykli\u0173: chaoso prie\u0161nuodis"},{"@type":"BreadcrumbList","@id":"https:\/\/skaitytaknyga.lt\/produktas\/12-gyvenimo-taisykliu-chaoso-priesnuodis\/#breadcrumb","itemListElement":[{"@type":"ListItem","position":1,"name":"Home","item":"https:\/\/skaitytaknyga.lt\/"},{"@type":"ListItem","position":2,"name":"Parduotuv\u0117","item":"https:\/\/skaitytaknyga.lt\/knygu-parduotuve\/"},{"@type":"ListItem","position":3,"name":"12 gyvenimo taisykli\u0173: chaoso prie\u0161nuodis"}]},{"@type":"WebSite","@id":"https:\/\/skaitytaknyga.lt\/#website","url":"https:\/\/skaitytaknyga.lt\/","name":"skaitytaknyga.lt","description":"Skaitytaknyga.lt \u2013 tai ma\u017eas \u0161eimos verslas, kuris prasid\u0117jo nuo meil\u0117s knygoms ir siekio i\u0161gelb\u0117ti knygas nuo likimo prie konteinerio. Kas vienam nereikalingas daiktas \u2013 kitam lobis, o mes esame tarpininkai, kurie padeda abiems tapti laimingesniems ???? \u017dinome kaip nelengva i\u0161gyventi ma\u017eiems verslams, tad nuo \u0161iol, \u010dia rasite ir kit\u0173, ma\u017e\u0173 \u0161eim\u0173 versl\u0173, rank\u0173 darbo, dovan\u0173 sau ir artimiesiems.","publisher":{"@id":"https:\/\/skaitytaknyga.lt\/#organization"},"potentialAction":[{"@type":"SearchAction","target":{"@type":"EntryPoint","urlTemplate":"https:\/\/skaitytaknyga.lt\/?s={search_term_string}"},"query-input":{"@type":"PropertyValueSpecification","valueRequired":true,"valueName":"search_term_string"}}],"inLanguage":"en-GB"},{"@type":"Organization","@id":"https:\/\/skaitytaknyga.lt\/#organization","name":"skaitytaknyga.lt","url":"https:\/\/skaitytaknyga.lt\/","logo":{"@type":"ImageObject","inLanguage":"en-GB","@id":"https:\/\/skaitytaknyga.lt\/#\/schema\/logo\/image\/","url":"https:\/\/skaitytaknyga.lt\/wp-content\/uploads\/2024\/05\/cropped-cropped-cropped-02_00843_jt3bggkj1j3HLc7SyY6rEUpg.jpeg","contentUrl":"https:\/\/skaitytaknyga.lt\/wp-content\/uploads\/2024\/05\/cropped-cropped-cropped-02_00843_jt3bggkj1j3HLc7SyY6rEUpg.jpeg","width":1600,"height":1600,"caption":"skaitytaknyga.lt"},"image":{"@id":"https:\/\/skaitytaknyga.lt\/#\/schema\/logo\/image\/"},"sameAs":["https:\/\/www.facebook.com\/skaitytaknyga\/"]}]}},"_links":{"self":[{"href":"https:\/\/skaitytaknyga.lt\/en\/wp-json\/wp\/v2\/product\/14172","targetHints":{"allow":["GET"]}}],"collection":[{"href":"https:\/\/skaitytaknyga.lt\/en\/wp-json\/wp\/v2\/product"}],"about":[{"href":"https:\/\/skaitytaknyga.lt\/en\/wp-json\/wp\/v2\/types\/product"}],"replies":[{"embeddable":true,"href":"https:\/\/skaitytaknyga.lt\/en\/wp-json\/wp\/v2\/comments?post=14172"}],"wp:featuredmedia":[{"embeddable":true,"href":"https:\/\/skaitytaknyga.lt\/en\/wp-json\/wp\/v2\/media\/14177"}],"wp:attachment":[{"href":"https:\/\/skaitytaknyga.lt\/en\/wp-json\/wp\/v2\/media?parent=14172"}],"wp:term":[{"taxonomy":"product_brand","embeddable":true,"href":"https:\/\/skaitytaknyga.lt\/en\/wp-json\/wp\/v2\/product_brand?post=14172"},{"taxonomy":"product_cat","embeddable":true,"href":"https:\/\/skaitytaknyga.lt\/en\/wp-json\/wp\/v2\/product_cat?post=14172"},{"taxonomy":"product_tag","embeddable":true,"href":"https:\/\/skaitytaknyga.lt\/en\/wp-json\/wp\/v2\/product_tag?post=14172"}],"curies":[{"name":"wp","href":"https:\/\/api.w.org\/{rel}","templated":true}]}}