{"id":14171,"date":"2024-10-12T12:24:27","date_gmt":"2024-10-12T09:24:27","guid":{"rendered":"https:\/\/skaitytaknyga.lt\/?post_type=product&#038;p=14171"},"modified":"2024-10-12T12:43:23","modified_gmt":"2024-10-12T09:43:23","slug":"diane-chamberlain-pamirsti-gyvenimai","status":"publish","type":"product","link":"https:\/\/skaitytaknyga.lt\/en\/produktas\/diane-chamberlain-pamirsti-gyvenimai\/","title":{"rendered":"Diane Chamberlain \u201ePamir\u0161ti gyvenimai\u201c"},"content":{"rendered":"<p>Kiek dr\u0105sos reikia \u017emogui, kad i\u0161likt\u0173 savimi?<\/p>\n<p>1960-\u0173j\u0173 \u0160iaur\u0117s Karolina. Penkiolikmet\u0117 Aiv\u0117 glaud\u017eiasi su \u0161eima nuomojamame name. T\u0117vams mirus, jai vienai tenka r\u016bpintis senele, vyresne seserimi ir s\u016bn\u0117nu. Senel\u0119 ir seser\u012f puolant ligoms, mergait\u0117, pati serganti epilepsija, vos paj\u0117gia pakelti r\u016bpes\u010di\u0173 na\u0161t\u0105.<\/p>\n<p>K\u0105 tik prad\u0117jusi dirbti socialine darbuotoja D\u017eein\u0117 Forester n\u0117 ne\u012fsivaizduoja, kiek jos pagalbos reik\u0117s \u017emon\u0117ms, ypa\u010d Aiv\u0117s \u0161eimai. Pirm\u0105 kart\u0105 Aiv\u0117s gyvenime pradedama r\u016bpintis ja pa\u010dia, juolab dabar, kai ji tampa n\u0117\u0161\u010dia. Deja, vieni\u0161os motinos visuomen\u0117je nepageidaujamos, o socialin\u0117s institucijos joms taiko itin nehumani\u0161kas priemones. Tik D\u017eein\u0117 gali pad\u0117ti merginai. Ar u\u017eteks jai dr\u0105sos, ar tai \u012fmanoma?<\/p>\n<p>Romano \u201ePamir\u0161ti gyvenimai\u201c veiksmas vyksta rasin\u0117s nelygyb\u0117s ir valstyb\u0117s vykdomos sterilizacijos programos laikais; \u010dia pasakojama apie dvi jaunas, regis, visi\u0161kai skirtingos prigimties, bet dalyvaujan\u010dias toje pa\u010dioje tragedijoje moteris.<\/p>\n<p>Tikrais \u012fvykiais paremtas Dianos Chamberlain romanas \u201ePamir\u0161ti gyvenimai\u201c yra rim\u010diausia iki \u0161iol para\u0161yta jos knyga.<\/p>\n<p>D. Benton Frank<\/p>\n<ul class=\"about-product d-none d-xl-block mt-4\">\n<li><strong>Originalus pavadinimas:<\/strong>\u00a0Necessary Lies<\/li>\n<li><strong>Autorius:<\/strong>\u00a0Diane Chamberlain<\/li>\n<li><strong>Leid\u0117jas:<\/strong>\u00a0Alma littera<\/li>\n<li><strong>Metai:<\/strong>\u00a02018<\/li>\n<li><strong>Puslapiai:<\/strong>\u00a0408<\/li>\n<li class=\"toggleable type-new-formats \"><strong>ISBN:<\/strong>\u00a09786090131923<\/li>\n<li><strong>Versijos kodas:<\/strong>\u00a0PT.8<\/li>\n<li class=\"toggleable type-new-formats \"><strong>Formatas:<\/strong>\u00a015 x 24 x 3,5 cm, kieti vir\u0161eliai<\/li>\n<li><strong>Kalba:<\/strong>\u00a0Lietuvi\u0173<\/li>\n<li><strong>Vert\u0117jas:<\/strong>\u00a0Regina \u0160e\u0161kuvien\u0117<\/li>\n<\/ul>\n","protected":false},"excerpt":{"rendered":"<p>Kiek dr\u0105sos reikia \u017emogui, kad i\u0161likt\u0173 savimi? 1960-\u0173j\u0173 \u0160iaur\u0117s Karolina. Penkiolikmet\u0117 Aiv\u0117 glaud\u017eiasi su \u0161eima nuomojamame name. T\u0117vams mirus, jai vienai tenka r\u016bpintis senele, vyresne seserimi ir s\u016bn\u0117nu. Senel\u0119 ir seser\u012f puolant ligoms, mergait\u0117, pati serganti epilepsija, vos paj\u0117gia pakelti r\u016bpes\u010di\u0173 na\u0161t\u0105. K\u0105 tik prad\u0117jusi dirbti socialine darbuotoja D\u017eein\u0117 Forester n\u0117 ne\u012fsivaizduoja, kiek jos pagalbos reik\u0117s \u017emon\u0117ms, ypa\u010d Aiv\u0117s \u0161eimai. Pirm\u0105 kart\u0105 Aiv\u0117s gyvenime pradedama r\u016bpintis ja pa\u010dia, juolab dabar, kai ji tampa n\u0117\u0161\u010dia. Deja, vieni\u0161os motinos visuomen\u0117je nepageidaujamos, o socialin\u0117s institucijos joms taiko itin nehumani\u0161kas priemones. Tik D\u017eein\u0117 gali pad\u0117ti merginai. Ar u\u017eteks jai dr\u0105sos, ar tai \u012fmanoma? Romano \u201ePamir\u0161ti gyvenimai\u201c veiksmas vyksta rasin\u0117s nelygyb\u0117s ir valstyb\u0117s vykdomos sterilizacijos programos laikais; \u010dia pasakojama apie dvi jaunas, regis, visi\u0161kai skirtingos prigimties, bet dalyvaujan\u010dias toje pa\u010dioje tragedijoje moteris. Tikrais \u012fvykiais paremtas Dianos Chamberlain romanas \u201ePamir\u0161ti gyvenimai\u201c yra rim\u010diausia iki \u0161iol para\u0161yta jos knyga. D. Benton Frank Originalus pavadinimas:\u00a0Necessary Lies Autorius:\u00a0Diane Chamberlain Leid\u0117jas:\u00a0Alma littera Metai:\u00a02018 Puslapiai:\u00a0408 ISBN:\u00a09786090131923 Versijos kodas:\u00a0PT.8 Formatas:\u00a015 x 24 x 3,5 cm, kieti vir\u0161eliai Kalba:\u00a0Lietuvi\u0173 Vert\u0117jas:\u00a0Regina \u0160e\u0161kuvien\u0117<\/p>\n","protected":false},"featured_media":14178,"comment_status":"open","ping_status":"closed","template":"","meta":{"_acf_changed":false,"site-sidebar-layout":"default","site-content-layout":"","ast-site-content-layout":"default","site-content-style":"default","site-sidebar-style":"default","ast-global-header-display":"","ast-banner-title-visibility":"","ast-main-header-display":"","ast-hfb-above-header-display":"","ast-hfb-below-header-display":"","ast-hfb-mobile-header-display":"","site-post-title":"","ast-breadcrumbs-content":"","ast-featured-img":"","footer-sml-layout":"","ast-disable-related-posts":"","theme-transparent-header-meta":"default","adv-header-id-meta":"","stick-header-meta":"","header-above-stick-meta":"","header-main-stick-meta":"","header-below-stick-meta":"","astra-migrate-meta-layouts":"set","ast-page-background-enabled":"default","ast-page-background-meta":{"desktop":{"background-color":"","background-image":"","background-repeat":"repeat","background-position":"center center","background-size":"auto","background-attachment":"scroll","background-type":"","background-media":"","overlay-type":"","overlay-color":"","overlay-opacity":"","overlay-gradient":""},"tablet":{"background-color":"","background-image":"","background-repeat":"repeat","background-position":"center center","background-size":"auto","background-attachment":"scroll","background-type":"","background-media":"","overlay-type":"","overlay-color":"","overlay-opacity":"","overlay-gradient":""},"mobile":{"background-color":"","background-image":"","background-repeat":"repeat","background-position":"center center","background-size":"auto","background-attachment":"scroll","background-type":"","background-media":"","overlay-type":"","overlay-color":"","overlay-opacity":"","overlay-gradient":""}},"ast-content-background-meta":{"desktop":{"background-color":"var(--ast-global-color-4)","background-image":"","background-repeat":"repeat","background-position":"center center","background-size":"auto","background-attachment":"scroll","background-type":"","background-media":"","overlay-type":"","overlay-color":"","overlay-opacity":"","overlay-gradient":""},"tablet":{"background-color":"var(--ast-global-color-4)","background-image":"","background-repeat":"repeat","background-position":"center center","background-size":"auto","background-attachment":"scroll","background-type":"","background-media":"","overlay-type":"","overlay-color":"","overlay-opacity":"","overlay-gradient":""},"mobile":{"background-color":"var(--ast-global-color-4)","background-image":"","background-repeat":"repeat","background-position":"center center","background-size":"auto","background-attachment":"scroll","background-type":"","background-media":"","overlay-type":"","overlay-color":"","overlay-opacity":"","overlay-gradient":""}}},"product_brand":[],"product_cat":[31,15],"product_tag":[],"class_list":{"0":"post-14171","1":"product","2":"type-product","3":"status-publish","4":"has-post-thumbnail","6":"product_cat-grozine-literatura","7":"product_cat-uncategorized","8":"desktop-align-left","9":"tablet-align-left","10":"mobile-align-left","12":"first","13":"instock","14":"shipping-taxable","15":"purchasable","16":"product-type-simple"},"acf":[],"yoast_head":"<!-- This site is optimized with the Yoast SEO plugin v27.0 - https:\/\/yoast.com\/product\/yoast-seo-wordpress\/ -->\n<title>Diane Chamberlain \u201ePamir\u0161ti gyvenimai\u201c<\/title>\n<meta name=\"description\" content=\"Kiek dr\u0105sos reikia \u017emogui, kad i\u0161likt\u0173 savimi? 1960-\u0173j\u0173 \u0160iaur\u0117s Karolina. Penkiolikmet\u0117 Aiv\u0117 glaud\u017eiasi su \u0161eima nuomojamame name. T\u0117vams mirus, jai\" \/>\n<meta name=\"robots\" content=\"index, follow, max-snippet:-1, max-image-preview:large, max-video-preview:-1\" \/>\n<link rel=\"canonical\" href=\"https:\/\/skaitytaknyga.lt\/en\/produktas\/diane-chamberlain-pamirsti-gyvenimai\/\" \/>\n<meta property=\"og:locale\" content=\"en_GB\" \/>\n<meta property=\"og:locale:alternate\" content=\"lt_LT\" \/>\n<meta property=\"og:type\" content=\"article\" \/>\n<meta property=\"og:title\" content=\"Diane Chamberlain \u201ePamir\u0161ti gyvenimai\u201c\" \/>\n<meta property=\"og:description\" content=\"Kiek dr\u0105sos reikia \u017emogui, kad i\u0161likt\u0173 savimi? 1960-\u0173j\u0173 \u0160iaur\u0117s Karolina. Penkiolikmet\u0117 Aiv\u0117 glaud\u017eiasi su \u0161eima nuomojamame name. T\u0117vams mirus, jai\" \/>\n<meta property=\"og:url\" content=\"https:\/\/skaitytaknyga.lt\/en\/produktas\/diane-chamberlain-pamirsti-gyvenimai\/\" \/>\n<meta property=\"og:site_name\" content=\"Skaitytaknyga\" \/>\n<meta property=\"article:publisher\" content=\"https:\/\/www.facebook.com\/skaitytaknyga\/\" \/>\n<meta property=\"article:modified_time\" content=\"2024-10-12T09:43:23+00:00\" \/>\n<meta property=\"og:image\" content=\"https:\/\/skaitytaknyga.lt\/wp-content\/uploads\/2024\/10\/Pamirsti-gyvenimai.webp\" \/>\n\t<meta property=\"og:image:width\" content=\"366\" \/>\n\t<meta property=\"og:image:height\" content=\"600\" \/>\n\t<meta property=\"og:image:type\" content=\"image\/webp\" \/>\n<meta name=\"twitter:card\" content=\"summary_large_image\" \/>\n<meta name=\"twitter:label1\" content=\"Estimated reading time\" \/>\n\t<meta name=\"twitter:data1\" content=\"2 minutes\" \/>\n<script type=\"application\/ld+json\" class=\"yoast-schema-graph\">{\"@context\":\"https:\/\/schema.org\",\"@graph\":[{\"@type\":\"WebPage\",\"@id\":\"https:\/\/skaitytaknyga.lt\/produktas\/diane-chamberlain-pamirsti-gyvenimai\/\",\"url\":\"https:\/\/skaitytaknyga.lt\/produktas\/diane-chamberlain-pamirsti-gyvenimai\/\",\"name\":\"Diane Chamberlain \u201ePamir\u0161ti gyvenimai\u201c\",\"isPartOf\":{\"@id\":\"https:\/\/skaitytaknyga.lt\/#website\"},\"primaryImageOfPage\":{\"@id\":\"https:\/\/skaitytaknyga.lt\/produktas\/diane-chamberlain-pamirsti-gyvenimai\/#primaryimage\"},\"image\":{\"@id\":\"https:\/\/skaitytaknyga.lt\/produktas\/diane-chamberlain-pamirsti-gyvenimai\/#primaryimage\"},\"thumbnailUrl\":\"https:\/\/skaitytaknyga.lt\/wp-content\/uploads\/2024\/10\/Pamirsti-gyvenimai.webp\",\"datePublished\":\"2024-10-12T09:24:27+00:00\",\"dateModified\":\"2024-10-12T09:43:23+00:00\",\"description\":\"Kiek dr\u0105sos reikia \u017emogui, kad i\u0161likt\u0173 savimi? 1960-\u0173j\u0173 \u0160iaur\u0117s Karolina. Penkiolikmet\u0117 Aiv\u0117 glaud\u017eiasi su \u0161eima nuomojamame name. T\u0117vams mirus, jai\",\"breadcrumb\":{\"@id\":\"https:\/\/skaitytaknyga.lt\/produktas\/diane-chamberlain-pamirsti-gyvenimai\/#breadcrumb\"},\"inLanguage\":\"en-GB\",\"potentialAction\":[{\"@type\":\"ReadAction\",\"target\":[\"https:\/\/skaitytaknyga.lt\/produktas\/diane-chamberlain-pamirsti-gyvenimai\/\"]}]},{\"@type\":\"ImageObject\",\"inLanguage\":\"en-GB\",\"@id\":\"https:\/\/skaitytaknyga.lt\/produktas\/diane-chamberlain-pamirsti-gyvenimai\/#primaryimage\",\"url\":\"https:\/\/skaitytaknyga.lt\/wp-content\/uploads\/2024\/10\/Pamirsti-gyvenimai.webp\",\"contentUrl\":\"https:\/\/skaitytaknyga.lt\/wp-content\/uploads\/2024\/10\/Pamirsti-gyvenimai.webp\",\"width\":366,\"height\":600,\"caption\":\"Pamir\u0161ti gyvenimai\"},{\"@type\":\"BreadcrumbList\",\"@id\":\"https:\/\/skaitytaknyga.lt\/produktas\/diane-chamberlain-pamirsti-gyvenimai\/#breadcrumb\",\"itemListElement\":[{\"@type\":\"ListItem\",\"position\":1,\"name\":\"Home\",\"item\":\"https:\/\/skaitytaknyga.lt\/\"},{\"@type\":\"ListItem\",\"position\":2,\"name\":\"Parduotuv\u0117\",\"item\":\"https:\/\/skaitytaknyga.lt\/knygu-parduotuve\/\"},{\"@type\":\"ListItem\",\"position\":3,\"name\":\"Diane Chamberlain \u201ePamir\u0161ti gyvenimai\u201c\"}]},{\"@type\":\"WebSite\",\"@id\":\"https:\/\/skaitytaknyga.lt\/#website\",\"url\":\"https:\/\/skaitytaknyga.lt\/\",\"name\":\"skaitytaknyga.lt\",\"description\":\"Skaitytaknyga.lt \u2013 tai ma\u017eas \u0161eimos verslas, kuris prasid\u0117jo nuo meil\u0117s knygoms ir siekio i\u0161gelb\u0117ti knygas nuo likimo prie konteinerio. Kas vienam nereikalingas daiktas \u2013 kitam lobis, o mes esame tarpininkai, kurie padeda abiems tapti laimingesniems ???? \u017dinome kaip nelengva i\u0161gyventi ma\u017eiems verslams, tad nuo \u0161iol, \u010dia rasite ir kit\u0173, ma\u017e\u0173 \u0161eim\u0173 versl\u0173, rank\u0173 darbo, dovan\u0173 sau ir artimiesiems.\",\"publisher\":{\"@id\":\"https:\/\/skaitytaknyga.lt\/#organization\"},\"potentialAction\":[{\"@type\":\"SearchAction\",\"target\":{\"@type\":\"EntryPoint\",\"urlTemplate\":\"https:\/\/skaitytaknyga.lt\/?s={search_term_string}\"},\"query-input\":{\"@type\":\"PropertyValueSpecification\",\"valueRequired\":true,\"valueName\":\"search_term_string\"}}],\"inLanguage\":\"en-GB\"},{\"@type\":\"Organization\",\"@id\":\"https:\/\/skaitytaknyga.lt\/#organization\",\"name\":\"skaitytaknyga.lt\",\"url\":\"https:\/\/skaitytaknyga.lt\/\",\"logo\":{\"@type\":\"ImageObject\",\"inLanguage\":\"en-GB\",\"@id\":\"https:\/\/skaitytaknyga.lt\/#\/schema\/logo\/image\/\",\"url\":\"https:\/\/skaitytaknyga.lt\/wp-content\/uploads\/2024\/05\/cropped-cropped-cropped-02_00843_jt3bggkj1j3HLc7SyY6rEUpg.jpeg\",\"contentUrl\":\"https:\/\/skaitytaknyga.lt\/wp-content\/uploads\/2024\/05\/cropped-cropped-cropped-02_00843_jt3bggkj1j3HLc7SyY6rEUpg.jpeg\",\"width\":1600,\"height\":1600,\"caption\":\"skaitytaknyga.lt\"},\"image\":{\"@id\":\"https:\/\/skaitytaknyga.lt\/#\/schema\/logo\/image\/\"},\"sameAs\":[\"https:\/\/www.facebook.com\/skaitytaknyga\/\"]}]}<\/script>\n<!-- \/ Yoast SEO plugin. -->","yoast_head_json":{"title":"Diane Chamberlain \u201ePamir\u0161ti gyvenimai\u201c","description":"Kiek dr\u0105sos reikia \u017emogui, kad i\u0161likt\u0173 savimi? 1960-\u0173j\u0173 \u0160iaur\u0117s Karolina. Penkiolikmet\u0117 Aiv\u0117 glaud\u017eiasi su \u0161eima nuomojamame name. T\u0117vams mirus, jai","robots":{"index":"index","follow":"follow","max-snippet":"max-snippet:-1","max-image-preview":"max-image-preview:large","max-video-preview":"max-video-preview:-1"},"canonical":"https:\/\/skaitytaknyga.lt\/en\/produktas\/diane-chamberlain-pamirsti-gyvenimai\/","og_locale":"en_GB","og_type":"article","og_title":"[:lt]Diane Chamberlain \u201ePamir\u0161ti gyvenimai\u201c[:] - Skaitytaknyga","og_description":"Kiek dr\u0105sos reikia \u017emogui, kad i\u0161likt\u0173 savimi? 1960-\u0173j\u0173 \u0160iaur\u0117s Karolina. Penkiolikmet\u0117 Aiv\u0117 glaud\u017eiasi su \u0161eima nuomojamame name. T\u0117vams mirus, jai","og_url":"https:\/\/skaitytaknyga.lt\/en\/produktas\/diane-chamberlain-pamirsti-gyvenimai\/","og_site_name":"Skaitytaknyga","article_publisher":"https:\/\/www.facebook.com\/skaitytaknyga\/","article_modified_time":"2024-10-12T09:43:23+00:00","og_image":[{"width":366,"height":600,"url":"https:\/\/skaitytaknyga.lt\/wp-content\/uploads\/2024\/10\/Pamirsti-gyvenimai.webp","type":"image\/webp"}],"twitter_card":"summary_large_image","twitter_misc":{"Estimated reading time":"2 minutes"},"schema":{"@context":"https:\/\/schema.org","@graph":[{"@type":"WebPage","@id":"https:\/\/skaitytaknyga.lt\/produktas\/diane-chamberlain-pamirsti-gyvenimai\/","url":"https:\/\/skaitytaknyga.lt\/produktas\/diane-chamberlain-pamirsti-gyvenimai\/","name":"Diane Chamberlain \u201ePamir\u0161ti gyvenimai\u201c","isPartOf":{"@id":"https:\/\/skaitytaknyga.lt\/#website"},"primaryImageOfPage":{"@id":"https:\/\/skaitytaknyga.lt\/produktas\/diane-chamberlain-pamirsti-gyvenimai\/#primaryimage"},"image":{"@id":"https:\/\/skaitytaknyga.lt\/produktas\/diane-chamberlain-pamirsti-gyvenimai\/#primaryimage"},"thumbnailUrl":"https:\/\/skaitytaknyga.lt\/wp-content\/uploads\/2024\/10\/Pamirsti-gyvenimai.webp","datePublished":"2024-10-12T09:24:27+00:00","dateModified":"2024-10-12T09:43:23+00:00","description":"Kiek dr\u0105sos reikia \u017emogui, kad i\u0161likt\u0173 savimi? 1960-\u0173j\u0173 \u0160iaur\u0117s Karolina. Penkiolikmet\u0117 Aiv\u0117 glaud\u017eiasi su \u0161eima nuomojamame name. T\u0117vams mirus, jai","breadcrumb":{"@id":"https:\/\/skaitytaknyga.lt\/produktas\/diane-chamberlain-pamirsti-gyvenimai\/#breadcrumb"},"inLanguage":"en-GB","potentialAction":[{"@type":"ReadAction","target":["https:\/\/skaitytaknyga.lt\/produktas\/diane-chamberlain-pamirsti-gyvenimai\/"]}]},{"@type":"ImageObject","inLanguage":"en-GB","@id":"https:\/\/skaitytaknyga.lt\/produktas\/diane-chamberlain-pamirsti-gyvenimai\/#primaryimage","url":"https:\/\/skaitytaknyga.lt\/wp-content\/uploads\/2024\/10\/Pamirsti-gyvenimai.webp","contentUrl":"https:\/\/skaitytaknyga.lt\/wp-content\/uploads\/2024\/10\/Pamirsti-gyvenimai.webp","width":366,"height":600,"caption":"Pamir\u0161ti gyvenimai"},{"@type":"BreadcrumbList","@id":"https:\/\/skaitytaknyga.lt\/produktas\/diane-chamberlain-pamirsti-gyvenimai\/#breadcrumb","itemListElement":[{"@type":"ListItem","position":1,"name":"Home","item":"https:\/\/skaitytaknyga.lt\/"},{"@type":"ListItem","position":2,"name":"Parduotuv\u0117","item":"https:\/\/skaitytaknyga.lt\/knygu-parduotuve\/"},{"@type":"ListItem","position":3,"name":"Diane Chamberlain \u201ePamir\u0161ti gyvenimai\u201c"}]},{"@type":"WebSite","@id":"https:\/\/skaitytaknyga.lt\/#website","url":"https:\/\/skaitytaknyga.lt\/","name":"skaitytaknyga.lt","description":"Skaitytaknyga.lt \u2013 tai ma\u017eas \u0161eimos verslas, kuris prasid\u0117jo nuo meil\u0117s knygoms ir siekio i\u0161gelb\u0117ti knygas nuo likimo prie konteinerio. Kas vienam nereikalingas daiktas \u2013 kitam lobis, o mes esame tarpininkai, kurie padeda abiems tapti laimingesniems ???? \u017dinome kaip nelengva i\u0161gyventi ma\u017eiems verslams, tad nuo \u0161iol, \u010dia rasite ir kit\u0173, ma\u017e\u0173 \u0161eim\u0173 versl\u0173, rank\u0173 darbo, dovan\u0173 sau ir artimiesiems.","publisher":{"@id":"https:\/\/skaitytaknyga.lt\/#organization"},"potentialAction":[{"@type":"SearchAction","target":{"@type":"EntryPoint","urlTemplate":"https:\/\/skaitytaknyga.lt\/?s={search_term_string}"},"query-input":{"@type":"PropertyValueSpecification","valueRequired":true,"valueName":"search_term_string"}}],"inLanguage":"en-GB"},{"@type":"Organization","@id":"https:\/\/skaitytaknyga.lt\/#organization","name":"skaitytaknyga.lt","url":"https:\/\/skaitytaknyga.lt\/","logo":{"@type":"ImageObject","inLanguage":"en-GB","@id":"https:\/\/skaitytaknyga.lt\/#\/schema\/logo\/image\/","url":"https:\/\/skaitytaknyga.lt\/wp-content\/uploads\/2024\/05\/cropped-cropped-cropped-02_00843_jt3bggkj1j3HLc7SyY6rEUpg.jpeg","contentUrl":"https:\/\/skaitytaknyga.lt\/wp-content\/uploads\/2024\/05\/cropped-cropped-cropped-02_00843_jt3bggkj1j3HLc7SyY6rEUpg.jpeg","width":1600,"height":1600,"caption":"skaitytaknyga.lt"},"image":{"@id":"https:\/\/skaitytaknyga.lt\/#\/schema\/logo\/image\/"},"sameAs":["https:\/\/www.facebook.com\/skaitytaknyga\/"]}]}},"_links":{"self":[{"href":"https:\/\/skaitytaknyga.lt\/en\/wp-json\/wp\/v2\/product\/14171","targetHints":{"allow":["GET"]}}],"collection":[{"href":"https:\/\/skaitytaknyga.lt\/en\/wp-json\/wp\/v2\/product"}],"about":[{"href":"https:\/\/skaitytaknyga.lt\/en\/wp-json\/wp\/v2\/types\/product"}],"replies":[{"embeddable":true,"href":"https:\/\/skaitytaknyga.lt\/en\/wp-json\/wp\/v2\/comments?post=14171"}],"wp:featuredmedia":[{"embeddable":true,"href":"https:\/\/skaitytaknyga.lt\/en\/wp-json\/wp\/v2\/media\/14178"}],"wp:attachment":[{"href":"https:\/\/skaitytaknyga.lt\/en\/wp-json\/wp\/v2\/media?parent=14171"}],"wp:term":[{"taxonomy":"product_brand","embeddable":true,"href":"https:\/\/skaitytaknyga.lt\/en\/wp-json\/wp\/v2\/product_brand?post=14171"},{"taxonomy":"product_cat","embeddable":true,"href":"https:\/\/skaitytaknyga.lt\/en\/wp-json\/wp\/v2\/product_cat?post=14171"},{"taxonomy":"product_tag","embeddable":true,"href":"https:\/\/skaitytaknyga.lt\/en\/wp-json\/wp\/v2\/product_tag?post=14171"}],"curies":[{"name":"wp","href":"https:\/\/api.w.org\/{rel}","templated":true}]}}