{"id":14170,"date":"2024-10-12T12:24:27","date_gmt":"2024-10-12T09:24:27","guid":{"rendered":"https:\/\/skaitytaknyga.lt\/?post_type=product&#038;p=14170"},"modified":"2025-06-15T20:36:34","modified_gmt":"2025-06-15T17:36:34","slug":"jude-deveraux-ryto-menesiena","status":"publish","type":"product","link":"https:\/\/skaitytaknyga.lt\/en\/produktas\/jude-deveraux-ryto-menesiena\/","title":{"rendered":"Ryto m\u0117nesiena"},"content":{"rendered":"<p>Meninink\u0119 D\u017eek\u0105 Leiton artima draug\u0117 Kim pakvie\u010dia vasar\u0105 pavie\u0161\u0117ti tyliame nuo\u0161aliame Ediline, kur ji, pab\u0117gusi nuo neramaus ir permainingo gyvenimo Niujorke, gal\u0117t\u0173 pails\u0117ti ir pasotinti savo tapymo aistr\u0105. Dar labiau susitikimo su D\u017eeka laukia jaunas miestelio daktaras Tristanas, jau ne vienus metus svajojantis artimiau susipa\u017einti su \u0161ia patrauklia mergina.<\/p>\n<p>Taigi dideli\u0173 poky\u010di\u0173 savo asmeniniame gyvenime nesitikin\u010di\u0105 D\u017eek\u0105 Ediline pasitinka ry\u017etingai nusiteik\u0119s i\u0161vaizdus vyri\u0161kis, ir merginai telieka atsiduoti aistringiems vasaros malonumams.<\/p>\n<p>Deja, pailg\u0117j\u0119 \u0161e\u0161\u0117liai primena, kad D\u017eekai netrukus reik\u0117s gr\u012f\u017eti \u012f \u201etikr\u0105j\u012f pasaul\u012f\u201c didmiestyje, ir \u012fsimyl\u0117j\u0117liai turi apsispr\u0119sti, kuriam i\u0161 j\u0173 teks paaukoti savo susikurt\u0105 gyvenim\u0105, kad gal\u0117t\u0173 b\u016bti drauge.<\/p>\n<ul class=\"about-product d-none d-xl-block mt-4\">\n<li><strong>Originalus pavadinimas:<\/strong>\u00a0Moonlight in the Morning<\/li>\n<li><strong>Autorius:<\/strong>\u00a0Jude Deveraux<\/li>\n<li><strong>Leid\u0117jas:<\/strong>\u00a0Jotema<\/li>\n<li><strong>Metai:<\/strong>\u00a02014<\/li>\n<li><strong>Puslapiai:<\/strong>\u00a0336<\/li>\n<li class=\"toggleable type-new-formats \"><strong>ISBN:<\/strong>\u00a09789955134398<\/li>\n<li><strong>Versijos kodas:<\/strong>\u00a0PT.<\/li>\n<li class=\"toggleable type-new-formats \"><strong>Formatas:<\/strong>\u00a022 x 15 x 3 cm, kieti vir\u0161eliai<\/li>\n<li><strong>Kalba:<\/strong>\u00a0Lietuvi\u0173<\/li>\n<li><strong>Vert\u0117jas:<\/strong>\u00a0Agn\u0117 \u0160eibokait\u0117<\/li>\n<\/ul>\n","protected":false},"excerpt":{"rendered":"<p>Meninink\u0119 D\u017eek\u0105 Leiton artima draug\u0117 Kim pakvie\u010dia vasar\u0105 pavie\u0161\u0117ti tyliame nuo\u0161aliame Ediline, kur ji, pab\u0117gusi nuo neramaus ir permainingo gyvenimo Niujorke, gal\u0117t\u0173 pails\u0117ti ir pasotinti savo tapymo aistr\u0105. Dar labiau susitikimo su D\u017eeka laukia jaunas miestelio daktaras Tristanas, jau ne vienus metus svajojantis artimiau susipa\u017einti su \u0161ia patrauklia mergina. Taigi dideli\u0173 poky\u010di\u0173 savo asmeniniame gyvenime nesitikin\u010di\u0105 D\u017eek\u0105 Ediline pasitinka ry\u017etingai nusiteik\u0119s i\u0161vaizdus vyri\u0161kis, ir merginai telieka atsiduoti aistringiems vasaros malonumams. Deja, pailg\u0117j\u0119 \u0161e\u0161\u0117liai primena, kad D\u017eekai netrukus reik\u0117s gr\u012f\u017eti \u012f \u201etikr\u0105j\u012f pasaul\u012f\u201c didmiestyje, ir \u012fsimyl\u0117j\u0117liai turi apsispr\u0119sti, kuriam i\u0161 j\u0173 teks paaukoti savo susikurt\u0105 gyvenim\u0105, kad gal\u0117t\u0173 b\u016bti drauge. Originalus pavadinimas:\u00a0Moonlight in the Morning Autorius:\u00a0Jude Deveraux Leid\u0117jas:\u00a0Jotema Metai:\u00a02014 Puslapiai:\u00a0336 ISBN:\u00a09789955134398 Versijos kodas:\u00a0PT. Formatas:\u00a022 x 15 x 3 cm, kieti vir\u0161eliai Kalba:\u00a0Lietuvi\u0173 Vert\u0117jas:\u00a0Agn\u0117 \u0160eibokait\u0117<\/p>\n","protected":false},"featured_media":14183,"comment_status":"open","ping_status":"closed","template":"","meta":{"_acf_changed":false,"site-sidebar-layout":"default","site-content-layout":"","ast-site-content-layout":"default","site-content-style":"default","site-sidebar-style":"default","ast-global-header-display":"","ast-banner-title-visibility":"","ast-main-header-display":"","ast-hfb-above-header-display":"","ast-hfb-below-header-display":"","ast-hfb-mobile-header-display":"","site-post-title":"","ast-breadcrumbs-content":"","ast-featured-img":"","footer-sml-layout":"","ast-disable-related-posts":"","theme-transparent-header-meta":"default","adv-header-id-meta":"","stick-header-meta":"","header-above-stick-meta":"","header-main-stick-meta":"","header-below-stick-meta":"","astra-migrate-meta-layouts":"set","ast-page-background-enabled":"default","ast-page-background-meta":{"desktop":{"background-color":"","background-image":"","background-repeat":"repeat","background-position":"center center","background-size":"auto","background-attachment":"scroll","background-type":"","background-media":"","overlay-type":"","overlay-color":"","overlay-opacity":"","overlay-gradient":""},"tablet":{"background-color":"","background-image":"","background-repeat":"repeat","background-position":"center center","background-size":"auto","background-attachment":"scroll","background-type":"","background-media":"","overlay-type":"","overlay-color":"","overlay-opacity":"","overlay-gradient":""},"mobile":{"background-color":"","background-image":"","background-repeat":"repeat","background-position":"center center","background-size":"auto","background-attachment":"scroll","background-type":"","background-media":"","overlay-type":"","overlay-color":"","overlay-opacity":"","overlay-gradient":""}},"ast-content-background-meta":{"desktop":{"background-color":"var(--ast-global-color-4)","background-image":"","background-repeat":"repeat","background-position":"center center","background-size":"auto","background-attachment":"scroll","background-type":"","background-media":"","overlay-type":"","overlay-color":"","overlay-opacity":"","overlay-gradient":""},"tablet":{"background-color":"var(--ast-global-color-4)","background-image":"","background-repeat":"repeat","background-position":"center center","background-size":"auto","background-attachment":"scroll","background-type":"","background-media":"","overlay-type":"","overlay-color":"","overlay-opacity":"","overlay-gradient":""},"mobile":{"background-color":"var(--ast-global-color-4)","background-image":"","background-repeat":"repeat","background-position":"center center","background-size":"auto","background-attachment":"scroll","background-type":"","background-media":"","overlay-type":"","overlay-color":"","overlay-opacity":"","overlay-gradient":""}}},"product_brand":[],"product_cat":[31,15],"product_tag":[],"class_list":{"0":"post-14170","1":"product","2":"type-product","3":"status-publish","4":"has-post-thumbnail","6":"product_cat-grozine-literatura","7":"product_cat-uncategorized","8":"desktop-align-left","9":"tablet-align-left","10":"mobile-align-left","12":"first","13":"instock","14":"shipping-taxable","15":"purchasable","16":"product-type-simple"},"acf":[],"yoast_head":"<!-- This site is optimized with the Yoast SEO plugin v27.0 - https:\/\/yoast.com\/product\/yoast-seo-wordpress\/ -->\n<title>Ryto m\u0117nesiena<\/title>\n<meta name=\"description\" content=\"Meninink\u0119 D\u017eek\u0105 Leiton artima draug\u0117 Kim pakvie\u010dia vasar\u0105 pavie\u0161\u0117ti tyliame nuo\u0161aliame Ediline, kur ji, pab\u0117gusi nuo neramaus ir permainingo gyvenimo\" \/>\n<meta name=\"robots\" content=\"index, follow, max-snippet:-1, max-image-preview:large, max-video-preview:-1\" \/>\n<link rel=\"canonical\" href=\"https:\/\/skaitytaknyga.lt\/en\/produktas\/jude-deveraux-ryto-menesiena\/\" \/>\n<meta property=\"og:locale\" content=\"en_GB\" \/>\n<meta property=\"og:locale:alternate\" content=\"lt_LT\" \/>\n<meta property=\"og:type\" content=\"article\" \/>\n<meta property=\"og:title\" content=\"Ryto m\u0117nesiena\" \/>\n<meta property=\"og:description\" content=\"Meninink\u0119 D\u017eek\u0105 Leiton artima draug\u0117 Kim pakvie\u010dia vasar\u0105 pavie\u0161\u0117ti tyliame nuo\u0161aliame Ediline, kur ji, pab\u0117gusi nuo neramaus ir permainingo gyvenimo\" \/>\n<meta property=\"og:url\" content=\"https:\/\/skaitytaknyga.lt\/en\/produktas\/jude-deveraux-ryto-menesiena\/\" \/>\n<meta property=\"og:site_name\" content=\"Skaitytaknyga\" \/>\n<meta property=\"article:publisher\" content=\"https:\/\/www.facebook.com\/skaitytaknyga\/\" \/>\n<meta property=\"article:modified_time\" content=\"2025-06-15T17:36:34+00:00\" \/>\n<meta property=\"og:image\" content=\"https:\/\/skaitytaknyga.lt\/wp-content\/uploads\/2024\/10\/Jude-Deveraux-\u201eRyto-menesiena.webp\" \/>\n\t<meta property=\"og:image:width\" content=\"498\" \/>\n\t<meta property=\"og:image:height\" content=\"750\" \/>\n\t<meta property=\"og:image:type\" content=\"image\/webp\" \/>\n<meta name=\"twitter:card\" content=\"summary_large_image\" \/>\n<meta name=\"twitter:label1\" content=\"Estimated reading time\" \/>\n\t<meta name=\"twitter:data1\" content=\"1 minute\" \/>\n<script type=\"application\/ld+json\" class=\"yoast-schema-graph\">{\"@context\":\"https:\/\/schema.org\",\"@graph\":[{\"@type\":\"WebPage\",\"@id\":\"https:\/\/skaitytaknyga.lt\/produktas\/jude-deveraux-ryto-menesiena\/\",\"url\":\"https:\/\/skaitytaknyga.lt\/produktas\/jude-deveraux-ryto-menesiena\/\",\"name\":\"Ryto m\u0117nesiena\",\"isPartOf\":{\"@id\":\"https:\/\/skaitytaknyga.lt\/#website\"},\"primaryImageOfPage\":{\"@id\":\"https:\/\/skaitytaknyga.lt\/produktas\/jude-deveraux-ryto-menesiena\/#primaryimage\"},\"image\":{\"@id\":\"https:\/\/skaitytaknyga.lt\/produktas\/jude-deveraux-ryto-menesiena\/#primaryimage\"},\"thumbnailUrl\":\"https:\/\/skaitytaknyga.lt\/wp-content\/uploads\/2024\/10\/Jude-Deveraux-\u201eRyto-menesiena.webp\",\"datePublished\":\"2024-10-12T09:24:27+00:00\",\"dateModified\":\"2025-06-15T17:36:34+00:00\",\"description\":\"Meninink\u0119 D\u017eek\u0105 Leiton artima draug\u0117 Kim pakvie\u010dia vasar\u0105 pavie\u0161\u0117ti tyliame nuo\u0161aliame Ediline, kur ji, pab\u0117gusi nuo neramaus ir permainingo gyvenimo\",\"breadcrumb\":{\"@id\":\"https:\/\/skaitytaknyga.lt\/produktas\/jude-deveraux-ryto-menesiena\/#breadcrumb\"},\"inLanguage\":\"en-GB\",\"potentialAction\":[{\"@type\":\"ReadAction\",\"target\":[\"https:\/\/skaitytaknyga.lt\/produktas\/jude-deveraux-ryto-menesiena\/\"]}]},{\"@type\":\"ImageObject\",\"inLanguage\":\"en-GB\",\"@id\":\"https:\/\/skaitytaknyga.lt\/produktas\/jude-deveraux-ryto-menesiena\/#primaryimage\",\"url\":\"https:\/\/skaitytaknyga.lt\/wp-content\/uploads\/2024\/10\/Jude-Deveraux-\u201eRyto-menesiena.webp\",\"contentUrl\":\"https:\/\/skaitytaknyga.lt\/wp-content\/uploads\/2024\/10\/Jude-Deveraux-\u201eRyto-menesiena.webp\",\"width\":498,\"height\":750,\"caption\":\"Jude Deveraux \u201eRyto m\u0117nesiena\u201c\"},{\"@type\":\"BreadcrumbList\",\"@id\":\"https:\/\/skaitytaknyga.lt\/produktas\/jude-deveraux-ryto-menesiena\/#breadcrumb\",\"itemListElement\":[{\"@type\":\"ListItem\",\"position\":1,\"name\":\"Home\",\"item\":\"https:\/\/skaitytaknyga.lt\/\"},{\"@type\":\"ListItem\",\"position\":2,\"name\":\"Parduotuv\u0117\",\"item\":\"https:\/\/skaitytaknyga.lt\/knygu-parduotuve\/\"},{\"@type\":\"ListItem\",\"position\":3,\"name\":\"Ryto m\u0117nesiena\"}]},{\"@type\":\"WebSite\",\"@id\":\"https:\/\/skaitytaknyga.lt\/#website\",\"url\":\"https:\/\/skaitytaknyga.lt\/\",\"name\":\"skaitytaknyga.lt\",\"description\":\"Skaitytaknyga.lt \u2013 tai ma\u017eas \u0161eimos verslas, kuris prasid\u0117jo nuo meil\u0117s knygoms ir siekio i\u0161gelb\u0117ti knygas nuo likimo prie konteinerio. Kas vienam nereikalingas daiktas \u2013 kitam lobis, o mes esame tarpininkai, kurie padeda abiems tapti laimingesniems ???? \u017dinome kaip nelengva i\u0161gyventi ma\u017eiems verslams, tad nuo \u0161iol, \u010dia rasite ir kit\u0173, ma\u017e\u0173 \u0161eim\u0173 versl\u0173, rank\u0173 darbo, dovan\u0173 sau ir artimiesiems.\",\"publisher\":{\"@id\":\"https:\/\/skaitytaknyga.lt\/#organization\"},\"potentialAction\":[{\"@type\":\"SearchAction\",\"target\":{\"@type\":\"EntryPoint\",\"urlTemplate\":\"https:\/\/skaitytaknyga.lt\/?s={search_term_string}\"},\"query-input\":{\"@type\":\"PropertyValueSpecification\",\"valueRequired\":true,\"valueName\":\"search_term_string\"}}],\"inLanguage\":\"en-GB\"},{\"@type\":\"Organization\",\"@id\":\"https:\/\/skaitytaknyga.lt\/#organization\",\"name\":\"skaitytaknyga.lt\",\"url\":\"https:\/\/skaitytaknyga.lt\/\",\"logo\":{\"@type\":\"ImageObject\",\"inLanguage\":\"en-GB\",\"@id\":\"https:\/\/skaitytaknyga.lt\/#\/schema\/logo\/image\/\",\"url\":\"https:\/\/skaitytaknyga.lt\/wp-content\/uploads\/2024\/05\/cropped-cropped-cropped-02_00843_jt3bggkj1j3HLc7SyY6rEUpg.jpeg\",\"contentUrl\":\"https:\/\/skaitytaknyga.lt\/wp-content\/uploads\/2024\/05\/cropped-cropped-cropped-02_00843_jt3bggkj1j3HLc7SyY6rEUpg.jpeg\",\"width\":1600,\"height\":1600,\"caption\":\"skaitytaknyga.lt\"},\"image\":{\"@id\":\"https:\/\/skaitytaknyga.lt\/#\/schema\/logo\/image\/\"},\"sameAs\":[\"https:\/\/www.facebook.com\/skaitytaknyga\/\"]}]}<\/script>\n<!-- \/ Yoast SEO plugin. -->","yoast_head_json":{"title":"Ryto m\u0117nesiena","description":"Meninink\u0119 D\u017eek\u0105 Leiton artima draug\u0117 Kim pakvie\u010dia vasar\u0105 pavie\u0161\u0117ti tyliame nuo\u0161aliame Ediline, kur ji, pab\u0117gusi nuo neramaus ir permainingo gyvenimo","robots":{"index":"index","follow":"follow","max-snippet":"max-snippet:-1","max-image-preview":"max-image-preview:large","max-video-preview":"max-video-preview:-1"},"canonical":"https:\/\/skaitytaknyga.lt\/en\/produktas\/jude-deveraux-ryto-menesiena\/","og_locale":"en_GB","og_type":"article","og_title":"[:lt]Ryto m\u0117nesiena[:] - Skaitytaknyga","og_description":"Meninink\u0119 D\u017eek\u0105 Leiton artima draug\u0117 Kim pakvie\u010dia vasar\u0105 pavie\u0161\u0117ti tyliame nuo\u0161aliame Ediline, kur ji, pab\u0117gusi nuo neramaus ir permainingo gyvenimo","og_url":"https:\/\/skaitytaknyga.lt\/en\/produktas\/jude-deveraux-ryto-menesiena\/","og_site_name":"Skaitytaknyga","article_publisher":"https:\/\/www.facebook.com\/skaitytaknyga\/","article_modified_time":"2025-06-15T17:36:34+00:00","og_image":[{"width":498,"height":750,"url":"https:\/\/skaitytaknyga.lt\/wp-content\/uploads\/2024\/10\/Jude-Deveraux-\u201eRyto-menesiena.webp","type":"image\/webp"}],"twitter_card":"summary_large_image","twitter_misc":{"Estimated reading time":"1 minute"},"schema":{"@context":"https:\/\/schema.org","@graph":[{"@type":"WebPage","@id":"https:\/\/skaitytaknyga.lt\/produktas\/jude-deveraux-ryto-menesiena\/","url":"https:\/\/skaitytaknyga.lt\/produktas\/jude-deveraux-ryto-menesiena\/","name":"Ryto m\u0117nesiena","isPartOf":{"@id":"https:\/\/skaitytaknyga.lt\/#website"},"primaryImageOfPage":{"@id":"https:\/\/skaitytaknyga.lt\/produktas\/jude-deveraux-ryto-menesiena\/#primaryimage"},"image":{"@id":"https:\/\/skaitytaknyga.lt\/produktas\/jude-deveraux-ryto-menesiena\/#primaryimage"},"thumbnailUrl":"https:\/\/skaitytaknyga.lt\/wp-content\/uploads\/2024\/10\/Jude-Deveraux-\u201eRyto-menesiena.webp","datePublished":"2024-10-12T09:24:27+00:00","dateModified":"2025-06-15T17:36:34+00:00","description":"Meninink\u0119 D\u017eek\u0105 Leiton artima draug\u0117 Kim pakvie\u010dia vasar\u0105 pavie\u0161\u0117ti tyliame nuo\u0161aliame Ediline, kur ji, pab\u0117gusi nuo neramaus ir permainingo gyvenimo","breadcrumb":{"@id":"https:\/\/skaitytaknyga.lt\/produktas\/jude-deveraux-ryto-menesiena\/#breadcrumb"},"inLanguage":"en-GB","potentialAction":[{"@type":"ReadAction","target":["https:\/\/skaitytaknyga.lt\/produktas\/jude-deveraux-ryto-menesiena\/"]}]},{"@type":"ImageObject","inLanguage":"en-GB","@id":"https:\/\/skaitytaknyga.lt\/produktas\/jude-deveraux-ryto-menesiena\/#primaryimage","url":"https:\/\/skaitytaknyga.lt\/wp-content\/uploads\/2024\/10\/Jude-Deveraux-\u201eRyto-menesiena.webp","contentUrl":"https:\/\/skaitytaknyga.lt\/wp-content\/uploads\/2024\/10\/Jude-Deveraux-\u201eRyto-menesiena.webp","width":498,"height":750,"caption":"Jude Deveraux \u201eRyto m\u0117nesiena\u201c"},{"@type":"BreadcrumbList","@id":"https:\/\/skaitytaknyga.lt\/produktas\/jude-deveraux-ryto-menesiena\/#breadcrumb","itemListElement":[{"@type":"ListItem","position":1,"name":"Home","item":"https:\/\/skaitytaknyga.lt\/"},{"@type":"ListItem","position":2,"name":"Parduotuv\u0117","item":"https:\/\/skaitytaknyga.lt\/knygu-parduotuve\/"},{"@type":"ListItem","position":3,"name":"Ryto m\u0117nesiena"}]},{"@type":"WebSite","@id":"https:\/\/skaitytaknyga.lt\/#website","url":"https:\/\/skaitytaknyga.lt\/","name":"skaitytaknyga.lt","description":"Skaitytaknyga.lt \u2013 tai ma\u017eas \u0161eimos verslas, kuris prasid\u0117jo nuo meil\u0117s knygoms ir siekio i\u0161gelb\u0117ti knygas nuo likimo prie konteinerio. Kas vienam nereikalingas daiktas \u2013 kitam lobis, o mes esame tarpininkai, kurie padeda abiems tapti laimingesniems ???? \u017dinome kaip nelengva i\u0161gyventi ma\u017eiems verslams, tad nuo \u0161iol, \u010dia rasite ir kit\u0173, ma\u017e\u0173 \u0161eim\u0173 versl\u0173, rank\u0173 darbo, dovan\u0173 sau ir artimiesiems.","publisher":{"@id":"https:\/\/skaitytaknyga.lt\/#organization"},"potentialAction":[{"@type":"SearchAction","target":{"@type":"EntryPoint","urlTemplate":"https:\/\/skaitytaknyga.lt\/?s={search_term_string}"},"query-input":{"@type":"PropertyValueSpecification","valueRequired":true,"valueName":"search_term_string"}}],"inLanguage":"en-GB"},{"@type":"Organization","@id":"https:\/\/skaitytaknyga.lt\/#organization","name":"skaitytaknyga.lt","url":"https:\/\/skaitytaknyga.lt\/","logo":{"@type":"ImageObject","inLanguage":"en-GB","@id":"https:\/\/skaitytaknyga.lt\/#\/schema\/logo\/image\/","url":"https:\/\/skaitytaknyga.lt\/wp-content\/uploads\/2024\/05\/cropped-cropped-cropped-02_00843_jt3bggkj1j3HLc7SyY6rEUpg.jpeg","contentUrl":"https:\/\/skaitytaknyga.lt\/wp-content\/uploads\/2024\/05\/cropped-cropped-cropped-02_00843_jt3bggkj1j3HLc7SyY6rEUpg.jpeg","width":1600,"height":1600,"caption":"skaitytaknyga.lt"},"image":{"@id":"https:\/\/skaitytaknyga.lt\/#\/schema\/logo\/image\/"},"sameAs":["https:\/\/www.facebook.com\/skaitytaknyga\/"]}]}},"_links":{"self":[{"href":"https:\/\/skaitytaknyga.lt\/en\/wp-json\/wp\/v2\/product\/14170","targetHints":{"allow":["GET"]}}],"collection":[{"href":"https:\/\/skaitytaknyga.lt\/en\/wp-json\/wp\/v2\/product"}],"about":[{"href":"https:\/\/skaitytaknyga.lt\/en\/wp-json\/wp\/v2\/types\/product"}],"replies":[{"embeddable":true,"href":"https:\/\/skaitytaknyga.lt\/en\/wp-json\/wp\/v2\/comments?post=14170"}],"wp:featuredmedia":[{"embeddable":true,"href":"https:\/\/skaitytaknyga.lt\/en\/wp-json\/wp\/v2\/media\/14183"}],"wp:attachment":[{"href":"https:\/\/skaitytaknyga.lt\/en\/wp-json\/wp\/v2\/media?parent=14170"}],"wp:term":[{"taxonomy":"product_brand","embeddable":true,"href":"https:\/\/skaitytaknyga.lt\/en\/wp-json\/wp\/v2\/product_brand?post=14170"},{"taxonomy":"product_cat","embeddable":true,"href":"https:\/\/skaitytaknyga.lt\/en\/wp-json\/wp\/v2\/product_cat?post=14170"},{"taxonomy":"product_tag","embeddable":true,"href":"https:\/\/skaitytaknyga.lt\/en\/wp-json\/wp\/v2\/product_tag?post=14170"}],"curies":[{"name":"wp","href":"https:\/\/api.w.org\/{rel}","templated":true}]}}