{"id":14169,"date":"2024-10-12T12:24:26","date_gmt":"2024-10-12T09:24:26","guid":{"rendered":"https:\/\/skaitytaknyga.lt\/?post_type=product&#038;p=14169"},"modified":"2026-03-05T12:34:29","modified_gmt":"2026-03-05T10:34:29","slug":"jude-deveraux-purpurines-naktys","status":"publish","type":"product","link":"https:\/\/skaitytaknyga.lt\/en\/produktas\/jude-deveraux-purpurines-naktys\/","title":{"rendered":"Purpurin\u0117s naktys"},"content":{"rendered":"<p><strong>K\u0105 darytum\u0117te su\u017einojusi, kad j\u016bs\u0173 su\u017ead\u0117tinis visai ne tas, kuo dedasi?<\/strong><\/p>\n<p>Sara \u0160o, susi\u017ead\u0117jusi su \u017eavingu ir patraukliu Gregu Andersu, nekantriai laukia j\u0173dviej\u0173 vestuvi\u0173 Ediline. Ta\u010diau likus trims savait\u0117ms iki vestuvi\u0173 vidurnakt\u012f Gregui ka\u017ekas paskambina ir jis, nieko nepaai\u0161kin\u0119s, dingsta. Dar po poros dien\u0173 \u012f Saros kambar\u012f \u012fsibrauna vyras, teigiantis es\u0105s jos geriausios draug\u0117s brolis.<\/p>\n<p>Maikas Niulandas yra slapt\u0105 byl\u0105 tiriantis detektyvas ir jo u\u017eduotis\u00a0\u2013 pasinaudojus Sara, susekti moter\u012f, kuri yra viena ie\u0161komiausi\u0173 Amerikos nusikalt\u0117li\u0173.<\/p>\n<p>Maikas mano, kad \u0161is darbelis bus lengvas \u2013 jam tereikia perprasti, kaip pelnyti \u201egeros mergait\u0117s\u201c Saros pasitik\u0117jim\u0105. Ta\u010diau vyras n\u0117 nenutuokia, kokie netik\u0117tumai jo laukia. Sara \u0160o ir Maikas Niulandas imasi narplioti dvi paslaptingas istorijas, o nelauktai \u012fsiplieskusi poros meil\u0117 u\u017egydo j\u0173 \u0161irdies \u017eaizdas.<\/p>\n<ul class=\"about-product d-none d-xl-block mt-4\">\n<li><strong>Autorius:<\/strong>\u00a0Jude Deveraux<\/li>\n<li><strong>Leid\u0117jas:<\/strong>\u00a0Jotema<\/li>\n<li><strong>Metai:<\/strong>\u00a02012<\/li>\n<li><strong>Puslapiai:<\/strong>\u00a0368<\/li>\n<li class=\"toggleable type-new-formats \"><strong>ISBN:<\/strong>\u00a09789955133544<\/li>\n<li><strong>Versijos kodas:<\/strong>\u00a0PT.<\/li>\n<li class=\"toggleable type-new-formats \"><strong>Formatas:<\/strong>\u00a015 x 22 cm, kieti vir\u0161eliai<\/li>\n<li><strong>Kalba:<\/strong>\u00a0Lietuvi\u0173<\/li>\n<li><strong>Vert\u0117jas:<\/strong>\u00a0Agn\u0117 \u0160eibokait\u0117<\/li>\n<\/ul>\n","protected":false},"excerpt":{"rendered":"<p>K\u0105 darytum\u0117te su\u017einojusi, kad j\u016bs\u0173 su\u017ead\u0117tinis visai ne tas, kuo dedasi? Sara \u0160o, susi\u017ead\u0117jusi su \u017eavingu ir patraukliu Gregu Andersu, nekantriai laukia j\u0173dviej\u0173 vestuvi\u0173 Ediline. Ta\u010diau likus trims savait\u0117ms iki vestuvi\u0173 vidurnakt\u012f Gregui ka\u017ekas paskambina ir jis, nieko nepaai\u0161kin\u0119s, dingsta. Dar po poros dien\u0173 \u012f Saros kambar\u012f \u012fsibrauna vyras, teigiantis es\u0105s jos geriausios draug\u0117s brolis. Maikas Niulandas yra slapt\u0105 byl\u0105 tiriantis detektyvas ir jo u\u017eduotis\u00a0\u2013 pasinaudojus Sara, susekti moter\u012f, kuri yra viena ie\u0161komiausi\u0173 Amerikos nusikalt\u0117li\u0173. Maikas mano, kad \u0161is darbelis bus lengvas \u2013 jam tereikia perprasti, kaip pelnyti \u201egeros mergait\u0117s\u201c Saros pasitik\u0117jim\u0105. Ta\u010diau vyras n\u0117 nenutuokia, kokie netik\u0117tumai jo laukia. Sara \u0160o ir Maikas Niulandas imasi narplioti dvi paslaptingas istorijas, o nelauktai \u012fsiplieskusi poros meil\u0117 u\u017egydo j\u0173 \u0161irdies \u017eaizdas. Autorius:\u00a0Jude Deveraux Leid\u0117jas:\u00a0Jotema Metai:\u00a02012 Puslapiai:\u00a0368 ISBN:\u00a09789955133544 Versijos kodas:\u00a0PT. Formatas:\u00a015 x 22 cm, kieti vir\u0161eliai Kalba:\u00a0Lietuvi\u0173 Vert\u0117jas:\u00a0Agn\u0117 \u0160eibokait\u0117<\/p>\n","protected":false},"featured_media":14179,"comment_status":"open","ping_status":"closed","template":"","meta":{"_acf_changed":false,"site-sidebar-layout":"default","site-content-layout":"","ast-site-content-layout":"default","site-content-style":"default","site-sidebar-style":"default","ast-global-header-display":"","ast-banner-title-visibility":"","ast-main-header-display":"","ast-hfb-above-header-display":"","ast-hfb-below-header-display":"","ast-hfb-mobile-header-display":"","site-post-title":"","ast-breadcrumbs-content":"","ast-featured-img":"","footer-sml-layout":"","ast-disable-related-posts":"","theme-transparent-header-meta":"default","adv-header-id-meta":"","stick-header-meta":"","header-above-stick-meta":"","header-main-stick-meta":"","header-below-stick-meta":"","astra-migrate-meta-layouts":"set","ast-page-background-enabled":"default","ast-page-background-meta":{"desktop":{"background-color":"","background-image":"","background-repeat":"repeat","background-position":"center center","background-size":"auto","background-attachment":"scroll","background-type":"","background-media":"","overlay-type":"","overlay-color":"","overlay-opacity":"","overlay-gradient":""},"tablet":{"background-color":"","background-image":"","background-repeat":"repeat","background-position":"center center","background-size":"auto","background-attachment":"scroll","background-type":"","background-media":"","overlay-type":"","overlay-color":"","overlay-opacity":"","overlay-gradient":""},"mobile":{"background-color":"","background-image":"","background-repeat":"repeat","background-position":"center center","background-size":"auto","background-attachment":"scroll","background-type":"","background-media":"","overlay-type":"","overlay-color":"","overlay-opacity":"","overlay-gradient":""}},"ast-content-background-meta":{"desktop":{"background-color":"var(--ast-global-color-4)","background-image":"","background-repeat":"repeat","background-position":"center center","background-size":"auto","background-attachment":"scroll","background-type":"","background-media":"","overlay-type":"","overlay-color":"","overlay-opacity":"","overlay-gradient":""},"tablet":{"background-color":"var(--ast-global-color-4)","background-image":"","background-repeat":"repeat","background-position":"center center","background-size":"auto","background-attachment":"scroll","background-type":"","background-media":"","overlay-type":"","overlay-color":"","overlay-opacity":"","overlay-gradient":""},"mobile":{"background-color":"var(--ast-global-color-4)","background-image":"","background-repeat":"repeat","background-position":"center center","background-size":"auto","background-attachment":"scroll","background-type":"","background-media":"","overlay-type":"","overlay-color":"","overlay-opacity":"","overlay-gradient":""}}},"product_brand":[],"product_cat":[9579],"product_tag":[],"class_list":{"0":"post-14169","1":"product","2":"type-product","3":"status-publish","4":"has-post-thumbnail","6":"product_cat-meiles-romanai","7":"desktop-align-left","8":"tablet-align-left","9":"mobile-align-left","11":"first","12":"instock","13":"shipping-taxable","14":"purchasable","15":"product-type-simple"},"acf":[],"yoast_head":"<!-- This site is optimized with the Yoast SEO plugin v27.0 - https:\/\/yoast.com\/product\/yoast-seo-wordpress\/ -->\n<title>Purpurin\u0117s naktys<\/title>\n<meta name=\"description\" content=\"K\u0105 darytum\u0117te su\u017einojusi, kad j\u016bs\u0173 su\u017ead\u0117tinis visai ne tas, kuo dedasi? Sara \u0160o, susi\u017ead\u0117jusi su \u017eavingu ir patraukliu Gregu Andersu, nekantriai laukia\" \/>\n<meta name=\"robots\" content=\"index, follow, max-snippet:-1, max-image-preview:large, max-video-preview:-1\" \/>\n<link rel=\"canonical\" href=\"https:\/\/skaitytaknyga.lt\/en\/produktas\/jude-deveraux-purpurines-naktys\/\" \/>\n<meta property=\"og:locale\" content=\"en_GB\" \/>\n<meta property=\"og:locale:alternate\" content=\"lt_LT\" \/>\n<meta property=\"og:type\" content=\"article\" \/>\n<meta property=\"og:title\" content=\"Purpurin\u0117s naktys\" \/>\n<meta property=\"og:description\" content=\"K\u0105 darytum\u0117te su\u017einojusi, kad j\u016bs\u0173 su\u017ead\u0117tinis visai ne tas, kuo dedasi? Sara \u0160o, susi\u017ead\u0117jusi su \u017eavingu ir patraukliu Gregu Andersu, nekantriai laukia\" \/>\n<meta property=\"og:url\" content=\"https:\/\/skaitytaknyga.lt\/en\/produktas\/jude-deveraux-purpurines-naktys\/\" \/>\n<meta property=\"og:site_name\" content=\"Skaitytaknyga\" \/>\n<meta property=\"article:publisher\" content=\"https:\/\/www.facebook.com\/skaitytaknyga\/\" \/>\n<meta property=\"article:modified_time\" content=\"2026-03-05T10:34:29+00:00\" \/>\n<meta property=\"og:image\" content=\"https:\/\/skaitytaknyga.lt\/wp-content\/uploads\/2024\/10\/Purpurines-naktys.webp\" \/>\n\t<meta property=\"og:image:width\" content=\"528\" \/>\n\t<meta property=\"og:image:height\" content=\"800\" \/>\n\t<meta property=\"og:image:type\" content=\"image\/webp\" \/>\n<meta name=\"twitter:card\" content=\"summary_large_image\" \/>\n<meta name=\"twitter:label1\" content=\"Estimated reading time\" \/>\n\t<meta name=\"twitter:data1\" content=\"1 minute\" \/>\n<script type=\"application\/ld+json\" class=\"yoast-schema-graph\">{\"@context\":\"https:\/\/schema.org\",\"@graph\":[{\"@type\":\"WebPage\",\"@id\":\"https:\/\/skaitytaknyga.lt\/produktas\/jude-deveraux-purpurines-naktys\/\",\"url\":\"https:\/\/skaitytaknyga.lt\/produktas\/jude-deveraux-purpurines-naktys\/\",\"name\":\"Purpurin\u0117s naktys\",\"isPartOf\":{\"@id\":\"https:\/\/skaitytaknyga.lt\/#website\"},\"primaryImageOfPage\":{\"@id\":\"https:\/\/skaitytaknyga.lt\/produktas\/jude-deveraux-purpurines-naktys\/#primaryimage\"},\"image\":{\"@id\":\"https:\/\/skaitytaknyga.lt\/produktas\/jude-deveraux-purpurines-naktys\/#primaryimage\"},\"thumbnailUrl\":\"https:\/\/skaitytaknyga.lt\/wp-content\/uploads\/2024\/10\/Purpurines-naktys.webp\",\"datePublished\":\"2024-10-12T09:24:26+00:00\",\"dateModified\":\"2026-03-05T10:34:29+00:00\",\"description\":\"K\u0105 darytum\u0117te su\u017einojusi, kad j\u016bs\u0173 su\u017ead\u0117tinis visai ne tas, kuo dedasi? Sara \u0160o, susi\u017ead\u0117jusi su \u017eavingu ir patraukliu Gregu Andersu, nekantriai laukia\",\"breadcrumb\":{\"@id\":\"https:\/\/skaitytaknyga.lt\/produktas\/jude-deveraux-purpurines-naktys\/#breadcrumb\"},\"inLanguage\":\"en-GB\",\"potentialAction\":[{\"@type\":\"ReadAction\",\"target\":[\"https:\/\/skaitytaknyga.lt\/produktas\/jude-deveraux-purpurines-naktys\/\"]}]},{\"@type\":\"ImageObject\",\"inLanguage\":\"en-GB\",\"@id\":\"https:\/\/skaitytaknyga.lt\/produktas\/jude-deveraux-purpurines-naktys\/#primaryimage\",\"url\":\"https:\/\/skaitytaknyga.lt\/wp-content\/uploads\/2024\/10\/Purpurines-naktys.webp\",\"contentUrl\":\"https:\/\/skaitytaknyga.lt\/wp-content\/uploads\/2024\/10\/Purpurines-naktys.webp\",\"width\":528,\"height\":800,\"caption\":\"Jude Deveraux \u201ePurpurin\u0117s naktys\u201c\"},{\"@type\":\"BreadcrumbList\",\"@id\":\"https:\/\/skaitytaknyga.lt\/produktas\/jude-deveraux-purpurines-naktys\/#breadcrumb\",\"itemListElement\":[{\"@type\":\"ListItem\",\"position\":1,\"name\":\"Home\",\"item\":\"https:\/\/skaitytaknyga.lt\/\"},{\"@type\":\"ListItem\",\"position\":2,\"name\":\"Parduotuv\u0117\",\"item\":\"https:\/\/skaitytaknyga.lt\/knygu-parduotuve\/\"},{\"@type\":\"ListItem\",\"position\":3,\"name\":\"Purpurin\u0117s naktys\"}]},{\"@type\":\"WebSite\",\"@id\":\"https:\/\/skaitytaknyga.lt\/#website\",\"url\":\"https:\/\/skaitytaknyga.lt\/\",\"name\":\"skaitytaknyga.lt\",\"description\":\"Skaitytaknyga.lt \u2013 tai ma\u017eas \u0161eimos verslas, kuris prasid\u0117jo nuo meil\u0117s knygoms ir siekio i\u0161gelb\u0117ti knygas nuo likimo prie konteinerio. Kas vienam nereikalingas daiktas \u2013 kitam lobis, o mes esame tarpininkai, kurie padeda abiems tapti laimingesniems ???? \u017dinome kaip nelengva i\u0161gyventi ma\u017eiems verslams, tad nuo \u0161iol, \u010dia rasite ir kit\u0173, ma\u017e\u0173 \u0161eim\u0173 versl\u0173, rank\u0173 darbo, dovan\u0173 sau ir artimiesiems.\",\"publisher\":{\"@id\":\"https:\/\/skaitytaknyga.lt\/#organization\"},\"potentialAction\":[{\"@type\":\"SearchAction\",\"target\":{\"@type\":\"EntryPoint\",\"urlTemplate\":\"https:\/\/skaitytaknyga.lt\/?s={search_term_string}\"},\"query-input\":{\"@type\":\"PropertyValueSpecification\",\"valueRequired\":true,\"valueName\":\"search_term_string\"}}],\"inLanguage\":\"en-GB\"},{\"@type\":\"Organization\",\"@id\":\"https:\/\/skaitytaknyga.lt\/#organization\",\"name\":\"skaitytaknyga.lt\",\"url\":\"https:\/\/skaitytaknyga.lt\/\",\"logo\":{\"@type\":\"ImageObject\",\"inLanguage\":\"en-GB\",\"@id\":\"https:\/\/skaitytaknyga.lt\/#\/schema\/logo\/image\/\",\"url\":\"https:\/\/skaitytaknyga.lt\/wp-content\/uploads\/2024\/05\/cropped-cropped-cropped-02_00843_jt3bggkj1j3HLc7SyY6rEUpg.jpeg\",\"contentUrl\":\"https:\/\/skaitytaknyga.lt\/wp-content\/uploads\/2024\/05\/cropped-cropped-cropped-02_00843_jt3bggkj1j3HLc7SyY6rEUpg.jpeg\",\"width\":1600,\"height\":1600,\"caption\":\"skaitytaknyga.lt\"},\"image\":{\"@id\":\"https:\/\/skaitytaknyga.lt\/#\/schema\/logo\/image\/\"},\"sameAs\":[\"https:\/\/www.facebook.com\/skaitytaknyga\/\"]}]}<\/script>\n<!-- \/ Yoast SEO plugin. -->","yoast_head_json":{"title":"Purpurin\u0117s naktys","description":"K\u0105 darytum\u0117te su\u017einojusi, kad j\u016bs\u0173 su\u017ead\u0117tinis visai ne tas, kuo dedasi? Sara \u0160o, susi\u017ead\u0117jusi su \u017eavingu ir patraukliu Gregu Andersu, nekantriai laukia","robots":{"index":"index","follow":"follow","max-snippet":"max-snippet:-1","max-image-preview":"max-image-preview:large","max-video-preview":"max-video-preview:-1"},"canonical":"https:\/\/skaitytaknyga.lt\/en\/produktas\/jude-deveraux-purpurines-naktys\/","og_locale":"en_GB","og_type":"article","og_title":"[:lt]Purpurin\u0117s naktys[:] - Skaitytaknyga","og_description":"K\u0105 darytum\u0117te su\u017einojusi, kad j\u016bs\u0173 su\u017ead\u0117tinis visai ne tas, kuo dedasi? Sara \u0160o, susi\u017ead\u0117jusi su \u017eavingu ir patraukliu Gregu Andersu, nekantriai laukia","og_url":"https:\/\/skaitytaknyga.lt\/en\/produktas\/jude-deveraux-purpurines-naktys\/","og_site_name":"Skaitytaknyga","article_publisher":"https:\/\/www.facebook.com\/skaitytaknyga\/","article_modified_time":"2026-03-05T10:34:29+00:00","og_image":[{"width":528,"height":800,"url":"https:\/\/skaitytaknyga.lt\/wp-content\/uploads\/2024\/10\/Purpurines-naktys.webp","type":"image\/webp"}],"twitter_card":"summary_large_image","twitter_misc":{"Estimated reading time":"1 minute"},"schema":{"@context":"https:\/\/schema.org","@graph":[{"@type":"WebPage","@id":"https:\/\/skaitytaknyga.lt\/produktas\/jude-deveraux-purpurines-naktys\/","url":"https:\/\/skaitytaknyga.lt\/produktas\/jude-deveraux-purpurines-naktys\/","name":"Purpurin\u0117s naktys","isPartOf":{"@id":"https:\/\/skaitytaknyga.lt\/#website"},"primaryImageOfPage":{"@id":"https:\/\/skaitytaknyga.lt\/produktas\/jude-deveraux-purpurines-naktys\/#primaryimage"},"image":{"@id":"https:\/\/skaitytaknyga.lt\/produktas\/jude-deveraux-purpurines-naktys\/#primaryimage"},"thumbnailUrl":"https:\/\/skaitytaknyga.lt\/wp-content\/uploads\/2024\/10\/Purpurines-naktys.webp","datePublished":"2024-10-12T09:24:26+00:00","dateModified":"2026-03-05T10:34:29+00:00","description":"K\u0105 darytum\u0117te su\u017einojusi, kad j\u016bs\u0173 su\u017ead\u0117tinis visai ne tas, kuo dedasi? Sara \u0160o, susi\u017ead\u0117jusi su \u017eavingu ir patraukliu Gregu Andersu, nekantriai laukia","breadcrumb":{"@id":"https:\/\/skaitytaknyga.lt\/produktas\/jude-deveraux-purpurines-naktys\/#breadcrumb"},"inLanguage":"en-GB","potentialAction":[{"@type":"ReadAction","target":["https:\/\/skaitytaknyga.lt\/produktas\/jude-deveraux-purpurines-naktys\/"]}]},{"@type":"ImageObject","inLanguage":"en-GB","@id":"https:\/\/skaitytaknyga.lt\/produktas\/jude-deveraux-purpurines-naktys\/#primaryimage","url":"https:\/\/skaitytaknyga.lt\/wp-content\/uploads\/2024\/10\/Purpurines-naktys.webp","contentUrl":"https:\/\/skaitytaknyga.lt\/wp-content\/uploads\/2024\/10\/Purpurines-naktys.webp","width":528,"height":800,"caption":"Jude Deveraux \u201ePurpurin\u0117s naktys\u201c"},{"@type":"BreadcrumbList","@id":"https:\/\/skaitytaknyga.lt\/produktas\/jude-deveraux-purpurines-naktys\/#breadcrumb","itemListElement":[{"@type":"ListItem","position":1,"name":"Home","item":"https:\/\/skaitytaknyga.lt\/"},{"@type":"ListItem","position":2,"name":"Parduotuv\u0117","item":"https:\/\/skaitytaknyga.lt\/knygu-parduotuve\/"},{"@type":"ListItem","position":3,"name":"Purpurin\u0117s naktys"}]},{"@type":"WebSite","@id":"https:\/\/skaitytaknyga.lt\/#website","url":"https:\/\/skaitytaknyga.lt\/","name":"skaitytaknyga.lt","description":"Skaitytaknyga.lt \u2013 tai ma\u017eas \u0161eimos verslas, kuris prasid\u0117jo nuo meil\u0117s knygoms ir siekio i\u0161gelb\u0117ti knygas nuo likimo prie konteinerio. Kas vienam nereikalingas daiktas \u2013 kitam lobis, o mes esame tarpininkai, kurie padeda abiems tapti laimingesniems ???? \u017dinome kaip nelengva i\u0161gyventi ma\u017eiems verslams, tad nuo \u0161iol, \u010dia rasite ir kit\u0173, ma\u017e\u0173 \u0161eim\u0173 versl\u0173, rank\u0173 darbo, dovan\u0173 sau ir artimiesiems.","publisher":{"@id":"https:\/\/skaitytaknyga.lt\/#organization"},"potentialAction":[{"@type":"SearchAction","target":{"@type":"EntryPoint","urlTemplate":"https:\/\/skaitytaknyga.lt\/?s={search_term_string}"},"query-input":{"@type":"PropertyValueSpecification","valueRequired":true,"valueName":"search_term_string"}}],"inLanguage":"en-GB"},{"@type":"Organization","@id":"https:\/\/skaitytaknyga.lt\/#organization","name":"skaitytaknyga.lt","url":"https:\/\/skaitytaknyga.lt\/","logo":{"@type":"ImageObject","inLanguage":"en-GB","@id":"https:\/\/skaitytaknyga.lt\/#\/schema\/logo\/image\/","url":"https:\/\/skaitytaknyga.lt\/wp-content\/uploads\/2024\/05\/cropped-cropped-cropped-02_00843_jt3bggkj1j3HLc7SyY6rEUpg.jpeg","contentUrl":"https:\/\/skaitytaknyga.lt\/wp-content\/uploads\/2024\/05\/cropped-cropped-cropped-02_00843_jt3bggkj1j3HLc7SyY6rEUpg.jpeg","width":1600,"height":1600,"caption":"skaitytaknyga.lt"},"image":{"@id":"https:\/\/skaitytaknyga.lt\/#\/schema\/logo\/image\/"},"sameAs":["https:\/\/www.facebook.com\/skaitytaknyga\/"]}]}},"_links":{"self":[{"href":"https:\/\/skaitytaknyga.lt\/en\/wp-json\/wp\/v2\/product\/14169","targetHints":{"allow":["GET"]}}],"collection":[{"href":"https:\/\/skaitytaknyga.lt\/en\/wp-json\/wp\/v2\/product"}],"about":[{"href":"https:\/\/skaitytaknyga.lt\/en\/wp-json\/wp\/v2\/types\/product"}],"replies":[{"embeddable":true,"href":"https:\/\/skaitytaknyga.lt\/en\/wp-json\/wp\/v2\/comments?post=14169"}],"wp:featuredmedia":[{"embeddable":true,"href":"https:\/\/skaitytaknyga.lt\/en\/wp-json\/wp\/v2\/media\/14179"}],"wp:attachment":[{"href":"https:\/\/skaitytaknyga.lt\/en\/wp-json\/wp\/v2\/media?parent=14169"}],"wp:term":[{"taxonomy":"product_brand","embeddable":true,"href":"https:\/\/skaitytaknyga.lt\/en\/wp-json\/wp\/v2\/product_brand?post=14169"},{"taxonomy":"product_cat","embeddable":true,"href":"https:\/\/skaitytaknyga.lt\/en\/wp-json\/wp\/v2\/product_cat?post=14169"},{"taxonomy":"product_tag","embeddable":true,"href":"https:\/\/skaitytaknyga.lt\/en\/wp-json\/wp\/v2\/product_tag?post=14169"}],"curies":[{"name":"wp","href":"https:\/\/api.w.org\/{rel}","templated":true}]}}