{"id":14168,"date":"2024-10-12T12:24:26","date_gmt":"2024-10-12T09:24:26","guid":{"rendered":"https:\/\/skaitytaknyga.lt\/?post_type=product&#038;p=14168"},"modified":"2025-01-25T15:23:05","modified_gmt":"2025-01-25T13:23:05","slug":"beveidziai","status":"publish","type":"product","link":"https:\/\/skaitytaknyga.lt\/en\/produktas\/beveidziai\/","title":{"rendered":"Beveid\u017eiai"},"content":{"rendered":"<p>Beatos Ti\u0161kevi\u010d naujausia knyga \u201eBeveid\u017eiai&#8221; \u2013 tai antroji bestselerio \u201eVyvenimas\u201c autor\u0117s knyga. Romanas \u201eBeveid\u017eiai\u201c \u2013 keturi\u0173 veik\u0117j\u0173: Tomo, Ingos, Gerdos ir Daivos, atviras pasakojimas apie psichoterapin\u0119 kelion\u0119, mokantis priimti ir pamilti save. Knygoje 4 nepa\u017e\u012fstamieji susitinka grup\u0117s terapijoje ir tokiu b\u016bdu pradeda sav\u0119s pa\u017einimo keli\u0105. Knygoje palie\u010diamos \u0161ios temos: nemeil\u0117 sau, sud\u0117tingi santykiai su t\u0117vais, savojo \u201ea\u0161&#8221; paie\u0161kos, mokymasis pa\u017einti save.<\/p>\n<p>\u201eRa\u0161au tiems \u017emon\u0117ms, kurie supranta vidinio pasaulio gali\u0105 ir nori j\u0105 pa\u017einti. \u0160\u012f roman\u0105 ir jo veik\u0117jus k\u016briau, tik\u0117damasi, kad kiekvienas atras sau artim\u0105 heroj\u0173, kurio kelion\u0117 primins j\u0173 pa\u010di\u0173 keli\u0105 ir pad\u0117s atrasti jame nauj\u0173 vingi\u0173,&#8221; \u2013 teigia Beata Ti\u0161kevi\u010d.<\/p>\n<ul class=\"about-product d-none d-xl-block mt-4\">\n<li><strong>Autorius:<\/strong>\u00a0Beata Ti\u0161kevi\u010d<\/li>\n<li><strong>Leid\u0117jas:<\/strong>\u00a0B. Ti\u0161kevi\u010d<\/li>\n<li><strong>Metai:<\/strong>\u00a02022<\/li>\n<li><strong>Puslapiai:<\/strong>\u00a0208<\/li>\n<li class=\"toggleable type-new-formats \"><strong>ISBN:<\/strong>\u00a09786090800188<\/li>\n<li><strong>Versijos kodas:<\/strong>\u00a020<\/li>\n<li class=\"toggleable type-new-formats \"><strong>Formatas:<\/strong>\u00a013 x 21 x 1,6 cm, mink\u0161ti vir\u0161eliai<\/li>\n<li><strong>Kalba:<\/strong>\u00a0Lietuvi\u0173<\/li>\n<\/ul>\n","protected":false},"excerpt":{"rendered":"<p>Beatos Ti\u0161kevi\u010d naujausia knyga \u201eBeveid\u017eiai&#8221; \u2013 tai antroji bestselerio \u201eVyvenimas\u201c autor\u0117s knyga. Romanas \u201eBeveid\u017eiai\u201c \u2013 keturi\u0173 veik\u0117j\u0173: Tomo, Ingos, Gerdos ir Daivos, atviras pasakojimas apie psichoterapin\u0119 kelion\u0119, mokantis priimti ir pamilti save. Knygoje 4 nepa\u017e\u012fstamieji susitinka grup\u0117s terapijoje ir tokiu b\u016bdu pradeda sav\u0119s pa\u017einimo keli\u0105. Knygoje palie\u010diamos \u0161ios temos: nemeil\u0117 sau, sud\u0117tingi santykiai su t\u0117vais, savojo \u201ea\u0161&#8221; paie\u0161kos, mokymasis pa\u017einti save. \u201eRa\u0161au tiems \u017emon\u0117ms, kurie supranta vidinio pasaulio gali\u0105 ir nori j\u0105 pa\u017einti. \u0160\u012f roman\u0105 ir jo veik\u0117jus k\u016briau, tik\u0117damasi, kad kiekvienas atras sau artim\u0105 heroj\u0173, kurio kelion\u0117 primins j\u0173 pa\u010di\u0173 keli\u0105 ir pad\u0117s atrasti jame nauj\u0173 vingi\u0173,&#8221; \u2013 teigia Beata Ti\u0161kevi\u010d. Autorius:\u00a0Beata Ti\u0161kevi\u010d Leid\u0117jas:\u00a0B. Ti\u0161kevi\u010d Metai:\u00a02022 Puslapiai:\u00a0208 ISBN:\u00a09786090800188 Versijos kodas:\u00a020 Formatas:\u00a013 x 21 x 1,6 cm, mink\u0161ti vir\u0161eliai Kalba:\u00a0Lietuvi\u0173<\/p>\n","protected":false},"featured_media":14180,"comment_status":"open","ping_status":"closed","template":"","meta":{"_acf_changed":false,"site-sidebar-layout":"default","site-content-layout":"","ast-site-content-layout":"default","site-content-style":"default","site-sidebar-style":"default","ast-global-header-display":"","ast-banner-title-visibility":"","ast-main-header-display":"","ast-hfb-above-header-display":"","ast-hfb-below-header-display":"","ast-hfb-mobile-header-display":"","site-post-title":"","ast-breadcrumbs-content":"","ast-featured-img":"","footer-sml-layout":"","ast-disable-related-posts":"","theme-transparent-header-meta":"default","adv-header-id-meta":"","stick-header-meta":"","header-above-stick-meta":"","header-main-stick-meta":"","header-below-stick-meta":"","astra-migrate-meta-layouts":"set","ast-page-background-enabled":"default","ast-page-background-meta":{"desktop":{"background-color":"","background-image":"","background-repeat":"repeat","background-position":"center center","background-size":"auto","background-attachment":"scroll","background-type":"","background-media":"","overlay-type":"","overlay-color":"","overlay-opacity":"","overlay-gradient":""},"tablet":{"background-color":"","background-image":"","background-repeat":"repeat","background-position":"center center","background-size":"auto","background-attachment":"scroll","background-type":"","background-media":"","overlay-type":"","overlay-color":"","overlay-opacity":"","overlay-gradient":""},"mobile":{"background-color":"","background-image":"","background-repeat":"repeat","background-position":"center center","background-size":"auto","background-attachment":"scroll","background-type":"","background-media":"","overlay-type":"","overlay-color":"","overlay-opacity":"","overlay-gradient":""}},"ast-content-background-meta":{"desktop":{"background-color":"var(--ast-global-color-4)","background-image":"","background-repeat":"repeat","background-position":"center center","background-size":"auto","background-attachment":"scroll","background-type":"","background-media":"","overlay-type":"","overlay-color":"","overlay-opacity":"","overlay-gradient":""},"tablet":{"background-color":"var(--ast-global-color-4)","background-image":"","background-repeat":"repeat","background-position":"center center","background-size":"auto","background-attachment":"scroll","background-type":"","background-media":"","overlay-type":"","overlay-color":"","overlay-opacity":"","overlay-gradient":""},"mobile":{"background-color":"var(--ast-global-color-4)","background-image":"","background-repeat":"repeat","background-position":"center center","background-size":"auto","background-attachment":"scroll","background-type":"","background-media":"","overlay-type":"","overlay-color":"","overlay-opacity":"","overlay-gradient":""}}},"product_brand":[],"product_cat":[31,15],"product_tag":[],"class_list":{"0":"post-14168","1":"product","2":"type-product","3":"status-publish","4":"has-post-thumbnail","6":"product_cat-grozine-literatura","7":"product_cat-uncategorized","8":"desktop-align-left","9":"tablet-align-left","10":"mobile-align-left","12":"first","13":"instock","14":"shipping-taxable","15":"purchasable","16":"product-type-simple"},"acf":[],"yoast_head":"<!-- This site is optimized with the Yoast SEO plugin v27.0 - https:\/\/yoast.com\/product\/yoast-seo-wordpress\/ -->\n<title>Beveid\u017eiai<\/title>\n<meta name=\"description\" content=\"Beatos Ti\u0161kevi\u010d naujausia knyga \u201eBeveid\u017eiai&quot; \u2013 tai antroji bestselerio \u201eVyvenimas\u201c autor\u0117s knyga. Romanas \u201eBeveid\u017eiai\u201c \u2013 keturi\u0173 veik\u0117j\u0173: Tomo, Ingos,\" \/>\n<meta name=\"robots\" content=\"index, follow, max-snippet:-1, max-image-preview:large, max-video-preview:-1\" \/>\n<link rel=\"canonical\" href=\"https:\/\/skaitytaknyga.lt\/en\/produktas\/beveidziai\/\" \/>\n<meta property=\"og:locale\" content=\"en_GB\" \/>\n<meta property=\"og:locale:alternate\" content=\"lt_LT\" \/>\n<meta property=\"og:type\" content=\"article\" \/>\n<meta property=\"og:title\" content=\"Beveid\u017eiai\" \/>\n<meta property=\"og:description\" content=\"Beatos Ti\u0161kevi\u010d naujausia knyga \u201eBeveid\u017eiai&quot; \u2013 tai antroji bestselerio \u201eVyvenimas\u201c autor\u0117s knyga. Romanas \u201eBeveid\u017eiai\u201c \u2013 keturi\u0173 veik\u0117j\u0173: Tomo, Ingos,\" \/>\n<meta property=\"og:url\" content=\"https:\/\/skaitytaknyga.lt\/en\/produktas\/beveidziai\/\" \/>\n<meta property=\"og:site_name\" content=\"Skaitytaknyga\" \/>\n<meta property=\"article:publisher\" content=\"https:\/\/www.facebook.com\/skaitytaknyga\/\" \/>\n<meta property=\"article:modified_time\" content=\"2025-01-25T13:23:05+00:00\" \/>\n<meta property=\"og:image\" content=\"https:\/\/skaitytaknyga.lt\/wp-content\/uploads\/2024\/10\/Beveidziai.webp\" \/>\n\t<meta property=\"og:image:width\" content=\"305\" \/>\n\t<meta property=\"og:image:height\" content=\"500\" \/>\n\t<meta property=\"og:image:type\" content=\"image\/webp\" \/>\n<meta name=\"twitter:card\" content=\"summary_large_image\" \/>\n<meta name=\"twitter:label1\" content=\"Estimated reading time\" \/>\n\t<meta name=\"twitter:data1\" content=\"1 minute\" \/>\n<script type=\"application\/ld+json\" class=\"yoast-schema-graph\">{\"@context\":\"https:\/\/schema.org\",\"@graph\":[{\"@type\":\"WebPage\",\"@id\":\"https:\/\/skaitytaknyga.lt\/produktas\/beveidziai\/\",\"url\":\"https:\/\/skaitytaknyga.lt\/produktas\/beveidziai\/\",\"name\":\"Beveid\u017eiai\",\"isPartOf\":{\"@id\":\"https:\/\/skaitytaknyga.lt\/#website\"},\"primaryImageOfPage\":{\"@id\":\"https:\/\/skaitytaknyga.lt\/produktas\/beveidziai\/#primaryimage\"},\"image\":{\"@id\":\"https:\/\/skaitytaknyga.lt\/produktas\/beveidziai\/#primaryimage\"},\"thumbnailUrl\":\"https:\/\/skaitytaknyga.lt\/wp-content\/uploads\/2024\/10\/Beveidziai.webp\",\"datePublished\":\"2024-10-12T09:24:26+00:00\",\"dateModified\":\"2025-01-25T13:23:05+00:00\",\"description\":\"Beatos Ti\u0161kevi\u010d naujausia knyga \u201eBeveid\u017eiai\\\" \u2013 tai antroji bestselerio \u201eVyvenimas\u201c autor\u0117s knyga. Romanas \u201eBeveid\u017eiai\u201c \u2013 keturi\u0173 veik\u0117j\u0173: Tomo, Ingos,\",\"breadcrumb\":{\"@id\":\"https:\/\/skaitytaknyga.lt\/produktas\/beveidziai\/#breadcrumb\"},\"inLanguage\":\"en-GB\",\"potentialAction\":[{\"@type\":\"ReadAction\",\"target\":[\"https:\/\/skaitytaknyga.lt\/produktas\/beveidziai\/\"]}]},{\"@type\":\"ImageObject\",\"inLanguage\":\"en-GB\",\"@id\":\"https:\/\/skaitytaknyga.lt\/produktas\/beveidziai\/#primaryimage\",\"url\":\"https:\/\/skaitytaknyga.lt\/wp-content\/uploads\/2024\/10\/Beveidziai.webp\",\"contentUrl\":\"https:\/\/skaitytaknyga.lt\/wp-content\/uploads\/2024\/10\/Beveidziai.webp\",\"width\":305,\"height\":500,\"caption\":\"Beveid\u017eiai (yra d\u0117mel\u0117 vir\u0161uje)\"},{\"@type\":\"BreadcrumbList\",\"@id\":\"https:\/\/skaitytaknyga.lt\/produktas\/beveidziai\/#breadcrumb\",\"itemListElement\":[{\"@type\":\"ListItem\",\"position\":1,\"name\":\"Home\",\"item\":\"https:\/\/skaitytaknyga.lt\/\"},{\"@type\":\"ListItem\",\"position\":2,\"name\":\"Parduotuv\u0117\",\"item\":\"https:\/\/skaitytaknyga.lt\/knygu-parduotuve\/\"},{\"@type\":\"ListItem\",\"position\":3,\"name\":\"Beveid\u017eiai\"}]},{\"@type\":\"WebSite\",\"@id\":\"https:\/\/skaitytaknyga.lt\/#website\",\"url\":\"https:\/\/skaitytaknyga.lt\/\",\"name\":\"skaitytaknyga.lt\",\"description\":\"Skaitytaknyga.lt \u2013 tai ma\u017eas \u0161eimos verslas, kuris prasid\u0117jo nuo meil\u0117s knygoms ir siekio i\u0161gelb\u0117ti knygas nuo likimo prie konteinerio. Kas vienam nereikalingas daiktas \u2013 kitam lobis, o mes esame tarpininkai, kurie padeda abiems tapti laimingesniems ???? \u017dinome kaip nelengva i\u0161gyventi ma\u017eiems verslams, tad nuo \u0161iol, \u010dia rasite ir kit\u0173, ma\u017e\u0173 \u0161eim\u0173 versl\u0173, rank\u0173 darbo, dovan\u0173 sau ir artimiesiems.\",\"publisher\":{\"@id\":\"https:\/\/skaitytaknyga.lt\/#organization\"},\"potentialAction\":[{\"@type\":\"SearchAction\",\"target\":{\"@type\":\"EntryPoint\",\"urlTemplate\":\"https:\/\/skaitytaknyga.lt\/?s={search_term_string}\"},\"query-input\":{\"@type\":\"PropertyValueSpecification\",\"valueRequired\":true,\"valueName\":\"search_term_string\"}}],\"inLanguage\":\"en-GB\"},{\"@type\":\"Organization\",\"@id\":\"https:\/\/skaitytaknyga.lt\/#organization\",\"name\":\"skaitytaknyga.lt\",\"url\":\"https:\/\/skaitytaknyga.lt\/\",\"logo\":{\"@type\":\"ImageObject\",\"inLanguage\":\"en-GB\",\"@id\":\"https:\/\/skaitytaknyga.lt\/#\/schema\/logo\/image\/\",\"url\":\"https:\/\/skaitytaknyga.lt\/wp-content\/uploads\/2024\/05\/cropped-cropped-cropped-02_00843_jt3bggkj1j3HLc7SyY6rEUpg.jpeg\",\"contentUrl\":\"https:\/\/skaitytaknyga.lt\/wp-content\/uploads\/2024\/05\/cropped-cropped-cropped-02_00843_jt3bggkj1j3HLc7SyY6rEUpg.jpeg\",\"width\":1600,\"height\":1600,\"caption\":\"skaitytaknyga.lt\"},\"image\":{\"@id\":\"https:\/\/skaitytaknyga.lt\/#\/schema\/logo\/image\/\"},\"sameAs\":[\"https:\/\/www.facebook.com\/skaitytaknyga\/\"]}]}<\/script>\n<!-- \/ Yoast SEO plugin. -->","yoast_head_json":{"title":"Beveid\u017eiai","description":"Beatos Ti\u0161kevi\u010d naujausia knyga \u201eBeveid\u017eiai\" \u2013 tai antroji bestselerio \u201eVyvenimas\u201c autor\u0117s knyga. Romanas \u201eBeveid\u017eiai\u201c \u2013 keturi\u0173 veik\u0117j\u0173: Tomo, Ingos,","robots":{"index":"index","follow":"follow","max-snippet":"max-snippet:-1","max-image-preview":"max-image-preview:large","max-video-preview":"max-video-preview:-1"},"canonical":"https:\/\/skaitytaknyga.lt\/en\/produktas\/beveidziai\/","og_locale":"en_GB","og_type":"article","og_title":"[:lt]Beveid\u017eiai[:] - Skaitytaknyga","og_description":"Beatos Ti\u0161kevi\u010d naujausia knyga \u201eBeveid\u017eiai\" \u2013 tai antroji bestselerio \u201eVyvenimas\u201c autor\u0117s knyga. Romanas \u201eBeveid\u017eiai\u201c \u2013 keturi\u0173 veik\u0117j\u0173: Tomo, Ingos,","og_url":"https:\/\/skaitytaknyga.lt\/en\/produktas\/beveidziai\/","og_site_name":"Skaitytaknyga","article_publisher":"https:\/\/www.facebook.com\/skaitytaknyga\/","article_modified_time":"2025-01-25T13:23:05+00:00","og_image":[{"width":305,"height":500,"url":"https:\/\/skaitytaknyga.lt\/wp-content\/uploads\/2024\/10\/Beveidziai.webp","type":"image\/webp"}],"twitter_card":"summary_large_image","twitter_misc":{"Estimated reading time":"1 minute"},"schema":{"@context":"https:\/\/schema.org","@graph":[{"@type":"WebPage","@id":"https:\/\/skaitytaknyga.lt\/produktas\/beveidziai\/","url":"https:\/\/skaitytaknyga.lt\/produktas\/beveidziai\/","name":"Beveid\u017eiai","isPartOf":{"@id":"https:\/\/skaitytaknyga.lt\/#website"},"primaryImageOfPage":{"@id":"https:\/\/skaitytaknyga.lt\/produktas\/beveidziai\/#primaryimage"},"image":{"@id":"https:\/\/skaitytaknyga.lt\/produktas\/beveidziai\/#primaryimage"},"thumbnailUrl":"https:\/\/skaitytaknyga.lt\/wp-content\/uploads\/2024\/10\/Beveidziai.webp","datePublished":"2024-10-12T09:24:26+00:00","dateModified":"2025-01-25T13:23:05+00:00","description":"Beatos Ti\u0161kevi\u010d naujausia knyga \u201eBeveid\u017eiai\" \u2013 tai antroji bestselerio \u201eVyvenimas\u201c autor\u0117s knyga. Romanas \u201eBeveid\u017eiai\u201c \u2013 keturi\u0173 veik\u0117j\u0173: Tomo, Ingos,","breadcrumb":{"@id":"https:\/\/skaitytaknyga.lt\/produktas\/beveidziai\/#breadcrumb"},"inLanguage":"en-GB","potentialAction":[{"@type":"ReadAction","target":["https:\/\/skaitytaknyga.lt\/produktas\/beveidziai\/"]}]},{"@type":"ImageObject","inLanguage":"en-GB","@id":"https:\/\/skaitytaknyga.lt\/produktas\/beveidziai\/#primaryimage","url":"https:\/\/skaitytaknyga.lt\/wp-content\/uploads\/2024\/10\/Beveidziai.webp","contentUrl":"https:\/\/skaitytaknyga.lt\/wp-content\/uploads\/2024\/10\/Beveidziai.webp","width":305,"height":500,"caption":"Beveid\u017eiai (yra d\u0117mel\u0117 vir\u0161uje)"},{"@type":"BreadcrumbList","@id":"https:\/\/skaitytaknyga.lt\/produktas\/beveidziai\/#breadcrumb","itemListElement":[{"@type":"ListItem","position":1,"name":"Home","item":"https:\/\/skaitytaknyga.lt\/"},{"@type":"ListItem","position":2,"name":"Parduotuv\u0117","item":"https:\/\/skaitytaknyga.lt\/knygu-parduotuve\/"},{"@type":"ListItem","position":3,"name":"Beveid\u017eiai"}]},{"@type":"WebSite","@id":"https:\/\/skaitytaknyga.lt\/#website","url":"https:\/\/skaitytaknyga.lt\/","name":"skaitytaknyga.lt","description":"Skaitytaknyga.lt \u2013 tai ma\u017eas \u0161eimos verslas, kuris prasid\u0117jo nuo meil\u0117s knygoms ir siekio i\u0161gelb\u0117ti knygas nuo likimo prie konteinerio. Kas vienam nereikalingas daiktas \u2013 kitam lobis, o mes esame tarpininkai, kurie padeda abiems tapti laimingesniems ???? \u017dinome kaip nelengva i\u0161gyventi ma\u017eiems verslams, tad nuo \u0161iol, \u010dia rasite ir kit\u0173, ma\u017e\u0173 \u0161eim\u0173 versl\u0173, rank\u0173 darbo, dovan\u0173 sau ir artimiesiems.","publisher":{"@id":"https:\/\/skaitytaknyga.lt\/#organization"},"potentialAction":[{"@type":"SearchAction","target":{"@type":"EntryPoint","urlTemplate":"https:\/\/skaitytaknyga.lt\/?s={search_term_string}"},"query-input":{"@type":"PropertyValueSpecification","valueRequired":true,"valueName":"search_term_string"}}],"inLanguage":"en-GB"},{"@type":"Organization","@id":"https:\/\/skaitytaknyga.lt\/#organization","name":"skaitytaknyga.lt","url":"https:\/\/skaitytaknyga.lt\/","logo":{"@type":"ImageObject","inLanguage":"en-GB","@id":"https:\/\/skaitytaknyga.lt\/#\/schema\/logo\/image\/","url":"https:\/\/skaitytaknyga.lt\/wp-content\/uploads\/2024\/05\/cropped-cropped-cropped-02_00843_jt3bggkj1j3HLc7SyY6rEUpg.jpeg","contentUrl":"https:\/\/skaitytaknyga.lt\/wp-content\/uploads\/2024\/05\/cropped-cropped-cropped-02_00843_jt3bggkj1j3HLc7SyY6rEUpg.jpeg","width":1600,"height":1600,"caption":"skaitytaknyga.lt"},"image":{"@id":"https:\/\/skaitytaknyga.lt\/#\/schema\/logo\/image\/"},"sameAs":["https:\/\/www.facebook.com\/skaitytaknyga\/"]}]}},"_links":{"self":[{"href":"https:\/\/skaitytaknyga.lt\/en\/wp-json\/wp\/v2\/product\/14168","targetHints":{"allow":["GET"]}}],"collection":[{"href":"https:\/\/skaitytaknyga.lt\/en\/wp-json\/wp\/v2\/product"}],"about":[{"href":"https:\/\/skaitytaknyga.lt\/en\/wp-json\/wp\/v2\/types\/product"}],"replies":[{"embeddable":true,"href":"https:\/\/skaitytaknyga.lt\/en\/wp-json\/wp\/v2\/comments?post=14168"}],"wp:featuredmedia":[{"embeddable":true,"href":"https:\/\/skaitytaknyga.lt\/en\/wp-json\/wp\/v2\/media\/14180"}],"wp:attachment":[{"href":"https:\/\/skaitytaknyga.lt\/en\/wp-json\/wp\/v2\/media?parent=14168"}],"wp:term":[{"taxonomy":"product_brand","embeddable":true,"href":"https:\/\/skaitytaknyga.lt\/en\/wp-json\/wp\/v2\/product_brand?post=14168"},{"taxonomy":"product_cat","embeddable":true,"href":"https:\/\/skaitytaknyga.lt\/en\/wp-json\/wp\/v2\/product_cat?post=14168"},{"taxonomy":"product_tag","embeddable":true,"href":"https:\/\/skaitytaknyga.lt\/en\/wp-json\/wp\/v2\/product_tag?post=14168"}],"curies":[{"name":"wp","href":"https:\/\/api.w.org\/{rel}","templated":true}]}}