{"id":14167,"date":"2024-10-12T12:24:26","date_gmt":"2024-10-12T09:24:26","guid":{"rendered":"https:\/\/skaitytaknyga.lt\/?post_type=product&#038;p=14167"},"modified":"2024-10-12T12:39:35","modified_gmt":"2024-10-12T09:39:35","slug":"is-kur-ateina-meile-nuo-romantikos-iki-fiziologijos-yra-naudojimo-zymiu","status":"publish","type":"product","link":"https:\/\/skaitytaknyga.lt\/en\/produktas\/is-kur-ateina-meile-nuo-romantikos-iki-fiziologijos-yra-naudojimo-zymiu\/","title":{"rendered":"I\u0161 kur ateina meil\u0117. Nuo romantikos iki fiziologijos (yra naudojimo \u017eymi\u0173)"},"content":{"rendered":"<p>Mane, kaip gydytoj\u0105, d\u017eiugina \u017emon\u0117s, pastaruoju metu vis geriau suprantantys, kad teigiami jausmai padeda i\u0161likti sveikiems ir netgi gydo. Kaip manot, kod\u0117l ved\u0119 \u017emon\u0117s gyvena ilgiau? Tai ne pok\u0161tas, meil\u0117 i\u0161 tikr\u0173j\u0173 gelbsti gyvybes! Ji pagreitina \u017eaizd\u0173 gijim\u0105, padeda i\u0161vengti \u0161irdies sm\u016bgio, o daugiausia laimi tie, kurie r\u016bpinasi kitais. Kiti \u017emon\u0117s mums reikalingi tam, kad b\u016btume laimingi.<\/p>\n<p>Ar tiesa, kad meil\u0117 ateina per skrand\u012f? Kod\u0117l makakos lifte elgiasi mandagiau nei \u017emon\u0117s? K\u0105 bendra turi moter\u0173 flirtas vakar\u0117lyje su drozofil\u0173 elgesiu, o nuotolinio valdymo pultelis su vyr\u0173 med\u017eiokl\u0117s instinktu? Eckartas von Hirschhausenas savitai ai\u0161kina m\u016bs\u0173 jausm\u0173 prie\u017eastis, lemian\u010dias poravimosi papro\u010dius ir tarpusavio santykius. Skaitydami \u0161i\u0105 knyg\u0105 vyrai gal\u0117s iki soties pasijuokti i\u0161 moter\u0173, o moterys i\u0161 vyr\u0173, poros i\u0161 vieni\u0161i\u0173, o vieni\u0161iai i\u0161 gyvenan\u010di\u0173j\u0173 poromis.<\/p>\n<p>Kuo rim\u010diausi mokslo faktai \u010dia visi\u0161kai netik\u0117tai persipina su kasdienybe ir humoru. Patirsite, kad pinig\u0173 skai\u010diavimas padeda mal\u0161inti skausm\u0105, o botoksas ne tik lygina kaktos rauk\u0161les, bet ir bukina jausmus. Su\u017einosite, kas slopina nelaimingos meil\u0117s sielvart\u0105, kaip i\u0161mokti gin\u010dytis ir i\u0161 drauge praleist\u0173 atostog\u0173 gr\u012f\u017eti nesusipykus.<\/p>\n<p>Kur keliauja meil\u0117? Tai turite i\u0161siai\u0161kinti patys. Ai\u0161ku tik viena: skaityti kelio apra\u0161ym\u0105 \u2013 irgi didelis malonumas.<\/p>\n<p>Dr. Eckartas von Hirschhausenas yra gerai \u017einomas Vokietijoje humoristas, televizijos ir radijo laid\u0173 autorius, socialini\u0173 akcij\u0173 reng\u0117jas, keli\u0173 nepaprastai populiari\u0173 knyg\u0173 autorius. Nagrin\u0117damas daugyb\u0119 kasdienio gyvenimo situacij\u0173, supindamas patarimus su sveiku humoru ra\u0161ytojas mus skatina geriau \u012fsi\u017ei\u016br\u0117ti \u012f aplink\u0105 ir nestokoti k\u016brybi\u0161kumo. Hirschhausenas tiki savo knygomis gal\u012fs priversti ne tik nusijuokti ir padauginti laim\u0117s hormon\u0173 kiek\u012f, bet ir pakeisti visuomen\u0117s po\u017ei\u016br\u012f \u012f tam tikrus dalykus.<\/p>\n<p>\u201eMeil\u0117s tema yra nei\u0161semiama it sultinio l\u0117k\u0161t\u0117 tam, kuris teturi \u0161akut\u0119. Ar tik mes visi nelaikom tos \u0161akut\u0117s rankoj?\u201c<\/p>\n<ul class=\"about-product d-none d-xl-block mt-4\">\n<li><strong>Originalus pavadinimas:<\/strong>\u00a0Wohin geht die Liebe, wenn sie durch den Magen durch ist?<\/li>\n<li><strong>Autorius:<\/strong>\u00a0Eckart von Hirschhausen<\/li>\n<li><strong>Leid\u0117jas:<\/strong>\u00a0Alma littera<\/li>\n<li><strong>Metai:<\/strong>\u00a02013<\/li>\n<li><strong>Puslapiai:<\/strong>\u00a0304<\/li>\n<li class=\"toggleable type-new-formats \"><strong>ISBN:<\/strong>\u00a09786090112908<\/li>\n<li><strong>Versijos kodas:<\/strong>\u00a0PT.<\/li>\n<li class=\"toggleable type-new-formats \"><strong>Formatas:<\/strong>\u00a021,5 x 14,5 cm, mink\u0161ti vir\u0161eliai<\/li>\n<li><strong>Kalba:<\/strong>\u00a0Lietuvi\u0173<\/li>\n<li><strong>Vert\u0117jas:<\/strong>\u00a0Birut\u0117 Lipavi\u010dien\u0117<\/li>\n<\/ul>\n","protected":false},"excerpt":{"rendered":"<p>Mane, kaip gydytoj\u0105, d\u017eiugina \u017emon\u0117s, pastaruoju metu vis geriau suprantantys, kad teigiami jausmai padeda i\u0161likti sveikiems ir netgi gydo. Kaip manot, kod\u0117l ved\u0119 \u017emon\u0117s gyvena ilgiau? Tai ne pok\u0161tas, meil\u0117 i\u0161 tikr\u0173j\u0173 gelbsti gyvybes! Ji pagreitina \u017eaizd\u0173 gijim\u0105, padeda i\u0161vengti \u0161irdies sm\u016bgio, o daugiausia laimi tie, kurie r\u016bpinasi kitais. Kiti \u017emon\u0117s mums reikalingi tam, kad b\u016btume laimingi. Ar tiesa, kad meil\u0117 ateina per skrand\u012f? Kod\u0117l makakos lifte elgiasi mandagiau nei \u017emon\u0117s? K\u0105 bendra turi moter\u0173 flirtas vakar\u0117lyje su drozofil\u0173 elgesiu, o nuotolinio valdymo pultelis su vyr\u0173 med\u017eiokl\u0117s instinktu? Eckartas von Hirschhausenas savitai ai\u0161kina m\u016bs\u0173 jausm\u0173 prie\u017eastis, lemian\u010dias poravimosi papro\u010dius ir tarpusavio santykius. Skaitydami \u0161i\u0105 knyg\u0105 vyrai gal\u0117s iki soties pasijuokti i\u0161 moter\u0173, o moterys i\u0161 vyr\u0173, poros i\u0161 vieni\u0161i\u0173, o vieni\u0161iai i\u0161 gyvenan\u010di\u0173j\u0173 poromis. Kuo rim\u010diausi mokslo faktai \u010dia visi\u0161kai netik\u0117tai persipina su kasdienybe ir humoru. Patirsite, kad pinig\u0173 skai\u010diavimas padeda mal\u0161inti skausm\u0105, o botoksas ne tik lygina kaktos rauk\u0161les, bet ir bukina jausmus. Su\u017einosite, kas slopina nelaimingos meil\u0117s sielvart\u0105, kaip i\u0161mokti gin\u010dytis ir i\u0161 drauge praleist\u0173 atostog\u0173 gr\u012f\u017eti nesusipykus. Kur keliauja meil\u0117? Tai turite i\u0161siai\u0161kinti patys. Ai\u0161ku tik viena: skaityti kelio apra\u0161ym\u0105 \u2013 irgi didelis malonumas. Dr. Eckartas von Hirschhausenas yra gerai \u017einomas Vokietijoje humoristas, televizijos ir radijo laid\u0173 autorius, socialini\u0173 akcij\u0173 reng\u0117jas, keli\u0173 nepaprastai populiari\u0173 knyg\u0173 autorius. Nagrin\u0117damas daugyb\u0119 kasdienio gyvenimo situacij\u0173, supindamas patarimus su sveiku humoru ra\u0161ytojas mus skatina geriau \u012fsi\u017ei\u016br\u0117ti \u012f aplink\u0105 ir nestokoti k\u016brybi\u0161kumo. Hirschhausenas tiki savo knygomis gal\u012fs priversti ne tik nusijuokti ir padauginti laim\u0117s hormon\u0173 kiek\u012f, bet ir pakeisti visuomen\u0117s po\u017ei\u016br\u012f \u012f tam tikrus dalykus. \u201eMeil\u0117s tema yra nei\u0161semiama it sultinio l\u0117k\u0161t\u0117 tam, kuris teturi \u0161akut\u0119. Ar tik mes visi nelaikom tos \u0161akut\u0117s rankoj?\u201c Originalus pavadinimas:\u00a0Wohin geht die Liebe, wenn sie durch den Magen durch ist? Autorius:\u00a0Eckart von Hirschhausen Leid\u0117jas:\u00a0Alma littera Metai:\u00a02013 Puslapiai:\u00a0304 ISBN:\u00a09786090112908 Versijos kodas:\u00a0PT. Formatas:\u00a021,5 x 14,5 cm, mink\u0161ti vir\u0161eliai Kalba:\u00a0Lietuvi\u0173 Vert\u0117jas:\u00a0Birut\u0117 Lipavi\u010dien\u0117<\/p>\n","protected":false},"featured_media":14182,"comment_status":"open","ping_status":"closed","template":"","meta":{"_acf_changed":false,"site-sidebar-layout":"default","site-content-layout":"","ast-site-content-layout":"default","site-content-style":"default","site-sidebar-style":"default","ast-global-header-display":"","ast-banner-title-visibility":"","ast-main-header-display":"","ast-hfb-above-header-display":"","ast-hfb-below-header-display":"","ast-hfb-mobile-header-display":"","site-post-title":"","ast-breadcrumbs-content":"","ast-featured-img":"","footer-sml-layout":"","ast-disable-related-posts":"","theme-transparent-header-meta":"default","adv-header-id-meta":"","stick-header-meta":"","header-above-stick-meta":"","header-main-stick-meta":"","header-below-stick-meta":"","astra-migrate-meta-layouts":"set","ast-page-background-enabled":"default","ast-page-background-meta":{"desktop":{"background-color":"","background-image":"","background-repeat":"repeat","background-position":"center center","background-size":"auto","background-attachment":"scroll","background-type":"","background-media":"","overlay-type":"","overlay-color":"","overlay-opacity":"","overlay-gradient":""},"tablet":{"background-color":"","background-image":"","background-repeat":"repeat","background-position":"center center","background-size":"auto","background-attachment":"scroll","background-type":"","background-media":"","overlay-type":"","overlay-color":"","overlay-opacity":"","overlay-gradient":""},"mobile":{"background-color":"","background-image":"","background-repeat":"repeat","background-position":"center center","background-size":"auto","background-attachment":"scroll","background-type":"","background-media":"","overlay-type":"","overlay-color":"","overlay-opacity":"","overlay-gradient":""}},"ast-content-background-meta":{"desktop":{"background-color":"var(--ast-global-color-4)","background-image":"","background-repeat":"repeat","background-position":"center center","background-size":"auto","background-attachment":"scroll","background-type":"","background-media":"","overlay-type":"","overlay-color":"","overlay-opacity":"","overlay-gradient":""},"tablet":{"background-color":"var(--ast-global-color-4)","background-image":"","background-repeat":"repeat","background-position":"center center","background-size":"auto","background-attachment":"scroll","background-type":"","background-media":"","overlay-type":"","overlay-color":"","overlay-opacity":"","overlay-gradient":""},"mobile":{"background-color":"var(--ast-global-color-4)","background-image":"","background-repeat":"repeat","background-position":"center center","background-size":"auto","background-attachment":"scroll","background-type":"","background-media":"","overlay-type":"","overlay-color":"","overlay-opacity":"","overlay-gradient":""}}},"product_brand":[],"product_cat":[15,30],"product_tag":[],"class_list":{"0":"post-14167","1":"product","2":"type-product","3":"status-publish","4":"has-post-thumbnail","6":"product_cat-uncategorized","7":"product_cat-psichologija-ir-saviugda","8":"desktop-align-left","9":"tablet-align-left","10":"mobile-align-left","12":"first","13":"instock","14":"shipping-taxable","15":"purchasable","16":"product-type-simple"},"acf":[],"yoast_head":"<!-- This site is optimized with the Yoast SEO plugin v27.0 - https:\/\/yoast.com\/product\/yoast-seo-wordpress\/ -->\n<title>I\u0161 kur ateina meil\u0117. Nuo romantikos iki fiziologijos (yra naudojimo \u017eymi\u0173)<\/title>\n<meta name=\"description\" content=\"Mane, kaip gydytoj\u0105, d\u017eiugina \u017emon\u0117s, pastaruoju metu vis geriau suprantantys, kad teigiami jausmai padeda i\u0161likti sveikiems ir netgi gydo. Kaip manot,\" \/>\n<meta name=\"robots\" content=\"index, follow, max-snippet:-1, max-image-preview:large, max-video-preview:-1\" \/>\n<link rel=\"canonical\" href=\"https:\/\/skaitytaknyga.lt\/en\/produktas\/is-kur-ateina-meile-nuo-romantikos-iki-fiziologijos-yra-naudojimo-zymiu\/\" \/>\n<meta property=\"og:locale\" content=\"en_GB\" \/>\n<meta property=\"og:locale:alternate\" content=\"lt_LT\" \/>\n<meta property=\"og:type\" content=\"article\" \/>\n<meta property=\"og:title\" content=\"I\u0161 kur ateina meil\u0117. Nuo romantikos iki fiziologijos (yra naudojimo \u017eymi\u0173)\" \/>\n<meta property=\"og:description\" content=\"Mane, kaip gydytoj\u0105, d\u017eiugina \u017emon\u0117s, pastaruoju metu vis geriau suprantantys, kad teigiami jausmai padeda i\u0161likti sveikiems ir netgi gydo. Kaip manot,\" \/>\n<meta property=\"og:url\" content=\"https:\/\/skaitytaknyga.lt\/en\/produktas\/is-kur-ateina-meile-nuo-romantikos-iki-fiziologijos-yra-naudojimo-zymiu\/\" \/>\n<meta property=\"og:site_name\" content=\"Skaitytaknyga\" \/>\n<meta property=\"article:publisher\" content=\"https:\/\/www.facebook.com\/skaitytaknyga\/\" \/>\n<meta property=\"article:modified_time\" content=\"2024-10-12T09:39:35+00:00\" \/>\n<meta property=\"og:image\" content=\"https:\/\/skaitytaknyga.lt\/wp-content\/uploads\/2024\/10\/Is-kur-ateina-meile.-Nuo-romantikos-iki-fiziologijos-yra-naudojimo-zymiu.webp\" \/>\n\t<meta property=\"og:image:width\" content=\"500\" \/>\n\t<meta property=\"og:image:height\" content=\"745\" \/>\n\t<meta property=\"og:image:type\" content=\"image\/webp\" \/>\n<meta name=\"twitter:card\" content=\"summary_large_image\" \/>\n<meta name=\"twitter:label1\" content=\"Estimated reading time\" \/>\n\t<meta name=\"twitter:data1\" content=\"2 minutes\" \/>\n<script type=\"application\/ld+json\" class=\"yoast-schema-graph\">{\"@context\":\"https:\/\/schema.org\",\"@graph\":[{\"@type\":\"WebPage\",\"@id\":\"https:\/\/skaitytaknyga.lt\/produktas\/is-kur-ateina-meile-nuo-romantikos-iki-fiziologijos-yra-naudojimo-zymiu\/\",\"url\":\"https:\/\/skaitytaknyga.lt\/produktas\/is-kur-ateina-meile-nuo-romantikos-iki-fiziologijos-yra-naudojimo-zymiu\/\",\"name\":\"I\u0161 kur ateina meil\u0117. Nuo romantikos iki fiziologijos (yra naudojimo \u017eymi\u0173)\",\"isPartOf\":{\"@id\":\"https:\/\/skaitytaknyga.lt\/#website\"},\"primaryImageOfPage\":{\"@id\":\"https:\/\/skaitytaknyga.lt\/produktas\/is-kur-ateina-meile-nuo-romantikos-iki-fiziologijos-yra-naudojimo-zymiu\/#primaryimage\"},\"image\":{\"@id\":\"https:\/\/skaitytaknyga.lt\/produktas\/is-kur-ateina-meile-nuo-romantikos-iki-fiziologijos-yra-naudojimo-zymiu\/#primaryimage\"},\"thumbnailUrl\":\"https:\/\/skaitytaknyga.lt\/wp-content\/uploads\/2024\/10\/Is-kur-ateina-meile.-Nuo-romantikos-iki-fiziologijos-yra-naudojimo-zymiu.webp\",\"datePublished\":\"2024-10-12T09:24:26+00:00\",\"dateModified\":\"2024-10-12T09:39:35+00:00\",\"description\":\"Mane, kaip gydytoj\u0105, d\u017eiugina \u017emon\u0117s, pastaruoju metu vis geriau suprantantys, kad teigiami jausmai padeda i\u0161likti sveikiems ir netgi gydo. Kaip manot,\",\"breadcrumb\":{\"@id\":\"https:\/\/skaitytaknyga.lt\/produktas\/is-kur-ateina-meile-nuo-romantikos-iki-fiziologijos-yra-naudojimo-zymiu\/#breadcrumb\"},\"inLanguage\":\"en-GB\",\"potentialAction\":[{\"@type\":\"ReadAction\",\"target\":[\"https:\/\/skaitytaknyga.lt\/produktas\/is-kur-ateina-meile-nuo-romantikos-iki-fiziologijos-yra-naudojimo-zymiu\/\"]}]},{\"@type\":\"ImageObject\",\"inLanguage\":\"en-GB\",\"@id\":\"https:\/\/skaitytaknyga.lt\/produktas\/is-kur-ateina-meile-nuo-romantikos-iki-fiziologijos-yra-naudojimo-zymiu\/#primaryimage\",\"url\":\"https:\/\/skaitytaknyga.lt\/wp-content\/uploads\/2024\/10\/Is-kur-ateina-meile.-Nuo-romantikos-iki-fiziologijos-yra-naudojimo-zymiu.webp\",\"contentUrl\":\"https:\/\/skaitytaknyga.lt\/wp-content\/uploads\/2024\/10\/Is-kur-ateina-meile.-Nuo-romantikos-iki-fiziologijos-yra-naudojimo-zymiu.webp\",\"width\":500,\"height\":745,\"caption\":\"I\u0161 kur ateina meil\u0117. Nuo romantikos iki fiziologijos (yra naudojimo \u017eymi\u0173)\"},{\"@type\":\"BreadcrumbList\",\"@id\":\"https:\/\/skaitytaknyga.lt\/produktas\/is-kur-ateina-meile-nuo-romantikos-iki-fiziologijos-yra-naudojimo-zymiu\/#breadcrumb\",\"itemListElement\":[{\"@type\":\"ListItem\",\"position\":1,\"name\":\"Home\",\"item\":\"https:\/\/skaitytaknyga.lt\/\"},{\"@type\":\"ListItem\",\"position\":2,\"name\":\"Parduotuv\u0117\",\"item\":\"https:\/\/skaitytaknyga.lt\/knygu-parduotuve\/\"},{\"@type\":\"ListItem\",\"position\":3,\"name\":\"I\u0161 kur ateina meil\u0117. Nuo romantikos iki fiziologijos (yra naudojimo \u017eymi\u0173)\"}]},{\"@type\":\"WebSite\",\"@id\":\"https:\/\/skaitytaknyga.lt\/#website\",\"url\":\"https:\/\/skaitytaknyga.lt\/\",\"name\":\"skaitytaknyga.lt\",\"description\":\"Skaitytaknyga.lt \u2013 tai ma\u017eas \u0161eimos verslas, kuris prasid\u0117jo nuo meil\u0117s knygoms ir siekio i\u0161gelb\u0117ti knygas nuo likimo prie konteinerio. Kas vienam nereikalingas daiktas \u2013 kitam lobis, o mes esame tarpininkai, kurie padeda abiems tapti laimingesniems ???? \u017dinome kaip nelengva i\u0161gyventi ma\u017eiems verslams, tad nuo \u0161iol, \u010dia rasite ir kit\u0173, ma\u017e\u0173 \u0161eim\u0173 versl\u0173, rank\u0173 darbo, dovan\u0173 sau ir artimiesiems.\",\"publisher\":{\"@id\":\"https:\/\/skaitytaknyga.lt\/#organization\"},\"potentialAction\":[{\"@type\":\"SearchAction\",\"target\":{\"@type\":\"EntryPoint\",\"urlTemplate\":\"https:\/\/skaitytaknyga.lt\/?s={search_term_string}\"},\"query-input\":{\"@type\":\"PropertyValueSpecification\",\"valueRequired\":true,\"valueName\":\"search_term_string\"}}],\"inLanguage\":\"en-GB\"},{\"@type\":\"Organization\",\"@id\":\"https:\/\/skaitytaknyga.lt\/#organization\",\"name\":\"skaitytaknyga.lt\",\"url\":\"https:\/\/skaitytaknyga.lt\/\",\"logo\":{\"@type\":\"ImageObject\",\"inLanguage\":\"en-GB\",\"@id\":\"https:\/\/skaitytaknyga.lt\/#\/schema\/logo\/image\/\",\"url\":\"https:\/\/skaitytaknyga.lt\/wp-content\/uploads\/2024\/05\/cropped-cropped-cropped-02_00843_jt3bggkj1j3HLc7SyY6rEUpg.jpeg\",\"contentUrl\":\"https:\/\/skaitytaknyga.lt\/wp-content\/uploads\/2024\/05\/cropped-cropped-cropped-02_00843_jt3bggkj1j3HLc7SyY6rEUpg.jpeg\",\"width\":1600,\"height\":1600,\"caption\":\"skaitytaknyga.lt\"},\"image\":{\"@id\":\"https:\/\/skaitytaknyga.lt\/#\/schema\/logo\/image\/\"},\"sameAs\":[\"https:\/\/www.facebook.com\/skaitytaknyga\/\"]}]}<\/script>\n<!-- \/ Yoast SEO plugin. -->","yoast_head_json":{"title":"I\u0161 kur ateina meil\u0117. Nuo romantikos iki fiziologijos (yra naudojimo \u017eymi\u0173)","description":"Mane, kaip gydytoj\u0105, d\u017eiugina \u017emon\u0117s, pastaruoju metu vis geriau suprantantys, kad teigiami jausmai padeda i\u0161likti sveikiems ir netgi gydo. Kaip manot,","robots":{"index":"index","follow":"follow","max-snippet":"max-snippet:-1","max-image-preview":"max-image-preview:large","max-video-preview":"max-video-preview:-1"},"canonical":"https:\/\/skaitytaknyga.lt\/en\/produktas\/is-kur-ateina-meile-nuo-romantikos-iki-fiziologijos-yra-naudojimo-zymiu\/","og_locale":"en_GB","og_type":"article","og_title":"[:lt]I\u0161 kur ateina meil\u0117. Nuo romantikos iki fiziologijos (yra naudojimo \u017eymi\u0173)[:] - Skaitytaknyga","og_description":"Mane, kaip gydytoj\u0105, d\u017eiugina \u017emon\u0117s, pastaruoju metu vis geriau suprantantys, kad teigiami jausmai padeda i\u0161likti sveikiems ir netgi gydo. Kaip manot,","og_url":"https:\/\/skaitytaknyga.lt\/en\/produktas\/is-kur-ateina-meile-nuo-romantikos-iki-fiziologijos-yra-naudojimo-zymiu\/","og_site_name":"Skaitytaknyga","article_publisher":"https:\/\/www.facebook.com\/skaitytaknyga\/","article_modified_time":"2024-10-12T09:39:35+00:00","og_image":[{"width":500,"height":745,"url":"https:\/\/skaitytaknyga.lt\/wp-content\/uploads\/2024\/10\/Is-kur-ateina-meile.-Nuo-romantikos-iki-fiziologijos-yra-naudojimo-zymiu.webp","type":"image\/webp"}],"twitter_card":"summary_large_image","twitter_misc":{"Estimated reading time":"2 minutes"},"schema":{"@context":"https:\/\/schema.org","@graph":[{"@type":"WebPage","@id":"https:\/\/skaitytaknyga.lt\/produktas\/is-kur-ateina-meile-nuo-romantikos-iki-fiziologijos-yra-naudojimo-zymiu\/","url":"https:\/\/skaitytaknyga.lt\/produktas\/is-kur-ateina-meile-nuo-romantikos-iki-fiziologijos-yra-naudojimo-zymiu\/","name":"I\u0161 kur ateina meil\u0117. Nuo romantikos iki fiziologijos (yra naudojimo \u017eymi\u0173)","isPartOf":{"@id":"https:\/\/skaitytaknyga.lt\/#website"},"primaryImageOfPage":{"@id":"https:\/\/skaitytaknyga.lt\/produktas\/is-kur-ateina-meile-nuo-romantikos-iki-fiziologijos-yra-naudojimo-zymiu\/#primaryimage"},"image":{"@id":"https:\/\/skaitytaknyga.lt\/produktas\/is-kur-ateina-meile-nuo-romantikos-iki-fiziologijos-yra-naudojimo-zymiu\/#primaryimage"},"thumbnailUrl":"https:\/\/skaitytaknyga.lt\/wp-content\/uploads\/2024\/10\/Is-kur-ateina-meile.-Nuo-romantikos-iki-fiziologijos-yra-naudojimo-zymiu.webp","datePublished":"2024-10-12T09:24:26+00:00","dateModified":"2024-10-12T09:39:35+00:00","description":"Mane, kaip gydytoj\u0105, d\u017eiugina \u017emon\u0117s, pastaruoju metu vis geriau suprantantys, kad teigiami jausmai padeda i\u0161likti sveikiems ir netgi gydo. Kaip manot,","breadcrumb":{"@id":"https:\/\/skaitytaknyga.lt\/produktas\/is-kur-ateina-meile-nuo-romantikos-iki-fiziologijos-yra-naudojimo-zymiu\/#breadcrumb"},"inLanguage":"en-GB","potentialAction":[{"@type":"ReadAction","target":["https:\/\/skaitytaknyga.lt\/produktas\/is-kur-ateina-meile-nuo-romantikos-iki-fiziologijos-yra-naudojimo-zymiu\/"]}]},{"@type":"ImageObject","inLanguage":"en-GB","@id":"https:\/\/skaitytaknyga.lt\/produktas\/is-kur-ateina-meile-nuo-romantikos-iki-fiziologijos-yra-naudojimo-zymiu\/#primaryimage","url":"https:\/\/skaitytaknyga.lt\/wp-content\/uploads\/2024\/10\/Is-kur-ateina-meile.-Nuo-romantikos-iki-fiziologijos-yra-naudojimo-zymiu.webp","contentUrl":"https:\/\/skaitytaknyga.lt\/wp-content\/uploads\/2024\/10\/Is-kur-ateina-meile.-Nuo-romantikos-iki-fiziologijos-yra-naudojimo-zymiu.webp","width":500,"height":745,"caption":"I\u0161 kur ateina meil\u0117. Nuo romantikos iki fiziologijos (yra naudojimo \u017eymi\u0173)"},{"@type":"BreadcrumbList","@id":"https:\/\/skaitytaknyga.lt\/produktas\/is-kur-ateina-meile-nuo-romantikos-iki-fiziologijos-yra-naudojimo-zymiu\/#breadcrumb","itemListElement":[{"@type":"ListItem","position":1,"name":"Home","item":"https:\/\/skaitytaknyga.lt\/"},{"@type":"ListItem","position":2,"name":"Parduotuv\u0117","item":"https:\/\/skaitytaknyga.lt\/knygu-parduotuve\/"},{"@type":"ListItem","position":3,"name":"I\u0161 kur ateina meil\u0117. Nuo romantikos iki fiziologijos (yra naudojimo \u017eymi\u0173)"}]},{"@type":"WebSite","@id":"https:\/\/skaitytaknyga.lt\/#website","url":"https:\/\/skaitytaknyga.lt\/","name":"skaitytaknyga.lt","description":"Skaitytaknyga.lt \u2013 tai ma\u017eas \u0161eimos verslas, kuris prasid\u0117jo nuo meil\u0117s knygoms ir siekio i\u0161gelb\u0117ti knygas nuo likimo prie konteinerio. Kas vienam nereikalingas daiktas \u2013 kitam lobis, o mes esame tarpininkai, kurie padeda abiems tapti laimingesniems ???? \u017dinome kaip nelengva i\u0161gyventi ma\u017eiems verslams, tad nuo \u0161iol, \u010dia rasite ir kit\u0173, ma\u017e\u0173 \u0161eim\u0173 versl\u0173, rank\u0173 darbo, dovan\u0173 sau ir artimiesiems.","publisher":{"@id":"https:\/\/skaitytaknyga.lt\/#organization"},"potentialAction":[{"@type":"SearchAction","target":{"@type":"EntryPoint","urlTemplate":"https:\/\/skaitytaknyga.lt\/?s={search_term_string}"},"query-input":{"@type":"PropertyValueSpecification","valueRequired":true,"valueName":"search_term_string"}}],"inLanguage":"en-GB"},{"@type":"Organization","@id":"https:\/\/skaitytaknyga.lt\/#organization","name":"skaitytaknyga.lt","url":"https:\/\/skaitytaknyga.lt\/","logo":{"@type":"ImageObject","inLanguage":"en-GB","@id":"https:\/\/skaitytaknyga.lt\/#\/schema\/logo\/image\/","url":"https:\/\/skaitytaknyga.lt\/wp-content\/uploads\/2024\/05\/cropped-cropped-cropped-02_00843_jt3bggkj1j3HLc7SyY6rEUpg.jpeg","contentUrl":"https:\/\/skaitytaknyga.lt\/wp-content\/uploads\/2024\/05\/cropped-cropped-cropped-02_00843_jt3bggkj1j3HLc7SyY6rEUpg.jpeg","width":1600,"height":1600,"caption":"skaitytaknyga.lt"},"image":{"@id":"https:\/\/skaitytaknyga.lt\/#\/schema\/logo\/image\/"},"sameAs":["https:\/\/www.facebook.com\/skaitytaknyga\/"]}]}},"_links":{"self":[{"href":"https:\/\/skaitytaknyga.lt\/en\/wp-json\/wp\/v2\/product\/14167","targetHints":{"allow":["GET"]}}],"collection":[{"href":"https:\/\/skaitytaknyga.lt\/en\/wp-json\/wp\/v2\/product"}],"about":[{"href":"https:\/\/skaitytaknyga.lt\/en\/wp-json\/wp\/v2\/types\/product"}],"replies":[{"embeddable":true,"href":"https:\/\/skaitytaknyga.lt\/en\/wp-json\/wp\/v2\/comments?post=14167"}],"wp:featuredmedia":[{"embeddable":true,"href":"https:\/\/skaitytaknyga.lt\/en\/wp-json\/wp\/v2\/media\/14182"}],"wp:attachment":[{"href":"https:\/\/skaitytaknyga.lt\/en\/wp-json\/wp\/v2\/media?parent=14167"}],"wp:term":[{"taxonomy":"product_brand","embeddable":true,"href":"https:\/\/skaitytaknyga.lt\/en\/wp-json\/wp\/v2\/product_brand?post=14167"},{"taxonomy":"product_cat","embeddable":true,"href":"https:\/\/skaitytaknyga.lt\/en\/wp-json\/wp\/v2\/product_cat?post=14167"},{"taxonomy":"product_tag","embeddable":true,"href":"https:\/\/skaitytaknyga.lt\/en\/wp-json\/wp\/v2\/product_tag?post=14167"}],"curies":[{"name":"wp","href":"https:\/\/api.w.org\/{rel}","templated":true}]}}