{"id":14166,"date":"2024-10-12T12:24:26","date_gmt":"2024-10-12T09:24:26","guid":{"rendered":"https:\/\/skaitytaknyga.lt\/?post_type=product&#038;p=14166"},"modified":"2026-02-23T12:25:18","modified_gmt":"2026-02-23T10:25:18","slug":"kaip-vanduo-sokoladui","status":"publish","type":"product","link":"https:\/\/skaitytaknyga.lt\/en\/produktas\/kaip-vanduo-sokoladui\/","title":{"rendered":"Kaip vanduo \u0161okoladui"},"content":{"rendered":"<p>\u201eKaip vanduo \u0161okoladui\u201c \u2013 u\u017edraustos meil\u0117s istorija, aistros, prasiver\u017eian\u010dios patiekalais, istorija, maistas ir meil\u0117, susipyn\u0119 vienoje knygoje.<\/p>\n<p>Laura Esquivel (Laura Eskivel, g. 1950 m.) \u2013 meksikie\u010di\u0173 autor\u0117, kurios pirmasis romanas \u201eKaip vanduo \u0161okoladui\u201c i\u0161 karto atne\u0161\u0117 jai pasaulin\u012f pripa\u017einim\u0105. Knyga i\u0161versta \u012f 33 kalbas, pagal j\u0105 pastatytas to paties pavadinimo filmas, peln\u0119s net vienuolika presti\u017eini\u0173 apdovanojim\u0173.<\/p>\n<ul class=\"about-product d-none d-xl-block mt-4\">\n<li><strong>Originalus pavadinimas:<\/strong>\u00a0Como agua para chocolate<\/li>\n<li><strong>Autorius:<\/strong>\u00a0Laura Esquivel<\/li>\n<li><strong>Leid\u0117jas:<\/strong>\u00a0Tyto alba<\/li>\n<li><strong>Metai:<\/strong>\u00a02014<\/li>\n<li><strong>Puslapiai:<\/strong>\u00a0176<\/li>\n<li class=\"toggleable type-new-formats \"><strong>ISBN:<\/strong>\u00a09786094660283<\/li>\n<li><strong>Versijos kodas:<\/strong>\u00a0PT.<\/li>\n<li class=\"toggleable type-new-formats \"><strong>Formatas:<\/strong>\u00a015 x 22 cm, kieti vir\u0161eliai<\/li>\n<li><strong>Kalba:<\/strong>\u00a0Lietuvi\u0173<\/li>\n<li><strong>Vert\u0117jas:<\/strong>\u00a0Alma Naujokaitien\u0117<\/li>\n<\/ul>\n<p>Laura Esquivel, sekdama Lotyn\u0173 Amerikos magi\u0161kojo realizmo tradicija, kuria charakterius, nenusileid\u017eian\u010dius Gabrielio Garcios Marquezo ir Isabel\u0117s Allende\u2019s herojams. Dvylika m\u0117nesi\u0173, dvylika tradicin\u0117s meksikie\u010di\u0173 virtuv\u0117s patiekal\u0173, dvylika nei\u0161sipild\u017eiusios aistros epizod\u0173.<\/p>\n<p>\u201eKaip vanduo \u0161okoladui\u201c\u2013 knyga apie Tit\u0105, kuriai u\u017edrausta i\u0161tek\u0117ti, nes pagal tradicij\u0105 jauniausioji \u0161eimos dukt\u0117 turi r\u016bpintis motina iki pat mirties. Tod\u0117l u\u017e jos kar\u0161tai mylimo Pedro i\u0161teka vyresnioji sesuo, o Tita vis\u0105 savo ilges\u012f, meil\u0119, aistr\u0105, pavyd\u0105 ir neapykant\u0105 perkelia \u012f valgio gaminim\u0105.<\/p>\n<p>Romane sud\u0117ti receptai \u2013 i\u0161 kartos \u012f kart\u0105 perduodam\u0173 tradicij\u0173, lemian\u010di\u0173 valgytoj\u0173 likimus, i\u0161rai\u0161ka. Tai savoti\u0161kos formul\u0117s, kuriomis galima atgaivinti \u0161eimos ir \u017emogaus atmint\u012f. Tai prisiminimai ir \u0161eimos paslaptys, virt\u0119 maistu. Senoviniais receptais autor\u0117 atrakina gausyb\u0119 prasmi\u0173 ir \u012f laisv\u0119 i\u0161leid\u017eia pa\u0161\u0117li\u0161k\u0105 Titos ir jos mylimojo aistr\u0105.<\/p>\n<p>Meil\u0117, geismas ir mirtis \u2013 viskas priklauso nuo Titos ruo\u0161iam\u0173 pasaki\u0161k\u0173 valgi\u0173. Magija, susipynusi su realybe, atveria skoni\u0173, kvap\u0173 ir jausm\u0173 kupin\u0105 pasaul\u012f.<\/p>\n","protected":false},"excerpt":{"rendered":"<p>\u201eKaip vanduo \u0161okoladui\u201c \u2013 u\u017edraustos meil\u0117s istorija, aistros, prasiver\u017eian\u010dios patiekalais, istorija, maistas ir meil\u0117, susipyn\u0119 vienoje knygoje. Laura Esquivel (Laura Eskivel, g. 1950 m.) \u2013 meksikie\u010di\u0173 autor\u0117, kurios pirmasis romanas \u201eKaip vanduo \u0161okoladui\u201c i\u0161 karto atne\u0161\u0117 jai pasaulin\u012f pripa\u017einim\u0105. Knyga i\u0161versta \u012f 33 kalbas, pagal j\u0105 pastatytas to paties pavadinimo filmas, peln\u0119s net vienuolika presti\u017eini\u0173 apdovanojim\u0173. Originalus pavadinimas:\u00a0Como agua para chocolate Autorius:\u00a0Laura Esquivel Leid\u0117jas:\u00a0Tyto alba Metai:\u00a02014 Puslapiai:\u00a0176 ISBN:\u00a09786094660283 Versijos kodas:\u00a0PT. Formatas:\u00a015 x 22 cm, kieti vir\u0161eliai Kalba:\u00a0Lietuvi\u0173 Vert\u0117jas:\u00a0Alma Naujokaitien\u0117 Laura Esquivel, sekdama Lotyn\u0173 Amerikos magi\u0161kojo realizmo tradicija, kuria charakterius, nenusileid\u017eian\u010dius Gabrielio Garcios Marquezo ir Isabel\u0117s Allende\u2019s herojams. Dvylika m\u0117nesi\u0173, dvylika tradicin\u0117s meksikie\u010di\u0173 virtuv\u0117s patiekal\u0173, dvylika nei\u0161sipild\u017eiusios aistros epizod\u0173. \u201eKaip vanduo \u0161okoladui\u201c\u2013 knyga apie Tit\u0105, kuriai u\u017edrausta i\u0161tek\u0117ti, nes pagal tradicij\u0105 jauniausioji \u0161eimos dukt\u0117 turi r\u016bpintis motina iki pat mirties. Tod\u0117l u\u017e jos kar\u0161tai mylimo Pedro i\u0161teka vyresnioji sesuo, o Tita vis\u0105 savo ilges\u012f, meil\u0119, aistr\u0105, pavyd\u0105 ir neapykant\u0105 perkelia \u012f valgio gaminim\u0105. Romane sud\u0117ti receptai \u2013 i\u0161 kartos \u012f kart\u0105 perduodam\u0173 tradicij\u0173, lemian\u010di\u0173 valgytoj\u0173 likimus, i\u0161rai\u0161ka. Tai savoti\u0161kos formul\u0117s, kuriomis galima atgaivinti \u0161eimos ir \u017emogaus atmint\u012f. Tai prisiminimai ir \u0161eimos paslaptys, virt\u0119 maistu. Senoviniais receptais autor\u0117 atrakina gausyb\u0119 prasmi\u0173 ir \u012f laisv\u0119 i\u0161leid\u017eia pa\u0161\u0117li\u0161k\u0105 Titos ir jos mylimojo aistr\u0105. Meil\u0117, geismas ir mirtis \u2013 viskas priklauso nuo Titos ruo\u0161iam\u0173 pasaki\u0161k\u0173 valgi\u0173. Magija, susipynusi su realybe, atveria skoni\u0173, kvap\u0173 ir jausm\u0173 kupin\u0105 pasaul\u012f.<\/p>\n","protected":false},"featured_media":14181,"comment_status":"open","ping_status":"closed","template":"","meta":{"_acf_changed":false,"site-sidebar-layout":"default","site-content-layout":"","ast-site-content-layout":"default","site-content-style":"default","site-sidebar-style":"default","ast-global-header-display":"","ast-banner-title-visibility":"","ast-main-header-display":"","ast-hfb-above-header-display":"","ast-hfb-below-header-display":"","ast-hfb-mobile-header-display":"","site-post-title":"","ast-breadcrumbs-content":"","ast-featured-img":"","footer-sml-layout":"","ast-disable-related-posts":"","theme-transparent-header-meta":"default","adv-header-id-meta":"","stick-header-meta":"","header-above-stick-meta":"","header-main-stick-meta":"","header-below-stick-meta":"","astra-migrate-meta-layouts":"set","ast-page-background-enabled":"default","ast-page-background-meta":{"desktop":{"background-color":"","background-image":"","background-repeat":"repeat","background-position":"center center","background-size":"auto","background-attachment":"scroll","background-type":"","background-media":"","overlay-type":"","overlay-color":"","overlay-opacity":"","overlay-gradient":""},"tablet":{"background-color":"","background-image":"","background-repeat":"repeat","background-position":"center center","background-size":"auto","background-attachment":"scroll","background-type":"","background-media":"","overlay-type":"","overlay-color":"","overlay-opacity":"","overlay-gradient":""},"mobile":{"background-color":"","background-image":"","background-repeat":"repeat","background-position":"center center","background-size":"auto","background-attachment":"scroll","background-type":"","background-media":"","overlay-type":"","overlay-color":"","overlay-opacity":"","overlay-gradient":""}},"ast-content-background-meta":{"desktop":{"background-color":"var(--ast-global-color-4)","background-image":"","background-repeat":"repeat","background-position":"center center","background-size":"auto","background-attachment":"scroll","background-type":"","background-media":"","overlay-type":"","overlay-color":"","overlay-opacity":"","overlay-gradient":""},"tablet":{"background-color":"var(--ast-global-color-4)","background-image":"","background-repeat":"repeat","background-position":"center center","background-size":"auto","background-attachment":"scroll","background-type":"","background-media":"","overlay-type":"","overlay-color":"","overlay-opacity":"","overlay-gradient":""},"mobile":{"background-color":"var(--ast-global-color-4)","background-image":"","background-repeat":"repeat","background-position":"center center","background-size":"auto","background-attachment":"scroll","background-type":"","background-media":"","overlay-type":"","overlay-color":"","overlay-opacity":"","overlay-gradient":""}}},"product_brand":[],"product_cat":[31,15],"product_tag":[9509],"class_list":{"0":"post-14166","1":"product","2":"type-product","3":"status-publish","4":"has-post-thumbnail","6":"product_cat-grozine-literatura","7":"product_cat-uncategorized","8":"product_tag-laura-esquivel","9":"desktop-align-left","10":"tablet-align-left","11":"mobile-align-left","13":"first","14":"instock","15":"shipping-taxable","16":"purchasable","17":"product-type-simple"},"acf":[],"yoast_head":"<!-- This site is optimized with the Yoast SEO plugin v27.0 - https:\/\/yoast.com\/product\/yoast-seo-wordpress\/ -->\n<title>Kaip vanduo \u0161okoladui<\/title>\n<meta name=\"description\" content=\"\u201eKaip vanduo \u0161okoladui\u201c \u2013 u\u017edraustos meil\u0117s istorija, aistros, prasiver\u017eian\u010dios patiekalais, istorija, maistas ir meil\u0117, susipyn\u0119 vienoje knygoje. Laura\" \/>\n<meta name=\"robots\" content=\"index, follow, max-snippet:-1, max-image-preview:large, max-video-preview:-1\" \/>\n<link rel=\"canonical\" href=\"https:\/\/skaitytaknyga.lt\/en\/produktas\/kaip-vanduo-sokoladui\/\" \/>\n<meta property=\"og:locale\" content=\"en_GB\" \/>\n<meta property=\"og:locale:alternate\" content=\"lt_LT\" \/>\n<meta property=\"og:type\" content=\"article\" \/>\n<meta property=\"og:title\" content=\"Kaip vanduo \u0161okoladui\" \/>\n<meta property=\"og:description\" content=\"\u201eKaip vanduo \u0161okoladui\u201c \u2013 u\u017edraustos meil\u0117s istorija, aistros, prasiver\u017eian\u010dios patiekalais, istorija, maistas ir meil\u0117, susipyn\u0119 vienoje knygoje. Laura\" \/>\n<meta property=\"og:url\" content=\"https:\/\/skaitytaknyga.lt\/en\/produktas\/kaip-vanduo-sokoladui\/\" \/>\n<meta property=\"og:site_name\" content=\"Skaitytaknyga\" \/>\n<meta property=\"article:publisher\" content=\"https:\/\/www.facebook.com\/skaitytaknyga\/\" \/>\n<meta property=\"article:modified_time\" content=\"2026-02-23T10:25:18+00:00\" \/>\n<meta property=\"og:image\" content=\"https:\/\/skaitytaknyga.lt\/wp-content\/uploads\/2024\/10\/Kaip-vanduo-sokoladui.jpg\" \/>\n\t<meta property=\"og:image:width\" content=\"300\" \/>\n\t<meta property=\"og:image:height\" content=\"450\" \/>\n\t<meta property=\"og:image:type\" content=\"image\/jpeg\" \/>\n<meta name=\"twitter:card\" content=\"summary_large_image\" \/>\n<meta name=\"twitter:label1\" content=\"Estimated reading time\" \/>\n\t<meta name=\"twitter:data1\" content=\"2 minutes\" \/>\n<script type=\"application\/ld+json\" class=\"yoast-schema-graph\">{\"@context\":\"https:\/\/schema.org\",\"@graph\":[{\"@type\":\"WebPage\",\"@id\":\"https:\/\/skaitytaknyga.lt\/produktas\/kaip-vanduo-sokoladui\/\",\"url\":\"https:\/\/skaitytaknyga.lt\/produktas\/kaip-vanduo-sokoladui\/\",\"name\":\"Kaip vanduo \u0161okoladui\",\"isPartOf\":{\"@id\":\"https:\/\/skaitytaknyga.lt\/#website\"},\"primaryImageOfPage\":{\"@id\":\"https:\/\/skaitytaknyga.lt\/produktas\/kaip-vanduo-sokoladui\/#primaryimage\"},\"image\":{\"@id\":\"https:\/\/skaitytaknyga.lt\/produktas\/kaip-vanduo-sokoladui\/#primaryimage\"},\"thumbnailUrl\":\"https:\/\/skaitytaknyga.lt\/wp-content\/uploads\/2024\/10\/Kaip-vanduo-sokoladui.jpg\",\"datePublished\":\"2024-10-12T09:24:26+00:00\",\"dateModified\":\"2026-02-23T10:25:18+00:00\",\"description\":\"\u201eKaip vanduo \u0161okoladui\u201c \u2013 u\u017edraustos meil\u0117s istorija, aistros, prasiver\u017eian\u010dios patiekalais, istorija, maistas ir meil\u0117, susipyn\u0119 vienoje knygoje. Laura\",\"breadcrumb\":{\"@id\":\"https:\/\/skaitytaknyga.lt\/produktas\/kaip-vanduo-sokoladui\/#breadcrumb\"},\"inLanguage\":\"en-GB\",\"potentialAction\":[{\"@type\":\"ReadAction\",\"target\":[\"https:\/\/skaitytaknyga.lt\/produktas\/kaip-vanduo-sokoladui\/\"]}]},{\"@type\":\"ImageObject\",\"inLanguage\":\"en-GB\",\"@id\":\"https:\/\/skaitytaknyga.lt\/produktas\/kaip-vanduo-sokoladui\/#primaryimage\",\"url\":\"https:\/\/skaitytaknyga.lt\/wp-content\/uploads\/2024\/10\/Kaip-vanduo-sokoladui.jpg\",\"contentUrl\":\"https:\/\/skaitytaknyga.lt\/wp-content\/uploads\/2024\/10\/Kaip-vanduo-sokoladui.jpg\",\"width\":300,\"height\":450,\"caption\":\"Kaip vanduo \u0161okoladui\"},{\"@type\":\"BreadcrumbList\",\"@id\":\"https:\/\/skaitytaknyga.lt\/produktas\/kaip-vanduo-sokoladui\/#breadcrumb\",\"itemListElement\":[{\"@type\":\"ListItem\",\"position\":1,\"name\":\"Home\",\"item\":\"https:\/\/skaitytaknyga.lt\/\"},{\"@type\":\"ListItem\",\"position\":2,\"name\":\"Parduotuv\u0117\",\"item\":\"https:\/\/skaitytaknyga.lt\/knygu-parduotuve\/\"},{\"@type\":\"ListItem\",\"position\":3,\"name\":\"Kaip vanduo \u0161okoladui\"}]},{\"@type\":\"WebSite\",\"@id\":\"https:\/\/skaitytaknyga.lt\/#website\",\"url\":\"https:\/\/skaitytaknyga.lt\/\",\"name\":\"skaitytaknyga.lt\",\"description\":\"Skaitytaknyga.lt \u2013 tai ma\u017eas \u0161eimos verslas, kuris prasid\u0117jo nuo meil\u0117s knygoms ir siekio i\u0161gelb\u0117ti knygas nuo likimo prie konteinerio. Kas vienam nereikalingas daiktas \u2013 kitam lobis, o mes esame tarpininkai, kurie padeda abiems tapti laimingesniems ???? \u017dinome kaip nelengva i\u0161gyventi ma\u017eiems verslams, tad nuo \u0161iol, \u010dia rasite ir kit\u0173, ma\u017e\u0173 \u0161eim\u0173 versl\u0173, rank\u0173 darbo, dovan\u0173 sau ir artimiesiems.\",\"publisher\":{\"@id\":\"https:\/\/skaitytaknyga.lt\/#organization\"},\"potentialAction\":[{\"@type\":\"SearchAction\",\"target\":{\"@type\":\"EntryPoint\",\"urlTemplate\":\"https:\/\/skaitytaknyga.lt\/?s={search_term_string}\"},\"query-input\":{\"@type\":\"PropertyValueSpecification\",\"valueRequired\":true,\"valueName\":\"search_term_string\"}}],\"inLanguage\":\"en-GB\"},{\"@type\":\"Organization\",\"@id\":\"https:\/\/skaitytaknyga.lt\/#organization\",\"name\":\"skaitytaknyga.lt\",\"url\":\"https:\/\/skaitytaknyga.lt\/\",\"logo\":{\"@type\":\"ImageObject\",\"inLanguage\":\"en-GB\",\"@id\":\"https:\/\/skaitytaknyga.lt\/#\/schema\/logo\/image\/\",\"url\":\"https:\/\/skaitytaknyga.lt\/wp-content\/uploads\/2024\/05\/cropped-cropped-cropped-02_00843_jt3bggkj1j3HLc7SyY6rEUpg.jpeg\",\"contentUrl\":\"https:\/\/skaitytaknyga.lt\/wp-content\/uploads\/2024\/05\/cropped-cropped-cropped-02_00843_jt3bggkj1j3HLc7SyY6rEUpg.jpeg\",\"width\":1600,\"height\":1600,\"caption\":\"skaitytaknyga.lt\"},\"image\":{\"@id\":\"https:\/\/skaitytaknyga.lt\/#\/schema\/logo\/image\/\"},\"sameAs\":[\"https:\/\/www.facebook.com\/skaitytaknyga\/\"]}]}<\/script>\n<!-- \/ Yoast SEO plugin. -->","yoast_head_json":{"title":"Kaip vanduo \u0161okoladui","description":"\u201eKaip vanduo \u0161okoladui\u201c \u2013 u\u017edraustos meil\u0117s istorija, aistros, prasiver\u017eian\u010dios patiekalais, istorija, maistas ir meil\u0117, susipyn\u0119 vienoje knygoje. Laura","robots":{"index":"index","follow":"follow","max-snippet":"max-snippet:-1","max-image-preview":"max-image-preview:large","max-video-preview":"max-video-preview:-1"},"canonical":"https:\/\/skaitytaknyga.lt\/en\/produktas\/kaip-vanduo-sokoladui\/","og_locale":"en_GB","og_type":"article","og_title":"[:lt]Kaip vanduo \u0161okoladui[:] - Skaitytaknyga","og_description":"\u201eKaip vanduo \u0161okoladui\u201c \u2013 u\u017edraustos meil\u0117s istorija, aistros, prasiver\u017eian\u010dios patiekalais, istorija, maistas ir meil\u0117, susipyn\u0119 vienoje knygoje. Laura","og_url":"https:\/\/skaitytaknyga.lt\/en\/produktas\/kaip-vanduo-sokoladui\/","og_site_name":"Skaitytaknyga","article_publisher":"https:\/\/www.facebook.com\/skaitytaknyga\/","article_modified_time":"2026-02-23T10:25:18+00:00","og_image":[{"width":300,"height":450,"url":"https:\/\/skaitytaknyga.lt\/wp-content\/uploads\/2024\/10\/Kaip-vanduo-sokoladui.jpg","type":"image\/jpeg"}],"twitter_card":"summary_large_image","twitter_misc":{"Estimated reading time":"2 minutes"},"schema":{"@context":"https:\/\/schema.org","@graph":[{"@type":"WebPage","@id":"https:\/\/skaitytaknyga.lt\/produktas\/kaip-vanduo-sokoladui\/","url":"https:\/\/skaitytaknyga.lt\/produktas\/kaip-vanduo-sokoladui\/","name":"Kaip vanduo \u0161okoladui","isPartOf":{"@id":"https:\/\/skaitytaknyga.lt\/#website"},"primaryImageOfPage":{"@id":"https:\/\/skaitytaknyga.lt\/produktas\/kaip-vanduo-sokoladui\/#primaryimage"},"image":{"@id":"https:\/\/skaitytaknyga.lt\/produktas\/kaip-vanduo-sokoladui\/#primaryimage"},"thumbnailUrl":"https:\/\/skaitytaknyga.lt\/wp-content\/uploads\/2024\/10\/Kaip-vanduo-sokoladui.jpg","datePublished":"2024-10-12T09:24:26+00:00","dateModified":"2026-02-23T10:25:18+00:00","description":"\u201eKaip vanduo \u0161okoladui\u201c \u2013 u\u017edraustos meil\u0117s istorija, aistros, prasiver\u017eian\u010dios patiekalais, istorija, maistas ir meil\u0117, susipyn\u0119 vienoje knygoje. Laura","breadcrumb":{"@id":"https:\/\/skaitytaknyga.lt\/produktas\/kaip-vanduo-sokoladui\/#breadcrumb"},"inLanguage":"en-GB","potentialAction":[{"@type":"ReadAction","target":["https:\/\/skaitytaknyga.lt\/produktas\/kaip-vanduo-sokoladui\/"]}]},{"@type":"ImageObject","inLanguage":"en-GB","@id":"https:\/\/skaitytaknyga.lt\/produktas\/kaip-vanduo-sokoladui\/#primaryimage","url":"https:\/\/skaitytaknyga.lt\/wp-content\/uploads\/2024\/10\/Kaip-vanduo-sokoladui.jpg","contentUrl":"https:\/\/skaitytaknyga.lt\/wp-content\/uploads\/2024\/10\/Kaip-vanduo-sokoladui.jpg","width":300,"height":450,"caption":"Kaip vanduo \u0161okoladui"},{"@type":"BreadcrumbList","@id":"https:\/\/skaitytaknyga.lt\/produktas\/kaip-vanduo-sokoladui\/#breadcrumb","itemListElement":[{"@type":"ListItem","position":1,"name":"Home","item":"https:\/\/skaitytaknyga.lt\/"},{"@type":"ListItem","position":2,"name":"Parduotuv\u0117","item":"https:\/\/skaitytaknyga.lt\/knygu-parduotuve\/"},{"@type":"ListItem","position":3,"name":"Kaip vanduo \u0161okoladui"}]},{"@type":"WebSite","@id":"https:\/\/skaitytaknyga.lt\/#website","url":"https:\/\/skaitytaknyga.lt\/","name":"skaitytaknyga.lt","description":"Skaitytaknyga.lt \u2013 tai ma\u017eas \u0161eimos verslas, kuris prasid\u0117jo nuo meil\u0117s knygoms ir siekio i\u0161gelb\u0117ti knygas nuo likimo prie konteinerio. Kas vienam nereikalingas daiktas \u2013 kitam lobis, o mes esame tarpininkai, kurie padeda abiems tapti laimingesniems ???? \u017dinome kaip nelengva i\u0161gyventi ma\u017eiems verslams, tad nuo \u0161iol, \u010dia rasite ir kit\u0173, ma\u017e\u0173 \u0161eim\u0173 versl\u0173, rank\u0173 darbo, dovan\u0173 sau ir artimiesiems.","publisher":{"@id":"https:\/\/skaitytaknyga.lt\/#organization"},"potentialAction":[{"@type":"SearchAction","target":{"@type":"EntryPoint","urlTemplate":"https:\/\/skaitytaknyga.lt\/?s={search_term_string}"},"query-input":{"@type":"PropertyValueSpecification","valueRequired":true,"valueName":"search_term_string"}}],"inLanguage":"en-GB"},{"@type":"Organization","@id":"https:\/\/skaitytaknyga.lt\/#organization","name":"skaitytaknyga.lt","url":"https:\/\/skaitytaknyga.lt\/","logo":{"@type":"ImageObject","inLanguage":"en-GB","@id":"https:\/\/skaitytaknyga.lt\/#\/schema\/logo\/image\/","url":"https:\/\/skaitytaknyga.lt\/wp-content\/uploads\/2024\/05\/cropped-cropped-cropped-02_00843_jt3bggkj1j3HLc7SyY6rEUpg.jpeg","contentUrl":"https:\/\/skaitytaknyga.lt\/wp-content\/uploads\/2024\/05\/cropped-cropped-cropped-02_00843_jt3bggkj1j3HLc7SyY6rEUpg.jpeg","width":1600,"height":1600,"caption":"skaitytaknyga.lt"},"image":{"@id":"https:\/\/skaitytaknyga.lt\/#\/schema\/logo\/image\/"},"sameAs":["https:\/\/www.facebook.com\/skaitytaknyga\/"]}]}},"_links":{"self":[{"href":"https:\/\/skaitytaknyga.lt\/en\/wp-json\/wp\/v2\/product\/14166","targetHints":{"allow":["GET"]}}],"collection":[{"href":"https:\/\/skaitytaknyga.lt\/en\/wp-json\/wp\/v2\/product"}],"about":[{"href":"https:\/\/skaitytaknyga.lt\/en\/wp-json\/wp\/v2\/types\/product"}],"replies":[{"embeddable":true,"href":"https:\/\/skaitytaknyga.lt\/en\/wp-json\/wp\/v2\/comments?post=14166"}],"wp:featuredmedia":[{"embeddable":true,"href":"https:\/\/skaitytaknyga.lt\/en\/wp-json\/wp\/v2\/media\/14181"}],"wp:attachment":[{"href":"https:\/\/skaitytaknyga.lt\/en\/wp-json\/wp\/v2\/media?parent=14166"}],"wp:term":[{"taxonomy":"product_brand","embeddable":true,"href":"https:\/\/skaitytaknyga.lt\/en\/wp-json\/wp\/v2\/product_brand?post=14166"},{"taxonomy":"product_cat","embeddable":true,"href":"https:\/\/skaitytaknyga.lt\/en\/wp-json\/wp\/v2\/product_cat?post=14166"},{"taxonomy":"product_tag","embeddable":true,"href":"https:\/\/skaitytaknyga.lt\/en\/wp-json\/wp\/v2\/product_tag?post=14166"}],"curies":[{"name":"wp","href":"https:\/\/api.w.org\/{rel}","templated":true}]}}