{"id":14153,"date":"2024-10-12T11:02:10","date_gmt":"2024-10-12T08:02:10","guid":{"rendered":"https:\/\/skaitytaknyga.lt\/?post_type=product&#038;p=14153"},"modified":"2026-02-04T11:36:36","modified_gmt":"2026-02-04T09:36:36","slug":"allan-pease-barbara-pease-kodel-vyrai-nesiklauso-o-moterys-nesiorientuoja-zemelapiuose-virselio-viduje-buvo-dedikacija-kuri-uztepta-korektoriumi-kopija","status":"publish","type":"product","link":"https:\/\/skaitytaknyga.lt\/en\/produktas\/allan-pease-barbara-pease-kodel-vyrai-nesiklauso-o-moterys-nesiorientuoja-zemelapiuose-virselio-viduje-buvo-dedikacija-kuri-uztepta-korektoriumi-kopija\/","title":{"rendered":"Allan Pease, Barbara Pease \u201eKod\u0117l vyrai nesiklauso, o moterys nesiorientuoja \u017eem\u0117lapiuose\u201c"},"content":{"rendered":"<p>\u0160is \u012f 33 kalbas i\u0161verstas bestseleris &#8211; tai tarsi prie\u0161ingos lyties naudojimosi instrukcija, kuri\u0105 \u201eprivalo perskaityti ir vyrai, ir moterys, kurie myli, neken\u010dia arba vienas kitam yra abejingi.\u201c &#8211;\u00a0<em>The Psychology of Winning<\/em><\/p>\n<p>Visa tiesa apie moteris ir vyrus?<\/p>\n<p>Paprasta\u2026 \u0160maik\u0161ti\u2026 I\u0161mintinga\u2026 \u0160okiruojanti\u2026<\/p>\n<p>Kod\u0117l vyrai i\u0161 tikr\u0173j\u0173 vienu metu gali daryti tik vien\u0105 darb\u0105?<\/p>\n<p>Kod\u0117l moterims taip sunku lygiagre\u010diai pastatyti automobil\u012f atbuline eiga?<\/p>\n<p>Kod\u0117l vyrai niekad netur\u0117t\u0173 meluoti moterims?<\/p>\n<p>Kod\u0117l moterys kalba labai daug, o vyrai \u2013 labai ma\u017eai?<\/p>\n<p>Kod\u0117l vyrams patinka erotiniai vaizdai, o moterims jie nedaro \u012fsp\u016bd\u017eio?<\/p>\n<p>Kod\u0117l moterys teikia pirmenyb\u0119 problem\u0173 aptarimui?<\/p>\n<p>Kod\u0117l vyrai si\u016blo sprendimus, bet nepaken\u010dia patarim\u0173?<\/p>\n<p>Kod\u0117l moteris kankina vyr\u0173 tyl\u0117jimas?<\/p>\n<p>Kod\u0117l vyrai nori sekso, o moterims reikia meil\u0117s?<\/p>\n<p>\u201eMoterys kritikuoja vyrus, kad jie nejautr\u016bs, ner\u016bpestingi, nesiklauso, nerodo \u0161ilumos ir u\u017euojautos, nekalba, nepakankamai myli, nesiaukoja d\u0117l savitarpio santyki\u0173, labiau nori sekso nei meil\u0117s, atv\u0117sina kambarius ir palieka pakelt\u0105 unitazo s\u0117dyn\u0119.<\/p>\n<p>Vyrai kritikuoja moteris, kad jos prastai vairuoja, nesupranta gatvi\u0173 rodykli\u0173, \u017ei\u016bri \u012f auk\u0161tyn kojom apverstus \u017eem\u0117lapius, neturi krypties poj\u016b\u010dio, per daug kalba ir ne apie esm\u0119, re\u010diau nei nor\u0117t\u0173si rodo nor\u0105 myl\u0117tis, prikaitina kambarius ir palieka unitazo s\u0117dyn\u0119 nuleist\u0105\u201d.<\/p>\n<p>\u201cVyrai mano, kad jie yra protingiausia lytis. Moterys \u017eino, kad jos yra protingiausios\u201d.<\/p>\n<ul class=\"about-product d-none d-xl-block mt-4\">\n<li><strong>Autorius:<\/strong>\u00a0Allan Pease,\u00a0Barbara Pease<\/li>\n<li><strong>Leid\u0117jas:<\/strong>\u00a0Alma littera<\/li>\n<li><strong>Metai:<\/strong>\u00a02009<\/li>\n<li><strong>Puslapiai:<\/strong>\u00a0320<\/li>\n<li class=\"toggleable type-new-formats \"><strong>ISBN:<\/strong>\u00a09789955083368<\/li>\n<li><strong>Versijos kodas:<\/strong>\u00a0PT.<\/li>\n<li class=\"toggleable type-new-formats \"><strong>Formatas:<\/strong>\u00a012,5 x 19,9 cm, mink\u0161ti vir\u0161eliai<\/li>\n<li><strong>Kalba:<\/strong>\u00a0Lietuvi\u0173<\/li>\n<li><strong>Vert\u0117jas:<\/strong>\u00a0Margarita Bautr\u0117nien\u0117<\/li>\n<\/ul>\n","protected":false},"excerpt":{"rendered":"<p>\u0160is \u012f 33 kalbas i\u0161verstas bestseleris &#8211; tai tarsi prie\u0161ingos lyties naudojimosi instrukcija, kuri\u0105 \u201eprivalo perskaityti ir vyrai, ir moterys, kurie myli, neken\u010dia arba vienas kitam yra abejingi.\u201c &#8211;\u00a0The Psychology of Winning Visa tiesa apie moteris ir vyrus? Paprasta\u2026 \u0160maik\u0161ti\u2026 I\u0161mintinga\u2026 \u0160okiruojanti\u2026 Kod\u0117l vyrai i\u0161 tikr\u0173j\u0173 vienu metu gali daryti tik vien\u0105 darb\u0105? Kod\u0117l moterims taip sunku lygiagre\u010diai pastatyti automobil\u012f atbuline eiga? Kod\u0117l vyrai niekad netur\u0117t\u0173 meluoti moterims? Kod\u0117l moterys kalba labai daug, o vyrai \u2013 labai ma\u017eai? Kod\u0117l vyrams patinka erotiniai vaizdai, o moterims jie nedaro \u012fsp\u016bd\u017eio? Kod\u0117l moterys teikia pirmenyb\u0119 problem\u0173 aptarimui? Kod\u0117l vyrai si\u016blo sprendimus, bet nepaken\u010dia patarim\u0173? Kod\u0117l moteris kankina vyr\u0173 tyl\u0117jimas? Kod\u0117l vyrai nori sekso, o moterims reikia meil\u0117s? \u201eMoterys kritikuoja vyrus, kad jie nejautr\u016bs, ner\u016bpestingi, nesiklauso, nerodo \u0161ilumos ir u\u017euojautos, nekalba, nepakankamai myli, nesiaukoja d\u0117l savitarpio santyki\u0173, labiau nori sekso nei meil\u0117s, atv\u0117sina kambarius ir palieka pakelt\u0105 unitazo s\u0117dyn\u0119. Vyrai kritikuoja moteris, kad jos prastai vairuoja, nesupranta gatvi\u0173 rodykli\u0173, \u017ei\u016bri \u012f auk\u0161tyn kojom apverstus \u017eem\u0117lapius, neturi krypties poj\u016b\u010dio, per daug kalba ir ne apie esm\u0119, re\u010diau nei nor\u0117t\u0173si rodo nor\u0105 myl\u0117tis, prikaitina kambarius ir palieka unitazo s\u0117dyn\u0119 nuleist\u0105\u201d. \u201cVyrai mano, kad jie yra protingiausia lytis. Moterys \u017eino, kad jos yra protingiausios\u201d. Autorius:\u00a0Allan Pease,\u00a0Barbara Pease Leid\u0117jas:\u00a0Alma littera Metai:\u00a02009 Puslapiai:\u00a0320 ISBN:\u00a09789955083368 Versijos kodas:\u00a0PT. Formatas:\u00a012,5 x 19,9 cm, mink\u0161ti vir\u0161eliai Kalba:\u00a0Lietuvi\u0173 Vert\u0117jas:\u00a0Margarita Bautr\u0117nien\u0117<\/p>\n","protected":false},"featured_media":6574,"comment_status":"closed","ping_status":"closed","template":"","meta":{"_acf_changed":false,"site-sidebar-layout":"default","site-content-layout":"","ast-site-content-layout":"default","site-content-style":"default","site-sidebar-style":"default","ast-global-header-display":"","ast-banner-title-visibility":"","ast-main-header-display":"","ast-hfb-above-header-display":"","ast-hfb-below-header-display":"","ast-hfb-mobile-header-display":"","site-post-title":"","ast-breadcrumbs-content":"","ast-featured-img":"","footer-sml-layout":"","ast-disable-related-posts":"","theme-transparent-header-meta":"default","adv-header-id-meta":"","stick-header-meta":"","header-above-stick-meta":"","header-main-stick-meta":"","header-below-stick-meta":"","astra-migrate-meta-layouts":"set","ast-page-background-enabled":"default","ast-page-background-meta":{"desktop":{"background-color":"","background-image":"","background-repeat":"repeat","background-position":"center center","background-size":"auto","background-attachment":"scroll","background-type":"","background-media":"","overlay-type":"","overlay-color":"","overlay-opacity":"","overlay-gradient":""},"tablet":{"background-color":"","background-image":"","background-repeat":"repeat","background-position":"center center","background-size":"auto","background-attachment":"scroll","background-type":"","background-media":"","overlay-type":"","overlay-color":"","overlay-opacity":"","overlay-gradient":""},"mobile":{"background-color":"","background-image":"","background-repeat":"repeat","background-position":"center center","background-size":"auto","background-attachment":"scroll","background-type":"","background-media":"","overlay-type":"","overlay-color":"","overlay-opacity":"","overlay-gradient":""}},"ast-content-background-meta":{"desktop":{"background-color":"var(--ast-global-color-4)","background-image":"","background-repeat":"repeat","background-position":"center center","background-size":"auto","background-attachment":"scroll","background-type":"","background-media":"","overlay-type":"","overlay-color":"","overlay-opacity":"","overlay-gradient":""},"tablet":{"background-color":"var(--ast-global-color-4)","background-image":"","background-repeat":"repeat","background-position":"center center","background-size":"auto","background-attachment":"scroll","background-type":"","background-media":"","overlay-type":"","overlay-color":"","overlay-opacity":"","overlay-gradient":""},"mobile":{"background-color":"var(--ast-global-color-4)","background-image":"","background-repeat":"repeat","background-position":"center center","background-size":"auto","background-attachment":"scroll","background-type":"","background-media":"","overlay-type":"","overlay-color":"","overlay-opacity":"","overlay-gradient":""}}},"product_brand":[],"product_cat":[30],"product_tag":[3030,3031,1403,3032,3034,1417,3035,3033],"class_list":{"0":"post-14153","1":"product","2":"type-product","3":"status-publish","4":"has-post-thumbnail","6":"product_cat-psichologija-ir-saviugda","7":"product_tag-allan-pease","8":"product_tag-barbara-pease","9":"product_tag-bendravimas","10":"product_tag-lyciu-skirtumai","11":"product_tag-moteru-psichologija","12":"product_tag-santykiai","13":"product_tag-sociologija","14":"product_tag-vyru-psichologija","15":"desktop-align-left","16":"tablet-align-left","17":"mobile-align-left","19":"first","20":"instock","21":"shipping-taxable","22":"purchasable","23":"product-type-simple"},"acf":[],"yoast_head":"<!-- This site is optimized with the Yoast SEO plugin v27.0 - https:\/\/yoast.com\/product\/yoast-seo-wordpress\/ -->\n<title>Allan Pease, Barbara Pease \u201eKod\u0117l vyrai nesiklauso, o moterys nesiorientuoja \u017eem\u0117lapiuose\u201c<\/title>\n<meta name=\"description\" content=\"\u0160is \u012f 33 kalbas i\u0161verstas bestseleris - tai tarsi prie\u0161ingos lyties naudojimosi instrukcija, kuri\u0105 \u201eprivalo perskaityti ir vyrai, ir moterys, kurie myli,\" \/>\n<meta name=\"robots\" content=\"index, follow, max-snippet:-1, max-image-preview:large, max-video-preview:-1\" \/>\n<link rel=\"canonical\" href=\"https:\/\/skaitytaknyga.lt\/en\/produktas\/allan-pease-barbara-pease-kodel-vyrai-nesiklauso-o-moterys-nesiorientuoja-zemelapiuose-virselio-viduje-buvo-dedikacija-kuri-uztepta-korektoriumi-kopija\/\" \/>\n<meta property=\"og:locale\" content=\"en_GB\" \/>\n<meta property=\"og:locale:alternate\" content=\"lt_LT\" \/>\n<meta property=\"og:type\" content=\"article\" \/>\n<meta property=\"og:title\" content=\"Allan Pease, Barbara Pease \u201eKod\u0117l vyrai nesiklauso, o moterys nesiorientuoja \u017eem\u0117lapiuose\u201c\" \/>\n<meta property=\"og:description\" content=\"\u0160is \u012f 33 kalbas i\u0161verstas bestseleris - tai tarsi prie\u0161ingos lyties naudojimosi instrukcija, kuri\u0105 \u201eprivalo perskaityti ir vyrai, ir moterys, kurie myli,\" \/>\n<meta property=\"og:url\" content=\"https:\/\/skaitytaknyga.lt\/en\/produktas\/allan-pease-barbara-pease-kodel-vyrai-nesiklauso-o-moterys-nesiorientuoja-zemelapiuose-virselio-viduje-buvo-dedikacija-kuri-uztepta-korektoriumi-kopija\/\" \/>\n<meta property=\"og:site_name\" content=\"Skaitytaknyga\" \/>\n<meta property=\"article:publisher\" content=\"https:\/\/www.facebook.com\/skaitytaknyga\/\" \/>\n<meta property=\"article:modified_time\" content=\"2026-02-04T09:36:36+00:00\" \/>\n<meta property=\"og:image\" content=\"https:\/\/skaitytaknyga.lt\/wp-content\/uploads\/2024\/05\/1462872999_nesikl.jpg\" \/>\n\t<meta property=\"og:image:width\" content=\"488\" \/>\n\t<meta property=\"og:image:height\" content=\"800\" \/>\n\t<meta property=\"og:image:type\" content=\"image\/jpeg\" \/>\n<meta name=\"twitter:card\" content=\"summary_large_image\" \/>\n<meta name=\"twitter:label1\" content=\"Estimated reading time\" \/>\n\t<meta name=\"twitter:data1\" content=\"2 minutes\" \/>\n<script type=\"application\/ld+json\" class=\"yoast-schema-graph\">{\"@context\":\"https:\/\/schema.org\",\"@graph\":[{\"@type\":\"WebPage\",\"@id\":\"https:\/\/skaitytaknyga.lt\/produktas\/allan-pease-barbara-pease-kodel-vyrai-nesiklauso-o-moterys-nesiorientuoja-zemelapiuose-virselio-viduje-buvo-dedikacija-kuri-uztepta-korektoriumi-kopija\/\",\"url\":\"https:\/\/skaitytaknyga.lt\/produktas\/allan-pease-barbara-pease-kodel-vyrai-nesiklauso-o-moterys-nesiorientuoja-zemelapiuose-virselio-viduje-buvo-dedikacija-kuri-uztepta-korektoriumi-kopija\/\",\"name\":\"Allan Pease, Barbara Pease \u201eKod\u0117l vyrai nesiklauso, o moterys nesiorientuoja \u017eem\u0117lapiuose\u201c\",\"isPartOf\":{\"@id\":\"https:\/\/skaitytaknyga.lt\/#website\"},\"primaryImageOfPage\":{\"@id\":\"https:\/\/skaitytaknyga.lt\/produktas\/allan-pease-barbara-pease-kodel-vyrai-nesiklauso-o-moterys-nesiorientuoja-zemelapiuose-virselio-viduje-buvo-dedikacija-kuri-uztepta-korektoriumi-kopija\/#primaryimage\"},\"image\":{\"@id\":\"https:\/\/skaitytaknyga.lt\/produktas\/allan-pease-barbara-pease-kodel-vyrai-nesiklauso-o-moterys-nesiorientuoja-zemelapiuose-virselio-viduje-buvo-dedikacija-kuri-uztepta-korektoriumi-kopija\/#primaryimage\"},\"thumbnailUrl\":\"https:\/\/skaitytaknyga.lt\/wp-content\/uploads\/2024\/05\/1462872999_nesikl.jpg\",\"datePublished\":\"2024-10-12T08:02:10+00:00\",\"dateModified\":\"2026-02-04T09:36:36+00:00\",\"description\":\"\u0160is \u012f 33 kalbas i\u0161verstas bestseleris - tai tarsi prie\u0161ingos lyties naudojimosi instrukcija, kuri\u0105 \u201eprivalo perskaityti ir vyrai, ir moterys, kurie myli,\",\"breadcrumb\":{\"@id\":\"https:\/\/skaitytaknyga.lt\/produktas\/allan-pease-barbara-pease-kodel-vyrai-nesiklauso-o-moterys-nesiorientuoja-zemelapiuose-virselio-viduje-buvo-dedikacija-kuri-uztepta-korektoriumi-kopija\/#breadcrumb\"},\"inLanguage\":\"en-GB\",\"potentialAction\":[{\"@type\":\"ReadAction\",\"target\":[\"https:\/\/skaitytaknyga.lt\/produktas\/allan-pease-barbara-pease-kodel-vyrai-nesiklauso-o-moterys-nesiorientuoja-zemelapiuose-virselio-viduje-buvo-dedikacija-kuri-uztepta-korektoriumi-kopija\/\"]}]},{\"@type\":\"ImageObject\",\"inLanguage\":\"en-GB\",\"@id\":\"https:\/\/skaitytaknyga.lt\/produktas\/allan-pease-barbara-pease-kodel-vyrai-nesiklauso-o-moterys-nesiorientuoja-zemelapiuose-virselio-viduje-buvo-dedikacija-kuri-uztepta-korektoriumi-kopija\/#primaryimage\",\"url\":\"https:\/\/skaitytaknyga.lt\/wp-content\/uploads\/2024\/05\/1462872999_nesikl.jpg\",\"contentUrl\":\"https:\/\/skaitytaknyga.lt\/wp-content\/uploads\/2024\/05\/1462872999_nesikl.jpg\",\"width\":488,\"height\":800,\"caption\":\"Allan Pease, Barbara Pease \u201eKod\u0117l vyrai nesiklauso, o moterys nesiorientuoja \u017eem\u0117lapiuose\u201c\"},{\"@type\":\"BreadcrumbList\",\"@id\":\"https:\/\/skaitytaknyga.lt\/produktas\/allan-pease-barbara-pease-kodel-vyrai-nesiklauso-o-moterys-nesiorientuoja-zemelapiuose-virselio-viduje-buvo-dedikacija-kuri-uztepta-korektoriumi-kopija\/#breadcrumb\",\"itemListElement\":[{\"@type\":\"ListItem\",\"position\":1,\"name\":\"Home\",\"item\":\"https:\/\/skaitytaknyga.lt\/\"},{\"@type\":\"ListItem\",\"position\":2,\"name\":\"Parduotuv\u0117\",\"item\":\"https:\/\/skaitytaknyga.lt\/knygu-parduotuve\/\"},{\"@type\":\"ListItem\",\"position\":3,\"name\":\"Allan Pease, Barbara Pease \u201eKod\u0117l vyrai nesiklauso, o moterys nesiorientuoja \u017eem\u0117lapiuose\u201c\"}]},{\"@type\":\"WebSite\",\"@id\":\"https:\/\/skaitytaknyga.lt\/#website\",\"url\":\"https:\/\/skaitytaknyga.lt\/\",\"name\":\"skaitytaknyga.lt\",\"description\":\"Skaitytaknyga.lt \u2013 tai ma\u017eas \u0161eimos verslas, kuris prasid\u0117jo nuo meil\u0117s knygoms ir siekio i\u0161gelb\u0117ti knygas nuo likimo prie konteinerio. Kas vienam nereikalingas daiktas \u2013 kitam lobis, o mes esame tarpininkai, kurie padeda abiems tapti laimingesniems ???? \u017dinome kaip nelengva i\u0161gyventi ma\u017eiems verslams, tad nuo \u0161iol, \u010dia rasite ir kit\u0173, ma\u017e\u0173 \u0161eim\u0173 versl\u0173, rank\u0173 darbo, dovan\u0173 sau ir artimiesiems.\",\"publisher\":{\"@id\":\"https:\/\/skaitytaknyga.lt\/#organization\"},\"potentialAction\":[{\"@type\":\"SearchAction\",\"target\":{\"@type\":\"EntryPoint\",\"urlTemplate\":\"https:\/\/skaitytaknyga.lt\/?s={search_term_string}\"},\"query-input\":{\"@type\":\"PropertyValueSpecification\",\"valueRequired\":true,\"valueName\":\"search_term_string\"}}],\"inLanguage\":\"en-GB\"},{\"@type\":\"Organization\",\"@id\":\"https:\/\/skaitytaknyga.lt\/#organization\",\"name\":\"skaitytaknyga.lt\",\"url\":\"https:\/\/skaitytaknyga.lt\/\",\"logo\":{\"@type\":\"ImageObject\",\"inLanguage\":\"en-GB\",\"@id\":\"https:\/\/skaitytaknyga.lt\/#\/schema\/logo\/image\/\",\"url\":\"https:\/\/skaitytaknyga.lt\/wp-content\/uploads\/2024\/05\/cropped-cropped-cropped-02_00843_jt3bggkj1j3HLc7SyY6rEUpg.jpeg\",\"contentUrl\":\"https:\/\/skaitytaknyga.lt\/wp-content\/uploads\/2024\/05\/cropped-cropped-cropped-02_00843_jt3bggkj1j3HLc7SyY6rEUpg.jpeg\",\"width\":1600,\"height\":1600,\"caption\":\"skaitytaknyga.lt\"},\"image\":{\"@id\":\"https:\/\/skaitytaknyga.lt\/#\/schema\/logo\/image\/\"},\"sameAs\":[\"https:\/\/www.facebook.com\/skaitytaknyga\/\"]}]}<\/script>\n<!-- \/ Yoast SEO plugin. -->","yoast_head_json":{"title":"Allan Pease, Barbara Pease \u201eKod\u0117l vyrai nesiklauso, o moterys nesiorientuoja \u017eem\u0117lapiuose\u201c","description":"\u0160is \u012f 33 kalbas i\u0161verstas bestseleris - tai tarsi prie\u0161ingos lyties naudojimosi instrukcija, kuri\u0105 \u201eprivalo perskaityti ir vyrai, ir moterys, kurie myli,","robots":{"index":"index","follow":"follow","max-snippet":"max-snippet:-1","max-image-preview":"max-image-preview:large","max-video-preview":"max-video-preview:-1"},"canonical":"https:\/\/skaitytaknyga.lt\/en\/produktas\/allan-pease-barbara-pease-kodel-vyrai-nesiklauso-o-moterys-nesiorientuoja-zemelapiuose-virselio-viduje-buvo-dedikacija-kuri-uztepta-korektoriumi-kopija\/","og_locale":"en_GB","og_type":"article","og_title":"[:lt]Allan Pease, Barbara Pease \u201eKod\u0117l vyrai nesiklauso, o moterys nesiorientuoja \u017eem\u0117lapiuose\u201c[:] - Skaitytaknyga","og_description":"\u0160is \u012f 33 kalbas i\u0161verstas bestseleris - tai tarsi prie\u0161ingos lyties naudojimosi instrukcija, kuri\u0105 \u201eprivalo perskaityti ir vyrai, ir moterys, kurie myli,","og_url":"https:\/\/skaitytaknyga.lt\/en\/produktas\/allan-pease-barbara-pease-kodel-vyrai-nesiklauso-o-moterys-nesiorientuoja-zemelapiuose-virselio-viduje-buvo-dedikacija-kuri-uztepta-korektoriumi-kopija\/","og_site_name":"Skaitytaknyga","article_publisher":"https:\/\/www.facebook.com\/skaitytaknyga\/","article_modified_time":"2026-02-04T09:36:36+00:00","og_image":[{"width":488,"height":800,"url":"https:\/\/skaitytaknyga.lt\/wp-content\/uploads\/2024\/05\/1462872999_nesikl.jpg","type":"image\/jpeg"}],"twitter_card":"summary_large_image","twitter_misc":{"Estimated reading time":"2 minutes"},"schema":{"@context":"https:\/\/schema.org","@graph":[{"@type":"WebPage","@id":"https:\/\/skaitytaknyga.lt\/produktas\/allan-pease-barbara-pease-kodel-vyrai-nesiklauso-o-moterys-nesiorientuoja-zemelapiuose-virselio-viduje-buvo-dedikacija-kuri-uztepta-korektoriumi-kopija\/","url":"https:\/\/skaitytaknyga.lt\/produktas\/allan-pease-barbara-pease-kodel-vyrai-nesiklauso-o-moterys-nesiorientuoja-zemelapiuose-virselio-viduje-buvo-dedikacija-kuri-uztepta-korektoriumi-kopija\/","name":"Allan Pease, Barbara Pease \u201eKod\u0117l vyrai nesiklauso, o moterys nesiorientuoja \u017eem\u0117lapiuose\u201c","isPartOf":{"@id":"https:\/\/skaitytaknyga.lt\/#website"},"primaryImageOfPage":{"@id":"https:\/\/skaitytaknyga.lt\/produktas\/allan-pease-barbara-pease-kodel-vyrai-nesiklauso-o-moterys-nesiorientuoja-zemelapiuose-virselio-viduje-buvo-dedikacija-kuri-uztepta-korektoriumi-kopija\/#primaryimage"},"image":{"@id":"https:\/\/skaitytaknyga.lt\/produktas\/allan-pease-barbara-pease-kodel-vyrai-nesiklauso-o-moterys-nesiorientuoja-zemelapiuose-virselio-viduje-buvo-dedikacija-kuri-uztepta-korektoriumi-kopija\/#primaryimage"},"thumbnailUrl":"https:\/\/skaitytaknyga.lt\/wp-content\/uploads\/2024\/05\/1462872999_nesikl.jpg","datePublished":"2024-10-12T08:02:10+00:00","dateModified":"2026-02-04T09:36:36+00:00","description":"\u0160is \u012f 33 kalbas i\u0161verstas bestseleris - tai tarsi prie\u0161ingos lyties naudojimosi instrukcija, kuri\u0105 \u201eprivalo perskaityti ir vyrai, ir moterys, kurie myli,","breadcrumb":{"@id":"https:\/\/skaitytaknyga.lt\/produktas\/allan-pease-barbara-pease-kodel-vyrai-nesiklauso-o-moterys-nesiorientuoja-zemelapiuose-virselio-viduje-buvo-dedikacija-kuri-uztepta-korektoriumi-kopija\/#breadcrumb"},"inLanguage":"en-GB","potentialAction":[{"@type":"ReadAction","target":["https:\/\/skaitytaknyga.lt\/produktas\/allan-pease-barbara-pease-kodel-vyrai-nesiklauso-o-moterys-nesiorientuoja-zemelapiuose-virselio-viduje-buvo-dedikacija-kuri-uztepta-korektoriumi-kopija\/"]}]},{"@type":"ImageObject","inLanguage":"en-GB","@id":"https:\/\/skaitytaknyga.lt\/produktas\/allan-pease-barbara-pease-kodel-vyrai-nesiklauso-o-moterys-nesiorientuoja-zemelapiuose-virselio-viduje-buvo-dedikacija-kuri-uztepta-korektoriumi-kopija\/#primaryimage","url":"https:\/\/skaitytaknyga.lt\/wp-content\/uploads\/2024\/05\/1462872999_nesikl.jpg","contentUrl":"https:\/\/skaitytaknyga.lt\/wp-content\/uploads\/2024\/05\/1462872999_nesikl.jpg","width":488,"height":800,"caption":"Allan Pease, Barbara Pease \u201eKod\u0117l vyrai nesiklauso, o moterys nesiorientuoja \u017eem\u0117lapiuose\u201c"},{"@type":"BreadcrumbList","@id":"https:\/\/skaitytaknyga.lt\/produktas\/allan-pease-barbara-pease-kodel-vyrai-nesiklauso-o-moterys-nesiorientuoja-zemelapiuose-virselio-viduje-buvo-dedikacija-kuri-uztepta-korektoriumi-kopija\/#breadcrumb","itemListElement":[{"@type":"ListItem","position":1,"name":"Home","item":"https:\/\/skaitytaknyga.lt\/"},{"@type":"ListItem","position":2,"name":"Parduotuv\u0117","item":"https:\/\/skaitytaknyga.lt\/knygu-parduotuve\/"},{"@type":"ListItem","position":3,"name":"Allan Pease, Barbara Pease \u201eKod\u0117l vyrai nesiklauso, o moterys nesiorientuoja \u017eem\u0117lapiuose\u201c"}]},{"@type":"WebSite","@id":"https:\/\/skaitytaknyga.lt\/#website","url":"https:\/\/skaitytaknyga.lt\/","name":"skaitytaknyga.lt","description":"Skaitytaknyga.lt \u2013 tai ma\u017eas \u0161eimos verslas, kuris prasid\u0117jo nuo meil\u0117s knygoms ir siekio i\u0161gelb\u0117ti knygas nuo likimo prie konteinerio. Kas vienam nereikalingas daiktas \u2013 kitam lobis, o mes esame tarpininkai, kurie padeda abiems tapti laimingesniems ???? \u017dinome kaip nelengva i\u0161gyventi ma\u017eiems verslams, tad nuo \u0161iol, \u010dia rasite ir kit\u0173, ma\u017e\u0173 \u0161eim\u0173 versl\u0173, rank\u0173 darbo, dovan\u0173 sau ir artimiesiems.","publisher":{"@id":"https:\/\/skaitytaknyga.lt\/#organization"},"potentialAction":[{"@type":"SearchAction","target":{"@type":"EntryPoint","urlTemplate":"https:\/\/skaitytaknyga.lt\/?s={search_term_string}"},"query-input":{"@type":"PropertyValueSpecification","valueRequired":true,"valueName":"search_term_string"}}],"inLanguage":"en-GB"},{"@type":"Organization","@id":"https:\/\/skaitytaknyga.lt\/#organization","name":"skaitytaknyga.lt","url":"https:\/\/skaitytaknyga.lt\/","logo":{"@type":"ImageObject","inLanguage":"en-GB","@id":"https:\/\/skaitytaknyga.lt\/#\/schema\/logo\/image\/","url":"https:\/\/skaitytaknyga.lt\/wp-content\/uploads\/2024\/05\/cropped-cropped-cropped-02_00843_jt3bggkj1j3HLc7SyY6rEUpg.jpeg","contentUrl":"https:\/\/skaitytaknyga.lt\/wp-content\/uploads\/2024\/05\/cropped-cropped-cropped-02_00843_jt3bggkj1j3HLc7SyY6rEUpg.jpeg","width":1600,"height":1600,"caption":"skaitytaknyga.lt"},"image":{"@id":"https:\/\/skaitytaknyga.lt\/#\/schema\/logo\/image\/"},"sameAs":["https:\/\/www.facebook.com\/skaitytaknyga\/"]}]}},"_links":{"self":[{"href":"https:\/\/skaitytaknyga.lt\/en\/wp-json\/wp\/v2\/product\/14153","targetHints":{"allow":["GET"]}}],"collection":[{"href":"https:\/\/skaitytaknyga.lt\/en\/wp-json\/wp\/v2\/product"}],"about":[{"href":"https:\/\/skaitytaknyga.lt\/en\/wp-json\/wp\/v2\/types\/product"}],"replies":[{"embeddable":true,"href":"https:\/\/skaitytaknyga.lt\/en\/wp-json\/wp\/v2\/comments?post=14153"}],"wp:featuredmedia":[{"embeddable":true,"href":"https:\/\/skaitytaknyga.lt\/en\/wp-json\/wp\/v2\/media\/6574"}],"wp:attachment":[{"href":"https:\/\/skaitytaknyga.lt\/en\/wp-json\/wp\/v2\/media?parent=14153"}],"wp:term":[{"taxonomy":"product_brand","embeddable":true,"href":"https:\/\/skaitytaknyga.lt\/en\/wp-json\/wp\/v2\/product_brand?post=14153"},{"taxonomy":"product_cat","embeddable":true,"href":"https:\/\/skaitytaknyga.lt\/en\/wp-json\/wp\/v2\/product_cat?post=14153"},{"taxonomy":"product_tag","embeddable":true,"href":"https:\/\/skaitytaknyga.lt\/en\/wp-json\/wp\/v2\/product_tag?post=14153"}],"curies":[{"name":"wp","href":"https:\/\/api.w.org\/{rel}","templated":true}]}}