{"id":14138,"date":"2024-10-12T10:32:59","date_gmt":"2024-10-12T07:32:59","guid":{"rendered":"https:\/\/skaitytaknyga.lt\/?post_type=product&#038;p=14138"},"modified":"2025-06-26T15:36:50","modified_gmt":"2025-06-26T12:36:50","slug":"kodel-prancuzes-nestoreja-receptai","status":"publish","type":"product","link":"https:\/\/skaitytaknyga.lt\/en\/produktas\/kodel-prancuzes-nestoreja-receptai\/","title":{"rendered":"Kod\u0117l pranc\u016bz\u0117s nestor\u0117ja: receptai"},"content":{"rendered":"<p>Mireille Guiliano turi didel\u0119 patirt\u012f gastronomijos, vyno degustavimo ir gro\u017eio industrijos srityse, i\u0161gars\u0117jo pasauliniu bestseleriu \u201eKod\u0117l pranc\u016bz\u0117s nestor\u0117ja\u201c.<\/p>\n<p>Bestseleryje \u201eKod\u0117l pranc\u016bz\u0117s nestor\u0117ja&#8221; Mireille Guiliano atskleid\u0117 paslapt\u012f, kaip pranc\u016bz\u0117ms pavyksta m\u0117gautis maistu ir nestor\u0117ti. Pirmoje autor\u0117s recept\u0173 knygoje \u201eKod\u0117l pranc\u016bz\u0117s nestor\u0117ja. Receptai&#8221; \u2013 dar daugiau jos atrast\u0173 gudrybi\u0173 ir net 150 puiki\u0173 patiekal\u0173 recept\u0173, kurie pad\u0117s i\u0161laikyti daili\u0105 fig\u016br\u0105 neatsisakant m\u0117gstamo maisto.<\/p>\n<p>Mireille&#8217;s Guiliano kruop\u0161\u010diai atrinkti receptai atspindi jos gyvenimo filosofij\u0105 \u2013 maistas privalo b\u016bti gardus, sveikas, paprastai paruo\u0161iamas, i\u0161 \u0161vie\u017ei\u0173 produkt\u0173 ir teikiantis did\u017eiul\u012f valgymo malonum\u0105.<\/p>\n<p>Receptai knygoje suskirstyti \u012f tris pagrindinius dienos valgius \u2013 pusry\u010dius, pietus ir vakarien\u0119. Valgyti su malonumu yra ne ma\u017eiau svarbu, nei valgyti sveikai, tod\u0117l autor\u0117 neu\u017emir\u0161ta ir desert\u0173 bei \u0161okolado (n\u0117 viena tikra pranc\u016bz\u0117 be j\u0173 neapsieina!). Knygoje taip pat gausu patarim\u0173, kaip paploninti talij\u0105 (\u010dia labai pagelb\u0117s stebuklingas Mireille&#8217;s mylimos tetos Bertos pusry\u010di\u0173 receptas), susidaryti valgiara\u0161t\u012f, pasirinkti vyn\u0105 ir vakarien\u0119 su draugais paversti tikra \u0161vente.<\/p>\n<p>Gyvenkime, valgykime ir atrodykime kaip tikros pranc\u016bz\u0117s!<\/p>\n<ul class=\"about-product d-none d-xl-block mt-4\">\n<li><strong>Originalus pavadinimas:<\/strong>\u00a0The French Women don\u2018t get Fat Cookbook<\/li>\n<li><strong>Autorius:<\/strong>\u00a0Mireille Guiliano<\/li>\n<li><strong>Leid\u0117jas:<\/strong>\u00a0Alma littera<\/li>\n<li><strong>Metai:<\/strong>\u00a02015<\/li>\n<li><strong>Puslapiai:<\/strong>\u00a0296<\/li>\n<li class=\"toggleable type-new-formats \"><strong>ISBN:<\/strong>\u00a09786090121603<\/li>\n<li><strong>Versijos kodas:<\/strong>\u00a0PT.<\/li>\n<li class=\"toggleable type-new-formats \"><strong>Formatas:<\/strong>\u00a014,3 x 21,3 x 2,1 cm, mink\u0161ti vir\u0161eliai<\/li>\n<li><strong>Kalba:<\/strong>\u00a0Lietuvi\u0173<\/li>\n<li><strong>Vert\u0117jas:<\/strong>\u00a0R\u016bta Razmait\u0117<\/li>\n<\/ul>\n","protected":false},"excerpt":{"rendered":"<p>Mireille Guiliano turi didel\u0119 patirt\u012f gastronomijos, vyno degustavimo ir gro\u017eio industrijos srityse, i\u0161gars\u0117jo pasauliniu bestseleriu \u201eKod\u0117l pranc\u016bz\u0117s nestor\u0117ja\u201c. Bestseleryje \u201eKod\u0117l pranc\u016bz\u0117s nestor\u0117ja&#8221; Mireille Guiliano atskleid\u0117 paslapt\u012f, kaip pranc\u016bz\u0117ms pavyksta m\u0117gautis maistu ir nestor\u0117ti. Pirmoje autor\u0117s recept\u0173 knygoje \u201eKod\u0117l pranc\u016bz\u0117s nestor\u0117ja. Receptai&#8221; \u2013 dar daugiau jos atrast\u0173 gudrybi\u0173 ir net 150 puiki\u0173 patiekal\u0173 recept\u0173, kurie pad\u0117s i\u0161laikyti daili\u0105 fig\u016br\u0105 neatsisakant m\u0117gstamo maisto. Mireille&#8217;s Guiliano kruop\u0161\u010diai atrinkti receptai atspindi jos gyvenimo filosofij\u0105 \u2013 maistas privalo b\u016bti gardus, sveikas, paprastai paruo\u0161iamas, i\u0161 \u0161vie\u017ei\u0173 produkt\u0173 ir teikiantis did\u017eiul\u012f valgymo malonum\u0105. Receptai knygoje suskirstyti \u012f tris pagrindinius dienos valgius \u2013 pusry\u010dius, pietus ir vakarien\u0119. Valgyti su malonumu yra ne ma\u017eiau svarbu, nei valgyti sveikai, tod\u0117l autor\u0117 neu\u017emir\u0161ta ir desert\u0173 bei \u0161okolado (n\u0117 viena tikra pranc\u016bz\u0117 be j\u0173 neapsieina!). Knygoje taip pat gausu patarim\u0173, kaip paploninti talij\u0105 (\u010dia labai pagelb\u0117s stebuklingas Mireille&#8217;s mylimos tetos Bertos pusry\u010di\u0173 receptas), susidaryti valgiara\u0161t\u012f, pasirinkti vyn\u0105 ir vakarien\u0119 su draugais paversti tikra \u0161vente. Gyvenkime, valgykime ir atrodykime kaip tikros pranc\u016bz\u0117s! Originalus pavadinimas:\u00a0The French Women don\u2018t get Fat Cookbook Autorius:\u00a0Mireille Guiliano Leid\u0117jas:\u00a0Alma littera Metai:\u00a02015 Puslapiai:\u00a0296 ISBN:\u00a09786090121603 Versijos kodas:\u00a0PT. Formatas:\u00a014,3 x 21,3 x 2,1 cm, mink\u0161ti vir\u0161eliai Kalba:\u00a0Lietuvi\u0173 Vert\u0117jas:\u00a0R\u016bta Razmait\u0117<\/p>\n","protected":false},"featured_media":14145,"comment_status":"open","ping_status":"closed","template":"","meta":{"_acf_changed":false,"site-sidebar-layout":"default","site-content-layout":"","ast-site-content-layout":"default","site-content-style":"default","site-sidebar-style":"default","ast-global-header-display":"","ast-banner-title-visibility":"","ast-main-header-display":"","ast-hfb-above-header-display":"","ast-hfb-below-header-display":"","ast-hfb-mobile-header-display":"","site-post-title":"","ast-breadcrumbs-content":"","ast-featured-img":"","footer-sml-layout":"","ast-disable-related-posts":"","theme-transparent-header-meta":"default","adv-header-id-meta":"","stick-header-meta":"","header-above-stick-meta":"","header-main-stick-meta":"","header-below-stick-meta":"","astra-migrate-meta-layouts":"set","ast-page-background-enabled":"default","ast-page-background-meta":{"desktop":{"background-color":"","background-image":"","background-repeat":"repeat","background-position":"center center","background-size":"auto","background-attachment":"scroll","background-type":"","background-media":"","overlay-type":"","overlay-color":"","overlay-opacity":"","overlay-gradient":""},"tablet":{"background-color":"","background-image":"","background-repeat":"repeat","background-position":"center center","background-size":"auto","background-attachment":"scroll","background-type":"","background-media":"","overlay-type":"","overlay-color":"","overlay-opacity":"","overlay-gradient":""},"mobile":{"background-color":"","background-image":"","background-repeat":"repeat","background-position":"center center","background-size":"auto","background-attachment":"scroll","background-type":"","background-media":"","overlay-type":"","overlay-color":"","overlay-opacity":"","overlay-gradient":""}},"ast-content-background-meta":{"desktop":{"background-color":"var(--ast-global-color-4)","background-image":"","background-repeat":"repeat","background-position":"center center","background-size":"auto","background-attachment":"scroll","background-type":"","background-media":"","overlay-type":"","overlay-color":"","overlay-opacity":"","overlay-gradient":""},"tablet":{"background-color":"var(--ast-global-color-4)","background-image":"","background-repeat":"repeat","background-position":"center center","background-size":"auto","background-attachment":"scroll","background-type":"","background-media":"","overlay-type":"","overlay-color":"","overlay-opacity":"","overlay-gradient":""},"mobile":{"background-color":"var(--ast-global-color-4)","background-image":"","background-repeat":"repeat","background-position":"center center","background-size":"auto","background-attachment":"scroll","background-type":"","background-media":"","overlay-type":"","overlay-color":"","overlay-opacity":"","overlay-gradient":""}}},"product_brand":[],"product_cat":[58,15],"product_tag":[3585,5554,1884,5794,5793,5795,1883,2074,4004],"class_list":{"0":"post-14138","1":"product","2":"type-product","3":"status-publish","4":"has-post-thumbnail","6":"product_cat-receptai","7":"product_cat-uncategorized","8":"product_tag-alma-littera","9":"product_tag-desertai","10":"product_tag-gastronomija","11":"product_tag-grozis","12":"product_tag-mireille-guiliano","13":"product_tag-prancuziska-virtuve","14":"product_tag-receptai","15":"product_tag-sveika-mityba","16":"product_tag-vynas","17":"desktop-align-left","18":"tablet-align-left","19":"mobile-align-left","21":"first","22":"outofstock","23":"shipping-taxable","24":"product-type-simple"},"acf":[],"yoast_head":"<!-- This site is optimized with the Yoast SEO plugin v27.4 - https:\/\/yoast.com\/product\/yoast-seo-wordpress\/ -->\n<title>Kod\u0117l pranc\u016bz\u0117s nestor\u0117ja: receptai<\/title>\n<meta name=\"description\" content=\"Mireille Guiliano turi didel\u0119 patirt\u012f gastronomijos, vyno degustavimo ir gro\u017eio industrijos srityse, i\u0161gars\u0117jo pasauliniu bestseleriu \u201eKod\u0117l pranc\u016bz\u0117s\" \/>\n<meta name=\"robots\" content=\"index, follow, max-snippet:-1, max-image-preview:large, max-video-preview:-1\" \/>\n<link rel=\"canonical\" href=\"https:\/\/skaitytaknyga.lt\/en\/produktas\/kodel-prancuzes-nestoreja-receptai\/\" \/>\n<meta property=\"og:locale\" content=\"en_GB\" \/>\n<meta property=\"og:locale:alternate\" content=\"lt_LT\" \/>\n<meta property=\"og:type\" content=\"article\" \/>\n<meta property=\"og:title\" content=\"Kod\u0117l pranc\u016bz\u0117s nestor\u0117ja: receptai\" \/>\n<meta property=\"og:description\" content=\"Mireille Guiliano turi didel\u0119 patirt\u012f gastronomijos, vyno degustavimo ir gro\u017eio industrijos srityse, i\u0161gars\u0117jo pasauliniu bestseleriu \u201eKod\u0117l pranc\u016bz\u0117s\" \/>\n<meta property=\"og:url\" content=\"https:\/\/skaitytaknyga.lt\/en\/produktas\/kodel-prancuzes-nestoreja-receptai\/\" \/>\n<meta property=\"og:site_name\" content=\"Skaitytaknyga\" \/>\n<meta property=\"article:publisher\" content=\"https:\/\/www.facebook.com\/skaitytaknyga\/\" \/>\n<meta property=\"article:modified_time\" content=\"2025-06-26T12:36:50+00:00\" \/>\n<meta property=\"og:image\" content=\"https:\/\/skaitytaknyga.lt\/wp-content\/uploads\/2024\/10\/Kodel-prancuzes-nestoreja.-receptai.webp\" \/>\n\t<meta property=\"og:image:width\" content=\"403\" \/>\n\t<meta property=\"og:image:height\" content=\"600\" \/>\n\t<meta property=\"og:image:type\" content=\"image\/webp\" \/>\n<meta name=\"twitter:card\" content=\"summary_large_image\" \/>\n<meta name=\"twitter:label1\" content=\"Estimated reading time\" \/>\n\t<meta name=\"twitter:data1\" content=\"2 minutes\" \/>\n<script type=\"application\/ld+json\" class=\"yoast-schema-graph\">{\"@context\":\"https:\\\/\\\/schema.org\",\"@graph\":[{\"@type\":\"WebPage\",\"@id\":\"https:\\\/\\\/skaitytaknyga.lt\\\/produktas\\\/kodel-prancuzes-nestoreja-receptai\\\/\",\"url\":\"https:\\\/\\\/skaitytaknyga.lt\\\/produktas\\\/kodel-prancuzes-nestoreja-receptai\\\/\",\"name\":\"Kod\u0117l pranc\u016bz\u0117s nestor\u0117ja: receptai\",\"isPartOf\":{\"@id\":\"https:\\\/\\\/skaitytaknyga.lt\\\/#website\"},\"primaryImageOfPage\":{\"@id\":\"https:\\\/\\\/skaitytaknyga.lt\\\/produktas\\\/kodel-prancuzes-nestoreja-receptai\\\/#primaryimage\"},\"image\":{\"@id\":\"https:\\\/\\\/skaitytaknyga.lt\\\/produktas\\\/kodel-prancuzes-nestoreja-receptai\\\/#primaryimage\"},\"thumbnailUrl\":\"https:\\\/\\\/skaitytaknyga.lt\\\/wp-content\\\/uploads\\\/2024\\\/10\\\/Kodel-prancuzes-nestoreja.-receptai.webp\",\"datePublished\":\"2024-10-12T07:32:59+00:00\",\"dateModified\":\"2025-06-26T12:36:50+00:00\",\"description\":\"Mireille Guiliano turi didel\u0119 patirt\u012f gastronomijos, vyno degustavimo ir gro\u017eio industrijos srityse, i\u0161gars\u0117jo pasauliniu bestseleriu \u201eKod\u0117l pranc\u016bz\u0117s\",\"breadcrumb\":{\"@id\":\"https:\\\/\\\/skaitytaknyga.lt\\\/produktas\\\/kodel-prancuzes-nestoreja-receptai\\\/#breadcrumb\"},\"inLanguage\":\"en-GB\",\"potentialAction\":[{\"@type\":\"ReadAction\",\"target\":[\"https:\\\/\\\/skaitytaknyga.lt\\\/produktas\\\/kodel-prancuzes-nestoreja-receptai\\\/\"]}]},{\"@type\":\"ImageObject\",\"inLanguage\":\"en-GB\",\"@id\":\"https:\\\/\\\/skaitytaknyga.lt\\\/produktas\\\/kodel-prancuzes-nestoreja-receptai\\\/#primaryimage\",\"url\":\"https:\\\/\\\/skaitytaknyga.lt\\\/wp-content\\\/uploads\\\/2024\\\/10\\\/Kodel-prancuzes-nestoreja.-receptai.webp\",\"contentUrl\":\"https:\\\/\\\/skaitytaknyga.lt\\\/wp-content\\\/uploads\\\/2024\\\/10\\\/Kodel-prancuzes-nestoreja.-receptai.webp\",\"width\":403,\"height\":600,\"caption\":\"Kod\u0117l pranc\u016bz\u0117s nestor\u0117ja. receptai\"},{\"@type\":\"BreadcrumbList\",\"@id\":\"https:\\\/\\\/skaitytaknyga.lt\\\/produktas\\\/kodel-prancuzes-nestoreja-receptai\\\/#breadcrumb\",\"itemListElement\":[{\"@type\":\"ListItem\",\"position\":1,\"name\":\"Home\",\"item\":\"https:\\\/\\\/skaitytaknyga.lt\\\/\"},{\"@type\":\"ListItem\",\"position\":2,\"name\":\"Parduotuv\u0117\",\"item\":\"https:\\\/\\\/skaitytaknyga.lt\\\/knygu-parduotuve\\\/\"},{\"@type\":\"ListItem\",\"position\":3,\"name\":\"Kod\u0117l pranc\u016bz\u0117s nestor\u0117ja: receptai\"}]},{\"@type\":\"WebSite\",\"@id\":\"https:\\\/\\\/skaitytaknyga.lt\\\/#website\",\"url\":\"https:\\\/\\\/skaitytaknyga.lt\\\/\",\"name\":\"skaitytaknyga.lt\",\"description\":\"Skaitytaknyga.lt \u2013 tai ma\u017eas \u0161eimos verslas, kuris prasid\u0117jo nuo meil\u0117s knygoms ir siekio i\u0161gelb\u0117ti knygas nuo likimo prie konteinerio. Kas vienam nereikalingas daiktas \u2013 kitam lobis, o mes esame tarpininkai, kurie padeda abiems tapti laimingesniems ???? \u017dinome kaip nelengva i\u0161gyventi ma\u017eiems verslams, tad nuo \u0161iol, \u010dia rasite ir kit\u0173, ma\u017e\u0173 \u0161eim\u0173 versl\u0173, rank\u0173 darbo, dovan\u0173 sau ir artimiesiems.\",\"publisher\":{\"@id\":\"https:\\\/\\\/skaitytaknyga.lt\\\/#organization\"},\"potentialAction\":[{\"@type\":\"SearchAction\",\"target\":{\"@type\":\"EntryPoint\",\"urlTemplate\":\"https:\\\/\\\/skaitytaknyga.lt\\\/?s={search_term_string}\"},\"query-input\":{\"@type\":\"PropertyValueSpecification\",\"valueRequired\":true,\"valueName\":\"search_term_string\"}}],\"inLanguage\":\"en-GB\"},{\"@type\":\"Organization\",\"@id\":\"https:\\\/\\\/skaitytaknyga.lt\\\/#organization\",\"name\":\"skaitytaknyga.lt\",\"url\":\"https:\\\/\\\/skaitytaknyga.lt\\\/\",\"logo\":{\"@type\":\"ImageObject\",\"inLanguage\":\"en-GB\",\"@id\":\"https:\\\/\\\/skaitytaknyga.lt\\\/#\\\/schema\\\/logo\\\/image\\\/\",\"url\":\"https:\\\/\\\/skaitytaknyga.lt\\\/wp-content\\\/uploads\\\/2024\\\/05\\\/cropped-cropped-cropped-02_00843_jt3bggkj1j3HLc7SyY6rEUpg.jpeg\",\"contentUrl\":\"https:\\\/\\\/skaitytaknyga.lt\\\/wp-content\\\/uploads\\\/2024\\\/05\\\/cropped-cropped-cropped-02_00843_jt3bggkj1j3HLc7SyY6rEUpg.jpeg\",\"width\":1600,\"height\":1600,\"caption\":\"skaitytaknyga.lt\"},\"image\":{\"@id\":\"https:\\\/\\\/skaitytaknyga.lt\\\/#\\\/schema\\\/logo\\\/image\\\/\"},\"sameAs\":[\"https:\\\/\\\/www.facebook.com\\\/skaitytaknyga\\\/\"]}]}<\/script>\n<!-- \/ Yoast SEO plugin. -->","yoast_head_json":{"title":"Kod\u0117l pranc\u016bz\u0117s nestor\u0117ja: receptai","description":"Mireille Guiliano turi didel\u0119 patirt\u012f gastronomijos, vyno degustavimo ir gro\u017eio industrijos srityse, i\u0161gars\u0117jo pasauliniu bestseleriu \u201eKod\u0117l pranc\u016bz\u0117s","robots":{"index":"index","follow":"follow","max-snippet":"max-snippet:-1","max-image-preview":"max-image-preview:large","max-video-preview":"max-video-preview:-1"},"canonical":"https:\/\/skaitytaknyga.lt\/en\/produktas\/kodel-prancuzes-nestoreja-receptai\/","og_locale":"en_GB","og_type":"article","og_title":"[:lt]Kod\u0117l pranc\u016bz\u0117s nestor\u0117ja: receptai[:] - Skaitytaknyga","og_description":"Mireille Guiliano turi didel\u0119 patirt\u012f gastronomijos, vyno degustavimo ir gro\u017eio industrijos srityse, i\u0161gars\u0117jo pasauliniu bestseleriu \u201eKod\u0117l pranc\u016bz\u0117s","og_url":"https:\/\/skaitytaknyga.lt\/en\/produktas\/kodel-prancuzes-nestoreja-receptai\/","og_site_name":"Skaitytaknyga","article_publisher":"https:\/\/www.facebook.com\/skaitytaknyga\/","article_modified_time":"2025-06-26T12:36:50+00:00","og_image":[{"width":403,"height":600,"url":"https:\/\/skaitytaknyga.lt\/wp-content\/uploads\/2024\/10\/Kodel-prancuzes-nestoreja.-receptai.webp","type":"image\/webp"}],"twitter_card":"summary_large_image","twitter_misc":{"Estimated reading time":"2 minutes"},"schema":{"@context":"https:\/\/schema.org","@graph":[{"@type":"WebPage","@id":"https:\/\/skaitytaknyga.lt\/produktas\/kodel-prancuzes-nestoreja-receptai\/","url":"https:\/\/skaitytaknyga.lt\/produktas\/kodel-prancuzes-nestoreja-receptai\/","name":"Kod\u0117l pranc\u016bz\u0117s nestor\u0117ja: receptai","isPartOf":{"@id":"https:\/\/skaitytaknyga.lt\/#website"},"primaryImageOfPage":{"@id":"https:\/\/skaitytaknyga.lt\/produktas\/kodel-prancuzes-nestoreja-receptai\/#primaryimage"},"image":{"@id":"https:\/\/skaitytaknyga.lt\/produktas\/kodel-prancuzes-nestoreja-receptai\/#primaryimage"},"thumbnailUrl":"https:\/\/skaitytaknyga.lt\/wp-content\/uploads\/2024\/10\/Kodel-prancuzes-nestoreja.-receptai.webp","datePublished":"2024-10-12T07:32:59+00:00","dateModified":"2025-06-26T12:36:50+00:00","description":"Mireille Guiliano turi didel\u0119 patirt\u012f gastronomijos, vyno degustavimo ir gro\u017eio industrijos srityse, i\u0161gars\u0117jo pasauliniu bestseleriu \u201eKod\u0117l pranc\u016bz\u0117s","breadcrumb":{"@id":"https:\/\/skaitytaknyga.lt\/produktas\/kodel-prancuzes-nestoreja-receptai\/#breadcrumb"},"inLanguage":"en-GB","potentialAction":[{"@type":"ReadAction","target":["https:\/\/skaitytaknyga.lt\/produktas\/kodel-prancuzes-nestoreja-receptai\/"]}]},{"@type":"ImageObject","inLanguage":"en-GB","@id":"https:\/\/skaitytaknyga.lt\/produktas\/kodel-prancuzes-nestoreja-receptai\/#primaryimage","url":"https:\/\/skaitytaknyga.lt\/wp-content\/uploads\/2024\/10\/Kodel-prancuzes-nestoreja.-receptai.webp","contentUrl":"https:\/\/skaitytaknyga.lt\/wp-content\/uploads\/2024\/10\/Kodel-prancuzes-nestoreja.-receptai.webp","width":403,"height":600,"caption":"Kod\u0117l pranc\u016bz\u0117s nestor\u0117ja. receptai"},{"@type":"BreadcrumbList","@id":"https:\/\/skaitytaknyga.lt\/produktas\/kodel-prancuzes-nestoreja-receptai\/#breadcrumb","itemListElement":[{"@type":"ListItem","position":1,"name":"Home","item":"https:\/\/skaitytaknyga.lt\/"},{"@type":"ListItem","position":2,"name":"Parduotuv\u0117","item":"https:\/\/skaitytaknyga.lt\/knygu-parduotuve\/"},{"@type":"ListItem","position":3,"name":"Kod\u0117l pranc\u016bz\u0117s nestor\u0117ja: receptai"}]},{"@type":"WebSite","@id":"https:\/\/skaitytaknyga.lt\/#website","url":"https:\/\/skaitytaknyga.lt\/","name":"skaitytaknyga.lt","description":"Skaitytaknyga.lt \u2013 tai ma\u017eas \u0161eimos verslas, kuris prasid\u0117jo nuo meil\u0117s knygoms ir siekio i\u0161gelb\u0117ti knygas nuo likimo prie konteinerio. Kas vienam nereikalingas daiktas \u2013 kitam lobis, o mes esame tarpininkai, kurie padeda abiems tapti laimingesniems ???? \u017dinome kaip nelengva i\u0161gyventi ma\u017eiems verslams, tad nuo \u0161iol, \u010dia rasite ir kit\u0173, ma\u017e\u0173 \u0161eim\u0173 versl\u0173, rank\u0173 darbo, dovan\u0173 sau ir artimiesiems.","publisher":{"@id":"https:\/\/skaitytaknyga.lt\/#organization"},"potentialAction":[{"@type":"SearchAction","target":{"@type":"EntryPoint","urlTemplate":"https:\/\/skaitytaknyga.lt\/?s={search_term_string}"},"query-input":{"@type":"PropertyValueSpecification","valueRequired":true,"valueName":"search_term_string"}}],"inLanguage":"en-GB"},{"@type":"Organization","@id":"https:\/\/skaitytaknyga.lt\/#organization","name":"skaitytaknyga.lt","url":"https:\/\/skaitytaknyga.lt\/","logo":{"@type":"ImageObject","inLanguage":"en-GB","@id":"https:\/\/skaitytaknyga.lt\/#\/schema\/logo\/image\/","url":"https:\/\/skaitytaknyga.lt\/wp-content\/uploads\/2024\/05\/cropped-cropped-cropped-02_00843_jt3bggkj1j3HLc7SyY6rEUpg.jpeg","contentUrl":"https:\/\/skaitytaknyga.lt\/wp-content\/uploads\/2024\/05\/cropped-cropped-cropped-02_00843_jt3bggkj1j3HLc7SyY6rEUpg.jpeg","width":1600,"height":1600,"caption":"skaitytaknyga.lt"},"image":{"@id":"https:\/\/skaitytaknyga.lt\/#\/schema\/logo\/image\/"},"sameAs":["https:\/\/www.facebook.com\/skaitytaknyga\/"]}]}},"_links":{"self":[{"href":"https:\/\/skaitytaknyga.lt\/en\/wp-json\/wp\/v2\/product\/14138","targetHints":{"allow":["GET"]}}],"collection":[{"href":"https:\/\/skaitytaknyga.lt\/en\/wp-json\/wp\/v2\/product"}],"about":[{"href":"https:\/\/skaitytaknyga.lt\/en\/wp-json\/wp\/v2\/types\/product"}],"replies":[{"embeddable":true,"href":"https:\/\/skaitytaknyga.lt\/en\/wp-json\/wp\/v2\/comments?post=14138"}],"wp:featuredmedia":[{"embeddable":true,"href":"https:\/\/skaitytaknyga.lt\/en\/wp-json\/wp\/v2\/media\/14145"}],"wp:attachment":[{"href":"https:\/\/skaitytaknyga.lt\/en\/wp-json\/wp\/v2\/media?parent=14138"}],"wp:term":[{"taxonomy":"product_brand","embeddable":true,"href":"https:\/\/skaitytaknyga.lt\/en\/wp-json\/wp\/v2\/product_brand?post=14138"},{"taxonomy":"product_cat","embeddable":true,"href":"https:\/\/skaitytaknyga.lt\/en\/wp-json\/wp\/v2\/product_cat?post=14138"},{"taxonomy":"product_tag","embeddable":true,"href":"https:\/\/skaitytaknyga.lt\/en\/wp-json\/wp\/v2\/product_tag?post=14138"}],"curies":[{"name":"wp","href":"https:\/\/api.w.org\/{rel}","templated":true}]}}