{"id":14137,"date":"2024-10-12T10:32:59","date_gmt":"2024-10-12T07:32:59","guid":{"rendered":"https:\/\/skaitytaknyga.lt\/?post_type=product&#038;p=14137"},"modified":"2024-10-12T10:51:11","modified_gmt":"2024-10-12T07:51:11","slug":"neapsijuok-kaip-meluoti-apsimetineti-ir-issisukti-is-gedingu-situaciju-yra-demele","status":"publish","type":"product","link":"https:\/\/skaitytaknyga.lt\/en\/produktas\/neapsijuok-kaip-meluoti-apsimetineti-ir-issisukti-is-gedingu-situaciju-yra-demele\/","title":{"rendered":"Neapsijuok! Kaip meluoti, apsimetin\u0117ti ir i\u0161sisukti i\u0161 g\u0117ding\u0173 situacij\u0173 (yra d\u0117mel\u0117)"},"content":{"rendered":"<p>Kiekvien\u0105 dien\u0105 kiekvienam i\u0161 m\u016bs\u0173 tenka raudonuoti ir prakaituoti, nes patenkam \u012f keblias situacijas.<\/p>\n<p>\u0160ioje humoro nestokojan\u010dioje knygoje taikliai i\u0161analizuoti did\u017eiausi nepatogumai ir pateikiami metodai, kaip fiasko paversti triumfu.<\/p>\n<ul class=\"about-product d-none d-xl-block mt-4\">\n<li><strong>Autorius:<\/strong>\u00a0Andy Robin,\u00a0Gregg Kavet<\/li>\n<li><strong>Leid\u0117jas:<\/strong>\u00a0Alma littera<\/li>\n<li><strong>Metai:<\/strong>\u00a02006<\/li>\n<li><strong>Puslapiai:<\/strong>\u00a0192<\/li>\n<li class=\"toggleable type-new-formats \"><strong>ISBN:<\/strong>\u00a09789955241041<\/li>\n<li class=\"toggleable type-new-formats \"><strong>Formatas:<\/strong>\u00a012,5 x 20 cm, mink\u0161ti vir\u0161eliai<\/li>\n<li><strong>Kalba:<\/strong>\u00a0Lietuvi\u0173<\/li>\n<li><strong>Vert\u0117jas:<\/strong>\u00a0Olga Lempertait\u0117<\/li>\n<\/ul>\n","protected":false},"excerpt":{"rendered":"<p>Kiekvien\u0105 dien\u0105 kiekvienam i\u0161 m\u016bs\u0173 tenka raudonuoti ir prakaituoti, nes patenkam \u012f keblias situacijas. \u0160ioje humoro nestokojan\u010dioje knygoje taikliai i\u0161analizuoti did\u017eiausi nepatogumai ir pateikiami metodai, kaip fiasko paversti triumfu. Autorius:\u00a0Andy Robin,\u00a0Gregg Kavet Leid\u0117jas:\u00a0Alma littera Metai:\u00a02006 Puslapiai:\u00a0192 ISBN:\u00a09789955241041 Formatas:\u00a012,5 x 20 cm, mink\u0161ti vir\u0161eliai Kalba:\u00a0Lietuvi\u0173 Vert\u0117jas:\u00a0Olga Lempertait\u0117<\/p>\n","protected":false},"featured_media":14148,"comment_status":"open","ping_status":"closed","template":"","meta":{"_acf_changed":false,"site-sidebar-layout":"default","site-content-layout":"","ast-site-content-layout":"default","site-content-style":"default","site-sidebar-style":"default","ast-global-header-display":"","ast-banner-title-visibility":"","ast-main-header-display":"","ast-hfb-above-header-display":"","ast-hfb-below-header-display":"","ast-hfb-mobile-header-display":"","site-post-title":"","ast-breadcrumbs-content":"","ast-featured-img":"","footer-sml-layout":"","ast-disable-related-posts":"","theme-transparent-header-meta":"default","adv-header-id-meta":"","stick-header-meta":"","header-above-stick-meta":"","header-main-stick-meta":"","header-below-stick-meta":"","astra-migrate-meta-layouts":"set","ast-page-background-enabled":"default","ast-page-background-meta":{"desktop":{"background-color":"","background-image":"","background-repeat":"repeat","background-position":"center center","background-size":"auto","background-attachment":"scroll","background-type":"","background-media":"","overlay-type":"","overlay-color":"","overlay-opacity":"","overlay-gradient":""},"tablet":{"background-color":"","background-image":"","background-repeat":"repeat","background-position":"center center","background-size":"auto","background-attachment":"scroll","background-type":"","background-media":"","overlay-type":"","overlay-color":"","overlay-opacity":"","overlay-gradient":""},"mobile":{"background-color":"","background-image":"","background-repeat":"repeat","background-position":"center center","background-size":"auto","background-attachment":"scroll","background-type":"","background-media":"","overlay-type":"","overlay-color":"","overlay-opacity":"","overlay-gradient":""}},"ast-content-background-meta":{"desktop":{"background-color":"var(--ast-global-color-4)","background-image":"","background-repeat":"repeat","background-position":"center center","background-size":"auto","background-attachment":"scroll","background-type":"","background-media":"","overlay-type":"","overlay-color":"","overlay-opacity":"","overlay-gradient":""},"tablet":{"background-color":"var(--ast-global-color-4)","background-image":"","background-repeat":"repeat","background-position":"center center","background-size":"auto","background-attachment":"scroll","background-type":"","background-media":"","overlay-type":"","overlay-color":"","overlay-opacity":"","overlay-gradient":""},"mobile":{"background-color":"var(--ast-global-color-4)","background-image":"","background-repeat":"repeat","background-position":"center center","background-size":"auto","background-attachment":"scroll","background-type":"","background-media":"","overlay-type":"","overlay-color":"","overlay-opacity":"","overlay-gradient":""}}},"product_brand":[],"product_cat":[15,30],"product_tag":[],"class_list":{"0":"post-14137","1":"product","2":"type-product","3":"status-publish","4":"has-post-thumbnail","6":"product_cat-uncategorized","7":"product_cat-psichologija-ir-saviugda","8":"desktop-align-left","9":"tablet-align-left","10":"mobile-align-left","12":"first","13":"instock","14":"shipping-taxable","15":"purchasable","16":"product-type-simple"},"acf":[],"yoast_head":"<!-- This site is optimized with the Yoast SEO plugin v27.0 - https:\/\/yoast.com\/product\/yoast-seo-wordpress\/ -->\n<title>Neapsijuok! Kaip meluoti, apsimetin\u0117ti ir i\u0161sisukti i\u0161 g\u0117ding\u0173 situacij\u0173 (yra d\u0117mel\u0117)<\/title>\n<meta name=\"description\" content=\"Kiekvien\u0105 dien\u0105 kiekvienam i\u0161 m\u016bs\u0173 tenka raudonuoti ir prakaituoti, nes patenkam \u012f keblias situacijas. \u0160ioje humoro nestokojan\u010dioje knygoje taikliai\" \/>\n<meta name=\"robots\" content=\"index, follow, max-snippet:-1, max-image-preview:large, max-video-preview:-1\" \/>\n<link rel=\"canonical\" href=\"https:\/\/skaitytaknyga.lt\/en\/produktas\/neapsijuok-kaip-meluoti-apsimetineti-ir-issisukti-is-gedingu-situaciju-yra-demele\/\" \/>\n<meta property=\"og:locale\" content=\"en_GB\" \/>\n<meta property=\"og:locale:alternate\" content=\"lt_LT\" \/>\n<meta property=\"og:type\" content=\"article\" \/>\n<meta property=\"og:title\" content=\"Neapsijuok! Kaip meluoti, apsimetin\u0117ti ir i\u0161sisukti i\u0161 g\u0117ding\u0173 situacij\u0173 (yra d\u0117mel\u0117)\" \/>\n<meta property=\"og:description\" content=\"Kiekvien\u0105 dien\u0105 kiekvienam i\u0161 m\u016bs\u0173 tenka raudonuoti ir prakaituoti, nes patenkam \u012f keblias situacijas. \u0160ioje humoro nestokojan\u010dioje knygoje taikliai\" \/>\n<meta property=\"og:url\" content=\"https:\/\/skaitytaknyga.lt\/en\/produktas\/neapsijuok-kaip-meluoti-apsimetineti-ir-issisukti-is-gedingu-situaciju-yra-demele\/\" \/>\n<meta property=\"og:site_name\" content=\"Skaitytaknyga\" \/>\n<meta property=\"article:publisher\" content=\"https:\/\/www.facebook.com\/skaitytaknyga\/\" \/>\n<meta property=\"article:modified_time\" content=\"2024-10-12T07:51:11+00:00\" \/>\n<meta property=\"og:image\" content=\"https:\/\/skaitytaknyga.lt\/wp-content\/uploads\/2024\/10\/Neapsijuok-Kaip-meluoti-apsimetineti-ir-issisukti-is-gedingu-situaciju.webp\" \/>\n\t<meta property=\"og:image:width\" content=\"489\" \/>\n\t<meta property=\"og:image:height\" content=\"800\" \/>\n\t<meta property=\"og:image:type\" content=\"image\/webp\" \/>\n<meta name=\"twitter:card\" content=\"summary_large_image\" \/>\n<meta name=\"twitter:label1\" content=\"Estimated reading time\" \/>\n\t<meta name=\"twitter:data1\" content=\"1 minute\" \/>\n<script type=\"application\/ld+json\" class=\"yoast-schema-graph\">{\"@context\":\"https:\/\/schema.org\",\"@graph\":[{\"@type\":\"WebPage\",\"@id\":\"https:\/\/skaitytaknyga.lt\/produktas\/neapsijuok-kaip-meluoti-apsimetineti-ir-issisukti-is-gedingu-situaciju-yra-demele\/\",\"url\":\"https:\/\/skaitytaknyga.lt\/produktas\/neapsijuok-kaip-meluoti-apsimetineti-ir-issisukti-is-gedingu-situaciju-yra-demele\/\",\"name\":\"Neapsijuok! Kaip meluoti, apsimetin\u0117ti ir i\u0161sisukti i\u0161 g\u0117ding\u0173 situacij\u0173 (yra d\u0117mel\u0117)\",\"isPartOf\":{\"@id\":\"https:\/\/skaitytaknyga.lt\/#website\"},\"primaryImageOfPage\":{\"@id\":\"https:\/\/skaitytaknyga.lt\/produktas\/neapsijuok-kaip-meluoti-apsimetineti-ir-issisukti-is-gedingu-situaciju-yra-demele\/#primaryimage\"},\"image\":{\"@id\":\"https:\/\/skaitytaknyga.lt\/produktas\/neapsijuok-kaip-meluoti-apsimetineti-ir-issisukti-is-gedingu-situaciju-yra-demele\/#primaryimage\"},\"thumbnailUrl\":\"https:\/\/skaitytaknyga.lt\/wp-content\/uploads\/2024\/10\/Neapsijuok-Kaip-meluoti-apsimetineti-ir-issisukti-is-gedingu-situaciju.webp\",\"datePublished\":\"2024-10-12T07:32:59+00:00\",\"dateModified\":\"2024-10-12T07:51:11+00:00\",\"description\":\"Kiekvien\u0105 dien\u0105 kiekvienam i\u0161 m\u016bs\u0173 tenka raudonuoti ir prakaituoti, nes patenkam \u012f keblias situacijas. \u0160ioje humoro nestokojan\u010dioje knygoje taikliai\",\"breadcrumb\":{\"@id\":\"https:\/\/skaitytaknyga.lt\/produktas\/neapsijuok-kaip-meluoti-apsimetineti-ir-issisukti-is-gedingu-situaciju-yra-demele\/#breadcrumb\"},\"inLanguage\":\"en-GB\",\"potentialAction\":[{\"@type\":\"ReadAction\",\"target\":[\"https:\/\/skaitytaknyga.lt\/produktas\/neapsijuok-kaip-meluoti-apsimetineti-ir-issisukti-is-gedingu-situaciju-yra-demele\/\"]}]},{\"@type\":\"ImageObject\",\"inLanguage\":\"en-GB\",\"@id\":\"https:\/\/skaitytaknyga.lt\/produktas\/neapsijuok-kaip-meluoti-apsimetineti-ir-issisukti-is-gedingu-situaciju-yra-demele\/#primaryimage\",\"url\":\"https:\/\/skaitytaknyga.lt\/wp-content\/uploads\/2024\/10\/Neapsijuok-Kaip-meluoti-apsimetineti-ir-issisukti-is-gedingu-situaciju.webp\",\"contentUrl\":\"https:\/\/skaitytaknyga.lt\/wp-content\/uploads\/2024\/10\/Neapsijuok-Kaip-meluoti-apsimetineti-ir-issisukti-is-gedingu-situaciju.webp\",\"width\":489,\"height\":800,\"caption\":\"Neapsijuok! Kaip meluoti, apsimetin\u0117ti ir i\u0161sisukti i\u0161 g\u0117ding\u0173 situacij\u0173 (yra d\u0117mel\u0117)\"},{\"@type\":\"BreadcrumbList\",\"@id\":\"https:\/\/skaitytaknyga.lt\/produktas\/neapsijuok-kaip-meluoti-apsimetineti-ir-issisukti-is-gedingu-situaciju-yra-demele\/#breadcrumb\",\"itemListElement\":[{\"@type\":\"ListItem\",\"position\":1,\"name\":\"Home\",\"item\":\"https:\/\/skaitytaknyga.lt\/\"},{\"@type\":\"ListItem\",\"position\":2,\"name\":\"Parduotuv\u0117\",\"item\":\"https:\/\/skaitytaknyga.lt\/knygu-parduotuve\/\"},{\"@type\":\"ListItem\",\"position\":3,\"name\":\"Neapsijuok! Kaip meluoti, apsimetin\u0117ti ir i\u0161sisukti i\u0161 g\u0117ding\u0173 situacij\u0173 (yra d\u0117mel\u0117)\"}]},{\"@type\":\"WebSite\",\"@id\":\"https:\/\/skaitytaknyga.lt\/#website\",\"url\":\"https:\/\/skaitytaknyga.lt\/\",\"name\":\"skaitytaknyga.lt\",\"description\":\"Skaitytaknyga.lt \u2013 tai ma\u017eas \u0161eimos verslas, kuris prasid\u0117jo nuo meil\u0117s knygoms ir siekio i\u0161gelb\u0117ti knygas nuo likimo prie konteinerio. Kas vienam nereikalingas daiktas \u2013 kitam lobis, o mes esame tarpininkai, kurie padeda abiems tapti laimingesniems ???? \u017dinome kaip nelengva i\u0161gyventi ma\u017eiems verslams, tad nuo \u0161iol, \u010dia rasite ir kit\u0173, ma\u017e\u0173 \u0161eim\u0173 versl\u0173, rank\u0173 darbo, dovan\u0173 sau ir artimiesiems.\",\"publisher\":{\"@id\":\"https:\/\/skaitytaknyga.lt\/#organization\"},\"potentialAction\":[{\"@type\":\"SearchAction\",\"target\":{\"@type\":\"EntryPoint\",\"urlTemplate\":\"https:\/\/skaitytaknyga.lt\/?s={search_term_string}\"},\"query-input\":{\"@type\":\"PropertyValueSpecification\",\"valueRequired\":true,\"valueName\":\"search_term_string\"}}],\"inLanguage\":\"en-GB\"},{\"@type\":\"Organization\",\"@id\":\"https:\/\/skaitytaknyga.lt\/#organization\",\"name\":\"skaitytaknyga.lt\",\"url\":\"https:\/\/skaitytaknyga.lt\/\",\"logo\":{\"@type\":\"ImageObject\",\"inLanguage\":\"en-GB\",\"@id\":\"https:\/\/skaitytaknyga.lt\/#\/schema\/logo\/image\/\",\"url\":\"https:\/\/skaitytaknyga.lt\/wp-content\/uploads\/2024\/05\/cropped-cropped-cropped-02_00843_jt3bggkj1j3HLc7SyY6rEUpg.jpeg\",\"contentUrl\":\"https:\/\/skaitytaknyga.lt\/wp-content\/uploads\/2024\/05\/cropped-cropped-cropped-02_00843_jt3bggkj1j3HLc7SyY6rEUpg.jpeg\",\"width\":1600,\"height\":1600,\"caption\":\"skaitytaknyga.lt\"},\"image\":{\"@id\":\"https:\/\/skaitytaknyga.lt\/#\/schema\/logo\/image\/\"},\"sameAs\":[\"https:\/\/www.facebook.com\/skaitytaknyga\/\"]}]}<\/script>\n<!-- \/ Yoast SEO plugin. -->","yoast_head_json":{"title":"Neapsijuok! Kaip meluoti, apsimetin\u0117ti ir i\u0161sisukti i\u0161 g\u0117ding\u0173 situacij\u0173 (yra d\u0117mel\u0117)","description":"Kiekvien\u0105 dien\u0105 kiekvienam i\u0161 m\u016bs\u0173 tenka raudonuoti ir prakaituoti, nes patenkam \u012f keblias situacijas. \u0160ioje humoro nestokojan\u010dioje knygoje taikliai","robots":{"index":"index","follow":"follow","max-snippet":"max-snippet:-1","max-image-preview":"max-image-preview:large","max-video-preview":"max-video-preview:-1"},"canonical":"https:\/\/skaitytaknyga.lt\/en\/produktas\/neapsijuok-kaip-meluoti-apsimetineti-ir-issisukti-is-gedingu-situaciju-yra-demele\/","og_locale":"en_GB","og_type":"article","og_title":"[:lt]Neapsijuok! Kaip meluoti, apsimetin\u0117ti ir i\u0161sisukti i\u0161 g\u0117ding\u0173 situacij\u0173 (yra d\u0117mel\u0117)[:] - Skaitytaknyga","og_description":"Kiekvien\u0105 dien\u0105 kiekvienam i\u0161 m\u016bs\u0173 tenka raudonuoti ir prakaituoti, nes patenkam \u012f keblias situacijas. \u0160ioje humoro nestokojan\u010dioje knygoje taikliai","og_url":"https:\/\/skaitytaknyga.lt\/en\/produktas\/neapsijuok-kaip-meluoti-apsimetineti-ir-issisukti-is-gedingu-situaciju-yra-demele\/","og_site_name":"Skaitytaknyga","article_publisher":"https:\/\/www.facebook.com\/skaitytaknyga\/","article_modified_time":"2024-10-12T07:51:11+00:00","og_image":[{"width":489,"height":800,"url":"https:\/\/skaitytaknyga.lt\/wp-content\/uploads\/2024\/10\/Neapsijuok-Kaip-meluoti-apsimetineti-ir-issisukti-is-gedingu-situaciju.webp","type":"image\/webp"}],"twitter_card":"summary_large_image","twitter_misc":{"Estimated reading time":"1 minute"},"schema":{"@context":"https:\/\/schema.org","@graph":[{"@type":"WebPage","@id":"https:\/\/skaitytaknyga.lt\/produktas\/neapsijuok-kaip-meluoti-apsimetineti-ir-issisukti-is-gedingu-situaciju-yra-demele\/","url":"https:\/\/skaitytaknyga.lt\/produktas\/neapsijuok-kaip-meluoti-apsimetineti-ir-issisukti-is-gedingu-situaciju-yra-demele\/","name":"Neapsijuok! Kaip meluoti, apsimetin\u0117ti ir i\u0161sisukti i\u0161 g\u0117ding\u0173 situacij\u0173 (yra d\u0117mel\u0117)","isPartOf":{"@id":"https:\/\/skaitytaknyga.lt\/#website"},"primaryImageOfPage":{"@id":"https:\/\/skaitytaknyga.lt\/produktas\/neapsijuok-kaip-meluoti-apsimetineti-ir-issisukti-is-gedingu-situaciju-yra-demele\/#primaryimage"},"image":{"@id":"https:\/\/skaitytaknyga.lt\/produktas\/neapsijuok-kaip-meluoti-apsimetineti-ir-issisukti-is-gedingu-situaciju-yra-demele\/#primaryimage"},"thumbnailUrl":"https:\/\/skaitytaknyga.lt\/wp-content\/uploads\/2024\/10\/Neapsijuok-Kaip-meluoti-apsimetineti-ir-issisukti-is-gedingu-situaciju.webp","datePublished":"2024-10-12T07:32:59+00:00","dateModified":"2024-10-12T07:51:11+00:00","description":"Kiekvien\u0105 dien\u0105 kiekvienam i\u0161 m\u016bs\u0173 tenka raudonuoti ir prakaituoti, nes patenkam \u012f keblias situacijas. \u0160ioje humoro nestokojan\u010dioje knygoje taikliai","breadcrumb":{"@id":"https:\/\/skaitytaknyga.lt\/produktas\/neapsijuok-kaip-meluoti-apsimetineti-ir-issisukti-is-gedingu-situaciju-yra-demele\/#breadcrumb"},"inLanguage":"en-GB","potentialAction":[{"@type":"ReadAction","target":["https:\/\/skaitytaknyga.lt\/produktas\/neapsijuok-kaip-meluoti-apsimetineti-ir-issisukti-is-gedingu-situaciju-yra-demele\/"]}]},{"@type":"ImageObject","inLanguage":"en-GB","@id":"https:\/\/skaitytaknyga.lt\/produktas\/neapsijuok-kaip-meluoti-apsimetineti-ir-issisukti-is-gedingu-situaciju-yra-demele\/#primaryimage","url":"https:\/\/skaitytaknyga.lt\/wp-content\/uploads\/2024\/10\/Neapsijuok-Kaip-meluoti-apsimetineti-ir-issisukti-is-gedingu-situaciju.webp","contentUrl":"https:\/\/skaitytaknyga.lt\/wp-content\/uploads\/2024\/10\/Neapsijuok-Kaip-meluoti-apsimetineti-ir-issisukti-is-gedingu-situaciju.webp","width":489,"height":800,"caption":"Neapsijuok! Kaip meluoti, apsimetin\u0117ti ir i\u0161sisukti i\u0161 g\u0117ding\u0173 situacij\u0173 (yra d\u0117mel\u0117)"},{"@type":"BreadcrumbList","@id":"https:\/\/skaitytaknyga.lt\/produktas\/neapsijuok-kaip-meluoti-apsimetineti-ir-issisukti-is-gedingu-situaciju-yra-demele\/#breadcrumb","itemListElement":[{"@type":"ListItem","position":1,"name":"Home","item":"https:\/\/skaitytaknyga.lt\/"},{"@type":"ListItem","position":2,"name":"Parduotuv\u0117","item":"https:\/\/skaitytaknyga.lt\/knygu-parduotuve\/"},{"@type":"ListItem","position":3,"name":"Neapsijuok! Kaip meluoti, apsimetin\u0117ti ir i\u0161sisukti i\u0161 g\u0117ding\u0173 situacij\u0173 (yra d\u0117mel\u0117)"}]},{"@type":"WebSite","@id":"https:\/\/skaitytaknyga.lt\/#website","url":"https:\/\/skaitytaknyga.lt\/","name":"skaitytaknyga.lt","description":"Skaitytaknyga.lt \u2013 tai ma\u017eas \u0161eimos verslas, kuris prasid\u0117jo nuo meil\u0117s knygoms ir siekio i\u0161gelb\u0117ti knygas nuo likimo prie konteinerio. Kas vienam nereikalingas daiktas \u2013 kitam lobis, o mes esame tarpininkai, kurie padeda abiems tapti laimingesniems ???? \u017dinome kaip nelengva i\u0161gyventi ma\u017eiems verslams, tad nuo \u0161iol, \u010dia rasite ir kit\u0173, ma\u017e\u0173 \u0161eim\u0173 versl\u0173, rank\u0173 darbo, dovan\u0173 sau ir artimiesiems.","publisher":{"@id":"https:\/\/skaitytaknyga.lt\/#organization"},"potentialAction":[{"@type":"SearchAction","target":{"@type":"EntryPoint","urlTemplate":"https:\/\/skaitytaknyga.lt\/?s={search_term_string}"},"query-input":{"@type":"PropertyValueSpecification","valueRequired":true,"valueName":"search_term_string"}}],"inLanguage":"en-GB"},{"@type":"Organization","@id":"https:\/\/skaitytaknyga.lt\/#organization","name":"skaitytaknyga.lt","url":"https:\/\/skaitytaknyga.lt\/","logo":{"@type":"ImageObject","inLanguage":"en-GB","@id":"https:\/\/skaitytaknyga.lt\/#\/schema\/logo\/image\/","url":"https:\/\/skaitytaknyga.lt\/wp-content\/uploads\/2024\/05\/cropped-cropped-cropped-02_00843_jt3bggkj1j3HLc7SyY6rEUpg.jpeg","contentUrl":"https:\/\/skaitytaknyga.lt\/wp-content\/uploads\/2024\/05\/cropped-cropped-cropped-02_00843_jt3bggkj1j3HLc7SyY6rEUpg.jpeg","width":1600,"height":1600,"caption":"skaitytaknyga.lt"},"image":{"@id":"https:\/\/skaitytaknyga.lt\/#\/schema\/logo\/image\/"},"sameAs":["https:\/\/www.facebook.com\/skaitytaknyga\/"]}]}},"_links":{"self":[{"href":"https:\/\/skaitytaknyga.lt\/en\/wp-json\/wp\/v2\/product\/14137","targetHints":{"allow":["GET"]}}],"collection":[{"href":"https:\/\/skaitytaknyga.lt\/en\/wp-json\/wp\/v2\/product"}],"about":[{"href":"https:\/\/skaitytaknyga.lt\/en\/wp-json\/wp\/v2\/types\/product"}],"replies":[{"embeddable":true,"href":"https:\/\/skaitytaknyga.lt\/en\/wp-json\/wp\/v2\/comments?post=14137"}],"wp:featuredmedia":[{"embeddable":true,"href":"https:\/\/skaitytaknyga.lt\/en\/wp-json\/wp\/v2\/media\/14148"}],"wp:attachment":[{"href":"https:\/\/skaitytaknyga.lt\/en\/wp-json\/wp\/v2\/media?parent=14137"}],"wp:term":[{"taxonomy":"product_brand","embeddable":true,"href":"https:\/\/skaitytaknyga.lt\/en\/wp-json\/wp\/v2\/product_brand?post=14137"},{"taxonomy":"product_cat","embeddable":true,"href":"https:\/\/skaitytaknyga.lt\/en\/wp-json\/wp\/v2\/product_cat?post=14137"},{"taxonomy":"product_tag","embeddable":true,"href":"https:\/\/skaitytaknyga.lt\/en\/wp-json\/wp\/v2\/product_tag?post=14137"}],"curies":[{"name":"wp","href":"https:\/\/api.w.org\/{rel}","templated":true}]}}