{"id":14136,"date":"2024-10-12T10:32:59","date_gmt":"2024-10-12T07:32:59","guid":{"rendered":"https:\/\/skaitytaknyga.lt\/?post_type=product&#038;p=14136"},"modified":"2026-03-18T14:52:02","modified_gmt":"2026-03-18T12:52:02","slug":"donbaso-dziazas","status":"publish","type":"product","link":"https:\/\/skaitytaknyga.lt\/en\/produktas\/donbaso-dziazas\/","title":{"rendered":"Donbaso d\u017eiazas"},"content":{"rendered":"<p><em>\u0160is Jono \u00d6hmano \u201ed\u017eiazas&#8221; \u2013 ir apie Ukrain\u0105, ir apie Lietuv\u0105. Apie valstybingum\u0105, pralaimint\u012f prie\u0161 feodalin\u0119 korupcij\u0105, biurokratij\u0105 ir tingum\u0105. Knyga autenti\u0161ka, atvira ir nuo\u0161irdi, provokuojanti klausimus, kamuojan\u010dius ir pat\u012f autori\u0173 \u2013 gryn\u0105 \u0161ved\u0105, patyrus\u012f su Lietuva audring\u0105 laisv\u0117s roman\u0105, tod\u0117l taip tiksliai u\u017e\u010diuopiant\u012f istorines paraleles. \u017dingsnis po \u017eingsnio virtus\u012f tikru \u0161iuolaikiniu partizanu, \u201ei\u0161durn\u0117jusiu litovcu&#8221;, \u201e\u0161alena panda&#8221;, \u201evolontioru&#8221;, d\u017eiazuojan\u010diu visais \u012fmanomais ir ne\u012fmanomais b\u016bdais, kad pad\u0117t\u0173 ir gelb\u0117t\u0173. O su \u0161ia knyga \u2013 kad primint\u0173, kas mums yra Ukraina, skatint\u0173 palaikyti ir suprasti kovotojus, kurie Ryt\u0173 Ukrainoje gina savo ir m\u016bs\u0173 laisv\u0119.<\/em><\/p>\n<p>Prezident\u0117 Dalia Grybauskait\u0117<\/p>\n<p>Kai Rusija staigiai okupavo Krym\u0105 ir \u012fsibrov\u0117 \u012f Ryt\u0173 Ukrain\u0105, supratau, kad kituose s\u0105ra\u0161uose b\u016bsime mes, Baltijos \u0161alys. To niekada nebus, pasakiau sau, ir kartu su draugais \u0117m\u0117me gabenti param\u0105 Ukrainos kariams Donbase.<\/p>\n<p>Teko b\u016bti ap\u0161audytam rus\u0173 separatist\u0173, pajusti mirties baim\u0119, b\u016bti apsuptam juodo nevilties \u0161e\u0161\u0117lio. Bet taip pat teko ragauti ry\u017eto ir i\u0161tverm\u0117s vaisi\u0173, be to, ai\u0161kiai suvokti, kas yra tikroji laisv\u0117s kova ir kaip ji turi b\u016bti vedama.<\/p>\n<p>Ukrainoje per savo i\u0161gyvenimus, \u017evelgdamas pro karo marazmo prizm\u0119 ir bendraudamas su ten kovojan\u010diais \u017emon\u0117mis, prad\u0117jau suprasti, k\u0105 rei\u0161kia \u201ehibridinis karas&#8221;. Tai \u2013 visi\u0161kas d\u017eiazas. \u0160i knyga yra mano signalas, kad mes Lietuvoje, norime ar nenorime, privalome tai suprasti. Ir i\u0161mokti d\u017eiazuoti.<\/p>\n<ul class=\"about-product d-none d-xl-block mt-4\">\n<li><strong>Autorius:<\/strong>\u00a0Jonas Ohman<\/li>\n<li><strong>Leid\u0117jas:<\/strong>\u00a0Alma littera<\/li>\n<li><strong>Metai:<\/strong>\u00a02021<\/li>\n<li><strong>Puslapiai:<\/strong>\u00a0352<\/li>\n<li class=\"toggleable type-new-formats \"><strong>ISBN:<\/strong>\u00a09786090146057<\/li>\n<li class=\"toggleable type-new-formats \"><strong>Formatas:<\/strong>\u00a014,3 x 21,3 x 2,4 cm, mink\u0161ti vir\u0161eliai<\/li>\n<li><strong>Kalba:<\/strong>\u00a0Lietuvi\u0173<\/li>\n<\/ul>\n","protected":false},"excerpt":{"rendered":"<p>\u0160is Jono \u00d6hmano \u201ed\u017eiazas&#8221; \u2013 ir apie Ukrain\u0105, ir apie Lietuv\u0105. Apie valstybingum\u0105, pralaimint\u012f prie\u0161 feodalin\u0119 korupcij\u0105, biurokratij\u0105 ir tingum\u0105. Knyga autenti\u0161ka, atvira ir nuo\u0161irdi, provokuojanti klausimus, kamuojan\u010dius ir pat\u012f autori\u0173 \u2013 gryn\u0105 \u0161ved\u0105, patyrus\u012f su Lietuva audring\u0105 laisv\u0117s roman\u0105, tod\u0117l taip tiksliai u\u017e\u010diuopiant\u012f istorines paraleles. \u017dingsnis po \u017eingsnio virtus\u012f tikru \u0161iuolaikiniu partizanu, \u201ei\u0161durn\u0117jusiu litovcu&#8221;, \u201e\u0161alena panda&#8221;, \u201evolontioru&#8221;, d\u017eiazuojan\u010diu visais \u012fmanomais ir ne\u012fmanomais b\u016bdais, kad pad\u0117t\u0173 ir gelb\u0117t\u0173. O su \u0161ia knyga \u2013 kad primint\u0173, kas mums yra Ukraina, skatint\u0173 palaikyti ir suprasti kovotojus, kurie Ryt\u0173 Ukrainoje gina savo ir m\u016bs\u0173 laisv\u0119. Prezident\u0117 Dalia Grybauskait\u0117 Kai Rusija staigiai okupavo Krym\u0105 ir \u012fsibrov\u0117 \u012f Ryt\u0173 Ukrain\u0105, supratau, kad kituose s\u0105ra\u0161uose b\u016bsime mes, Baltijos \u0161alys. To niekada nebus, pasakiau sau, ir kartu su draugais \u0117m\u0117me gabenti param\u0105 Ukrainos kariams Donbase. Teko b\u016bti ap\u0161audytam rus\u0173 separatist\u0173, pajusti mirties baim\u0119, b\u016bti apsuptam juodo nevilties \u0161e\u0161\u0117lio. Bet taip pat teko ragauti ry\u017eto ir i\u0161tverm\u0117s vaisi\u0173, be to, ai\u0161kiai suvokti, kas yra tikroji laisv\u0117s kova ir kaip ji turi b\u016bti vedama. Ukrainoje per savo i\u0161gyvenimus, \u017evelgdamas pro karo marazmo prizm\u0119 ir bendraudamas su ten kovojan\u010diais \u017emon\u0117mis, prad\u0117jau suprasti, k\u0105 rei\u0161kia \u201ehibridinis karas&#8221;. Tai \u2013 visi\u0161kas d\u017eiazas. \u0160i knyga yra mano signalas, kad mes Lietuvoje, norime ar nenorime, privalome tai suprasti. Ir i\u0161mokti d\u017eiazuoti. Autorius:\u00a0Jonas Ohman Leid\u0117jas:\u00a0Alma littera Metai:\u00a02021 Puslapiai:\u00a0352 ISBN:\u00a09786090146057 Formatas:\u00a014,3 x 21,3 x 2,4 cm, mink\u0161ti vir\u0161eliai Kalba:\u00a0Lietuvi\u0173<\/p>\n","protected":false},"featured_media":14144,"comment_status":"open","ping_status":"closed","template":"","meta":{"_acf_changed":false,"site-sidebar-layout":"default","site-content-layout":"","ast-site-content-layout":"default","site-content-style":"default","site-sidebar-style":"default","ast-global-header-display":"","ast-banner-title-visibility":"","ast-main-header-display":"","ast-hfb-above-header-display":"","ast-hfb-below-header-display":"","ast-hfb-mobile-header-display":"","site-post-title":"","ast-breadcrumbs-content":"","ast-featured-img":"","footer-sml-layout":"","ast-disable-related-posts":"","theme-transparent-header-meta":"default","adv-header-id-meta":"","stick-header-meta":"","header-above-stick-meta":"","header-main-stick-meta":"","header-below-stick-meta":"","astra-migrate-meta-layouts":"set","ast-page-background-enabled":"default","ast-page-background-meta":{"desktop":{"background-color":"","background-image":"","background-repeat":"repeat","background-position":"center center","background-size":"auto","background-attachment":"scroll","background-type":"","background-media":"","overlay-type":"","overlay-color":"","overlay-opacity":"","overlay-gradient":""},"tablet":{"background-color":"","background-image":"","background-repeat":"repeat","background-position":"center center","background-size":"auto","background-attachment":"scroll","background-type":"","background-media":"","overlay-type":"","overlay-color":"","overlay-opacity":"","overlay-gradient":""},"mobile":{"background-color":"","background-image":"","background-repeat":"repeat","background-position":"center center","background-size":"auto","background-attachment":"scroll","background-type":"","background-media":"","overlay-type":"","overlay-color":"","overlay-opacity":"","overlay-gradient":""}},"ast-content-background-meta":{"desktop":{"background-color":"var(--ast-global-color-4)","background-image":"","background-repeat":"repeat","background-position":"center center","background-size":"auto","background-attachment":"scroll","background-type":"","background-media":"","overlay-type":"","overlay-color":"","overlay-opacity":"","overlay-gradient":""},"tablet":{"background-color":"var(--ast-global-color-4)","background-image":"","background-repeat":"repeat","background-position":"center center","background-size":"auto","background-attachment":"scroll","background-type":"","background-media":"","overlay-type":"","overlay-color":"","overlay-opacity":"","overlay-gradient":""},"mobile":{"background-color":"var(--ast-global-color-4)","background-image":"","background-repeat":"repeat","background-position":"center center","background-size":"auto","background-attachment":"scroll","background-type":"","background-media":"","overlay-type":"","overlay-color":"","overlay-opacity":"","overlay-gradient":""}}},"product_brand":[],"product_cat":[9864,174,15],"product_tag":[2447,2229,2449,2395,2448],"class_list":{"0":"post-14136","1":"product","2":"type-product","3":"status-publish","4":"has-post-thumbnail","6":"product_cat-karo-istorija","7":"product_cat-istorija-ir-politologija","8":"product_cat-uncategorized","9":"product_tag-aleksejus-navalnas","10":"product_tag-dokumentika","11":"product_tag-donbasas","12":"product_tag-politika","13":"product_tag-rusija","14":"desktop-align-left","15":"tablet-align-left","16":"mobile-align-left","18":"first","19":"outofstock","20":"shipping-taxable","21":"purchasable","22":"product-type-simple"},"acf":[],"yoast_head":"<!-- This site is optimized with the Yoast SEO plugin v27.0 - https:\/\/yoast.com\/product\/yoast-seo-wordpress\/ -->\n<title>Donbaso d\u017eiazas<\/title>\n<meta name=\"description\" content=\"\u0160is Jono \u00d6hmano \u201ed\u017eiazas&quot; \u2013 ir apie Ukrain\u0105, ir apie Lietuv\u0105. Apie valstybingum\u0105, pralaimint\u012f prie\u0161 feodalin\u0119 korupcij\u0105, biurokratij\u0105 ir tingum\u0105. Knyga\" \/>\n<meta name=\"robots\" content=\"index, follow, max-snippet:-1, max-image-preview:large, max-video-preview:-1\" \/>\n<link rel=\"canonical\" href=\"https:\/\/skaitytaknyga.lt\/en\/produktas\/donbaso-dziazas\/\" \/>\n<meta property=\"og:locale\" content=\"en_GB\" \/>\n<meta property=\"og:locale:alternate\" content=\"lt_LT\" \/>\n<meta property=\"og:type\" content=\"article\" \/>\n<meta property=\"og:title\" content=\"Donbaso d\u017eiazas\" \/>\n<meta property=\"og:description\" content=\"\u0160is Jono \u00d6hmano \u201ed\u017eiazas&quot; \u2013 ir apie Ukrain\u0105, ir apie Lietuv\u0105. Apie valstybingum\u0105, pralaimint\u012f prie\u0161 feodalin\u0119 korupcij\u0105, biurokratij\u0105 ir tingum\u0105. Knyga\" \/>\n<meta property=\"og:url\" content=\"https:\/\/skaitytaknyga.lt\/en\/produktas\/donbaso-dziazas\/\" \/>\n<meta property=\"og:site_name\" content=\"Skaitytaknyga\" \/>\n<meta property=\"article:publisher\" content=\"https:\/\/www.facebook.com\/skaitytaknyga\/\" \/>\n<meta property=\"article:modified_time\" content=\"2026-03-18T12:52:02+00:00\" \/>\n<meta property=\"og:image\" content=\"https:\/\/skaitytaknyga.lt\/wp-content\/uploads\/2024\/10\/Donbaso-dziazas.webp\" \/>\n\t<meta property=\"og:image:width\" content=\"408\" \/>\n\t<meta property=\"og:image:height\" content=\"600\" \/>\n\t<meta property=\"og:image:type\" content=\"image\/webp\" \/>\n<meta name=\"twitter:card\" content=\"summary_large_image\" \/>\n<meta name=\"twitter:label1\" content=\"Estimated reading time\" \/>\n\t<meta name=\"twitter:data1\" content=\"2 minutes\" \/>\n<script type=\"application\/ld+json\" class=\"yoast-schema-graph\">{\"@context\":\"https:\/\/schema.org\",\"@graph\":[{\"@type\":\"WebPage\",\"@id\":\"https:\/\/skaitytaknyga.lt\/produktas\/donbaso-dziazas\/\",\"url\":\"https:\/\/skaitytaknyga.lt\/produktas\/donbaso-dziazas\/\",\"name\":\"Donbaso d\u017eiazas\",\"isPartOf\":{\"@id\":\"https:\/\/skaitytaknyga.lt\/#website\"},\"primaryImageOfPage\":{\"@id\":\"https:\/\/skaitytaknyga.lt\/produktas\/donbaso-dziazas\/#primaryimage\"},\"image\":{\"@id\":\"https:\/\/skaitytaknyga.lt\/produktas\/donbaso-dziazas\/#primaryimage\"},\"thumbnailUrl\":\"https:\/\/skaitytaknyga.lt\/wp-content\/uploads\/2024\/10\/Donbaso-dziazas.webp\",\"datePublished\":\"2024-10-12T07:32:59+00:00\",\"dateModified\":\"2026-03-18T12:52:02+00:00\",\"description\":\"\u0160is Jono \u00d6hmano \u201ed\u017eiazas\\\" \u2013 ir apie Ukrain\u0105, ir apie Lietuv\u0105. Apie valstybingum\u0105, pralaimint\u012f prie\u0161 feodalin\u0119 korupcij\u0105, biurokratij\u0105 ir tingum\u0105. Knyga\",\"breadcrumb\":{\"@id\":\"https:\/\/skaitytaknyga.lt\/produktas\/donbaso-dziazas\/#breadcrumb\"},\"inLanguage\":\"en-GB\",\"potentialAction\":[{\"@type\":\"ReadAction\",\"target\":[\"https:\/\/skaitytaknyga.lt\/produktas\/donbaso-dziazas\/\"]}]},{\"@type\":\"ImageObject\",\"inLanguage\":\"en-GB\",\"@id\":\"https:\/\/skaitytaknyga.lt\/produktas\/donbaso-dziazas\/#primaryimage\",\"url\":\"https:\/\/skaitytaknyga.lt\/wp-content\/uploads\/2024\/10\/Donbaso-dziazas.webp\",\"contentUrl\":\"https:\/\/skaitytaknyga.lt\/wp-content\/uploads\/2024\/10\/Donbaso-dziazas.webp\",\"width\":408,\"height\":600,\"caption\":\"Donbaso d\u017eiazas\"},{\"@type\":\"BreadcrumbList\",\"@id\":\"https:\/\/skaitytaknyga.lt\/produktas\/donbaso-dziazas\/#breadcrumb\",\"itemListElement\":[{\"@type\":\"ListItem\",\"position\":1,\"name\":\"Home\",\"item\":\"https:\/\/skaitytaknyga.lt\/\"},{\"@type\":\"ListItem\",\"position\":2,\"name\":\"Parduotuv\u0117\",\"item\":\"https:\/\/skaitytaknyga.lt\/knygu-parduotuve\/\"},{\"@type\":\"ListItem\",\"position\":3,\"name\":\"Donbaso d\u017eiazas\"}]},{\"@type\":\"WebSite\",\"@id\":\"https:\/\/skaitytaknyga.lt\/#website\",\"url\":\"https:\/\/skaitytaknyga.lt\/\",\"name\":\"skaitytaknyga.lt\",\"description\":\"Skaitytaknyga.lt \u2013 tai ma\u017eas \u0161eimos verslas, kuris prasid\u0117jo nuo meil\u0117s knygoms ir siekio i\u0161gelb\u0117ti knygas nuo likimo prie konteinerio. Kas vienam nereikalingas daiktas \u2013 kitam lobis, o mes esame tarpininkai, kurie padeda abiems tapti laimingesniems ???? \u017dinome kaip nelengva i\u0161gyventi ma\u017eiems verslams, tad nuo \u0161iol, \u010dia rasite ir kit\u0173, ma\u017e\u0173 \u0161eim\u0173 versl\u0173, rank\u0173 darbo, dovan\u0173 sau ir artimiesiems.\",\"publisher\":{\"@id\":\"https:\/\/skaitytaknyga.lt\/#organization\"},\"potentialAction\":[{\"@type\":\"SearchAction\",\"target\":{\"@type\":\"EntryPoint\",\"urlTemplate\":\"https:\/\/skaitytaknyga.lt\/?s={search_term_string}\"},\"query-input\":{\"@type\":\"PropertyValueSpecification\",\"valueRequired\":true,\"valueName\":\"search_term_string\"}}],\"inLanguage\":\"en-GB\"},{\"@type\":\"Organization\",\"@id\":\"https:\/\/skaitytaknyga.lt\/#organization\",\"name\":\"skaitytaknyga.lt\",\"url\":\"https:\/\/skaitytaknyga.lt\/\",\"logo\":{\"@type\":\"ImageObject\",\"inLanguage\":\"en-GB\",\"@id\":\"https:\/\/skaitytaknyga.lt\/#\/schema\/logo\/image\/\",\"url\":\"https:\/\/skaitytaknyga.lt\/wp-content\/uploads\/2024\/05\/cropped-cropped-cropped-02_00843_jt3bggkj1j3HLc7SyY6rEUpg.jpeg\",\"contentUrl\":\"https:\/\/skaitytaknyga.lt\/wp-content\/uploads\/2024\/05\/cropped-cropped-cropped-02_00843_jt3bggkj1j3HLc7SyY6rEUpg.jpeg\",\"width\":1600,\"height\":1600,\"caption\":\"skaitytaknyga.lt\"},\"image\":{\"@id\":\"https:\/\/skaitytaknyga.lt\/#\/schema\/logo\/image\/\"},\"sameAs\":[\"https:\/\/www.facebook.com\/skaitytaknyga\/\"]}]}<\/script>\n<!-- \/ Yoast SEO plugin. -->","yoast_head_json":{"title":"Donbaso d\u017eiazas","description":"\u0160is Jono \u00d6hmano \u201ed\u017eiazas\" \u2013 ir apie Ukrain\u0105, ir apie Lietuv\u0105. Apie valstybingum\u0105, pralaimint\u012f prie\u0161 feodalin\u0119 korupcij\u0105, biurokratij\u0105 ir tingum\u0105. Knyga","robots":{"index":"index","follow":"follow","max-snippet":"max-snippet:-1","max-image-preview":"max-image-preview:large","max-video-preview":"max-video-preview:-1"},"canonical":"https:\/\/skaitytaknyga.lt\/en\/produktas\/donbaso-dziazas\/","og_locale":"en_GB","og_type":"article","og_title":"[:lt]Donbaso d\u017eiazas[:] - Skaitytaknyga","og_description":"\u0160is Jono \u00d6hmano \u201ed\u017eiazas\" \u2013 ir apie Ukrain\u0105, ir apie Lietuv\u0105. Apie valstybingum\u0105, pralaimint\u012f prie\u0161 feodalin\u0119 korupcij\u0105, biurokratij\u0105 ir tingum\u0105. Knyga","og_url":"https:\/\/skaitytaknyga.lt\/en\/produktas\/donbaso-dziazas\/","og_site_name":"Skaitytaknyga","article_publisher":"https:\/\/www.facebook.com\/skaitytaknyga\/","article_modified_time":"2026-03-18T12:52:02+00:00","og_image":[{"width":408,"height":600,"url":"https:\/\/skaitytaknyga.lt\/wp-content\/uploads\/2024\/10\/Donbaso-dziazas.webp","type":"image\/webp"}],"twitter_card":"summary_large_image","twitter_misc":{"Estimated reading time":"2 minutes"},"schema":{"@context":"https:\/\/schema.org","@graph":[{"@type":"WebPage","@id":"https:\/\/skaitytaknyga.lt\/produktas\/donbaso-dziazas\/","url":"https:\/\/skaitytaknyga.lt\/produktas\/donbaso-dziazas\/","name":"Donbaso d\u017eiazas","isPartOf":{"@id":"https:\/\/skaitytaknyga.lt\/#website"},"primaryImageOfPage":{"@id":"https:\/\/skaitytaknyga.lt\/produktas\/donbaso-dziazas\/#primaryimage"},"image":{"@id":"https:\/\/skaitytaknyga.lt\/produktas\/donbaso-dziazas\/#primaryimage"},"thumbnailUrl":"https:\/\/skaitytaknyga.lt\/wp-content\/uploads\/2024\/10\/Donbaso-dziazas.webp","datePublished":"2024-10-12T07:32:59+00:00","dateModified":"2026-03-18T12:52:02+00:00","description":"\u0160is Jono \u00d6hmano \u201ed\u017eiazas\" \u2013 ir apie Ukrain\u0105, ir apie Lietuv\u0105. Apie valstybingum\u0105, pralaimint\u012f prie\u0161 feodalin\u0119 korupcij\u0105, biurokratij\u0105 ir tingum\u0105. Knyga","breadcrumb":{"@id":"https:\/\/skaitytaknyga.lt\/produktas\/donbaso-dziazas\/#breadcrumb"},"inLanguage":"en-GB","potentialAction":[{"@type":"ReadAction","target":["https:\/\/skaitytaknyga.lt\/produktas\/donbaso-dziazas\/"]}]},{"@type":"ImageObject","inLanguage":"en-GB","@id":"https:\/\/skaitytaknyga.lt\/produktas\/donbaso-dziazas\/#primaryimage","url":"https:\/\/skaitytaknyga.lt\/wp-content\/uploads\/2024\/10\/Donbaso-dziazas.webp","contentUrl":"https:\/\/skaitytaknyga.lt\/wp-content\/uploads\/2024\/10\/Donbaso-dziazas.webp","width":408,"height":600,"caption":"Donbaso d\u017eiazas"},{"@type":"BreadcrumbList","@id":"https:\/\/skaitytaknyga.lt\/produktas\/donbaso-dziazas\/#breadcrumb","itemListElement":[{"@type":"ListItem","position":1,"name":"Home","item":"https:\/\/skaitytaknyga.lt\/"},{"@type":"ListItem","position":2,"name":"Parduotuv\u0117","item":"https:\/\/skaitytaknyga.lt\/knygu-parduotuve\/"},{"@type":"ListItem","position":3,"name":"Donbaso d\u017eiazas"}]},{"@type":"WebSite","@id":"https:\/\/skaitytaknyga.lt\/#website","url":"https:\/\/skaitytaknyga.lt\/","name":"skaitytaknyga.lt","description":"Skaitytaknyga.lt \u2013 tai ma\u017eas \u0161eimos verslas, kuris prasid\u0117jo nuo meil\u0117s knygoms ir siekio i\u0161gelb\u0117ti knygas nuo likimo prie konteinerio. Kas vienam nereikalingas daiktas \u2013 kitam lobis, o mes esame tarpininkai, kurie padeda abiems tapti laimingesniems ???? \u017dinome kaip nelengva i\u0161gyventi ma\u017eiems verslams, tad nuo \u0161iol, \u010dia rasite ir kit\u0173, ma\u017e\u0173 \u0161eim\u0173 versl\u0173, rank\u0173 darbo, dovan\u0173 sau ir artimiesiems.","publisher":{"@id":"https:\/\/skaitytaknyga.lt\/#organization"},"potentialAction":[{"@type":"SearchAction","target":{"@type":"EntryPoint","urlTemplate":"https:\/\/skaitytaknyga.lt\/?s={search_term_string}"},"query-input":{"@type":"PropertyValueSpecification","valueRequired":true,"valueName":"search_term_string"}}],"inLanguage":"en-GB"},{"@type":"Organization","@id":"https:\/\/skaitytaknyga.lt\/#organization","name":"skaitytaknyga.lt","url":"https:\/\/skaitytaknyga.lt\/","logo":{"@type":"ImageObject","inLanguage":"en-GB","@id":"https:\/\/skaitytaknyga.lt\/#\/schema\/logo\/image\/","url":"https:\/\/skaitytaknyga.lt\/wp-content\/uploads\/2024\/05\/cropped-cropped-cropped-02_00843_jt3bggkj1j3HLc7SyY6rEUpg.jpeg","contentUrl":"https:\/\/skaitytaknyga.lt\/wp-content\/uploads\/2024\/05\/cropped-cropped-cropped-02_00843_jt3bggkj1j3HLc7SyY6rEUpg.jpeg","width":1600,"height":1600,"caption":"skaitytaknyga.lt"},"image":{"@id":"https:\/\/skaitytaknyga.lt\/#\/schema\/logo\/image\/"},"sameAs":["https:\/\/www.facebook.com\/skaitytaknyga\/"]}]}},"_links":{"self":[{"href":"https:\/\/skaitytaknyga.lt\/en\/wp-json\/wp\/v2\/product\/14136","targetHints":{"allow":["GET"]}}],"collection":[{"href":"https:\/\/skaitytaknyga.lt\/en\/wp-json\/wp\/v2\/product"}],"about":[{"href":"https:\/\/skaitytaknyga.lt\/en\/wp-json\/wp\/v2\/types\/product"}],"replies":[{"embeddable":true,"href":"https:\/\/skaitytaknyga.lt\/en\/wp-json\/wp\/v2\/comments?post=14136"}],"wp:featuredmedia":[{"embeddable":true,"href":"https:\/\/skaitytaknyga.lt\/en\/wp-json\/wp\/v2\/media\/14144"}],"wp:attachment":[{"href":"https:\/\/skaitytaknyga.lt\/en\/wp-json\/wp\/v2\/media?parent=14136"}],"wp:term":[{"taxonomy":"product_brand","embeddable":true,"href":"https:\/\/skaitytaknyga.lt\/en\/wp-json\/wp\/v2\/product_brand?post=14136"},{"taxonomy":"product_cat","embeddable":true,"href":"https:\/\/skaitytaknyga.lt\/en\/wp-json\/wp\/v2\/product_cat?post=14136"},{"taxonomy":"product_tag","embeddable":true,"href":"https:\/\/skaitytaknyga.lt\/en\/wp-json\/wp\/v2\/product_tag?post=14136"}],"curies":[{"name":"wp","href":"https:\/\/api.w.org\/{rel}","templated":true}]}}