{"id":14135,"date":"2024-10-12T10:32:59","date_gmt":"2024-10-12T07:32:59","guid":{"rendered":"https:\/\/skaitytaknyga.lt\/?post_type=product&#038;p=14135"},"modified":"2025-10-30T09:16:41","modified_gmt":"2025-10-30T07:16:41","slug":"menas-parduoti-sekmingo-pardavejo-vadovas","status":"publish","type":"product","link":"https:\/\/skaitytaknyga.lt\/en\/produktas\/menas-parduoti-sekmingo-pardavejo-vadovas\/","title":{"rendered":"Menas parduoti: s\u0117kmingo pardav\u0117jo vadovas"},"content":{"rendered":"<p><strong>S\u0117kmingo pardav\u0117jo vadovas<\/strong><\/p>\n<p>* Kaip \u012fveikti potencialaus pirk\u0117jo baim\u0119?<\/p>\n<p>* Kaip atskleisti ir i\u0161pl\u0117toti poreikius?<\/p>\n<p>* Kada vartoti \u201enaudos kalb\u0105\u201c?<\/p>\n<p>* Kaip efektyviai pristatyti prek\u0119?<\/p>\n<p>* Kaip atpa\u017einti \u201epirkimo signalus\u201c?<\/p>\n<p>Knyga pagr\u012fsta prekybos personal mokymo metodika, kuri\u0105 autorius i\u0161band\u0117 daugiau kaip 80 kompanij\u0173.<\/p>\n<p><strong>Apie autori\u0173<\/strong><\/p>\n<p>Mishels Zavadskis \u2013 pardavim\u0173, pirk\u0117j\u0173 aptarnavimo ir vadovavimo pardavimo skyriui specialistas. Pardavim\u0173 konsultacin\u0117s firmos \u201eSales &#038; Personnel Experts\u201c direktorius, The Open University Business School Anglijoje \u012fgij\u0119s profesional\u0173 verslo srities i\u0161silavinim\u0105. Rengia korporacines prekybos personalo mokymo ir pardavimo skyri\u0173 pl\u0117tojimo programas, organizuoja atvirus autorinius seminarus \u201eMenas parduoti\u201c ir \u201eVadovavimas pardavimo skyriui\u201c temomis. Jo klientai yra automobili\u0173 prekybos agentai, i\u0161perkamosios nuomos kompanijos, leidyklos ir daugyb\u0117 \u012fvairiausi\u0173 prekybos ir aptarnavimo organizacij\u0173.<\/p>\n<p>M. Zavadskis nuo 1994 met\u0173 aktyviai dirba paslaug\u0173 pardavimo sferoje.<\/p>\n<ul class=\"about-product d-none d-xl-block mt-4\">\n<li><strong>Autorius:<\/strong>\u00a0Mishels Zavadskis<\/li>\n<li><strong>Leid\u0117jas:<\/strong>\u00a0Eugrimas<\/li>\n<li><strong>Metai:<\/strong>\u00a02014<\/li>\n<li><strong>Puslapiai:<\/strong>\u00a0414<\/li>\n<li class=\"toggleable type-new-formats \"><strong>ISBN:<\/strong>\u00a09786094372414<\/li>\n<li><strong>Versijos kodas:<\/strong>\u00a0PT.<\/li>\n<li class=\"toggleable type-new-formats \"><strong>Formatas:<\/strong>\u00a011 x 17 cm, mink\u0161ti vir\u0161eliai<\/li>\n<li><strong>Kalba:<\/strong>\u00a0Lietuvi\u0173<\/li>\n<li><strong>Vert\u0117jas:<\/strong>\u00a0Laima Ra\u010dien\u0117<\/li>\n<\/ul>\n","protected":false},"excerpt":{"rendered":"<p>S\u0117kmingo pardav\u0117jo vadovas * Kaip \u012fveikti potencialaus pirk\u0117jo baim\u0119? * Kaip atskleisti ir i\u0161pl\u0117toti poreikius? * Kada vartoti \u201enaudos kalb\u0105\u201c? * Kaip efektyviai pristatyti prek\u0119? * Kaip atpa\u017einti \u201epirkimo signalus\u201c? Knyga pagr\u012fsta prekybos personal mokymo metodika, kuri\u0105 autorius i\u0161band\u0117 daugiau kaip 80 kompanij\u0173. Apie autori\u0173 Mishels Zavadskis \u2013 pardavim\u0173, pirk\u0117j\u0173 aptarnavimo ir vadovavimo pardavimo skyriui specialistas. Pardavim\u0173 konsultacin\u0117s firmos \u201eSales &#038; Personnel Experts\u201c direktorius, The Open University Business School Anglijoje \u012fgij\u0119s profesional\u0173 verslo srities i\u0161silavinim\u0105. Rengia korporacines prekybos personalo mokymo ir pardavimo skyri\u0173 pl\u0117tojimo programas, organizuoja atvirus autorinius seminarus \u201eMenas parduoti\u201c ir \u201eVadovavimas pardavimo skyriui\u201c temomis. Jo klientai yra automobili\u0173 prekybos agentai, i\u0161perkamosios nuomos kompanijos, leidyklos ir daugyb\u0117 \u012fvairiausi\u0173 prekybos ir aptarnavimo organizacij\u0173. M. Zavadskis nuo 1994 met\u0173 aktyviai dirba paslaug\u0173 pardavimo sferoje. Autorius:\u00a0Mishels Zavadskis Leid\u0117jas:\u00a0Eugrimas Metai:\u00a02014 Puslapiai:\u00a0414 ISBN:\u00a09786094372414 Versijos kodas:\u00a0PT. Formatas:\u00a011 x 17 cm, mink\u0161ti vir\u0161eliai Kalba:\u00a0Lietuvi\u0173 Vert\u0117jas:\u00a0Laima Ra\u010dien\u0117<\/p>\n","protected":false},"featured_media":14147,"comment_status":"open","ping_status":"closed","template":"","meta":{"_acf_changed":false,"site-sidebar-layout":"default","site-content-layout":"","ast-site-content-layout":"default","site-content-style":"default","site-sidebar-style":"default","ast-global-header-display":"","ast-banner-title-visibility":"","ast-main-header-display":"","ast-hfb-above-header-display":"","ast-hfb-below-header-display":"","ast-hfb-mobile-header-display":"","site-post-title":"","ast-breadcrumbs-content":"","ast-featured-img":"","footer-sml-layout":"","ast-disable-related-posts":"","theme-transparent-header-meta":"default","adv-header-id-meta":"","stick-header-meta":"","header-above-stick-meta":"","header-main-stick-meta":"","header-below-stick-meta":"","astra-migrate-meta-layouts":"set","ast-page-background-enabled":"default","ast-page-background-meta":{"desktop":{"background-color":"","background-image":"","background-repeat":"repeat","background-position":"center center","background-size":"auto","background-attachment":"scroll","background-type":"","background-media":"","overlay-type":"","overlay-color":"","overlay-opacity":"","overlay-gradient":""},"tablet":{"background-color":"","background-image":"","background-repeat":"repeat","background-position":"center center","background-size":"auto","background-attachment":"scroll","background-type":"","background-media":"","overlay-type":"","overlay-color":"","overlay-opacity":"","overlay-gradient":""},"mobile":{"background-color":"","background-image":"","background-repeat":"repeat","background-position":"center center","background-size":"auto","background-attachment":"scroll","background-type":"","background-media":"","overlay-type":"","overlay-color":"","overlay-opacity":"","overlay-gradient":""}},"ast-content-background-meta":{"desktop":{"background-color":"var(--ast-global-color-4)","background-image":"","background-repeat":"repeat","background-position":"center center","background-size":"auto","background-attachment":"scroll","background-type":"","background-media":"","overlay-type":"","overlay-color":"","overlay-opacity":"","overlay-gradient":""},"tablet":{"background-color":"var(--ast-global-color-4)","background-image":"","background-repeat":"repeat","background-position":"center center","background-size":"auto","background-attachment":"scroll","background-type":"","background-media":"","overlay-type":"","overlay-color":"","overlay-opacity":"","overlay-gradient":""},"mobile":{"background-color":"var(--ast-global-color-4)","background-image":"","background-repeat":"repeat","background-position":"center center","background-size":"auto","background-attachment":"scroll","background-type":"","background-media":"","overlay-type":"","overlay-color":"","overlay-opacity":"","overlay-gradient":""}}},"product_brand":[],"product_cat":[15,26],"product_tag":[],"class_list":{"0":"post-14135","1":"product","2":"type-product","3":"status-publish","4":"has-post-thumbnail","6":"product_cat-uncategorized","7":"product_cat-verslas-vadyba-ir-finansai","8":"desktop-align-left","9":"tablet-align-left","10":"mobile-align-left","12":"first","13":"instock","14":"shipping-taxable","15":"purchasable","16":"product-type-simple"},"acf":[],"yoast_head":"<!-- This site is optimized with the Yoast SEO plugin v27.0 - https:\/\/yoast.com\/product\/yoast-seo-wordpress\/ -->\n<title>Menas parduoti: s\u0117kmingo pardav\u0117jo vadovas<\/title>\n<meta name=\"description\" content=\"S\u0117kmingo pardav\u0117jo vadovas * Kaip \u012fveikti potencialaus pirk\u0117jo baim\u0119? * Kaip atskleisti ir i\u0161pl\u0117toti poreikius? * Kada vartoti \u201enaudos kalb\u0105\u201c? * Kaip\" \/>\n<meta name=\"robots\" content=\"index, follow, max-snippet:-1, max-image-preview:large, max-video-preview:-1\" \/>\n<link rel=\"canonical\" href=\"https:\/\/skaitytaknyga.lt\/en\/produktas\/menas-parduoti-sekmingo-pardavejo-vadovas\/\" \/>\n<meta property=\"og:locale\" content=\"en_GB\" \/>\n<meta property=\"og:locale:alternate\" content=\"lt_LT\" \/>\n<meta property=\"og:type\" content=\"article\" \/>\n<meta property=\"og:title\" content=\"Menas parduoti: s\u0117kmingo pardav\u0117jo vadovas\" \/>\n<meta property=\"og:description\" content=\"S\u0117kmingo pardav\u0117jo vadovas * Kaip \u012fveikti potencialaus pirk\u0117jo baim\u0119? * Kaip atskleisti ir i\u0161pl\u0117toti poreikius? * Kada vartoti \u201enaudos kalb\u0105\u201c? * Kaip\" \/>\n<meta property=\"og:url\" content=\"https:\/\/skaitytaknyga.lt\/en\/produktas\/menas-parduoti-sekmingo-pardavejo-vadovas\/\" \/>\n<meta property=\"og:site_name\" content=\"Skaitytaknyga\" \/>\n<meta property=\"article:publisher\" content=\"https:\/\/www.facebook.com\/skaitytaknyga\/\" \/>\n<meta property=\"article:modified_time\" content=\"2025-10-30T07:16:41+00:00\" \/>\n<meta property=\"og:image\" content=\"https:\/\/skaitytaknyga.lt\/wp-content\/uploads\/2024\/10\/Menas-parduoti.-sekmingo-pardavejo-vadovas.webp\" \/>\n\t<meta property=\"og:image:width\" content=\"321\" \/>\n\t<meta property=\"og:image:height\" content=\"494\" \/>\n\t<meta property=\"og:image:type\" content=\"image\/webp\" \/>\n<meta name=\"twitter:card\" content=\"summary_large_image\" \/>\n<meta name=\"twitter:label1\" content=\"Estimated reading time\" \/>\n\t<meta name=\"twitter:data1\" content=\"2 minutes\" \/>\n<script type=\"application\/ld+json\" class=\"yoast-schema-graph\">{\"@context\":\"https:\/\/schema.org\",\"@graph\":[{\"@type\":\"WebPage\",\"@id\":\"https:\/\/skaitytaknyga.lt\/produktas\/menas-parduoti-sekmingo-pardavejo-vadovas\/\",\"url\":\"https:\/\/skaitytaknyga.lt\/produktas\/menas-parduoti-sekmingo-pardavejo-vadovas\/\",\"name\":\"Menas parduoti: s\u0117kmingo pardav\u0117jo vadovas\",\"isPartOf\":{\"@id\":\"https:\/\/skaitytaknyga.lt\/#website\"},\"primaryImageOfPage\":{\"@id\":\"https:\/\/skaitytaknyga.lt\/produktas\/menas-parduoti-sekmingo-pardavejo-vadovas\/#primaryimage\"},\"image\":{\"@id\":\"https:\/\/skaitytaknyga.lt\/produktas\/menas-parduoti-sekmingo-pardavejo-vadovas\/#primaryimage\"},\"thumbnailUrl\":\"https:\/\/skaitytaknyga.lt\/wp-content\/uploads\/2024\/10\/Menas-parduoti.-sekmingo-pardavejo-vadovas.webp\",\"datePublished\":\"2024-10-12T07:32:59+00:00\",\"dateModified\":\"2025-10-30T07:16:41+00:00\",\"description\":\"S\u0117kmingo pardav\u0117jo vadovas * Kaip \u012fveikti potencialaus pirk\u0117jo baim\u0119? * Kaip atskleisti ir i\u0161pl\u0117toti poreikius? * Kada vartoti \u201enaudos kalb\u0105\u201c? * Kaip\",\"breadcrumb\":{\"@id\":\"https:\/\/skaitytaknyga.lt\/produktas\/menas-parduoti-sekmingo-pardavejo-vadovas\/#breadcrumb\"},\"inLanguage\":\"en-GB\",\"potentialAction\":[{\"@type\":\"ReadAction\",\"target\":[\"https:\/\/skaitytaknyga.lt\/produktas\/menas-parduoti-sekmingo-pardavejo-vadovas\/\"]}]},{\"@type\":\"ImageObject\",\"inLanguage\":\"en-GB\",\"@id\":\"https:\/\/skaitytaknyga.lt\/produktas\/menas-parduoti-sekmingo-pardavejo-vadovas\/#primaryimage\",\"url\":\"https:\/\/skaitytaknyga.lt\/wp-content\/uploads\/2024\/10\/Menas-parduoti.-sekmingo-pardavejo-vadovas.webp\",\"contentUrl\":\"https:\/\/skaitytaknyga.lt\/wp-content\/uploads\/2024\/10\/Menas-parduoti.-sekmingo-pardavejo-vadovas.webp\",\"width\":321,\"height\":494,\"caption\":\"Menas parduoti: s\u0117kmingo pardav\u0117jo vadovas\"},{\"@type\":\"BreadcrumbList\",\"@id\":\"https:\/\/skaitytaknyga.lt\/produktas\/menas-parduoti-sekmingo-pardavejo-vadovas\/#breadcrumb\",\"itemListElement\":[{\"@type\":\"ListItem\",\"position\":1,\"name\":\"Home\",\"item\":\"https:\/\/skaitytaknyga.lt\/\"},{\"@type\":\"ListItem\",\"position\":2,\"name\":\"Parduotuv\u0117\",\"item\":\"https:\/\/skaitytaknyga.lt\/knygu-parduotuve\/\"},{\"@type\":\"ListItem\",\"position\":3,\"name\":\"Menas parduoti: s\u0117kmingo pardav\u0117jo vadovas\"}]},{\"@type\":\"WebSite\",\"@id\":\"https:\/\/skaitytaknyga.lt\/#website\",\"url\":\"https:\/\/skaitytaknyga.lt\/\",\"name\":\"skaitytaknyga.lt\",\"description\":\"Skaitytaknyga.lt \u2013 tai ma\u017eas \u0161eimos verslas, kuris prasid\u0117jo nuo meil\u0117s knygoms ir siekio i\u0161gelb\u0117ti knygas nuo likimo prie konteinerio. Kas vienam nereikalingas daiktas \u2013 kitam lobis, o mes esame tarpininkai, kurie padeda abiems tapti laimingesniems ???? \u017dinome kaip nelengva i\u0161gyventi ma\u017eiems verslams, tad nuo \u0161iol, \u010dia rasite ir kit\u0173, ma\u017e\u0173 \u0161eim\u0173 versl\u0173, rank\u0173 darbo, dovan\u0173 sau ir artimiesiems.\",\"publisher\":{\"@id\":\"https:\/\/skaitytaknyga.lt\/#organization\"},\"potentialAction\":[{\"@type\":\"SearchAction\",\"target\":{\"@type\":\"EntryPoint\",\"urlTemplate\":\"https:\/\/skaitytaknyga.lt\/?s={search_term_string}\"},\"query-input\":{\"@type\":\"PropertyValueSpecification\",\"valueRequired\":true,\"valueName\":\"search_term_string\"}}],\"inLanguage\":\"en-GB\"},{\"@type\":\"Organization\",\"@id\":\"https:\/\/skaitytaknyga.lt\/#organization\",\"name\":\"skaitytaknyga.lt\",\"url\":\"https:\/\/skaitytaknyga.lt\/\",\"logo\":{\"@type\":\"ImageObject\",\"inLanguage\":\"en-GB\",\"@id\":\"https:\/\/skaitytaknyga.lt\/#\/schema\/logo\/image\/\",\"url\":\"https:\/\/skaitytaknyga.lt\/wp-content\/uploads\/2024\/05\/cropped-cropped-cropped-02_00843_jt3bggkj1j3HLc7SyY6rEUpg.jpeg\",\"contentUrl\":\"https:\/\/skaitytaknyga.lt\/wp-content\/uploads\/2024\/05\/cropped-cropped-cropped-02_00843_jt3bggkj1j3HLc7SyY6rEUpg.jpeg\",\"width\":1600,\"height\":1600,\"caption\":\"skaitytaknyga.lt\"},\"image\":{\"@id\":\"https:\/\/skaitytaknyga.lt\/#\/schema\/logo\/image\/\"},\"sameAs\":[\"https:\/\/www.facebook.com\/skaitytaknyga\/\"]}]}<\/script>\n<!-- \/ Yoast SEO plugin. -->","yoast_head_json":{"title":"Menas parduoti: s\u0117kmingo pardav\u0117jo vadovas","description":"S\u0117kmingo pardav\u0117jo vadovas * Kaip \u012fveikti potencialaus pirk\u0117jo baim\u0119? * Kaip atskleisti ir i\u0161pl\u0117toti poreikius? * Kada vartoti \u201enaudos kalb\u0105\u201c? * Kaip","robots":{"index":"index","follow":"follow","max-snippet":"max-snippet:-1","max-image-preview":"max-image-preview:large","max-video-preview":"max-video-preview:-1"},"canonical":"https:\/\/skaitytaknyga.lt\/en\/produktas\/menas-parduoti-sekmingo-pardavejo-vadovas\/","og_locale":"en_GB","og_type":"article","og_title":"[:lt]Menas parduoti: s\u0117kmingo pardav\u0117jo vadovas[:] - Skaitytaknyga","og_description":"S\u0117kmingo pardav\u0117jo vadovas * Kaip \u012fveikti potencialaus pirk\u0117jo baim\u0119? * Kaip atskleisti ir i\u0161pl\u0117toti poreikius? * Kada vartoti \u201enaudos kalb\u0105\u201c? * Kaip","og_url":"https:\/\/skaitytaknyga.lt\/en\/produktas\/menas-parduoti-sekmingo-pardavejo-vadovas\/","og_site_name":"Skaitytaknyga","article_publisher":"https:\/\/www.facebook.com\/skaitytaknyga\/","article_modified_time":"2025-10-30T07:16:41+00:00","og_image":[{"width":321,"height":494,"url":"https:\/\/skaitytaknyga.lt\/wp-content\/uploads\/2024\/10\/Menas-parduoti.-sekmingo-pardavejo-vadovas.webp","type":"image\/webp"}],"twitter_card":"summary_large_image","twitter_misc":{"Estimated reading time":"2 minutes"},"schema":{"@context":"https:\/\/schema.org","@graph":[{"@type":"WebPage","@id":"https:\/\/skaitytaknyga.lt\/produktas\/menas-parduoti-sekmingo-pardavejo-vadovas\/","url":"https:\/\/skaitytaknyga.lt\/produktas\/menas-parduoti-sekmingo-pardavejo-vadovas\/","name":"Menas parduoti: s\u0117kmingo pardav\u0117jo vadovas","isPartOf":{"@id":"https:\/\/skaitytaknyga.lt\/#website"},"primaryImageOfPage":{"@id":"https:\/\/skaitytaknyga.lt\/produktas\/menas-parduoti-sekmingo-pardavejo-vadovas\/#primaryimage"},"image":{"@id":"https:\/\/skaitytaknyga.lt\/produktas\/menas-parduoti-sekmingo-pardavejo-vadovas\/#primaryimage"},"thumbnailUrl":"https:\/\/skaitytaknyga.lt\/wp-content\/uploads\/2024\/10\/Menas-parduoti.-sekmingo-pardavejo-vadovas.webp","datePublished":"2024-10-12T07:32:59+00:00","dateModified":"2025-10-30T07:16:41+00:00","description":"S\u0117kmingo pardav\u0117jo vadovas * Kaip \u012fveikti potencialaus pirk\u0117jo baim\u0119? * Kaip atskleisti ir i\u0161pl\u0117toti poreikius? * Kada vartoti \u201enaudos kalb\u0105\u201c? * Kaip","breadcrumb":{"@id":"https:\/\/skaitytaknyga.lt\/produktas\/menas-parduoti-sekmingo-pardavejo-vadovas\/#breadcrumb"},"inLanguage":"en-GB","potentialAction":[{"@type":"ReadAction","target":["https:\/\/skaitytaknyga.lt\/produktas\/menas-parduoti-sekmingo-pardavejo-vadovas\/"]}]},{"@type":"ImageObject","inLanguage":"en-GB","@id":"https:\/\/skaitytaknyga.lt\/produktas\/menas-parduoti-sekmingo-pardavejo-vadovas\/#primaryimage","url":"https:\/\/skaitytaknyga.lt\/wp-content\/uploads\/2024\/10\/Menas-parduoti.-sekmingo-pardavejo-vadovas.webp","contentUrl":"https:\/\/skaitytaknyga.lt\/wp-content\/uploads\/2024\/10\/Menas-parduoti.-sekmingo-pardavejo-vadovas.webp","width":321,"height":494,"caption":"Menas parduoti: s\u0117kmingo pardav\u0117jo vadovas"},{"@type":"BreadcrumbList","@id":"https:\/\/skaitytaknyga.lt\/produktas\/menas-parduoti-sekmingo-pardavejo-vadovas\/#breadcrumb","itemListElement":[{"@type":"ListItem","position":1,"name":"Home","item":"https:\/\/skaitytaknyga.lt\/"},{"@type":"ListItem","position":2,"name":"Parduotuv\u0117","item":"https:\/\/skaitytaknyga.lt\/knygu-parduotuve\/"},{"@type":"ListItem","position":3,"name":"Menas parduoti: s\u0117kmingo pardav\u0117jo vadovas"}]},{"@type":"WebSite","@id":"https:\/\/skaitytaknyga.lt\/#website","url":"https:\/\/skaitytaknyga.lt\/","name":"skaitytaknyga.lt","description":"Skaitytaknyga.lt \u2013 tai ma\u017eas \u0161eimos verslas, kuris prasid\u0117jo nuo meil\u0117s knygoms ir siekio i\u0161gelb\u0117ti knygas nuo likimo prie konteinerio. Kas vienam nereikalingas daiktas \u2013 kitam lobis, o mes esame tarpininkai, kurie padeda abiems tapti laimingesniems ???? \u017dinome kaip nelengva i\u0161gyventi ma\u017eiems verslams, tad nuo \u0161iol, \u010dia rasite ir kit\u0173, ma\u017e\u0173 \u0161eim\u0173 versl\u0173, rank\u0173 darbo, dovan\u0173 sau ir artimiesiems.","publisher":{"@id":"https:\/\/skaitytaknyga.lt\/#organization"},"potentialAction":[{"@type":"SearchAction","target":{"@type":"EntryPoint","urlTemplate":"https:\/\/skaitytaknyga.lt\/?s={search_term_string}"},"query-input":{"@type":"PropertyValueSpecification","valueRequired":true,"valueName":"search_term_string"}}],"inLanguage":"en-GB"},{"@type":"Organization","@id":"https:\/\/skaitytaknyga.lt\/#organization","name":"skaitytaknyga.lt","url":"https:\/\/skaitytaknyga.lt\/","logo":{"@type":"ImageObject","inLanguage":"en-GB","@id":"https:\/\/skaitytaknyga.lt\/#\/schema\/logo\/image\/","url":"https:\/\/skaitytaknyga.lt\/wp-content\/uploads\/2024\/05\/cropped-cropped-cropped-02_00843_jt3bggkj1j3HLc7SyY6rEUpg.jpeg","contentUrl":"https:\/\/skaitytaknyga.lt\/wp-content\/uploads\/2024\/05\/cropped-cropped-cropped-02_00843_jt3bggkj1j3HLc7SyY6rEUpg.jpeg","width":1600,"height":1600,"caption":"skaitytaknyga.lt"},"image":{"@id":"https:\/\/skaitytaknyga.lt\/#\/schema\/logo\/image\/"},"sameAs":["https:\/\/www.facebook.com\/skaitytaknyga\/"]}]}},"_links":{"self":[{"href":"https:\/\/skaitytaknyga.lt\/en\/wp-json\/wp\/v2\/product\/14135","targetHints":{"allow":["GET"]}}],"collection":[{"href":"https:\/\/skaitytaknyga.lt\/en\/wp-json\/wp\/v2\/product"}],"about":[{"href":"https:\/\/skaitytaknyga.lt\/en\/wp-json\/wp\/v2\/types\/product"}],"replies":[{"embeddable":true,"href":"https:\/\/skaitytaknyga.lt\/en\/wp-json\/wp\/v2\/comments?post=14135"}],"wp:featuredmedia":[{"embeddable":true,"href":"https:\/\/skaitytaknyga.lt\/en\/wp-json\/wp\/v2\/media\/14147"}],"wp:attachment":[{"href":"https:\/\/skaitytaknyga.lt\/en\/wp-json\/wp\/v2\/media?parent=14135"}],"wp:term":[{"taxonomy":"product_brand","embeddable":true,"href":"https:\/\/skaitytaknyga.lt\/en\/wp-json\/wp\/v2\/product_brand?post=14135"},{"taxonomy":"product_cat","embeddable":true,"href":"https:\/\/skaitytaknyga.lt\/en\/wp-json\/wp\/v2\/product_cat?post=14135"},{"taxonomy":"product_tag","embeddable":true,"href":"https:\/\/skaitytaknyga.lt\/en\/wp-json\/wp\/v2\/product_tag?post=14135"}],"curies":[{"name":"wp","href":"https:\/\/api.w.org\/{rel}","templated":true}]}}