{"id":14134,"date":"2024-10-12T10:32:59","date_gmt":"2024-10-12T07:32:59","guid":{"rendered":"https:\/\/skaitytaknyga.lt\/?post_type=product&#038;p=14134"},"modified":"2025-05-14T10:40:09","modified_gmt":"2025-05-14T07:40:09","slug":"kodel-prancuzes-nestoreja-valgymo-malonumo-paslaptys","status":"publish","type":"product","link":"https:\/\/skaitytaknyga.lt\/en\/produktas\/kodel-prancuzes-nestoreja-valgymo-malonumo-paslaptys\/","title":{"rendered":"Kod\u0117l pranc\u016bz\u0117s nestor\u0117ja. Valgymo malonumo paslaptys"},"content":{"rendered":"<p>Mireille Guiliano turi didel\u0119 patirt\u012f gastronomijos, vyno degustavimo ir gro\u017eio industrijos srityse, i\u0161gars\u0117jo pasauliniu bestseleriu \u201eKod\u0117l pranc\u016bz\u0117s nestor\u0117ja\u201c.<\/p>\n<p>Pranc\u016bz\u0117s nestor\u0117ja, nors gard\u017eiuojasi duona, te\u0161lainiais, vynu, dr\u0105siai renkasi trij\u0173 patiekal\u0173 pietus ir neatsisako vakarien\u0117s. Stilingoje, i\u0161mintingoje ir linksmoje knygoje Mireille Guiliano atskleid\u017eia pranc\u016bzi\u0161kojo paradokso paslaptis. Ta\u010diau \u010dia nerasite n\u0117 \u017eod\u017eio apie dietas. Pranc\u016bzi\u0173 paslaptis \u2013 teisingi valgymo \u012fpro\u010diai ir sveika gyvensena.<\/p>\n<p>Mireille Guiliano si\u016blo labai paprast\u0105, bet veiksming\u0105 b\u016bd\u0105, kaip i\u0161laikyti daili\u0105 fig\u016br\u0105 ir nekintant\u012f svor\u012f, pateikia de\u0161imtis recept\u0173, kurie i\u0161 pirmo \u017evilgsnio atrodo netgi tukinantys. Ji pabr\u0117\u017eia, kad renkantis, k\u0105 valgyti, svarbiausia yra ne kalorij\u0173 skai\u010dius, bet produkt\u0173 \u0161vie\u017eumas, \u012fvairov\u0117 ir, be abejo, valgymo malonumas.<\/p>\n<p>Klausant Mireille Guiliano patarim\u0173 nesunku \u012fsitikinti, kad kiekviena i\u0161 m\u016bs\u0173 gali gyventi, valgyti ir atrodyti kaip tikra pranc\u016bz\u0117!<\/p>\n<p>Knygoje autor\u0117 remiasi savo pa\u010dios patirtimi. B\u016bdama paaugl\u0117, per moksleivi\u0173 main\u0173 program\u0105 nuva\u017eiavo \u012f Amerik\u0105 ir \u012f Pranc\u016bzij\u0105 gr\u012f\u017eo labai sustor\u0117jusi. Laimei, \u012f pagalb\u0105 at\u0117jo \u0161eimos gydytojas: supa\u017eindino Mireille su klasikin\u0117s pranc\u016bz\u0173 virtuv\u0117s principais, laiko patikrintomis pranc\u016bz\u0173 gudryb\u0117mis ir taip pad\u0117jo jai suliekn\u0117ti. Pakeitusi mitybos \u012fpro\u010dius ir gyvensen\u0105, Mireille iki \u0161iol d\u017eiaugiasi visais gyvenimo malonumais. Valgo triskart per dien\u0105 visai nebijodama priaugti svorio.<\/p>\n<p>Kiekvienai, kuri band\u0117 laikytis diet\u0173 ir j\u0173 nei\u0161tv\u0117r\u0117 arba jomis nusivyl\u0117, autor\u0117 si\u016blo tikrai malon\u0173 b\u016bd\u0105, kaip i\u0161likti lieknai, \u2013 gyvenim\u0105 be korseto, neatsisakant vyno, duonos ir netgi \u0161okolado. Pourquoi pas? Kod\u0117l gi ne?<\/p>\n<ul class=\"about-product d-none d-xl-block mt-4\">\n<li><strong>Originalus pavadinimas:<\/strong>\u00a0French Women Don\u2019t Get Fat<\/li>\n<li><strong>Autorius:<\/strong>\u00a0Mireille Guiliano<\/li>\n<li><strong>Leid\u0117jas:<\/strong>\u00a0Alma littera<\/li>\n<li><strong>Metai:<\/strong>\u00a02014<\/li>\n<li><strong>Puslapiai:<\/strong>\u00a0264<\/li>\n<li class=\"toggleable type-new-formats \"><strong>ISBN:<\/strong>\u00a09786090113370<\/li>\n<li><strong>Versijos kodas:<\/strong>\u00a0PT.<\/li>\n<li class=\"toggleable type-new-formats \"><strong>Formatas:<\/strong>\u00a021,3 x 14,3 x 2 cm, mink\u0161ti vir\u0161eliai<\/li>\n<li><strong>Kalba:<\/strong>\u00a0Lietuvi\u0173<\/li>\n<li><strong>Vert\u0117jas:<\/strong>\u00a0Au\u0161ra Veli\u010dkait\u0117<\/li>\n<\/ul>\n","protected":false},"excerpt":{"rendered":"<p>Mireille Guiliano turi didel\u0119 patirt\u012f gastronomijos, vyno degustavimo ir gro\u017eio industrijos srityse, i\u0161gars\u0117jo pasauliniu bestseleriu \u201eKod\u0117l pranc\u016bz\u0117s nestor\u0117ja\u201c. Pranc\u016bz\u0117s nestor\u0117ja, nors gard\u017eiuojasi duona, te\u0161lainiais, vynu, dr\u0105siai renkasi trij\u0173 patiekal\u0173 pietus ir neatsisako vakarien\u0117s. Stilingoje, i\u0161mintingoje ir linksmoje knygoje Mireille Guiliano atskleid\u017eia pranc\u016bzi\u0161kojo paradokso paslaptis. Ta\u010diau \u010dia nerasite n\u0117 \u017eod\u017eio apie dietas. Pranc\u016bzi\u0173 paslaptis \u2013 teisingi valgymo \u012fpro\u010diai ir sveika gyvensena. Mireille Guiliano si\u016blo labai paprast\u0105, bet veiksming\u0105 b\u016bd\u0105, kaip i\u0161laikyti daili\u0105 fig\u016br\u0105 ir nekintant\u012f svor\u012f, pateikia de\u0161imtis recept\u0173, kurie i\u0161 pirmo \u017evilgsnio atrodo netgi tukinantys. Ji pabr\u0117\u017eia, kad renkantis, k\u0105 valgyti, svarbiausia yra ne kalorij\u0173 skai\u010dius, bet produkt\u0173 \u0161vie\u017eumas, \u012fvairov\u0117 ir, be abejo, valgymo malonumas. Klausant Mireille Guiliano patarim\u0173 nesunku \u012fsitikinti, kad kiekviena i\u0161 m\u016bs\u0173 gali gyventi, valgyti ir atrodyti kaip tikra pranc\u016bz\u0117! Knygoje autor\u0117 remiasi savo pa\u010dios patirtimi. B\u016bdama paaugl\u0117, per moksleivi\u0173 main\u0173 program\u0105 nuva\u017eiavo \u012f Amerik\u0105 ir \u012f Pranc\u016bzij\u0105 gr\u012f\u017eo labai sustor\u0117jusi. Laimei, \u012f pagalb\u0105 at\u0117jo \u0161eimos gydytojas: supa\u017eindino Mireille su klasikin\u0117s pranc\u016bz\u0173 virtuv\u0117s principais, laiko patikrintomis pranc\u016bz\u0173 gudryb\u0117mis ir taip pad\u0117jo jai suliekn\u0117ti. Pakeitusi mitybos \u012fpro\u010dius ir gyvensen\u0105, Mireille iki \u0161iol d\u017eiaugiasi visais gyvenimo malonumais. Valgo triskart per dien\u0105 visai nebijodama priaugti svorio. Kiekvienai, kuri band\u0117 laikytis diet\u0173 ir j\u0173 nei\u0161tv\u0117r\u0117 arba jomis nusivyl\u0117, autor\u0117 si\u016blo tikrai malon\u0173 b\u016bd\u0105, kaip i\u0161likti lieknai, \u2013 gyvenim\u0105 be korseto, neatsisakant vyno, duonos ir netgi \u0161okolado. Pourquoi pas? Kod\u0117l gi ne? Originalus pavadinimas:\u00a0French Women Don\u2019t Get Fat Autorius:\u00a0Mireille Guiliano Leid\u0117jas:\u00a0Alma littera Metai:\u00a02014 Puslapiai:\u00a0264 ISBN:\u00a09786090113370 Versijos kodas:\u00a0PT. Formatas:\u00a021,3 x 14,3 x 2 cm, mink\u0161ti vir\u0161eliai Kalba:\u00a0Lietuvi\u0173 Vert\u0117jas:\u00a0Au\u0161ra Veli\u010dkait\u0117<\/p>\n","protected":false},"featured_media":14146,"comment_status":"open","ping_status":"closed","template":"","meta":{"_acf_changed":false,"site-sidebar-layout":"default","site-content-layout":"","ast-site-content-layout":"default","site-content-style":"default","site-sidebar-style":"default","ast-global-header-display":"","ast-banner-title-visibility":"","ast-main-header-display":"","ast-hfb-above-header-display":"","ast-hfb-below-header-display":"","ast-hfb-mobile-header-display":"","site-post-title":"","ast-breadcrumbs-content":"","ast-featured-img":"","footer-sml-layout":"","ast-disable-related-posts":"","theme-transparent-header-meta":"default","adv-header-id-meta":"","stick-header-meta":"","header-above-stick-meta":"","header-main-stick-meta":"","header-below-stick-meta":"","astra-migrate-meta-layouts":"set","ast-page-background-enabled":"default","ast-page-background-meta":{"desktop":{"background-color":"","background-image":"","background-repeat":"repeat","background-position":"center center","background-size":"auto","background-attachment":"scroll","background-type":"","background-media":"","overlay-type":"","overlay-color":"","overlay-opacity":"","overlay-gradient":""},"tablet":{"background-color":"","background-image":"","background-repeat":"repeat","background-position":"center center","background-size":"auto","background-attachment":"scroll","background-type":"","background-media":"","overlay-type":"","overlay-color":"","overlay-opacity":"","overlay-gradient":""},"mobile":{"background-color":"","background-image":"","background-repeat":"repeat","background-position":"center center","background-size":"auto","background-attachment":"scroll","background-type":"","background-media":"","overlay-type":"","overlay-color":"","overlay-opacity":"","overlay-gradient":""}},"ast-content-background-meta":{"desktop":{"background-color":"var(--ast-global-color-4)","background-image":"","background-repeat":"repeat","background-position":"center center","background-size":"auto","background-attachment":"scroll","background-type":"","background-media":"","overlay-type":"","overlay-color":"","overlay-opacity":"","overlay-gradient":""},"tablet":{"background-color":"var(--ast-global-color-4)","background-image":"","background-repeat":"repeat","background-position":"center center","background-size":"auto","background-attachment":"scroll","background-type":"","background-media":"","overlay-type":"","overlay-color":"","overlay-opacity":"","overlay-gradient":""},"mobile":{"background-color":"var(--ast-global-color-4)","background-image":"","background-repeat":"repeat","background-position":"center center","background-size":"auto","background-attachment":"scroll","background-type":"","background-media":"","overlay-type":"","overlay-color":"","overlay-opacity":"","overlay-gradient":""}}},"product_brand":[],"product_cat":[15,58],"product_tag":[2376,2512,2514,2513,2510,2074,2511],"class_list":{"0":"post-14134","1":"product","2":"type-product","3":"status-publish","4":"has-post-thumbnail","6":"product_cat-uncategorized","7":"product_cat-receptai","8":"product_tag-kultura","9":"product_tag-lieknumas","10":"product_tag-maisto-psichologija","11":"product_tag-moteru-gyvenimo-budas","12":"product_tag-prancuzes","13":"product_tag-sveika-mityba","14":"product_tag-valgymo-iprociai","15":"desktop-align-left","16":"tablet-align-left","17":"mobile-align-left","19":"first","20":"outofstock","21":"shipping-taxable","22":"purchasable","23":"product-type-simple"},"acf":[],"yoast_head":"<!-- This site is optimized with the Yoast SEO plugin v27.0 - https:\/\/yoast.com\/product\/yoast-seo-wordpress\/ -->\n<title>Kod\u0117l pranc\u016bz\u0117s nestor\u0117ja. Valgymo malonumo paslaptys<\/title>\n<meta name=\"description\" content=\"Mireille Guiliano turi didel\u0119 patirt\u012f gastronomijos, vyno degustavimo ir gro\u017eio industrijos srityse, i\u0161gars\u0117jo pasauliniu bestseleriu \u201eKod\u0117l pranc\u016bz\u0117s\" \/>\n<meta name=\"robots\" content=\"index, follow, max-snippet:-1, max-image-preview:large, max-video-preview:-1\" \/>\n<link rel=\"canonical\" href=\"https:\/\/skaitytaknyga.lt\/en\/produktas\/kodel-prancuzes-nestoreja-valgymo-malonumo-paslaptys\/\" \/>\n<meta property=\"og:locale\" content=\"en_GB\" \/>\n<meta property=\"og:locale:alternate\" content=\"lt_LT\" \/>\n<meta property=\"og:type\" content=\"article\" \/>\n<meta property=\"og:title\" content=\"Kod\u0117l pranc\u016bz\u0117s nestor\u0117ja. Valgymo malonumo paslaptys\" \/>\n<meta property=\"og:description\" content=\"Mireille Guiliano turi didel\u0119 patirt\u012f gastronomijos, vyno degustavimo ir gro\u017eio industrijos srityse, i\u0161gars\u0117jo pasauliniu bestseleriu \u201eKod\u0117l pranc\u016bz\u0117s\" \/>\n<meta property=\"og:url\" content=\"https:\/\/skaitytaknyga.lt\/en\/produktas\/kodel-prancuzes-nestoreja-valgymo-malonumo-paslaptys\/\" \/>\n<meta property=\"og:site_name\" content=\"Skaitytaknyga\" \/>\n<meta property=\"article:publisher\" content=\"https:\/\/www.facebook.com\/skaitytaknyga\/\" \/>\n<meta property=\"article:modified_time\" content=\"2025-05-14T07:40:09+00:00\" \/>\n<meta property=\"og:image\" content=\"https:\/\/skaitytaknyga.lt\/wp-content\/uploads\/2024\/10\/Kodel-prancuzes-nestoreja.-Valgymo-malonumo-paslaptys.webp\" \/>\n\t<meta property=\"og:image:width\" content=\"477\" \/>\n\t<meta property=\"og:image:height\" content=\"750\" \/>\n\t<meta property=\"og:image:type\" content=\"image\/webp\" \/>\n<meta name=\"twitter:card\" content=\"summary_large_image\" \/>\n<meta name=\"twitter:label1\" content=\"Estimated reading time\" \/>\n\t<meta name=\"twitter:data1\" content=\"2 minutes\" \/>\n<script type=\"application\/ld+json\" class=\"yoast-schema-graph\">{\"@context\":\"https:\/\/schema.org\",\"@graph\":[{\"@type\":\"WebPage\",\"@id\":\"https:\/\/skaitytaknyga.lt\/produktas\/kodel-prancuzes-nestoreja-valgymo-malonumo-paslaptys\/\",\"url\":\"https:\/\/skaitytaknyga.lt\/produktas\/kodel-prancuzes-nestoreja-valgymo-malonumo-paslaptys\/\",\"name\":\"Kod\u0117l pranc\u016bz\u0117s nestor\u0117ja. Valgymo malonumo paslaptys\",\"isPartOf\":{\"@id\":\"https:\/\/skaitytaknyga.lt\/#website\"},\"primaryImageOfPage\":{\"@id\":\"https:\/\/skaitytaknyga.lt\/produktas\/kodel-prancuzes-nestoreja-valgymo-malonumo-paslaptys\/#primaryimage\"},\"image\":{\"@id\":\"https:\/\/skaitytaknyga.lt\/produktas\/kodel-prancuzes-nestoreja-valgymo-malonumo-paslaptys\/#primaryimage\"},\"thumbnailUrl\":\"https:\/\/skaitytaknyga.lt\/wp-content\/uploads\/2024\/10\/Kodel-prancuzes-nestoreja.-Valgymo-malonumo-paslaptys.webp\",\"datePublished\":\"2024-10-12T07:32:59+00:00\",\"dateModified\":\"2025-05-14T07:40:09+00:00\",\"description\":\"Mireille Guiliano turi didel\u0119 patirt\u012f gastronomijos, vyno degustavimo ir gro\u017eio industrijos srityse, i\u0161gars\u0117jo pasauliniu bestseleriu \u201eKod\u0117l pranc\u016bz\u0117s\",\"breadcrumb\":{\"@id\":\"https:\/\/skaitytaknyga.lt\/produktas\/kodel-prancuzes-nestoreja-valgymo-malonumo-paslaptys\/#breadcrumb\"},\"inLanguage\":\"en-GB\",\"potentialAction\":[{\"@type\":\"ReadAction\",\"target\":[\"https:\/\/skaitytaknyga.lt\/produktas\/kodel-prancuzes-nestoreja-valgymo-malonumo-paslaptys\/\"]}]},{\"@type\":\"ImageObject\",\"inLanguage\":\"en-GB\",\"@id\":\"https:\/\/skaitytaknyga.lt\/produktas\/kodel-prancuzes-nestoreja-valgymo-malonumo-paslaptys\/#primaryimage\",\"url\":\"https:\/\/skaitytaknyga.lt\/wp-content\/uploads\/2024\/10\/Kodel-prancuzes-nestoreja.-Valgymo-malonumo-paslaptys.webp\",\"contentUrl\":\"https:\/\/skaitytaknyga.lt\/wp-content\/uploads\/2024\/10\/Kodel-prancuzes-nestoreja.-Valgymo-malonumo-paslaptys.webp\",\"width\":477,\"height\":750,\"caption\":\"Kod\u0117l pranc\u016bz\u0117s nestor\u0117ja. Valgymo malonumo paslaptys\"},{\"@type\":\"BreadcrumbList\",\"@id\":\"https:\/\/skaitytaknyga.lt\/produktas\/kodel-prancuzes-nestoreja-valgymo-malonumo-paslaptys\/#breadcrumb\",\"itemListElement\":[{\"@type\":\"ListItem\",\"position\":1,\"name\":\"Home\",\"item\":\"https:\/\/skaitytaknyga.lt\/\"},{\"@type\":\"ListItem\",\"position\":2,\"name\":\"Parduotuv\u0117\",\"item\":\"https:\/\/skaitytaknyga.lt\/knygu-parduotuve\/\"},{\"@type\":\"ListItem\",\"position\":3,\"name\":\"Kod\u0117l pranc\u016bz\u0117s nestor\u0117ja. Valgymo malonumo paslaptys\"}]},{\"@type\":\"WebSite\",\"@id\":\"https:\/\/skaitytaknyga.lt\/#website\",\"url\":\"https:\/\/skaitytaknyga.lt\/\",\"name\":\"skaitytaknyga.lt\",\"description\":\"Skaitytaknyga.lt \u2013 tai ma\u017eas \u0161eimos verslas, kuris prasid\u0117jo nuo meil\u0117s knygoms ir siekio i\u0161gelb\u0117ti knygas nuo likimo prie konteinerio. Kas vienam nereikalingas daiktas \u2013 kitam lobis, o mes esame tarpininkai, kurie padeda abiems tapti laimingesniems ???? \u017dinome kaip nelengva i\u0161gyventi ma\u017eiems verslams, tad nuo \u0161iol, \u010dia rasite ir kit\u0173, ma\u017e\u0173 \u0161eim\u0173 versl\u0173, rank\u0173 darbo, dovan\u0173 sau ir artimiesiems.\",\"publisher\":{\"@id\":\"https:\/\/skaitytaknyga.lt\/#organization\"},\"potentialAction\":[{\"@type\":\"SearchAction\",\"target\":{\"@type\":\"EntryPoint\",\"urlTemplate\":\"https:\/\/skaitytaknyga.lt\/?s={search_term_string}\"},\"query-input\":{\"@type\":\"PropertyValueSpecification\",\"valueRequired\":true,\"valueName\":\"search_term_string\"}}],\"inLanguage\":\"en-GB\"},{\"@type\":\"Organization\",\"@id\":\"https:\/\/skaitytaknyga.lt\/#organization\",\"name\":\"skaitytaknyga.lt\",\"url\":\"https:\/\/skaitytaknyga.lt\/\",\"logo\":{\"@type\":\"ImageObject\",\"inLanguage\":\"en-GB\",\"@id\":\"https:\/\/skaitytaknyga.lt\/#\/schema\/logo\/image\/\",\"url\":\"https:\/\/skaitytaknyga.lt\/wp-content\/uploads\/2024\/05\/cropped-cropped-cropped-02_00843_jt3bggkj1j3HLc7SyY6rEUpg.jpeg\",\"contentUrl\":\"https:\/\/skaitytaknyga.lt\/wp-content\/uploads\/2024\/05\/cropped-cropped-cropped-02_00843_jt3bggkj1j3HLc7SyY6rEUpg.jpeg\",\"width\":1600,\"height\":1600,\"caption\":\"skaitytaknyga.lt\"},\"image\":{\"@id\":\"https:\/\/skaitytaknyga.lt\/#\/schema\/logo\/image\/\"},\"sameAs\":[\"https:\/\/www.facebook.com\/skaitytaknyga\/\"]}]}<\/script>\n<!-- \/ Yoast SEO plugin. -->","yoast_head_json":{"title":"Kod\u0117l pranc\u016bz\u0117s nestor\u0117ja. Valgymo malonumo paslaptys","description":"Mireille Guiliano turi didel\u0119 patirt\u012f gastronomijos, vyno degustavimo ir gro\u017eio industrijos srityse, i\u0161gars\u0117jo pasauliniu bestseleriu \u201eKod\u0117l pranc\u016bz\u0117s","robots":{"index":"index","follow":"follow","max-snippet":"max-snippet:-1","max-image-preview":"max-image-preview:large","max-video-preview":"max-video-preview:-1"},"canonical":"https:\/\/skaitytaknyga.lt\/en\/produktas\/kodel-prancuzes-nestoreja-valgymo-malonumo-paslaptys\/","og_locale":"en_GB","og_type":"article","og_title":"[:lt]Kod\u0117l pranc\u016bz\u0117s nestor\u0117ja. Valgymo malonumo paslaptys[:] - Skaitytaknyga","og_description":"Mireille Guiliano turi didel\u0119 patirt\u012f gastronomijos, vyno degustavimo ir gro\u017eio industrijos srityse, i\u0161gars\u0117jo pasauliniu bestseleriu \u201eKod\u0117l pranc\u016bz\u0117s","og_url":"https:\/\/skaitytaknyga.lt\/en\/produktas\/kodel-prancuzes-nestoreja-valgymo-malonumo-paslaptys\/","og_site_name":"Skaitytaknyga","article_publisher":"https:\/\/www.facebook.com\/skaitytaknyga\/","article_modified_time":"2025-05-14T07:40:09+00:00","og_image":[{"width":477,"height":750,"url":"https:\/\/skaitytaknyga.lt\/wp-content\/uploads\/2024\/10\/Kodel-prancuzes-nestoreja.-Valgymo-malonumo-paslaptys.webp","type":"image\/webp"}],"twitter_card":"summary_large_image","twitter_misc":{"Estimated reading time":"2 minutes"},"schema":{"@context":"https:\/\/schema.org","@graph":[{"@type":"WebPage","@id":"https:\/\/skaitytaknyga.lt\/produktas\/kodel-prancuzes-nestoreja-valgymo-malonumo-paslaptys\/","url":"https:\/\/skaitytaknyga.lt\/produktas\/kodel-prancuzes-nestoreja-valgymo-malonumo-paslaptys\/","name":"Kod\u0117l pranc\u016bz\u0117s nestor\u0117ja. Valgymo malonumo paslaptys","isPartOf":{"@id":"https:\/\/skaitytaknyga.lt\/#website"},"primaryImageOfPage":{"@id":"https:\/\/skaitytaknyga.lt\/produktas\/kodel-prancuzes-nestoreja-valgymo-malonumo-paslaptys\/#primaryimage"},"image":{"@id":"https:\/\/skaitytaknyga.lt\/produktas\/kodel-prancuzes-nestoreja-valgymo-malonumo-paslaptys\/#primaryimage"},"thumbnailUrl":"https:\/\/skaitytaknyga.lt\/wp-content\/uploads\/2024\/10\/Kodel-prancuzes-nestoreja.-Valgymo-malonumo-paslaptys.webp","datePublished":"2024-10-12T07:32:59+00:00","dateModified":"2025-05-14T07:40:09+00:00","description":"Mireille Guiliano turi didel\u0119 patirt\u012f gastronomijos, vyno degustavimo ir gro\u017eio industrijos srityse, i\u0161gars\u0117jo pasauliniu bestseleriu \u201eKod\u0117l pranc\u016bz\u0117s","breadcrumb":{"@id":"https:\/\/skaitytaknyga.lt\/produktas\/kodel-prancuzes-nestoreja-valgymo-malonumo-paslaptys\/#breadcrumb"},"inLanguage":"en-GB","potentialAction":[{"@type":"ReadAction","target":["https:\/\/skaitytaknyga.lt\/produktas\/kodel-prancuzes-nestoreja-valgymo-malonumo-paslaptys\/"]}]},{"@type":"ImageObject","inLanguage":"en-GB","@id":"https:\/\/skaitytaknyga.lt\/produktas\/kodel-prancuzes-nestoreja-valgymo-malonumo-paslaptys\/#primaryimage","url":"https:\/\/skaitytaknyga.lt\/wp-content\/uploads\/2024\/10\/Kodel-prancuzes-nestoreja.-Valgymo-malonumo-paslaptys.webp","contentUrl":"https:\/\/skaitytaknyga.lt\/wp-content\/uploads\/2024\/10\/Kodel-prancuzes-nestoreja.-Valgymo-malonumo-paslaptys.webp","width":477,"height":750,"caption":"Kod\u0117l pranc\u016bz\u0117s nestor\u0117ja. Valgymo malonumo paslaptys"},{"@type":"BreadcrumbList","@id":"https:\/\/skaitytaknyga.lt\/produktas\/kodel-prancuzes-nestoreja-valgymo-malonumo-paslaptys\/#breadcrumb","itemListElement":[{"@type":"ListItem","position":1,"name":"Home","item":"https:\/\/skaitytaknyga.lt\/"},{"@type":"ListItem","position":2,"name":"Parduotuv\u0117","item":"https:\/\/skaitytaknyga.lt\/knygu-parduotuve\/"},{"@type":"ListItem","position":3,"name":"Kod\u0117l pranc\u016bz\u0117s nestor\u0117ja. Valgymo malonumo paslaptys"}]},{"@type":"WebSite","@id":"https:\/\/skaitytaknyga.lt\/#website","url":"https:\/\/skaitytaknyga.lt\/","name":"skaitytaknyga.lt","description":"Skaitytaknyga.lt \u2013 tai ma\u017eas \u0161eimos verslas, kuris prasid\u0117jo nuo meil\u0117s knygoms ir siekio i\u0161gelb\u0117ti knygas nuo likimo prie konteinerio. Kas vienam nereikalingas daiktas \u2013 kitam lobis, o mes esame tarpininkai, kurie padeda abiems tapti laimingesniems ???? \u017dinome kaip nelengva i\u0161gyventi ma\u017eiems verslams, tad nuo \u0161iol, \u010dia rasite ir kit\u0173, ma\u017e\u0173 \u0161eim\u0173 versl\u0173, rank\u0173 darbo, dovan\u0173 sau ir artimiesiems.","publisher":{"@id":"https:\/\/skaitytaknyga.lt\/#organization"},"potentialAction":[{"@type":"SearchAction","target":{"@type":"EntryPoint","urlTemplate":"https:\/\/skaitytaknyga.lt\/?s={search_term_string}"},"query-input":{"@type":"PropertyValueSpecification","valueRequired":true,"valueName":"search_term_string"}}],"inLanguage":"en-GB"},{"@type":"Organization","@id":"https:\/\/skaitytaknyga.lt\/#organization","name":"skaitytaknyga.lt","url":"https:\/\/skaitytaknyga.lt\/","logo":{"@type":"ImageObject","inLanguage":"en-GB","@id":"https:\/\/skaitytaknyga.lt\/#\/schema\/logo\/image\/","url":"https:\/\/skaitytaknyga.lt\/wp-content\/uploads\/2024\/05\/cropped-cropped-cropped-02_00843_jt3bggkj1j3HLc7SyY6rEUpg.jpeg","contentUrl":"https:\/\/skaitytaknyga.lt\/wp-content\/uploads\/2024\/05\/cropped-cropped-cropped-02_00843_jt3bggkj1j3HLc7SyY6rEUpg.jpeg","width":1600,"height":1600,"caption":"skaitytaknyga.lt"},"image":{"@id":"https:\/\/skaitytaknyga.lt\/#\/schema\/logo\/image\/"},"sameAs":["https:\/\/www.facebook.com\/skaitytaknyga\/"]}]}},"_links":{"self":[{"href":"https:\/\/skaitytaknyga.lt\/en\/wp-json\/wp\/v2\/product\/14134","targetHints":{"allow":["GET"]}}],"collection":[{"href":"https:\/\/skaitytaknyga.lt\/en\/wp-json\/wp\/v2\/product"}],"about":[{"href":"https:\/\/skaitytaknyga.lt\/en\/wp-json\/wp\/v2\/types\/product"}],"replies":[{"embeddable":true,"href":"https:\/\/skaitytaknyga.lt\/en\/wp-json\/wp\/v2\/comments?post=14134"}],"wp:featuredmedia":[{"embeddable":true,"href":"https:\/\/skaitytaknyga.lt\/en\/wp-json\/wp\/v2\/media\/14146"}],"wp:attachment":[{"href":"https:\/\/skaitytaknyga.lt\/en\/wp-json\/wp\/v2\/media?parent=14134"}],"wp:term":[{"taxonomy":"product_brand","embeddable":true,"href":"https:\/\/skaitytaknyga.lt\/en\/wp-json\/wp\/v2\/product_brand?post=14134"},{"taxonomy":"product_cat","embeddable":true,"href":"https:\/\/skaitytaknyga.lt\/en\/wp-json\/wp\/v2\/product_cat?post=14134"},{"taxonomy":"product_tag","embeddable":true,"href":"https:\/\/skaitytaknyga.lt\/en\/wp-json\/wp\/v2\/product_tag?post=14134"}],"curies":[{"name":"wp","href":"https:\/\/api.w.org\/{rel}","templated":true}]}}