{"id":14133,"date":"2024-10-12T10:32:59","date_gmt":"2024-10-12T07:32:59","guid":{"rendered":"https:\/\/skaitytaknyga.lt\/?post_type=product&#038;p=14133"},"modified":"2025-07-27T19:38:08","modified_gmt":"2025-07-27T16:38:08","slug":"laukine-kelione-kuri-islaisvins-moters-siela","status":"publish","type":"product","link":"https:\/\/skaitytaknyga.lt\/en\/produktas\/laukine-kelione-kuri-islaisvins-moters-siela\/","title":{"rendered":"Laukin\u0117 kelion\u0117, kuri i\u0161laisvins moters siel\u0105"},"content":{"rendered":"<p>Sulaukusi dvide\u0161imt dvej\u0173 Cheryl Strayed tar\u0117si netekusi visko. Be laiko mirus motinai i\u0161sibarst\u0117 \u0161eima, sugriuvo jos pa\u010dios santuoka. Po ketveri\u0173 met\u0173, netur\u0117dama daugiau ko prarasti, ji padar\u0117 impulsyviausi\u0105 gyvenimo sprendim\u0105: be patirties ir treniruo\u010di\u0173, vedina vien aklos valios, ji nutar\u0117 vienui viena \u012fveikti 4 285 kilometr\u0173 Ramiojo vandenyno vir\u0161\u016bni\u0173 tak\u0105 nuo Mohavi\u0173 dykumos per Kalifornij\u0105 ir Oregon\u0105 \u012f Va\u0161ingtono valstij\u0105. Tai \u012ftampos, humoro ir \u0161ilumos persmelkti memuarai apie tai, kaip jauna moteris nepaisydama nieko atlieka \u017eyg\u012f, kuris var\u0117 j\u0105 i\u0161 proto, stiprino ir galiausiai i\u0161gyd\u0117.<\/p>\n<ul class=\"about-product d-none d-xl-block mt-4\">\n<li><strong>Originalus pavadinimas:<\/strong>\u00a0WILD<\/li>\n<li><strong>Autorius:<\/strong>\u00a0Cheryl Strayed<\/li>\n<li><strong>Leid\u0117jas:<\/strong>\u00a0Obuolys<\/li>\n<li><strong>Metai:<\/strong>\u00a02017<\/li>\n<li><strong>Puslapiai:<\/strong>\u00a0432<\/li>\n<li class=\"toggleable type-new-formats \"><strong>ISBN:<\/strong>\u00a09786090402467<\/li>\n<li><strong>Versijos kodas:<\/strong>\u00a010<\/li>\n<li class=\"toggleable type-new-formats \"><strong>Formatas:<\/strong>\u00a013 x 19,5 x 3 cm, mink\u0161ti vir\u0161eliai<\/li>\n<li><strong>Kalba:<\/strong>\u00a0Lietuvi\u0173<\/li>\n<li><strong>Vert\u0117jas:<\/strong>\u00a0Vaida J\u0117\u010dien\u0117<\/li>\n<\/ul>\n","protected":false},"excerpt":{"rendered":"<p>Sulaukusi dvide\u0161imt dvej\u0173 Cheryl Strayed tar\u0117si netekusi visko. Be laiko mirus motinai i\u0161sibarst\u0117 \u0161eima, sugriuvo jos pa\u010dios santuoka. Po ketveri\u0173 met\u0173, netur\u0117dama daugiau ko prarasti, ji padar\u0117 impulsyviausi\u0105 gyvenimo sprendim\u0105: be patirties ir treniruo\u010di\u0173, vedina vien aklos valios, ji nutar\u0117 vienui viena \u012fveikti 4 285 kilometr\u0173 Ramiojo vandenyno vir\u0161\u016bni\u0173 tak\u0105 nuo Mohavi\u0173 dykumos per Kalifornij\u0105 ir Oregon\u0105 \u012f Va\u0161ingtono valstij\u0105. Tai \u012ftampos, humoro ir \u0161ilumos persmelkti memuarai apie tai, kaip jauna moteris nepaisydama nieko atlieka \u017eyg\u012f, kuris var\u0117 j\u0105 i\u0161 proto, stiprino ir galiausiai i\u0161gyd\u0117. Originalus pavadinimas:\u00a0WILD Autorius:\u00a0Cheryl Strayed Leid\u0117jas:\u00a0Obuolys Metai:\u00a02017 Puslapiai:\u00a0432 ISBN:\u00a09786090402467 Versijos kodas:\u00a010 Formatas:\u00a013 x 19,5 x 3 cm, mink\u0161ti vir\u0161eliai Kalba:\u00a0Lietuvi\u0173 Vert\u0117jas:\u00a0Vaida J\u0117\u010dien\u0117<\/p>\n","protected":false},"featured_media":14151,"comment_status":"open","ping_status":"closed","template":"","meta":{"_acf_changed":false,"site-sidebar-layout":"default","site-content-layout":"","ast-site-content-layout":"default","site-content-style":"default","site-sidebar-style":"default","ast-global-header-display":"","ast-banner-title-visibility":"","ast-main-header-display":"","ast-hfb-above-header-display":"","ast-hfb-below-header-display":"","ast-hfb-mobile-header-display":"","site-post-title":"","ast-breadcrumbs-content":"","ast-featured-img":"","footer-sml-layout":"","ast-disable-related-posts":"","theme-transparent-header-meta":"default","adv-header-id-meta":"","stick-header-meta":"","header-above-stick-meta":"","header-main-stick-meta":"","header-below-stick-meta":"","astra-migrate-meta-layouts":"set","ast-page-background-enabled":"default","ast-page-background-meta":{"desktop":{"background-color":"","background-image":"","background-repeat":"repeat","background-position":"center center","background-size":"auto","background-attachment":"scroll","background-type":"","background-media":"","overlay-type":"","overlay-color":"","overlay-opacity":"","overlay-gradient":""},"tablet":{"background-color":"","background-image":"","background-repeat":"repeat","background-position":"center center","background-size":"auto","background-attachment":"scroll","background-type":"","background-media":"","overlay-type":"","overlay-color":"","overlay-opacity":"","overlay-gradient":""},"mobile":{"background-color":"","background-image":"","background-repeat":"repeat","background-position":"center center","background-size":"auto","background-attachment":"scroll","background-type":"","background-media":"","overlay-type":"","overlay-color":"","overlay-opacity":"","overlay-gradient":""}},"ast-content-background-meta":{"desktop":{"background-color":"var(--ast-global-color-4)","background-image":"","background-repeat":"repeat","background-position":"center center","background-size":"auto","background-attachment":"scroll","background-type":"","background-media":"","overlay-type":"","overlay-color":"","overlay-opacity":"","overlay-gradient":""},"tablet":{"background-color":"var(--ast-global-color-4)","background-image":"","background-repeat":"repeat","background-position":"center center","background-size":"auto","background-attachment":"scroll","background-type":"","background-media":"","overlay-type":"","overlay-color":"","overlay-opacity":"","overlay-gradient":""},"mobile":{"background-color":"var(--ast-global-color-4)","background-image":"","background-repeat":"repeat","background-position":"center center","background-size":"auto","background-attachment":"scroll","background-type":"","background-media":"","overlay-type":"","overlay-color":"","overlay-opacity":"","overlay-gradient":""}}},"product_brand":[],"product_cat":[15,30],"product_tag":[],"class_list":{"0":"post-14133","1":"product","2":"type-product","3":"status-publish","4":"has-post-thumbnail","6":"product_cat-uncategorized","7":"product_cat-psichologija-ir-saviugda","8":"desktop-align-left","9":"tablet-align-left","10":"mobile-align-left","12":"first","13":"outofstock","14":"shipping-taxable","15":"purchasable","16":"product-type-simple"},"acf":[],"yoast_head":"<!-- This site is optimized with the Yoast SEO plugin v27.0 - https:\/\/yoast.com\/product\/yoast-seo-wordpress\/ -->\n<title>Laukin\u0117 kelion\u0117, kuri i\u0161laisvins moters siel\u0105<\/title>\n<meta name=\"description\" content=\"Sulaukusi dvide\u0161imt dvej\u0173 Cheryl Strayed tar\u0117si netekusi visko. Be laiko mirus motinai i\u0161sibarst\u0117 \u0161eima, sugriuvo jos pa\u010dios santuoka. Po ketveri\u0173 met\u0173,\" \/>\n<meta name=\"robots\" content=\"index, follow, max-snippet:-1, max-image-preview:large, max-video-preview:-1\" \/>\n<link rel=\"canonical\" href=\"https:\/\/skaitytaknyga.lt\/en\/produktas\/laukine-kelione-kuri-islaisvins-moters-siela\/\" \/>\n<meta property=\"og:locale\" content=\"en_GB\" \/>\n<meta property=\"og:locale:alternate\" content=\"lt_LT\" \/>\n<meta property=\"og:type\" content=\"article\" \/>\n<meta property=\"og:title\" content=\"Laukin\u0117 kelion\u0117, kuri i\u0161laisvins moters siel\u0105\" \/>\n<meta property=\"og:description\" content=\"Sulaukusi dvide\u0161imt dvej\u0173 Cheryl Strayed tar\u0117si netekusi visko. Be laiko mirus motinai i\u0161sibarst\u0117 \u0161eima, sugriuvo jos pa\u010dios santuoka. Po ketveri\u0173 met\u0173,\" \/>\n<meta property=\"og:url\" content=\"https:\/\/skaitytaknyga.lt\/en\/produktas\/laukine-kelione-kuri-islaisvins-moters-siela\/\" \/>\n<meta property=\"og:site_name\" content=\"Skaitytaknyga\" \/>\n<meta property=\"article:publisher\" content=\"https:\/\/www.facebook.com\/skaitytaknyga\/\" \/>\n<meta property=\"article:modified_time\" content=\"2025-07-27T16:38:08+00:00\" \/>\n<meta property=\"og:image\" content=\"https:\/\/skaitytaknyga.lt\/wp-content\/uploads\/2024\/10\/LAUKINE.webp\" \/>\n\t<meta property=\"og:image:width\" content=\"528\" \/>\n\t<meta property=\"og:image:height\" content=\"800\" \/>\n\t<meta property=\"og:image:type\" content=\"image\/webp\" \/>\n<meta name=\"twitter:card\" content=\"summary_large_image\" \/>\n<meta name=\"twitter:label1\" content=\"Estimated reading time\" \/>\n\t<meta name=\"twitter:data1\" content=\"1 minute\" \/>\n<script type=\"application\/ld+json\" class=\"yoast-schema-graph\">{\"@context\":\"https:\/\/schema.org\",\"@graph\":[{\"@type\":\"WebPage\",\"@id\":\"https:\/\/skaitytaknyga.lt\/produktas\/laukine-kelione-kuri-islaisvins-moters-siela\/\",\"url\":\"https:\/\/skaitytaknyga.lt\/produktas\/laukine-kelione-kuri-islaisvins-moters-siela\/\",\"name\":\"Laukin\u0117 kelion\u0117, kuri i\u0161laisvins moters siel\u0105\",\"isPartOf\":{\"@id\":\"https:\/\/skaitytaknyga.lt\/#website\"},\"primaryImageOfPage\":{\"@id\":\"https:\/\/skaitytaknyga.lt\/produktas\/laukine-kelione-kuri-islaisvins-moters-siela\/#primaryimage\"},\"image\":{\"@id\":\"https:\/\/skaitytaknyga.lt\/produktas\/laukine-kelione-kuri-islaisvins-moters-siela\/#primaryimage\"},\"thumbnailUrl\":\"https:\/\/skaitytaknyga.lt\/wp-content\/uploads\/2024\/10\/LAUKINE.webp\",\"datePublished\":\"2024-10-12T07:32:59+00:00\",\"dateModified\":\"2025-07-27T16:38:08+00:00\",\"description\":\"Sulaukusi dvide\u0161imt dvej\u0173 Cheryl Strayed tar\u0117si netekusi visko. Be laiko mirus motinai i\u0161sibarst\u0117 \u0161eima, sugriuvo jos pa\u010dios santuoka. Po ketveri\u0173 met\u0173,\",\"breadcrumb\":{\"@id\":\"https:\/\/skaitytaknyga.lt\/produktas\/laukine-kelione-kuri-islaisvins-moters-siela\/#breadcrumb\"},\"inLanguage\":\"en-GB\",\"potentialAction\":[{\"@type\":\"ReadAction\",\"target\":[\"https:\/\/skaitytaknyga.lt\/produktas\/laukine-kelione-kuri-islaisvins-moters-siela\/\"]}]},{\"@type\":\"ImageObject\",\"inLanguage\":\"en-GB\",\"@id\":\"https:\/\/skaitytaknyga.lt\/produktas\/laukine-kelione-kuri-islaisvins-moters-siela\/#primaryimage\",\"url\":\"https:\/\/skaitytaknyga.lt\/wp-content\/uploads\/2024\/10\/LAUKINE.webp\",\"contentUrl\":\"https:\/\/skaitytaknyga.lt\/wp-content\/uploads\/2024\/10\/LAUKINE.webp\",\"width\":528,\"height\":800,\"caption\":\"Laukin\u0117 kelion\u0117, kuri i\u0161laisvins moters siel\u0105\"},{\"@type\":\"BreadcrumbList\",\"@id\":\"https:\/\/skaitytaknyga.lt\/produktas\/laukine-kelione-kuri-islaisvins-moters-siela\/#breadcrumb\",\"itemListElement\":[{\"@type\":\"ListItem\",\"position\":1,\"name\":\"Home\",\"item\":\"https:\/\/skaitytaknyga.lt\/\"},{\"@type\":\"ListItem\",\"position\":2,\"name\":\"Parduotuv\u0117\",\"item\":\"https:\/\/skaitytaknyga.lt\/knygu-parduotuve\/\"},{\"@type\":\"ListItem\",\"position\":3,\"name\":\"Laukin\u0117 kelion\u0117, kuri i\u0161laisvins moters siel\u0105\"}]},{\"@type\":\"WebSite\",\"@id\":\"https:\/\/skaitytaknyga.lt\/#website\",\"url\":\"https:\/\/skaitytaknyga.lt\/\",\"name\":\"skaitytaknyga.lt\",\"description\":\"Skaitytaknyga.lt \u2013 tai ma\u017eas \u0161eimos verslas, kuris prasid\u0117jo nuo meil\u0117s knygoms ir siekio i\u0161gelb\u0117ti knygas nuo likimo prie konteinerio. Kas vienam nereikalingas daiktas \u2013 kitam lobis, o mes esame tarpininkai, kurie padeda abiems tapti laimingesniems ???? \u017dinome kaip nelengva i\u0161gyventi ma\u017eiems verslams, tad nuo \u0161iol, \u010dia rasite ir kit\u0173, ma\u017e\u0173 \u0161eim\u0173 versl\u0173, rank\u0173 darbo, dovan\u0173 sau ir artimiesiems.\",\"publisher\":{\"@id\":\"https:\/\/skaitytaknyga.lt\/#organization\"},\"potentialAction\":[{\"@type\":\"SearchAction\",\"target\":{\"@type\":\"EntryPoint\",\"urlTemplate\":\"https:\/\/skaitytaknyga.lt\/?s={search_term_string}\"},\"query-input\":{\"@type\":\"PropertyValueSpecification\",\"valueRequired\":true,\"valueName\":\"search_term_string\"}}],\"inLanguage\":\"en-GB\"},{\"@type\":\"Organization\",\"@id\":\"https:\/\/skaitytaknyga.lt\/#organization\",\"name\":\"skaitytaknyga.lt\",\"url\":\"https:\/\/skaitytaknyga.lt\/\",\"logo\":{\"@type\":\"ImageObject\",\"inLanguage\":\"en-GB\",\"@id\":\"https:\/\/skaitytaknyga.lt\/#\/schema\/logo\/image\/\",\"url\":\"https:\/\/skaitytaknyga.lt\/wp-content\/uploads\/2024\/05\/cropped-cropped-cropped-02_00843_jt3bggkj1j3HLc7SyY6rEUpg.jpeg\",\"contentUrl\":\"https:\/\/skaitytaknyga.lt\/wp-content\/uploads\/2024\/05\/cropped-cropped-cropped-02_00843_jt3bggkj1j3HLc7SyY6rEUpg.jpeg\",\"width\":1600,\"height\":1600,\"caption\":\"skaitytaknyga.lt\"},\"image\":{\"@id\":\"https:\/\/skaitytaknyga.lt\/#\/schema\/logo\/image\/\"},\"sameAs\":[\"https:\/\/www.facebook.com\/skaitytaknyga\/\"]}]}<\/script>\n<!-- \/ Yoast SEO plugin. -->","yoast_head_json":{"title":"Laukin\u0117 kelion\u0117, kuri i\u0161laisvins moters siel\u0105","description":"Sulaukusi dvide\u0161imt dvej\u0173 Cheryl Strayed tar\u0117si netekusi visko. Be laiko mirus motinai i\u0161sibarst\u0117 \u0161eima, sugriuvo jos pa\u010dios santuoka. Po ketveri\u0173 met\u0173,","robots":{"index":"index","follow":"follow","max-snippet":"max-snippet:-1","max-image-preview":"max-image-preview:large","max-video-preview":"max-video-preview:-1"},"canonical":"https:\/\/skaitytaknyga.lt\/en\/produktas\/laukine-kelione-kuri-islaisvins-moters-siela\/","og_locale":"en_GB","og_type":"article","og_title":"[:lt]Laukin\u0117 kelion\u0117, kuri i\u0161laisvins moters siel\u0105[:] - Skaitytaknyga","og_description":"Sulaukusi dvide\u0161imt dvej\u0173 Cheryl Strayed tar\u0117si netekusi visko. Be laiko mirus motinai i\u0161sibarst\u0117 \u0161eima, sugriuvo jos pa\u010dios santuoka. Po ketveri\u0173 met\u0173,","og_url":"https:\/\/skaitytaknyga.lt\/en\/produktas\/laukine-kelione-kuri-islaisvins-moters-siela\/","og_site_name":"Skaitytaknyga","article_publisher":"https:\/\/www.facebook.com\/skaitytaknyga\/","article_modified_time":"2025-07-27T16:38:08+00:00","og_image":[{"width":528,"height":800,"url":"https:\/\/skaitytaknyga.lt\/wp-content\/uploads\/2024\/10\/LAUKINE.webp","type":"image\/webp"}],"twitter_card":"summary_large_image","twitter_misc":{"Estimated reading time":"1 minute"},"schema":{"@context":"https:\/\/schema.org","@graph":[{"@type":"WebPage","@id":"https:\/\/skaitytaknyga.lt\/produktas\/laukine-kelione-kuri-islaisvins-moters-siela\/","url":"https:\/\/skaitytaknyga.lt\/produktas\/laukine-kelione-kuri-islaisvins-moters-siela\/","name":"Laukin\u0117 kelion\u0117, kuri i\u0161laisvins moters siel\u0105","isPartOf":{"@id":"https:\/\/skaitytaknyga.lt\/#website"},"primaryImageOfPage":{"@id":"https:\/\/skaitytaknyga.lt\/produktas\/laukine-kelione-kuri-islaisvins-moters-siela\/#primaryimage"},"image":{"@id":"https:\/\/skaitytaknyga.lt\/produktas\/laukine-kelione-kuri-islaisvins-moters-siela\/#primaryimage"},"thumbnailUrl":"https:\/\/skaitytaknyga.lt\/wp-content\/uploads\/2024\/10\/LAUKINE.webp","datePublished":"2024-10-12T07:32:59+00:00","dateModified":"2025-07-27T16:38:08+00:00","description":"Sulaukusi dvide\u0161imt dvej\u0173 Cheryl Strayed tar\u0117si netekusi visko. Be laiko mirus motinai i\u0161sibarst\u0117 \u0161eima, sugriuvo jos pa\u010dios santuoka. Po ketveri\u0173 met\u0173,","breadcrumb":{"@id":"https:\/\/skaitytaknyga.lt\/produktas\/laukine-kelione-kuri-islaisvins-moters-siela\/#breadcrumb"},"inLanguage":"en-GB","potentialAction":[{"@type":"ReadAction","target":["https:\/\/skaitytaknyga.lt\/produktas\/laukine-kelione-kuri-islaisvins-moters-siela\/"]}]},{"@type":"ImageObject","inLanguage":"en-GB","@id":"https:\/\/skaitytaknyga.lt\/produktas\/laukine-kelione-kuri-islaisvins-moters-siela\/#primaryimage","url":"https:\/\/skaitytaknyga.lt\/wp-content\/uploads\/2024\/10\/LAUKINE.webp","contentUrl":"https:\/\/skaitytaknyga.lt\/wp-content\/uploads\/2024\/10\/LAUKINE.webp","width":528,"height":800,"caption":"Laukin\u0117 kelion\u0117, kuri i\u0161laisvins moters siel\u0105"},{"@type":"BreadcrumbList","@id":"https:\/\/skaitytaknyga.lt\/produktas\/laukine-kelione-kuri-islaisvins-moters-siela\/#breadcrumb","itemListElement":[{"@type":"ListItem","position":1,"name":"Home","item":"https:\/\/skaitytaknyga.lt\/"},{"@type":"ListItem","position":2,"name":"Parduotuv\u0117","item":"https:\/\/skaitytaknyga.lt\/knygu-parduotuve\/"},{"@type":"ListItem","position":3,"name":"Laukin\u0117 kelion\u0117, kuri i\u0161laisvins moters siel\u0105"}]},{"@type":"WebSite","@id":"https:\/\/skaitytaknyga.lt\/#website","url":"https:\/\/skaitytaknyga.lt\/","name":"skaitytaknyga.lt","description":"Skaitytaknyga.lt \u2013 tai ma\u017eas \u0161eimos verslas, kuris prasid\u0117jo nuo meil\u0117s knygoms ir siekio i\u0161gelb\u0117ti knygas nuo likimo prie konteinerio. Kas vienam nereikalingas daiktas \u2013 kitam lobis, o mes esame tarpininkai, kurie padeda abiems tapti laimingesniems ???? \u017dinome kaip nelengva i\u0161gyventi ma\u017eiems verslams, tad nuo \u0161iol, \u010dia rasite ir kit\u0173, ma\u017e\u0173 \u0161eim\u0173 versl\u0173, rank\u0173 darbo, dovan\u0173 sau ir artimiesiems.","publisher":{"@id":"https:\/\/skaitytaknyga.lt\/#organization"},"potentialAction":[{"@type":"SearchAction","target":{"@type":"EntryPoint","urlTemplate":"https:\/\/skaitytaknyga.lt\/?s={search_term_string}"},"query-input":{"@type":"PropertyValueSpecification","valueRequired":true,"valueName":"search_term_string"}}],"inLanguage":"en-GB"},{"@type":"Organization","@id":"https:\/\/skaitytaknyga.lt\/#organization","name":"skaitytaknyga.lt","url":"https:\/\/skaitytaknyga.lt\/","logo":{"@type":"ImageObject","inLanguage":"en-GB","@id":"https:\/\/skaitytaknyga.lt\/#\/schema\/logo\/image\/","url":"https:\/\/skaitytaknyga.lt\/wp-content\/uploads\/2024\/05\/cropped-cropped-cropped-02_00843_jt3bggkj1j3HLc7SyY6rEUpg.jpeg","contentUrl":"https:\/\/skaitytaknyga.lt\/wp-content\/uploads\/2024\/05\/cropped-cropped-cropped-02_00843_jt3bggkj1j3HLc7SyY6rEUpg.jpeg","width":1600,"height":1600,"caption":"skaitytaknyga.lt"},"image":{"@id":"https:\/\/skaitytaknyga.lt\/#\/schema\/logo\/image\/"},"sameAs":["https:\/\/www.facebook.com\/skaitytaknyga\/"]}]}},"_links":{"self":[{"href":"https:\/\/skaitytaknyga.lt\/en\/wp-json\/wp\/v2\/product\/14133","targetHints":{"allow":["GET"]}}],"collection":[{"href":"https:\/\/skaitytaknyga.lt\/en\/wp-json\/wp\/v2\/product"}],"about":[{"href":"https:\/\/skaitytaknyga.lt\/en\/wp-json\/wp\/v2\/types\/product"}],"replies":[{"embeddable":true,"href":"https:\/\/skaitytaknyga.lt\/en\/wp-json\/wp\/v2\/comments?post=14133"}],"wp:featuredmedia":[{"embeddable":true,"href":"https:\/\/skaitytaknyga.lt\/en\/wp-json\/wp\/v2\/media\/14151"}],"wp:attachment":[{"href":"https:\/\/skaitytaknyga.lt\/en\/wp-json\/wp\/v2\/media?parent=14133"}],"wp:term":[{"taxonomy":"product_brand","embeddable":true,"href":"https:\/\/skaitytaknyga.lt\/en\/wp-json\/wp\/v2\/product_brand?post=14133"},{"taxonomy":"product_cat","embeddable":true,"href":"https:\/\/skaitytaknyga.lt\/en\/wp-json\/wp\/v2\/product_cat?post=14133"},{"taxonomy":"product_tag","embeddable":true,"href":"https:\/\/skaitytaknyga.lt\/en\/wp-json\/wp\/v2\/product_tag?post=14133"}],"curies":[{"name":"wp","href":"https:\/\/api.w.org\/{rel}","templated":true}]}}