{"id":14130,"date":"2024-10-12T10:32:58","date_gmt":"2024-10-12T07:32:58","guid":{"rendered":"https:\/\/skaitytaknyga.lt\/?post_type=product&#038;p=14130"},"modified":"2024-10-12T10:36:31","modified_gmt":"2024-10-12T07:36:31","slug":"mark-evans-greitasis-masazas-atsipalaidavimo-budai-ir-masazo-pagrindaio","status":"publish","type":"product","link":"https:\/\/skaitytaknyga.lt\/en\/produktas\/mark-evans-greitasis-masazas-atsipalaidavimo-budai-ir-masazo-pagrindaio\/","title":{"rendered":"Mark Evans \u201eGreitasis masa\u017eas. Atsipalaidavimo b\u016bdai ir masa\u017eo pagrindai\u014d"},"content":{"rendered":"<ul>\n<li>Atpalaiduojamojo masa\u017eo b\u016bdai;<\/li>\n<li>Kaip \u012fveikti \u0161iuolaikinio gyvenimo \u012ftamp\u0105;<\/li>\n<li>Paprasti, kiekvienam prieinami masa\u017eavimosi, greitojo masa\u017eo namie ir darbe, koj\u0173 ir rank\u0173 masa\u017eo, erotinio masa\u017eo b\u016bdai;<\/li>\n<li>Kaip atsikratyti nerimo ir susigr\u0105\u017einti energij\u0105;<\/li>\n<li>Lengvai suprantami apra\u0161ymai ir daugiau kaip 150 iliustracij\u0173.<\/li>\n<\/ul>\n<ul class=\"about-product d-none d-xl-block mt-4\">\n<li><strong>Autorius:<\/strong>\u00a0Mark Evans<\/li>\n<li><strong>Leid\u0117jas:<\/strong>\u00a0Alma littera<\/li>\n<li><strong>Metai:<\/strong>\u00a01998<\/li>\n<li><strong>Puslapiai:<\/strong>\u00a064<\/li>\n<li class=\"toggleable type-new-formats \"><strong>ISBN:<\/strong>\u00a09986025664<\/li>\n<li class=\"toggleable type-new-formats \"><strong>Formatas:<\/strong>\u00a020,5 x 20,5 x 0,8 cm, kieti vir\u0161eliai<\/li>\n<li><strong>Vert\u0117jas:<\/strong>\u00a0Antanas \u0160ernius<\/li>\n<\/ul>\n","protected":false},"excerpt":{"rendered":"<p>Atpalaiduojamojo masa\u017eo b\u016bdai; Kaip \u012fveikti \u0161iuolaikinio gyvenimo \u012ftamp\u0105; Paprasti, kiekvienam prieinami masa\u017eavimosi, greitojo masa\u017eo namie ir darbe, koj\u0173 ir rank\u0173 masa\u017eo, erotinio masa\u017eo b\u016bdai; Kaip atsikratyti nerimo ir susigr\u0105\u017einti energij\u0105; Lengvai suprantami apra\u0161ymai ir daugiau kaip 150 iliustracij\u0173. Autorius:\u00a0Mark Evans Leid\u0117jas:\u00a0Alma littera Metai:\u00a01998 Puslapiai:\u00a064 ISBN:\u00a09986025664 Formatas:\u00a020,5 x 20,5 x 0,8 cm, kieti vir\u0161eliai Vert\u0117jas:\u00a0Antanas \u0160ernius<\/p>\n","protected":false},"featured_media":14140,"comment_status":"open","ping_status":"closed","template":"","meta":{"_acf_changed":false,"site-sidebar-layout":"default","site-content-layout":"","ast-site-content-layout":"default","site-content-style":"default","site-sidebar-style":"default","ast-global-header-display":"","ast-banner-title-visibility":"","ast-main-header-display":"","ast-hfb-above-header-display":"","ast-hfb-below-header-display":"","ast-hfb-mobile-header-display":"","site-post-title":"","ast-breadcrumbs-content":"","ast-featured-img":"","footer-sml-layout":"","ast-disable-related-posts":"","theme-transparent-header-meta":"default","adv-header-id-meta":"","stick-header-meta":"","header-above-stick-meta":"","header-main-stick-meta":"","header-below-stick-meta":"","astra-migrate-meta-layouts":"set","ast-page-background-enabled":"default","ast-page-background-meta":{"desktop":{"background-color":"","background-image":"","background-repeat":"repeat","background-position":"center center","background-size":"auto","background-attachment":"scroll","background-type":"","background-media":"","overlay-type":"","overlay-color":"","overlay-opacity":"","overlay-gradient":""},"tablet":{"background-color":"","background-image":"","background-repeat":"repeat","background-position":"center center","background-size":"auto","background-attachment":"scroll","background-type":"","background-media":"","overlay-type":"","overlay-color":"","overlay-opacity":"","overlay-gradient":""},"mobile":{"background-color":"","background-image":"","background-repeat":"repeat","background-position":"center center","background-size":"auto","background-attachment":"scroll","background-type":"","background-media":"","overlay-type":"","overlay-color":"","overlay-opacity":"","overlay-gradient":""}},"ast-content-background-meta":{"desktop":{"background-color":"var(--ast-global-color-4)","background-image":"","background-repeat":"repeat","background-position":"center center","background-size":"auto","background-attachment":"scroll","background-type":"","background-media":"","overlay-type":"","overlay-color":"","overlay-opacity":"","overlay-gradient":""},"tablet":{"background-color":"var(--ast-global-color-4)","background-image":"","background-repeat":"repeat","background-position":"center center","background-size":"auto","background-attachment":"scroll","background-type":"","background-media":"","overlay-type":"","overlay-color":"","overlay-opacity":"","overlay-gradient":""},"mobile":{"background-color":"var(--ast-global-color-4)","background-image":"","background-repeat":"repeat","background-position":"center center","background-size":"auto","background-attachment":"scroll","background-type":"","background-media":"","overlay-type":"","overlay-color":"","overlay-opacity":"","overlay-gradient":""}}},"product_brand":[],"product_cat":[15,55],"product_tag":[],"class_list":{"0":"post-14130","1":"product","2":"type-product","3":"status-publish","4":"has-post-thumbnail","6":"product_cat-uncategorized","7":"product_cat-sveikata-ir-sveika-mityba","8":"desktop-align-left","9":"tablet-align-left","10":"mobile-align-left","12":"first","13":"instock","14":"shipping-taxable","15":"purchasable","16":"product-type-simple"},"acf":[],"yoast_head":"<!-- This site is optimized with the Yoast SEO plugin v27.0 - https:\/\/yoast.com\/product\/yoast-seo-wordpress\/ -->\n<title>Mark Evans \u201eGreitasis masa\u017eas. Atsipalaidavimo b\u016bdai ir masa\u017eo pagrindai\u014d<\/title>\n<meta name=\"description\" content=\"Atpalaiduojamojo masa\u017eo b\u016bdai; Kaip \u012fveikti \u0161iuolaikinio gyvenimo \u012ftamp\u0105; Paprasti, kiekvienam prieinami masa\u017eavimosi, greitojo masa\u017eo namie ir darbe,\" \/>\n<meta name=\"robots\" content=\"index, follow, max-snippet:-1, max-image-preview:large, max-video-preview:-1\" \/>\n<link rel=\"canonical\" href=\"https:\/\/skaitytaknyga.lt\/en\/produktas\/mark-evans-greitasis-masazas-atsipalaidavimo-budai-ir-masazo-pagrindaio\/\" \/>\n<meta property=\"og:locale\" content=\"en_GB\" \/>\n<meta property=\"og:locale:alternate\" content=\"lt_LT\" \/>\n<meta property=\"og:type\" content=\"article\" \/>\n<meta property=\"og:title\" content=\"Mark Evans \u201eGreitasis masa\u017eas. Atsipalaidavimo b\u016bdai ir masa\u017eo pagrindai\u014d\" \/>\n<meta property=\"og:description\" content=\"Atpalaiduojamojo masa\u017eo b\u016bdai; Kaip \u012fveikti \u0161iuolaikinio gyvenimo \u012ftamp\u0105; Paprasti, kiekvienam prieinami masa\u017eavimosi, greitojo masa\u017eo namie ir darbe,\" \/>\n<meta property=\"og:url\" content=\"https:\/\/skaitytaknyga.lt\/en\/produktas\/mark-evans-greitasis-masazas-atsipalaidavimo-budai-ir-masazo-pagrindaio\/\" \/>\n<meta property=\"og:site_name\" content=\"Skaitytaknyga\" \/>\n<meta property=\"article:publisher\" content=\"https:\/\/www.facebook.com\/skaitytaknyga\/\" \/>\n<meta property=\"article:modified_time\" content=\"2024-10-12T07:36:31+00:00\" \/>\n<meta property=\"og:image\" content=\"https:\/\/skaitytaknyga.lt\/wp-content\/uploads\/2024\/10\/Greitasis-masazas.-Atsipalaidavimo-budai-ir-masazo-pagrindai.webp\" \/>\n\t<meta property=\"og:image:width\" content=\"787\" \/>\n\t<meta property=\"og:image:height\" content=\"800\" \/>\n\t<meta property=\"og:image:type\" content=\"image\/webp\" \/>\n<meta name=\"twitter:card\" content=\"summary_large_image\" \/>\n<meta name=\"twitter:label1\" content=\"Estimated reading time\" \/>\n\t<meta name=\"twitter:data1\" content=\"1 minute\" \/>\n<script type=\"application\/ld+json\" class=\"yoast-schema-graph\">{\"@context\":\"https:\/\/schema.org\",\"@graph\":[{\"@type\":\"WebPage\",\"@id\":\"https:\/\/skaitytaknyga.lt\/produktas\/mark-evans-greitasis-masazas-atsipalaidavimo-budai-ir-masazo-pagrindaio\/\",\"url\":\"https:\/\/skaitytaknyga.lt\/produktas\/mark-evans-greitasis-masazas-atsipalaidavimo-budai-ir-masazo-pagrindaio\/\",\"name\":\"Mark Evans \u201eGreitasis masa\u017eas. Atsipalaidavimo b\u016bdai ir masa\u017eo pagrindai\u014d\",\"isPartOf\":{\"@id\":\"https:\/\/skaitytaknyga.lt\/#website\"},\"primaryImageOfPage\":{\"@id\":\"https:\/\/skaitytaknyga.lt\/produktas\/mark-evans-greitasis-masazas-atsipalaidavimo-budai-ir-masazo-pagrindaio\/#primaryimage\"},\"image\":{\"@id\":\"https:\/\/skaitytaknyga.lt\/produktas\/mark-evans-greitasis-masazas-atsipalaidavimo-budai-ir-masazo-pagrindaio\/#primaryimage\"},\"thumbnailUrl\":\"https:\/\/skaitytaknyga.lt\/wp-content\/uploads\/2024\/10\/Greitasis-masazas.-Atsipalaidavimo-budai-ir-masazo-pagrindai.webp\",\"datePublished\":\"2024-10-12T07:32:58+00:00\",\"dateModified\":\"2024-10-12T07:36:31+00:00\",\"description\":\"Atpalaiduojamojo masa\u017eo b\u016bdai; Kaip \u012fveikti \u0161iuolaikinio gyvenimo \u012ftamp\u0105; Paprasti, kiekvienam prieinami masa\u017eavimosi, greitojo masa\u017eo namie ir darbe,\",\"breadcrumb\":{\"@id\":\"https:\/\/skaitytaknyga.lt\/produktas\/mark-evans-greitasis-masazas-atsipalaidavimo-budai-ir-masazo-pagrindaio\/#breadcrumb\"},\"inLanguage\":\"en-GB\",\"potentialAction\":[{\"@type\":\"ReadAction\",\"target\":[\"https:\/\/skaitytaknyga.lt\/produktas\/mark-evans-greitasis-masazas-atsipalaidavimo-budai-ir-masazo-pagrindaio\/\"]}]},{\"@type\":\"ImageObject\",\"inLanguage\":\"en-GB\",\"@id\":\"https:\/\/skaitytaknyga.lt\/produktas\/mark-evans-greitasis-masazas-atsipalaidavimo-budai-ir-masazo-pagrindaio\/#primaryimage\",\"url\":\"https:\/\/skaitytaknyga.lt\/wp-content\/uploads\/2024\/10\/Greitasis-masazas.-Atsipalaidavimo-budai-ir-masazo-pagrindai.webp\",\"contentUrl\":\"https:\/\/skaitytaknyga.lt\/wp-content\/uploads\/2024\/10\/Greitasis-masazas.-Atsipalaidavimo-budai-ir-masazo-pagrindai.webp\",\"width\":787,\"height\":800,\"caption\":\"Greitasis masa\u017eas. Atsipalaidavimo b\u016bdai ir masa\u017eo pagrindai\"},{\"@type\":\"BreadcrumbList\",\"@id\":\"https:\/\/skaitytaknyga.lt\/produktas\/mark-evans-greitasis-masazas-atsipalaidavimo-budai-ir-masazo-pagrindaio\/#breadcrumb\",\"itemListElement\":[{\"@type\":\"ListItem\",\"position\":1,\"name\":\"Home\",\"item\":\"https:\/\/skaitytaknyga.lt\/\"},{\"@type\":\"ListItem\",\"position\":2,\"name\":\"Parduotuv\u0117\",\"item\":\"https:\/\/skaitytaknyga.lt\/knygu-parduotuve\/\"},{\"@type\":\"ListItem\",\"position\":3,\"name\":\"Mark Evans \u201eGreitasis masa\u017eas. Atsipalaidavimo b\u016bdai ir masa\u017eo pagrindai\u014d\"}]},{\"@type\":\"WebSite\",\"@id\":\"https:\/\/skaitytaknyga.lt\/#website\",\"url\":\"https:\/\/skaitytaknyga.lt\/\",\"name\":\"skaitytaknyga.lt\",\"description\":\"Skaitytaknyga.lt \u2013 tai ma\u017eas \u0161eimos verslas, kuris prasid\u0117jo nuo meil\u0117s knygoms ir siekio i\u0161gelb\u0117ti knygas nuo likimo prie konteinerio. Kas vienam nereikalingas daiktas \u2013 kitam lobis, o mes esame tarpininkai, kurie padeda abiems tapti laimingesniems ???? \u017dinome kaip nelengva i\u0161gyventi ma\u017eiems verslams, tad nuo \u0161iol, \u010dia rasite ir kit\u0173, ma\u017e\u0173 \u0161eim\u0173 versl\u0173, rank\u0173 darbo, dovan\u0173 sau ir artimiesiems.\",\"publisher\":{\"@id\":\"https:\/\/skaitytaknyga.lt\/#organization\"},\"potentialAction\":[{\"@type\":\"SearchAction\",\"target\":{\"@type\":\"EntryPoint\",\"urlTemplate\":\"https:\/\/skaitytaknyga.lt\/?s={search_term_string}\"},\"query-input\":{\"@type\":\"PropertyValueSpecification\",\"valueRequired\":true,\"valueName\":\"search_term_string\"}}],\"inLanguage\":\"en-GB\"},{\"@type\":\"Organization\",\"@id\":\"https:\/\/skaitytaknyga.lt\/#organization\",\"name\":\"skaitytaknyga.lt\",\"url\":\"https:\/\/skaitytaknyga.lt\/\",\"logo\":{\"@type\":\"ImageObject\",\"inLanguage\":\"en-GB\",\"@id\":\"https:\/\/skaitytaknyga.lt\/#\/schema\/logo\/image\/\",\"url\":\"https:\/\/skaitytaknyga.lt\/wp-content\/uploads\/2024\/05\/cropped-cropped-cropped-02_00843_jt3bggkj1j3HLc7SyY6rEUpg.jpeg\",\"contentUrl\":\"https:\/\/skaitytaknyga.lt\/wp-content\/uploads\/2024\/05\/cropped-cropped-cropped-02_00843_jt3bggkj1j3HLc7SyY6rEUpg.jpeg\",\"width\":1600,\"height\":1600,\"caption\":\"skaitytaknyga.lt\"},\"image\":{\"@id\":\"https:\/\/skaitytaknyga.lt\/#\/schema\/logo\/image\/\"},\"sameAs\":[\"https:\/\/www.facebook.com\/skaitytaknyga\/\"]}]}<\/script>\n<!-- \/ Yoast SEO plugin. -->","yoast_head_json":{"title":"Mark Evans \u201eGreitasis masa\u017eas. Atsipalaidavimo b\u016bdai ir masa\u017eo pagrindai\u014d","description":"Atpalaiduojamojo masa\u017eo b\u016bdai; Kaip \u012fveikti \u0161iuolaikinio gyvenimo \u012ftamp\u0105; Paprasti, kiekvienam prieinami masa\u017eavimosi, greitojo masa\u017eo namie ir darbe,","robots":{"index":"index","follow":"follow","max-snippet":"max-snippet:-1","max-image-preview":"max-image-preview:large","max-video-preview":"max-video-preview:-1"},"canonical":"https:\/\/skaitytaknyga.lt\/en\/produktas\/mark-evans-greitasis-masazas-atsipalaidavimo-budai-ir-masazo-pagrindaio\/","og_locale":"en_GB","og_type":"article","og_title":"[:lt]Mark Evans \u201eGreitasis masa\u017eas. Atsipalaidavimo b\u016bdai ir masa\u017eo pagrindai\u014d[:] - Skaitytaknyga","og_description":"Atpalaiduojamojo masa\u017eo b\u016bdai; Kaip \u012fveikti \u0161iuolaikinio gyvenimo \u012ftamp\u0105; Paprasti, kiekvienam prieinami masa\u017eavimosi, greitojo masa\u017eo namie ir darbe,","og_url":"https:\/\/skaitytaknyga.lt\/en\/produktas\/mark-evans-greitasis-masazas-atsipalaidavimo-budai-ir-masazo-pagrindaio\/","og_site_name":"Skaitytaknyga","article_publisher":"https:\/\/www.facebook.com\/skaitytaknyga\/","article_modified_time":"2024-10-12T07:36:31+00:00","og_image":[{"width":787,"height":800,"url":"https:\/\/skaitytaknyga.lt\/wp-content\/uploads\/2024\/10\/Greitasis-masazas.-Atsipalaidavimo-budai-ir-masazo-pagrindai.webp","type":"image\/webp"}],"twitter_card":"summary_large_image","twitter_misc":{"Estimated reading time":"1 minute"},"schema":{"@context":"https:\/\/schema.org","@graph":[{"@type":"WebPage","@id":"https:\/\/skaitytaknyga.lt\/produktas\/mark-evans-greitasis-masazas-atsipalaidavimo-budai-ir-masazo-pagrindaio\/","url":"https:\/\/skaitytaknyga.lt\/produktas\/mark-evans-greitasis-masazas-atsipalaidavimo-budai-ir-masazo-pagrindaio\/","name":"Mark Evans \u201eGreitasis masa\u017eas. Atsipalaidavimo b\u016bdai ir masa\u017eo pagrindai\u014d","isPartOf":{"@id":"https:\/\/skaitytaknyga.lt\/#website"},"primaryImageOfPage":{"@id":"https:\/\/skaitytaknyga.lt\/produktas\/mark-evans-greitasis-masazas-atsipalaidavimo-budai-ir-masazo-pagrindaio\/#primaryimage"},"image":{"@id":"https:\/\/skaitytaknyga.lt\/produktas\/mark-evans-greitasis-masazas-atsipalaidavimo-budai-ir-masazo-pagrindaio\/#primaryimage"},"thumbnailUrl":"https:\/\/skaitytaknyga.lt\/wp-content\/uploads\/2024\/10\/Greitasis-masazas.-Atsipalaidavimo-budai-ir-masazo-pagrindai.webp","datePublished":"2024-10-12T07:32:58+00:00","dateModified":"2024-10-12T07:36:31+00:00","description":"Atpalaiduojamojo masa\u017eo b\u016bdai; Kaip \u012fveikti \u0161iuolaikinio gyvenimo \u012ftamp\u0105; Paprasti, kiekvienam prieinami masa\u017eavimosi, greitojo masa\u017eo namie ir darbe,","breadcrumb":{"@id":"https:\/\/skaitytaknyga.lt\/produktas\/mark-evans-greitasis-masazas-atsipalaidavimo-budai-ir-masazo-pagrindaio\/#breadcrumb"},"inLanguage":"en-GB","potentialAction":[{"@type":"ReadAction","target":["https:\/\/skaitytaknyga.lt\/produktas\/mark-evans-greitasis-masazas-atsipalaidavimo-budai-ir-masazo-pagrindaio\/"]}]},{"@type":"ImageObject","inLanguage":"en-GB","@id":"https:\/\/skaitytaknyga.lt\/produktas\/mark-evans-greitasis-masazas-atsipalaidavimo-budai-ir-masazo-pagrindaio\/#primaryimage","url":"https:\/\/skaitytaknyga.lt\/wp-content\/uploads\/2024\/10\/Greitasis-masazas.-Atsipalaidavimo-budai-ir-masazo-pagrindai.webp","contentUrl":"https:\/\/skaitytaknyga.lt\/wp-content\/uploads\/2024\/10\/Greitasis-masazas.-Atsipalaidavimo-budai-ir-masazo-pagrindai.webp","width":787,"height":800,"caption":"Greitasis masa\u017eas. Atsipalaidavimo b\u016bdai ir masa\u017eo pagrindai"},{"@type":"BreadcrumbList","@id":"https:\/\/skaitytaknyga.lt\/produktas\/mark-evans-greitasis-masazas-atsipalaidavimo-budai-ir-masazo-pagrindaio\/#breadcrumb","itemListElement":[{"@type":"ListItem","position":1,"name":"Home","item":"https:\/\/skaitytaknyga.lt\/"},{"@type":"ListItem","position":2,"name":"Parduotuv\u0117","item":"https:\/\/skaitytaknyga.lt\/knygu-parduotuve\/"},{"@type":"ListItem","position":3,"name":"Mark Evans \u201eGreitasis masa\u017eas. Atsipalaidavimo b\u016bdai ir masa\u017eo pagrindai\u014d"}]},{"@type":"WebSite","@id":"https:\/\/skaitytaknyga.lt\/#website","url":"https:\/\/skaitytaknyga.lt\/","name":"skaitytaknyga.lt","description":"Skaitytaknyga.lt \u2013 tai ma\u017eas \u0161eimos verslas, kuris prasid\u0117jo nuo meil\u0117s knygoms ir siekio i\u0161gelb\u0117ti knygas nuo likimo prie konteinerio. Kas vienam nereikalingas daiktas \u2013 kitam lobis, o mes esame tarpininkai, kurie padeda abiems tapti laimingesniems ???? \u017dinome kaip nelengva i\u0161gyventi ma\u017eiems verslams, tad nuo \u0161iol, \u010dia rasite ir kit\u0173, ma\u017e\u0173 \u0161eim\u0173 versl\u0173, rank\u0173 darbo, dovan\u0173 sau ir artimiesiems.","publisher":{"@id":"https:\/\/skaitytaknyga.lt\/#organization"},"potentialAction":[{"@type":"SearchAction","target":{"@type":"EntryPoint","urlTemplate":"https:\/\/skaitytaknyga.lt\/?s={search_term_string}"},"query-input":{"@type":"PropertyValueSpecification","valueRequired":true,"valueName":"search_term_string"}}],"inLanguage":"en-GB"},{"@type":"Organization","@id":"https:\/\/skaitytaknyga.lt\/#organization","name":"skaitytaknyga.lt","url":"https:\/\/skaitytaknyga.lt\/","logo":{"@type":"ImageObject","inLanguage":"en-GB","@id":"https:\/\/skaitytaknyga.lt\/#\/schema\/logo\/image\/","url":"https:\/\/skaitytaknyga.lt\/wp-content\/uploads\/2024\/05\/cropped-cropped-cropped-02_00843_jt3bggkj1j3HLc7SyY6rEUpg.jpeg","contentUrl":"https:\/\/skaitytaknyga.lt\/wp-content\/uploads\/2024\/05\/cropped-cropped-cropped-02_00843_jt3bggkj1j3HLc7SyY6rEUpg.jpeg","width":1600,"height":1600,"caption":"skaitytaknyga.lt"},"image":{"@id":"https:\/\/skaitytaknyga.lt\/#\/schema\/logo\/image\/"},"sameAs":["https:\/\/www.facebook.com\/skaitytaknyga\/"]}]}},"_links":{"self":[{"href":"https:\/\/skaitytaknyga.lt\/en\/wp-json\/wp\/v2\/product\/14130","targetHints":{"allow":["GET"]}}],"collection":[{"href":"https:\/\/skaitytaknyga.lt\/en\/wp-json\/wp\/v2\/product"}],"about":[{"href":"https:\/\/skaitytaknyga.lt\/en\/wp-json\/wp\/v2\/types\/product"}],"replies":[{"embeddable":true,"href":"https:\/\/skaitytaknyga.lt\/en\/wp-json\/wp\/v2\/comments?post=14130"}],"wp:featuredmedia":[{"embeddable":true,"href":"https:\/\/skaitytaknyga.lt\/en\/wp-json\/wp\/v2\/media\/14140"}],"wp:attachment":[{"href":"https:\/\/skaitytaknyga.lt\/en\/wp-json\/wp\/v2\/media?parent=14130"}],"wp:term":[{"taxonomy":"product_brand","embeddable":true,"href":"https:\/\/skaitytaknyga.lt\/en\/wp-json\/wp\/v2\/product_brand?post=14130"},{"taxonomy":"product_cat","embeddable":true,"href":"https:\/\/skaitytaknyga.lt\/en\/wp-json\/wp\/v2\/product_cat?post=14130"},{"taxonomy":"product_tag","embeddable":true,"href":"https:\/\/skaitytaknyga.lt\/en\/wp-json\/wp\/v2\/product_tag?post=14130"}],"curies":[{"name":"wp","href":"https:\/\/api.w.org\/{rel}","templated":true}]}}