{"id":14128,"date":"2024-10-11T09:40:48","date_gmt":"2024-10-11T06:40:48","guid":{"rendered":"https:\/\/skaitytaknyga.lt\/?post_type=product&#038;p=14128"},"modified":"2024-10-12T11:28:53","modified_gmt":"2024-10-12T08:28:53","slug":"pilnas-merfio-desniu-rinkinys","status":"publish","type":"product","link":"https:\/\/skaitytaknyga.lt\/en\/produktas\/pilnas-merfio-desniu-rinkinys\/","title":{"rendered":"Pilnas Merfio d\u0117sni\u0173 rinkinys"},"content":{"rendered":"<p>Merfio d\u0117sniai, antid\u0117sniai, d\u0117sniai su minuso \u017eenklu &#8211; kaip juos bepavadintume &#8211; tai puiki pramoga ir neblogas smegen\u0173 masa\u017eas. Kiekvienas vadovas ir pavaldinys, vairuotojas ir keleivis, pirk\u0117jas ir pardav\u0117jas, vyras ir moteris ras komi\u0161k\u0173 savo gyvenimo fragment\u0173. Optimistai \u0161ia knyga pasinaudos kaip priemone a\u0161triai ir ironi\u0161kai pa\u017evelgti \u012f save, \u012f kitus ir gerai progai pasitaikius nusi\u0161ypsoti. Pesimistai, deja, skaitydami linguos galvas ir bandys \u012ftvirtinti sav\u0105 gyvenimo filosofij\u0105: &#8220;n\u0117ra to blogo, kas negal\u0117t\u0173 dar labiau pablog\u0117ti&#8221;. Nebandykite! \u017dinokite, kad neb\u016bna d\u0117sni\u0173 be i\u0161im\u010di\u0173.<\/p>\n<ul class=\"about-product d-none d-xl-block mt-4\">\n<li><strong>Autorius:<\/strong>\u00a0Arthuras Blochas<\/li>\n<li><strong>Leid\u0117jas:<\/strong>\u00a0Gardenija<\/li>\n<li><strong>Metai:<\/strong>\u00a02004<\/li>\n<li><strong>Puslapiai:<\/strong>\u00a0235<\/li>\n<li class=\"toggleable type-new-formats \"><strong>ISBN:<\/strong>\u00a09986855276<\/li>\n<li class=\"toggleable type-new-formats \"><strong>Formatas:<\/strong>\u00a013 x 20 x 1,5 cm, mink\u0161ti vir\u0161eliai<\/li>\n<li><strong>Vert\u0117jas:<\/strong>\u00a0Jurga Cibulskien\u0117<\/li>\n<\/ul>\n","protected":false},"excerpt":{"rendered":"<p>Merfio d\u0117sniai, antid\u0117sniai, d\u0117sniai su minuso \u017eenklu &#8211; kaip juos bepavadintume &#8211; tai puiki pramoga ir neblogas smegen\u0173 masa\u017eas. Kiekvienas vadovas ir pavaldinys, vairuotojas ir keleivis, pirk\u0117jas ir pardav\u0117jas, vyras ir moteris ras komi\u0161k\u0173 savo gyvenimo fragment\u0173. Optimistai \u0161ia knyga pasinaudos kaip priemone a\u0161triai ir ironi\u0161kai pa\u017evelgti \u012f save, \u012f kitus ir gerai progai pasitaikius nusi\u0161ypsoti. Pesimistai, deja, skaitydami linguos galvas ir bandys \u012ftvirtinti sav\u0105 gyvenimo filosofij\u0105: &#8220;n\u0117ra to blogo, kas negal\u0117t\u0173 dar labiau pablog\u0117ti&#8221;. Nebandykite! \u017dinokite, kad neb\u016bna d\u0117sni\u0173 be i\u0161im\u010di\u0173. Autorius:\u00a0Arthuras Blochas Leid\u0117jas:\u00a0Gardenija Metai:\u00a02004 Puslapiai:\u00a0235 ISBN:\u00a09986855276 Formatas:\u00a013 x 20 x 1,5 cm, mink\u0161ti vir\u0161eliai Vert\u0117jas:\u00a0Jurga Cibulskien\u0117<\/p>\n","protected":false},"featured_media":14158,"comment_status":"open","ping_status":"closed","template":"","meta":{"_acf_changed":false,"site-sidebar-layout":"default","site-content-layout":"","ast-site-content-layout":"default","site-content-style":"default","site-sidebar-style":"default","ast-global-header-display":"","ast-banner-title-visibility":"","ast-main-header-display":"","ast-hfb-above-header-display":"","ast-hfb-below-header-display":"","ast-hfb-mobile-header-display":"","site-post-title":"","ast-breadcrumbs-content":"","ast-featured-img":"","footer-sml-layout":"","ast-disable-related-posts":"","theme-transparent-header-meta":"default","adv-header-id-meta":"","stick-header-meta":"","header-above-stick-meta":"","header-main-stick-meta":"","header-below-stick-meta":"","astra-migrate-meta-layouts":"set","ast-page-background-enabled":"default","ast-page-background-meta":{"desktop":{"background-color":"","background-image":"","background-repeat":"repeat","background-position":"center center","background-size":"auto","background-attachment":"scroll","background-type":"","background-media":"","overlay-type":"","overlay-color":"","overlay-opacity":"","overlay-gradient":""},"tablet":{"background-color":"","background-image":"","background-repeat":"repeat","background-position":"center center","background-size":"auto","background-attachment":"scroll","background-type":"","background-media":"","overlay-type":"","overlay-color":"","overlay-opacity":"","overlay-gradient":""},"mobile":{"background-color":"","background-image":"","background-repeat":"repeat","background-position":"center center","background-size":"auto","background-attachment":"scroll","background-type":"","background-media":"","overlay-type":"","overlay-color":"","overlay-opacity":"","overlay-gradient":""}},"ast-content-background-meta":{"desktop":{"background-color":"var(--ast-global-color-4)","background-image":"","background-repeat":"repeat","background-position":"center center","background-size":"auto","background-attachment":"scroll","background-type":"","background-media":"","overlay-type":"","overlay-color":"","overlay-opacity":"","overlay-gradient":""},"tablet":{"background-color":"var(--ast-global-color-4)","background-image":"","background-repeat":"repeat","background-position":"center center","background-size":"auto","background-attachment":"scroll","background-type":"","background-media":"","overlay-type":"","overlay-color":"","overlay-opacity":"","overlay-gradient":""},"mobile":{"background-color":"var(--ast-global-color-4)","background-image":"","background-repeat":"repeat","background-position":"center center","background-size":"auto","background-attachment":"scroll","background-type":"","background-media":"","overlay-type":"","overlay-color":"","overlay-opacity":"","overlay-gradient":""}}},"product_brand":[],"product_cat":[15,30],"product_tag":[],"class_list":{"0":"post-14128","1":"product","2":"type-product","3":"status-publish","4":"has-post-thumbnail","6":"product_cat-uncategorized","7":"product_cat-psichologija-ir-saviugda","8":"desktop-align-left","9":"tablet-align-left","10":"mobile-align-left","12":"first","13":"instock","14":"shipping-taxable","15":"purchasable","16":"product-type-simple"},"acf":[],"yoast_head":"<!-- This site is optimized with the Yoast SEO plugin v27.0 - https:\/\/yoast.com\/product\/yoast-seo-wordpress\/ -->\n<title>Pilnas Merfio d\u0117sni\u0173 rinkinys<\/title>\n<meta name=\"description\" content=\"Merfio d\u0117sniai, antid\u0117sniai, d\u0117sniai su minuso \u017eenklu - kaip juos bepavadintume - tai puiki pramoga ir neblogas smegen\u0173 masa\u017eas. Kiekvienas vadovas ir\" \/>\n<meta name=\"robots\" content=\"index, follow, max-snippet:-1, max-image-preview:large, max-video-preview:-1\" \/>\n<link rel=\"canonical\" href=\"https:\/\/skaitytaknyga.lt\/en\/produktas\/pilnas-merfio-desniu-rinkinys\/\" \/>\n<meta property=\"og:locale\" content=\"en_GB\" \/>\n<meta property=\"og:locale:alternate\" content=\"lt_LT\" \/>\n<meta property=\"og:type\" content=\"article\" \/>\n<meta property=\"og:title\" content=\"Pilnas Merfio d\u0117sni\u0173 rinkinys\" \/>\n<meta property=\"og:description\" content=\"Merfio d\u0117sniai, antid\u0117sniai, d\u0117sniai su minuso \u017eenklu - kaip juos bepavadintume - tai puiki pramoga ir neblogas smegen\u0173 masa\u017eas. Kiekvienas vadovas ir\" \/>\n<meta property=\"og:url\" content=\"https:\/\/skaitytaknyga.lt\/en\/produktas\/pilnas-merfio-desniu-rinkinys\/\" \/>\n<meta property=\"og:site_name\" content=\"Skaitytaknyga\" \/>\n<meta property=\"article:publisher\" content=\"https:\/\/www.facebook.com\/skaitytaknyga\/\" \/>\n<meta property=\"article:modified_time\" content=\"2024-10-12T08:28:53+00:00\" \/>\n<meta property=\"og:image\" content=\"https:\/\/skaitytaknyga.lt\/wp-content\/uploads\/2024\/10\/Pilnas-Merfio-desniu-rinkinys.webp\" \/>\n\t<meta property=\"og:image:width\" content=\"513\" \/>\n\t<meta property=\"og:image:height\" content=\"800\" \/>\n\t<meta property=\"og:image:type\" content=\"image\/webp\" \/>\n<meta name=\"twitter:card\" content=\"summary_large_image\" \/>\n<meta name=\"twitter:label1\" content=\"Estimated reading time\" \/>\n\t<meta name=\"twitter:data1\" content=\"1 minute\" \/>\n<script type=\"application\/ld+json\" class=\"yoast-schema-graph\">{\"@context\":\"https:\/\/schema.org\",\"@graph\":[{\"@type\":\"WebPage\",\"@id\":\"https:\/\/skaitytaknyga.lt\/produktas\/pilnas-merfio-desniu-rinkinys\/\",\"url\":\"https:\/\/skaitytaknyga.lt\/produktas\/pilnas-merfio-desniu-rinkinys\/\",\"name\":\"Pilnas Merfio d\u0117sni\u0173 rinkinys\",\"isPartOf\":{\"@id\":\"https:\/\/skaitytaknyga.lt\/#website\"},\"primaryImageOfPage\":{\"@id\":\"https:\/\/skaitytaknyga.lt\/produktas\/pilnas-merfio-desniu-rinkinys\/#primaryimage\"},\"image\":{\"@id\":\"https:\/\/skaitytaknyga.lt\/produktas\/pilnas-merfio-desniu-rinkinys\/#primaryimage\"},\"thumbnailUrl\":\"https:\/\/skaitytaknyga.lt\/wp-content\/uploads\/2024\/10\/Pilnas-Merfio-desniu-rinkinys.webp\",\"datePublished\":\"2024-10-11T06:40:48+00:00\",\"dateModified\":\"2024-10-12T08:28:53+00:00\",\"description\":\"Merfio d\u0117sniai, antid\u0117sniai, d\u0117sniai su minuso \u017eenklu - kaip juos bepavadintume - tai puiki pramoga ir neblogas smegen\u0173 masa\u017eas. Kiekvienas vadovas ir\",\"breadcrumb\":{\"@id\":\"https:\/\/skaitytaknyga.lt\/produktas\/pilnas-merfio-desniu-rinkinys\/#breadcrumb\"},\"inLanguage\":\"en-GB\",\"potentialAction\":[{\"@type\":\"ReadAction\",\"target\":[\"https:\/\/skaitytaknyga.lt\/produktas\/pilnas-merfio-desniu-rinkinys\/\"]}]},{\"@type\":\"ImageObject\",\"inLanguage\":\"en-GB\",\"@id\":\"https:\/\/skaitytaknyga.lt\/produktas\/pilnas-merfio-desniu-rinkinys\/#primaryimage\",\"url\":\"https:\/\/skaitytaknyga.lt\/wp-content\/uploads\/2024\/10\/Pilnas-Merfio-desniu-rinkinys.webp\",\"contentUrl\":\"https:\/\/skaitytaknyga.lt\/wp-content\/uploads\/2024\/10\/Pilnas-Merfio-desniu-rinkinys.webp\",\"width\":513,\"height\":800,\"caption\":\"Pilnas Merfio d\u0117sni\u0173 rinkinys\"},{\"@type\":\"BreadcrumbList\",\"@id\":\"https:\/\/skaitytaknyga.lt\/produktas\/pilnas-merfio-desniu-rinkinys\/#breadcrumb\",\"itemListElement\":[{\"@type\":\"ListItem\",\"position\":1,\"name\":\"Home\",\"item\":\"https:\/\/skaitytaknyga.lt\/\"},{\"@type\":\"ListItem\",\"position\":2,\"name\":\"Parduotuv\u0117\",\"item\":\"https:\/\/skaitytaknyga.lt\/knygu-parduotuve\/\"},{\"@type\":\"ListItem\",\"position\":3,\"name\":\"Pilnas Merfio d\u0117sni\u0173 rinkinys\"}]},{\"@type\":\"WebSite\",\"@id\":\"https:\/\/skaitytaknyga.lt\/#website\",\"url\":\"https:\/\/skaitytaknyga.lt\/\",\"name\":\"skaitytaknyga.lt\",\"description\":\"Skaitytaknyga.lt \u2013 tai ma\u017eas \u0161eimos verslas, kuris prasid\u0117jo nuo meil\u0117s knygoms ir siekio i\u0161gelb\u0117ti knygas nuo likimo prie konteinerio. Kas vienam nereikalingas daiktas \u2013 kitam lobis, o mes esame tarpininkai, kurie padeda abiems tapti laimingesniems ???? \u017dinome kaip nelengva i\u0161gyventi ma\u017eiems verslams, tad nuo \u0161iol, \u010dia rasite ir kit\u0173, ma\u017e\u0173 \u0161eim\u0173 versl\u0173, rank\u0173 darbo, dovan\u0173 sau ir artimiesiems.\",\"publisher\":{\"@id\":\"https:\/\/skaitytaknyga.lt\/#organization\"},\"potentialAction\":[{\"@type\":\"SearchAction\",\"target\":{\"@type\":\"EntryPoint\",\"urlTemplate\":\"https:\/\/skaitytaknyga.lt\/?s={search_term_string}\"},\"query-input\":{\"@type\":\"PropertyValueSpecification\",\"valueRequired\":true,\"valueName\":\"search_term_string\"}}],\"inLanguage\":\"en-GB\"},{\"@type\":\"Organization\",\"@id\":\"https:\/\/skaitytaknyga.lt\/#organization\",\"name\":\"skaitytaknyga.lt\",\"url\":\"https:\/\/skaitytaknyga.lt\/\",\"logo\":{\"@type\":\"ImageObject\",\"inLanguage\":\"en-GB\",\"@id\":\"https:\/\/skaitytaknyga.lt\/#\/schema\/logo\/image\/\",\"url\":\"https:\/\/skaitytaknyga.lt\/wp-content\/uploads\/2024\/05\/cropped-cropped-cropped-02_00843_jt3bggkj1j3HLc7SyY6rEUpg.jpeg\",\"contentUrl\":\"https:\/\/skaitytaknyga.lt\/wp-content\/uploads\/2024\/05\/cropped-cropped-cropped-02_00843_jt3bggkj1j3HLc7SyY6rEUpg.jpeg\",\"width\":1600,\"height\":1600,\"caption\":\"skaitytaknyga.lt\"},\"image\":{\"@id\":\"https:\/\/skaitytaknyga.lt\/#\/schema\/logo\/image\/\"},\"sameAs\":[\"https:\/\/www.facebook.com\/skaitytaknyga\/\"]}]}<\/script>\n<!-- \/ Yoast SEO plugin. -->","yoast_head_json":{"title":"Pilnas Merfio d\u0117sni\u0173 rinkinys","description":"Merfio d\u0117sniai, antid\u0117sniai, d\u0117sniai su minuso \u017eenklu - kaip juos bepavadintume - tai puiki pramoga ir neblogas smegen\u0173 masa\u017eas. Kiekvienas vadovas ir","robots":{"index":"index","follow":"follow","max-snippet":"max-snippet:-1","max-image-preview":"max-image-preview:large","max-video-preview":"max-video-preview:-1"},"canonical":"https:\/\/skaitytaknyga.lt\/en\/produktas\/pilnas-merfio-desniu-rinkinys\/","og_locale":"en_GB","og_type":"article","og_title":"[:lt]Pilnas Merfio d\u0117sni\u0173 rinkinys[:] - Skaitytaknyga","og_description":"Merfio d\u0117sniai, antid\u0117sniai, d\u0117sniai su minuso \u017eenklu - kaip juos bepavadintume - tai puiki pramoga ir neblogas smegen\u0173 masa\u017eas. Kiekvienas vadovas ir","og_url":"https:\/\/skaitytaknyga.lt\/en\/produktas\/pilnas-merfio-desniu-rinkinys\/","og_site_name":"Skaitytaknyga","article_publisher":"https:\/\/www.facebook.com\/skaitytaknyga\/","article_modified_time":"2024-10-12T08:28:53+00:00","og_image":[{"width":513,"height":800,"url":"https:\/\/skaitytaknyga.lt\/wp-content\/uploads\/2024\/10\/Pilnas-Merfio-desniu-rinkinys.webp","type":"image\/webp"}],"twitter_card":"summary_large_image","twitter_misc":{"Estimated reading time":"1 minute"},"schema":{"@context":"https:\/\/schema.org","@graph":[{"@type":"WebPage","@id":"https:\/\/skaitytaknyga.lt\/produktas\/pilnas-merfio-desniu-rinkinys\/","url":"https:\/\/skaitytaknyga.lt\/produktas\/pilnas-merfio-desniu-rinkinys\/","name":"Pilnas Merfio d\u0117sni\u0173 rinkinys","isPartOf":{"@id":"https:\/\/skaitytaknyga.lt\/#website"},"primaryImageOfPage":{"@id":"https:\/\/skaitytaknyga.lt\/produktas\/pilnas-merfio-desniu-rinkinys\/#primaryimage"},"image":{"@id":"https:\/\/skaitytaknyga.lt\/produktas\/pilnas-merfio-desniu-rinkinys\/#primaryimage"},"thumbnailUrl":"https:\/\/skaitytaknyga.lt\/wp-content\/uploads\/2024\/10\/Pilnas-Merfio-desniu-rinkinys.webp","datePublished":"2024-10-11T06:40:48+00:00","dateModified":"2024-10-12T08:28:53+00:00","description":"Merfio d\u0117sniai, antid\u0117sniai, d\u0117sniai su minuso \u017eenklu - kaip juos bepavadintume - tai puiki pramoga ir neblogas smegen\u0173 masa\u017eas. Kiekvienas vadovas ir","breadcrumb":{"@id":"https:\/\/skaitytaknyga.lt\/produktas\/pilnas-merfio-desniu-rinkinys\/#breadcrumb"},"inLanguage":"en-GB","potentialAction":[{"@type":"ReadAction","target":["https:\/\/skaitytaknyga.lt\/produktas\/pilnas-merfio-desniu-rinkinys\/"]}]},{"@type":"ImageObject","inLanguage":"en-GB","@id":"https:\/\/skaitytaknyga.lt\/produktas\/pilnas-merfio-desniu-rinkinys\/#primaryimage","url":"https:\/\/skaitytaknyga.lt\/wp-content\/uploads\/2024\/10\/Pilnas-Merfio-desniu-rinkinys.webp","contentUrl":"https:\/\/skaitytaknyga.lt\/wp-content\/uploads\/2024\/10\/Pilnas-Merfio-desniu-rinkinys.webp","width":513,"height":800,"caption":"Pilnas Merfio d\u0117sni\u0173 rinkinys"},{"@type":"BreadcrumbList","@id":"https:\/\/skaitytaknyga.lt\/produktas\/pilnas-merfio-desniu-rinkinys\/#breadcrumb","itemListElement":[{"@type":"ListItem","position":1,"name":"Home","item":"https:\/\/skaitytaknyga.lt\/"},{"@type":"ListItem","position":2,"name":"Parduotuv\u0117","item":"https:\/\/skaitytaknyga.lt\/knygu-parduotuve\/"},{"@type":"ListItem","position":3,"name":"Pilnas Merfio d\u0117sni\u0173 rinkinys"}]},{"@type":"WebSite","@id":"https:\/\/skaitytaknyga.lt\/#website","url":"https:\/\/skaitytaknyga.lt\/","name":"skaitytaknyga.lt","description":"Skaitytaknyga.lt \u2013 tai ma\u017eas \u0161eimos verslas, kuris prasid\u0117jo nuo meil\u0117s knygoms ir siekio i\u0161gelb\u0117ti knygas nuo likimo prie konteinerio. Kas vienam nereikalingas daiktas \u2013 kitam lobis, o mes esame tarpininkai, kurie padeda abiems tapti laimingesniems ???? \u017dinome kaip nelengva i\u0161gyventi ma\u017eiems verslams, tad nuo \u0161iol, \u010dia rasite ir kit\u0173, ma\u017e\u0173 \u0161eim\u0173 versl\u0173, rank\u0173 darbo, dovan\u0173 sau ir artimiesiems.","publisher":{"@id":"https:\/\/skaitytaknyga.lt\/#organization"},"potentialAction":[{"@type":"SearchAction","target":{"@type":"EntryPoint","urlTemplate":"https:\/\/skaitytaknyga.lt\/?s={search_term_string}"},"query-input":{"@type":"PropertyValueSpecification","valueRequired":true,"valueName":"search_term_string"}}],"inLanguage":"en-GB"},{"@type":"Organization","@id":"https:\/\/skaitytaknyga.lt\/#organization","name":"skaitytaknyga.lt","url":"https:\/\/skaitytaknyga.lt\/","logo":{"@type":"ImageObject","inLanguage":"en-GB","@id":"https:\/\/skaitytaknyga.lt\/#\/schema\/logo\/image\/","url":"https:\/\/skaitytaknyga.lt\/wp-content\/uploads\/2024\/05\/cropped-cropped-cropped-02_00843_jt3bggkj1j3HLc7SyY6rEUpg.jpeg","contentUrl":"https:\/\/skaitytaknyga.lt\/wp-content\/uploads\/2024\/05\/cropped-cropped-cropped-02_00843_jt3bggkj1j3HLc7SyY6rEUpg.jpeg","width":1600,"height":1600,"caption":"skaitytaknyga.lt"},"image":{"@id":"https:\/\/skaitytaknyga.lt\/#\/schema\/logo\/image\/"},"sameAs":["https:\/\/www.facebook.com\/skaitytaknyga\/"]}]}},"_links":{"self":[{"href":"https:\/\/skaitytaknyga.lt\/en\/wp-json\/wp\/v2\/product\/14128","targetHints":{"allow":["GET"]}}],"collection":[{"href":"https:\/\/skaitytaknyga.lt\/en\/wp-json\/wp\/v2\/product"}],"about":[{"href":"https:\/\/skaitytaknyga.lt\/en\/wp-json\/wp\/v2\/types\/product"}],"replies":[{"embeddable":true,"href":"https:\/\/skaitytaknyga.lt\/en\/wp-json\/wp\/v2\/comments?post=14128"}],"wp:featuredmedia":[{"embeddable":true,"href":"https:\/\/skaitytaknyga.lt\/en\/wp-json\/wp\/v2\/media\/14158"}],"wp:attachment":[{"href":"https:\/\/skaitytaknyga.lt\/en\/wp-json\/wp\/v2\/media?parent=14128"}],"wp:term":[{"taxonomy":"product_brand","embeddable":true,"href":"https:\/\/skaitytaknyga.lt\/en\/wp-json\/wp\/v2\/product_brand?post=14128"},{"taxonomy":"product_cat","embeddable":true,"href":"https:\/\/skaitytaknyga.lt\/en\/wp-json\/wp\/v2\/product_cat?post=14128"},{"taxonomy":"product_tag","embeddable":true,"href":"https:\/\/skaitytaknyga.lt\/en\/wp-json\/wp\/v2\/product_tag?post=14128"}],"curies":[{"name":"wp","href":"https:\/\/api.w.org\/{rel}","templated":true}]}}