{"id":14126,"date":"2024-10-11T09:40:48","date_gmt":"2024-10-11T06:40:48","guid":{"rendered":"https:\/\/skaitytaknyga.lt\/?post_type=product&#038;p=14126"},"modified":"2025-10-05T18:09:11","modified_gmt":"2025-10-05T15:09:11","slug":"staltieses-ritmu","status":"publish","type":"product","link":"https:\/\/skaitytaknyga.lt\/en\/produktas\/staltieses-ritmu\/","title":{"rendered":"Stalties\u0117s ritmu"},"content":{"rendered":"<p>Kart\u0105 diskutuodamas su kolega \u017eurnalistu, kuris v\u0117liau tapo \u017eurnalo redaktoriumi, leptel\u0117jau: mano did\u017eiu \u012fsitikinimu, valgantis \u017emogus yra tiek pat reik\u0161mingas, kaip ir m\u0105stantis \u017emogus. Kaip ir skaitantis, kuriantis, tikintis. Kolega \u012fsmeig\u0117 \u012f mane akis ir prunk\u0161tel\u0117jo. Valgantis \u017emogus? Homo edens? Na, na\u2026 Diskusija t\u0105kart baig\u0117si. I\u0161vyk\u0119s dirbti \u012f Italij\u0105 radau bendramin\u010di\u0173. Apstulbau susivok\u0119s, kad visa Italija, visa Piet\u0173 Europa m\u0105sto pana\u0161iai: valgantis \u017emogus \u2013 tai tam tikr\u0173 socialini\u0173, etnografini\u0173, kult\u016brini\u0173 vertybi\u0173 atspindys.<\/p>\n<p>Mokytis ir smalsiai \u017evalgytis, lygiuotis \u012f \u0161aunesnius ir daugiau pasiekusius \u2013 tikrai verta. Kad nacionaliniai virtuv\u0117s ypatumai b\u016bt\u0173 be konservant\u0173, kad vynas v\u0117l tapt\u0173 ne alkoholio laipsni\u0173 suma, o krik\u0161\u010dioni\u0161kosios Vakar\u0173 kult\u016bros simboliu, kad vir\u0117jai b\u016bt\u0173 vadinami k\u016br\u0117jais. Kad v\u0117l gr\u012f\u017et\u0173 stalties\u0117s ritmas ir prarasta gastronomin\u0117 atmintis. Kas \u017eino, galb\u016bt i\u0161 baltojo var\u0161k\u0117s s\u016brio. Ar i\u0161 stiklo drumsto naminio alaus. Juk net pranc\u016bzui Marceliui Proustui prarasto laiko beie\u0161kant austri\u0173 ir moliusk\u0173 skonis ka\u017ekod\u0117l netikdavo&#8230;<\/p>\n<p>\u017durnalisto Pauliaus Jurkevi\u010diaus, jau keliolika met\u0173 dirban\u010dio Italijoje, nuolat ra\u0161an\u010dio gastronomijos temomis Lietuvos ir u\u017esienio spaudoje, pirmoji knyga \u2013 tai kelion\u0117 po gero ir blogo skonio Europ\u0105, \u0161maik\u0161t\u016bs praktiniai patarimai geros virtuv\u0117s ie\u0161kotojams ir teoriniai gastronomijos kaip bendrosios kult\u016bros dalies pagrindai.<\/p>\n<p>Pizos universiteto profesoriaus baltisto Pietro U. Dini lietuvi\u0161kai ra\u0161ytame \u012f\u017eanginiame tekste ap\u017evelgiama su Italija glaud\u017eiai susijusi \u0161ios knygos autoriaus k\u016brybin\u0117 veikla.<\/p>\n<ul class=\"about-product d-none d-xl-block mt-4\">\n<li><strong>Autorius:<\/strong>\u00a0Paulius Jurkevi\u010dius<\/li>\n<li><strong>Leid\u0117jas:<\/strong>\u00a0Tyto alba<\/li>\n<li><strong>Metai:<\/strong>\u00a02010<\/li>\n<li><strong>Puslapiai:<\/strong>\u00a0356<\/li>\n<li class=\"toggleable type-new-formats \"><strong>ISBN:<\/strong>\u00a09789986167464<\/li>\n<li><strong>Versijos kodas:<\/strong>\u00a0PT.<\/li>\n<li class=\"toggleable type-new-formats \"><strong>Formatas:<\/strong>\u00a016,5 x 23,5 cm, mink\u0161ti vir\u0161eliai<\/li>\n<li><strong>Kalba:<\/strong>\u00a0Lietuvi\u0173<\/li>\n<\/ul>\n","protected":false},"excerpt":{"rendered":"<p>Kart\u0105 diskutuodamas su kolega \u017eurnalistu, kuris v\u0117liau tapo \u017eurnalo redaktoriumi, leptel\u0117jau: mano did\u017eiu \u012fsitikinimu, valgantis \u017emogus yra tiek pat reik\u0161mingas, kaip ir m\u0105stantis \u017emogus. Kaip ir skaitantis, kuriantis, tikintis. Kolega \u012fsmeig\u0117 \u012f mane akis ir prunk\u0161tel\u0117jo. Valgantis \u017emogus? Homo edens? Na, na\u2026 Diskusija t\u0105kart baig\u0117si. I\u0161vyk\u0119s dirbti \u012f Italij\u0105 radau bendramin\u010di\u0173. Apstulbau susivok\u0119s, kad visa Italija, visa Piet\u0173 Europa m\u0105sto pana\u0161iai: valgantis \u017emogus \u2013 tai tam tikr\u0173 socialini\u0173, etnografini\u0173, kult\u016brini\u0173 vertybi\u0173 atspindys. Mokytis ir smalsiai \u017evalgytis, lygiuotis \u012f \u0161aunesnius ir daugiau pasiekusius \u2013 tikrai verta. Kad nacionaliniai virtuv\u0117s ypatumai b\u016bt\u0173 be konservant\u0173, kad vynas v\u0117l tapt\u0173 ne alkoholio laipsni\u0173 suma, o krik\u0161\u010dioni\u0161kosios Vakar\u0173 kult\u016bros simboliu, kad vir\u0117jai b\u016bt\u0173 vadinami k\u016br\u0117jais. Kad v\u0117l gr\u012f\u017et\u0173 stalties\u0117s ritmas ir prarasta gastronomin\u0117 atmintis. Kas \u017eino, galb\u016bt i\u0161 baltojo var\u0161k\u0117s s\u016brio. Ar i\u0161 stiklo drumsto naminio alaus. Juk net pranc\u016bzui Marceliui Proustui prarasto laiko beie\u0161kant austri\u0173 ir moliusk\u0173 skonis ka\u017ekod\u0117l netikdavo&#8230; \u017durnalisto Pauliaus Jurkevi\u010diaus, jau keliolika met\u0173 dirban\u010dio Italijoje, nuolat ra\u0161an\u010dio gastronomijos temomis Lietuvos ir u\u017esienio spaudoje, pirmoji knyga \u2013 tai kelion\u0117 po gero ir blogo skonio Europ\u0105, \u0161maik\u0161t\u016bs praktiniai patarimai geros virtuv\u0117s ie\u0161kotojams ir teoriniai gastronomijos kaip bendrosios kult\u016bros dalies pagrindai. Pizos universiteto profesoriaus baltisto Pietro U. Dini lietuvi\u0161kai ra\u0161ytame \u012f\u017eanginiame tekste ap\u017evelgiama su Italija glaud\u017eiai susijusi \u0161ios knygos autoriaus k\u016brybin\u0117 veikla. Autorius:\u00a0Paulius Jurkevi\u010dius Leid\u0117jas:\u00a0Tyto alba Metai:\u00a02010 Puslapiai:\u00a0356 ISBN:\u00a09789986167464 Versijos kodas:\u00a0PT. Formatas:\u00a016,5 x 23,5 cm, mink\u0161ti vir\u0161eliai Kalba:\u00a0Lietuvi\u0173<\/p>\n","protected":false},"featured_media":14156,"comment_status":"open","ping_status":"closed","template":"","meta":{"_acf_changed":false,"site-sidebar-layout":"default","site-content-layout":"","ast-site-content-layout":"default","site-content-style":"default","site-sidebar-style":"default","ast-global-header-display":"","ast-banner-title-visibility":"","ast-main-header-display":"","ast-hfb-above-header-display":"","ast-hfb-below-header-display":"","ast-hfb-mobile-header-display":"","site-post-title":"","ast-breadcrumbs-content":"","ast-featured-img":"","footer-sml-layout":"","ast-disable-related-posts":"","theme-transparent-header-meta":"default","adv-header-id-meta":"","stick-header-meta":"","header-above-stick-meta":"","header-main-stick-meta":"","header-below-stick-meta":"","astra-migrate-meta-layouts":"set","ast-page-background-enabled":"default","ast-page-background-meta":{"desktop":{"background-color":"","background-image":"","background-repeat":"repeat","background-position":"center center","background-size":"auto","background-attachment":"scroll","background-type":"","background-media":"","overlay-type":"","overlay-color":"","overlay-opacity":"","overlay-gradient":""},"tablet":{"background-color":"","background-image":"","background-repeat":"repeat","background-position":"center center","background-size":"auto","background-attachment":"scroll","background-type":"","background-media":"","overlay-type":"","overlay-color":"","overlay-opacity":"","overlay-gradient":""},"mobile":{"background-color":"","background-image":"","background-repeat":"repeat","background-position":"center center","background-size":"auto","background-attachment":"scroll","background-type":"","background-media":"","overlay-type":"","overlay-color":"","overlay-opacity":"","overlay-gradient":""}},"ast-content-background-meta":{"desktop":{"background-color":"var(--ast-global-color-4)","background-image":"","background-repeat":"repeat","background-position":"center center","background-size":"auto","background-attachment":"scroll","background-type":"","background-media":"","overlay-type":"","overlay-color":"","overlay-opacity":"","overlay-gradient":""},"tablet":{"background-color":"var(--ast-global-color-4)","background-image":"","background-repeat":"repeat","background-position":"center center","background-size":"auto","background-attachment":"scroll","background-type":"","background-media":"","overlay-type":"","overlay-color":"","overlay-opacity":"","overlay-gradient":""},"mobile":{"background-color":"var(--ast-global-color-4)","background-image":"","background-repeat":"repeat","background-position":"center center","background-size":"auto","background-attachment":"scroll","background-type":"","background-media":"","overlay-type":"","overlay-color":"","overlay-opacity":"","overlay-gradient":""}}},"product_brand":[],"product_cat":[15,58],"product_tag":[1884,4324,2376,5792,3368,4565,5791,5790,2624],"class_list":{"0":"post-14126","1":"product","2":"type-product","3":"status-publish","4":"has-post-thumbnail","6":"product_cat-uncategorized","7":"product_cat-receptai","8":"product_tag-gastronomija","9":"product_tag-italija","10":"product_tag-kultura","11":"product_tag-lietuvos-spauda","12":"product_tag-maistas","13":"product_tag-paulius-jurkevicius","14":"product_tag-socialines-vertybes","15":"product_tag-virtuve","16":"product_tag-zurnalistika","17":"desktop-align-left","18":"tablet-align-left","19":"mobile-align-left","21":"first","22":"instock","23":"shipping-taxable","24":"purchasable","25":"product-type-simple"},"acf":[],"yoast_head":"<!-- This site is optimized with the Yoast SEO plugin v27.0 - https:\/\/yoast.com\/product\/yoast-seo-wordpress\/ -->\n<title>Stalties\u0117s ritmu<\/title>\n<meta name=\"description\" content=\"Kart\u0105 diskutuodamas su kolega \u017eurnalistu, kuris v\u0117liau tapo \u017eurnalo redaktoriumi, leptel\u0117jau: mano did\u017eiu \u012fsitikinimu, valgantis \u017emogus yra tiek pat\" \/>\n<meta name=\"robots\" content=\"index, follow, max-snippet:-1, max-image-preview:large, max-video-preview:-1\" \/>\n<link rel=\"canonical\" href=\"https:\/\/skaitytaknyga.lt\/en\/produktas\/staltieses-ritmu\/\" \/>\n<meta property=\"og:locale\" content=\"en_GB\" \/>\n<meta property=\"og:locale:alternate\" content=\"lt_LT\" \/>\n<meta property=\"og:type\" content=\"article\" \/>\n<meta property=\"og:title\" content=\"Stalties\u0117s ritmu\" \/>\n<meta property=\"og:description\" content=\"Kart\u0105 diskutuodamas su kolega \u017eurnalistu, kuris v\u0117liau tapo \u017eurnalo redaktoriumi, leptel\u0117jau: mano did\u017eiu \u012fsitikinimu, valgantis \u017emogus yra tiek pat\" \/>\n<meta property=\"og:url\" content=\"https:\/\/skaitytaknyga.lt\/en\/produktas\/staltieses-ritmu\/\" \/>\n<meta property=\"og:site_name\" content=\"Skaitytaknyga\" \/>\n<meta property=\"article:publisher\" content=\"https:\/\/www.facebook.com\/skaitytaknyga\/\" \/>\n<meta property=\"article:modified_time\" content=\"2025-10-05T15:09:11+00:00\" \/>\n<meta property=\"og:image\" content=\"https:\/\/skaitytaknyga.lt\/wp-content\/uploads\/2024\/10\/Staltieses-ritmu.webp\" \/>\n\t<meta property=\"og:image:width\" content=\"533\" \/>\n\t<meta property=\"og:image:height\" content=\"800\" \/>\n\t<meta property=\"og:image:type\" content=\"image\/webp\" \/>\n<meta name=\"twitter:card\" content=\"summary_large_image\" \/>\n<meta name=\"twitter:label1\" content=\"Estimated reading time\" \/>\n\t<meta name=\"twitter:data1\" content=\"2 minutes\" \/>\n<script type=\"application\/ld+json\" class=\"yoast-schema-graph\">{\"@context\":\"https:\/\/schema.org\",\"@graph\":[{\"@type\":\"WebPage\",\"@id\":\"https:\/\/skaitytaknyga.lt\/produktas\/staltieses-ritmu\/\",\"url\":\"https:\/\/skaitytaknyga.lt\/produktas\/staltieses-ritmu\/\",\"name\":\"Stalties\u0117s ritmu\",\"isPartOf\":{\"@id\":\"https:\/\/skaitytaknyga.lt\/#website\"},\"primaryImageOfPage\":{\"@id\":\"https:\/\/skaitytaknyga.lt\/produktas\/staltieses-ritmu\/#primaryimage\"},\"image\":{\"@id\":\"https:\/\/skaitytaknyga.lt\/produktas\/staltieses-ritmu\/#primaryimage\"},\"thumbnailUrl\":\"https:\/\/skaitytaknyga.lt\/wp-content\/uploads\/2024\/10\/Staltieses-ritmu.webp\",\"datePublished\":\"2024-10-11T06:40:48+00:00\",\"dateModified\":\"2025-10-05T15:09:11+00:00\",\"description\":\"Kart\u0105 diskutuodamas su kolega \u017eurnalistu, kuris v\u0117liau tapo \u017eurnalo redaktoriumi, leptel\u0117jau: mano did\u017eiu \u012fsitikinimu, valgantis \u017emogus yra tiek pat\",\"breadcrumb\":{\"@id\":\"https:\/\/skaitytaknyga.lt\/produktas\/staltieses-ritmu\/#breadcrumb\"},\"inLanguage\":\"en-GB\",\"potentialAction\":[{\"@type\":\"ReadAction\",\"target\":[\"https:\/\/skaitytaknyga.lt\/produktas\/staltieses-ritmu\/\"]}]},{\"@type\":\"ImageObject\",\"inLanguage\":\"en-GB\",\"@id\":\"https:\/\/skaitytaknyga.lt\/produktas\/staltieses-ritmu\/#primaryimage\",\"url\":\"https:\/\/skaitytaknyga.lt\/wp-content\/uploads\/2024\/10\/Staltieses-ritmu.webp\",\"contentUrl\":\"https:\/\/skaitytaknyga.lt\/wp-content\/uploads\/2024\/10\/Staltieses-ritmu.webp\",\"width\":533,\"height\":800,\"caption\":\"Stalties\u0117s ritmu\"},{\"@type\":\"BreadcrumbList\",\"@id\":\"https:\/\/skaitytaknyga.lt\/produktas\/staltieses-ritmu\/#breadcrumb\",\"itemListElement\":[{\"@type\":\"ListItem\",\"position\":1,\"name\":\"Home\",\"item\":\"https:\/\/skaitytaknyga.lt\/\"},{\"@type\":\"ListItem\",\"position\":2,\"name\":\"Parduotuv\u0117\",\"item\":\"https:\/\/skaitytaknyga.lt\/knygu-parduotuve\/\"},{\"@type\":\"ListItem\",\"position\":3,\"name\":\"Stalties\u0117s ritmu\"}]},{\"@type\":\"WebSite\",\"@id\":\"https:\/\/skaitytaknyga.lt\/#website\",\"url\":\"https:\/\/skaitytaknyga.lt\/\",\"name\":\"skaitytaknyga.lt\",\"description\":\"Skaitytaknyga.lt \u2013 tai ma\u017eas \u0161eimos verslas, kuris prasid\u0117jo nuo meil\u0117s knygoms ir siekio i\u0161gelb\u0117ti knygas nuo likimo prie konteinerio. Kas vienam nereikalingas daiktas \u2013 kitam lobis, o mes esame tarpininkai, kurie padeda abiems tapti laimingesniems ???? \u017dinome kaip nelengva i\u0161gyventi ma\u017eiems verslams, tad nuo \u0161iol, \u010dia rasite ir kit\u0173, ma\u017e\u0173 \u0161eim\u0173 versl\u0173, rank\u0173 darbo, dovan\u0173 sau ir artimiesiems.\",\"publisher\":{\"@id\":\"https:\/\/skaitytaknyga.lt\/#organization\"},\"potentialAction\":[{\"@type\":\"SearchAction\",\"target\":{\"@type\":\"EntryPoint\",\"urlTemplate\":\"https:\/\/skaitytaknyga.lt\/?s={search_term_string}\"},\"query-input\":{\"@type\":\"PropertyValueSpecification\",\"valueRequired\":true,\"valueName\":\"search_term_string\"}}],\"inLanguage\":\"en-GB\"},{\"@type\":\"Organization\",\"@id\":\"https:\/\/skaitytaknyga.lt\/#organization\",\"name\":\"skaitytaknyga.lt\",\"url\":\"https:\/\/skaitytaknyga.lt\/\",\"logo\":{\"@type\":\"ImageObject\",\"inLanguage\":\"en-GB\",\"@id\":\"https:\/\/skaitytaknyga.lt\/#\/schema\/logo\/image\/\",\"url\":\"https:\/\/skaitytaknyga.lt\/wp-content\/uploads\/2024\/05\/cropped-cropped-cropped-02_00843_jt3bggkj1j3HLc7SyY6rEUpg.jpeg\",\"contentUrl\":\"https:\/\/skaitytaknyga.lt\/wp-content\/uploads\/2024\/05\/cropped-cropped-cropped-02_00843_jt3bggkj1j3HLc7SyY6rEUpg.jpeg\",\"width\":1600,\"height\":1600,\"caption\":\"skaitytaknyga.lt\"},\"image\":{\"@id\":\"https:\/\/skaitytaknyga.lt\/#\/schema\/logo\/image\/\"},\"sameAs\":[\"https:\/\/www.facebook.com\/skaitytaknyga\/\"]}]}<\/script>\n<!-- \/ Yoast SEO plugin. -->","yoast_head_json":{"title":"Stalties\u0117s ritmu","description":"Kart\u0105 diskutuodamas su kolega \u017eurnalistu, kuris v\u0117liau tapo \u017eurnalo redaktoriumi, leptel\u0117jau: mano did\u017eiu \u012fsitikinimu, valgantis \u017emogus yra tiek pat","robots":{"index":"index","follow":"follow","max-snippet":"max-snippet:-1","max-image-preview":"max-image-preview:large","max-video-preview":"max-video-preview:-1"},"canonical":"https:\/\/skaitytaknyga.lt\/en\/produktas\/staltieses-ritmu\/","og_locale":"en_GB","og_type":"article","og_title":"[:lt]Stalties\u0117s ritmu[:] - Skaitytaknyga","og_description":"Kart\u0105 diskutuodamas su kolega \u017eurnalistu, kuris v\u0117liau tapo \u017eurnalo redaktoriumi, leptel\u0117jau: mano did\u017eiu \u012fsitikinimu, valgantis \u017emogus yra tiek pat","og_url":"https:\/\/skaitytaknyga.lt\/en\/produktas\/staltieses-ritmu\/","og_site_name":"Skaitytaknyga","article_publisher":"https:\/\/www.facebook.com\/skaitytaknyga\/","article_modified_time":"2025-10-05T15:09:11+00:00","og_image":[{"width":533,"height":800,"url":"https:\/\/skaitytaknyga.lt\/wp-content\/uploads\/2024\/10\/Staltieses-ritmu.webp","type":"image\/webp"}],"twitter_card":"summary_large_image","twitter_misc":{"Estimated reading time":"2 minutes"},"schema":{"@context":"https:\/\/schema.org","@graph":[{"@type":"WebPage","@id":"https:\/\/skaitytaknyga.lt\/produktas\/staltieses-ritmu\/","url":"https:\/\/skaitytaknyga.lt\/produktas\/staltieses-ritmu\/","name":"Stalties\u0117s ritmu","isPartOf":{"@id":"https:\/\/skaitytaknyga.lt\/#website"},"primaryImageOfPage":{"@id":"https:\/\/skaitytaknyga.lt\/produktas\/staltieses-ritmu\/#primaryimage"},"image":{"@id":"https:\/\/skaitytaknyga.lt\/produktas\/staltieses-ritmu\/#primaryimage"},"thumbnailUrl":"https:\/\/skaitytaknyga.lt\/wp-content\/uploads\/2024\/10\/Staltieses-ritmu.webp","datePublished":"2024-10-11T06:40:48+00:00","dateModified":"2025-10-05T15:09:11+00:00","description":"Kart\u0105 diskutuodamas su kolega \u017eurnalistu, kuris v\u0117liau tapo \u017eurnalo redaktoriumi, leptel\u0117jau: mano did\u017eiu \u012fsitikinimu, valgantis \u017emogus yra tiek pat","breadcrumb":{"@id":"https:\/\/skaitytaknyga.lt\/produktas\/staltieses-ritmu\/#breadcrumb"},"inLanguage":"en-GB","potentialAction":[{"@type":"ReadAction","target":["https:\/\/skaitytaknyga.lt\/produktas\/staltieses-ritmu\/"]}]},{"@type":"ImageObject","inLanguage":"en-GB","@id":"https:\/\/skaitytaknyga.lt\/produktas\/staltieses-ritmu\/#primaryimage","url":"https:\/\/skaitytaknyga.lt\/wp-content\/uploads\/2024\/10\/Staltieses-ritmu.webp","contentUrl":"https:\/\/skaitytaknyga.lt\/wp-content\/uploads\/2024\/10\/Staltieses-ritmu.webp","width":533,"height":800,"caption":"Stalties\u0117s ritmu"},{"@type":"BreadcrumbList","@id":"https:\/\/skaitytaknyga.lt\/produktas\/staltieses-ritmu\/#breadcrumb","itemListElement":[{"@type":"ListItem","position":1,"name":"Home","item":"https:\/\/skaitytaknyga.lt\/"},{"@type":"ListItem","position":2,"name":"Parduotuv\u0117","item":"https:\/\/skaitytaknyga.lt\/knygu-parduotuve\/"},{"@type":"ListItem","position":3,"name":"Stalties\u0117s ritmu"}]},{"@type":"WebSite","@id":"https:\/\/skaitytaknyga.lt\/#website","url":"https:\/\/skaitytaknyga.lt\/","name":"skaitytaknyga.lt","description":"Skaitytaknyga.lt \u2013 tai ma\u017eas \u0161eimos verslas, kuris prasid\u0117jo nuo meil\u0117s knygoms ir siekio i\u0161gelb\u0117ti knygas nuo likimo prie konteinerio. Kas vienam nereikalingas daiktas \u2013 kitam lobis, o mes esame tarpininkai, kurie padeda abiems tapti laimingesniems ???? \u017dinome kaip nelengva i\u0161gyventi ma\u017eiems verslams, tad nuo \u0161iol, \u010dia rasite ir kit\u0173, ma\u017e\u0173 \u0161eim\u0173 versl\u0173, rank\u0173 darbo, dovan\u0173 sau ir artimiesiems.","publisher":{"@id":"https:\/\/skaitytaknyga.lt\/#organization"},"potentialAction":[{"@type":"SearchAction","target":{"@type":"EntryPoint","urlTemplate":"https:\/\/skaitytaknyga.lt\/?s={search_term_string}"},"query-input":{"@type":"PropertyValueSpecification","valueRequired":true,"valueName":"search_term_string"}}],"inLanguage":"en-GB"},{"@type":"Organization","@id":"https:\/\/skaitytaknyga.lt\/#organization","name":"skaitytaknyga.lt","url":"https:\/\/skaitytaknyga.lt\/","logo":{"@type":"ImageObject","inLanguage":"en-GB","@id":"https:\/\/skaitytaknyga.lt\/#\/schema\/logo\/image\/","url":"https:\/\/skaitytaknyga.lt\/wp-content\/uploads\/2024\/05\/cropped-cropped-cropped-02_00843_jt3bggkj1j3HLc7SyY6rEUpg.jpeg","contentUrl":"https:\/\/skaitytaknyga.lt\/wp-content\/uploads\/2024\/05\/cropped-cropped-cropped-02_00843_jt3bggkj1j3HLc7SyY6rEUpg.jpeg","width":1600,"height":1600,"caption":"skaitytaknyga.lt"},"image":{"@id":"https:\/\/skaitytaknyga.lt\/#\/schema\/logo\/image\/"},"sameAs":["https:\/\/www.facebook.com\/skaitytaknyga\/"]}]}},"_links":{"self":[{"href":"https:\/\/skaitytaknyga.lt\/en\/wp-json\/wp\/v2\/product\/14126","targetHints":{"allow":["GET"]}}],"collection":[{"href":"https:\/\/skaitytaknyga.lt\/en\/wp-json\/wp\/v2\/product"}],"about":[{"href":"https:\/\/skaitytaknyga.lt\/en\/wp-json\/wp\/v2\/types\/product"}],"replies":[{"embeddable":true,"href":"https:\/\/skaitytaknyga.lt\/en\/wp-json\/wp\/v2\/comments?post=14126"}],"wp:featuredmedia":[{"embeddable":true,"href":"https:\/\/skaitytaknyga.lt\/en\/wp-json\/wp\/v2\/media\/14156"}],"wp:attachment":[{"href":"https:\/\/skaitytaknyga.lt\/en\/wp-json\/wp\/v2\/media?parent=14126"}],"wp:term":[{"taxonomy":"product_brand","embeddable":true,"href":"https:\/\/skaitytaknyga.lt\/en\/wp-json\/wp\/v2\/product_brand?post=14126"},{"taxonomy":"product_cat","embeddable":true,"href":"https:\/\/skaitytaknyga.lt\/en\/wp-json\/wp\/v2\/product_cat?post=14126"},{"taxonomy":"product_tag","embeddable":true,"href":"https:\/\/skaitytaknyga.lt\/en\/wp-json\/wp\/v2\/product_tag?post=14126"}],"curies":[{"name":"wp","href":"https:\/\/api.w.org\/{rel}","templated":true}]}}