{"id":14124,"date":"2024-10-11T09:40:48","date_gmt":"2024-10-11T06:40:48","guid":{"rendered":"https:\/\/skaitytaknyga.lt\/?post_type=product&#038;p=14124"},"modified":"2026-03-18T13:18:00","modified_gmt":"2026-03-18T11:18:00","slug":"naturalus-budas-isvengti-ligu","status":"publish","type":"product","link":"https:\/\/skaitytaknyga.lt\/en\/produktas\/naturalus-budas-isvengti-ligu\/","title":{"rendered":"Nat\u016bralus b\u016bdas i\u0161vengti lig\u0173"},"content":{"rendered":"<p>I\u0161samiausias i\u0161 kada nors atlikt\u0173 mitybos tyrim\u0173 atsako \u012f klausim\u0105, k\u0105 valgyti, kaip mesti svor\u012f ir ilg\u0105 laik\u0105 i\u0161saugoti ger\u0105 sveikat\u0105. Mitybos poky\u010diai gali pad\u0117ti diabetu sergantiems ligoniams gyventi be vaist\u0173. Kr\u016bties v\u0117\u017eys susij\u0119s su moteri\u0161k\u0173 hormon\u0173 kiekiu kraujyje, o hormon\u0173 kiek\u012f lemia mityba. Pieno produktai gali padidinti prostatos v\u0117\u017eio rizik\u0105. Vaisiuose ir dar\u017eov\u0117se esantys antioksidantai padeda i\u0161saugoti geresn\u0119 fizin\u0119 form\u0105 senatv\u0117je ir t.t.<\/p>\n","protected":false},"excerpt":{"rendered":"<p>I\u0161samiausias i\u0161 kada nors atlikt\u0173 mitybos tyrim\u0173 atsako \u012f klausim\u0105, k\u0105 valgyti, kaip mesti svor\u012f ir ilg\u0105 laik\u0105 i\u0161saugoti ger\u0105 sveikat\u0105. Mitybos poky\u010diai gali pad\u0117ti diabetu sergantiems ligoniams gyventi be vaist\u0173. Kr\u016bties v\u0117\u017eys susij\u0119s su moteri\u0161k\u0173 hormon\u0173 kiekiu kraujyje, o hormon\u0173 kiek\u012f lemia mityba. Pieno produktai gali padidinti prostatos v\u0117\u017eio rizik\u0105. Vaisiuose ir dar\u017eov\u0117se esantys antioksidantai padeda i\u0161saugoti geresn\u0119 fizin\u0119 form\u0105 senatv\u0117je ir t.t.<\/p>\n","protected":false},"featured_media":14165,"comment_status":"open","ping_status":"closed","template":"","meta":{"_acf_changed":false,"site-sidebar-layout":"default","site-content-layout":"","ast-site-content-layout":"default","site-content-style":"default","site-sidebar-style":"default","ast-global-header-display":"","ast-banner-title-visibility":"","ast-main-header-display":"","ast-hfb-above-header-display":"","ast-hfb-below-header-display":"","ast-hfb-mobile-header-display":"","site-post-title":"","ast-breadcrumbs-content":"","ast-featured-img":"","footer-sml-layout":"","ast-disable-related-posts":"","theme-transparent-header-meta":"default","adv-header-id-meta":"","stick-header-meta":"","header-above-stick-meta":"","header-main-stick-meta":"","header-below-stick-meta":"","astra-migrate-meta-layouts":"set","ast-page-background-enabled":"default","ast-page-background-meta":{"desktop":{"background-color":"","background-image":"","background-repeat":"repeat","background-position":"center center","background-size":"auto","background-attachment":"scroll","background-type":"","background-media":"","overlay-type":"","overlay-color":"","overlay-opacity":"","overlay-gradient":""},"tablet":{"background-color":"","background-image":"","background-repeat":"repeat","background-position":"center center","background-size":"auto","background-attachment":"scroll","background-type":"","background-media":"","overlay-type":"","overlay-color":"","overlay-opacity":"","overlay-gradient":""},"mobile":{"background-color":"","background-image":"","background-repeat":"repeat","background-position":"center center","background-size":"auto","background-attachment":"scroll","background-type":"","background-media":"","overlay-type":"","overlay-color":"","overlay-opacity":"","overlay-gradient":""}},"ast-content-background-meta":{"desktop":{"background-color":"var(--ast-global-color-4)","background-image":"","background-repeat":"repeat","background-position":"center center","background-size":"auto","background-attachment":"scroll","background-type":"","background-media":"","overlay-type":"","overlay-color":"","overlay-opacity":"","overlay-gradient":""},"tablet":{"background-color":"var(--ast-global-color-4)","background-image":"","background-repeat":"repeat","background-position":"center center","background-size":"auto","background-attachment":"scroll","background-type":"","background-media":"","overlay-type":"","overlay-color":"","overlay-opacity":"","overlay-gradient":""},"mobile":{"background-color":"var(--ast-global-color-4)","background-image":"","background-repeat":"repeat","background-position":"center center","background-size":"auto","background-attachment":"scroll","background-type":"","background-media":"","overlay-type":"","overlay-color":"","overlay-opacity":"","overlay-gradient":""}}},"product_brand":[],"product_cat":[9858,15,55],"product_tag":[],"class_list":{"0":"post-14124","1":"product","2":"type-product","3":"status-publish","4":"has-post-thumbnail","6":"product_cat-sveikas-gyvenimo-budas","7":"product_cat-uncategorized","8":"product_cat-sveikata-ir-sveika-mityba","9":"desktop-align-left","10":"tablet-align-left","11":"mobile-align-left","13":"first","14":"instock","15":"shipping-taxable","16":"purchasable","17":"product-type-simple"},"acf":[],"yoast_head":"<!-- This site is optimized with the Yoast SEO plugin v27.0 - https:\/\/yoast.com\/product\/yoast-seo-wordpress\/ -->\n<title>Nat\u016bralus b\u016bdas i\u0161vengti lig\u0173<\/title>\n<meta name=\"description\" content=\"I\u0161samiausias i\u0161 kada nors atlikt\u0173 mitybos tyrim\u0173 atsako \u012f klausim\u0105, k\u0105 valgyti, kaip mesti svor\u012f ir ilg\u0105 laik\u0105 i\u0161saugoti ger\u0105 sveikat\u0105. Mitybos poky\u010diai\" \/>\n<meta name=\"robots\" content=\"index, follow, max-snippet:-1, max-image-preview:large, max-video-preview:-1\" \/>\n<link rel=\"canonical\" href=\"https:\/\/skaitytaknyga.lt\/en\/produktas\/naturalus-budas-isvengti-ligu\/\" \/>\n<meta property=\"og:locale\" content=\"en_GB\" \/>\n<meta property=\"og:locale:alternate\" content=\"lt_LT\" \/>\n<meta property=\"og:type\" content=\"article\" \/>\n<meta property=\"og:title\" content=\"Nat\u016bralus b\u016bdas i\u0161vengti lig\u0173\" \/>\n<meta property=\"og:description\" content=\"I\u0161samiausias i\u0161 kada nors atlikt\u0173 mitybos tyrim\u0173 atsako \u012f klausim\u0105, k\u0105 valgyti, kaip mesti svor\u012f ir ilg\u0105 laik\u0105 i\u0161saugoti ger\u0105 sveikat\u0105. Mitybos poky\u010diai\" \/>\n<meta property=\"og:url\" content=\"https:\/\/skaitytaknyga.lt\/en\/produktas\/naturalus-budas-isvengti-ligu\/\" \/>\n<meta property=\"og:site_name\" content=\"Skaitytaknyga\" \/>\n<meta property=\"article:publisher\" content=\"https:\/\/www.facebook.com\/skaitytaknyga\/\" \/>\n<meta property=\"article:modified_time\" content=\"2026-03-18T11:18:00+00:00\" \/>\n<meta property=\"og:image\" content=\"https:\/\/skaitytaknyga.lt\/wp-content\/uploads\/2024\/10\/naturalus-budas-isvengti-ligu.jpg\" \/>\n\t<meta property=\"og:image:width\" content=\"300\" \/>\n\t<meta property=\"og:image:height\" content=\"465\" \/>\n\t<meta property=\"og:image:type\" content=\"image\/jpeg\" \/>\n<meta name=\"twitter:card\" content=\"summary_large_image\" \/>\n<meta name=\"twitter:label1\" content=\"Estimated reading time\" \/>\n\t<meta name=\"twitter:data1\" content=\"1 minute\" \/>\n<script type=\"application\/ld+json\" class=\"yoast-schema-graph\">{\"@context\":\"https:\/\/schema.org\",\"@graph\":[{\"@type\":\"WebPage\",\"@id\":\"https:\/\/skaitytaknyga.lt\/produktas\/naturalus-budas-isvengti-ligu\/\",\"url\":\"https:\/\/skaitytaknyga.lt\/produktas\/naturalus-budas-isvengti-ligu\/\",\"name\":\"Nat\u016bralus b\u016bdas i\u0161vengti lig\u0173\",\"isPartOf\":{\"@id\":\"https:\/\/skaitytaknyga.lt\/#website\"},\"primaryImageOfPage\":{\"@id\":\"https:\/\/skaitytaknyga.lt\/produktas\/naturalus-budas-isvengti-ligu\/#primaryimage\"},\"image\":{\"@id\":\"https:\/\/skaitytaknyga.lt\/produktas\/naturalus-budas-isvengti-ligu\/#primaryimage\"},\"thumbnailUrl\":\"https:\/\/skaitytaknyga.lt\/wp-content\/uploads\/2024\/10\/naturalus-budas-isvengti-ligu.jpg\",\"datePublished\":\"2024-10-11T06:40:48+00:00\",\"dateModified\":\"2026-03-18T11:18:00+00:00\",\"description\":\"I\u0161samiausias i\u0161 kada nors atlikt\u0173 mitybos tyrim\u0173 atsako \u012f klausim\u0105, k\u0105 valgyti, kaip mesti svor\u012f ir ilg\u0105 laik\u0105 i\u0161saugoti ger\u0105 sveikat\u0105. Mitybos poky\u010diai\",\"breadcrumb\":{\"@id\":\"https:\/\/skaitytaknyga.lt\/produktas\/naturalus-budas-isvengti-ligu\/#breadcrumb\"},\"inLanguage\":\"en-GB\",\"potentialAction\":[{\"@type\":\"ReadAction\",\"target\":[\"https:\/\/skaitytaknyga.lt\/produktas\/naturalus-budas-isvengti-ligu\/\"]}]},{\"@type\":\"ImageObject\",\"inLanguage\":\"en-GB\",\"@id\":\"https:\/\/skaitytaknyga.lt\/produktas\/naturalus-budas-isvengti-ligu\/#primaryimage\",\"url\":\"https:\/\/skaitytaknyga.lt\/wp-content\/uploads\/2024\/10\/naturalus-budas-isvengti-ligu.jpg\",\"contentUrl\":\"https:\/\/skaitytaknyga.lt\/wp-content\/uploads\/2024\/10\/naturalus-budas-isvengti-ligu.jpg\",\"width\":300,\"height\":465,\"caption\":\"Nat\u016bralus b\u016bdas i\u0161vengti lig\u0173\"},{\"@type\":\"BreadcrumbList\",\"@id\":\"https:\/\/skaitytaknyga.lt\/produktas\/naturalus-budas-isvengti-ligu\/#breadcrumb\",\"itemListElement\":[{\"@type\":\"ListItem\",\"position\":1,\"name\":\"Home\",\"item\":\"https:\/\/skaitytaknyga.lt\/\"},{\"@type\":\"ListItem\",\"position\":2,\"name\":\"Parduotuv\u0117\",\"item\":\"https:\/\/skaitytaknyga.lt\/knygu-parduotuve\/\"},{\"@type\":\"ListItem\",\"position\":3,\"name\":\"Nat\u016bralus b\u016bdas i\u0161vengti lig\u0173\"}]},{\"@type\":\"WebSite\",\"@id\":\"https:\/\/skaitytaknyga.lt\/#website\",\"url\":\"https:\/\/skaitytaknyga.lt\/\",\"name\":\"skaitytaknyga.lt\",\"description\":\"Skaitytaknyga.lt \u2013 tai ma\u017eas \u0161eimos verslas, kuris prasid\u0117jo nuo meil\u0117s knygoms ir siekio i\u0161gelb\u0117ti knygas nuo likimo prie konteinerio. Kas vienam nereikalingas daiktas \u2013 kitam lobis, o mes esame tarpininkai, kurie padeda abiems tapti laimingesniems ???? \u017dinome kaip nelengva i\u0161gyventi ma\u017eiems verslams, tad nuo \u0161iol, \u010dia rasite ir kit\u0173, ma\u017e\u0173 \u0161eim\u0173 versl\u0173, rank\u0173 darbo, dovan\u0173 sau ir artimiesiems.\",\"publisher\":{\"@id\":\"https:\/\/skaitytaknyga.lt\/#organization\"},\"potentialAction\":[{\"@type\":\"SearchAction\",\"target\":{\"@type\":\"EntryPoint\",\"urlTemplate\":\"https:\/\/skaitytaknyga.lt\/?s={search_term_string}\"},\"query-input\":{\"@type\":\"PropertyValueSpecification\",\"valueRequired\":true,\"valueName\":\"search_term_string\"}}],\"inLanguage\":\"en-GB\"},{\"@type\":\"Organization\",\"@id\":\"https:\/\/skaitytaknyga.lt\/#organization\",\"name\":\"skaitytaknyga.lt\",\"url\":\"https:\/\/skaitytaknyga.lt\/\",\"logo\":{\"@type\":\"ImageObject\",\"inLanguage\":\"en-GB\",\"@id\":\"https:\/\/skaitytaknyga.lt\/#\/schema\/logo\/image\/\",\"url\":\"https:\/\/skaitytaknyga.lt\/wp-content\/uploads\/2024\/05\/cropped-cropped-cropped-02_00843_jt3bggkj1j3HLc7SyY6rEUpg.jpeg\",\"contentUrl\":\"https:\/\/skaitytaknyga.lt\/wp-content\/uploads\/2024\/05\/cropped-cropped-cropped-02_00843_jt3bggkj1j3HLc7SyY6rEUpg.jpeg\",\"width\":1600,\"height\":1600,\"caption\":\"skaitytaknyga.lt\"},\"image\":{\"@id\":\"https:\/\/skaitytaknyga.lt\/#\/schema\/logo\/image\/\"},\"sameAs\":[\"https:\/\/www.facebook.com\/skaitytaknyga\/\"]}]}<\/script>\n<!-- \/ Yoast SEO plugin. -->","yoast_head_json":{"title":"Nat\u016bralus b\u016bdas i\u0161vengti lig\u0173","description":"I\u0161samiausias i\u0161 kada nors atlikt\u0173 mitybos tyrim\u0173 atsako \u012f klausim\u0105, k\u0105 valgyti, kaip mesti svor\u012f ir ilg\u0105 laik\u0105 i\u0161saugoti ger\u0105 sveikat\u0105. Mitybos poky\u010diai","robots":{"index":"index","follow":"follow","max-snippet":"max-snippet:-1","max-image-preview":"max-image-preview:large","max-video-preview":"max-video-preview:-1"},"canonical":"https:\/\/skaitytaknyga.lt\/en\/produktas\/naturalus-budas-isvengti-ligu\/","og_locale":"en_GB","og_type":"article","og_title":"[:lt]Nat\u016bralus b\u016bdas i\u0161vengti lig\u0173[:] - Skaitytaknyga","og_description":"I\u0161samiausias i\u0161 kada nors atlikt\u0173 mitybos tyrim\u0173 atsako \u012f klausim\u0105, k\u0105 valgyti, kaip mesti svor\u012f ir ilg\u0105 laik\u0105 i\u0161saugoti ger\u0105 sveikat\u0105. Mitybos poky\u010diai","og_url":"https:\/\/skaitytaknyga.lt\/en\/produktas\/naturalus-budas-isvengti-ligu\/","og_site_name":"Skaitytaknyga","article_publisher":"https:\/\/www.facebook.com\/skaitytaknyga\/","article_modified_time":"2026-03-18T11:18:00+00:00","og_image":[{"width":300,"height":465,"url":"https:\/\/skaitytaknyga.lt\/wp-content\/uploads\/2024\/10\/naturalus-budas-isvengti-ligu.jpg","type":"image\/jpeg"}],"twitter_card":"summary_large_image","twitter_misc":{"Estimated reading time":"1 minute"},"schema":{"@context":"https:\/\/schema.org","@graph":[{"@type":"WebPage","@id":"https:\/\/skaitytaknyga.lt\/produktas\/naturalus-budas-isvengti-ligu\/","url":"https:\/\/skaitytaknyga.lt\/produktas\/naturalus-budas-isvengti-ligu\/","name":"Nat\u016bralus b\u016bdas i\u0161vengti lig\u0173","isPartOf":{"@id":"https:\/\/skaitytaknyga.lt\/#website"},"primaryImageOfPage":{"@id":"https:\/\/skaitytaknyga.lt\/produktas\/naturalus-budas-isvengti-ligu\/#primaryimage"},"image":{"@id":"https:\/\/skaitytaknyga.lt\/produktas\/naturalus-budas-isvengti-ligu\/#primaryimage"},"thumbnailUrl":"https:\/\/skaitytaknyga.lt\/wp-content\/uploads\/2024\/10\/naturalus-budas-isvengti-ligu.jpg","datePublished":"2024-10-11T06:40:48+00:00","dateModified":"2026-03-18T11:18:00+00:00","description":"I\u0161samiausias i\u0161 kada nors atlikt\u0173 mitybos tyrim\u0173 atsako \u012f klausim\u0105, k\u0105 valgyti, kaip mesti svor\u012f ir ilg\u0105 laik\u0105 i\u0161saugoti ger\u0105 sveikat\u0105. Mitybos poky\u010diai","breadcrumb":{"@id":"https:\/\/skaitytaknyga.lt\/produktas\/naturalus-budas-isvengti-ligu\/#breadcrumb"},"inLanguage":"en-GB","potentialAction":[{"@type":"ReadAction","target":["https:\/\/skaitytaknyga.lt\/produktas\/naturalus-budas-isvengti-ligu\/"]}]},{"@type":"ImageObject","inLanguage":"en-GB","@id":"https:\/\/skaitytaknyga.lt\/produktas\/naturalus-budas-isvengti-ligu\/#primaryimage","url":"https:\/\/skaitytaknyga.lt\/wp-content\/uploads\/2024\/10\/naturalus-budas-isvengti-ligu.jpg","contentUrl":"https:\/\/skaitytaknyga.lt\/wp-content\/uploads\/2024\/10\/naturalus-budas-isvengti-ligu.jpg","width":300,"height":465,"caption":"Nat\u016bralus b\u016bdas i\u0161vengti lig\u0173"},{"@type":"BreadcrumbList","@id":"https:\/\/skaitytaknyga.lt\/produktas\/naturalus-budas-isvengti-ligu\/#breadcrumb","itemListElement":[{"@type":"ListItem","position":1,"name":"Home","item":"https:\/\/skaitytaknyga.lt\/"},{"@type":"ListItem","position":2,"name":"Parduotuv\u0117","item":"https:\/\/skaitytaknyga.lt\/knygu-parduotuve\/"},{"@type":"ListItem","position":3,"name":"Nat\u016bralus b\u016bdas i\u0161vengti lig\u0173"}]},{"@type":"WebSite","@id":"https:\/\/skaitytaknyga.lt\/#website","url":"https:\/\/skaitytaknyga.lt\/","name":"skaitytaknyga.lt","description":"Skaitytaknyga.lt \u2013 tai ma\u017eas \u0161eimos verslas, kuris prasid\u0117jo nuo meil\u0117s knygoms ir siekio i\u0161gelb\u0117ti knygas nuo likimo prie konteinerio. Kas vienam nereikalingas daiktas \u2013 kitam lobis, o mes esame tarpininkai, kurie padeda abiems tapti laimingesniems ???? \u017dinome kaip nelengva i\u0161gyventi ma\u017eiems verslams, tad nuo \u0161iol, \u010dia rasite ir kit\u0173, ma\u017e\u0173 \u0161eim\u0173 versl\u0173, rank\u0173 darbo, dovan\u0173 sau ir artimiesiems.","publisher":{"@id":"https:\/\/skaitytaknyga.lt\/#organization"},"potentialAction":[{"@type":"SearchAction","target":{"@type":"EntryPoint","urlTemplate":"https:\/\/skaitytaknyga.lt\/?s={search_term_string}"},"query-input":{"@type":"PropertyValueSpecification","valueRequired":true,"valueName":"search_term_string"}}],"inLanguage":"en-GB"},{"@type":"Organization","@id":"https:\/\/skaitytaknyga.lt\/#organization","name":"skaitytaknyga.lt","url":"https:\/\/skaitytaknyga.lt\/","logo":{"@type":"ImageObject","inLanguage":"en-GB","@id":"https:\/\/skaitytaknyga.lt\/#\/schema\/logo\/image\/","url":"https:\/\/skaitytaknyga.lt\/wp-content\/uploads\/2024\/05\/cropped-cropped-cropped-02_00843_jt3bggkj1j3HLc7SyY6rEUpg.jpeg","contentUrl":"https:\/\/skaitytaknyga.lt\/wp-content\/uploads\/2024\/05\/cropped-cropped-cropped-02_00843_jt3bggkj1j3HLc7SyY6rEUpg.jpeg","width":1600,"height":1600,"caption":"skaitytaknyga.lt"},"image":{"@id":"https:\/\/skaitytaknyga.lt\/#\/schema\/logo\/image\/"},"sameAs":["https:\/\/www.facebook.com\/skaitytaknyga\/"]}]}},"_links":{"self":[{"href":"https:\/\/skaitytaknyga.lt\/en\/wp-json\/wp\/v2\/product\/14124","targetHints":{"allow":["GET"]}}],"collection":[{"href":"https:\/\/skaitytaknyga.lt\/en\/wp-json\/wp\/v2\/product"}],"about":[{"href":"https:\/\/skaitytaknyga.lt\/en\/wp-json\/wp\/v2\/types\/product"}],"replies":[{"embeddable":true,"href":"https:\/\/skaitytaknyga.lt\/en\/wp-json\/wp\/v2\/comments?post=14124"}],"wp:featuredmedia":[{"embeddable":true,"href":"https:\/\/skaitytaknyga.lt\/en\/wp-json\/wp\/v2\/media\/14165"}],"wp:attachment":[{"href":"https:\/\/skaitytaknyga.lt\/en\/wp-json\/wp\/v2\/media?parent=14124"}],"wp:term":[{"taxonomy":"product_brand","embeddable":true,"href":"https:\/\/skaitytaknyga.lt\/en\/wp-json\/wp\/v2\/product_brand?post=14124"},{"taxonomy":"product_cat","embeddable":true,"href":"https:\/\/skaitytaknyga.lt\/en\/wp-json\/wp\/v2\/product_cat?post=14124"},{"taxonomy":"product_tag","embeddable":true,"href":"https:\/\/skaitytaknyga.lt\/en\/wp-json\/wp\/v2\/product_tag?post=14124"}],"curies":[{"name":"wp","href":"https:\/\/api.w.org\/{rel}","templated":true}]}}