{"id":14122,"date":"2024-10-11T09:40:48","date_gmt":"2024-10-11T06:40:48","guid":{"rendered":"https:\/\/skaitytaknyga.lt\/?post_type=product&#038;p=14122"},"modified":"2025-06-14T14:18:01","modified_gmt":"2025-06-14T11:18:01","slug":"prisipazistu","status":"publish","type":"product","link":"https:\/\/skaitytaknyga.lt\/en\/produktas\/prisipazistu\/","title":{"rendered":"Prisipa\u017e\u012fstu"},"content":{"rendered":"<p>Am\u017ei\u0173 nugyvenusio ir nepagydomos ligos paliesto \u017emogaus prisiminimuose atgimsta ankstyvos vaikyst\u0117s vaizdiniai. Paslaptinga biblioteka, r\u016bstaus t\u0117vo kabinetas, rankra\u0161\u010diai, antikvarini\u0173 preki\u0173 parduotuv\u0117, senovin\u0117s knygos ir ne\u012fkainojamas XVIII am\u017eiaus smuikas. Ta\u010diau Adriano Ardevolio prisiminimai neapsiriboja vien tik pokario Barselona. Jis seka vis\u0105 savo gimin\u0117s istorij\u0105 ir \u017eingsnis po \u017eingsnio atranda, kad ji yra pa\u017eenklinta blogio prisilietimo. Keliaudami kartu su herojumi per istorines Europos epochas bei laikme\u010dius, su\u017einome, kad blogis yra \u012fleid\u0119s \u0161aknis \u012f \u017emogi\u0161k\u0105j\u0105 prigimt\u012f.<\/p>\n<p>Monumentaliame romane \u201ePrisipa\u017e\u012fstu\u201c savo vaidmenis atlieka daugiau nei du \u0161imtai veik\u0117j\u0173, veiksmas vyksta keturiose \u0161alyse ir apima net septynis Europos istorijos am\u017eius. Nuo viduram\u017ei\u0173 Ispanijos inkvizicijos iki XX am\u017eiaus nacistin\u0117s Vokietijos koncentracijos stovykl\u0173 \u2013 visur pastebimas tas pats pyk\u010dio, baim\u0117s ir neapykantos, godumo ir ker\u0161to p\u0117dsakas. \u0160iame daugiasluoksniame k\u016brinyje persipina \u017emoni\u0173 likimai, kei\u010diasi laikai, vardai ir pavard\u0117s, bet blogio prigimtis i\u0161lieka nepakitusi.<\/p>\n<p>Ra\u0161ytojas Jaume Cabr\u00e9 savo romane skaitytojams pateikia daug i\u0161\u0161\u016bki\u0173, tenka be perstojo keliauti per laik\u0105 ir erdv\u0119, susipa\u017einti su charizmati\u0161k\u0173 veik\u0117j\u0173 portretais ir steb\u0117ti nenusp\u0117jamus, bet \u012f vien\u0105 tiksl\u0105 vedan\u010dius gyvenim\u0173 vingius. Ta\u010diau \u012fsp\u016bdingas k\u016brinys ne tik reikalauja, bet ir apdovanoja \u017einiomis apie \u012fvairi\u0173 Europos epoch\u0173 men\u0105, literat\u016br\u0105, filosofij\u0105. \u0160io romano gerb\u0117j\u0173 gretos nuolatos auga, juo \u017eavisi viso pasaulio skaitytojai.<\/p>\n<p>\u201eGilus, stiprus ir jaudinantis romanas, gvildenantis pamatines \u017emonijos problemas, nagrin\u0117jantis kalt\u0117s ir atleidimo, blogio ir atpirkimo, o svarbiausia \u2013 meil\u0117s ir nevilties s\u0105sajas.&#8221;<\/p>\n<p>&nbsp;<\/p>\n","protected":false},"excerpt":{"rendered":"<p>Am\u017ei\u0173 nugyvenusio ir nepagydomos ligos paliesto \u017emogaus prisiminimuose atgimsta ankstyvos vaikyst\u0117s vaizdiniai. Paslaptinga biblioteka, r\u016bstaus t\u0117vo kabinetas, rankra\u0161\u010diai, antikvarini\u0173 preki\u0173 parduotuv\u0117, senovin\u0117s knygos ir ne\u012fkainojamas XVIII am\u017eiaus smuikas. Ta\u010diau Adriano Ardevolio prisiminimai neapsiriboja vien tik pokario Barselona. Jis seka vis\u0105 savo gimin\u0117s istorij\u0105 ir \u017eingsnis po \u017eingsnio atranda, kad ji yra pa\u017eenklinta blogio prisilietimo. Keliaudami kartu su herojumi per istorines Europos epochas bei laikme\u010dius, su\u017einome, kad blogis yra \u012fleid\u0119s \u0161aknis \u012f \u017emogi\u0161k\u0105j\u0105 prigimt\u012f. Monumentaliame romane \u201ePrisipa\u017e\u012fstu\u201c savo vaidmenis atlieka daugiau nei du \u0161imtai veik\u0117j\u0173, veiksmas vyksta keturiose \u0161alyse ir apima net septynis Europos istorijos am\u017eius. Nuo viduram\u017ei\u0173 Ispanijos inkvizicijos iki XX am\u017eiaus nacistin\u0117s Vokietijos koncentracijos stovykl\u0173 \u2013 visur pastebimas tas pats pyk\u010dio, baim\u0117s ir neapykantos, godumo ir ker\u0161to p\u0117dsakas. \u0160iame daugiasluoksniame k\u016brinyje persipina \u017emoni\u0173 likimai, kei\u010diasi laikai, vardai ir pavard\u0117s, bet blogio prigimtis i\u0161lieka nepakitusi. Ra\u0161ytojas Jaume Cabr\u00e9 savo romane skaitytojams pateikia daug i\u0161\u0161\u016bki\u0173, tenka be perstojo keliauti per laik\u0105 ir erdv\u0119, susipa\u017einti su charizmati\u0161k\u0173 veik\u0117j\u0173 portretais ir steb\u0117ti nenusp\u0117jamus, bet \u012f vien\u0105 tiksl\u0105 vedan\u010dius gyvenim\u0173 vingius. Ta\u010diau \u012fsp\u016bdingas k\u016brinys ne tik reikalauja, bet ir apdovanoja \u017einiomis apie \u012fvairi\u0173 Europos epoch\u0173 men\u0105, literat\u016br\u0105, filosofij\u0105. \u0160io romano gerb\u0117j\u0173 gretos nuolatos auga, juo \u017eavisi viso pasaulio skaitytojai. \u201eGilus, stiprus ir jaudinantis romanas, gvildenantis pamatines \u017emonijos problemas, nagrin\u0117jantis kalt\u0117s ir atleidimo, blogio ir atpirkimo, o svarbiausia \u2013 meil\u0117s ir nevilties s\u0105sajas.&#8221; &nbsp;<\/p>\n","protected":false},"featured_media":14162,"comment_status":"open","ping_status":"closed","template":"","meta":{"_acf_changed":false,"site-sidebar-layout":"default","site-content-layout":"","ast-site-content-layout":"default","site-content-style":"default","site-sidebar-style":"default","ast-global-header-display":"","ast-banner-title-visibility":"","ast-main-header-display":"","ast-hfb-above-header-display":"","ast-hfb-below-header-display":"","ast-hfb-mobile-header-display":"","site-post-title":"","ast-breadcrumbs-content":"","ast-featured-img":"","footer-sml-layout":"","ast-disable-related-posts":"","theme-transparent-header-meta":"default","adv-header-id-meta":"","stick-header-meta":"","header-above-stick-meta":"","header-main-stick-meta":"","header-below-stick-meta":"","astra-migrate-meta-layouts":"set","ast-page-background-enabled":"default","ast-page-background-meta":{"desktop":{"background-color":"","background-image":"","background-repeat":"repeat","background-position":"center center","background-size":"auto","background-attachment":"scroll","background-type":"","background-media":"","overlay-type":"","overlay-color":"","overlay-opacity":"","overlay-gradient":""},"tablet":{"background-color":"","background-image":"","background-repeat":"repeat","background-position":"center center","background-size":"auto","background-attachment":"scroll","background-type":"","background-media":"","overlay-type":"","overlay-color":"","overlay-opacity":"","overlay-gradient":""},"mobile":{"background-color":"","background-image":"","background-repeat":"repeat","background-position":"center center","background-size":"auto","background-attachment":"scroll","background-type":"","background-media":"","overlay-type":"","overlay-color":"","overlay-opacity":"","overlay-gradient":""}},"ast-content-background-meta":{"desktop":{"background-color":"var(--ast-global-color-4)","background-image":"","background-repeat":"repeat","background-position":"center center","background-size":"auto","background-attachment":"scroll","background-type":"","background-media":"","overlay-type":"","overlay-color":"","overlay-opacity":"","overlay-gradient":""},"tablet":{"background-color":"var(--ast-global-color-4)","background-image":"","background-repeat":"repeat","background-position":"center center","background-size":"auto","background-attachment":"scroll","background-type":"","background-media":"","overlay-type":"","overlay-color":"","overlay-opacity":"","overlay-gradient":""},"mobile":{"background-color":"var(--ast-global-color-4)","background-image":"","background-repeat":"repeat","background-position":"center center","background-size":"auto","background-attachment":"scroll","background-type":"","background-media":"","overlay-type":"","overlay-color":"","overlay-opacity":"","overlay-gradient":""}}},"product_brand":[],"product_cat":[31,15],"product_tag":[1318],"class_list":{"0":"post-14122","1":"product","2":"type-product","3":"status-publish","4":"has-post-thumbnail","6":"product_cat-grozine-literatura","7":"product_cat-uncategorized","8":"product_tag-jaume-cabre","9":"desktop-align-left","10":"tablet-align-left","11":"mobile-align-left","13":"first","14":"outofstock","15":"shipping-taxable","16":"purchasable","17":"product-type-simple"},"acf":[],"yoast_head":"<!-- This site is optimized with the Yoast SEO plugin v27.0 - https:\/\/yoast.com\/product\/yoast-seo-wordpress\/ -->\n<title>Prisipa\u017e\u012fstu<\/title>\n<meta name=\"description\" content=\"Am\u017ei\u0173 nugyvenusio ir nepagydomos ligos paliesto \u017emogaus prisiminimuose atgimsta ankstyvos vaikyst\u0117s vaizdiniai. Paslaptinga biblioteka, r\u016bstaus t\u0117vo\" \/>\n<meta name=\"robots\" content=\"index, follow, max-snippet:-1, max-image-preview:large, max-video-preview:-1\" \/>\n<link rel=\"canonical\" href=\"https:\/\/skaitytaknyga.lt\/en\/produktas\/prisipazistu\/\" \/>\n<meta property=\"og:locale\" content=\"en_GB\" \/>\n<meta property=\"og:locale:alternate\" content=\"lt_LT\" \/>\n<meta property=\"og:type\" content=\"article\" \/>\n<meta property=\"og:title\" content=\"Prisipa\u017e\u012fstu\" \/>\n<meta property=\"og:description\" content=\"Am\u017ei\u0173 nugyvenusio ir nepagydomos ligos paliesto \u017emogaus prisiminimuose atgimsta ankstyvos vaikyst\u0117s vaizdiniai. Paslaptinga biblioteka, r\u016bstaus t\u0117vo\" \/>\n<meta property=\"og:url\" content=\"https:\/\/skaitytaknyga.lt\/en\/produktas\/prisipazistu\/\" \/>\n<meta property=\"og:site_name\" content=\"Skaitytaknyga\" \/>\n<meta property=\"article:publisher\" content=\"https:\/\/www.facebook.com\/skaitytaknyga\/\" \/>\n<meta property=\"article:modified_time\" content=\"2025-06-14T11:18:01+00:00\" \/>\n<meta property=\"og:image\" content=\"https:\/\/skaitytaknyga.lt\/wp-content\/uploads\/2024\/10\/Prisipazistu.webp\" \/>\n\t<meta property=\"og:image:width\" content=\"440\" \/>\n\t<meta property=\"og:image:height\" content=\"721\" \/>\n\t<meta property=\"og:image:type\" content=\"image\/webp\" \/>\n<meta name=\"twitter:card\" content=\"summary_large_image\" \/>\n<meta name=\"twitter:label1\" content=\"Estimated reading time\" \/>\n\t<meta name=\"twitter:data1\" content=\"2 minutes\" \/>\n<script type=\"application\/ld+json\" class=\"yoast-schema-graph\">{\"@context\":\"https:\/\/schema.org\",\"@graph\":[{\"@type\":\"WebPage\",\"@id\":\"https:\/\/skaitytaknyga.lt\/produktas\/prisipazistu\/\",\"url\":\"https:\/\/skaitytaknyga.lt\/produktas\/prisipazistu\/\",\"name\":\"Prisipa\u017e\u012fstu\",\"isPartOf\":{\"@id\":\"https:\/\/skaitytaknyga.lt\/#website\"},\"primaryImageOfPage\":{\"@id\":\"https:\/\/skaitytaknyga.lt\/produktas\/prisipazistu\/#primaryimage\"},\"image\":{\"@id\":\"https:\/\/skaitytaknyga.lt\/produktas\/prisipazistu\/#primaryimage\"},\"thumbnailUrl\":\"https:\/\/skaitytaknyga.lt\/wp-content\/uploads\/2024\/10\/Prisipazistu.webp\",\"datePublished\":\"2024-10-11T06:40:48+00:00\",\"dateModified\":\"2025-06-14T11:18:01+00:00\",\"description\":\"Am\u017ei\u0173 nugyvenusio ir nepagydomos ligos paliesto \u017emogaus prisiminimuose atgimsta ankstyvos vaikyst\u0117s vaizdiniai. Paslaptinga biblioteka, r\u016bstaus t\u0117vo\",\"breadcrumb\":{\"@id\":\"https:\/\/skaitytaknyga.lt\/produktas\/prisipazistu\/#breadcrumb\"},\"inLanguage\":\"en-GB\",\"potentialAction\":[{\"@type\":\"ReadAction\",\"target\":[\"https:\/\/skaitytaknyga.lt\/produktas\/prisipazistu\/\"]}]},{\"@type\":\"ImageObject\",\"inLanguage\":\"en-GB\",\"@id\":\"https:\/\/skaitytaknyga.lt\/produktas\/prisipazistu\/#primaryimage\",\"url\":\"https:\/\/skaitytaknyga.lt\/wp-content\/uploads\/2024\/10\/Prisipazistu.webp\",\"contentUrl\":\"https:\/\/skaitytaknyga.lt\/wp-content\/uploads\/2024\/10\/Prisipazistu.webp\",\"width\":440,\"height\":721,\"caption\":\"Prisipa\u017e\u012fstu\"},{\"@type\":\"BreadcrumbList\",\"@id\":\"https:\/\/skaitytaknyga.lt\/produktas\/prisipazistu\/#breadcrumb\",\"itemListElement\":[{\"@type\":\"ListItem\",\"position\":1,\"name\":\"Home\",\"item\":\"https:\/\/skaitytaknyga.lt\/\"},{\"@type\":\"ListItem\",\"position\":2,\"name\":\"Parduotuv\u0117\",\"item\":\"https:\/\/skaitytaknyga.lt\/knygu-parduotuve\/\"},{\"@type\":\"ListItem\",\"position\":3,\"name\":\"Prisipa\u017e\u012fstu\"}]},{\"@type\":\"WebSite\",\"@id\":\"https:\/\/skaitytaknyga.lt\/#website\",\"url\":\"https:\/\/skaitytaknyga.lt\/\",\"name\":\"skaitytaknyga.lt\",\"description\":\"Skaitytaknyga.lt \u2013 tai ma\u017eas \u0161eimos verslas, kuris prasid\u0117jo nuo meil\u0117s knygoms ir siekio i\u0161gelb\u0117ti knygas nuo likimo prie konteinerio. Kas vienam nereikalingas daiktas \u2013 kitam lobis, o mes esame tarpininkai, kurie padeda abiems tapti laimingesniems ???? \u017dinome kaip nelengva i\u0161gyventi ma\u017eiems verslams, tad nuo \u0161iol, \u010dia rasite ir kit\u0173, ma\u017e\u0173 \u0161eim\u0173 versl\u0173, rank\u0173 darbo, dovan\u0173 sau ir artimiesiems.\",\"publisher\":{\"@id\":\"https:\/\/skaitytaknyga.lt\/#organization\"},\"potentialAction\":[{\"@type\":\"SearchAction\",\"target\":{\"@type\":\"EntryPoint\",\"urlTemplate\":\"https:\/\/skaitytaknyga.lt\/?s={search_term_string}\"},\"query-input\":{\"@type\":\"PropertyValueSpecification\",\"valueRequired\":true,\"valueName\":\"search_term_string\"}}],\"inLanguage\":\"en-GB\"},{\"@type\":\"Organization\",\"@id\":\"https:\/\/skaitytaknyga.lt\/#organization\",\"name\":\"skaitytaknyga.lt\",\"url\":\"https:\/\/skaitytaknyga.lt\/\",\"logo\":{\"@type\":\"ImageObject\",\"inLanguage\":\"en-GB\",\"@id\":\"https:\/\/skaitytaknyga.lt\/#\/schema\/logo\/image\/\",\"url\":\"https:\/\/skaitytaknyga.lt\/wp-content\/uploads\/2024\/05\/cropped-cropped-cropped-02_00843_jt3bggkj1j3HLc7SyY6rEUpg.jpeg\",\"contentUrl\":\"https:\/\/skaitytaknyga.lt\/wp-content\/uploads\/2024\/05\/cropped-cropped-cropped-02_00843_jt3bggkj1j3HLc7SyY6rEUpg.jpeg\",\"width\":1600,\"height\":1600,\"caption\":\"skaitytaknyga.lt\"},\"image\":{\"@id\":\"https:\/\/skaitytaknyga.lt\/#\/schema\/logo\/image\/\"},\"sameAs\":[\"https:\/\/www.facebook.com\/skaitytaknyga\/\"]}]}<\/script>\n<!-- \/ Yoast SEO plugin. -->","yoast_head_json":{"title":"Prisipa\u017e\u012fstu","description":"Am\u017ei\u0173 nugyvenusio ir nepagydomos ligos paliesto \u017emogaus prisiminimuose atgimsta ankstyvos vaikyst\u0117s vaizdiniai. Paslaptinga biblioteka, r\u016bstaus t\u0117vo","robots":{"index":"index","follow":"follow","max-snippet":"max-snippet:-1","max-image-preview":"max-image-preview:large","max-video-preview":"max-video-preview:-1"},"canonical":"https:\/\/skaitytaknyga.lt\/en\/produktas\/prisipazistu\/","og_locale":"en_GB","og_type":"article","og_title":"[:lt]Prisipa\u017e\u012fstu[:] - Skaitytaknyga","og_description":"Am\u017ei\u0173 nugyvenusio ir nepagydomos ligos paliesto \u017emogaus prisiminimuose atgimsta ankstyvos vaikyst\u0117s vaizdiniai. Paslaptinga biblioteka, r\u016bstaus t\u0117vo","og_url":"https:\/\/skaitytaknyga.lt\/en\/produktas\/prisipazistu\/","og_site_name":"Skaitytaknyga","article_publisher":"https:\/\/www.facebook.com\/skaitytaknyga\/","article_modified_time":"2025-06-14T11:18:01+00:00","og_image":[{"width":440,"height":721,"url":"https:\/\/skaitytaknyga.lt\/wp-content\/uploads\/2024\/10\/Prisipazistu.webp","type":"image\/webp"}],"twitter_card":"summary_large_image","twitter_misc":{"Estimated reading time":"2 minutes"},"schema":{"@context":"https:\/\/schema.org","@graph":[{"@type":"WebPage","@id":"https:\/\/skaitytaknyga.lt\/produktas\/prisipazistu\/","url":"https:\/\/skaitytaknyga.lt\/produktas\/prisipazistu\/","name":"Prisipa\u017e\u012fstu","isPartOf":{"@id":"https:\/\/skaitytaknyga.lt\/#website"},"primaryImageOfPage":{"@id":"https:\/\/skaitytaknyga.lt\/produktas\/prisipazistu\/#primaryimage"},"image":{"@id":"https:\/\/skaitytaknyga.lt\/produktas\/prisipazistu\/#primaryimage"},"thumbnailUrl":"https:\/\/skaitytaknyga.lt\/wp-content\/uploads\/2024\/10\/Prisipazistu.webp","datePublished":"2024-10-11T06:40:48+00:00","dateModified":"2025-06-14T11:18:01+00:00","description":"Am\u017ei\u0173 nugyvenusio ir nepagydomos ligos paliesto \u017emogaus prisiminimuose atgimsta ankstyvos vaikyst\u0117s vaizdiniai. Paslaptinga biblioteka, r\u016bstaus t\u0117vo","breadcrumb":{"@id":"https:\/\/skaitytaknyga.lt\/produktas\/prisipazistu\/#breadcrumb"},"inLanguage":"en-GB","potentialAction":[{"@type":"ReadAction","target":["https:\/\/skaitytaknyga.lt\/produktas\/prisipazistu\/"]}]},{"@type":"ImageObject","inLanguage":"en-GB","@id":"https:\/\/skaitytaknyga.lt\/produktas\/prisipazistu\/#primaryimage","url":"https:\/\/skaitytaknyga.lt\/wp-content\/uploads\/2024\/10\/Prisipazistu.webp","contentUrl":"https:\/\/skaitytaknyga.lt\/wp-content\/uploads\/2024\/10\/Prisipazistu.webp","width":440,"height":721,"caption":"Prisipa\u017e\u012fstu"},{"@type":"BreadcrumbList","@id":"https:\/\/skaitytaknyga.lt\/produktas\/prisipazistu\/#breadcrumb","itemListElement":[{"@type":"ListItem","position":1,"name":"Home","item":"https:\/\/skaitytaknyga.lt\/"},{"@type":"ListItem","position":2,"name":"Parduotuv\u0117","item":"https:\/\/skaitytaknyga.lt\/knygu-parduotuve\/"},{"@type":"ListItem","position":3,"name":"Prisipa\u017e\u012fstu"}]},{"@type":"WebSite","@id":"https:\/\/skaitytaknyga.lt\/#website","url":"https:\/\/skaitytaknyga.lt\/","name":"skaitytaknyga.lt","description":"Skaitytaknyga.lt \u2013 tai ma\u017eas \u0161eimos verslas, kuris prasid\u0117jo nuo meil\u0117s knygoms ir siekio i\u0161gelb\u0117ti knygas nuo likimo prie konteinerio. Kas vienam nereikalingas daiktas \u2013 kitam lobis, o mes esame tarpininkai, kurie padeda abiems tapti laimingesniems ???? \u017dinome kaip nelengva i\u0161gyventi ma\u017eiems verslams, tad nuo \u0161iol, \u010dia rasite ir kit\u0173, ma\u017e\u0173 \u0161eim\u0173 versl\u0173, rank\u0173 darbo, dovan\u0173 sau ir artimiesiems.","publisher":{"@id":"https:\/\/skaitytaknyga.lt\/#organization"},"potentialAction":[{"@type":"SearchAction","target":{"@type":"EntryPoint","urlTemplate":"https:\/\/skaitytaknyga.lt\/?s={search_term_string}"},"query-input":{"@type":"PropertyValueSpecification","valueRequired":true,"valueName":"search_term_string"}}],"inLanguage":"en-GB"},{"@type":"Organization","@id":"https:\/\/skaitytaknyga.lt\/#organization","name":"skaitytaknyga.lt","url":"https:\/\/skaitytaknyga.lt\/","logo":{"@type":"ImageObject","inLanguage":"en-GB","@id":"https:\/\/skaitytaknyga.lt\/#\/schema\/logo\/image\/","url":"https:\/\/skaitytaknyga.lt\/wp-content\/uploads\/2024\/05\/cropped-cropped-cropped-02_00843_jt3bggkj1j3HLc7SyY6rEUpg.jpeg","contentUrl":"https:\/\/skaitytaknyga.lt\/wp-content\/uploads\/2024\/05\/cropped-cropped-cropped-02_00843_jt3bggkj1j3HLc7SyY6rEUpg.jpeg","width":1600,"height":1600,"caption":"skaitytaknyga.lt"},"image":{"@id":"https:\/\/skaitytaknyga.lt\/#\/schema\/logo\/image\/"},"sameAs":["https:\/\/www.facebook.com\/skaitytaknyga\/"]}]}},"_links":{"self":[{"href":"https:\/\/skaitytaknyga.lt\/en\/wp-json\/wp\/v2\/product\/14122","targetHints":{"allow":["GET"]}}],"collection":[{"href":"https:\/\/skaitytaknyga.lt\/en\/wp-json\/wp\/v2\/product"}],"about":[{"href":"https:\/\/skaitytaknyga.lt\/en\/wp-json\/wp\/v2\/types\/product"}],"replies":[{"embeddable":true,"href":"https:\/\/skaitytaknyga.lt\/en\/wp-json\/wp\/v2\/comments?post=14122"}],"wp:featuredmedia":[{"embeddable":true,"href":"https:\/\/skaitytaknyga.lt\/en\/wp-json\/wp\/v2\/media\/14162"}],"wp:attachment":[{"href":"https:\/\/skaitytaknyga.lt\/en\/wp-json\/wp\/v2\/media?parent=14122"}],"wp:term":[{"taxonomy":"product_brand","embeddable":true,"href":"https:\/\/skaitytaknyga.lt\/en\/wp-json\/wp\/v2\/product_brand?post=14122"},{"taxonomy":"product_cat","embeddable":true,"href":"https:\/\/skaitytaknyga.lt\/en\/wp-json\/wp\/v2\/product_cat?post=14122"},{"taxonomy":"product_tag","embeddable":true,"href":"https:\/\/skaitytaknyga.lt\/en\/wp-json\/wp\/v2\/product_tag?post=14122"}],"curies":[{"name":"wp","href":"https:\/\/api.w.org\/{rel}","templated":true}]}}