{"id":14120,"date":"2024-10-11T09:40:47","date_gmt":"2024-10-11T06:40:47","guid":{"rendered":"https:\/\/skaitytaknyga.lt\/?post_type=product&#038;p=14120"},"modified":"2026-03-27T21:10:00","modified_gmt":"2026-03-27T19:10:00","slug":"keturiasdesimt-meiles-taisykliu","status":"publish","type":"product","link":"https:\/\/skaitytaknyga.lt\/en\/produktas\/keturiasdesimt-meiles-taisykliu\/","title":{"rendered":"Keturiasde\u0161imt meil\u0117s taisykli\u0173"},"content":{"rendered":"<p>Elif Shafak (Elif \u0160afak; g. 1971 m.) \u2013 \u017eymiausia ir populiariausia jaunesniosios kartos turk\u0173 ra\u0161ytoja, \u0161iuo metu gyvenanti tai Stambule, tai Londone. Kontroversi\u0161ka, aistringa jos proza paker\u0117jo daugyb\u0119 viso pasaulio skaitytoj\u0173, jos k\u016briniai i\u0161versti \u012f daugiau nei dvide\u0161imt kalb\u0173. Lietuvi\u0161kai i\u0161leistas skandalingiausias jos romanas \u201eStambulo pavainik\u0117\u201c (Tyto alba, 2010 m.).<\/p>\n<p>\u201eKeturiasde\u0161imt meil\u0117s taisykli\u0173\u201c \u2013 tai aistringas ir patrauklus pasakojimas apie du lygiagre\u010diai tekan\u010dius gyvenimus: Elos Rubin\u0161tein, keturiasde\u0161imtmet\u0117s amerikiet\u0117s nam\u0173 \u0161eiminink\u0117s, ir XIII a. sufij\u0173 mistiko Rumio. \u0160iuos likimus skiria a\u0161tuoni \u0161imtai met\u0173, o jungia&#8230; meil\u0117. Meil\u0117, kurios ie\u0161ko Ela, ir meil\u0117, kuria alsuoja Rumis.<\/p>\n<p>K\u0105 daryti, jei tau keturiasde\u0161imt met\u0173, vaikai u\u017eaugo, o jausmai vyrui i\u0161bl\u0117so? Kad u\u017epildyt\u0173 tu\u0161tum\u0105, Ela Rubin\u0161tein \u012fsidarbina literat\u016bros agent\u016broje, nustebindama savo \u0161eim\u0105. Pirmoji u\u017eduotis \u2013 perskaityti roman\u0105 \u201eSaldi \u0161ventvagyst\u0117\u201c, pasakojant\u012f apie sufij\u0173 mistik\u0105 Rum\u012f ir jo mokin\u012f \u0160ams\u0105, ir para\u0161yti recenzij\u0105.<\/p>\n<p>Knyga taip sukre\u010dia El\u0105, kad ji netik\u0117tai para\u0161o lai\u0161k\u0105 jos autoriui. Taip prasideda Elos pasikeitimo ir meil\u0117s istorija. Ji mokosi i\u0161 \u0160amso ir Rumio, vadovaujasi keturiasde\u0161im\u010dia meil\u0117s taisykli\u0173, teigian\u010di\u0173, kad kiekviename i\u0161 m\u016bs\u0173 gl\u016bdi meil\u0117, ji visagal\u0117. Meil\u0117s taisykl\u0117s nepavald\u017eios laikui: Rumio istorija pana\u0161i \u012f Elos istorij\u0105, o ra\u0161ytojo misija \u2013 i\u0161laisvinti El\u0105, kaip \u0160amsas i\u0161laisvino Rum\u012f.<\/p>\n<p>\u201eKeturiasde\u0161imt meil\u0117s taisykli\u0173\u201c \u2013 romanas apie meil\u0117s gali\u0105 keisti gyvenimus net tada, kai, rodos, per v\u0117lu.<\/p>\n<ul class=\"about-product d-none d-xl-block mt-4\">\n<li><strong>Originalus pavadinimas:<\/strong>\u00a0The Forty Rules of Love<\/li>\n<li><strong>Autorius:<\/strong>\u00a0Elif Shafak<\/li>\n<li><strong>Leid\u0117jas:<\/strong>\u00a0Tyto alba<\/li>\n<li><strong>Metai:<\/strong>\u00a02023<\/li>\n<li><strong>Puslapiai:<\/strong>\u00a0400<\/li>\n<li class=\"toggleable type-new-formats \"><strong>ISBN:<\/strong>\u00a09789986169154<\/li>\n<li class=\"toggleable type-new-formats \"><strong>Formatas:<\/strong>\u00a015 x 22 x 3,5 cm, kieti vir\u0161eliai<\/li>\n<li><strong>Kalba:<\/strong>\u00a0Lietuvi\u0173<\/li>\n<li><strong>Vert\u0117jas:<\/strong>\u00a0Rasa Drazdauskien\u0117<\/li>\n<\/ul>\n","protected":false},"excerpt":{"rendered":"<p>Elif Shafak (Elif \u0160afak; g. 1971 m.) \u2013 \u017eymiausia ir populiariausia jaunesniosios kartos turk\u0173 ra\u0161ytoja, \u0161iuo metu gyvenanti tai Stambule, tai Londone. Kontroversi\u0161ka, aistringa jos proza paker\u0117jo daugyb\u0119 viso pasaulio skaitytoj\u0173, jos k\u016briniai i\u0161versti \u012f daugiau nei dvide\u0161imt kalb\u0173. Lietuvi\u0161kai i\u0161leistas skandalingiausias jos romanas \u201eStambulo pavainik\u0117\u201c (Tyto alba, 2010 m.). \u201eKeturiasde\u0161imt meil\u0117s taisykli\u0173\u201c \u2013 tai aistringas ir patrauklus pasakojimas apie du lygiagre\u010diai tekan\u010dius gyvenimus: Elos Rubin\u0161tein, keturiasde\u0161imtmet\u0117s amerikiet\u0117s nam\u0173 \u0161eiminink\u0117s, ir XIII a. sufij\u0173 mistiko Rumio. \u0160iuos likimus skiria a\u0161tuoni \u0161imtai met\u0173, o jungia&#8230; meil\u0117. Meil\u0117, kurios ie\u0161ko Ela, ir meil\u0117, kuria alsuoja Rumis. K\u0105 daryti, jei tau keturiasde\u0161imt met\u0173, vaikai u\u017eaugo, o jausmai vyrui i\u0161bl\u0117so? Kad u\u017epildyt\u0173 tu\u0161tum\u0105, Ela Rubin\u0161tein \u012fsidarbina literat\u016bros agent\u016broje, nustebindama savo \u0161eim\u0105. Pirmoji u\u017eduotis \u2013 perskaityti roman\u0105 \u201eSaldi \u0161ventvagyst\u0117\u201c, pasakojant\u012f apie sufij\u0173 mistik\u0105 Rum\u012f ir jo mokin\u012f \u0160ams\u0105, ir para\u0161yti recenzij\u0105. Knyga taip sukre\u010dia El\u0105, kad ji netik\u0117tai para\u0161o lai\u0161k\u0105 jos autoriui. Taip prasideda Elos pasikeitimo ir meil\u0117s istorija. Ji mokosi i\u0161 \u0160amso ir Rumio, vadovaujasi keturiasde\u0161im\u010dia meil\u0117s taisykli\u0173, teigian\u010di\u0173, kad kiekviename i\u0161 m\u016bs\u0173 gl\u016bdi meil\u0117, ji visagal\u0117. Meil\u0117s taisykl\u0117s nepavald\u017eios laikui: Rumio istorija pana\u0161i \u012f Elos istorij\u0105, o ra\u0161ytojo misija \u2013 i\u0161laisvinti El\u0105, kaip \u0160amsas i\u0161laisvino Rum\u012f. \u201eKeturiasde\u0161imt meil\u0117s taisykli\u0173\u201c \u2013 romanas apie meil\u0117s gali\u0105 keisti gyvenimus net tada, kai, rodos, per v\u0117lu. Originalus pavadinimas:\u00a0The Forty Rules of Love Autorius:\u00a0Elif Shafak Leid\u0117jas:\u00a0Tyto alba Metai:\u00a02023 Puslapiai:\u00a0400 ISBN:\u00a09789986169154 Formatas:\u00a015 x 22 x 3,5 cm, kieti vir\u0161eliai Kalba:\u00a0Lietuvi\u0173 Vert\u0117jas:\u00a0Rasa Drazdauskien\u0117<\/p>\n","protected":false},"featured_media":14160,"comment_status":"open","ping_status":"closed","template":"","meta":{"_acf_changed":false,"site-sidebar-layout":"default","site-content-layout":"","ast-site-content-layout":"default","site-content-style":"default","site-sidebar-style":"default","ast-global-header-display":"","ast-banner-title-visibility":"","ast-main-header-display":"","ast-hfb-above-header-display":"","ast-hfb-below-header-display":"","ast-hfb-mobile-header-display":"","site-post-title":"","ast-breadcrumbs-content":"","ast-featured-img":"","footer-sml-layout":"","ast-disable-related-posts":"","theme-transparent-header-meta":"default","adv-header-id-meta":"","stick-header-meta":"","header-above-stick-meta":"","header-main-stick-meta":"","header-below-stick-meta":"","astra-migrate-meta-layouts":"set","ast-page-background-enabled":"default","ast-page-background-meta":{"desktop":{"background-color":"","background-image":"","background-repeat":"repeat","background-position":"center center","background-size":"auto","background-attachment":"scroll","background-type":"","background-media":"","overlay-type":"","overlay-color":"","overlay-opacity":"","overlay-gradient":""},"tablet":{"background-color":"","background-image":"","background-repeat":"repeat","background-position":"center center","background-size":"auto","background-attachment":"scroll","background-type":"","background-media":"","overlay-type":"","overlay-color":"","overlay-opacity":"","overlay-gradient":""},"mobile":{"background-color":"","background-image":"","background-repeat":"repeat","background-position":"center center","background-size":"auto","background-attachment":"scroll","background-type":"","background-media":"","overlay-type":"","overlay-color":"","overlay-opacity":"","overlay-gradient":""}},"ast-content-background-meta":{"desktop":{"background-color":"var(--ast-global-color-4)","background-image":"","background-repeat":"repeat","background-position":"center center","background-size":"auto","background-attachment":"scroll","background-type":"","background-media":"","overlay-type":"","overlay-color":"","overlay-opacity":"","overlay-gradient":""},"tablet":{"background-color":"var(--ast-global-color-4)","background-image":"","background-repeat":"repeat","background-position":"center center","background-size":"auto","background-attachment":"scroll","background-type":"","background-media":"","overlay-type":"","overlay-color":"","overlay-opacity":"","overlay-gradient":""},"mobile":{"background-color":"var(--ast-global-color-4)","background-image":"","background-repeat":"repeat","background-position":"center center","background-size":"auto","background-attachment":"scroll","background-type":"","background-media":"","overlay-type":"","overlay-color":"","overlay-opacity":"","overlay-gradient":""}}},"product_brand":[],"product_cat":[31,15],"product_tag":[],"class_list":{"0":"post-14120","1":"product","2":"type-product","3":"status-publish","4":"has-post-thumbnail","6":"product_cat-grozine-literatura","7":"product_cat-uncategorized","8":"pa_bukle-gera","9":"desktop-align-left","10":"tablet-align-left","11":"mobile-align-left","13":"first","14":"instock","15":"sale","16":"shipping-taxable","17":"purchasable","18":"product-type-simple"},"acf":[],"yoast_head":"<!-- This site is optimized with the Yoast SEO plugin v27.0 - https:\/\/yoast.com\/product\/yoast-seo-wordpress\/ -->\n<title>Keturiasde\u0161imt meil\u0117s taisykli\u0173<\/title>\n<meta name=\"description\" content=\"Elif Shafak (Elif \u0160afak; g. 1971 m.) \u2013 \u017eymiausia ir populiariausia jaunesniosios kartos turk\u0173 ra\u0161ytoja, \u0161iuo metu gyvenanti tai Stambule, tai Londone.\" \/>\n<meta name=\"robots\" content=\"index, follow, max-snippet:-1, max-image-preview:large, max-video-preview:-1\" \/>\n<link rel=\"canonical\" href=\"https:\/\/skaitytaknyga.lt\/en\/produktas\/keturiasdesimt-meiles-taisykliu\/\" \/>\n<meta property=\"og:locale\" content=\"en_GB\" \/>\n<meta property=\"og:locale:alternate\" content=\"lt_LT\" \/>\n<meta property=\"og:type\" content=\"article\" \/>\n<meta property=\"og:title\" content=\"Keturiasde\u0161imt meil\u0117s taisykli\u0173\" \/>\n<meta property=\"og:description\" content=\"Elif Shafak (Elif \u0160afak; g. 1971 m.) \u2013 \u017eymiausia ir populiariausia jaunesniosios kartos turk\u0173 ra\u0161ytoja, \u0161iuo metu gyvenanti tai Stambule, tai Londone.\" \/>\n<meta property=\"og:url\" content=\"https:\/\/skaitytaknyga.lt\/en\/produktas\/keturiasdesimt-meiles-taisykliu\/\" \/>\n<meta property=\"og:site_name\" content=\"Skaitytaknyga\" \/>\n<meta property=\"article:publisher\" content=\"https:\/\/www.facebook.com\/skaitytaknyga\/\" \/>\n<meta property=\"article:modified_time\" content=\"2026-03-27T19:10:00+00:00\" \/>\n<meta property=\"og:image\" content=\"https:\/\/skaitytaknyga.lt\/wp-content\/uploads\/2024\/10\/Keturiasdesimt-meiles-taisykliu.webp\" \/>\n\t<meta property=\"og:image:width\" content=\"516\" \/>\n\t<meta property=\"og:image:height\" content=\"800\" \/>\n\t<meta property=\"og:image:type\" content=\"image\/webp\" \/>\n<meta name=\"twitter:card\" content=\"summary_large_image\" \/>\n<meta name=\"twitter:label1\" content=\"Estimated reading time\" \/>\n\t<meta name=\"twitter:data1\" content=\"2 minutes\" \/>\n<script type=\"application\/ld+json\" class=\"yoast-schema-graph\">{\"@context\":\"https:\/\/schema.org\",\"@graph\":[{\"@type\":\"WebPage\",\"@id\":\"https:\/\/skaitytaknyga.lt\/produktas\/keturiasdesimt-meiles-taisykliu\/\",\"url\":\"https:\/\/skaitytaknyga.lt\/produktas\/keturiasdesimt-meiles-taisykliu\/\",\"name\":\"Keturiasde\u0161imt meil\u0117s taisykli\u0173\",\"isPartOf\":{\"@id\":\"https:\/\/skaitytaknyga.lt\/#website\"},\"primaryImageOfPage\":{\"@id\":\"https:\/\/skaitytaknyga.lt\/produktas\/keturiasdesimt-meiles-taisykliu\/#primaryimage\"},\"image\":{\"@id\":\"https:\/\/skaitytaknyga.lt\/produktas\/keturiasdesimt-meiles-taisykliu\/#primaryimage\"},\"thumbnailUrl\":\"https:\/\/skaitytaknyga.lt\/wp-content\/uploads\/2024\/10\/Keturiasdesimt-meiles-taisykliu.webp\",\"datePublished\":\"2024-10-11T06:40:47+00:00\",\"dateModified\":\"2026-03-27T19:10:00+00:00\",\"description\":\"Elif Shafak (Elif \u0160afak; g. 1971 m.) \u2013 \u017eymiausia ir populiariausia jaunesniosios kartos turk\u0173 ra\u0161ytoja, \u0161iuo metu gyvenanti tai Stambule, tai Londone.\",\"breadcrumb\":{\"@id\":\"https:\/\/skaitytaknyga.lt\/produktas\/keturiasdesimt-meiles-taisykliu\/#breadcrumb\"},\"inLanguage\":\"en-GB\",\"potentialAction\":[{\"@type\":\"ReadAction\",\"target\":[\"https:\/\/skaitytaknyga.lt\/produktas\/keturiasdesimt-meiles-taisykliu\/\"]}]},{\"@type\":\"ImageObject\",\"inLanguage\":\"en-GB\",\"@id\":\"https:\/\/skaitytaknyga.lt\/produktas\/keturiasdesimt-meiles-taisykliu\/#primaryimage\",\"url\":\"https:\/\/skaitytaknyga.lt\/wp-content\/uploads\/2024\/10\/Keturiasdesimt-meiles-taisykliu.webp\",\"contentUrl\":\"https:\/\/skaitytaknyga.lt\/wp-content\/uploads\/2024\/10\/Keturiasdesimt-meiles-taisykliu.webp\",\"width\":516,\"height\":800,\"caption\":\"Keturiasde\u0161imt meil\u0117s taisykli\u0173\"},{\"@type\":\"BreadcrumbList\",\"@id\":\"https:\/\/skaitytaknyga.lt\/produktas\/keturiasdesimt-meiles-taisykliu\/#breadcrumb\",\"itemListElement\":[{\"@type\":\"ListItem\",\"position\":1,\"name\":\"Home\",\"item\":\"https:\/\/skaitytaknyga.lt\/\"},{\"@type\":\"ListItem\",\"position\":2,\"name\":\"Parduotuv\u0117\",\"item\":\"https:\/\/skaitytaknyga.lt\/knygu-parduotuve\/\"},{\"@type\":\"ListItem\",\"position\":3,\"name\":\"Keturiasde\u0161imt meil\u0117s taisykli\u0173\"}]},{\"@type\":\"WebSite\",\"@id\":\"https:\/\/skaitytaknyga.lt\/#website\",\"url\":\"https:\/\/skaitytaknyga.lt\/\",\"name\":\"skaitytaknyga.lt\",\"description\":\"Skaitytaknyga.lt \u2013 tai ma\u017eas \u0161eimos verslas, kuris prasid\u0117jo nuo meil\u0117s knygoms ir siekio i\u0161gelb\u0117ti knygas nuo likimo prie konteinerio. Kas vienam nereikalingas daiktas \u2013 kitam lobis, o mes esame tarpininkai, kurie padeda abiems tapti laimingesniems ???? \u017dinome kaip nelengva i\u0161gyventi ma\u017eiems verslams, tad nuo \u0161iol, \u010dia rasite ir kit\u0173, ma\u017e\u0173 \u0161eim\u0173 versl\u0173, rank\u0173 darbo, dovan\u0173 sau ir artimiesiems.\",\"publisher\":{\"@id\":\"https:\/\/skaitytaknyga.lt\/#organization\"},\"potentialAction\":[{\"@type\":\"SearchAction\",\"target\":{\"@type\":\"EntryPoint\",\"urlTemplate\":\"https:\/\/skaitytaknyga.lt\/?s={search_term_string}\"},\"query-input\":{\"@type\":\"PropertyValueSpecification\",\"valueRequired\":true,\"valueName\":\"search_term_string\"}}],\"inLanguage\":\"en-GB\"},{\"@type\":\"Organization\",\"@id\":\"https:\/\/skaitytaknyga.lt\/#organization\",\"name\":\"skaitytaknyga.lt\",\"url\":\"https:\/\/skaitytaknyga.lt\/\",\"logo\":{\"@type\":\"ImageObject\",\"inLanguage\":\"en-GB\",\"@id\":\"https:\/\/skaitytaknyga.lt\/#\/schema\/logo\/image\/\",\"url\":\"https:\/\/skaitytaknyga.lt\/wp-content\/uploads\/2024\/05\/cropped-cropped-cropped-02_00843_jt3bggkj1j3HLc7SyY6rEUpg.jpeg\",\"contentUrl\":\"https:\/\/skaitytaknyga.lt\/wp-content\/uploads\/2024\/05\/cropped-cropped-cropped-02_00843_jt3bggkj1j3HLc7SyY6rEUpg.jpeg\",\"width\":1600,\"height\":1600,\"caption\":\"skaitytaknyga.lt\"},\"image\":{\"@id\":\"https:\/\/skaitytaknyga.lt\/#\/schema\/logo\/image\/\"},\"sameAs\":[\"https:\/\/www.facebook.com\/skaitytaknyga\/\"]}]}<\/script>\n<!-- \/ Yoast SEO plugin. -->","yoast_head_json":{"title":"Keturiasde\u0161imt meil\u0117s taisykli\u0173","description":"Elif Shafak (Elif \u0160afak; g. 1971 m.) \u2013 \u017eymiausia ir populiariausia jaunesniosios kartos turk\u0173 ra\u0161ytoja, \u0161iuo metu gyvenanti tai Stambule, tai Londone.","robots":{"index":"index","follow":"follow","max-snippet":"max-snippet:-1","max-image-preview":"max-image-preview:large","max-video-preview":"max-video-preview:-1"},"canonical":"https:\/\/skaitytaknyga.lt\/en\/produktas\/keturiasdesimt-meiles-taisykliu\/","og_locale":"en_GB","og_type":"article","og_title":"[:lt]Keturiasde\u0161imt meil\u0117s taisykli\u0173[:] - Skaitytaknyga","og_description":"Elif Shafak (Elif \u0160afak; g. 1971 m.) \u2013 \u017eymiausia ir populiariausia jaunesniosios kartos turk\u0173 ra\u0161ytoja, \u0161iuo metu gyvenanti tai Stambule, tai Londone.","og_url":"https:\/\/skaitytaknyga.lt\/en\/produktas\/keturiasdesimt-meiles-taisykliu\/","og_site_name":"Skaitytaknyga","article_publisher":"https:\/\/www.facebook.com\/skaitytaknyga\/","article_modified_time":"2026-03-27T19:10:00+00:00","og_image":[{"width":516,"height":800,"url":"https:\/\/skaitytaknyga.lt\/wp-content\/uploads\/2024\/10\/Keturiasdesimt-meiles-taisykliu.webp","type":"image\/webp"}],"twitter_card":"summary_large_image","twitter_misc":{"Estimated reading time":"2 minutes"},"schema":{"@context":"https:\/\/schema.org","@graph":[{"@type":"WebPage","@id":"https:\/\/skaitytaknyga.lt\/produktas\/keturiasdesimt-meiles-taisykliu\/","url":"https:\/\/skaitytaknyga.lt\/produktas\/keturiasdesimt-meiles-taisykliu\/","name":"Keturiasde\u0161imt meil\u0117s taisykli\u0173","isPartOf":{"@id":"https:\/\/skaitytaknyga.lt\/#website"},"primaryImageOfPage":{"@id":"https:\/\/skaitytaknyga.lt\/produktas\/keturiasdesimt-meiles-taisykliu\/#primaryimage"},"image":{"@id":"https:\/\/skaitytaknyga.lt\/produktas\/keturiasdesimt-meiles-taisykliu\/#primaryimage"},"thumbnailUrl":"https:\/\/skaitytaknyga.lt\/wp-content\/uploads\/2024\/10\/Keturiasdesimt-meiles-taisykliu.webp","datePublished":"2024-10-11T06:40:47+00:00","dateModified":"2026-03-27T19:10:00+00:00","description":"Elif Shafak (Elif \u0160afak; g. 1971 m.) \u2013 \u017eymiausia ir populiariausia jaunesniosios kartos turk\u0173 ra\u0161ytoja, \u0161iuo metu gyvenanti tai Stambule, tai Londone.","breadcrumb":{"@id":"https:\/\/skaitytaknyga.lt\/produktas\/keturiasdesimt-meiles-taisykliu\/#breadcrumb"},"inLanguage":"en-GB","potentialAction":[{"@type":"ReadAction","target":["https:\/\/skaitytaknyga.lt\/produktas\/keturiasdesimt-meiles-taisykliu\/"]}]},{"@type":"ImageObject","inLanguage":"en-GB","@id":"https:\/\/skaitytaknyga.lt\/produktas\/keturiasdesimt-meiles-taisykliu\/#primaryimage","url":"https:\/\/skaitytaknyga.lt\/wp-content\/uploads\/2024\/10\/Keturiasdesimt-meiles-taisykliu.webp","contentUrl":"https:\/\/skaitytaknyga.lt\/wp-content\/uploads\/2024\/10\/Keturiasdesimt-meiles-taisykliu.webp","width":516,"height":800,"caption":"Keturiasde\u0161imt meil\u0117s taisykli\u0173"},{"@type":"BreadcrumbList","@id":"https:\/\/skaitytaknyga.lt\/produktas\/keturiasdesimt-meiles-taisykliu\/#breadcrumb","itemListElement":[{"@type":"ListItem","position":1,"name":"Home","item":"https:\/\/skaitytaknyga.lt\/"},{"@type":"ListItem","position":2,"name":"Parduotuv\u0117","item":"https:\/\/skaitytaknyga.lt\/knygu-parduotuve\/"},{"@type":"ListItem","position":3,"name":"Keturiasde\u0161imt meil\u0117s taisykli\u0173"}]},{"@type":"WebSite","@id":"https:\/\/skaitytaknyga.lt\/#website","url":"https:\/\/skaitytaknyga.lt\/","name":"skaitytaknyga.lt","description":"Skaitytaknyga.lt \u2013 tai ma\u017eas \u0161eimos verslas, kuris prasid\u0117jo nuo meil\u0117s knygoms ir siekio i\u0161gelb\u0117ti knygas nuo likimo prie konteinerio. Kas vienam nereikalingas daiktas \u2013 kitam lobis, o mes esame tarpininkai, kurie padeda abiems tapti laimingesniems ???? \u017dinome kaip nelengva i\u0161gyventi ma\u017eiems verslams, tad nuo \u0161iol, \u010dia rasite ir kit\u0173, ma\u017e\u0173 \u0161eim\u0173 versl\u0173, rank\u0173 darbo, dovan\u0173 sau ir artimiesiems.","publisher":{"@id":"https:\/\/skaitytaknyga.lt\/#organization"},"potentialAction":[{"@type":"SearchAction","target":{"@type":"EntryPoint","urlTemplate":"https:\/\/skaitytaknyga.lt\/?s={search_term_string}"},"query-input":{"@type":"PropertyValueSpecification","valueRequired":true,"valueName":"search_term_string"}}],"inLanguage":"en-GB"},{"@type":"Organization","@id":"https:\/\/skaitytaknyga.lt\/#organization","name":"skaitytaknyga.lt","url":"https:\/\/skaitytaknyga.lt\/","logo":{"@type":"ImageObject","inLanguage":"en-GB","@id":"https:\/\/skaitytaknyga.lt\/#\/schema\/logo\/image\/","url":"https:\/\/skaitytaknyga.lt\/wp-content\/uploads\/2024\/05\/cropped-cropped-cropped-02_00843_jt3bggkj1j3HLc7SyY6rEUpg.jpeg","contentUrl":"https:\/\/skaitytaknyga.lt\/wp-content\/uploads\/2024\/05\/cropped-cropped-cropped-02_00843_jt3bggkj1j3HLc7SyY6rEUpg.jpeg","width":1600,"height":1600,"caption":"skaitytaknyga.lt"},"image":{"@id":"https:\/\/skaitytaknyga.lt\/#\/schema\/logo\/image\/"},"sameAs":["https:\/\/www.facebook.com\/skaitytaknyga\/"]}]}},"_links":{"self":[{"href":"https:\/\/skaitytaknyga.lt\/en\/wp-json\/wp\/v2\/product\/14120","targetHints":{"allow":["GET"]}}],"collection":[{"href":"https:\/\/skaitytaknyga.lt\/en\/wp-json\/wp\/v2\/product"}],"about":[{"href":"https:\/\/skaitytaknyga.lt\/en\/wp-json\/wp\/v2\/types\/product"}],"replies":[{"embeddable":true,"href":"https:\/\/skaitytaknyga.lt\/en\/wp-json\/wp\/v2\/comments?post=14120"}],"wp:featuredmedia":[{"embeddable":true,"href":"https:\/\/skaitytaknyga.lt\/en\/wp-json\/wp\/v2\/media\/14160"}],"wp:attachment":[{"href":"https:\/\/skaitytaknyga.lt\/en\/wp-json\/wp\/v2\/media?parent=14120"}],"wp:term":[{"taxonomy":"product_brand","embeddable":true,"href":"https:\/\/skaitytaknyga.lt\/en\/wp-json\/wp\/v2\/product_brand?post=14120"},{"taxonomy":"product_cat","embeddable":true,"href":"https:\/\/skaitytaknyga.lt\/en\/wp-json\/wp\/v2\/product_cat?post=14120"},{"taxonomy":"product_tag","embeddable":true,"href":"https:\/\/skaitytaknyga.lt\/en\/wp-json\/wp\/v2\/product_tag?post=14120"}],"curies":[{"name":"wp","href":"https:\/\/api.w.org\/{rel}","templated":true}]}}