{"id":14119,"date":"2024-10-11T09:40:47","date_gmt":"2024-10-11T06:40:47","guid":{"rendered":"https:\/\/skaitytaknyga.lt\/?post_type=product&#038;p=14119"},"modified":"2025-05-13T09:10:42","modified_gmt":"2025-05-13T06:10:42","slug":"praktinis-daktaro-valerijaus-sinelnikovo-kursas-kaip-ismokti-save-myleti","status":"publish","type":"product","link":"https:\/\/skaitytaknyga.lt\/en\/produktas\/praktinis-daktaro-valerijaus-sinelnikovo-kursas-kaip-ismokti-save-myleti\/","title":{"rendered":"Praktinis Daktaro Valerijaus Sinelnikovo kursas Kaip i\u0161mokti save myl\u0117ti"},"content":{"rendered":"<div>\n<p>Gydytojo V. Sinelnikovo parengtas unikalus naujosios s\u0105mon\u0117s modelis, efektyvios autorin\u0117s metodikos ir strategijos pad\u0117s pad\u0117s jums pasiekti reali\u0173 rezultat\u0173 po to, kai \u017eingsnis po \u017eingsnio i\u0161eisite vis\u0105 praktin\u012f kurs\u0105 kartu su jo mokiniu ir pasek\u0117ju Sergejumi Slobod\u010dikovu.<\/p>\n<p>J\u016bs i\u0161moksite dirbti su pas\u0105mone, valdyti emocijas, atsisveikinsite su baim\u0117mis, stresais ir nusiminimu. I\u0161sivadav\u0119 i\u0161 nuoskaud\u0173 ir pavydo i\u0161moksite myl\u0117ti save. Suprasite savo artimuosius ir bendradarbius.<\/p>\n<p>Knyga para\u0161yta taip, lyg dalyvautum\u0117te seminaruose, kuriuos veda \u017einovas. J\u016bs lengvai \u012fsisavinsite \u012fg\u016bd\u017eius, jie atne\u0161 seniai laukt\u0105 pergal\u0119 prie\u0161 j\u016bs\u0173 negalias!<\/p>\n<p>V. V. Sinelnikov \u2013 \u012f\u017eymus praktikuojantis psichoterapeutas, psichologas, homeopatas, autorius unikali\u0173 psichologini\u0173 metodik\u0173, kurios milijonams \u017emoni\u0173 pad\u0117jo susigr\u0105\u017einti savo sveikat\u0105, padidinti gerov\u0119 ir pa\u017einti gyvenimo d\u017eiaugsm\u0105, pristato savo mokin\u012f ir pasek\u0117j\u0105 \u2013 gydytoj\u0105 Sergej\u0173 Slobod\u010dikov\u0105.<\/p>\n<\/div>\n","protected":false},"excerpt":{"rendered":"<p>Gydytojo V. Sinelnikovo parengtas unikalus naujosios s\u0105mon\u0117s modelis, efektyvios autorin\u0117s metodikos ir strategijos pad\u0117s pad\u0117s jums pasiekti reali\u0173 rezultat\u0173 po to, kai \u017eingsnis po \u017eingsnio i\u0161eisite vis\u0105 praktin\u012f kurs\u0105 kartu su jo mokiniu ir pasek\u0117ju Sergejumi Slobod\u010dikovu. J\u016bs i\u0161moksite dirbti su pas\u0105mone, valdyti emocijas, atsisveikinsite su baim\u0117mis, stresais ir nusiminimu. I\u0161sivadav\u0119 i\u0161 nuoskaud\u0173 ir pavydo i\u0161moksite myl\u0117ti save. Suprasite savo artimuosius ir bendradarbius. Knyga para\u0161yta taip, lyg dalyvautum\u0117te seminaruose, kuriuos veda \u017einovas. J\u016bs lengvai \u012fsisavinsite \u012fg\u016bd\u017eius, jie atne\u0161 seniai laukt\u0105 pergal\u0119 prie\u0161 j\u016bs\u0173 negalias! V. V. Sinelnikov \u2013 \u012f\u017eymus praktikuojantis psichoterapeutas, psichologas, homeopatas, autorius unikali\u0173 psichologini\u0173 metodik\u0173, kurios milijonams \u017emoni\u0173 pad\u0117jo susigr\u0105\u017einti savo sveikat\u0105, padidinti gerov\u0119 ir pa\u017einti gyvenimo d\u017eiaugsm\u0105, pristato savo mokin\u012f ir pasek\u0117j\u0105 \u2013 gydytoj\u0105 Sergej\u0173 Slobod\u010dikov\u0105.<\/p>\n","protected":false},"featured_media":14159,"comment_status":"open","ping_status":"closed","template":"","meta":{"_acf_changed":false,"site-sidebar-layout":"default","site-content-layout":"","ast-site-content-layout":"default","site-content-style":"default","site-sidebar-style":"default","ast-global-header-display":"","ast-banner-title-visibility":"","ast-main-header-display":"","ast-hfb-above-header-display":"","ast-hfb-below-header-display":"","ast-hfb-mobile-header-display":"","site-post-title":"","ast-breadcrumbs-content":"","ast-featured-img":"","footer-sml-layout":"","ast-disable-related-posts":"","theme-transparent-header-meta":"default","adv-header-id-meta":"","stick-header-meta":"","header-above-stick-meta":"","header-main-stick-meta":"","header-below-stick-meta":"","astra-migrate-meta-layouts":"set","ast-page-background-enabled":"default","ast-page-background-meta":{"desktop":{"background-color":"","background-image":"","background-repeat":"repeat","background-position":"center center","background-size":"auto","background-attachment":"scroll","background-type":"","background-media":"","overlay-type":"","overlay-color":"","overlay-opacity":"","overlay-gradient":""},"tablet":{"background-color":"","background-image":"","background-repeat":"repeat","background-position":"center center","background-size":"auto","background-attachment":"scroll","background-type":"","background-media":"","overlay-type":"","overlay-color":"","overlay-opacity":"","overlay-gradient":""},"mobile":{"background-color":"","background-image":"","background-repeat":"repeat","background-position":"center center","background-size":"auto","background-attachment":"scroll","background-type":"","background-media":"","overlay-type":"","overlay-color":"","overlay-opacity":"","overlay-gradient":""}},"ast-content-background-meta":{"desktop":{"background-color":"var(--ast-global-color-4)","background-image":"","background-repeat":"repeat","background-position":"center center","background-size":"auto","background-attachment":"scroll","background-type":"","background-media":"","overlay-type":"","overlay-color":"","overlay-opacity":"","overlay-gradient":""},"tablet":{"background-color":"var(--ast-global-color-4)","background-image":"","background-repeat":"repeat","background-position":"center center","background-size":"auto","background-attachment":"scroll","background-type":"","background-media":"","overlay-type":"","overlay-color":"","overlay-opacity":"","overlay-gradient":""},"mobile":{"background-color":"var(--ast-global-color-4)","background-image":"","background-repeat":"repeat","background-position":"center center","background-size":"auto","background-attachment":"scroll","background-type":"","background-media":"","overlay-type":"","overlay-color":"","overlay-opacity":"","overlay-gradient":""}}},"product_brand":[],"product_cat":[15,165],"product_tag":[],"class_list":{"0":"post-14119","1":"product","2":"type-product","3":"status-publish","4":"has-post-thumbnail","6":"product_cat-uncategorized","7":"product_cat-religija-filosofija-ir-ezoterika","8":"desktop-align-left","9":"tablet-align-left","10":"mobile-align-left","12":"first","13":"outofstock","14":"shipping-taxable","15":"purchasable","16":"product-type-simple"},"acf":[],"yoast_head":"<!-- This site is optimized with the Yoast SEO plugin v27.0 - https:\/\/yoast.com\/product\/yoast-seo-wordpress\/ -->\n<title>Praktinis Daktaro Valerijaus Sinelnikovo kursas Kaip i\u0161mokti save myl\u0117ti<\/title>\n<meta name=\"description\" content=\"Gydytojo V. Sinelnikovo parengtas unikalus naujosios s\u0105mon\u0117s modelis, efektyvios autorin\u0117s metodikos ir strategijos pad\u0117s pad\u0117s jums pasiekti reali\u0173\" \/>\n<meta name=\"robots\" content=\"index, follow, max-snippet:-1, max-image-preview:large, max-video-preview:-1\" \/>\n<link rel=\"canonical\" href=\"https:\/\/skaitytaknyga.lt\/en\/produktas\/praktinis-daktaro-valerijaus-sinelnikovo-kursas-kaip-ismokti-save-myleti\/\" \/>\n<meta property=\"og:locale\" content=\"en_GB\" \/>\n<meta property=\"og:locale:alternate\" content=\"lt_LT\" \/>\n<meta property=\"og:type\" content=\"article\" \/>\n<meta property=\"og:title\" content=\"Praktinis Daktaro Valerijaus Sinelnikovo kursas Kaip i\u0161mokti save myl\u0117ti\" \/>\n<meta property=\"og:description\" content=\"Gydytojo V. Sinelnikovo parengtas unikalus naujosios s\u0105mon\u0117s modelis, efektyvios autorin\u0117s metodikos ir strategijos pad\u0117s pad\u0117s jums pasiekti reali\u0173\" \/>\n<meta property=\"og:url\" content=\"https:\/\/skaitytaknyga.lt\/en\/produktas\/praktinis-daktaro-valerijaus-sinelnikovo-kursas-kaip-ismokti-save-myleti\/\" \/>\n<meta property=\"og:site_name\" content=\"Skaitytaknyga\" \/>\n<meta property=\"article:publisher\" content=\"https:\/\/www.facebook.com\/skaitytaknyga\/\" \/>\n<meta property=\"article:modified_time\" content=\"2025-05-13T06:10:42+00:00\" \/>\n<meta property=\"og:image\" content=\"https:\/\/skaitytaknyga.lt\/wp-content\/uploads\/2024\/10\/Kaip-ismokti-save-myleti.-Praktinis-daktaro-Valerijaus-Sinelnikovo-kursas-e1728721890830.webp\" \/>\n\t<meta property=\"og:image:width\" content=\"480\" \/>\n\t<meta property=\"og:image:height\" content=\"722\" \/>\n\t<meta property=\"og:image:type\" content=\"image\/webp\" \/>\n<meta name=\"twitter:card\" content=\"summary_large_image\" \/>\n<meta name=\"twitter:label1\" content=\"Estimated reading time\" \/>\n\t<meta name=\"twitter:data1\" content=\"1 minute\" \/>\n<script type=\"application\/ld+json\" class=\"yoast-schema-graph\">{\"@context\":\"https:\/\/schema.org\",\"@graph\":[{\"@type\":\"WebPage\",\"@id\":\"https:\/\/skaitytaknyga.lt\/produktas\/praktinis-daktaro-valerijaus-sinelnikovo-kursas-kaip-ismokti-save-myleti\/\",\"url\":\"https:\/\/skaitytaknyga.lt\/produktas\/praktinis-daktaro-valerijaus-sinelnikovo-kursas-kaip-ismokti-save-myleti\/\",\"name\":\"Praktinis Daktaro Valerijaus Sinelnikovo kursas Kaip i\u0161mokti save myl\u0117ti\",\"isPartOf\":{\"@id\":\"https:\/\/skaitytaknyga.lt\/#website\"},\"primaryImageOfPage\":{\"@id\":\"https:\/\/skaitytaknyga.lt\/produktas\/praktinis-daktaro-valerijaus-sinelnikovo-kursas-kaip-ismokti-save-myleti\/#primaryimage\"},\"image\":{\"@id\":\"https:\/\/skaitytaknyga.lt\/produktas\/praktinis-daktaro-valerijaus-sinelnikovo-kursas-kaip-ismokti-save-myleti\/#primaryimage\"},\"thumbnailUrl\":\"https:\/\/skaitytaknyga.lt\/wp-content\/uploads\/2024\/10\/Kaip-ismokti-save-myleti.-Praktinis-daktaro-Valerijaus-Sinelnikovo-kursas-e1728721890830.webp\",\"datePublished\":\"2024-10-11T06:40:47+00:00\",\"dateModified\":\"2025-05-13T06:10:42+00:00\",\"description\":\"Gydytojo V. Sinelnikovo parengtas unikalus naujosios s\u0105mon\u0117s modelis, efektyvios autorin\u0117s metodikos ir strategijos pad\u0117s pad\u0117s jums pasiekti reali\u0173\",\"breadcrumb\":{\"@id\":\"https:\/\/skaitytaknyga.lt\/produktas\/praktinis-daktaro-valerijaus-sinelnikovo-kursas-kaip-ismokti-save-myleti\/#breadcrumb\"},\"inLanguage\":\"en-GB\",\"potentialAction\":[{\"@type\":\"ReadAction\",\"target\":[\"https:\/\/skaitytaknyga.lt\/produktas\/praktinis-daktaro-valerijaus-sinelnikovo-kursas-kaip-ismokti-save-myleti\/\"]}]},{\"@type\":\"ImageObject\",\"inLanguage\":\"en-GB\",\"@id\":\"https:\/\/skaitytaknyga.lt\/produktas\/praktinis-daktaro-valerijaus-sinelnikovo-kursas-kaip-ismokti-save-myleti\/#primaryimage\",\"url\":\"https:\/\/skaitytaknyga.lt\/wp-content\/uploads\/2024\/10\/Kaip-ismokti-save-myleti.-Praktinis-daktaro-Valerijaus-Sinelnikovo-kursas-e1728721890830.webp\",\"contentUrl\":\"https:\/\/skaitytaknyga.lt\/wp-content\/uploads\/2024\/10\/Kaip-ismokti-save-myleti.-Praktinis-daktaro-Valerijaus-Sinelnikovo-kursas-e1728721890830.webp\",\"width\":480,\"height\":722,\"caption\":\"Praktinis Daktaro Valerijaus Sinelnikovo kursas Kaip i\u0161mokti save myl\u0117ti\"},{\"@type\":\"BreadcrumbList\",\"@id\":\"https:\/\/skaitytaknyga.lt\/produktas\/praktinis-daktaro-valerijaus-sinelnikovo-kursas-kaip-ismokti-save-myleti\/#breadcrumb\",\"itemListElement\":[{\"@type\":\"ListItem\",\"position\":1,\"name\":\"Home\",\"item\":\"https:\/\/skaitytaknyga.lt\/\"},{\"@type\":\"ListItem\",\"position\":2,\"name\":\"Parduotuv\u0117\",\"item\":\"https:\/\/skaitytaknyga.lt\/knygu-parduotuve\/\"},{\"@type\":\"ListItem\",\"position\":3,\"name\":\"Praktinis Daktaro Valerijaus Sinelnikovo kursas Kaip i\u0161mokti save myl\u0117ti\"}]},{\"@type\":\"WebSite\",\"@id\":\"https:\/\/skaitytaknyga.lt\/#website\",\"url\":\"https:\/\/skaitytaknyga.lt\/\",\"name\":\"skaitytaknyga.lt\",\"description\":\"Skaitytaknyga.lt \u2013 tai ma\u017eas \u0161eimos verslas, kuris prasid\u0117jo nuo meil\u0117s knygoms ir siekio i\u0161gelb\u0117ti knygas nuo likimo prie konteinerio. Kas vienam nereikalingas daiktas \u2013 kitam lobis, o mes esame tarpininkai, kurie padeda abiems tapti laimingesniems ???? \u017dinome kaip nelengva i\u0161gyventi ma\u017eiems verslams, tad nuo \u0161iol, \u010dia rasite ir kit\u0173, ma\u017e\u0173 \u0161eim\u0173 versl\u0173, rank\u0173 darbo, dovan\u0173 sau ir artimiesiems.\",\"publisher\":{\"@id\":\"https:\/\/skaitytaknyga.lt\/#organization\"},\"potentialAction\":[{\"@type\":\"SearchAction\",\"target\":{\"@type\":\"EntryPoint\",\"urlTemplate\":\"https:\/\/skaitytaknyga.lt\/?s={search_term_string}\"},\"query-input\":{\"@type\":\"PropertyValueSpecification\",\"valueRequired\":true,\"valueName\":\"search_term_string\"}}],\"inLanguage\":\"en-GB\"},{\"@type\":\"Organization\",\"@id\":\"https:\/\/skaitytaknyga.lt\/#organization\",\"name\":\"skaitytaknyga.lt\",\"url\":\"https:\/\/skaitytaknyga.lt\/\",\"logo\":{\"@type\":\"ImageObject\",\"inLanguage\":\"en-GB\",\"@id\":\"https:\/\/skaitytaknyga.lt\/#\/schema\/logo\/image\/\",\"url\":\"https:\/\/skaitytaknyga.lt\/wp-content\/uploads\/2024\/05\/cropped-cropped-cropped-02_00843_jt3bggkj1j3HLc7SyY6rEUpg.jpeg\",\"contentUrl\":\"https:\/\/skaitytaknyga.lt\/wp-content\/uploads\/2024\/05\/cropped-cropped-cropped-02_00843_jt3bggkj1j3HLc7SyY6rEUpg.jpeg\",\"width\":1600,\"height\":1600,\"caption\":\"skaitytaknyga.lt\"},\"image\":{\"@id\":\"https:\/\/skaitytaknyga.lt\/#\/schema\/logo\/image\/\"},\"sameAs\":[\"https:\/\/www.facebook.com\/skaitytaknyga\/\"]}]}<\/script>\n<!-- \/ Yoast SEO plugin. -->","yoast_head_json":{"title":"Praktinis Daktaro Valerijaus Sinelnikovo kursas Kaip i\u0161mokti save myl\u0117ti","description":"Gydytojo V. Sinelnikovo parengtas unikalus naujosios s\u0105mon\u0117s modelis, efektyvios autorin\u0117s metodikos ir strategijos pad\u0117s pad\u0117s jums pasiekti reali\u0173","robots":{"index":"index","follow":"follow","max-snippet":"max-snippet:-1","max-image-preview":"max-image-preview:large","max-video-preview":"max-video-preview:-1"},"canonical":"https:\/\/skaitytaknyga.lt\/en\/produktas\/praktinis-daktaro-valerijaus-sinelnikovo-kursas-kaip-ismokti-save-myleti\/","og_locale":"en_GB","og_type":"article","og_title":"[:lt]Praktinis Daktaro Valerijaus Sinelnikovo kursas Kaip i\u0161mokti save myl\u0117ti[:] - Skaitytaknyga","og_description":"Gydytojo V. Sinelnikovo parengtas unikalus naujosios s\u0105mon\u0117s modelis, efektyvios autorin\u0117s metodikos ir strategijos pad\u0117s pad\u0117s jums pasiekti reali\u0173","og_url":"https:\/\/skaitytaknyga.lt\/en\/produktas\/praktinis-daktaro-valerijaus-sinelnikovo-kursas-kaip-ismokti-save-myleti\/","og_site_name":"Skaitytaknyga","article_publisher":"https:\/\/www.facebook.com\/skaitytaknyga\/","article_modified_time":"2025-05-13T06:10:42+00:00","og_image":[{"width":480,"height":722,"url":"https:\/\/skaitytaknyga.lt\/wp-content\/uploads\/2024\/10\/Kaip-ismokti-save-myleti.-Praktinis-daktaro-Valerijaus-Sinelnikovo-kursas-e1728721890830.webp","type":"image\/webp"}],"twitter_card":"summary_large_image","twitter_misc":{"Estimated reading time":"1 minute"},"schema":{"@context":"https:\/\/schema.org","@graph":[{"@type":"WebPage","@id":"https:\/\/skaitytaknyga.lt\/produktas\/praktinis-daktaro-valerijaus-sinelnikovo-kursas-kaip-ismokti-save-myleti\/","url":"https:\/\/skaitytaknyga.lt\/produktas\/praktinis-daktaro-valerijaus-sinelnikovo-kursas-kaip-ismokti-save-myleti\/","name":"Praktinis Daktaro Valerijaus Sinelnikovo kursas Kaip i\u0161mokti save myl\u0117ti","isPartOf":{"@id":"https:\/\/skaitytaknyga.lt\/#website"},"primaryImageOfPage":{"@id":"https:\/\/skaitytaknyga.lt\/produktas\/praktinis-daktaro-valerijaus-sinelnikovo-kursas-kaip-ismokti-save-myleti\/#primaryimage"},"image":{"@id":"https:\/\/skaitytaknyga.lt\/produktas\/praktinis-daktaro-valerijaus-sinelnikovo-kursas-kaip-ismokti-save-myleti\/#primaryimage"},"thumbnailUrl":"https:\/\/skaitytaknyga.lt\/wp-content\/uploads\/2024\/10\/Kaip-ismokti-save-myleti.-Praktinis-daktaro-Valerijaus-Sinelnikovo-kursas-e1728721890830.webp","datePublished":"2024-10-11T06:40:47+00:00","dateModified":"2025-05-13T06:10:42+00:00","description":"Gydytojo V. Sinelnikovo parengtas unikalus naujosios s\u0105mon\u0117s modelis, efektyvios autorin\u0117s metodikos ir strategijos pad\u0117s pad\u0117s jums pasiekti reali\u0173","breadcrumb":{"@id":"https:\/\/skaitytaknyga.lt\/produktas\/praktinis-daktaro-valerijaus-sinelnikovo-kursas-kaip-ismokti-save-myleti\/#breadcrumb"},"inLanguage":"en-GB","potentialAction":[{"@type":"ReadAction","target":["https:\/\/skaitytaknyga.lt\/produktas\/praktinis-daktaro-valerijaus-sinelnikovo-kursas-kaip-ismokti-save-myleti\/"]}]},{"@type":"ImageObject","inLanguage":"en-GB","@id":"https:\/\/skaitytaknyga.lt\/produktas\/praktinis-daktaro-valerijaus-sinelnikovo-kursas-kaip-ismokti-save-myleti\/#primaryimage","url":"https:\/\/skaitytaknyga.lt\/wp-content\/uploads\/2024\/10\/Kaip-ismokti-save-myleti.-Praktinis-daktaro-Valerijaus-Sinelnikovo-kursas-e1728721890830.webp","contentUrl":"https:\/\/skaitytaknyga.lt\/wp-content\/uploads\/2024\/10\/Kaip-ismokti-save-myleti.-Praktinis-daktaro-Valerijaus-Sinelnikovo-kursas-e1728721890830.webp","width":480,"height":722,"caption":"Praktinis Daktaro Valerijaus Sinelnikovo kursas Kaip i\u0161mokti save myl\u0117ti"},{"@type":"BreadcrumbList","@id":"https:\/\/skaitytaknyga.lt\/produktas\/praktinis-daktaro-valerijaus-sinelnikovo-kursas-kaip-ismokti-save-myleti\/#breadcrumb","itemListElement":[{"@type":"ListItem","position":1,"name":"Home","item":"https:\/\/skaitytaknyga.lt\/"},{"@type":"ListItem","position":2,"name":"Parduotuv\u0117","item":"https:\/\/skaitytaknyga.lt\/knygu-parduotuve\/"},{"@type":"ListItem","position":3,"name":"Praktinis Daktaro Valerijaus Sinelnikovo kursas Kaip i\u0161mokti save myl\u0117ti"}]},{"@type":"WebSite","@id":"https:\/\/skaitytaknyga.lt\/#website","url":"https:\/\/skaitytaknyga.lt\/","name":"skaitytaknyga.lt","description":"Skaitytaknyga.lt \u2013 tai ma\u017eas \u0161eimos verslas, kuris prasid\u0117jo nuo meil\u0117s knygoms ir siekio i\u0161gelb\u0117ti knygas nuo likimo prie konteinerio. Kas vienam nereikalingas daiktas \u2013 kitam lobis, o mes esame tarpininkai, kurie padeda abiems tapti laimingesniems ???? \u017dinome kaip nelengva i\u0161gyventi ma\u017eiems verslams, tad nuo \u0161iol, \u010dia rasite ir kit\u0173, ma\u017e\u0173 \u0161eim\u0173 versl\u0173, rank\u0173 darbo, dovan\u0173 sau ir artimiesiems.","publisher":{"@id":"https:\/\/skaitytaknyga.lt\/#organization"},"potentialAction":[{"@type":"SearchAction","target":{"@type":"EntryPoint","urlTemplate":"https:\/\/skaitytaknyga.lt\/?s={search_term_string}"},"query-input":{"@type":"PropertyValueSpecification","valueRequired":true,"valueName":"search_term_string"}}],"inLanguage":"en-GB"},{"@type":"Organization","@id":"https:\/\/skaitytaknyga.lt\/#organization","name":"skaitytaknyga.lt","url":"https:\/\/skaitytaknyga.lt\/","logo":{"@type":"ImageObject","inLanguage":"en-GB","@id":"https:\/\/skaitytaknyga.lt\/#\/schema\/logo\/image\/","url":"https:\/\/skaitytaknyga.lt\/wp-content\/uploads\/2024\/05\/cropped-cropped-cropped-02_00843_jt3bggkj1j3HLc7SyY6rEUpg.jpeg","contentUrl":"https:\/\/skaitytaknyga.lt\/wp-content\/uploads\/2024\/05\/cropped-cropped-cropped-02_00843_jt3bggkj1j3HLc7SyY6rEUpg.jpeg","width":1600,"height":1600,"caption":"skaitytaknyga.lt"},"image":{"@id":"https:\/\/skaitytaknyga.lt\/#\/schema\/logo\/image\/"},"sameAs":["https:\/\/www.facebook.com\/skaitytaknyga\/"]}]}},"_links":{"self":[{"href":"https:\/\/skaitytaknyga.lt\/en\/wp-json\/wp\/v2\/product\/14119","targetHints":{"allow":["GET"]}}],"collection":[{"href":"https:\/\/skaitytaknyga.lt\/en\/wp-json\/wp\/v2\/product"}],"about":[{"href":"https:\/\/skaitytaknyga.lt\/en\/wp-json\/wp\/v2\/types\/product"}],"replies":[{"embeddable":true,"href":"https:\/\/skaitytaknyga.lt\/en\/wp-json\/wp\/v2\/comments?post=14119"}],"wp:featuredmedia":[{"embeddable":true,"href":"https:\/\/skaitytaknyga.lt\/en\/wp-json\/wp\/v2\/media\/14159"}],"wp:attachment":[{"href":"https:\/\/skaitytaknyga.lt\/en\/wp-json\/wp\/v2\/media?parent=14119"}],"wp:term":[{"taxonomy":"product_brand","embeddable":true,"href":"https:\/\/skaitytaknyga.lt\/en\/wp-json\/wp\/v2\/product_brand?post=14119"},{"taxonomy":"product_cat","embeddable":true,"href":"https:\/\/skaitytaknyga.lt\/en\/wp-json\/wp\/v2\/product_cat?post=14119"},{"taxonomy":"product_tag","embeddable":true,"href":"https:\/\/skaitytaknyga.lt\/en\/wp-json\/wp\/v2\/product_tag?post=14119"}],"curies":[{"name":"wp","href":"https:\/\/api.w.org\/{rel}","templated":true}]}}