{"id":14072,"date":"2024-09-28T15:18:37","date_gmt":"2024-09-28T12:18:37","guid":{"rendered":"https:\/\/skaitytaknyga.lt\/?post_type=product&#038;p=14072"},"modified":"2025-07-12T11:57:23","modified_gmt":"2025-07-12T08:57:23","slug":"jens-christian-grondahl-spalio-tylejimas","status":"publish","type":"product","link":"https:\/\/skaitytaknyga.lt\/en\/produktas\/jens-christian-grondahl-spalio-tylejimas\/","title":{"rendered":"Jens Christian Gr\u00f8ndahl \u201eSpalio tyl\u0117jimas\u201c"},"content":{"rendered":"<p>Vieno populiariausi\u0173 \u0161iuolaikini\u0173 Danijos ra\u0161ytoj\u0173 romanas, sulauk\u0119s didelio skaitytoj\u0173 ir kritik\u0173 pripa\u017einimo visame pasaulyje.<\/p>\n<p>Tai stiprus, sukre\u010diantis pasakojimas apie vienatv\u0119 dviese \u2013 toks nepaprastas, kad galb\u016bt pakeis j\u016bs\u0173 po\u017ei\u016br\u012f \u012f gyvenim\u0105.<\/p>\n<p>&#8230;Po a\u0161tuoniolika met\u0173 trukusios santuokos bevard\u012f knygos pasakotoj\u0105, talenting\u0105 ir \u017eav\u0173 meno kritik\u0105, netarusi n\u0117 \u017eod\u017eio palieka \u017emona Astrida. O jis net nesugeba i\u0161siai\u0161kinti, kod\u0117l ir kur ji i\u0161va\u017eiuoja.<\/p>\n<p>Toks jos \u017eingsnis priver\u010dia j\u012f perkratyti vis\u0105 gyvenim\u0105: santykius su \u017emona, t\u0117vais, draugais, buvusiomis meilu\u017e\u0117mis ir \u2013 gal svarbiausia \u2013 su pa\u010diu savimi.<\/p>\n<p>Kas i\u0161 ties\u0173 jam buvo Astrida \u2013 tikroji meil\u0117 ar tik tarpstot\u0117 tarp kit\u0173 dviej\u0173 moter\u0173?<\/p>\n<p>Ar viskas buvo tik atsitiktinumai? Ir kaip susivokti savyje?<\/p>\n<p>Panaudodamas visa apiman\u010di\u0105 tylos ir tyl\u0117jimo metafor\u0105, Jensas Christianas Gr\u00f8ndahlis jaudinamai, su grak\u0161\u010dia ir negailestinga autoironija atskleid\u017eia asmenyb\u0117s tapatumo paie\u0161kas, XX a. pabaigos dan\u0173 inteligentijos susvetim\u0117jim\u0105.<\/p>\n<p>\u201eXX a. pabaigos literat\u016bros vir\u0161\u016bn\u0117.\u201c<\/p>\n<ul class=\"about-product d-none d-xl-block mt-4\">\n<li><strong>Originalus pavadinimas:<\/strong>\u00a0Tavshed i Oktober<\/li>\n<li><strong>Autorius:<\/strong>\u00a0Jens Christian Gr\u00f8ndahl<\/li>\n<li><strong>Leid\u0117jas:<\/strong>\u00a0Alma littera<\/li>\n<li><strong>Metai:<\/strong>\u00a02013<\/li>\n<li><strong>Puslapiai:<\/strong>\u00a0240<\/li>\n<li><strong>ISBN:<\/strong>\u00a09786090111291<\/li>\n<li><strong>Versijos kodas:<\/strong>\u00a0PT.<\/li>\n<li><strong>Formatas:<\/strong>\u00a015 x 24,2 cm, kieti vir\u0161eliai<\/li>\n<li><strong>Kalba:<\/strong>\u00a0Lietuvi\u0173<\/li>\n<li><strong>Vert\u0117jas:<\/strong>\u00a0Zita Marien\u0117<\/li>\n<\/ul>\n","protected":false},"excerpt":{"rendered":"<p>Vieno populiariausi\u0173 \u0161iuolaikini\u0173 Danijos ra\u0161ytoj\u0173 romanas, sulauk\u0119s didelio skaitytoj\u0173 ir kritik\u0173 pripa\u017einimo visame pasaulyje. Tai stiprus, sukre\u010diantis pasakojimas apie vienatv\u0119 dviese \u2013 toks nepaprastas, kad galb\u016bt pakeis j\u016bs\u0173 po\u017ei\u016br\u012f \u012f gyvenim\u0105. &#8230;Po a\u0161tuoniolika met\u0173 trukusios santuokos bevard\u012f knygos pasakotoj\u0105, talenting\u0105 ir \u017eav\u0173 meno kritik\u0105, netarusi n\u0117 \u017eod\u017eio palieka \u017emona Astrida. O jis net nesugeba i\u0161siai\u0161kinti, kod\u0117l ir kur ji i\u0161va\u017eiuoja. Toks jos \u017eingsnis priver\u010dia j\u012f perkratyti vis\u0105 gyvenim\u0105: santykius su \u017emona, t\u0117vais, draugais, buvusiomis meilu\u017e\u0117mis ir \u2013 gal svarbiausia \u2013 su pa\u010diu savimi. Kas i\u0161 ties\u0173 jam buvo Astrida \u2013 tikroji meil\u0117 ar tik tarpstot\u0117 tarp kit\u0173 dviej\u0173 moter\u0173? Ar viskas buvo tik atsitiktinumai? Ir kaip susivokti savyje? Panaudodamas visa apiman\u010di\u0105 tylos ir tyl\u0117jimo metafor\u0105, Jensas Christianas Gr\u00f8ndahlis jaudinamai, su grak\u0161\u010dia ir negailestinga autoironija atskleid\u017eia asmenyb\u0117s tapatumo paie\u0161kas, XX a. pabaigos dan\u0173 inteligentijos susvetim\u0117jim\u0105. \u201eXX a. pabaigos literat\u016bros vir\u0161\u016bn\u0117.\u201c Originalus pavadinimas:\u00a0Tavshed i Oktober Autorius:\u00a0Jens Christian Gr\u00f8ndahl Leid\u0117jas:\u00a0Alma littera Metai:\u00a02013 Puslapiai:\u00a0240 ISBN:\u00a09786090111291 Versijos kodas:\u00a0PT. Formatas:\u00a015 x 24,2 cm, kieti vir\u0161eliai Kalba:\u00a0Lietuvi\u0173 Vert\u0117jas:\u00a0Zita Marien\u0117<\/p>\n","protected":false},"featured_media":14077,"comment_status":"open","ping_status":"closed","template":"","meta":{"_acf_changed":false,"site-sidebar-layout":"default","site-content-layout":"","ast-site-content-layout":"default","site-content-style":"default","site-sidebar-style":"default","ast-global-header-display":"","ast-banner-title-visibility":"","ast-main-header-display":"","ast-hfb-above-header-display":"","ast-hfb-below-header-display":"","ast-hfb-mobile-header-display":"","site-post-title":"","ast-breadcrumbs-content":"","ast-featured-img":"","footer-sml-layout":"","ast-disable-related-posts":"","theme-transparent-header-meta":"default","adv-header-id-meta":"","stick-header-meta":"","header-above-stick-meta":"","header-main-stick-meta":"","header-below-stick-meta":"","astra-migrate-meta-layouts":"set","ast-page-background-enabled":"default","ast-page-background-meta":{"desktop":{"background-color":"","background-image":"","background-repeat":"repeat","background-position":"center center","background-size":"auto","background-attachment":"scroll","background-type":"","background-media":"","overlay-type":"","overlay-color":"","overlay-opacity":"","overlay-gradient":""},"tablet":{"background-color":"","background-image":"","background-repeat":"repeat","background-position":"center center","background-size":"auto","background-attachment":"scroll","background-type":"","background-media":"","overlay-type":"","overlay-color":"","overlay-opacity":"","overlay-gradient":""},"mobile":{"background-color":"","background-image":"","background-repeat":"repeat","background-position":"center center","background-size":"auto","background-attachment":"scroll","background-type":"","background-media":"","overlay-type":"","overlay-color":"","overlay-opacity":"","overlay-gradient":""}},"ast-content-background-meta":{"desktop":{"background-color":"var(--ast-global-color-4)","background-image":"","background-repeat":"repeat","background-position":"center center","background-size":"auto","background-attachment":"scroll","background-type":"","background-media":"","overlay-type":"","overlay-color":"","overlay-opacity":"","overlay-gradient":""},"tablet":{"background-color":"var(--ast-global-color-4)","background-image":"","background-repeat":"repeat","background-position":"center center","background-size":"auto","background-attachment":"scroll","background-type":"","background-media":"","overlay-type":"","overlay-color":"","overlay-opacity":"","overlay-gradient":""},"mobile":{"background-color":"var(--ast-global-color-4)","background-image":"","background-repeat":"repeat","background-position":"center center","background-size":"auto","background-attachment":"scroll","background-type":"","background-media":"","overlay-type":"","overlay-color":"","overlay-opacity":"","overlay-gradient":""}}},"product_brand":[],"product_cat":[31,15],"product_tag":[],"class_list":{"0":"post-14072","1":"product","2":"type-product","3":"status-publish","4":"has-post-thumbnail","6":"product_cat-grozine-literatura","7":"product_cat-uncategorized","8":"desktop-align-left","9":"tablet-align-left","10":"mobile-align-left","12":"first","13":"outofstock","14":"shipping-taxable","15":"purchasable","16":"product-type-simple"},"acf":[],"yoast_head":"<!-- This site is optimized with the Yoast SEO plugin v27.0 - https:\/\/yoast.com\/product\/yoast-seo-wordpress\/ -->\n<title>Jens Christian Gr\u00f8ndahl \u201eSpalio tyl\u0117jimas\u201c<\/title>\n<meta name=\"description\" content=\"Vieno populiariausi\u0173 \u0161iuolaikini\u0173 Danijos ra\u0161ytoj\u0173 romanas, sulauk\u0119s didelio skaitytoj\u0173 ir kritik\u0173 pripa\u017einimo visame pasaulyje. Tai stiprus, sukre\u010diantis\" \/>\n<meta name=\"robots\" content=\"index, follow, max-snippet:-1, max-image-preview:large, max-video-preview:-1\" \/>\n<link rel=\"canonical\" href=\"https:\/\/skaitytaknyga.lt\/en\/produktas\/jens-christian-grondahl-spalio-tylejimas\/\" \/>\n<meta property=\"og:locale\" content=\"en_GB\" \/>\n<meta property=\"og:locale:alternate\" content=\"lt_LT\" \/>\n<meta property=\"og:type\" content=\"article\" \/>\n<meta property=\"og:title\" content=\"Jens Christian Gr\u00f8ndahl \u201eSpalio tyl\u0117jimas\u201c\" \/>\n<meta property=\"og:description\" content=\"Vieno populiariausi\u0173 \u0161iuolaikini\u0173 Danijos ra\u0161ytoj\u0173 romanas, sulauk\u0119s didelio skaitytoj\u0173 ir kritik\u0173 pripa\u017einimo visame pasaulyje. Tai stiprus, sukre\u010diantis\" \/>\n<meta property=\"og:url\" content=\"https:\/\/skaitytaknyga.lt\/en\/produktas\/jens-christian-grondahl-spalio-tylejimas\/\" \/>\n<meta property=\"og:site_name\" content=\"Skaitytaknyga\" \/>\n<meta property=\"article:publisher\" content=\"https:\/\/www.facebook.com\/skaitytaknyga\/\" \/>\n<meta property=\"article:modified_time\" content=\"2025-07-12T08:57:23+00:00\" \/>\n<meta property=\"og:image\" content=\"https:\/\/skaitytaknyga.lt\/wp-content\/uploads\/2024\/09\/1462878781_cdbspalio-tylejimasz1.webp\" \/>\n\t<meta property=\"og:image:width\" content=\"458\" \/>\n\t<meta property=\"og:image:height\" content=\"750\" \/>\n\t<meta property=\"og:image:type\" content=\"image\/webp\" \/>\n<meta name=\"twitter:card\" content=\"summary_large_image\" \/>\n<meta name=\"twitter:label1\" content=\"Estimated reading time\" \/>\n\t<meta name=\"twitter:data1\" content=\"2 minutes\" \/>\n<script type=\"application\/ld+json\" class=\"yoast-schema-graph\">{\"@context\":\"https:\/\/schema.org\",\"@graph\":[{\"@type\":\"WebPage\",\"@id\":\"https:\/\/skaitytaknyga.lt\/produktas\/jens-christian-grondahl-spalio-tylejimas\/\",\"url\":\"https:\/\/skaitytaknyga.lt\/produktas\/jens-christian-grondahl-spalio-tylejimas\/\",\"name\":\"Jens Christian Gr\u00f8ndahl \u201eSpalio tyl\u0117jimas\u201c\",\"isPartOf\":{\"@id\":\"https:\/\/skaitytaknyga.lt\/#website\"},\"primaryImageOfPage\":{\"@id\":\"https:\/\/skaitytaknyga.lt\/produktas\/jens-christian-grondahl-spalio-tylejimas\/#primaryimage\"},\"image\":{\"@id\":\"https:\/\/skaitytaknyga.lt\/produktas\/jens-christian-grondahl-spalio-tylejimas\/#primaryimage\"},\"thumbnailUrl\":\"https:\/\/skaitytaknyga.lt\/wp-content\/uploads\/2024\/09\/1462878781_cdbspalio-tylejimasz1.webp\",\"datePublished\":\"2024-09-28T12:18:37+00:00\",\"dateModified\":\"2025-07-12T08:57:23+00:00\",\"description\":\"Vieno populiariausi\u0173 \u0161iuolaikini\u0173 Danijos ra\u0161ytoj\u0173 romanas, sulauk\u0119s didelio skaitytoj\u0173 ir kritik\u0173 pripa\u017einimo visame pasaulyje. Tai stiprus, sukre\u010diantis\",\"breadcrumb\":{\"@id\":\"https:\/\/skaitytaknyga.lt\/produktas\/jens-christian-grondahl-spalio-tylejimas\/#breadcrumb\"},\"inLanguage\":\"en-GB\",\"potentialAction\":[{\"@type\":\"ReadAction\",\"target\":[\"https:\/\/skaitytaknyga.lt\/produktas\/jens-christian-grondahl-spalio-tylejimas\/\"]}]},{\"@type\":\"ImageObject\",\"inLanguage\":\"en-GB\",\"@id\":\"https:\/\/skaitytaknyga.lt\/produktas\/jens-christian-grondahl-spalio-tylejimas\/#primaryimage\",\"url\":\"https:\/\/skaitytaknyga.lt\/wp-content\/uploads\/2024\/09\/1462878781_cdbspalio-tylejimasz1.webp\",\"contentUrl\":\"https:\/\/skaitytaknyga.lt\/wp-content\/uploads\/2024\/09\/1462878781_cdbspalio-tylejimasz1.webp\",\"width\":458,\"height\":750,\"caption\":\"Jens Christian Gr\u00f8ndahl \u201eSpalio tyl\u0117jimas\u201c\"},{\"@type\":\"BreadcrumbList\",\"@id\":\"https:\/\/skaitytaknyga.lt\/produktas\/jens-christian-grondahl-spalio-tylejimas\/#breadcrumb\",\"itemListElement\":[{\"@type\":\"ListItem\",\"position\":1,\"name\":\"Home\",\"item\":\"https:\/\/skaitytaknyga.lt\/\"},{\"@type\":\"ListItem\",\"position\":2,\"name\":\"Parduotuv\u0117\",\"item\":\"https:\/\/skaitytaknyga.lt\/knygu-parduotuve\/\"},{\"@type\":\"ListItem\",\"position\":3,\"name\":\"Jens Christian Gr\u00f8ndahl \u201eSpalio tyl\u0117jimas\u201c\"}]},{\"@type\":\"WebSite\",\"@id\":\"https:\/\/skaitytaknyga.lt\/#website\",\"url\":\"https:\/\/skaitytaknyga.lt\/\",\"name\":\"skaitytaknyga.lt\",\"description\":\"Skaitytaknyga.lt \u2013 tai ma\u017eas \u0161eimos verslas, kuris prasid\u0117jo nuo meil\u0117s knygoms ir siekio i\u0161gelb\u0117ti knygas nuo likimo prie konteinerio. Kas vienam nereikalingas daiktas \u2013 kitam lobis, o mes esame tarpininkai, kurie padeda abiems tapti laimingesniems ???? \u017dinome kaip nelengva i\u0161gyventi ma\u017eiems verslams, tad nuo \u0161iol, \u010dia rasite ir kit\u0173, ma\u017e\u0173 \u0161eim\u0173 versl\u0173, rank\u0173 darbo, dovan\u0173 sau ir artimiesiems.\",\"publisher\":{\"@id\":\"https:\/\/skaitytaknyga.lt\/#organization\"},\"potentialAction\":[{\"@type\":\"SearchAction\",\"target\":{\"@type\":\"EntryPoint\",\"urlTemplate\":\"https:\/\/skaitytaknyga.lt\/?s={search_term_string}\"},\"query-input\":{\"@type\":\"PropertyValueSpecification\",\"valueRequired\":true,\"valueName\":\"search_term_string\"}}],\"inLanguage\":\"en-GB\"},{\"@type\":\"Organization\",\"@id\":\"https:\/\/skaitytaknyga.lt\/#organization\",\"name\":\"skaitytaknyga.lt\",\"url\":\"https:\/\/skaitytaknyga.lt\/\",\"logo\":{\"@type\":\"ImageObject\",\"inLanguage\":\"en-GB\",\"@id\":\"https:\/\/skaitytaknyga.lt\/#\/schema\/logo\/image\/\",\"url\":\"https:\/\/skaitytaknyga.lt\/wp-content\/uploads\/2024\/05\/cropped-cropped-cropped-02_00843_jt3bggkj1j3HLc7SyY6rEUpg.jpeg\",\"contentUrl\":\"https:\/\/skaitytaknyga.lt\/wp-content\/uploads\/2024\/05\/cropped-cropped-cropped-02_00843_jt3bggkj1j3HLc7SyY6rEUpg.jpeg\",\"width\":1600,\"height\":1600,\"caption\":\"skaitytaknyga.lt\"},\"image\":{\"@id\":\"https:\/\/skaitytaknyga.lt\/#\/schema\/logo\/image\/\"},\"sameAs\":[\"https:\/\/www.facebook.com\/skaitytaknyga\/\"]}]}<\/script>\n<!-- \/ Yoast SEO plugin. -->","yoast_head_json":{"title":"Jens Christian Gr\u00f8ndahl \u201eSpalio tyl\u0117jimas\u201c","description":"Vieno populiariausi\u0173 \u0161iuolaikini\u0173 Danijos ra\u0161ytoj\u0173 romanas, sulauk\u0119s didelio skaitytoj\u0173 ir kritik\u0173 pripa\u017einimo visame pasaulyje. Tai stiprus, sukre\u010diantis","robots":{"index":"index","follow":"follow","max-snippet":"max-snippet:-1","max-image-preview":"max-image-preview:large","max-video-preview":"max-video-preview:-1"},"canonical":"https:\/\/skaitytaknyga.lt\/en\/produktas\/jens-christian-grondahl-spalio-tylejimas\/","og_locale":"en_GB","og_type":"article","og_title":"[:lt]Jens Christian Gr\u00f8ndahl \u201eSpalio tyl\u0117jimas\u201c[:] - Skaitytaknyga","og_description":"Vieno populiariausi\u0173 \u0161iuolaikini\u0173 Danijos ra\u0161ytoj\u0173 romanas, sulauk\u0119s didelio skaitytoj\u0173 ir kritik\u0173 pripa\u017einimo visame pasaulyje. Tai stiprus, sukre\u010diantis","og_url":"https:\/\/skaitytaknyga.lt\/en\/produktas\/jens-christian-grondahl-spalio-tylejimas\/","og_site_name":"Skaitytaknyga","article_publisher":"https:\/\/www.facebook.com\/skaitytaknyga\/","article_modified_time":"2025-07-12T08:57:23+00:00","og_image":[{"width":458,"height":750,"url":"https:\/\/skaitytaknyga.lt\/wp-content\/uploads\/2024\/09\/1462878781_cdbspalio-tylejimasz1.webp","type":"image\/webp"}],"twitter_card":"summary_large_image","twitter_misc":{"Estimated reading time":"2 minutes"},"schema":{"@context":"https:\/\/schema.org","@graph":[{"@type":"WebPage","@id":"https:\/\/skaitytaknyga.lt\/produktas\/jens-christian-grondahl-spalio-tylejimas\/","url":"https:\/\/skaitytaknyga.lt\/produktas\/jens-christian-grondahl-spalio-tylejimas\/","name":"Jens Christian Gr\u00f8ndahl \u201eSpalio tyl\u0117jimas\u201c","isPartOf":{"@id":"https:\/\/skaitytaknyga.lt\/#website"},"primaryImageOfPage":{"@id":"https:\/\/skaitytaknyga.lt\/produktas\/jens-christian-grondahl-spalio-tylejimas\/#primaryimage"},"image":{"@id":"https:\/\/skaitytaknyga.lt\/produktas\/jens-christian-grondahl-spalio-tylejimas\/#primaryimage"},"thumbnailUrl":"https:\/\/skaitytaknyga.lt\/wp-content\/uploads\/2024\/09\/1462878781_cdbspalio-tylejimasz1.webp","datePublished":"2024-09-28T12:18:37+00:00","dateModified":"2025-07-12T08:57:23+00:00","description":"Vieno populiariausi\u0173 \u0161iuolaikini\u0173 Danijos ra\u0161ytoj\u0173 romanas, sulauk\u0119s didelio skaitytoj\u0173 ir kritik\u0173 pripa\u017einimo visame pasaulyje. Tai stiprus, sukre\u010diantis","breadcrumb":{"@id":"https:\/\/skaitytaknyga.lt\/produktas\/jens-christian-grondahl-spalio-tylejimas\/#breadcrumb"},"inLanguage":"en-GB","potentialAction":[{"@type":"ReadAction","target":["https:\/\/skaitytaknyga.lt\/produktas\/jens-christian-grondahl-spalio-tylejimas\/"]}]},{"@type":"ImageObject","inLanguage":"en-GB","@id":"https:\/\/skaitytaknyga.lt\/produktas\/jens-christian-grondahl-spalio-tylejimas\/#primaryimage","url":"https:\/\/skaitytaknyga.lt\/wp-content\/uploads\/2024\/09\/1462878781_cdbspalio-tylejimasz1.webp","contentUrl":"https:\/\/skaitytaknyga.lt\/wp-content\/uploads\/2024\/09\/1462878781_cdbspalio-tylejimasz1.webp","width":458,"height":750,"caption":"Jens Christian Gr\u00f8ndahl \u201eSpalio tyl\u0117jimas\u201c"},{"@type":"BreadcrumbList","@id":"https:\/\/skaitytaknyga.lt\/produktas\/jens-christian-grondahl-spalio-tylejimas\/#breadcrumb","itemListElement":[{"@type":"ListItem","position":1,"name":"Home","item":"https:\/\/skaitytaknyga.lt\/"},{"@type":"ListItem","position":2,"name":"Parduotuv\u0117","item":"https:\/\/skaitytaknyga.lt\/knygu-parduotuve\/"},{"@type":"ListItem","position":3,"name":"Jens Christian Gr\u00f8ndahl \u201eSpalio tyl\u0117jimas\u201c"}]},{"@type":"WebSite","@id":"https:\/\/skaitytaknyga.lt\/#website","url":"https:\/\/skaitytaknyga.lt\/","name":"skaitytaknyga.lt","description":"Skaitytaknyga.lt \u2013 tai ma\u017eas \u0161eimos verslas, kuris prasid\u0117jo nuo meil\u0117s knygoms ir siekio i\u0161gelb\u0117ti knygas nuo likimo prie konteinerio. Kas vienam nereikalingas daiktas \u2013 kitam lobis, o mes esame tarpininkai, kurie padeda abiems tapti laimingesniems ???? \u017dinome kaip nelengva i\u0161gyventi ma\u017eiems verslams, tad nuo \u0161iol, \u010dia rasite ir kit\u0173, ma\u017e\u0173 \u0161eim\u0173 versl\u0173, rank\u0173 darbo, dovan\u0173 sau ir artimiesiems.","publisher":{"@id":"https:\/\/skaitytaknyga.lt\/#organization"},"potentialAction":[{"@type":"SearchAction","target":{"@type":"EntryPoint","urlTemplate":"https:\/\/skaitytaknyga.lt\/?s={search_term_string}"},"query-input":{"@type":"PropertyValueSpecification","valueRequired":true,"valueName":"search_term_string"}}],"inLanguage":"en-GB"},{"@type":"Organization","@id":"https:\/\/skaitytaknyga.lt\/#organization","name":"skaitytaknyga.lt","url":"https:\/\/skaitytaknyga.lt\/","logo":{"@type":"ImageObject","inLanguage":"en-GB","@id":"https:\/\/skaitytaknyga.lt\/#\/schema\/logo\/image\/","url":"https:\/\/skaitytaknyga.lt\/wp-content\/uploads\/2024\/05\/cropped-cropped-cropped-02_00843_jt3bggkj1j3HLc7SyY6rEUpg.jpeg","contentUrl":"https:\/\/skaitytaknyga.lt\/wp-content\/uploads\/2024\/05\/cropped-cropped-cropped-02_00843_jt3bggkj1j3HLc7SyY6rEUpg.jpeg","width":1600,"height":1600,"caption":"skaitytaknyga.lt"},"image":{"@id":"https:\/\/skaitytaknyga.lt\/#\/schema\/logo\/image\/"},"sameAs":["https:\/\/www.facebook.com\/skaitytaknyga\/"]}]}},"_links":{"self":[{"href":"https:\/\/skaitytaknyga.lt\/en\/wp-json\/wp\/v2\/product\/14072","targetHints":{"allow":["GET"]}}],"collection":[{"href":"https:\/\/skaitytaknyga.lt\/en\/wp-json\/wp\/v2\/product"}],"about":[{"href":"https:\/\/skaitytaknyga.lt\/en\/wp-json\/wp\/v2\/types\/product"}],"replies":[{"embeddable":true,"href":"https:\/\/skaitytaknyga.lt\/en\/wp-json\/wp\/v2\/comments?post=14072"}],"wp:featuredmedia":[{"embeddable":true,"href":"https:\/\/skaitytaknyga.lt\/en\/wp-json\/wp\/v2\/media\/14077"}],"wp:attachment":[{"href":"https:\/\/skaitytaknyga.lt\/en\/wp-json\/wp\/v2\/media?parent=14072"}],"wp:term":[{"taxonomy":"product_brand","embeddable":true,"href":"https:\/\/skaitytaknyga.lt\/en\/wp-json\/wp\/v2\/product_brand?post=14072"},{"taxonomy":"product_cat","embeddable":true,"href":"https:\/\/skaitytaknyga.lt\/en\/wp-json\/wp\/v2\/product_cat?post=14072"},{"taxonomy":"product_tag","embeddable":true,"href":"https:\/\/skaitytaknyga.lt\/en\/wp-json\/wp\/v2\/product_tag?post=14072"}],"curies":[{"name":"wp","href":"https:\/\/api.w.org\/{rel}","templated":true}]}}