{"id":14071,"date":"2024-09-28T15:18:37","date_gmt":"2024-09-28T12:18:37","guid":{"rendered":"https:\/\/skaitytaknyga.lt\/?post_type=product&#038;p=14071"},"modified":"2026-03-05T12:34:29","modified_gmt":"2026-03-05T10:34:29","slug":"lars-kepler-paganinio-kontraktas","status":"publish","type":"product","link":"https:\/\/skaitytaknyga.lt\/en\/produktas\/lars-kepler-paganinio-kontraktas\/","title":{"rendered":"Lars Kepler \u201ePaganinio kontraktas\u201c"},"content":{"rendered":"<p>Prie Stokholmo krant\u0173 dreifuojan\u010diame laive randama mirusi jauna moteris. Specialistai nustato, kad jos plau\u010diai pilni j\u016bros vandens, bet vandens p\u0117dsak\u0173 n\u0117ra ant drabu\u017ei\u0173 ir k\u016bno. Ar gali b\u016bti, jog moteris nuskendo laive? Kit\u0105 dien\u0105 prabangiame bute aptinkamas pasikor\u0119s vyras. Niekas negali paai\u0161kinti, kaip vyrui pavyko pasiekti auk\u0161toje palub\u0117je kaban\u010di\u0105 kilp\u0105, kai aplinkui n\u0117ra joki\u0173 daikt\u0173, ant kuri\u0173 galima pasilyp\u0117ti. Gal tai ne savi\u017eudyb\u0117, o \u017emog\u017eudyst\u0117? Ar \u0161ios dvi keistos mirtys susijusios? Detektyvas Jonas Lina imasi pavojingo, \u012ftempto ir netik\u0117t\u0173 pos\u016bki\u0173 kupino tyrimo.<\/p>\n<ul class=\"about-product d-none d-xl-block mt-4\">\n<li><strong>Autorius:<\/strong>\u00a0Lars Kepler<\/li>\n<li><strong>Leid\u0117jas:<\/strong>\u00a0Obuolys<\/li>\n<li><strong>Metai:<\/strong>\u00a02012<\/li>\n<li><strong>Puslapiai:<\/strong>\u00a0592<\/li>\n<li><strong>ISBN:<\/strong>\u00a09786094033735<\/li>\n<li><strong>Versijos kodas:<\/strong>\u00a0M.4<\/li>\n<li><strong>Formatas:<\/strong>\u00a014,2 x 21,3 cm, kieti vir\u0161eliai<\/li>\n<li><strong>Kalba:<\/strong>\u00a0Lietuvi\u0173<\/li>\n<li><strong>Vert\u0117jas:<\/strong>\u00a0Simona Jank\u016bnait\u0117<\/li>\n<li><strong>Knyg\u0173 serija:<\/strong>\u00a0<a href=\"https:\/\/www.knygos.lt\/lt\/knygos\/serija\/tik-geriausios-knygos-virsta-filmais\/\">Tik geriausios knygos virsta filmais<\/a><\/li>\n<\/ul>\n","protected":false},"excerpt":{"rendered":"<p>Prie Stokholmo krant\u0173 dreifuojan\u010diame laive randama mirusi jauna moteris. Specialistai nustato, kad jos plau\u010diai pilni j\u016bros vandens, bet vandens p\u0117dsak\u0173 n\u0117ra ant drabu\u017ei\u0173 ir k\u016bno. Ar gali b\u016bti, jog moteris nuskendo laive? Kit\u0105 dien\u0105 prabangiame bute aptinkamas pasikor\u0119s vyras. Niekas negali paai\u0161kinti, kaip vyrui pavyko pasiekti auk\u0161toje palub\u0117je kaban\u010di\u0105 kilp\u0105, kai aplinkui n\u0117ra joki\u0173 daikt\u0173, ant kuri\u0173 galima pasilyp\u0117ti. Gal tai ne savi\u017eudyb\u0117, o \u017emog\u017eudyst\u0117? Ar \u0161ios dvi keistos mirtys susijusios? Detektyvas Jonas Lina imasi pavojingo, \u012ftempto ir netik\u0117t\u0173 pos\u016bki\u0173 kupino tyrimo. Autorius:\u00a0Lars Kepler Leid\u0117jas:\u00a0Obuolys Metai:\u00a02012 Puslapiai:\u00a0592 ISBN:\u00a09786094033735 Versijos kodas:\u00a0M.4 Formatas:\u00a014,2 x 21,3 cm, kieti vir\u0161eliai Kalba:\u00a0Lietuvi\u0173 Vert\u0117jas:\u00a0Simona Jank\u016bnait\u0117 Knyg\u0173 serija:\u00a0Tik geriausios knygos virsta filmais<\/p>\n","protected":false},"featured_media":14073,"comment_status":"open","ping_status":"closed","template":"","meta":{"_acf_changed":false,"site-sidebar-layout":"default","site-content-layout":"","ast-site-content-layout":"default","site-content-style":"default","site-sidebar-style":"default","ast-global-header-display":"","ast-banner-title-visibility":"","ast-main-header-display":"","ast-hfb-above-header-display":"","ast-hfb-below-header-display":"","ast-hfb-mobile-header-display":"","site-post-title":"","ast-breadcrumbs-content":"","ast-featured-img":"","footer-sml-layout":"","ast-disable-related-posts":"","theme-transparent-header-meta":"default","adv-header-id-meta":"","stick-header-meta":"","header-above-stick-meta":"","header-main-stick-meta":"","header-below-stick-meta":"","astra-migrate-meta-layouts":"set","ast-page-background-enabled":"default","ast-page-background-meta":{"desktop":{"background-color":"","background-image":"","background-repeat":"repeat","background-position":"center center","background-size":"auto","background-attachment":"scroll","background-type":"","background-media":"","overlay-type":"","overlay-color":"","overlay-opacity":"","overlay-gradient":""},"tablet":{"background-color":"","background-image":"","background-repeat":"repeat","background-position":"center center","background-size":"auto","background-attachment":"scroll","background-type":"","background-media":"","overlay-type":"","overlay-color":"","overlay-opacity":"","overlay-gradient":""},"mobile":{"background-color":"","background-image":"","background-repeat":"repeat","background-position":"center center","background-size":"auto","background-attachment":"scroll","background-type":"","background-media":"","overlay-type":"","overlay-color":"","overlay-opacity":"","overlay-gradient":""}},"ast-content-background-meta":{"desktop":{"background-color":"var(--ast-global-color-4)","background-image":"","background-repeat":"repeat","background-position":"center center","background-size":"auto","background-attachment":"scroll","background-type":"","background-media":"","overlay-type":"","overlay-color":"","overlay-opacity":"","overlay-gradient":""},"tablet":{"background-color":"var(--ast-global-color-4)","background-image":"","background-repeat":"repeat","background-position":"center center","background-size":"auto","background-attachment":"scroll","background-type":"","background-media":"","overlay-type":"","overlay-color":"","overlay-opacity":"","overlay-gradient":""},"mobile":{"background-color":"var(--ast-global-color-4)","background-image":"","background-repeat":"repeat","background-position":"center center","background-size":"auto","background-attachment":"scroll","background-type":"","background-media":"","overlay-type":"","overlay-color":"","overlay-opacity":"","overlay-gradient":""}}},"product_brand":[],"product_cat":[9581],"product_tag":[],"class_list":{"0":"post-14071","1":"product","2":"type-product","3":"status-publish","4":"has-post-thumbnail","6":"product_cat-kriminaliniai-romanai","7":"desktop-align-left","8":"tablet-align-left","9":"mobile-align-left","11":"first","12":"instock","13":"shipping-taxable","14":"purchasable","15":"product-type-simple"},"acf":[],"yoast_head":"<!-- This site is optimized with the Yoast SEO plugin v27.0 - https:\/\/yoast.com\/product\/yoast-seo-wordpress\/ -->\n<title>Lars Kepler \u201ePaganinio kontraktas\u201c<\/title>\n<meta name=\"description\" content=\"Prie Stokholmo krant\u0173 dreifuojan\u010diame laive randama mirusi jauna moteris. Specialistai nustato, kad jos plau\u010diai pilni j\u016bros vandens, bet vandens p\u0117dsak\u0173\" \/>\n<meta name=\"robots\" content=\"index, follow, max-snippet:-1, max-image-preview:large, max-video-preview:-1\" \/>\n<link rel=\"canonical\" href=\"https:\/\/skaitytaknyga.lt\/en\/produktas\/lars-kepler-paganinio-kontraktas\/\" \/>\n<meta property=\"og:locale\" content=\"en_GB\" \/>\n<meta property=\"og:locale:alternate\" content=\"lt_LT\" \/>\n<meta property=\"og:type\" content=\"article\" \/>\n<meta property=\"og:title\" content=\"Lars Kepler \u201ePaganinio kontraktas\u201c\" \/>\n<meta property=\"og:description\" content=\"Prie Stokholmo krant\u0173 dreifuojan\u010diame laive randama mirusi jauna moteris. Specialistai nustato, kad jos plau\u010diai pilni j\u016bros vandens, bet vandens p\u0117dsak\u0173\" \/>\n<meta property=\"og:url\" content=\"https:\/\/skaitytaknyga.lt\/en\/produktas\/lars-kepler-paganinio-kontraktas\/\" \/>\n<meta property=\"og:site_name\" content=\"Skaitytaknyga\" \/>\n<meta property=\"article:publisher\" content=\"https:\/\/www.facebook.com\/skaitytaknyga\/\" \/>\n<meta property=\"article:modified_time\" content=\"2026-03-05T10:34:29+00:00\" \/>\n<meta property=\"og:image\" content=\"https:\/\/skaitytaknyga.lt\/wp-content\/uploads\/2024\/09\/paganiniokontraktas.jpg\" \/>\n\t<meta property=\"og:image:width\" content=\"301\" \/>\n\t<meta property=\"og:image:height\" content=\"450\" \/>\n\t<meta property=\"og:image:type\" content=\"image\/jpeg\" \/>\n<meta name=\"twitter:card\" content=\"summary_large_image\" \/>\n<meta name=\"twitter:label1\" content=\"Estimated reading time\" \/>\n\t<meta name=\"twitter:data1\" content=\"1 minute\" \/>\n<script type=\"application\/ld+json\" class=\"yoast-schema-graph\">{\"@context\":\"https:\/\/schema.org\",\"@graph\":[{\"@type\":\"WebPage\",\"@id\":\"https:\/\/skaitytaknyga.lt\/produktas\/lars-kepler-paganinio-kontraktas\/\",\"url\":\"https:\/\/skaitytaknyga.lt\/produktas\/lars-kepler-paganinio-kontraktas\/\",\"name\":\"Lars Kepler \u201ePaganinio kontraktas\u201c\",\"isPartOf\":{\"@id\":\"https:\/\/skaitytaknyga.lt\/#website\"},\"primaryImageOfPage\":{\"@id\":\"https:\/\/skaitytaknyga.lt\/produktas\/lars-kepler-paganinio-kontraktas\/#primaryimage\"},\"image\":{\"@id\":\"https:\/\/skaitytaknyga.lt\/produktas\/lars-kepler-paganinio-kontraktas\/#primaryimage\"},\"thumbnailUrl\":\"https:\/\/skaitytaknyga.lt\/wp-content\/uploads\/2024\/09\/paganiniokontraktas.jpg\",\"datePublished\":\"2024-09-28T12:18:37+00:00\",\"dateModified\":\"2026-03-05T10:34:29+00:00\",\"description\":\"Prie Stokholmo krant\u0173 dreifuojan\u010diame laive randama mirusi jauna moteris. Specialistai nustato, kad jos plau\u010diai pilni j\u016bros vandens, bet vandens p\u0117dsak\u0173\",\"breadcrumb\":{\"@id\":\"https:\/\/skaitytaknyga.lt\/produktas\/lars-kepler-paganinio-kontraktas\/#breadcrumb\"},\"inLanguage\":\"en-GB\",\"potentialAction\":[{\"@type\":\"ReadAction\",\"target\":[\"https:\/\/skaitytaknyga.lt\/produktas\/lars-kepler-paganinio-kontraktas\/\"]}]},{\"@type\":\"ImageObject\",\"inLanguage\":\"en-GB\",\"@id\":\"https:\/\/skaitytaknyga.lt\/produktas\/lars-kepler-paganinio-kontraktas\/#primaryimage\",\"url\":\"https:\/\/skaitytaknyga.lt\/wp-content\/uploads\/2024\/09\/paganiniokontraktas.jpg\",\"contentUrl\":\"https:\/\/skaitytaknyga.lt\/wp-content\/uploads\/2024\/09\/paganiniokontraktas.jpg\",\"width\":301,\"height\":450,\"caption\":\"Lars Kepler \u201ePaganinio kontraktas\u201c\"},{\"@type\":\"BreadcrumbList\",\"@id\":\"https:\/\/skaitytaknyga.lt\/produktas\/lars-kepler-paganinio-kontraktas\/#breadcrumb\",\"itemListElement\":[{\"@type\":\"ListItem\",\"position\":1,\"name\":\"Home\",\"item\":\"https:\/\/skaitytaknyga.lt\/\"},{\"@type\":\"ListItem\",\"position\":2,\"name\":\"Parduotuv\u0117\",\"item\":\"https:\/\/skaitytaknyga.lt\/knygu-parduotuve\/\"},{\"@type\":\"ListItem\",\"position\":3,\"name\":\"Lars Kepler \u201ePaganinio kontraktas\u201c\"}]},{\"@type\":\"WebSite\",\"@id\":\"https:\/\/skaitytaknyga.lt\/#website\",\"url\":\"https:\/\/skaitytaknyga.lt\/\",\"name\":\"skaitytaknyga.lt\",\"description\":\"Skaitytaknyga.lt \u2013 tai ma\u017eas \u0161eimos verslas, kuris prasid\u0117jo nuo meil\u0117s knygoms ir siekio i\u0161gelb\u0117ti knygas nuo likimo prie konteinerio. Kas vienam nereikalingas daiktas \u2013 kitam lobis, o mes esame tarpininkai, kurie padeda abiems tapti laimingesniems ???? \u017dinome kaip nelengva i\u0161gyventi ma\u017eiems verslams, tad nuo \u0161iol, \u010dia rasite ir kit\u0173, ma\u017e\u0173 \u0161eim\u0173 versl\u0173, rank\u0173 darbo, dovan\u0173 sau ir artimiesiems.\",\"publisher\":{\"@id\":\"https:\/\/skaitytaknyga.lt\/#organization\"},\"potentialAction\":[{\"@type\":\"SearchAction\",\"target\":{\"@type\":\"EntryPoint\",\"urlTemplate\":\"https:\/\/skaitytaknyga.lt\/?s={search_term_string}\"},\"query-input\":{\"@type\":\"PropertyValueSpecification\",\"valueRequired\":true,\"valueName\":\"search_term_string\"}}],\"inLanguage\":\"en-GB\"},{\"@type\":\"Organization\",\"@id\":\"https:\/\/skaitytaknyga.lt\/#organization\",\"name\":\"skaitytaknyga.lt\",\"url\":\"https:\/\/skaitytaknyga.lt\/\",\"logo\":{\"@type\":\"ImageObject\",\"inLanguage\":\"en-GB\",\"@id\":\"https:\/\/skaitytaknyga.lt\/#\/schema\/logo\/image\/\",\"url\":\"https:\/\/skaitytaknyga.lt\/wp-content\/uploads\/2024\/05\/cropped-cropped-cropped-02_00843_jt3bggkj1j3HLc7SyY6rEUpg.jpeg\",\"contentUrl\":\"https:\/\/skaitytaknyga.lt\/wp-content\/uploads\/2024\/05\/cropped-cropped-cropped-02_00843_jt3bggkj1j3HLc7SyY6rEUpg.jpeg\",\"width\":1600,\"height\":1600,\"caption\":\"skaitytaknyga.lt\"},\"image\":{\"@id\":\"https:\/\/skaitytaknyga.lt\/#\/schema\/logo\/image\/\"},\"sameAs\":[\"https:\/\/www.facebook.com\/skaitytaknyga\/\"]}]}<\/script>\n<!-- \/ Yoast SEO plugin. -->","yoast_head_json":{"title":"Lars Kepler \u201ePaganinio kontraktas\u201c","description":"Prie Stokholmo krant\u0173 dreifuojan\u010diame laive randama mirusi jauna moteris. Specialistai nustato, kad jos plau\u010diai pilni j\u016bros vandens, bet vandens p\u0117dsak\u0173","robots":{"index":"index","follow":"follow","max-snippet":"max-snippet:-1","max-image-preview":"max-image-preview:large","max-video-preview":"max-video-preview:-1"},"canonical":"https:\/\/skaitytaknyga.lt\/en\/produktas\/lars-kepler-paganinio-kontraktas\/","og_locale":"en_GB","og_type":"article","og_title":"[:lt]Lars Kepler \u201ePaganinio kontraktas\u201c[:] - Skaitytaknyga","og_description":"Prie Stokholmo krant\u0173 dreifuojan\u010diame laive randama mirusi jauna moteris. Specialistai nustato, kad jos plau\u010diai pilni j\u016bros vandens, bet vandens p\u0117dsak\u0173","og_url":"https:\/\/skaitytaknyga.lt\/en\/produktas\/lars-kepler-paganinio-kontraktas\/","og_site_name":"Skaitytaknyga","article_publisher":"https:\/\/www.facebook.com\/skaitytaknyga\/","article_modified_time":"2026-03-05T10:34:29+00:00","og_image":[{"width":301,"height":450,"url":"https:\/\/skaitytaknyga.lt\/wp-content\/uploads\/2024\/09\/paganiniokontraktas.jpg","type":"image\/jpeg"}],"twitter_card":"summary_large_image","twitter_misc":{"Estimated reading time":"1 minute"},"schema":{"@context":"https:\/\/schema.org","@graph":[{"@type":"WebPage","@id":"https:\/\/skaitytaknyga.lt\/produktas\/lars-kepler-paganinio-kontraktas\/","url":"https:\/\/skaitytaknyga.lt\/produktas\/lars-kepler-paganinio-kontraktas\/","name":"Lars Kepler \u201ePaganinio kontraktas\u201c","isPartOf":{"@id":"https:\/\/skaitytaknyga.lt\/#website"},"primaryImageOfPage":{"@id":"https:\/\/skaitytaknyga.lt\/produktas\/lars-kepler-paganinio-kontraktas\/#primaryimage"},"image":{"@id":"https:\/\/skaitytaknyga.lt\/produktas\/lars-kepler-paganinio-kontraktas\/#primaryimage"},"thumbnailUrl":"https:\/\/skaitytaknyga.lt\/wp-content\/uploads\/2024\/09\/paganiniokontraktas.jpg","datePublished":"2024-09-28T12:18:37+00:00","dateModified":"2026-03-05T10:34:29+00:00","description":"Prie Stokholmo krant\u0173 dreifuojan\u010diame laive randama mirusi jauna moteris. Specialistai nustato, kad jos plau\u010diai pilni j\u016bros vandens, bet vandens p\u0117dsak\u0173","breadcrumb":{"@id":"https:\/\/skaitytaknyga.lt\/produktas\/lars-kepler-paganinio-kontraktas\/#breadcrumb"},"inLanguage":"en-GB","potentialAction":[{"@type":"ReadAction","target":["https:\/\/skaitytaknyga.lt\/produktas\/lars-kepler-paganinio-kontraktas\/"]}]},{"@type":"ImageObject","inLanguage":"en-GB","@id":"https:\/\/skaitytaknyga.lt\/produktas\/lars-kepler-paganinio-kontraktas\/#primaryimage","url":"https:\/\/skaitytaknyga.lt\/wp-content\/uploads\/2024\/09\/paganiniokontraktas.jpg","contentUrl":"https:\/\/skaitytaknyga.lt\/wp-content\/uploads\/2024\/09\/paganiniokontraktas.jpg","width":301,"height":450,"caption":"Lars Kepler \u201ePaganinio kontraktas\u201c"},{"@type":"BreadcrumbList","@id":"https:\/\/skaitytaknyga.lt\/produktas\/lars-kepler-paganinio-kontraktas\/#breadcrumb","itemListElement":[{"@type":"ListItem","position":1,"name":"Home","item":"https:\/\/skaitytaknyga.lt\/"},{"@type":"ListItem","position":2,"name":"Parduotuv\u0117","item":"https:\/\/skaitytaknyga.lt\/knygu-parduotuve\/"},{"@type":"ListItem","position":3,"name":"Lars Kepler \u201ePaganinio kontraktas\u201c"}]},{"@type":"WebSite","@id":"https:\/\/skaitytaknyga.lt\/#website","url":"https:\/\/skaitytaknyga.lt\/","name":"skaitytaknyga.lt","description":"Skaitytaknyga.lt \u2013 tai ma\u017eas \u0161eimos verslas, kuris prasid\u0117jo nuo meil\u0117s knygoms ir siekio i\u0161gelb\u0117ti knygas nuo likimo prie konteinerio. Kas vienam nereikalingas daiktas \u2013 kitam lobis, o mes esame tarpininkai, kurie padeda abiems tapti laimingesniems ???? \u017dinome kaip nelengva i\u0161gyventi ma\u017eiems verslams, tad nuo \u0161iol, \u010dia rasite ir kit\u0173, ma\u017e\u0173 \u0161eim\u0173 versl\u0173, rank\u0173 darbo, dovan\u0173 sau ir artimiesiems.","publisher":{"@id":"https:\/\/skaitytaknyga.lt\/#organization"},"potentialAction":[{"@type":"SearchAction","target":{"@type":"EntryPoint","urlTemplate":"https:\/\/skaitytaknyga.lt\/?s={search_term_string}"},"query-input":{"@type":"PropertyValueSpecification","valueRequired":true,"valueName":"search_term_string"}}],"inLanguage":"en-GB"},{"@type":"Organization","@id":"https:\/\/skaitytaknyga.lt\/#organization","name":"skaitytaknyga.lt","url":"https:\/\/skaitytaknyga.lt\/","logo":{"@type":"ImageObject","inLanguage":"en-GB","@id":"https:\/\/skaitytaknyga.lt\/#\/schema\/logo\/image\/","url":"https:\/\/skaitytaknyga.lt\/wp-content\/uploads\/2024\/05\/cropped-cropped-cropped-02_00843_jt3bggkj1j3HLc7SyY6rEUpg.jpeg","contentUrl":"https:\/\/skaitytaknyga.lt\/wp-content\/uploads\/2024\/05\/cropped-cropped-cropped-02_00843_jt3bggkj1j3HLc7SyY6rEUpg.jpeg","width":1600,"height":1600,"caption":"skaitytaknyga.lt"},"image":{"@id":"https:\/\/skaitytaknyga.lt\/#\/schema\/logo\/image\/"},"sameAs":["https:\/\/www.facebook.com\/skaitytaknyga\/"]}]}},"_links":{"self":[{"href":"https:\/\/skaitytaknyga.lt\/en\/wp-json\/wp\/v2\/product\/14071","targetHints":{"allow":["GET"]}}],"collection":[{"href":"https:\/\/skaitytaknyga.lt\/en\/wp-json\/wp\/v2\/product"}],"about":[{"href":"https:\/\/skaitytaknyga.lt\/en\/wp-json\/wp\/v2\/types\/product"}],"replies":[{"embeddable":true,"href":"https:\/\/skaitytaknyga.lt\/en\/wp-json\/wp\/v2\/comments?post=14071"}],"wp:featuredmedia":[{"embeddable":true,"href":"https:\/\/skaitytaknyga.lt\/en\/wp-json\/wp\/v2\/media\/14073"}],"wp:attachment":[{"href":"https:\/\/skaitytaknyga.lt\/en\/wp-json\/wp\/v2\/media?parent=14071"}],"wp:term":[{"taxonomy":"product_brand","embeddable":true,"href":"https:\/\/skaitytaknyga.lt\/en\/wp-json\/wp\/v2\/product_brand?post=14071"},{"taxonomy":"product_cat","embeddable":true,"href":"https:\/\/skaitytaknyga.lt\/en\/wp-json\/wp\/v2\/product_cat?post=14071"},{"taxonomy":"product_tag","embeddable":true,"href":"https:\/\/skaitytaknyga.lt\/en\/wp-json\/wp\/v2\/product_tag?post=14071"}],"curies":[{"name":"wp","href":"https:\/\/api.w.org\/{rel}","templated":true}]}}