{"id":14070,"date":"2024-09-28T15:18:37","date_gmt":"2024-09-28T12:18:37","guid":{"rendered":"https:\/\/skaitytaknyga.lt\/?post_type=product&#038;p=14070"},"modified":"2025-05-12T14:05:56","modified_gmt":"2025-05-12T11:05:56","slug":"suauge-alkoholiku-vaikai-kaip-nusimesti-skausmingos-praeities-nasta-ir-atkurti-dvasios-ramybe","status":"publish","type":"product","link":"https:\/\/skaitytaknyga.lt\/en\/produktas\/suauge-alkoholiku-vaikai-kaip-nusimesti-skausmingos-praeities-nasta-ir-atkurti-dvasios-ramybe\/","title":{"rendered":"Suaug\u0119 alkoholik\u0173 vaikai. Kaip nusimesti skausmingos praeities na\u0161t\u0105 ir atkurti dvasios ramyb\u0119"},"content":{"rendered":"<p>Tarptautin\u012f pripa\u017einim\u0105 pelniusioje knygoje\u00a0<strong>\u201eSuaug\u0119 alkoholik\u0173 vaikai\u201c<\/strong>\u00a0autor\u0117 pa\u017evelgia \u012f vid\u0173 t\u0173, kurie augo priklausomybi\u0173 kamuojamose, nedarniose \u0161eimose. Per daugel\u012f praktikos met\u0173 susipa\u017einusi su \u0161imtais toki\u0173 \u017emoni\u0173, daktar\u0117 nustat\u0117 juos vienijan\u010dias savybes ir bruo\u017eus, nulemtus vaikyst\u0117je patirt\u0173 traum\u0173, bei nurod\u0117 b\u016bdus, kaip atitr\u016bkti nuo na\u0161ta tapusios praeities ir i\u0161mokti gyventi kitaip.<\/p>\n<p><strong>Dr. Janet Geringer Woititz<\/strong>\u00a0(1938\u20131994) \u2013 amerikie\u010di\u0173 psicholog\u0117, suaugusi\u0173 alkoholik\u0173 vaik\u0173 jud\u0117jimo pradinink\u0117.<\/p>\n<ul class=\"about-product d-none d-xl-block mt-4\">\n<li><strong>Originalus pavadinimas:<\/strong>\u00a0Adult Children of Alcoholics<\/li>\n<li><strong>Autorius:<\/strong>\u00a0Janet Geringer Woititz<\/li>\n<li><strong>Leid\u0117jas:<\/strong>\u00a0Vaga<\/li>\n<li><strong>Metai:<\/strong>\u00a02024<\/li>\n<li><strong>Puslapiai:<\/strong>\u00a0200<\/li>\n<li><strong>ISBN:<\/strong>\u00a09785415024377<\/li>\n<li><strong>Versijos kodas:<\/strong>\u00a020<\/li>\n<li><strong>Formatas:<\/strong>\u00a013,7 x 20,6 x 1,6 cm, kieti vir\u0161eliai<\/li>\n<li><strong>Kalba:<\/strong>\u00a0Lietuvi\u0173<\/li>\n<li><strong>Vert\u0117jas:<\/strong>\u00a0Lina \u010cerniauskait\u0117<\/li>\n<\/ul>\n","protected":false},"excerpt":{"rendered":"<p>Tarptautin\u012f pripa\u017einim\u0105 pelniusioje knygoje\u00a0\u201eSuaug\u0119 alkoholik\u0173 vaikai\u201c\u00a0autor\u0117 pa\u017evelgia \u012f vid\u0173 t\u0173, kurie augo priklausomybi\u0173 kamuojamose, nedarniose \u0161eimose. Per daugel\u012f praktikos met\u0173 susipa\u017einusi su \u0161imtais toki\u0173 \u017emoni\u0173, daktar\u0117 nustat\u0117 juos vienijan\u010dias savybes ir bruo\u017eus, nulemtus vaikyst\u0117je patirt\u0173 traum\u0173, bei nurod\u0117 b\u016bdus, kaip atitr\u016bkti nuo na\u0161ta tapusios praeities ir i\u0161mokti gyventi kitaip. Dr. Janet Geringer Woititz\u00a0(1938\u20131994) \u2013 amerikie\u010di\u0173 psicholog\u0117, suaugusi\u0173 alkoholik\u0173 vaik\u0173 jud\u0117jimo pradinink\u0117. Originalus pavadinimas:\u00a0Adult Children of Alcoholics Autorius:\u00a0Janet Geringer Woititz Leid\u0117jas:\u00a0Vaga Metai:\u00a02024 Puslapiai:\u00a0200 ISBN:\u00a09785415024377 Versijos kodas:\u00a020 Formatas:\u00a013,7 x 20,6 x 1,6 cm, kieti vir\u0161eliai Kalba:\u00a0Lietuvi\u0173 Vert\u0117jas:\u00a0Lina \u010cerniauskait\u0117<\/p>\n","protected":false},"featured_media":14074,"comment_status":"open","ping_status":"closed","template":"","meta":{"_acf_changed":false,"site-sidebar-layout":"default","site-content-layout":"","ast-site-content-layout":"default","site-content-style":"default","site-sidebar-style":"default","ast-global-header-display":"","ast-banner-title-visibility":"","ast-main-header-display":"","ast-hfb-above-header-display":"","ast-hfb-below-header-display":"","ast-hfb-mobile-header-display":"","site-post-title":"","ast-breadcrumbs-content":"","ast-featured-img":"","footer-sml-layout":"","ast-disable-related-posts":"","theme-transparent-header-meta":"default","adv-header-id-meta":"","stick-header-meta":"","header-above-stick-meta":"","header-main-stick-meta":"","header-below-stick-meta":"","astra-migrate-meta-layouts":"set","ast-page-background-enabled":"default","ast-page-background-meta":{"desktop":{"background-color":"","background-image":"","background-repeat":"repeat","background-position":"center center","background-size":"auto","background-attachment":"scroll","background-type":"","background-media":"","overlay-type":"","overlay-color":"","overlay-opacity":"","overlay-gradient":""},"tablet":{"background-color":"","background-image":"","background-repeat":"repeat","background-position":"center center","background-size":"auto","background-attachment":"scroll","background-type":"","background-media":"","overlay-type":"","overlay-color":"","overlay-opacity":"","overlay-gradient":""},"mobile":{"background-color":"","background-image":"","background-repeat":"repeat","background-position":"center center","background-size":"auto","background-attachment":"scroll","background-type":"","background-media":"","overlay-type":"","overlay-color":"","overlay-opacity":"","overlay-gradient":""}},"ast-content-background-meta":{"desktop":{"background-color":"var(--ast-global-color-4)","background-image":"","background-repeat":"repeat","background-position":"center center","background-size":"auto","background-attachment":"scroll","background-type":"","background-media":"","overlay-type":"","overlay-color":"","overlay-opacity":"","overlay-gradient":""},"tablet":{"background-color":"var(--ast-global-color-4)","background-image":"","background-repeat":"repeat","background-position":"center center","background-size":"auto","background-attachment":"scroll","background-type":"","background-media":"","overlay-type":"","overlay-color":"","overlay-opacity":"","overlay-gradient":""},"mobile":{"background-color":"var(--ast-global-color-4)","background-image":"","background-repeat":"repeat","background-position":"center center","background-size":"auto","background-attachment":"scroll","background-type":"","background-media":"","overlay-type":"","overlay-color":"","overlay-opacity":"","overlay-gradient":""}}},"product_brand":[],"product_cat":[15,30],"product_tag":[1955,1669,1953,1697,1956,1954],"class_list":{"0":"post-14070","1":"product","2":"type-product","3":"status-publish","4":"has-post-thumbnail","6":"product_cat-uncategorized","7":"product_cat-psichologija-ir-saviugda","8":"product_tag-alkoholizmas-seimoje","9":"product_tag-emocine-sveikata","10":"product_tag-janet-geringer-woititz","11":"product_tag-priklausomybes","12":"product_tag-psichologine-savipagalba","13":"product_tag-vaikystes-traumos","14":"desktop-align-left","15":"tablet-align-left","16":"mobile-align-left","18":"first","19":"instock","20":"shipping-taxable","21":"purchasable","22":"product-type-simple"},"acf":[],"yoast_head":"<!-- This site is optimized with the Yoast SEO plugin v27.0 - https:\/\/yoast.com\/product\/yoast-seo-wordpress\/ -->\n<title>Suaug\u0119 alkoholik\u0173 vaikai. Kaip nusimesti skausmingos praeities na\u0161t\u0105 ir atkurti dvasios ramyb\u0119<\/title>\n<meta name=\"description\" content=\"Tarptautin\u012f pripa\u017einim\u0105 pelniusioje knygoje\u00a0\u201eSuaug\u0119 alkoholik\u0173 vaikai\u201c\u00a0autor\u0117 pa\u017evelgia \u012f vid\u0173 t\u0173, kurie augo priklausomybi\u0173 kamuojamose, nedarniose\" \/>\n<meta name=\"robots\" content=\"index, follow, max-snippet:-1, max-image-preview:large, max-video-preview:-1\" \/>\n<link rel=\"canonical\" href=\"https:\/\/skaitytaknyga.lt\/en\/produktas\/suauge-alkoholiku-vaikai-kaip-nusimesti-skausmingos-praeities-nasta-ir-atkurti-dvasios-ramybe\/\" \/>\n<meta property=\"og:locale\" content=\"en_GB\" \/>\n<meta property=\"og:locale:alternate\" content=\"lt_LT\" \/>\n<meta property=\"og:type\" content=\"article\" \/>\n<meta property=\"og:title\" content=\"Suaug\u0119 alkoholik\u0173 vaikai. Kaip nusimesti skausmingos praeities na\u0161t\u0105 ir atkurti dvasios ramyb\u0119\" \/>\n<meta property=\"og:description\" content=\"Tarptautin\u012f pripa\u017einim\u0105 pelniusioje knygoje\u00a0\u201eSuaug\u0119 alkoholik\u0173 vaikai\u201c\u00a0autor\u0117 pa\u017evelgia \u012f vid\u0173 t\u0173, kurie augo priklausomybi\u0173 kamuojamose, nedarniose\" \/>\n<meta property=\"og:url\" content=\"https:\/\/skaitytaknyga.lt\/en\/produktas\/suauge-alkoholiku-vaikai-kaip-nusimesti-skausmingos-praeities-nasta-ir-atkurti-dvasios-ramybe\/\" \/>\n<meta property=\"og:site_name\" content=\"Skaitytaknyga\" \/>\n<meta property=\"article:publisher\" content=\"https:\/\/www.facebook.com\/skaitytaknyga\/\" \/>\n<meta property=\"article:modified_time\" content=\"2025-05-12T11:05:56+00:00\" \/>\n<meta property=\"og:image\" content=\"https:\/\/skaitytaknyga.lt\/wp-content\/uploads\/2024\/09\/Suauge-alkoholiku-vaikai.-Kaip-nusimesti-skausmingos-praeities-nasta-ir-atkurti-dvasios-ramybe.webp\" \/>\n\t<meta property=\"og:image:width\" content=\"504\" \/>\n\t<meta property=\"og:image:height\" content=\"777\" \/>\n\t<meta property=\"og:image:type\" content=\"image\/webp\" \/>\n<meta name=\"twitter:card\" content=\"summary_large_image\" \/>\n<meta name=\"twitter:label1\" content=\"Estimated reading time\" \/>\n\t<meta name=\"twitter:data1\" content=\"1 minute\" \/>\n<script type=\"application\/ld+json\" class=\"yoast-schema-graph\">{\"@context\":\"https:\/\/schema.org\",\"@graph\":[{\"@type\":\"WebPage\",\"@id\":\"https:\/\/skaitytaknyga.lt\/produktas\/suauge-alkoholiku-vaikai-kaip-nusimesti-skausmingos-praeities-nasta-ir-atkurti-dvasios-ramybe\/\",\"url\":\"https:\/\/skaitytaknyga.lt\/produktas\/suauge-alkoholiku-vaikai-kaip-nusimesti-skausmingos-praeities-nasta-ir-atkurti-dvasios-ramybe\/\",\"name\":\"Suaug\u0119 alkoholik\u0173 vaikai. Kaip nusimesti skausmingos praeities na\u0161t\u0105 ir atkurti dvasios ramyb\u0119\",\"isPartOf\":{\"@id\":\"https:\/\/skaitytaknyga.lt\/#website\"},\"primaryImageOfPage\":{\"@id\":\"https:\/\/skaitytaknyga.lt\/produktas\/suauge-alkoholiku-vaikai-kaip-nusimesti-skausmingos-praeities-nasta-ir-atkurti-dvasios-ramybe\/#primaryimage\"},\"image\":{\"@id\":\"https:\/\/skaitytaknyga.lt\/produktas\/suauge-alkoholiku-vaikai-kaip-nusimesti-skausmingos-praeities-nasta-ir-atkurti-dvasios-ramybe\/#primaryimage\"},\"thumbnailUrl\":\"https:\/\/skaitytaknyga.lt\/wp-content\/uploads\/2024\/09\/Suauge-alkoholiku-vaikai.-Kaip-nusimesti-skausmingos-praeities-nasta-ir-atkurti-dvasios-ramybe.webp\",\"datePublished\":\"2024-09-28T12:18:37+00:00\",\"dateModified\":\"2025-05-12T11:05:56+00:00\",\"description\":\"Tarptautin\u012f pripa\u017einim\u0105 pelniusioje knygoje\u00a0\u201eSuaug\u0119 alkoholik\u0173 vaikai\u201c\u00a0autor\u0117 pa\u017evelgia \u012f vid\u0173 t\u0173, kurie augo priklausomybi\u0173 kamuojamose, nedarniose\",\"breadcrumb\":{\"@id\":\"https:\/\/skaitytaknyga.lt\/produktas\/suauge-alkoholiku-vaikai-kaip-nusimesti-skausmingos-praeities-nasta-ir-atkurti-dvasios-ramybe\/#breadcrumb\"},\"inLanguage\":\"en-GB\",\"potentialAction\":[{\"@type\":\"ReadAction\",\"target\":[\"https:\/\/skaitytaknyga.lt\/produktas\/suauge-alkoholiku-vaikai-kaip-nusimesti-skausmingos-praeities-nasta-ir-atkurti-dvasios-ramybe\/\"]}]},{\"@type\":\"ImageObject\",\"inLanguage\":\"en-GB\",\"@id\":\"https:\/\/skaitytaknyga.lt\/produktas\/suauge-alkoholiku-vaikai-kaip-nusimesti-skausmingos-praeities-nasta-ir-atkurti-dvasios-ramybe\/#primaryimage\",\"url\":\"https:\/\/skaitytaknyga.lt\/wp-content\/uploads\/2024\/09\/Suauge-alkoholiku-vaikai.-Kaip-nusimesti-skausmingos-praeities-nasta-ir-atkurti-dvasios-ramybe.webp\",\"contentUrl\":\"https:\/\/skaitytaknyga.lt\/wp-content\/uploads\/2024\/09\/Suauge-alkoholiku-vaikai.-Kaip-nusimesti-skausmingos-praeities-nasta-ir-atkurti-dvasios-ramybe.webp\",\"width\":504,\"height\":777,\"caption\":\"Suaug\u0119 alkoholik\u0173 vaikai. Kaip nusimesti skausmingos praeities na\u0161t\u0105 ir atkurti dvasios ramyb\u0119\"},{\"@type\":\"BreadcrumbList\",\"@id\":\"https:\/\/skaitytaknyga.lt\/produktas\/suauge-alkoholiku-vaikai-kaip-nusimesti-skausmingos-praeities-nasta-ir-atkurti-dvasios-ramybe\/#breadcrumb\",\"itemListElement\":[{\"@type\":\"ListItem\",\"position\":1,\"name\":\"Home\",\"item\":\"https:\/\/skaitytaknyga.lt\/\"},{\"@type\":\"ListItem\",\"position\":2,\"name\":\"Parduotuv\u0117\",\"item\":\"https:\/\/skaitytaknyga.lt\/knygu-parduotuve\/\"},{\"@type\":\"ListItem\",\"position\":3,\"name\":\"Suaug\u0119 alkoholik\u0173 vaikai. Kaip nusimesti skausmingos praeities na\u0161t\u0105 ir atkurti dvasios ramyb\u0119\"}]},{\"@type\":\"WebSite\",\"@id\":\"https:\/\/skaitytaknyga.lt\/#website\",\"url\":\"https:\/\/skaitytaknyga.lt\/\",\"name\":\"skaitytaknyga.lt\",\"description\":\"Skaitytaknyga.lt \u2013 tai ma\u017eas \u0161eimos verslas, kuris prasid\u0117jo nuo meil\u0117s knygoms ir siekio i\u0161gelb\u0117ti knygas nuo likimo prie konteinerio. Kas vienam nereikalingas daiktas \u2013 kitam lobis, o mes esame tarpininkai, kurie padeda abiems tapti laimingesniems ???? \u017dinome kaip nelengva i\u0161gyventi ma\u017eiems verslams, tad nuo \u0161iol, \u010dia rasite ir kit\u0173, ma\u017e\u0173 \u0161eim\u0173 versl\u0173, rank\u0173 darbo, dovan\u0173 sau ir artimiesiems.\",\"publisher\":{\"@id\":\"https:\/\/skaitytaknyga.lt\/#organization\"},\"potentialAction\":[{\"@type\":\"SearchAction\",\"target\":{\"@type\":\"EntryPoint\",\"urlTemplate\":\"https:\/\/skaitytaknyga.lt\/?s={search_term_string}\"},\"query-input\":{\"@type\":\"PropertyValueSpecification\",\"valueRequired\":true,\"valueName\":\"search_term_string\"}}],\"inLanguage\":\"en-GB\"},{\"@type\":\"Organization\",\"@id\":\"https:\/\/skaitytaknyga.lt\/#organization\",\"name\":\"skaitytaknyga.lt\",\"url\":\"https:\/\/skaitytaknyga.lt\/\",\"logo\":{\"@type\":\"ImageObject\",\"inLanguage\":\"en-GB\",\"@id\":\"https:\/\/skaitytaknyga.lt\/#\/schema\/logo\/image\/\",\"url\":\"https:\/\/skaitytaknyga.lt\/wp-content\/uploads\/2024\/05\/cropped-cropped-cropped-02_00843_jt3bggkj1j3HLc7SyY6rEUpg.jpeg\",\"contentUrl\":\"https:\/\/skaitytaknyga.lt\/wp-content\/uploads\/2024\/05\/cropped-cropped-cropped-02_00843_jt3bggkj1j3HLc7SyY6rEUpg.jpeg\",\"width\":1600,\"height\":1600,\"caption\":\"skaitytaknyga.lt\"},\"image\":{\"@id\":\"https:\/\/skaitytaknyga.lt\/#\/schema\/logo\/image\/\"},\"sameAs\":[\"https:\/\/www.facebook.com\/skaitytaknyga\/\"]}]}<\/script>\n<!-- \/ Yoast SEO plugin. -->","yoast_head_json":{"title":"Suaug\u0119 alkoholik\u0173 vaikai. Kaip nusimesti skausmingos praeities na\u0161t\u0105 ir atkurti dvasios ramyb\u0119","description":"Tarptautin\u012f pripa\u017einim\u0105 pelniusioje knygoje\u00a0\u201eSuaug\u0119 alkoholik\u0173 vaikai\u201c\u00a0autor\u0117 pa\u017evelgia \u012f vid\u0173 t\u0173, kurie augo priklausomybi\u0173 kamuojamose, nedarniose","robots":{"index":"index","follow":"follow","max-snippet":"max-snippet:-1","max-image-preview":"max-image-preview:large","max-video-preview":"max-video-preview:-1"},"canonical":"https:\/\/skaitytaknyga.lt\/en\/produktas\/suauge-alkoholiku-vaikai-kaip-nusimesti-skausmingos-praeities-nasta-ir-atkurti-dvasios-ramybe\/","og_locale":"en_GB","og_type":"article","og_title":"[:lt]Suaug\u0119 alkoholik\u0173 vaikai. Kaip nusimesti skausmingos praeities na\u0161t\u0105 ir atkurti dvasios ramyb\u0119[:] - Skaitytaknyga","og_description":"Tarptautin\u012f pripa\u017einim\u0105 pelniusioje knygoje\u00a0\u201eSuaug\u0119 alkoholik\u0173 vaikai\u201c\u00a0autor\u0117 pa\u017evelgia \u012f vid\u0173 t\u0173, kurie augo priklausomybi\u0173 kamuojamose, nedarniose","og_url":"https:\/\/skaitytaknyga.lt\/en\/produktas\/suauge-alkoholiku-vaikai-kaip-nusimesti-skausmingos-praeities-nasta-ir-atkurti-dvasios-ramybe\/","og_site_name":"Skaitytaknyga","article_publisher":"https:\/\/www.facebook.com\/skaitytaknyga\/","article_modified_time":"2025-05-12T11:05:56+00:00","og_image":[{"width":504,"height":777,"url":"https:\/\/skaitytaknyga.lt\/wp-content\/uploads\/2024\/09\/Suauge-alkoholiku-vaikai.-Kaip-nusimesti-skausmingos-praeities-nasta-ir-atkurti-dvasios-ramybe.webp","type":"image\/webp"}],"twitter_card":"summary_large_image","twitter_misc":{"Estimated reading time":"1 minute"},"schema":{"@context":"https:\/\/schema.org","@graph":[{"@type":"WebPage","@id":"https:\/\/skaitytaknyga.lt\/produktas\/suauge-alkoholiku-vaikai-kaip-nusimesti-skausmingos-praeities-nasta-ir-atkurti-dvasios-ramybe\/","url":"https:\/\/skaitytaknyga.lt\/produktas\/suauge-alkoholiku-vaikai-kaip-nusimesti-skausmingos-praeities-nasta-ir-atkurti-dvasios-ramybe\/","name":"Suaug\u0119 alkoholik\u0173 vaikai. Kaip nusimesti skausmingos praeities na\u0161t\u0105 ir atkurti dvasios ramyb\u0119","isPartOf":{"@id":"https:\/\/skaitytaknyga.lt\/#website"},"primaryImageOfPage":{"@id":"https:\/\/skaitytaknyga.lt\/produktas\/suauge-alkoholiku-vaikai-kaip-nusimesti-skausmingos-praeities-nasta-ir-atkurti-dvasios-ramybe\/#primaryimage"},"image":{"@id":"https:\/\/skaitytaknyga.lt\/produktas\/suauge-alkoholiku-vaikai-kaip-nusimesti-skausmingos-praeities-nasta-ir-atkurti-dvasios-ramybe\/#primaryimage"},"thumbnailUrl":"https:\/\/skaitytaknyga.lt\/wp-content\/uploads\/2024\/09\/Suauge-alkoholiku-vaikai.-Kaip-nusimesti-skausmingos-praeities-nasta-ir-atkurti-dvasios-ramybe.webp","datePublished":"2024-09-28T12:18:37+00:00","dateModified":"2025-05-12T11:05:56+00:00","description":"Tarptautin\u012f pripa\u017einim\u0105 pelniusioje knygoje\u00a0\u201eSuaug\u0119 alkoholik\u0173 vaikai\u201c\u00a0autor\u0117 pa\u017evelgia \u012f vid\u0173 t\u0173, kurie augo priklausomybi\u0173 kamuojamose, nedarniose","breadcrumb":{"@id":"https:\/\/skaitytaknyga.lt\/produktas\/suauge-alkoholiku-vaikai-kaip-nusimesti-skausmingos-praeities-nasta-ir-atkurti-dvasios-ramybe\/#breadcrumb"},"inLanguage":"en-GB","potentialAction":[{"@type":"ReadAction","target":["https:\/\/skaitytaknyga.lt\/produktas\/suauge-alkoholiku-vaikai-kaip-nusimesti-skausmingos-praeities-nasta-ir-atkurti-dvasios-ramybe\/"]}]},{"@type":"ImageObject","inLanguage":"en-GB","@id":"https:\/\/skaitytaknyga.lt\/produktas\/suauge-alkoholiku-vaikai-kaip-nusimesti-skausmingos-praeities-nasta-ir-atkurti-dvasios-ramybe\/#primaryimage","url":"https:\/\/skaitytaknyga.lt\/wp-content\/uploads\/2024\/09\/Suauge-alkoholiku-vaikai.-Kaip-nusimesti-skausmingos-praeities-nasta-ir-atkurti-dvasios-ramybe.webp","contentUrl":"https:\/\/skaitytaknyga.lt\/wp-content\/uploads\/2024\/09\/Suauge-alkoholiku-vaikai.-Kaip-nusimesti-skausmingos-praeities-nasta-ir-atkurti-dvasios-ramybe.webp","width":504,"height":777,"caption":"Suaug\u0119 alkoholik\u0173 vaikai. Kaip nusimesti skausmingos praeities na\u0161t\u0105 ir atkurti dvasios ramyb\u0119"},{"@type":"BreadcrumbList","@id":"https:\/\/skaitytaknyga.lt\/produktas\/suauge-alkoholiku-vaikai-kaip-nusimesti-skausmingos-praeities-nasta-ir-atkurti-dvasios-ramybe\/#breadcrumb","itemListElement":[{"@type":"ListItem","position":1,"name":"Home","item":"https:\/\/skaitytaknyga.lt\/"},{"@type":"ListItem","position":2,"name":"Parduotuv\u0117","item":"https:\/\/skaitytaknyga.lt\/knygu-parduotuve\/"},{"@type":"ListItem","position":3,"name":"Suaug\u0119 alkoholik\u0173 vaikai. Kaip nusimesti skausmingos praeities na\u0161t\u0105 ir atkurti dvasios ramyb\u0119"}]},{"@type":"WebSite","@id":"https:\/\/skaitytaknyga.lt\/#website","url":"https:\/\/skaitytaknyga.lt\/","name":"skaitytaknyga.lt","description":"Skaitytaknyga.lt \u2013 tai ma\u017eas \u0161eimos verslas, kuris prasid\u0117jo nuo meil\u0117s knygoms ir siekio i\u0161gelb\u0117ti knygas nuo likimo prie konteinerio. Kas vienam nereikalingas daiktas \u2013 kitam lobis, o mes esame tarpininkai, kurie padeda abiems tapti laimingesniems ???? \u017dinome kaip nelengva i\u0161gyventi ma\u017eiems verslams, tad nuo \u0161iol, \u010dia rasite ir kit\u0173, ma\u017e\u0173 \u0161eim\u0173 versl\u0173, rank\u0173 darbo, dovan\u0173 sau ir artimiesiems.","publisher":{"@id":"https:\/\/skaitytaknyga.lt\/#organization"},"potentialAction":[{"@type":"SearchAction","target":{"@type":"EntryPoint","urlTemplate":"https:\/\/skaitytaknyga.lt\/?s={search_term_string}"},"query-input":{"@type":"PropertyValueSpecification","valueRequired":true,"valueName":"search_term_string"}}],"inLanguage":"en-GB"},{"@type":"Organization","@id":"https:\/\/skaitytaknyga.lt\/#organization","name":"skaitytaknyga.lt","url":"https:\/\/skaitytaknyga.lt\/","logo":{"@type":"ImageObject","inLanguage":"en-GB","@id":"https:\/\/skaitytaknyga.lt\/#\/schema\/logo\/image\/","url":"https:\/\/skaitytaknyga.lt\/wp-content\/uploads\/2024\/05\/cropped-cropped-cropped-02_00843_jt3bggkj1j3HLc7SyY6rEUpg.jpeg","contentUrl":"https:\/\/skaitytaknyga.lt\/wp-content\/uploads\/2024\/05\/cropped-cropped-cropped-02_00843_jt3bggkj1j3HLc7SyY6rEUpg.jpeg","width":1600,"height":1600,"caption":"skaitytaknyga.lt"},"image":{"@id":"https:\/\/skaitytaknyga.lt\/#\/schema\/logo\/image\/"},"sameAs":["https:\/\/www.facebook.com\/skaitytaknyga\/"]}]}},"_links":{"self":[{"href":"https:\/\/skaitytaknyga.lt\/en\/wp-json\/wp\/v2\/product\/14070","targetHints":{"allow":["GET"]}}],"collection":[{"href":"https:\/\/skaitytaknyga.lt\/en\/wp-json\/wp\/v2\/product"}],"about":[{"href":"https:\/\/skaitytaknyga.lt\/en\/wp-json\/wp\/v2\/types\/product"}],"replies":[{"embeddable":true,"href":"https:\/\/skaitytaknyga.lt\/en\/wp-json\/wp\/v2\/comments?post=14070"}],"wp:featuredmedia":[{"embeddable":true,"href":"https:\/\/skaitytaknyga.lt\/en\/wp-json\/wp\/v2\/media\/14074"}],"wp:attachment":[{"href":"https:\/\/skaitytaknyga.lt\/en\/wp-json\/wp\/v2\/media?parent=14070"}],"wp:term":[{"taxonomy":"product_brand","embeddable":true,"href":"https:\/\/skaitytaknyga.lt\/en\/wp-json\/wp\/v2\/product_brand?post=14070"},{"taxonomy":"product_cat","embeddable":true,"href":"https:\/\/skaitytaknyga.lt\/en\/wp-json\/wp\/v2\/product_cat?post=14070"},{"taxonomy":"product_tag","embeddable":true,"href":"https:\/\/skaitytaknyga.lt\/en\/wp-json\/wp\/v2\/product_tag?post=14070"}],"curies":[{"name":"wp","href":"https:\/\/api.w.org\/{rel}","templated":true}]}}