{"id":14069,"date":"2024-09-28T15:18:37","date_gmt":"2024-09-28T12:18:37","guid":{"rendered":"https:\/\/skaitytaknyga.lt\/?post_type=product&#038;p=14069"},"modified":"2025-06-23T11:47:51","modified_gmt":"2025-06-23T08:47:51","slug":"robert-greene-joost-elffers-jega-48-galios-desniai","status":"publish","type":"product","link":"https:\/\/skaitytaknyga.lt\/en\/produktas\/robert-greene-joost-elffers-jega-48-galios-desniai\/","title":{"rendered":"J\u0117ga. 48 galios d\u0117sniai"},"content":{"rendered":"<p><strong>\u201eJ\u0117ga. 48 vald\u017eios d\u0117sniai\u201c<\/strong>\u00a0\u2013 bestseleris tiems, kurie siekia galios, j\u0105 stebi arba nori nuo jos apsiginti.<\/p>\n<p>Vieni \u017emon\u0117s \u017eaid\u017eia su galia ir praranda visk\u0105 d\u0117l lemtingos klaidos. Kiti persistengia arba nesistengia pakankamai. Vis d\u0117lto yra toki\u0173, kurie pasitelk\u0119 beveik ne\u017emogi\u0161k\u0105 miklum\u0105, geba prisitraukti gali\u0105.<\/p>\n<p>Amoral\u016bs, sukti, negailestingi ir pamokomi 48 galios D\u0116SNIAI \u2013 tai skvarbi, i\u0161gryninta 3000 met\u0173 galios istorijos santrauka. Naujasis bestselerio leidimas dar labiau i\u0161grynina did\u017ei\u0173 m\u0105stytoj\u0173, toki\u0173 kaip Machiavelli, Sun Tzu, Carlas von Clausewitzas, i\u0161mint\u012f ir \u012fvairiais am\u017eiais gyvenusi\u0173 valstyb\u0117s veik\u0117j\u0173, kari\u0173, suved\u017eiotoj\u0173 ir suk\u010di\u0173 palikim\u0105.<\/p>\n<p>48 galios d\u0117sniai \u2013 pavyzdinis vadov\u0117lis apie \u0161iuolaikines manipuliacijas. Tai gali b\u016bti viena \u012fdomiausi\u0173 ir naudingiausi\u0173 J\u016bs\u0173 \u012fsigyt\u0173 knyg\u0173.<\/p>\n<p>\u201eJei galia yra j\u016bs\u0173 pagrindinis tikslas, tai yra knyga, kurios jums reikia.&#8221; \u2013\u00a0<em>The Times<\/em><\/p>\n<ul class=\"about-product d-none d-xl-block mt-4\">\n<li><strong>Originalus pavadinimas:<\/strong>\u00a0The 48 Laws of Power<\/li>\n<li><strong>Autorius:<\/strong>\u00a0Robert Greene,\u00a0Joost Elffers<\/li>\n<li><strong>Leid\u0117jas:<\/strong>\u00a0Eugrimas<\/li>\n<li><strong>Metai:<\/strong>\u00a02023<\/li>\n<li><strong>Puslapiai:<\/strong>\u00a0208<\/li>\n<li><strong>ISBN:<\/strong>\u00a09786094374524<\/li>\n<li><strong>Versijos kodas:<\/strong>\u00a014<\/li>\n<li><strong>Formatas:<\/strong>\u00a015 x 22 x 1,5 cm, kieti vir\u0161eliai<\/li>\n<li><strong>Kalba:<\/strong>\u00a0Lietuvi\u0173<\/li>\n<li><strong>Vert\u0117jas:<\/strong>\u00a0R\u016bta Saudargait\u0117<\/li>\n<\/ul>\n","protected":false},"excerpt":{"rendered":"<p>\u201eJ\u0117ga. 48 vald\u017eios d\u0117sniai\u201c\u00a0\u2013 bestseleris tiems, kurie siekia galios, j\u0105 stebi arba nori nuo jos apsiginti. Vieni \u017emon\u0117s \u017eaid\u017eia su galia ir praranda visk\u0105 d\u0117l lemtingos klaidos. Kiti persistengia arba nesistengia pakankamai. Vis d\u0117lto yra toki\u0173, kurie pasitelk\u0119 beveik ne\u017emogi\u0161k\u0105 miklum\u0105, geba prisitraukti gali\u0105. Amoral\u016bs, sukti, negailestingi ir pamokomi 48 galios D\u0116SNIAI \u2013 tai skvarbi, i\u0161gryninta 3000 met\u0173 galios istorijos santrauka. Naujasis bestselerio leidimas dar labiau i\u0161grynina did\u017ei\u0173 m\u0105stytoj\u0173, toki\u0173 kaip Machiavelli, Sun Tzu, Carlas von Clausewitzas, i\u0161mint\u012f ir \u012fvairiais am\u017eiais gyvenusi\u0173 valstyb\u0117s veik\u0117j\u0173, kari\u0173, suved\u017eiotoj\u0173 ir suk\u010di\u0173 palikim\u0105. 48 galios d\u0117sniai \u2013 pavyzdinis vadov\u0117lis apie \u0161iuolaikines manipuliacijas. Tai gali b\u016bti viena \u012fdomiausi\u0173 ir naudingiausi\u0173 J\u016bs\u0173 \u012fsigyt\u0173 knyg\u0173. \u201eJei galia yra j\u016bs\u0173 pagrindinis tikslas, tai yra knyga, kurios jums reikia.&#8221; \u2013\u00a0The Times Originalus pavadinimas:\u00a0The 48 Laws of Power Autorius:\u00a0Robert Greene,\u00a0Joost Elffers Leid\u0117jas:\u00a0Eugrimas Metai:\u00a02023 Puslapiai:\u00a0208 ISBN:\u00a09786094374524 Versijos kodas:\u00a014 Formatas:\u00a015 x 22 x 1,5 cm, kieti vir\u0161eliai Kalba:\u00a0Lietuvi\u0173 Vert\u0117jas:\u00a0R\u016bta Saudargait\u0117<\/p>\n","protected":false},"featured_media":14075,"comment_status":"open","ping_status":"closed","template":"","meta":{"_acf_changed":false,"site-sidebar-layout":"default","site-content-layout":"","ast-site-content-layout":"default","site-content-style":"default","site-sidebar-style":"default","ast-global-header-display":"","ast-banner-title-visibility":"","ast-main-header-display":"","ast-hfb-above-header-display":"","ast-hfb-below-header-display":"","ast-hfb-mobile-header-display":"","site-post-title":"","ast-breadcrumbs-content":"","ast-featured-img":"","footer-sml-layout":"","ast-disable-related-posts":"","theme-transparent-header-meta":"default","adv-header-id-meta":"","stick-header-meta":"","header-above-stick-meta":"","header-main-stick-meta":"","header-below-stick-meta":"","astra-migrate-meta-layouts":"set","ast-page-background-enabled":"default","ast-page-background-meta":{"desktop":{"background-color":"","background-image":"","background-repeat":"repeat","background-position":"center center","background-size":"auto","background-attachment":"scroll","background-type":"","background-media":"","overlay-type":"","overlay-color":"","overlay-opacity":"","overlay-gradient":""},"tablet":{"background-color":"","background-image":"","background-repeat":"repeat","background-position":"center center","background-size":"auto","background-attachment":"scroll","background-type":"","background-media":"","overlay-type":"","overlay-color":"","overlay-opacity":"","overlay-gradient":""},"mobile":{"background-color":"","background-image":"","background-repeat":"repeat","background-position":"center center","background-size":"auto","background-attachment":"scroll","background-type":"","background-media":"","overlay-type":"","overlay-color":"","overlay-opacity":"","overlay-gradient":""}},"ast-content-background-meta":{"desktop":{"background-color":"var(--ast-global-color-4)","background-image":"","background-repeat":"repeat","background-position":"center center","background-size":"auto","background-attachment":"scroll","background-type":"","background-media":"","overlay-type":"","overlay-color":"","overlay-opacity":"","overlay-gradient":""},"tablet":{"background-color":"var(--ast-global-color-4)","background-image":"","background-repeat":"repeat","background-position":"center center","background-size":"auto","background-attachment":"scroll","background-type":"","background-media":"","overlay-type":"","overlay-color":"","overlay-opacity":"","overlay-gradient":""},"mobile":{"background-color":"var(--ast-global-color-4)","background-image":"","background-repeat":"repeat","background-position":"center center","background-size":"auto","background-attachment":"scroll","background-type":"","background-media":"","overlay-type":"","overlay-color":"","overlay-opacity":"","overlay-gradient":""}}},"product_brand":[],"product_cat":[15,30],"product_tag":[],"class_list":{"0":"post-14069","1":"product","2":"type-product","3":"status-publish","4":"has-post-thumbnail","6":"product_cat-uncategorized","7":"product_cat-psichologija-ir-saviugda","8":"desktop-align-left","9":"tablet-align-left","10":"mobile-align-left","12":"first","13":"instock","14":"shipping-taxable","15":"purchasable","16":"product-type-simple"},"acf":[],"yoast_head":"<!-- This site is optimized with the Yoast SEO plugin v27.0 - https:\/\/yoast.com\/product\/yoast-seo-wordpress\/ -->\n<title>J\u0117ga. 48 galios d\u0117sniai<\/title>\n<meta name=\"description\" content=\"\u201eJ\u0117ga. 48 vald\u017eios d\u0117sniai\u201c\u00a0\u2013 bestseleris tiems, kurie siekia galios, j\u0105 stebi arba nori nuo jos apsiginti. Vieni \u017emon\u0117s \u017eaid\u017eia su galia ir praranda\" \/>\n<meta name=\"robots\" content=\"index, follow, max-snippet:-1, max-image-preview:large, max-video-preview:-1\" \/>\n<link rel=\"canonical\" href=\"https:\/\/skaitytaknyga.lt\/en\/produktas\/robert-greene-joost-elffers-jega-48-galios-desniai\/\" \/>\n<meta property=\"og:locale\" content=\"en_GB\" \/>\n<meta property=\"og:locale:alternate\" content=\"lt_LT\" \/>\n<meta property=\"og:type\" content=\"article\" \/>\n<meta property=\"og:title\" content=\"J\u0117ga. 48 galios d\u0117sniai\" \/>\n<meta property=\"og:description\" content=\"\u201eJ\u0117ga. 48 vald\u017eios d\u0117sniai\u201c\u00a0\u2013 bestseleris tiems, kurie siekia galios, j\u0105 stebi arba nori nuo jos apsiginti. Vieni \u017emon\u0117s \u017eaid\u017eia su galia ir praranda\" \/>\n<meta property=\"og:url\" content=\"https:\/\/skaitytaknyga.lt\/en\/produktas\/robert-greene-joost-elffers-jega-48-galios-desniai\/\" \/>\n<meta property=\"og:site_name\" content=\"Skaitytaknyga\" \/>\n<meta property=\"article:publisher\" content=\"https:\/\/www.facebook.com\/skaitytaknyga\/\" \/>\n<meta property=\"article:modified_time\" content=\"2025-06-23T08:47:51+00:00\" \/>\n<meta property=\"og:image\" content=\"https:\/\/skaitytaknyga.lt\/wp-content\/uploads\/2024\/09\/Robert-Greene-Joost-Elffers-\u201eJega.-48-galios-desniai.webp\" \/>\n\t<meta property=\"og:image:width\" content=\"539\" \/>\n\t<meta property=\"og:image:height\" content=\"800\" \/>\n\t<meta property=\"og:image:type\" content=\"image\/webp\" \/>\n<meta name=\"twitter:card\" content=\"summary_large_image\" \/>\n<meta name=\"twitter:label1\" content=\"Estimated reading time\" \/>\n\t<meta name=\"twitter:data1\" content=\"2 minutes\" \/>\n<script type=\"application\/ld+json\" class=\"yoast-schema-graph\">{\"@context\":\"https:\/\/schema.org\",\"@graph\":[{\"@type\":\"WebPage\",\"@id\":\"https:\/\/skaitytaknyga.lt\/produktas\/robert-greene-joost-elffers-jega-48-galios-desniai\/\",\"url\":\"https:\/\/skaitytaknyga.lt\/produktas\/robert-greene-joost-elffers-jega-48-galios-desniai\/\",\"name\":\"J\u0117ga. 48 galios d\u0117sniai\",\"isPartOf\":{\"@id\":\"https:\/\/skaitytaknyga.lt\/#website\"},\"primaryImageOfPage\":{\"@id\":\"https:\/\/skaitytaknyga.lt\/produktas\/robert-greene-joost-elffers-jega-48-galios-desniai\/#primaryimage\"},\"image\":{\"@id\":\"https:\/\/skaitytaknyga.lt\/produktas\/robert-greene-joost-elffers-jega-48-galios-desniai\/#primaryimage\"},\"thumbnailUrl\":\"https:\/\/skaitytaknyga.lt\/wp-content\/uploads\/2024\/09\/Robert-Greene-Joost-Elffers-\u201eJega.-48-galios-desniai.webp\",\"datePublished\":\"2024-09-28T12:18:37+00:00\",\"dateModified\":\"2025-06-23T08:47:51+00:00\",\"description\":\"\u201eJ\u0117ga. 48 vald\u017eios d\u0117sniai\u201c\u00a0\u2013 bestseleris tiems, kurie siekia galios, j\u0105 stebi arba nori nuo jos apsiginti. Vieni \u017emon\u0117s \u017eaid\u017eia su galia ir praranda\",\"breadcrumb\":{\"@id\":\"https:\/\/skaitytaknyga.lt\/produktas\/robert-greene-joost-elffers-jega-48-galios-desniai\/#breadcrumb\"},\"inLanguage\":\"en-GB\",\"potentialAction\":[{\"@type\":\"ReadAction\",\"target\":[\"https:\/\/skaitytaknyga.lt\/produktas\/robert-greene-joost-elffers-jega-48-galios-desniai\/\"]}]},{\"@type\":\"ImageObject\",\"inLanguage\":\"en-GB\",\"@id\":\"https:\/\/skaitytaknyga.lt\/produktas\/robert-greene-joost-elffers-jega-48-galios-desniai\/#primaryimage\",\"url\":\"https:\/\/skaitytaknyga.lt\/wp-content\/uploads\/2024\/09\/Robert-Greene-Joost-Elffers-\u201eJega.-48-galios-desniai.webp\",\"contentUrl\":\"https:\/\/skaitytaknyga.lt\/wp-content\/uploads\/2024\/09\/Robert-Greene-Joost-Elffers-\u201eJega.-48-galios-desniai.webp\",\"width\":539,\"height\":800,\"caption\":\"Robert Greene,\u00a0Joost Elffers \u201eJ\u0117ga. 48 galios d\u0117sniai\u201c\"},{\"@type\":\"BreadcrumbList\",\"@id\":\"https:\/\/skaitytaknyga.lt\/produktas\/robert-greene-joost-elffers-jega-48-galios-desniai\/#breadcrumb\",\"itemListElement\":[{\"@type\":\"ListItem\",\"position\":1,\"name\":\"Home\",\"item\":\"https:\/\/skaitytaknyga.lt\/\"},{\"@type\":\"ListItem\",\"position\":2,\"name\":\"Parduotuv\u0117\",\"item\":\"https:\/\/skaitytaknyga.lt\/knygu-parduotuve\/\"},{\"@type\":\"ListItem\",\"position\":3,\"name\":\"J\u0117ga. 48 galios d\u0117sniai\"}]},{\"@type\":\"WebSite\",\"@id\":\"https:\/\/skaitytaknyga.lt\/#website\",\"url\":\"https:\/\/skaitytaknyga.lt\/\",\"name\":\"skaitytaknyga.lt\",\"description\":\"Skaitytaknyga.lt \u2013 tai ma\u017eas \u0161eimos verslas, kuris prasid\u0117jo nuo meil\u0117s knygoms ir siekio i\u0161gelb\u0117ti knygas nuo likimo prie konteinerio. Kas vienam nereikalingas daiktas \u2013 kitam lobis, o mes esame tarpininkai, kurie padeda abiems tapti laimingesniems ???? \u017dinome kaip nelengva i\u0161gyventi ma\u017eiems verslams, tad nuo \u0161iol, \u010dia rasite ir kit\u0173, ma\u017e\u0173 \u0161eim\u0173 versl\u0173, rank\u0173 darbo, dovan\u0173 sau ir artimiesiems.\",\"publisher\":{\"@id\":\"https:\/\/skaitytaknyga.lt\/#organization\"},\"potentialAction\":[{\"@type\":\"SearchAction\",\"target\":{\"@type\":\"EntryPoint\",\"urlTemplate\":\"https:\/\/skaitytaknyga.lt\/?s={search_term_string}\"},\"query-input\":{\"@type\":\"PropertyValueSpecification\",\"valueRequired\":true,\"valueName\":\"search_term_string\"}}],\"inLanguage\":\"en-GB\"},{\"@type\":\"Organization\",\"@id\":\"https:\/\/skaitytaknyga.lt\/#organization\",\"name\":\"skaitytaknyga.lt\",\"url\":\"https:\/\/skaitytaknyga.lt\/\",\"logo\":{\"@type\":\"ImageObject\",\"inLanguage\":\"en-GB\",\"@id\":\"https:\/\/skaitytaknyga.lt\/#\/schema\/logo\/image\/\",\"url\":\"https:\/\/skaitytaknyga.lt\/wp-content\/uploads\/2024\/05\/cropped-cropped-cropped-02_00843_jt3bggkj1j3HLc7SyY6rEUpg.jpeg\",\"contentUrl\":\"https:\/\/skaitytaknyga.lt\/wp-content\/uploads\/2024\/05\/cropped-cropped-cropped-02_00843_jt3bggkj1j3HLc7SyY6rEUpg.jpeg\",\"width\":1600,\"height\":1600,\"caption\":\"skaitytaknyga.lt\"},\"image\":{\"@id\":\"https:\/\/skaitytaknyga.lt\/#\/schema\/logo\/image\/\"},\"sameAs\":[\"https:\/\/www.facebook.com\/skaitytaknyga\/\"]}]}<\/script>\n<!-- \/ Yoast SEO plugin. -->","yoast_head_json":{"title":"J\u0117ga. 48 galios d\u0117sniai","description":"\u201eJ\u0117ga. 48 vald\u017eios d\u0117sniai\u201c\u00a0\u2013 bestseleris tiems, kurie siekia galios, j\u0105 stebi arba nori nuo jos apsiginti. Vieni \u017emon\u0117s \u017eaid\u017eia su galia ir praranda","robots":{"index":"index","follow":"follow","max-snippet":"max-snippet:-1","max-image-preview":"max-image-preview:large","max-video-preview":"max-video-preview:-1"},"canonical":"https:\/\/skaitytaknyga.lt\/en\/produktas\/robert-greene-joost-elffers-jega-48-galios-desniai\/","og_locale":"en_GB","og_type":"article","og_title":"[:lt]J\u0117ga. 48 galios d\u0117sniai[:] - Skaitytaknyga","og_description":"\u201eJ\u0117ga. 48 vald\u017eios d\u0117sniai\u201c\u00a0\u2013 bestseleris tiems, kurie siekia galios, j\u0105 stebi arba nori nuo jos apsiginti. Vieni \u017emon\u0117s \u017eaid\u017eia su galia ir praranda","og_url":"https:\/\/skaitytaknyga.lt\/en\/produktas\/robert-greene-joost-elffers-jega-48-galios-desniai\/","og_site_name":"Skaitytaknyga","article_publisher":"https:\/\/www.facebook.com\/skaitytaknyga\/","article_modified_time":"2025-06-23T08:47:51+00:00","og_image":[{"width":539,"height":800,"url":"https:\/\/skaitytaknyga.lt\/wp-content\/uploads\/2024\/09\/Robert-Greene-Joost-Elffers-\u201eJega.-48-galios-desniai.webp","type":"image\/webp"}],"twitter_card":"summary_large_image","twitter_misc":{"Estimated reading time":"2 minutes"},"schema":{"@context":"https:\/\/schema.org","@graph":[{"@type":"WebPage","@id":"https:\/\/skaitytaknyga.lt\/produktas\/robert-greene-joost-elffers-jega-48-galios-desniai\/","url":"https:\/\/skaitytaknyga.lt\/produktas\/robert-greene-joost-elffers-jega-48-galios-desniai\/","name":"J\u0117ga. 48 galios d\u0117sniai","isPartOf":{"@id":"https:\/\/skaitytaknyga.lt\/#website"},"primaryImageOfPage":{"@id":"https:\/\/skaitytaknyga.lt\/produktas\/robert-greene-joost-elffers-jega-48-galios-desniai\/#primaryimage"},"image":{"@id":"https:\/\/skaitytaknyga.lt\/produktas\/robert-greene-joost-elffers-jega-48-galios-desniai\/#primaryimage"},"thumbnailUrl":"https:\/\/skaitytaknyga.lt\/wp-content\/uploads\/2024\/09\/Robert-Greene-Joost-Elffers-\u201eJega.-48-galios-desniai.webp","datePublished":"2024-09-28T12:18:37+00:00","dateModified":"2025-06-23T08:47:51+00:00","description":"\u201eJ\u0117ga. 48 vald\u017eios d\u0117sniai\u201c\u00a0\u2013 bestseleris tiems, kurie siekia galios, j\u0105 stebi arba nori nuo jos apsiginti. Vieni \u017emon\u0117s \u017eaid\u017eia su galia ir praranda","breadcrumb":{"@id":"https:\/\/skaitytaknyga.lt\/produktas\/robert-greene-joost-elffers-jega-48-galios-desniai\/#breadcrumb"},"inLanguage":"en-GB","potentialAction":[{"@type":"ReadAction","target":["https:\/\/skaitytaknyga.lt\/produktas\/robert-greene-joost-elffers-jega-48-galios-desniai\/"]}]},{"@type":"ImageObject","inLanguage":"en-GB","@id":"https:\/\/skaitytaknyga.lt\/produktas\/robert-greene-joost-elffers-jega-48-galios-desniai\/#primaryimage","url":"https:\/\/skaitytaknyga.lt\/wp-content\/uploads\/2024\/09\/Robert-Greene-Joost-Elffers-\u201eJega.-48-galios-desniai.webp","contentUrl":"https:\/\/skaitytaknyga.lt\/wp-content\/uploads\/2024\/09\/Robert-Greene-Joost-Elffers-\u201eJega.-48-galios-desniai.webp","width":539,"height":800,"caption":"Robert Greene,\u00a0Joost Elffers \u201eJ\u0117ga. 48 galios d\u0117sniai\u201c"},{"@type":"BreadcrumbList","@id":"https:\/\/skaitytaknyga.lt\/produktas\/robert-greene-joost-elffers-jega-48-galios-desniai\/#breadcrumb","itemListElement":[{"@type":"ListItem","position":1,"name":"Home","item":"https:\/\/skaitytaknyga.lt\/"},{"@type":"ListItem","position":2,"name":"Parduotuv\u0117","item":"https:\/\/skaitytaknyga.lt\/knygu-parduotuve\/"},{"@type":"ListItem","position":3,"name":"J\u0117ga. 48 galios d\u0117sniai"}]},{"@type":"WebSite","@id":"https:\/\/skaitytaknyga.lt\/#website","url":"https:\/\/skaitytaknyga.lt\/","name":"skaitytaknyga.lt","description":"Skaitytaknyga.lt \u2013 tai ma\u017eas \u0161eimos verslas, kuris prasid\u0117jo nuo meil\u0117s knygoms ir siekio i\u0161gelb\u0117ti knygas nuo likimo prie konteinerio. Kas vienam nereikalingas daiktas \u2013 kitam lobis, o mes esame tarpininkai, kurie padeda abiems tapti laimingesniems ???? \u017dinome kaip nelengva i\u0161gyventi ma\u017eiems verslams, tad nuo \u0161iol, \u010dia rasite ir kit\u0173, ma\u017e\u0173 \u0161eim\u0173 versl\u0173, rank\u0173 darbo, dovan\u0173 sau ir artimiesiems.","publisher":{"@id":"https:\/\/skaitytaknyga.lt\/#organization"},"potentialAction":[{"@type":"SearchAction","target":{"@type":"EntryPoint","urlTemplate":"https:\/\/skaitytaknyga.lt\/?s={search_term_string}"},"query-input":{"@type":"PropertyValueSpecification","valueRequired":true,"valueName":"search_term_string"}}],"inLanguage":"en-GB"},{"@type":"Organization","@id":"https:\/\/skaitytaknyga.lt\/#organization","name":"skaitytaknyga.lt","url":"https:\/\/skaitytaknyga.lt\/","logo":{"@type":"ImageObject","inLanguage":"en-GB","@id":"https:\/\/skaitytaknyga.lt\/#\/schema\/logo\/image\/","url":"https:\/\/skaitytaknyga.lt\/wp-content\/uploads\/2024\/05\/cropped-cropped-cropped-02_00843_jt3bggkj1j3HLc7SyY6rEUpg.jpeg","contentUrl":"https:\/\/skaitytaknyga.lt\/wp-content\/uploads\/2024\/05\/cropped-cropped-cropped-02_00843_jt3bggkj1j3HLc7SyY6rEUpg.jpeg","width":1600,"height":1600,"caption":"skaitytaknyga.lt"},"image":{"@id":"https:\/\/skaitytaknyga.lt\/#\/schema\/logo\/image\/"},"sameAs":["https:\/\/www.facebook.com\/skaitytaknyga\/"]}]}},"_links":{"self":[{"href":"https:\/\/skaitytaknyga.lt\/en\/wp-json\/wp\/v2\/product\/14069","targetHints":{"allow":["GET"]}}],"collection":[{"href":"https:\/\/skaitytaknyga.lt\/en\/wp-json\/wp\/v2\/product"}],"about":[{"href":"https:\/\/skaitytaknyga.lt\/en\/wp-json\/wp\/v2\/types\/product"}],"replies":[{"embeddable":true,"href":"https:\/\/skaitytaknyga.lt\/en\/wp-json\/wp\/v2\/comments?post=14069"}],"wp:featuredmedia":[{"embeddable":true,"href":"https:\/\/skaitytaknyga.lt\/en\/wp-json\/wp\/v2\/media\/14075"}],"wp:attachment":[{"href":"https:\/\/skaitytaknyga.lt\/en\/wp-json\/wp\/v2\/media?parent=14069"}],"wp:term":[{"taxonomy":"product_brand","embeddable":true,"href":"https:\/\/skaitytaknyga.lt\/en\/wp-json\/wp\/v2\/product_brand?post=14069"},{"taxonomy":"product_cat","embeddable":true,"href":"https:\/\/skaitytaknyga.lt\/en\/wp-json\/wp\/v2\/product_cat?post=14069"},{"taxonomy":"product_tag","embeddable":true,"href":"https:\/\/skaitytaknyga.lt\/en\/wp-json\/wp\/v2\/product_tag?post=14069"}],"curies":[{"name":"wp","href":"https:\/\/api.w.org\/{rel}","templated":true}]}}