{"id":14068,"date":"2024-09-28T15:18:37","date_gmt":"2024-09-28T12:18:37","guid":{"rendered":"https:\/\/skaitytaknyga.lt\/?post_type=product&#038;p=14068"},"modified":"2026-04-01T17:04:08","modified_gmt":"2026-04-01T14:04:08","slug":"ne-priklausomi-kaip-liautis-kontroliuoti-kitus-ir-pradeti-rupintis-savimi","status":"publish","type":"product","link":"https:\/\/skaitytaknyga.lt\/en\/produktas\/ne-priklausomi-kaip-liautis-kontroliuoti-kitus-ir-pradeti-rupintis-savimi\/","title":{"rendered":"NE-PRIKLAUSOMI: kaip liautis kontroliuoti kitus ir prad\u0117ti r\u016bpintis savimi (su d\u0117mele)"},"content":{"rendered":"<p>\u201e\u0160i knyga yra apie svarbiausi\u0105 ir tikriausiai labiausiai ignoruojam\u0105 \u017emogaus atsakomyb\u0119 \u2013 r\u016bpinim\u0105si savimi. Apie tai, k\u0105 galite padaryti, kad pasijustum\u0117te geriau.&#8221;<\/p>\n<p>Melody Beattie<\/p>\n<p>\u0160ioje klasika tapusioje saviugdos knygoje amerikie\u010di\u0173 psicholog\u0117 Melody Beattie supa\u017eindina su kopriklausomais \u2013 per daug linkusiais kontroliuoti kitus \u2013 \u017emon\u0117mis. Pirmiausia tai yra \u017emon\u0117s, gyvenantys su priklausomybi\u0173 valdomais artimaisiais: alkoholikais, lo\u0161\u0117jais, darboholikais. Ta\u010diau \u0161i knyga ne tik jiems \u2013 daugelis susiduriame su per daug r\u016bpestingais t\u0117vais ar valdingais sutuoktiniais, linkusiais sekti kiekvien\u0105 m\u016bs\u0173 \u017eingsn\u012f.<\/p>\n<p>Pasak autor\u0117s, kontrol\u0117 \u2013 tik iliuzija. Mes negalime suvaldyti kito \u017emogaus min\u010di\u0173 ar emocij\u0173 ir prievarta paveikti j\u0173 valios. Vieninteliai \u017emon\u0117s, kuriems galime pad\u0117ti, esame mes patys.<br \/>\nApsisaugokite nuo skausmo ir suimkite gyvenim\u0105 \u012f savo rankas.<\/p>\n<p>PSICHOTERAPEUT\u0172 REKOMENDUOJAMA KNYGA.<\/p>\n<p>Melody Beattie yra viena m\u0117gstamiausi\u0173 Amerikoje saviugdos knyg\u0173 autori\u0173, da\u017enai prisimenama tarp priklausomyb\u0117s ligomis sergan\u010di\u0173 ir i\u0161 j\u0173 besivaduojan\u010di\u0173 \u017emoni\u0173. Jos tarptautinis bestseleris \u201eNe-priklausomi&#8221; 1986 m. supa\u017eindino visuomen\u0119 su terminu \u201ekopriklausomyb\u0117&#8221;. Milijonai skaitytoj\u0173 tik\u0117jo i\u0161mintingais Melody \u017eod\u017eiais ir patarimais, nes ji i\u0161 asmenin\u0117s patirties \u017einojo, k\u0105 jie i\u0161gyvena. Ji pati buvo palikta, pagrobta, patyr\u0117 seksualin\u0119 prievart\u0105, kent\u0117jo nuo alkoholio ir narkotik\u0173 priklausomyb\u0117s, i\u0161gyveno skyrybas ir vaiko netekt\u012f.<\/p>\n<ul class=\"about-product d-none d-xl-block mt-4\">\n<li><strong>Originalus pavadinimas:<\/strong>\u00a0Codependent No More<\/li>\n<li><strong>Autorius:<\/strong>\u00a0Melody Beattie<\/li>\n<li><strong>Leid\u0117jas:<\/strong>\u00a0Alma littera<\/li>\n<li><strong>Metai:<\/strong>\u00a02021<\/li>\n<li><strong>Puslapiai:<\/strong>\u00a0302<\/li>\n<li><strong>ISBN:<\/strong>\u00a09786090140246<\/li>\n<li><strong>Formatas:<\/strong>\u00a014,3 x 21,3 x 2,2 cm, mink\u0161ti vir\u0161eliai<\/li>\n<li><strong>Kalba:<\/strong>\u00a0Lietuvi\u0173<\/li>\n<li><strong>Vert\u0117jas:<\/strong>\u00a0Ieva Sakalinskait\u0117<\/li>\n<\/ul>\n","protected":false},"excerpt":{"rendered":"<p>\u201e\u0160i knyga yra apie svarbiausi\u0105 ir tikriausiai labiausiai ignoruojam\u0105 \u017emogaus atsakomyb\u0119 \u2013 r\u016bpinim\u0105si savimi. Apie tai, k\u0105 galite padaryti, kad pasijustum\u0117te geriau.&#8221; Melody Beattie \u0160ioje klasika tapusioje saviugdos knygoje amerikie\u010di\u0173 psicholog\u0117 Melody Beattie supa\u017eindina su kopriklausomais \u2013 per daug linkusiais kontroliuoti kitus \u2013 \u017emon\u0117mis. Pirmiausia tai yra \u017emon\u0117s, gyvenantys su priklausomybi\u0173 valdomais artimaisiais: alkoholikais, lo\u0161\u0117jais, darboholikais. Ta\u010diau \u0161i knyga ne tik jiems \u2013 daugelis susiduriame su per daug r\u016bpestingais t\u0117vais ar valdingais sutuoktiniais, linkusiais sekti kiekvien\u0105 m\u016bs\u0173 \u017eingsn\u012f. Pasak autor\u0117s, kontrol\u0117 \u2013 tik iliuzija. Mes negalime suvaldyti kito \u017emogaus min\u010di\u0173 ar emocij\u0173 ir prievarta paveikti j\u0173 valios. Vieninteliai \u017emon\u0117s, kuriems galime pad\u0117ti, esame mes patys. Apsisaugokite nuo skausmo ir suimkite gyvenim\u0105 \u012f savo rankas. PSICHOTERAPEUT\u0172 REKOMENDUOJAMA KNYGA. Melody Beattie yra viena m\u0117gstamiausi\u0173 Amerikoje saviugdos knyg\u0173 autori\u0173, da\u017enai prisimenama tarp priklausomyb\u0117s ligomis sergan\u010di\u0173 ir i\u0161 j\u0173 besivaduojan\u010di\u0173 \u017emoni\u0173. Jos tarptautinis bestseleris \u201eNe-priklausomi&#8221; 1986 m. supa\u017eindino visuomen\u0119 su terminu \u201ekopriklausomyb\u0117&#8221;. Milijonai skaitytoj\u0173 tik\u0117jo i\u0161mintingais Melody \u017eod\u017eiais ir patarimais, nes ji i\u0161 asmenin\u0117s patirties \u017einojo, k\u0105 jie i\u0161gyvena. Ji pati buvo palikta, pagrobta, patyr\u0117 seksualin\u0119 prievart\u0105, kent\u0117jo nuo alkoholio ir narkotik\u0173 priklausomyb\u0117s, i\u0161gyveno skyrybas ir vaiko netekt\u012f. Originalus pavadinimas:\u00a0Codependent No More Autorius:\u00a0Melody Beattie Leid\u0117jas:\u00a0Alma littera Metai:\u00a02021 Puslapiai:\u00a0302 ISBN:\u00a09786090140246 Formatas:\u00a014,3 x 21,3 x 2,2 cm, mink\u0161ti vir\u0161eliai Kalba:\u00a0Lietuvi\u0173 Vert\u0117jas:\u00a0Ieva Sakalinskait\u0117<\/p>\n","protected":false},"featured_media":14076,"comment_status":"open","ping_status":"closed","template":"","meta":{"_acf_changed":false,"site-sidebar-layout":"default","site-content-layout":"","ast-site-content-layout":"default","site-content-style":"default","site-sidebar-style":"default","ast-global-header-display":"","ast-banner-title-visibility":"","ast-main-header-display":"","ast-hfb-above-header-display":"","ast-hfb-below-header-display":"","ast-hfb-mobile-header-display":"","site-post-title":"","ast-breadcrumbs-content":"","ast-featured-img":"","footer-sml-layout":"","ast-disable-related-posts":"","theme-transparent-header-meta":"default","adv-header-id-meta":"","stick-header-meta":"","header-above-stick-meta":"","header-main-stick-meta":"","header-below-stick-meta":"","astra-migrate-meta-layouts":"set","ast-page-background-enabled":"default","ast-page-background-meta":{"desktop":{"background-color":"","background-image":"","background-repeat":"repeat","background-position":"center center","background-size":"auto","background-attachment":"scroll","background-type":"","background-media":"","overlay-type":"","overlay-color":"","overlay-opacity":"","overlay-gradient":""},"tablet":{"background-color":"","background-image":"","background-repeat":"repeat","background-position":"center center","background-size":"auto","background-attachment":"scroll","background-type":"","background-media":"","overlay-type":"","overlay-color":"","overlay-opacity":"","overlay-gradient":""},"mobile":{"background-color":"","background-image":"","background-repeat":"repeat","background-position":"center center","background-size":"auto","background-attachment":"scroll","background-type":"","background-media":"","overlay-type":"","overlay-color":"","overlay-opacity":"","overlay-gradient":""}},"ast-content-background-meta":{"desktop":{"background-color":"var(--ast-global-color-4)","background-image":"","background-repeat":"repeat","background-position":"center center","background-size":"auto","background-attachment":"scroll","background-type":"","background-media":"","overlay-type":"","overlay-color":"","overlay-opacity":"","overlay-gradient":""},"tablet":{"background-color":"var(--ast-global-color-4)","background-image":"","background-repeat":"repeat","background-position":"center center","background-size":"auto","background-attachment":"scroll","background-type":"","background-media":"","overlay-type":"","overlay-color":"","overlay-opacity":"","overlay-gradient":""},"mobile":{"background-color":"var(--ast-global-color-4)","background-image":"","background-repeat":"repeat","background-position":"center center","background-size":"auto","background-attachment":"scroll","background-type":"","background-media":"","overlay-type":"","overlay-color":"","overlay-opacity":"","overlay-gradient":""}}},"product_brand":[],"product_cat":[15,30],"product_tag":[1399,1669,1667,1668,1392,1417,1396],"class_list":{"0":"post-14068","1":"product","2":"type-product","3":"status-publish","4":"has-post-thumbnail","6":"product_cat-uncategorized","7":"product_cat-psichologija-ir-saviugda","8":"product_tag-asmeninis-tobulejimas","9":"product_tag-emocine-sveikata","10":"product_tag-melody-beattie","11":"product_tag-priklausomybe","12":"product_tag-psichologija","13":"product_tag-santykiai","14":"product_tag-saviugda","15":"desktop-align-left","16":"tablet-align-left","17":"mobile-align-left","19":"first","20":"instock","21":"shipping-taxable","22":"purchasable","23":"product-type-simple"},"acf":[],"yoast_head":"<!-- This site is optimized with the Yoast SEO plugin v27.0 - https:\/\/yoast.com\/product\/yoast-seo-wordpress\/ -->\n<title>NE-PRIKLAUSOMI: kaip liautis kontroliuoti kitus ir prad\u0117ti r\u016bpintis savimi (su d\u0117mele)<\/title>\n<meta name=\"description\" content=\"\u201e\u0160i knyga yra apie svarbiausi\u0105 ir tikriausiai labiausiai ignoruojam\u0105 \u017emogaus atsakomyb\u0119 \u2013 r\u016bpinim\u0105si savimi. Apie tai, k\u0105 galite padaryti, kad\" \/>\n<meta name=\"robots\" content=\"index, follow, max-snippet:-1, max-image-preview:large, max-video-preview:-1\" \/>\n<link rel=\"canonical\" href=\"https:\/\/skaitytaknyga.lt\/en\/produktas\/ne-priklausomi-kaip-liautis-kontroliuoti-kitus-ir-pradeti-rupintis-savimi\/\" \/>\n<meta property=\"og:locale\" content=\"en_GB\" \/>\n<meta property=\"og:locale:alternate\" content=\"lt_LT\" \/>\n<meta property=\"og:type\" content=\"article\" \/>\n<meta property=\"og:title\" content=\"NE-PRIKLAUSOMI: kaip liautis kontroliuoti kitus ir prad\u0117ti r\u016bpintis savimi (su d\u0117mele)\" \/>\n<meta property=\"og:description\" content=\"\u201e\u0160i knyga yra apie svarbiausi\u0105 ir tikriausiai labiausiai ignoruojam\u0105 \u017emogaus atsakomyb\u0119 \u2013 r\u016bpinim\u0105si savimi. Apie tai, k\u0105 galite padaryti, kad\" \/>\n<meta property=\"og:url\" content=\"https:\/\/skaitytaknyga.lt\/en\/produktas\/ne-priklausomi-kaip-liautis-kontroliuoti-kitus-ir-pradeti-rupintis-savimi\/\" \/>\n<meta property=\"og:site_name\" content=\"Skaitytaknyga\" \/>\n<meta property=\"article:publisher\" content=\"https:\/\/www.facebook.com\/skaitytaknyga\/\" \/>\n<meta property=\"article:modified_time\" content=\"2026-04-01T14:04:08+00:00\" \/>\n<meta property=\"og:image\" content=\"https:\/\/skaitytaknyga.lt\/wp-content\/uploads\/2024\/09\/NE-PRIKLAUSOMI-kaip-liautis-kontroliuoti-kitus-ir-pradeti-rupintis-savimi.webp\" \/>\n\t<meta property=\"og:image:width\" content=\"408\" \/>\n\t<meta property=\"og:image:height\" content=\"600\" \/>\n\t<meta property=\"og:image:type\" content=\"image\/webp\" \/>\n<meta name=\"twitter:card\" content=\"summary_large_image\" \/>\n<meta name=\"twitter:label1\" content=\"Estimated reading time\" \/>\n\t<meta name=\"twitter:data1\" content=\"2 minutes\" \/>\n<script type=\"application\/ld+json\" class=\"yoast-schema-graph\">{\"@context\":\"https:\/\/schema.org\",\"@graph\":[{\"@type\":\"WebPage\",\"@id\":\"https:\/\/skaitytaknyga.lt\/produktas\/ne-priklausomi-kaip-liautis-kontroliuoti-kitus-ir-pradeti-rupintis-savimi\/\",\"url\":\"https:\/\/skaitytaknyga.lt\/produktas\/ne-priklausomi-kaip-liautis-kontroliuoti-kitus-ir-pradeti-rupintis-savimi\/\",\"name\":\"NE-PRIKLAUSOMI: kaip liautis kontroliuoti kitus ir prad\u0117ti r\u016bpintis savimi (su d\u0117mele)\",\"isPartOf\":{\"@id\":\"https:\/\/skaitytaknyga.lt\/#website\"},\"primaryImageOfPage\":{\"@id\":\"https:\/\/skaitytaknyga.lt\/produktas\/ne-priklausomi-kaip-liautis-kontroliuoti-kitus-ir-pradeti-rupintis-savimi\/#primaryimage\"},\"image\":{\"@id\":\"https:\/\/skaitytaknyga.lt\/produktas\/ne-priklausomi-kaip-liautis-kontroliuoti-kitus-ir-pradeti-rupintis-savimi\/#primaryimage\"},\"thumbnailUrl\":\"https:\/\/skaitytaknyga.lt\/wp-content\/uploads\/2024\/09\/NE-PRIKLAUSOMI-kaip-liautis-kontroliuoti-kitus-ir-pradeti-rupintis-savimi.webp\",\"datePublished\":\"2024-09-28T12:18:37+00:00\",\"dateModified\":\"2026-04-01T14:04:08+00:00\",\"description\":\"\u201e\u0160i knyga yra apie svarbiausi\u0105 ir tikriausiai labiausiai ignoruojam\u0105 \u017emogaus atsakomyb\u0119 \u2013 r\u016bpinim\u0105si savimi. Apie tai, k\u0105 galite padaryti, kad\",\"breadcrumb\":{\"@id\":\"https:\/\/skaitytaknyga.lt\/produktas\/ne-priklausomi-kaip-liautis-kontroliuoti-kitus-ir-pradeti-rupintis-savimi\/#breadcrumb\"},\"inLanguage\":\"en-GB\",\"potentialAction\":[{\"@type\":\"ReadAction\",\"target\":[\"https:\/\/skaitytaknyga.lt\/produktas\/ne-priklausomi-kaip-liautis-kontroliuoti-kitus-ir-pradeti-rupintis-savimi\/\"]}]},{\"@type\":\"ImageObject\",\"inLanguage\":\"en-GB\",\"@id\":\"https:\/\/skaitytaknyga.lt\/produktas\/ne-priklausomi-kaip-liautis-kontroliuoti-kitus-ir-pradeti-rupintis-savimi\/#primaryimage\",\"url\":\"https:\/\/skaitytaknyga.lt\/wp-content\/uploads\/2024\/09\/NE-PRIKLAUSOMI-kaip-liautis-kontroliuoti-kitus-ir-pradeti-rupintis-savimi.webp\",\"contentUrl\":\"https:\/\/skaitytaknyga.lt\/wp-content\/uploads\/2024\/09\/NE-PRIKLAUSOMI-kaip-liautis-kontroliuoti-kitus-ir-pradeti-rupintis-savimi.webp\",\"width\":408,\"height\":600,\"caption\":\"NE-PRIKLAUSOMI: kaip liautis kontroliuoti kitus ir prad\u0117ti r\u016bpintis savimi\"},{\"@type\":\"BreadcrumbList\",\"@id\":\"https:\/\/skaitytaknyga.lt\/produktas\/ne-priklausomi-kaip-liautis-kontroliuoti-kitus-ir-pradeti-rupintis-savimi\/#breadcrumb\",\"itemListElement\":[{\"@type\":\"ListItem\",\"position\":1,\"name\":\"Home\",\"item\":\"https:\/\/skaitytaknyga.lt\/\"},{\"@type\":\"ListItem\",\"position\":2,\"name\":\"Parduotuv\u0117\",\"item\":\"https:\/\/skaitytaknyga.lt\/knygu-parduotuve\/\"},{\"@type\":\"ListItem\",\"position\":3,\"name\":\"NE-PRIKLAUSOMI: kaip liautis kontroliuoti kitus ir prad\u0117ti r\u016bpintis savimi (su d\u0117mele)\"}]},{\"@type\":\"WebSite\",\"@id\":\"https:\/\/skaitytaknyga.lt\/#website\",\"url\":\"https:\/\/skaitytaknyga.lt\/\",\"name\":\"skaitytaknyga.lt\",\"description\":\"Skaitytaknyga.lt \u2013 tai ma\u017eas \u0161eimos verslas, kuris prasid\u0117jo nuo meil\u0117s knygoms ir siekio i\u0161gelb\u0117ti knygas nuo likimo prie konteinerio. Kas vienam nereikalingas daiktas \u2013 kitam lobis, o mes esame tarpininkai, kurie padeda abiems tapti laimingesniems ???? \u017dinome kaip nelengva i\u0161gyventi ma\u017eiems verslams, tad nuo \u0161iol, \u010dia rasite ir kit\u0173, ma\u017e\u0173 \u0161eim\u0173 versl\u0173, rank\u0173 darbo, dovan\u0173 sau ir artimiesiems.\",\"publisher\":{\"@id\":\"https:\/\/skaitytaknyga.lt\/#organization\"},\"potentialAction\":[{\"@type\":\"SearchAction\",\"target\":{\"@type\":\"EntryPoint\",\"urlTemplate\":\"https:\/\/skaitytaknyga.lt\/?s={search_term_string}\"},\"query-input\":{\"@type\":\"PropertyValueSpecification\",\"valueRequired\":true,\"valueName\":\"search_term_string\"}}],\"inLanguage\":\"en-GB\"},{\"@type\":\"Organization\",\"@id\":\"https:\/\/skaitytaknyga.lt\/#organization\",\"name\":\"skaitytaknyga.lt\",\"url\":\"https:\/\/skaitytaknyga.lt\/\",\"logo\":{\"@type\":\"ImageObject\",\"inLanguage\":\"en-GB\",\"@id\":\"https:\/\/skaitytaknyga.lt\/#\/schema\/logo\/image\/\",\"url\":\"https:\/\/skaitytaknyga.lt\/wp-content\/uploads\/2024\/05\/cropped-cropped-cropped-02_00843_jt3bggkj1j3HLc7SyY6rEUpg.jpeg\",\"contentUrl\":\"https:\/\/skaitytaknyga.lt\/wp-content\/uploads\/2024\/05\/cropped-cropped-cropped-02_00843_jt3bggkj1j3HLc7SyY6rEUpg.jpeg\",\"width\":1600,\"height\":1600,\"caption\":\"skaitytaknyga.lt\"},\"image\":{\"@id\":\"https:\/\/skaitytaknyga.lt\/#\/schema\/logo\/image\/\"},\"sameAs\":[\"https:\/\/www.facebook.com\/skaitytaknyga\/\"]}]}<\/script>\n<!-- \/ Yoast SEO plugin. -->","yoast_head_json":{"title":"NE-PRIKLAUSOMI: kaip liautis kontroliuoti kitus ir prad\u0117ti r\u016bpintis savimi (su d\u0117mele)","description":"\u201e\u0160i knyga yra apie svarbiausi\u0105 ir tikriausiai labiausiai ignoruojam\u0105 \u017emogaus atsakomyb\u0119 \u2013 r\u016bpinim\u0105si savimi. Apie tai, k\u0105 galite padaryti, kad","robots":{"index":"index","follow":"follow","max-snippet":"max-snippet:-1","max-image-preview":"max-image-preview:large","max-video-preview":"max-video-preview:-1"},"canonical":"https:\/\/skaitytaknyga.lt\/en\/produktas\/ne-priklausomi-kaip-liautis-kontroliuoti-kitus-ir-pradeti-rupintis-savimi\/","og_locale":"en_GB","og_type":"article","og_title":"[:lt]NE-PRIKLAUSOMI: kaip liautis kontroliuoti kitus ir prad\u0117ti r\u016bpintis savimi (su d\u0117mele)[:] - Skaitytaknyga","og_description":"\u201e\u0160i knyga yra apie svarbiausi\u0105 ir tikriausiai labiausiai ignoruojam\u0105 \u017emogaus atsakomyb\u0119 \u2013 r\u016bpinim\u0105si savimi. Apie tai, k\u0105 galite padaryti, kad","og_url":"https:\/\/skaitytaknyga.lt\/en\/produktas\/ne-priklausomi-kaip-liautis-kontroliuoti-kitus-ir-pradeti-rupintis-savimi\/","og_site_name":"Skaitytaknyga","article_publisher":"https:\/\/www.facebook.com\/skaitytaknyga\/","article_modified_time":"2026-04-01T14:04:08+00:00","og_image":[{"width":408,"height":600,"url":"https:\/\/skaitytaknyga.lt\/wp-content\/uploads\/2024\/09\/NE-PRIKLAUSOMI-kaip-liautis-kontroliuoti-kitus-ir-pradeti-rupintis-savimi.webp","type":"image\/webp"}],"twitter_card":"summary_large_image","twitter_misc":{"Estimated reading time":"2 minutes"},"schema":{"@context":"https:\/\/schema.org","@graph":[{"@type":"WebPage","@id":"https:\/\/skaitytaknyga.lt\/produktas\/ne-priklausomi-kaip-liautis-kontroliuoti-kitus-ir-pradeti-rupintis-savimi\/","url":"https:\/\/skaitytaknyga.lt\/produktas\/ne-priklausomi-kaip-liautis-kontroliuoti-kitus-ir-pradeti-rupintis-savimi\/","name":"NE-PRIKLAUSOMI: kaip liautis kontroliuoti kitus ir prad\u0117ti r\u016bpintis savimi (su d\u0117mele)","isPartOf":{"@id":"https:\/\/skaitytaknyga.lt\/#website"},"primaryImageOfPage":{"@id":"https:\/\/skaitytaknyga.lt\/produktas\/ne-priklausomi-kaip-liautis-kontroliuoti-kitus-ir-pradeti-rupintis-savimi\/#primaryimage"},"image":{"@id":"https:\/\/skaitytaknyga.lt\/produktas\/ne-priklausomi-kaip-liautis-kontroliuoti-kitus-ir-pradeti-rupintis-savimi\/#primaryimage"},"thumbnailUrl":"https:\/\/skaitytaknyga.lt\/wp-content\/uploads\/2024\/09\/NE-PRIKLAUSOMI-kaip-liautis-kontroliuoti-kitus-ir-pradeti-rupintis-savimi.webp","datePublished":"2024-09-28T12:18:37+00:00","dateModified":"2026-04-01T14:04:08+00:00","description":"\u201e\u0160i knyga yra apie svarbiausi\u0105 ir tikriausiai labiausiai ignoruojam\u0105 \u017emogaus atsakomyb\u0119 \u2013 r\u016bpinim\u0105si savimi. Apie tai, k\u0105 galite padaryti, kad","breadcrumb":{"@id":"https:\/\/skaitytaknyga.lt\/produktas\/ne-priklausomi-kaip-liautis-kontroliuoti-kitus-ir-pradeti-rupintis-savimi\/#breadcrumb"},"inLanguage":"en-GB","potentialAction":[{"@type":"ReadAction","target":["https:\/\/skaitytaknyga.lt\/produktas\/ne-priklausomi-kaip-liautis-kontroliuoti-kitus-ir-pradeti-rupintis-savimi\/"]}]},{"@type":"ImageObject","inLanguage":"en-GB","@id":"https:\/\/skaitytaknyga.lt\/produktas\/ne-priklausomi-kaip-liautis-kontroliuoti-kitus-ir-pradeti-rupintis-savimi\/#primaryimage","url":"https:\/\/skaitytaknyga.lt\/wp-content\/uploads\/2024\/09\/NE-PRIKLAUSOMI-kaip-liautis-kontroliuoti-kitus-ir-pradeti-rupintis-savimi.webp","contentUrl":"https:\/\/skaitytaknyga.lt\/wp-content\/uploads\/2024\/09\/NE-PRIKLAUSOMI-kaip-liautis-kontroliuoti-kitus-ir-pradeti-rupintis-savimi.webp","width":408,"height":600,"caption":"NE-PRIKLAUSOMI: kaip liautis kontroliuoti kitus ir prad\u0117ti r\u016bpintis savimi"},{"@type":"BreadcrumbList","@id":"https:\/\/skaitytaknyga.lt\/produktas\/ne-priklausomi-kaip-liautis-kontroliuoti-kitus-ir-pradeti-rupintis-savimi\/#breadcrumb","itemListElement":[{"@type":"ListItem","position":1,"name":"Home","item":"https:\/\/skaitytaknyga.lt\/"},{"@type":"ListItem","position":2,"name":"Parduotuv\u0117","item":"https:\/\/skaitytaknyga.lt\/knygu-parduotuve\/"},{"@type":"ListItem","position":3,"name":"NE-PRIKLAUSOMI: kaip liautis kontroliuoti kitus ir prad\u0117ti r\u016bpintis savimi (su d\u0117mele)"}]},{"@type":"WebSite","@id":"https:\/\/skaitytaknyga.lt\/#website","url":"https:\/\/skaitytaknyga.lt\/","name":"skaitytaknyga.lt","description":"Skaitytaknyga.lt \u2013 tai ma\u017eas \u0161eimos verslas, kuris prasid\u0117jo nuo meil\u0117s knygoms ir siekio i\u0161gelb\u0117ti knygas nuo likimo prie konteinerio. Kas vienam nereikalingas daiktas \u2013 kitam lobis, o mes esame tarpininkai, kurie padeda abiems tapti laimingesniems ???? \u017dinome kaip nelengva i\u0161gyventi ma\u017eiems verslams, tad nuo \u0161iol, \u010dia rasite ir kit\u0173, ma\u017e\u0173 \u0161eim\u0173 versl\u0173, rank\u0173 darbo, dovan\u0173 sau ir artimiesiems.","publisher":{"@id":"https:\/\/skaitytaknyga.lt\/#organization"},"potentialAction":[{"@type":"SearchAction","target":{"@type":"EntryPoint","urlTemplate":"https:\/\/skaitytaknyga.lt\/?s={search_term_string}"},"query-input":{"@type":"PropertyValueSpecification","valueRequired":true,"valueName":"search_term_string"}}],"inLanguage":"en-GB"},{"@type":"Organization","@id":"https:\/\/skaitytaknyga.lt\/#organization","name":"skaitytaknyga.lt","url":"https:\/\/skaitytaknyga.lt\/","logo":{"@type":"ImageObject","inLanguage":"en-GB","@id":"https:\/\/skaitytaknyga.lt\/#\/schema\/logo\/image\/","url":"https:\/\/skaitytaknyga.lt\/wp-content\/uploads\/2024\/05\/cropped-cropped-cropped-02_00843_jt3bggkj1j3HLc7SyY6rEUpg.jpeg","contentUrl":"https:\/\/skaitytaknyga.lt\/wp-content\/uploads\/2024\/05\/cropped-cropped-cropped-02_00843_jt3bggkj1j3HLc7SyY6rEUpg.jpeg","width":1600,"height":1600,"caption":"skaitytaknyga.lt"},"image":{"@id":"https:\/\/skaitytaknyga.lt\/#\/schema\/logo\/image\/"},"sameAs":["https:\/\/www.facebook.com\/skaitytaknyga\/"]}]}},"_links":{"self":[{"href":"https:\/\/skaitytaknyga.lt\/en\/wp-json\/wp\/v2\/product\/14068","targetHints":{"allow":["GET"]}}],"collection":[{"href":"https:\/\/skaitytaknyga.lt\/en\/wp-json\/wp\/v2\/product"}],"about":[{"href":"https:\/\/skaitytaknyga.lt\/en\/wp-json\/wp\/v2\/types\/product"}],"replies":[{"embeddable":true,"href":"https:\/\/skaitytaknyga.lt\/en\/wp-json\/wp\/v2\/comments?post=14068"}],"wp:featuredmedia":[{"embeddable":true,"href":"https:\/\/skaitytaknyga.lt\/en\/wp-json\/wp\/v2\/media\/14076"}],"wp:attachment":[{"href":"https:\/\/skaitytaknyga.lt\/en\/wp-json\/wp\/v2\/media?parent=14068"}],"wp:term":[{"taxonomy":"product_brand","embeddable":true,"href":"https:\/\/skaitytaknyga.lt\/en\/wp-json\/wp\/v2\/product_brand?post=14068"},{"taxonomy":"product_cat","embeddable":true,"href":"https:\/\/skaitytaknyga.lt\/en\/wp-json\/wp\/v2\/product_cat?post=14068"},{"taxonomy":"product_tag","embeddable":true,"href":"https:\/\/skaitytaknyga.lt\/en\/wp-json\/wp\/v2\/product_tag?post=14068"}],"curies":[{"name":"wp","href":"https:\/\/api.w.org\/{rel}","templated":true}]}}