{"id":14059,"date":"2024-09-28T13:48:13","date_gmt":"2024-09-28T10:48:13","guid":{"rendered":"https:\/\/skaitytaknyga.lt\/?post_type=product&#038;p=14059"},"modified":"2024-12-20T19:50:21","modified_gmt":"2024-12-20T17:50:21","slug":"a-a-milne-kai-mes-buvome-mazi","status":"publish","type":"product","link":"https:\/\/skaitytaknyga.lt\/en\/produktas\/a-a-milne-kai-mes-buvome-mazi\/","title":{"rendered":"A. A. Milne \u201eKai mes buvome ma\u017ei\u201c"},"content":{"rendered":"<p>Vaik\u0173 poezija \u2013 dar viena \u017eymaus angl\u0173 ra\u0161ytojo A. A. Milne\u2019o k\u016brybos sritis, kuri iki \u0161iol lietuvi\u0173 skaitytojui buvo neprieinama. A. A. Milne\u2019as mums pirmiausia \u017einomas kaip knyg\u0173 apie Mik\u0119 P\u016bkuotuk\u0105 autorius, ta\u010diau jis yra para\u0161\u0119s ir du puikius eil\u0117ra\u0161\u010di\u0173 vaikams rinkinius.<\/p>\n<p>\u0160ioje knygoje du klasikiniai A. A. Milne\u2019o eil\u0117ra\u0161\u010di\u0173 rinkiniai \u201eKai mes buvome ma\u017ei\u201c ir \u201eDabar mums \u0161e\u0161eri\u201c publikuojami kartu, jie iliustruoti puikiomis dailininko E. H. Shepardo, mums jau pa\u017e\u012fstamo i\u0161 knyg\u0173 apie Mik\u0119 P\u016bkuotuk\u0105, iliustracijomis.<\/p>\n<p>A. A. Milne\u2019o poezija lietuvi\u0173 kalba leid\u017eiama pirm\u0105 kart\u0105.<\/p>\n<ul class=\"about-product d-none d-xl-block mt-4\">\n<li><strong>Autorius:<\/strong>\u00a0A. A. Milne<\/li>\n<li><strong>Leid\u0117jas:<\/strong>\u00a0Garnelis<\/li>\n<li><strong>Metai:<\/strong>\u00a02010<\/li>\n<li><strong>Puslapiai:<\/strong>\u00a0240<\/li>\n<li><strong>ISBN:<\/strong>\u00a09789955428657<\/li>\n<li><strong>Versijos kodas:<\/strong>\u00a0PT.<\/li>\n<li><strong>Formatas:<\/strong>\u00a014 x 20,5 cm, kieti vir\u0161eliai<\/li>\n<li><strong>Kalba:<\/strong>\u00a0Lietuvi\u0173<\/li>\n<li><strong>Vert\u0117jas:<\/strong>\u00a0Sigitas Geda<\/li>\n<\/ul>\n","protected":false},"excerpt":{"rendered":"<p>Vaik\u0173 poezija \u2013 dar viena \u017eymaus angl\u0173 ra\u0161ytojo A. A. Milne\u2019o k\u016brybos sritis, kuri iki \u0161iol lietuvi\u0173 skaitytojui buvo neprieinama. A. A. Milne\u2019as mums pirmiausia \u017einomas kaip knyg\u0173 apie Mik\u0119 P\u016bkuotuk\u0105 autorius, ta\u010diau jis yra para\u0161\u0119s ir du puikius eil\u0117ra\u0161\u010di\u0173 vaikams rinkinius. \u0160ioje knygoje du klasikiniai A. A. Milne\u2019o eil\u0117ra\u0161\u010di\u0173 rinkiniai \u201eKai mes buvome ma\u017ei\u201c ir \u201eDabar mums \u0161e\u0161eri\u201c publikuojami kartu, jie iliustruoti puikiomis dailininko E. H. Shepardo, mums jau pa\u017e\u012fstamo i\u0161 knyg\u0173 apie Mik\u0119 P\u016bkuotuk\u0105, iliustracijomis. A. A. Milne\u2019o poezija lietuvi\u0173 kalba leid\u017eiama pirm\u0105 kart\u0105. Autorius:\u00a0A. A. Milne Leid\u0117jas:\u00a0Garnelis Metai:\u00a02010 Puslapiai:\u00a0240 ISBN:\u00a09789955428657 Versijos kodas:\u00a0PT. Formatas:\u00a014 x 20,5 cm, kieti vir\u0161eliai Kalba:\u00a0Lietuvi\u0173 Vert\u0117jas:\u00a0Sigitas Geda<\/p>\n","protected":false},"featured_media":14065,"comment_status":"open","ping_status":"closed","template":"","meta":{"_acf_changed":false,"site-sidebar-layout":"default","site-content-layout":"","ast-site-content-layout":"default","site-content-style":"default","site-sidebar-style":"default","ast-global-header-display":"","ast-banner-title-visibility":"","ast-main-header-display":"","ast-hfb-above-header-display":"","ast-hfb-below-header-display":"","ast-hfb-mobile-header-display":"","site-post-title":"","ast-breadcrumbs-content":"","ast-featured-img":"","footer-sml-layout":"","ast-disable-related-posts":"","theme-transparent-header-meta":"default","adv-header-id-meta":"","stick-header-meta":"","header-above-stick-meta":"","header-main-stick-meta":"","header-below-stick-meta":"","astra-migrate-meta-layouts":"set","ast-page-background-enabled":"default","ast-page-background-meta":{"desktop":{"background-color":"","background-image":"","background-repeat":"repeat","background-position":"center center","background-size":"auto","background-attachment":"scroll","background-type":"","background-media":"","overlay-type":"","overlay-color":"","overlay-opacity":"","overlay-gradient":""},"tablet":{"background-color":"","background-image":"","background-repeat":"repeat","background-position":"center center","background-size":"auto","background-attachment":"scroll","background-type":"","background-media":"","overlay-type":"","overlay-color":"","overlay-opacity":"","overlay-gradient":""},"mobile":{"background-color":"","background-image":"","background-repeat":"repeat","background-position":"center center","background-size":"auto","background-attachment":"scroll","background-type":"","background-media":"","overlay-type":"","overlay-color":"","overlay-opacity":"","overlay-gradient":""}},"ast-content-background-meta":{"desktop":{"background-color":"var(--ast-global-color-4)","background-image":"","background-repeat":"repeat","background-position":"center center","background-size":"auto","background-attachment":"scroll","background-type":"","background-media":"","overlay-type":"","overlay-color":"","overlay-opacity":"","overlay-gradient":""},"tablet":{"background-color":"var(--ast-global-color-4)","background-image":"","background-repeat":"repeat","background-position":"center center","background-size":"auto","background-attachment":"scroll","background-type":"","background-media":"","overlay-type":"","overlay-color":"","overlay-opacity":"","overlay-gradient":""},"mobile":{"background-color":"var(--ast-global-color-4)","background-image":"","background-repeat":"repeat","background-position":"center center","background-size":"auto","background-attachment":"scroll","background-type":"","background-media":"","overlay-type":"","overlay-color":"","overlay-opacity":"","overlay-gradient":""}}},"product_brand":[],"product_cat":[15,35],"product_tag":[],"class_list":{"0":"post-14059","1":"product","2":"type-product","3":"status-publish","4":"has-post-thumbnail","6":"product_cat-uncategorized","7":"product_cat-vaikams-ir-paaugliams","8":"desktop-align-left","9":"tablet-align-left","10":"mobile-align-left","12":"first","13":"instock","14":"shipping-taxable","15":"purchasable","16":"product-type-simple"},"acf":[],"yoast_head":"<!-- This site is optimized with the Yoast SEO plugin v27.0 - https:\/\/yoast.com\/product\/yoast-seo-wordpress\/ -->\n<title>A. A. Milne \u201eKai mes buvome ma\u017ei\u201c<\/title>\n<meta name=\"description\" content=\"Vaik\u0173 poezija \u2013 dar viena \u017eymaus angl\u0173 ra\u0161ytojo A. A. Milne\u2019o k\u016brybos sritis, kuri iki \u0161iol lietuvi\u0173 skaitytojui buvo neprieinama. A. A. Milne\u2019as mums\" \/>\n<meta name=\"robots\" content=\"index, follow, max-snippet:-1, max-image-preview:large, max-video-preview:-1\" \/>\n<link rel=\"canonical\" href=\"https:\/\/skaitytaknyga.lt\/en\/produktas\/a-a-milne-kai-mes-buvome-mazi\/\" \/>\n<meta property=\"og:locale\" content=\"en_GB\" \/>\n<meta property=\"og:locale:alternate\" content=\"lt_LT\" \/>\n<meta property=\"og:type\" content=\"article\" \/>\n<meta property=\"og:title\" content=\"A. A. Milne \u201eKai mes buvome ma\u017ei\u201c\" \/>\n<meta property=\"og:description\" content=\"Vaik\u0173 poezija \u2013 dar viena \u017eymaus angl\u0173 ra\u0161ytojo A. A. Milne\u2019o k\u016brybos sritis, kuri iki \u0161iol lietuvi\u0173 skaitytojui buvo neprieinama. A. A. Milne\u2019as mums\" \/>\n<meta property=\"og:url\" content=\"https:\/\/skaitytaknyga.lt\/en\/produktas\/a-a-milne-kai-mes-buvome-mazi\/\" \/>\n<meta property=\"og:site_name\" content=\"Skaitytaknyga\" \/>\n<meta property=\"article:publisher\" content=\"https:\/\/www.facebook.com\/skaitytaknyga\/\" \/>\n<meta property=\"article:modified_time\" content=\"2024-12-20T17:50:21+00:00\" \/>\n<meta property=\"og:image\" content=\"https:\/\/skaitytaknyga.lt\/wp-content\/uploads\/2024\/09\/Kai-mes-buvome-mazi.webp\" \/>\n\t<meta property=\"og:image:width\" content=\"547\" \/>\n\t<meta property=\"og:image:height\" content=\"800\" \/>\n\t<meta property=\"og:image:type\" content=\"image\/webp\" \/>\n<meta name=\"twitter:card\" content=\"summary_large_image\" \/>\n<meta name=\"twitter:label1\" content=\"Estimated reading time\" \/>\n\t<meta name=\"twitter:data1\" content=\"1 minute\" \/>\n<script type=\"application\/ld+json\" class=\"yoast-schema-graph\">{\"@context\":\"https:\/\/schema.org\",\"@graph\":[{\"@type\":\"WebPage\",\"@id\":\"https:\/\/skaitytaknyga.lt\/produktas\/a-a-milne-kai-mes-buvome-mazi\/\",\"url\":\"https:\/\/skaitytaknyga.lt\/produktas\/a-a-milne-kai-mes-buvome-mazi\/\",\"name\":\"A. A. Milne \u201eKai mes buvome ma\u017ei\u201c\",\"isPartOf\":{\"@id\":\"https:\/\/skaitytaknyga.lt\/#website\"},\"primaryImageOfPage\":{\"@id\":\"https:\/\/skaitytaknyga.lt\/produktas\/a-a-milne-kai-mes-buvome-mazi\/#primaryimage\"},\"image\":{\"@id\":\"https:\/\/skaitytaknyga.lt\/produktas\/a-a-milne-kai-mes-buvome-mazi\/#primaryimage\"},\"thumbnailUrl\":\"https:\/\/skaitytaknyga.lt\/wp-content\/uploads\/2024\/09\/Kai-mes-buvome-mazi.webp\",\"datePublished\":\"2024-09-28T10:48:13+00:00\",\"dateModified\":\"2024-12-20T17:50:21+00:00\",\"description\":\"Vaik\u0173 poezija \u2013 dar viena \u017eymaus angl\u0173 ra\u0161ytojo A. A. Milne\u2019o k\u016brybos sritis, kuri iki \u0161iol lietuvi\u0173 skaitytojui buvo neprieinama. A. A. Milne\u2019as mums\",\"breadcrumb\":{\"@id\":\"https:\/\/skaitytaknyga.lt\/produktas\/a-a-milne-kai-mes-buvome-mazi\/#breadcrumb\"},\"inLanguage\":\"en-GB\",\"potentialAction\":[{\"@type\":\"ReadAction\",\"target\":[\"https:\/\/skaitytaknyga.lt\/produktas\/a-a-milne-kai-mes-buvome-mazi\/\"]}]},{\"@type\":\"ImageObject\",\"inLanguage\":\"en-GB\",\"@id\":\"https:\/\/skaitytaknyga.lt\/produktas\/a-a-milne-kai-mes-buvome-mazi\/#primaryimage\",\"url\":\"https:\/\/skaitytaknyga.lt\/wp-content\/uploads\/2024\/09\/Kai-mes-buvome-mazi.webp\",\"contentUrl\":\"https:\/\/skaitytaknyga.lt\/wp-content\/uploads\/2024\/09\/Kai-mes-buvome-mazi.webp\",\"width\":547,\"height\":800},{\"@type\":\"BreadcrumbList\",\"@id\":\"https:\/\/skaitytaknyga.lt\/produktas\/a-a-milne-kai-mes-buvome-mazi\/#breadcrumb\",\"itemListElement\":[{\"@type\":\"ListItem\",\"position\":1,\"name\":\"Home\",\"item\":\"https:\/\/skaitytaknyga.lt\/\"},{\"@type\":\"ListItem\",\"position\":2,\"name\":\"Parduotuv\u0117\",\"item\":\"https:\/\/skaitytaknyga.lt\/knygu-parduotuve\/\"},{\"@type\":\"ListItem\",\"position\":3,\"name\":\"A. A. Milne \u201eKai mes buvome ma\u017ei\u201c\"}]},{\"@type\":\"WebSite\",\"@id\":\"https:\/\/skaitytaknyga.lt\/#website\",\"url\":\"https:\/\/skaitytaknyga.lt\/\",\"name\":\"skaitytaknyga.lt\",\"description\":\"Skaitytaknyga.lt \u2013 tai ma\u017eas \u0161eimos verslas, kuris prasid\u0117jo nuo meil\u0117s knygoms ir siekio i\u0161gelb\u0117ti knygas nuo likimo prie konteinerio. Kas vienam nereikalingas daiktas \u2013 kitam lobis, o mes esame tarpininkai, kurie padeda abiems tapti laimingesniems ???? \u017dinome kaip nelengva i\u0161gyventi ma\u017eiems verslams, tad nuo \u0161iol, \u010dia rasite ir kit\u0173, ma\u017e\u0173 \u0161eim\u0173 versl\u0173, rank\u0173 darbo, dovan\u0173 sau ir artimiesiems.\",\"publisher\":{\"@id\":\"https:\/\/skaitytaknyga.lt\/#organization\"},\"potentialAction\":[{\"@type\":\"SearchAction\",\"target\":{\"@type\":\"EntryPoint\",\"urlTemplate\":\"https:\/\/skaitytaknyga.lt\/?s={search_term_string}\"},\"query-input\":{\"@type\":\"PropertyValueSpecification\",\"valueRequired\":true,\"valueName\":\"search_term_string\"}}],\"inLanguage\":\"en-GB\"},{\"@type\":\"Organization\",\"@id\":\"https:\/\/skaitytaknyga.lt\/#organization\",\"name\":\"skaitytaknyga.lt\",\"url\":\"https:\/\/skaitytaknyga.lt\/\",\"logo\":{\"@type\":\"ImageObject\",\"inLanguage\":\"en-GB\",\"@id\":\"https:\/\/skaitytaknyga.lt\/#\/schema\/logo\/image\/\",\"url\":\"https:\/\/skaitytaknyga.lt\/wp-content\/uploads\/2024\/05\/cropped-cropped-cropped-02_00843_jt3bggkj1j3HLc7SyY6rEUpg.jpeg\",\"contentUrl\":\"https:\/\/skaitytaknyga.lt\/wp-content\/uploads\/2024\/05\/cropped-cropped-cropped-02_00843_jt3bggkj1j3HLc7SyY6rEUpg.jpeg\",\"width\":1600,\"height\":1600,\"caption\":\"skaitytaknyga.lt\"},\"image\":{\"@id\":\"https:\/\/skaitytaknyga.lt\/#\/schema\/logo\/image\/\"},\"sameAs\":[\"https:\/\/www.facebook.com\/skaitytaknyga\/\"]}]}<\/script>\n<!-- \/ Yoast SEO plugin. -->","yoast_head_json":{"title":"A. A. Milne \u201eKai mes buvome ma\u017ei\u201c","description":"Vaik\u0173 poezija \u2013 dar viena \u017eymaus angl\u0173 ra\u0161ytojo A. A. Milne\u2019o k\u016brybos sritis, kuri iki \u0161iol lietuvi\u0173 skaitytojui buvo neprieinama. A. A. Milne\u2019as mums","robots":{"index":"index","follow":"follow","max-snippet":"max-snippet:-1","max-image-preview":"max-image-preview:large","max-video-preview":"max-video-preview:-1"},"canonical":"https:\/\/skaitytaknyga.lt\/en\/produktas\/a-a-milne-kai-mes-buvome-mazi\/","og_locale":"en_GB","og_type":"article","og_title":"[:lt]A. A. Milne \u201eKai mes buvome ma\u017ei\u201c[:] - Skaitytaknyga","og_description":"Vaik\u0173 poezija \u2013 dar viena \u017eymaus angl\u0173 ra\u0161ytojo A. A. Milne\u2019o k\u016brybos sritis, kuri iki \u0161iol lietuvi\u0173 skaitytojui buvo neprieinama. A. A. Milne\u2019as mums","og_url":"https:\/\/skaitytaknyga.lt\/en\/produktas\/a-a-milne-kai-mes-buvome-mazi\/","og_site_name":"Skaitytaknyga","article_publisher":"https:\/\/www.facebook.com\/skaitytaknyga\/","article_modified_time":"2024-12-20T17:50:21+00:00","og_image":[{"width":547,"height":800,"url":"https:\/\/skaitytaknyga.lt\/wp-content\/uploads\/2024\/09\/Kai-mes-buvome-mazi.webp","type":"image\/webp"}],"twitter_card":"summary_large_image","twitter_misc":{"Estimated reading time":"1 minute"},"schema":{"@context":"https:\/\/schema.org","@graph":[{"@type":"WebPage","@id":"https:\/\/skaitytaknyga.lt\/produktas\/a-a-milne-kai-mes-buvome-mazi\/","url":"https:\/\/skaitytaknyga.lt\/produktas\/a-a-milne-kai-mes-buvome-mazi\/","name":"A. A. Milne \u201eKai mes buvome ma\u017ei\u201c","isPartOf":{"@id":"https:\/\/skaitytaknyga.lt\/#website"},"primaryImageOfPage":{"@id":"https:\/\/skaitytaknyga.lt\/produktas\/a-a-milne-kai-mes-buvome-mazi\/#primaryimage"},"image":{"@id":"https:\/\/skaitytaknyga.lt\/produktas\/a-a-milne-kai-mes-buvome-mazi\/#primaryimage"},"thumbnailUrl":"https:\/\/skaitytaknyga.lt\/wp-content\/uploads\/2024\/09\/Kai-mes-buvome-mazi.webp","datePublished":"2024-09-28T10:48:13+00:00","dateModified":"2024-12-20T17:50:21+00:00","description":"Vaik\u0173 poezija \u2013 dar viena \u017eymaus angl\u0173 ra\u0161ytojo A. A. Milne\u2019o k\u016brybos sritis, kuri iki \u0161iol lietuvi\u0173 skaitytojui buvo neprieinama. A. A. Milne\u2019as mums","breadcrumb":{"@id":"https:\/\/skaitytaknyga.lt\/produktas\/a-a-milne-kai-mes-buvome-mazi\/#breadcrumb"},"inLanguage":"en-GB","potentialAction":[{"@type":"ReadAction","target":["https:\/\/skaitytaknyga.lt\/produktas\/a-a-milne-kai-mes-buvome-mazi\/"]}]},{"@type":"ImageObject","inLanguage":"en-GB","@id":"https:\/\/skaitytaknyga.lt\/produktas\/a-a-milne-kai-mes-buvome-mazi\/#primaryimage","url":"https:\/\/skaitytaknyga.lt\/wp-content\/uploads\/2024\/09\/Kai-mes-buvome-mazi.webp","contentUrl":"https:\/\/skaitytaknyga.lt\/wp-content\/uploads\/2024\/09\/Kai-mes-buvome-mazi.webp","width":547,"height":800},{"@type":"BreadcrumbList","@id":"https:\/\/skaitytaknyga.lt\/produktas\/a-a-milne-kai-mes-buvome-mazi\/#breadcrumb","itemListElement":[{"@type":"ListItem","position":1,"name":"Home","item":"https:\/\/skaitytaknyga.lt\/"},{"@type":"ListItem","position":2,"name":"Parduotuv\u0117","item":"https:\/\/skaitytaknyga.lt\/knygu-parduotuve\/"},{"@type":"ListItem","position":3,"name":"A. A. Milne \u201eKai mes buvome ma\u017ei\u201c"}]},{"@type":"WebSite","@id":"https:\/\/skaitytaknyga.lt\/#website","url":"https:\/\/skaitytaknyga.lt\/","name":"skaitytaknyga.lt","description":"Skaitytaknyga.lt \u2013 tai ma\u017eas \u0161eimos verslas, kuris prasid\u0117jo nuo meil\u0117s knygoms ir siekio i\u0161gelb\u0117ti knygas nuo likimo prie konteinerio. Kas vienam nereikalingas daiktas \u2013 kitam lobis, o mes esame tarpininkai, kurie padeda abiems tapti laimingesniems ???? \u017dinome kaip nelengva i\u0161gyventi ma\u017eiems verslams, tad nuo \u0161iol, \u010dia rasite ir kit\u0173, ma\u017e\u0173 \u0161eim\u0173 versl\u0173, rank\u0173 darbo, dovan\u0173 sau ir artimiesiems.","publisher":{"@id":"https:\/\/skaitytaknyga.lt\/#organization"},"potentialAction":[{"@type":"SearchAction","target":{"@type":"EntryPoint","urlTemplate":"https:\/\/skaitytaknyga.lt\/?s={search_term_string}"},"query-input":{"@type":"PropertyValueSpecification","valueRequired":true,"valueName":"search_term_string"}}],"inLanguage":"en-GB"},{"@type":"Organization","@id":"https:\/\/skaitytaknyga.lt\/#organization","name":"skaitytaknyga.lt","url":"https:\/\/skaitytaknyga.lt\/","logo":{"@type":"ImageObject","inLanguage":"en-GB","@id":"https:\/\/skaitytaknyga.lt\/#\/schema\/logo\/image\/","url":"https:\/\/skaitytaknyga.lt\/wp-content\/uploads\/2024\/05\/cropped-cropped-cropped-02_00843_jt3bggkj1j3HLc7SyY6rEUpg.jpeg","contentUrl":"https:\/\/skaitytaknyga.lt\/wp-content\/uploads\/2024\/05\/cropped-cropped-cropped-02_00843_jt3bggkj1j3HLc7SyY6rEUpg.jpeg","width":1600,"height":1600,"caption":"skaitytaknyga.lt"},"image":{"@id":"https:\/\/skaitytaknyga.lt\/#\/schema\/logo\/image\/"},"sameAs":["https:\/\/www.facebook.com\/skaitytaknyga\/"]}]}},"_links":{"self":[{"href":"https:\/\/skaitytaknyga.lt\/en\/wp-json\/wp\/v2\/product\/14059","targetHints":{"allow":["GET"]}}],"collection":[{"href":"https:\/\/skaitytaknyga.lt\/en\/wp-json\/wp\/v2\/product"}],"about":[{"href":"https:\/\/skaitytaknyga.lt\/en\/wp-json\/wp\/v2\/types\/product"}],"replies":[{"embeddable":true,"href":"https:\/\/skaitytaknyga.lt\/en\/wp-json\/wp\/v2\/comments?post=14059"}],"wp:featuredmedia":[{"embeddable":true,"href":"https:\/\/skaitytaknyga.lt\/en\/wp-json\/wp\/v2\/media\/14065"}],"wp:attachment":[{"href":"https:\/\/skaitytaknyga.lt\/en\/wp-json\/wp\/v2\/media?parent=14059"}],"wp:term":[{"taxonomy":"product_brand","embeddable":true,"href":"https:\/\/skaitytaknyga.lt\/en\/wp-json\/wp\/v2\/product_brand?post=14059"},{"taxonomy":"product_cat","embeddable":true,"href":"https:\/\/skaitytaknyga.lt\/en\/wp-json\/wp\/v2\/product_cat?post=14059"},{"taxonomy":"product_tag","embeddable":true,"href":"https:\/\/skaitytaknyga.lt\/en\/wp-json\/wp\/v2\/product_tag?post=14059"}],"curies":[{"name":"wp","href":"https:\/\/api.w.org\/{rel}","templated":true}]}}