{"id":14058,"date":"2024-09-28T13:48:12","date_gmt":"2024-09-28T10:48:12","guid":{"rendered":"https:\/\/skaitytaknyga.lt\/?post_type=product&#038;p=14058"},"modified":"2025-06-28T13:08:21","modified_gmt":"2025-06-28T10:08:21","slug":"egle-aukstakalnyte-hansen-laukine-motina-gamta","status":"publish","type":"product","link":"https:\/\/skaitytaknyga.lt\/en\/produktas\/egle-aukstakalnyte-hansen-laukine-motina-gamta\/","title":{"rendered":"Egl\u0117 Auk\u0161takalnyt\u0117 Hansen \u201eLaukin\u0117 motina Gamta\u201c"},"content":{"rendered":"<p><em>Laukin\u0117je gamtoje niekada nenuobodu, joje gausu \u012fvairiausios gyvyb\u0117s, jos s\u0105saj\u0173, santyki\u0173, dram\u0173, spalv\u0173, paslap\u010di\u0173, ir jos turtais gali steb\u0117tis ir d\u017eiaugtis visi, tik kiekvienas kitaip. Man ji \u2013 \u012fstabaus gro\u017eio \u0161altinis, \u017eini\u0173, jausm\u0173, i\u0161minties skrynia, nusiraminimo, apsivalymo oaz\u0117, namai.<\/em><\/p>\n<p><strong>\u201eLAUKIN\u0116 MOTINA GAMTA\u201c \u2013<\/strong>\u00a0tre\u010dioji ra\u0161ytojos, aistringos keliautojos, akylos steb\u0117tojos<strong>\u00a0Egl\u0117s Auk\u0161takalnyt\u0117s Hansen<\/strong>\u00a0knyga (\u201eMama Afrika&#8221;, 2008;\u00a0\u201eMamahuhu. \u0160e\u0161eri metai Kinijoje&#8221;, 2015), kurioje ji atvirai ir dosniai dalijasi savo kelioni\u0173 po pasaulio laukin\u0119 gamt\u0105 lobiais: \u012fsp\u016bdingais susitikimais su nykstan\u010diais gyv\u016bnais, atjauta ir meile gamtai, pagarba \u017emogui ir gyv\u016bnui, autenti\u0161ku pa\u017einimu, \u012fsp\u016bdingomis fotografijomis ir nerimu d\u0117l klimato kaitos.<\/p>\n<p>Knygoje apra\u0161omose istorijose autor\u0117 Afrikoje ie\u0161ko juodojo raganosio ir dinozaur\u0173 palikuoni\u0173 krokodil\u0173, sveikinasi su Indijos d\u017eiungli\u0173 karaliais tigrais, Komodo saloje aptinka seniausi\u0105 ir nuodingiausi\u0105 pasaulio drie\u017e\u0105. Netik\u0117tai spalvingoje \u0161iaur\u0117je keliauja susitikti su balt\u0173j\u0173 loki\u0173 \u0161eimyn\u0117le, Aliaskoje i\u0161gyvena akistat\u0105 su ruduoju lokiu, o sunkiai \u012f\u017eengiamuose atogr\u0105\u017e\u0173 mi\u0161kuose supa\u017eindina su artimiausiais m\u016bs\u0173 giminai\u010diais primatais \u2013 kalnin\u0117mis gorilomis ir orangutanais. Pasakojimai apie laukin\u0119 gamt\u0105 pa\u012fvairinami ne tik \u012fdomiausiais faktais ir skai\u010diais, bet ir vietos tauteli\u0173, i\u0161laikiusi\u0173 prie\u0161istorines tradicijas, sakm\u0117mis ir mitais. Autor\u0117 nerimauja d\u0117l visur matom\u0173 \u0161iuolaikinio \u017emogaus veiklos p\u0117dsak\u0173 ir kvap\u0105 gniau\u017eian\u010diomis nuotraukomis bei jaudinan\u010diais tekstais kvie\u010dia susim\u0105styti, kuo \u0161iandien kiekvienas galime prisid\u0117ti, kad i\u0161saugotume laukin\u0117s gamtos lobius.<\/p>\n<ul class=\"about-product d-none d-xl-block mt-4\">\n<li><strong>Autorius:<\/strong>\u00a0Egl\u0117 Auk\u0161takalnyt\u0117 Hansen<\/li>\n<li><strong>Leid\u0117jas:<\/strong>\u00a0Tyto alba<\/li>\n<li><strong>Metai:<\/strong>\u00a02020<\/li>\n<li><strong>Puslapiai:<\/strong>\u00a0320<\/li>\n<li><strong>ISBN:<\/strong>\u00a09786094665202<\/li>\n<li><strong>Versijos kodas:<\/strong>\u00a0GK.5<\/li>\n<li><strong>Formatas:<\/strong>\u00a018,7 x 27 x 2,8 cm, kieti vir\u0161eliai<\/li>\n<li><strong>Kalba:<\/strong>\u00a0Lietuvi\u0173<\/li>\n<\/ul>\n","protected":false},"excerpt":{"rendered":"<p>Laukin\u0117je gamtoje niekada nenuobodu, joje gausu \u012fvairiausios gyvyb\u0117s, jos s\u0105saj\u0173, santyki\u0173, dram\u0173, spalv\u0173, paslap\u010di\u0173, ir jos turtais gali steb\u0117tis ir d\u017eiaugtis visi, tik kiekvienas kitaip. Man ji \u2013 \u012fstabaus gro\u017eio \u0161altinis, \u017eini\u0173, jausm\u0173, i\u0161minties skrynia, nusiraminimo, apsivalymo oaz\u0117, namai. \u201eLAUKIN\u0116 MOTINA GAMTA\u201c \u2013\u00a0tre\u010dioji ra\u0161ytojos, aistringos keliautojos, akylos steb\u0117tojos\u00a0Egl\u0117s Auk\u0161takalnyt\u0117s Hansen\u00a0knyga (\u201eMama Afrika&#8221;, 2008;\u00a0\u201eMamahuhu. \u0160e\u0161eri metai Kinijoje&#8221;, 2015), kurioje ji atvirai ir dosniai dalijasi savo kelioni\u0173 po pasaulio laukin\u0119 gamt\u0105 lobiais: \u012fsp\u016bdingais susitikimais su nykstan\u010diais gyv\u016bnais, atjauta ir meile gamtai, pagarba \u017emogui ir gyv\u016bnui, autenti\u0161ku pa\u017einimu, \u012fsp\u016bdingomis fotografijomis ir nerimu d\u0117l klimato kaitos. Knygoje apra\u0161omose istorijose autor\u0117 Afrikoje ie\u0161ko juodojo raganosio ir dinozaur\u0173 palikuoni\u0173 krokodil\u0173, sveikinasi su Indijos d\u017eiungli\u0173 karaliais tigrais, Komodo saloje aptinka seniausi\u0105 ir nuodingiausi\u0105 pasaulio drie\u017e\u0105. Netik\u0117tai spalvingoje \u0161iaur\u0117je keliauja susitikti su balt\u0173j\u0173 loki\u0173 \u0161eimyn\u0117le, Aliaskoje i\u0161gyvena akistat\u0105 su ruduoju lokiu, o sunkiai \u012f\u017eengiamuose atogr\u0105\u017e\u0173 mi\u0161kuose supa\u017eindina su artimiausiais m\u016bs\u0173 giminai\u010diais primatais \u2013 kalnin\u0117mis gorilomis ir orangutanais. Pasakojimai apie laukin\u0119 gamt\u0105 pa\u012fvairinami ne tik \u012fdomiausiais faktais ir skai\u010diais, bet ir vietos tauteli\u0173, i\u0161laikiusi\u0173 prie\u0161istorines tradicijas, sakm\u0117mis ir mitais. Autor\u0117 nerimauja d\u0117l visur matom\u0173 \u0161iuolaikinio \u017emogaus veiklos p\u0117dsak\u0173 ir kvap\u0105 gniau\u017eian\u010diomis nuotraukomis bei jaudinan\u010diais tekstais kvie\u010dia susim\u0105styti, kuo \u0161iandien kiekvienas galime prisid\u0117ti, kad i\u0161saugotume laukin\u0117s gamtos lobius. Autorius:\u00a0Egl\u0117 Auk\u0161takalnyt\u0117 Hansen Leid\u0117jas:\u00a0Tyto alba Metai:\u00a02020 Puslapiai:\u00a0320 ISBN:\u00a09786094665202 Versijos kodas:\u00a0GK.5 Formatas:\u00a018,7 x 27 x 2,8 cm, kieti vir\u0161eliai Kalba:\u00a0Lietuvi\u0173<\/p>\n","protected":false},"featured_media":14066,"comment_status":"open","ping_status":"closed","template":"","meta":{"_acf_changed":false,"site-sidebar-layout":"default","site-content-layout":"","ast-site-content-layout":"default","site-content-style":"default","site-sidebar-style":"default","ast-global-header-display":"","ast-banner-title-visibility":"","ast-main-header-display":"","ast-hfb-above-header-display":"","ast-hfb-below-header-display":"","ast-hfb-mobile-header-display":"","site-post-title":"","ast-breadcrumbs-content":"","ast-featured-img":"","footer-sml-layout":"","ast-disable-related-posts":"","theme-transparent-header-meta":"default","adv-header-id-meta":"","stick-header-meta":"","header-above-stick-meta":"","header-main-stick-meta":"","header-below-stick-meta":"","astra-migrate-meta-layouts":"set","ast-page-background-enabled":"default","ast-page-background-meta":{"desktop":{"background-color":"","background-image":"","background-repeat":"repeat","background-position":"center center","background-size":"auto","background-attachment":"scroll","background-type":"","background-media":"","overlay-type":"","overlay-color":"","overlay-opacity":"","overlay-gradient":""},"tablet":{"background-color":"","background-image":"","background-repeat":"repeat","background-position":"center center","background-size":"auto","background-attachment":"scroll","background-type":"","background-media":"","overlay-type":"","overlay-color":"","overlay-opacity":"","overlay-gradient":""},"mobile":{"background-color":"","background-image":"","background-repeat":"repeat","background-position":"center center","background-size":"auto","background-attachment":"scroll","background-type":"","background-media":"","overlay-type":"","overlay-color":"","overlay-opacity":"","overlay-gradient":""}},"ast-content-background-meta":{"desktop":{"background-color":"var(--ast-global-color-4)","background-image":"","background-repeat":"repeat","background-position":"center center","background-size":"auto","background-attachment":"scroll","background-type":"","background-media":"","overlay-type":"","overlay-color":"","overlay-opacity":"","overlay-gradient":""},"tablet":{"background-color":"var(--ast-global-color-4)","background-image":"","background-repeat":"repeat","background-position":"center center","background-size":"auto","background-attachment":"scroll","background-type":"","background-media":"","overlay-type":"","overlay-color":"","overlay-opacity":"","overlay-gradient":""},"mobile":{"background-color":"var(--ast-global-color-4)","background-image":"","background-repeat":"repeat","background-position":"center center","background-size":"auto","background-attachment":"scroll","background-type":"","background-media":"","overlay-type":"","overlay-color":"","overlay-opacity":"","overlay-gradient":""}}},"product_brand":[],"product_cat":[269,15],"product_tag":[],"class_list":{"0":"post-14058","1":"product","2":"type-product","3":"status-publish","4":"has-post-thumbnail","6":"product_cat-gamtos-mokslai","7":"product_cat-uncategorized","8":"desktop-align-left","9":"tablet-align-left","10":"mobile-align-left","12":"first","13":"instock","14":"shipping-taxable","15":"purchasable","16":"product-type-simple"},"acf":[],"yoast_head":"<!-- This site is optimized with the Yoast SEO plugin v27.0 - https:\/\/yoast.com\/product\/yoast-seo-wordpress\/ -->\n<title>Egl\u0117 Auk\u0161takalnyt\u0117 Hansen \u201eLaukin\u0117 motina Gamta\u201c<\/title>\n<meta name=\"description\" content=\"Laukin\u0117je gamtoje niekada nenuobodu, joje gausu \u012fvairiausios gyvyb\u0117s, jos s\u0105saj\u0173, santyki\u0173, dram\u0173, spalv\u0173, paslap\u010di\u0173, ir jos turtais gali steb\u0117tis ir\" \/>\n<meta name=\"robots\" content=\"index, follow, max-snippet:-1, max-image-preview:large, max-video-preview:-1\" \/>\n<link rel=\"canonical\" href=\"https:\/\/skaitytaknyga.lt\/en\/produktas\/egle-aukstakalnyte-hansen-laukine-motina-gamta\/\" \/>\n<meta property=\"og:locale\" content=\"en_GB\" \/>\n<meta property=\"og:locale:alternate\" content=\"lt_LT\" \/>\n<meta property=\"og:type\" content=\"article\" \/>\n<meta property=\"og:title\" content=\"Egl\u0117 Auk\u0161takalnyt\u0117 Hansen \u201eLaukin\u0117 motina Gamta\u201c\" \/>\n<meta property=\"og:description\" content=\"Laukin\u0117je gamtoje niekada nenuobodu, joje gausu \u012fvairiausios gyvyb\u0117s, jos s\u0105saj\u0173, santyki\u0173, dram\u0173, spalv\u0173, paslap\u010di\u0173, ir jos turtais gali steb\u0117tis ir\" \/>\n<meta property=\"og:url\" content=\"https:\/\/skaitytaknyga.lt\/en\/produktas\/egle-aukstakalnyte-hansen-laukine-motina-gamta\/\" \/>\n<meta property=\"og:site_name\" content=\"Skaitytaknyga\" \/>\n<meta property=\"article:publisher\" content=\"https:\/\/www.facebook.com\/skaitytaknyga\/\" \/>\n<meta property=\"article:modified_time\" content=\"2025-06-28T10:08:21+00:00\" \/>\n<meta property=\"og:image\" content=\"https:\/\/skaitytaknyga.lt\/wp-content\/uploads\/2024\/09\/1602055782_laukine-motina-gamta-1.webp\" \/>\n\t<meta property=\"og:image:width\" content=\"533\" \/>\n\t<meta property=\"og:image:height\" content=\"800\" \/>\n\t<meta property=\"og:image:type\" content=\"image\/webp\" \/>\n<meta name=\"twitter:card\" content=\"summary_large_image\" \/>\n<meta name=\"twitter:label1\" content=\"Estimated reading time\" \/>\n\t<meta name=\"twitter:data1\" content=\"2 minutes\" \/>\n<script type=\"application\/ld+json\" class=\"yoast-schema-graph\">{\"@context\":\"https:\/\/schema.org\",\"@graph\":[{\"@type\":\"WebPage\",\"@id\":\"https:\/\/skaitytaknyga.lt\/produktas\/egle-aukstakalnyte-hansen-laukine-motina-gamta\/\",\"url\":\"https:\/\/skaitytaknyga.lt\/produktas\/egle-aukstakalnyte-hansen-laukine-motina-gamta\/\",\"name\":\"Egl\u0117 Auk\u0161takalnyt\u0117 Hansen \u201eLaukin\u0117 motina Gamta\u201c\",\"isPartOf\":{\"@id\":\"https:\/\/skaitytaknyga.lt\/#website\"},\"primaryImageOfPage\":{\"@id\":\"https:\/\/skaitytaknyga.lt\/produktas\/egle-aukstakalnyte-hansen-laukine-motina-gamta\/#primaryimage\"},\"image\":{\"@id\":\"https:\/\/skaitytaknyga.lt\/produktas\/egle-aukstakalnyte-hansen-laukine-motina-gamta\/#primaryimage\"},\"thumbnailUrl\":\"https:\/\/skaitytaknyga.lt\/wp-content\/uploads\/2024\/09\/1602055782_laukine-motina-gamta-1.webp\",\"datePublished\":\"2024-09-28T10:48:12+00:00\",\"dateModified\":\"2025-06-28T10:08:21+00:00\",\"description\":\"Laukin\u0117je gamtoje niekada nenuobodu, joje gausu \u012fvairiausios gyvyb\u0117s, jos s\u0105saj\u0173, santyki\u0173, dram\u0173, spalv\u0173, paslap\u010di\u0173, ir jos turtais gali steb\u0117tis ir\",\"breadcrumb\":{\"@id\":\"https:\/\/skaitytaknyga.lt\/produktas\/egle-aukstakalnyte-hansen-laukine-motina-gamta\/#breadcrumb\"},\"inLanguage\":\"en-GB\",\"potentialAction\":[{\"@type\":\"ReadAction\",\"target\":[\"https:\/\/skaitytaknyga.lt\/produktas\/egle-aukstakalnyte-hansen-laukine-motina-gamta\/\"]}]},{\"@type\":\"ImageObject\",\"inLanguage\":\"en-GB\",\"@id\":\"https:\/\/skaitytaknyga.lt\/produktas\/egle-aukstakalnyte-hansen-laukine-motina-gamta\/#primaryimage\",\"url\":\"https:\/\/skaitytaknyga.lt\/wp-content\/uploads\/2024\/09\/1602055782_laukine-motina-gamta-1.webp\",\"contentUrl\":\"https:\/\/skaitytaknyga.lt\/wp-content\/uploads\/2024\/09\/1602055782_laukine-motina-gamta-1.webp\",\"width\":533,\"height\":800,\"caption\":\"Egl\u0117 Auk\u0161takalnyt\u0117 Hansen \u201eLaukin\u0117 motina Gamta\u201c\"},{\"@type\":\"BreadcrumbList\",\"@id\":\"https:\/\/skaitytaknyga.lt\/produktas\/egle-aukstakalnyte-hansen-laukine-motina-gamta\/#breadcrumb\",\"itemListElement\":[{\"@type\":\"ListItem\",\"position\":1,\"name\":\"Home\",\"item\":\"https:\/\/skaitytaknyga.lt\/\"},{\"@type\":\"ListItem\",\"position\":2,\"name\":\"Parduotuv\u0117\",\"item\":\"https:\/\/skaitytaknyga.lt\/knygu-parduotuve\/\"},{\"@type\":\"ListItem\",\"position\":3,\"name\":\"Egl\u0117 Auk\u0161takalnyt\u0117 Hansen \u201eLaukin\u0117 motina Gamta\u201c\"}]},{\"@type\":\"WebSite\",\"@id\":\"https:\/\/skaitytaknyga.lt\/#website\",\"url\":\"https:\/\/skaitytaknyga.lt\/\",\"name\":\"skaitytaknyga.lt\",\"description\":\"Skaitytaknyga.lt \u2013 tai ma\u017eas \u0161eimos verslas, kuris prasid\u0117jo nuo meil\u0117s knygoms ir siekio i\u0161gelb\u0117ti knygas nuo likimo prie konteinerio. Kas vienam nereikalingas daiktas \u2013 kitam lobis, o mes esame tarpininkai, kurie padeda abiems tapti laimingesniems ???? \u017dinome kaip nelengva i\u0161gyventi ma\u017eiems verslams, tad nuo \u0161iol, \u010dia rasite ir kit\u0173, ma\u017e\u0173 \u0161eim\u0173 versl\u0173, rank\u0173 darbo, dovan\u0173 sau ir artimiesiems.\",\"publisher\":{\"@id\":\"https:\/\/skaitytaknyga.lt\/#organization\"},\"potentialAction\":[{\"@type\":\"SearchAction\",\"target\":{\"@type\":\"EntryPoint\",\"urlTemplate\":\"https:\/\/skaitytaknyga.lt\/?s={search_term_string}\"},\"query-input\":{\"@type\":\"PropertyValueSpecification\",\"valueRequired\":true,\"valueName\":\"search_term_string\"}}],\"inLanguage\":\"en-GB\"},{\"@type\":\"Organization\",\"@id\":\"https:\/\/skaitytaknyga.lt\/#organization\",\"name\":\"skaitytaknyga.lt\",\"url\":\"https:\/\/skaitytaknyga.lt\/\",\"logo\":{\"@type\":\"ImageObject\",\"inLanguage\":\"en-GB\",\"@id\":\"https:\/\/skaitytaknyga.lt\/#\/schema\/logo\/image\/\",\"url\":\"https:\/\/skaitytaknyga.lt\/wp-content\/uploads\/2024\/05\/cropped-cropped-cropped-02_00843_jt3bggkj1j3HLc7SyY6rEUpg.jpeg\",\"contentUrl\":\"https:\/\/skaitytaknyga.lt\/wp-content\/uploads\/2024\/05\/cropped-cropped-cropped-02_00843_jt3bggkj1j3HLc7SyY6rEUpg.jpeg\",\"width\":1600,\"height\":1600,\"caption\":\"skaitytaknyga.lt\"},\"image\":{\"@id\":\"https:\/\/skaitytaknyga.lt\/#\/schema\/logo\/image\/\"},\"sameAs\":[\"https:\/\/www.facebook.com\/skaitytaknyga\/\"]}]}<\/script>\n<!-- \/ Yoast SEO plugin. -->","yoast_head_json":{"title":"Egl\u0117 Auk\u0161takalnyt\u0117 Hansen \u201eLaukin\u0117 motina Gamta\u201c","description":"Laukin\u0117je gamtoje niekada nenuobodu, joje gausu \u012fvairiausios gyvyb\u0117s, jos s\u0105saj\u0173, santyki\u0173, dram\u0173, spalv\u0173, paslap\u010di\u0173, ir jos turtais gali steb\u0117tis ir","robots":{"index":"index","follow":"follow","max-snippet":"max-snippet:-1","max-image-preview":"max-image-preview:large","max-video-preview":"max-video-preview:-1"},"canonical":"https:\/\/skaitytaknyga.lt\/en\/produktas\/egle-aukstakalnyte-hansen-laukine-motina-gamta\/","og_locale":"en_GB","og_type":"article","og_title":"[:lt]Egl\u0117 Auk\u0161takalnyt\u0117 Hansen \u201eLaukin\u0117 motina Gamta\u201c[:] - Skaitytaknyga","og_description":"Laukin\u0117je gamtoje niekada nenuobodu, joje gausu \u012fvairiausios gyvyb\u0117s, jos s\u0105saj\u0173, santyki\u0173, dram\u0173, spalv\u0173, paslap\u010di\u0173, ir jos turtais gali steb\u0117tis ir","og_url":"https:\/\/skaitytaknyga.lt\/en\/produktas\/egle-aukstakalnyte-hansen-laukine-motina-gamta\/","og_site_name":"Skaitytaknyga","article_publisher":"https:\/\/www.facebook.com\/skaitytaknyga\/","article_modified_time":"2025-06-28T10:08:21+00:00","og_image":[{"width":533,"height":800,"url":"https:\/\/skaitytaknyga.lt\/wp-content\/uploads\/2024\/09\/1602055782_laukine-motina-gamta-1.webp","type":"image\/webp"}],"twitter_card":"summary_large_image","twitter_misc":{"Estimated reading time":"2 minutes"},"schema":{"@context":"https:\/\/schema.org","@graph":[{"@type":"WebPage","@id":"https:\/\/skaitytaknyga.lt\/produktas\/egle-aukstakalnyte-hansen-laukine-motina-gamta\/","url":"https:\/\/skaitytaknyga.lt\/produktas\/egle-aukstakalnyte-hansen-laukine-motina-gamta\/","name":"Egl\u0117 Auk\u0161takalnyt\u0117 Hansen \u201eLaukin\u0117 motina Gamta\u201c","isPartOf":{"@id":"https:\/\/skaitytaknyga.lt\/#website"},"primaryImageOfPage":{"@id":"https:\/\/skaitytaknyga.lt\/produktas\/egle-aukstakalnyte-hansen-laukine-motina-gamta\/#primaryimage"},"image":{"@id":"https:\/\/skaitytaknyga.lt\/produktas\/egle-aukstakalnyte-hansen-laukine-motina-gamta\/#primaryimage"},"thumbnailUrl":"https:\/\/skaitytaknyga.lt\/wp-content\/uploads\/2024\/09\/1602055782_laukine-motina-gamta-1.webp","datePublished":"2024-09-28T10:48:12+00:00","dateModified":"2025-06-28T10:08:21+00:00","description":"Laukin\u0117je gamtoje niekada nenuobodu, joje gausu \u012fvairiausios gyvyb\u0117s, jos s\u0105saj\u0173, santyki\u0173, dram\u0173, spalv\u0173, paslap\u010di\u0173, ir jos turtais gali steb\u0117tis ir","breadcrumb":{"@id":"https:\/\/skaitytaknyga.lt\/produktas\/egle-aukstakalnyte-hansen-laukine-motina-gamta\/#breadcrumb"},"inLanguage":"en-GB","potentialAction":[{"@type":"ReadAction","target":["https:\/\/skaitytaknyga.lt\/produktas\/egle-aukstakalnyte-hansen-laukine-motina-gamta\/"]}]},{"@type":"ImageObject","inLanguage":"en-GB","@id":"https:\/\/skaitytaknyga.lt\/produktas\/egle-aukstakalnyte-hansen-laukine-motina-gamta\/#primaryimage","url":"https:\/\/skaitytaknyga.lt\/wp-content\/uploads\/2024\/09\/1602055782_laukine-motina-gamta-1.webp","contentUrl":"https:\/\/skaitytaknyga.lt\/wp-content\/uploads\/2024\/09\/1602055782_laukine-motina-gamta-1.webp","width":533,"height":800,"caption":"Egl\u0117 Auk\u0161takalnyt\u0117 Hansen \u201eLaukin\u0117 motina Gamta\u201c"},{"@type":"BreadcrumbList","@id":"https:\/\/skaitytaknyga.lt\/produktas\/egle-aukstakalnyte-hansen-laukine-motina-gamta\/#breadcrumb","itemListElement":[{"@type":"ListItem","position":1,"name":"Home","item":"https:\/\/skaitytaknyga.lt\/"},{"@type":"ListItem","position":2,"name":"Parduotuv\u0117","item":"https:\/\/skaitytaknyga.lt\/knygu-parduotuve\/"},{"@type":"ListItem","position":3,"name":"Egl\u0117 Auk\u0161takalnyt\u0117 Hansen \u201eLaukin\u0117 motina Gamta\u201c"}]},{"@type":"WebSite","@id":"https:\/\/skaitytaknyga.lt\/#website","url":"https:\/\/skaitytaknyga.lt\/","name":"skaitytaknyga.lt","description":"Skaitytaknyga.lt \u2013 tai ma\u017eas \u0161eimos verslas, kuris prasid\u0117jo nuo meil\u0117s knygoms ir siekio i\u0161gelb\u0117ti knygas nuo likimo prie konteinerio. Kas vienam nereikalingas daiktas \u2013 kitam lobis, o mes esame tarpininkai, kurie padeda abiems tapti laimingesniems ???? \u017dinome kaip nelengva i\u0161gyventi ma\u017eiems verslams, tad nuo \u0161iol, \u010dia rasite ir kit\u0173, ma\u017e\u0173 \u0161eim\u0173 versl\u0173, rank\u0173 darbo, dovan\u0173 sau ir artimiesiems.","publisher":{"@id":"https:\/\/skaitytaknyga.lt\/#organization"},"potentialAction":[{"@type":"SearchAction","target":{"@type":"EntryPoint","urlTemplate":"https:\/\/skaitytaknyga.lt\/?s={search_term_string}"},"query-input":{"@type":"PropertyValueSpecification","valueRequired":true,"valueName":"search_term_string"}}],"inLanguage":"en-GB"},{"@type":"Organization","@id":"https:\/\/skaitytaknyga.lt\/#organization","name":"skaitytaknyga.lt","url":"https:\/\/skaitytaknyga.lt\/","logo":{"@type":"ImageObject","inLanguage":"en-GB","@id":"https:\/\/skaitytaknyga.lt\/#\/schema\/logo\/image\/","url":"https:\/\/skaitytaknyga.lt\/wp-content\/uploads\/2024\/05\/cropped-cropped-cropped-02_00843_jt3bggkj1j3HLc7SyY6rEUpg.jpeg","contentUrl":"https:\/\/skaitytaknyga.lt\/wp-content\/uploads\/2024\/05\/cropped-cropped-cropped-02_00843_jt3bggkj1j3HLc7SyY6rEUpg.jpeg","width":1600,"height":1600,"caption":"skaitytaknyga.lt"},"image":{"@id":"https:\/\/skaitytaknyga.lt\/#\/schema\/logo\/image\/"},"sameAs":["https:\/\/www.facebook.com\/skaitytaknyga\/"]}]}},"_links":{"self":[{"href":"https:\/\/skaitytaknyga.lt\/en\/wp-json\/wp\/v2\/product\/14058","targetHints":{"allow":["GET"]}}],"collection":[{"href":"https:\/\/skaitytaknyga.lt\/en\/wp-json\/wp\/v2\/product"}],"about":[{"href":"https:\/\/skaitytaknyga.lt\/en\/wp-json\/wp\/v2\/types\/product"}],"replies":[{"embeddable":true,"href":"https:\/\/skaitytaknyga.lt\/en\/wp-json\/wp\/v2\/comments?post=14058"}],"wp:featuredmedia":[{"embeddable":true,"href":"https:\/\/skaitytaknyga.lt\/en\/wp-json\/wp\/v2\/media\/14066"}],"wp:attachment":[{"href":"https:\/\/skaitytaknyga.lt\/en\/wp-json\/wp\/v2\/media?parent=14058"}],"wp:term":[{"taxonomy":"product_brand","embeddable":true,"href":"https:\/\/skaitytaknyga.lt\/en\/wp-json\/wp\/v2\/product_brand?post=14058"},{"taxonomy":"product_cat","embeddable":true,"href":"https:\/\/skaitytaknyga.lt\/en\/wp-json\/wp\/v2\/product_cat?post=14058"},{"taxonomy":"product_tag","embeddable":true,"href":"https:\/\/skaitytaknyga.lt\/en\/wp-json\/wp\/v2\/product_tag?post=14058"}],"curies":[{"name":"wp","href":"https:\/\/api.w.org\/{rel}","templated":true}]}}