{"id":14057,"date":"2024-09-28T13:48:12","date_gmt":"2024-09-28T10:48:12","guid":{"rendered":"https:\/\/skaitytaknyga.lt\/?post_type=product&#038;p=14057"},"modified":"2025-05-24T21:09:40","modified_gmt":"2025-05-24T18:09:40","slug":"bjorn-sortland-hilde-kramer-ka-mena-sirdis","status":"publish","type":"product","link":"https:\/\/skaitytaknyga.lt\/en\/produktas\/bjorn-sortland-hilde-kramer-ka-mena-sirdis\/","title":{"rendered":"K\u0105 mena \u0161irdis"},"content":{"rendered":"<p lang=\"lt-LT\">\u2013 Taip ir guli dien\u0173 dienas?<\/p>\n<p lang=\"lt-LT\">Frida pa\u017evelgia \u012f mane ir paskui ilgai ra\u0161o:<\/p>\n<p lang=\"en-US\"><em>Guliu ir galvoju<\/em><em>apie savo gyvenim\u0105. Vaikyst\u0117je susirgau poliomielitu.<\/em><em>Kai buvau a\u0161tuoniolikos, tramvajus, kuriame va\u017eiavau, susid\u016br\u0117 su sunkve\u017eimiu. Po to \u012fvykio a\u0161 jau ne visada sutariu su savo k\u016bnu. Gul\u0117ti lovoje li\u016bdna, bet puiku, kad turiu daug laiko tapyti. Kod\u0117l tu ne mokykloje?<\/em><\/p>\n<p lang=\"lt-LT\">Giliai \u012fkv\u0117piu. Visko pasakoti negaliu.<\/p>\n<p lang=\"lt-LT\">\u2013 Mano ses\u0117 ligonin\u0117je. Mama atsiveda mane \u010dionai, nes nori, kad dabar b\u016b\u010diau kartu. Mokausi a\u0161 gerai, tikrai neatsiliksiu.<\/p>\n<p>\u201eK\u0105 mena \u0161irdis\u201c &#8211; pasakojimas apie mergait\u0117s Leonardos susitikim\u0105 su did\u017ei\u0105ja menininke Frida Kahlo. Tai susitikimas, kuris pakei\u010dia Leonardos gyvenim\u0105.<\/p>\n<ul class=\"about-product d-none d-xl-block mt-4\">\n<li><strong>Autorius:<\/strong>\u00a0Bjorn Sortland,\u00a0Hilde Kramer<\/li>\n<li><strong>Leid\u0117jas:<\/strong>\u00a0Modernaus meno centras<\/li>\n<li><strong>Metai:<\/strong>\u00a02012<\/li>\n<li><strong>Puslapiai:<\/strong>\u00a050<\/li>\n<li><strong>ISBN:<\/strong>\u00a09786099540627<\/li>\n<li><strong>Formatas:<\/strong>\u00a018,5 x 29 cm, kieti vir\u0161eliai<\/li>\n<li><strong>Kalba:<\/strong>\u00a0Lietuvi\u0173<\/li>\n<li><strong>Vert\u0117jas:<\/strong>\u00a0Alma Lo\u010deryt\u0117 &#8211; Dale<\/li>\n<\/ul>\n","protected":false},"excerpt":{"rendered":"<p>\u2013 Taip ir guli dien\u0173 dienas? Frida pa\u017evelgia \u012f mane ir paskui ilgai ra\u0161o: Guliu ir galvojuapie savo gyvenim\u0105. Vaikyst\u0117je susirgau poliomielitu.Kai buvau a\u0161tuoniolikos, tramvajus, kuriame va\u017eiavau, susid\u016br\u0117 su sunkve\u017eimiu. Po to \u012fvykio a\u0161 jau ne visada sutariu su savo k\u016bnu. Gul\u0117ti lovoje li\u016bdna, bet puiku, kad turiu daug laiko tapyti. Kod\u0117l tu ne mokykloje? Giliai \u012fkv\u0117piu. Visko pasakoti negaliu. \u2013 Mano ses\u0117 ligonin\u0117je. Mama atsiveda mane \u010dionai, nes nori, kad dabar b\u016b\u010diau kartu. Mokausi a\u0161 gerai, tikrai neatsiliksiu. \u201eK\u0105 mena \u0161irdis\u201c &#8211; pasakojimas apie mergait\u0117s Leonardos susitikim\u0105 su did\u017ei\u0105ja menininke Frida Kahlo. Tai susitikimas, kuris pakei\u010dia Leonardos gyvenim\u0105. Autorius:\u00a0Bjorn Sortland,\u00a0Hilde Kramer Leid\u0117jas:\u00a0Modernaus meno centras Metai:\u00a02012 Puslapiai:\u00a050 ISBN:\u00a09786099540627 Formatas:\u00a018,5 x 29 cm, kieti vir\u0161eliai Kalba:\u00a0Lietuvi\u0173 Vert\u0117jas:\u00a0Alma Lo\u010deryt\u0117 &#8211; Dale<\/p>\n","protected":false},"featured_media":14067,"comment_status":"open","ping_status":"closed","template":"","meta":{"_acf_changed":false,"site-sidebar-layout":"default","site-content-layout":"","ast-site-content-layout":"default","site-content-style":"default","site-sidebar-style":"default","ast-global-header-display":"","ast-banner-title-visibility":"","ast-main-header-display":"","ast-hfb-above-header-display":"","ast-hfb-below-header-display":"","ast-hfb-mobile-header-display":"","site-post-title":"","ast-breadcrumbs-content":"","ast-featured-img":"","footer-sml-layout":"","ast-disable-related-posts":"","theme-transparent-header-meta":"default","adv-header-id-meta":"","stick-header-meta":"","header-above-stick-meta":"","header-main-stick-meta":"","header-below-stick-meta":"","astra-migrate-meta-layouts":"set","ast-page-background-enabled":"default","ast-page-background-meta":{"desktop":{"background-color":"","background-image":"","background-repeat":"repeat","background-position":"center center","background-size":"auto","background-attachment":"scroll","background-type":"","background-media":"","overlay-type":"","overlay-color":"","overlay-opacity":"","overlay-gradient":""},"tablet":{"background-color":"","background-image":"","background-repeat":"repeat","background-position":"center center","background-size":"auto","background-attachment":"scroll","background-type":"","background-media":"","overlay-type":"","overlay-color":"","overlay-opacity":"","overlay-gradient":""},"mobile":{"background-color":"","background-image":"","background-repeat":"repeat","background-position":"center center","background-size":"auto","background-attachment":"scroll","background-type":"","background-media":"","overlay-type":"","overlay-color":"","overlay-opacity":"","overlay-gradient":""}},"ast-content-background-meta":{"desktop":{"background-color":"var(--ast-global-color-4)","background-image":"","background-repeat":"repeat","background-position":"center center","background-size":"auto","background-attachment":"scroll","background-type":"","background-media":"","overlay-type":"","overlay-color":"","overlay-opacity":"","overlay-gradient":""},"tablet":{"background-color":"var(--ast-global-color-4)","background-image":"","background-repeat":"repeat","background-position":"center center","background-size":"auto","background-attachment":"scroll","background-type":"","background-media":"","overlay-type":"","overlay-color":"","overlay-opacity":"","overlay-gradient":""},"mobile":{"background-color":"var(--ast-global-color-4)","background-image":"","background-repeat":"repeat","background-position":"center center","background-size":"auto","background-attachment":"scroll","background-type":"","background-media":"","overlay-type":"","overlay-color":"","overlay-opacity":"","overlay-gradient":""}}},"product_brand":[],"product_cat":[15,57],"product_tag":[4369,4365,4368,4366,3052,4367,1785],"class_list":{"0":"post-14057","1":"product","2":"type-product","3":"status-publish","4":"has-post-thumbnail","6":"product_cat-uncategorized","7":"product_cat-menas-ir-albumai","8":"product_tag-biografine","9":"product_tag-bjorn-sortland","10":"product_tag-frida-kahlo","11":"product_tag-hilde-kramer","12":"product_tag-menas","13":"product_tag-paveiksleliu-knygos","14":"product_tag-vaikams","15":"desktop-align-left","16":"tablet-align-left","17":"mobile-align-left","19":"first","20":"instock","21":"shipping-taxable","22":"purchasable","23":"product-type-simple"},"acf":[],"yoast_head":"<!-- This site is optimized with the Yoast SEO plugin v27.0 - https:\/\/yoast.com\/product\/yoast-seo-wordpress\/ -->\n<title>K\u0105 mena \u0161irdis<\/title>\n<meta name=\"description\" content=\"\u2013 Taip ir guli dien\u0173 dienas? Frida pa\u017evelgia \u012f mane ir paskui ilgai ra\u0161o: Guliu ir galvojuapie savo gyvenim\u0105. Vaikyst\u0117je susirgau poliomielitu.Kai buvau\" \/>\n<meta name=\"robots\" content=\"index, follow, max-snippet:-1, max-image-preview:large, max-video-preview:-1\" \/>\n<link rel=\"canonical\" href=\"https:\/\/skaitytaknyga.lt\/en\/produktas\/bjorn-sortland-hilde-kramer-ka-mena-sirdis\/\" \/>\n<meta property=\"og:locale\" content=\"en_GB\" \/>\n<meta property=\"og:locale:alternate\" content=\"lt_LT\" \/>\n<meta property=\"og:type\" content=\"article\" \/>\n<meta property=\"og:title\" content=\"K\u0105 mena \u0161irdis\" \/>\n<meta property=\"og:description\" content=\"\u2013 Taip ir guli dien\u0173 dienas? Frida pa\u017evelgia \u012f mane ir paskui ilgai ra\u0161o: Guliu ir galvojuapie savo gyvenim\u0105. Vaikyst\u0117je susirgau poliomielitu.Kai buvau\" \/>\n<meta property=\"og:url\" content=\"https:\/\/skaitytaknyga.lt\/en\/produktas\/bjorn-sortland-hilde-kramer-ka-mena-sirdis\/\" \/>\n<meta property=\"og:site_name\" content=\"Skaitytaknyga\" \/>\n<meta property=\"article:publisher\" content=\"https:\/\/www.facebook.com\/skaitytaknyga\/\" \/>\n<meta property=\"article:modified_time\" content=\"2025-05-24T18:09:40+00:00\" \/>\n<meta property=\"og:image\" content=\"https:\/\/skaitytaknyga.lt\/wp-content\/uploads\/2024\/09\/Ka-mena-sirdis.webp\" \/>\n\t<meta property=\"og:image:width\" content=\"507\" \/>\n\t<meta property=\"og:image:height\" content=\"800\" \/>\n\t<meta property=\"og:image:type\" content=\"image\/webp\" \/>\n<meta name=\"twitter:card\" content=\"summary_large_image\" \/>\n<meta name=\"twitter:label1\" content=\"Estimated reading time\" \/>\n\t<meta name=\"twitter:data1\" content=\"1 minute\" \/>\n<script type=\"application\/ld+json\" class=\"yoast-schema-graph\">{\"@context\":\"https:\/\/schema.org\",\"@graph\":[{\"@type\":\"WebPage\",\"@id\":\"https:\/\/skaitytaknyga.lt\/produktas\/bjorn-sortland-hilde-kramer-ka-mena-sirdis\/\",\"url\":\"https:\/\/skaitytaknyga.lt\/produktas\/bjorn-sortland-hilde-kramer-ka-mena-sirdis\/\",\"name\":\"K\u0105 mena \u0161irdis\",\"isPartOf\":{\"@id\":\"https:\/\/skaitytaknyga.lt\/#website\"},\"primaryImageOfPage\":{\"@id\":\"https:\/\/skaitytaknyga.lt\/produktas\/bjorn-sortland-hilde-kramer-ka-mena-sirdis\/#primaryimage\"},\"image\":{\"@id\":\"https:\/\/skaitytaknyga.lt\/produktas\/bjorn-sortland-hilde-kramer-ka-mena-sirdis\/#primaryimage\"},\"thumbnailUrl\":\"https:\/\/skaitytaknyga.lt\/wp-content\/uploads\/2024\/09\/Ka-mena-sirdis.webp\",\"datePublished\":\"2024-09-28T10:48:12+00:00\",\"dateModified\":\"2025-05-24T18:09:40+00:00\",\"description\":\"\u2013 Taip ir guli dien\u0173 dienas? Frida pa\u017evelgia \u012f mane ir paskui ilgai ra\u0161o: Guliu ir galvojuapie savo gyvenim\u0105. Vaikyst\u0117je susirgau poliomielitu.Kai buvau\",\"breadcrumb\":{\"@id\":\"https:\/\/skaitytaknyga.lt\/produktas\/bjorn-sortland-hilde-kramer-ka-mena-sirdis\/#breadcrumb\"},\"inLanguage\":\"en-GB\",\"potentialAction\":[{\"@type\":\"ReadAction\",\"target\":[\"https:\/\/skaitytaknyga.lt\/produktas\/bjorn-sortland-hilde-kramer-ka-mena-sirdis\/\"]}]},{\"@type\":\"ImageObject\",\"inLanguage\":\"en-GB\",\"@id\":\"https:\/\/skaitytaknyga.lt\/produktas\/bjorn-sortland-hilde-kramer-ka-mena-sirdis\/#primaryimage\",\"url\":\"https:\/\/skaitytaknyga.lt\/wp-content\/uploads\/2024\/09\/Ka-mena-sirdis.webp\",\"contentUrl\":\"https:\/\/skaitytaknyga.lt\/wp-content\/uploads\/2024\/09\/Ka-mena-sirdis.webp\",\"width\":507,\"height\":800,\"caption\":\"K\u0105 mena \u0161irdis\"},{\"@type\":\"BreadcrumbList\",\"@id\":\"https:\/\/skaitytaknyga.lt\/produktas\/bjorn-sortland-hilde-kramer-ka-mena-sirdis\/#breadcrumb\",\"itemListElement\":[{\"@type\":\"ListItem\",\"position\":1,\"name\":\"Home\",\"item\":\"https:\/\/skaitytaknyga.lt\/\"},{\"@type\":\"ListItem\",\"position\":2,\"name\":\"Parduotuv\u0117\",\"item\":\"https:\/\/skaitytaknyga.lt\/knygu-parduotuve\/\"},{\"@type\":\"ListItem\",\"position\":3,\"name\":\"K\u0105 mena \u0161irdis\"}]},{\"@type\":\"WebSite\",\"@id\":\"https:\/\/skaitytaknyga.lt\/#website\",\"url\":\"https:\/\/skaitytaknyga.lt\/\",\"name\":\"skaitytaknyga.lt\",\"description\":\"Skaitytaknyga.lt \u2013 tai ma\u017eas \u0161eimos verslas, kuris prasid\u0117jo nuo meil\u0117s knygoms ir siekio i\u0161gelb\u0117ti knygas nuo likimo prie konteinerio. Kas vienam nereikalingas daiktas \u2013 kitam lobis, o mes esame tarpininkai, kurie padeda abiems tapti laimingesniems ???? \u017dinome kaip nelengva i\u0161gyventi ma\u017eiems verslams, tad nuo \u0161iol, \u010dia rasite ir kit\u0173, ma\u017e\u0173 \u0161eim\u0173 versl\u0173, rank\u0173 darbo, dovan\u0173 sau ir artimiesiems.\",\"publisher\":{\"@id\":\"https:\/\/skaitytaknyga.lt\/#organization\"},\"potentialAction\":[{\"@type\":\"SearchAction\",\"target\":{\"@type\":\"EntryPoint\",\"urlTemplate\":\"https:\/\/skaitytaknyga.lt\/?s={search_term_string}\"},\"query-input\":{\"@type\":\"PropertyValueSpecification\",\"valueRequired\":true,\"valueName\":\"search_term_string\"}}],\"inLanguage\":\"en-GB\"},{\"@type\":\"Organization\",\"@id\":\"https:\/\/skaitytaknyga.lt\/#organization\",\"name\":\"skaitytaknyga.lt\",\"url\":\"https:\/\/skaitytaknyga.lt\/\",\"logo\":{\"@type\":\"ImageObject\",\"inLanguage\":\"en-GB\",\"@id\":\"https:\/\/skaitytaknyga.lt\/#\/schema\/logo\/image\/\",\"url\":\"https:\/\/skaitytaknyga.lt\/wp-content\/uploads\/2024\/05\/cropped-cropped-cropped-02_00843_jt3bggkj1j3HLc7SyY6rEUpg.jpeg\",\"contentUrl\":\"https:\/\/skaitytaknyga.lt\/wp-content\/uploads\/2024\/05\/cropped-cropped-cropped-02_00843_jt3bggkj1j3HLc7SyY6rEUpg.jpeg\",\"width\":1600,\"height\":1600,\"caption\":\"skaitytaknyga.lt\"},\"image\":{\"@id\":\"https:\/\/skaitytaknyga.lt\/#\/schema\/logo\/image\/\"},\"sameAs\":[\"https:\/\/www.facebook.com\/skaitytaknyga\/\"]}]}<\/script>\n<!-- \/ Yoast SEO plugin. -->","yoast_head_json":{"title":"K\u0105 mena \u0161irdis","description":"\u2013 Taip ir guli dien\u0173 dienas? Frida pa\u017evelgia \u012f mane ir paskui ilgai ra\u0161o: Guliu ir galvojuapie savo gyvenim\u0105. Vaikyst\u0117je susirgau poliomielitu.Kai buvau","robots":{"index":"index","follow":"follow","max-snippet":"max-snippet:-1","max-image-preview":"max-image-preview:large","max-video-preview":"max-video-preview:-1"},"canonical":"https:\/\/skaitytaknyga.lt\/en\/produktas\/bjorn-sortland-hilde-kramer-ka-mena-sirdis\/","og_locale":"en_GB","og_type":"article","og_title":"[:lt]K\u0105 mena \u0161irdis[:] - Skaitytaknyga","og_description":"\u2013 Taip ir guli dien\u0173 dienas? Frida pa\u017evelgia \u012f mane ir paskui ilgai ra\u0161o: Guliu ir galvojuapie savo gyvenim\u0105. Vaikyst\u0117je susirgau poliomielitu.Kai buvau","og_url":"https:\/\/skaitytaknyga.lt\/en\/produktas\/bjorn-sortland-hilde-kramer-ka-mena-sirdis\/","og_site_name":"Skaitytaknyga","article_publisher":"https:\/\/www.facebook.com\/skaitytaknyga\/","article_modified_time":"2025-05-24T18:09:40+00:00","og_image":[{"width":507,"height":800,"url":"https:\/\/skaitytaknyga.lt\/wp-content\/uploads\/2024\/09\/Ka-mena-sirdis.webp","type":"image\/webp"}],"twitter_card":"summary_large_image","twitter_misc":{"Estimated reading time":"1 minute"},"schema":{"@context":"https:\/\/schema.org","@graph":[{"@type":"WebPage","@id":"https:\/\/skaitytaknyga.lt\/produktas\/bjorn-sortland-hilde-kramer-ka-mena-sirdis\/","url":"https:\/\/skaitytaknyga.lt\/produktas\/bjorn-sortland-hilde-kramer-ka-mena-sirdis\/","name":"K\u0105 mena \u0161irdis","isPartOf":{"@id":"https:\/\/skaitytaknyga.lt\/#website"},"primaryImageOfPage":{"@id":"https:\/\/skaitytaknyga.lt\/produktas\/bjorn-sortland-hilde-kramer-ka-mena-sirdis\/#primaryimage"},"image":{"@id":"https:\/\/skaitytaknyga.lt\/produktas\/bjorn-sortland-hilde-kramer-ka-mena-sirdis\/#primaryimage"},"thumbnailUrl":"https:\/\/skaitytaknyga.lt\/wp-content\/uploads\/2024\/09\/Ka-mena-sirdis.webp","datePublished":"2024-09-28T10:48:12+00:00","dateModified":"2025-05-24T18:09:40+00:00","description":"\u2013 Taip ir guli dien\u0173 dienas? Frida pa\u017evelgia \u012f mane ir paskui ilgai ra\u0161o: Guliu ir galvojuapie savo gyvenim\u0105. Vaikyst\u0117je susirgau poliomielitu.Kai buvau","breadcrumb":{"@id":"https:\/\/skaitytaknyga.lt\/produktas\/bjorn-sortland-hilde-kramer-ka-mena-sirdis\/#breadcrumb"},"inLanguage":"en-GB","potentialAction":[{"@type":"ReadAction","target":["https:\/\/skaitytaknyga.lt\/produktas\/bjorn-sortland-hilde-kramer-ka-mena-sirdis\/"]}]},{"@type":"ImageObject","inLanguage":"en-GB","@id":"https:\/\/skaitytaknyga.lt\/produktas\/bjorn-sortland-hilde-kramer-ka-mena-sirdis\/#primaryimage","url":"https:\/\/skaitytaknyga.lt\/wp-content\/uploads\/2024\/09\/Ka-mena-sirdis.webp","contentUrl":"https:\/\/skaitytaknyga.lt\/wp-content\/uploads\/2024\/09\/Ka-mena-sirdis.webp","width":507,"height":800,"caption":"K\u0105 mena \u0161irdis"},{"@type":"BreadcrumbList","@id":"https:\/\/skaitytaknyga.lt\/produktas\/bjorn-sortland-hilde-kramer-ka-mena-sirdis\/#breadcrumb","itemListElement":[{"@type":"ListItem","position":1,"name":"Home","item":"https:\/\/skaitytaknyga.lt\/"},{"@type":"ListItem","position":2,"name":"Parduotuv\u0117","item":"https:\/\/skaitytaknyga.lt\/knygu-parduotuve\/"},{"@type":"ListItem","position":3,"name":"K\u0105 mena \u0161irdis"}]},{"@type":"WebSite","@id":"https:\/\/skaitytaknyga.lt\/#website","url":"https:\/\/skaitytaknyga.lt\/","name":"skaitytaknyga.lt","description":"Skaitytaknyga.lt \u2013 tai ma\u017eas \u0161eimos verslas, kuris prasid\u0117jo nuo meil\u0117s knygoms ir siekio i\u0161gelb\u0117ti knygas nuo likimo prie konteinerio. Kas vienam nereikalingas daiktas \u2013 kitam lobis, o mes esame tarpininkai, kurie padeda abiems tapti laimingesniems ???? \u017dinome kaip nelengva i\u0161gyventi ma\u017eiems verslams, tad nuo \u0161iol, \u010dia rasite ir kit\u0173, ma\u017e\u0173 \u0161eim\u0173 versl\u0173, rank\u0173 darbo, dovan\u0173 sau ir artimiesiems.","publisher":{"@id":"https:\/\/skaitytaknyga.lt\/#organization"},"potentialAction":[{"@type":"SearchAction","target":{"@type":"EntryPoint","urlTemplate":"https:\/\/skaitytaknyga.lt\/?s={search_term_string}"},"query-input":{"@type":"PropertyValueSpecification","valueRequired":true,"valueName":"search_term_string"}}],"inLanguage":"en-GB"},{"@type":"Organization","@id":"https:\/\/skaitytaknyga.lt\/#organization","name":"skaitytaknyga.lt","url":"https:\/\/skaitytaknyga.lt\/","logo":{"@type":"ImageObject","inLanguage":"en-GB","@id":"https:\/\/skaitytaknyga.lt\/#\/schema\/logo\/image\/","url":"https:\/\/skaitytaknyga.lt\/wp-content\/uploads\/2024\/05\/cropped-cropped-cropped-02_00843_jt3bggkj1j3HLc7SyY6rEUpg.jpeg","contentUrl":"https:\/\/skaitytaknyga.lt\/wp-content\/uploads\/2024\/05\/cropped-cropped-cropped-02_00843_jt3bggkj1j3HLc7SyY6rEUpg.jpeg","width":1600,"height":1600,"caption":"skaitytaknyga.lt"},"image":{"@id":"https:\/\/skaitytaknyga.lt\/#\/schema\/logo\/image\/"},"sameAs":["https:\/\/www.facebook.com\/skaitytaknyga\/"]}]}},"_links":{"self":[{"href":"https:\/\/skaitytaknyga.lt\/en\/wp-json\/wp\/v2\/product\/14057","targetHints":{"allow":["GET"]}}],"collection":[{"href":"https:\/\/skaitytaknyga.lt\/en\/wp-json\/wp\/v2\/product"}],"about":[{"href":"https:\/\/skaitytaknyga.lt\/en\/wp-json\/wp\/v2\/types\/product"}],"replies":[{"embeddable":true,"href":"https:\/\/skaitytaknyga.lt\/en\/wp-json\/wp\/v2\/comments?post=14057"}],"wp:featuredmedia":[{"embeddable":true,"href":"https:\/\/skaitytaknyga.lt\/en\/wp-json\/wp\/v2\/media\/14067"}],"wp:attachment":[{"href":"https:\/\/skaitytaknyga.lt\/en\/wp-json\/wp\/v2\/media?parent=14057"}],"wp:term":[{"taxonomy":"product_brand","embeddable":true,"href":"https:\/\/skaitytaknyga.lt\/en\/wp-json\/wp\/v2\/product_brand?post=14057"},{"taxonomy":"product_cat","embeddable":true,"href":"https:\/\/skaitytaknyga.lt\/en\/wp-json\/wp\/v2\/product_cat?post=14057"},{"taxonomy":"product_tag","embeddable":true,"href":"https:\/\/skaitytaknyga.lt\/en\/wp-json\/wp\/v2\/product_tag?post=14057"}],"curies":[{"name":"wp","href":"https:\/\/api.w.org\/{rel}","templated":true}]}}