{"id":14056,"date":"2024-09-28T13:48:12","date_gmt":"2024-09-28T10:48:12","guid":{"rendered":"https:\/\/skaitytaknyga.lt\/?post_type=product&#038;p=14056"},"modified":"2026-03-05T16:00:46","modified_gmt":"2026-03-05T14:00:46","slug":"kati-hiekkapelto-bejegiai","status":"publish","type":"product","link":"https:\/\/skaitytaknyga.lt\/en\/produktas\/kati-hiekkapelto-bejegiai\/","title":{"rendered":"Bej\u0117giai"},"content":{"rendered":"<p><em>Nuo\u017emi Suomijos imigrant\u0173 ir vietini\u0173 gauj\u0173 kova, narkotikai ir kraupios \u017emog\u017eudyst\u0117s.<\/em><br \/>\n<em>Galb\u016bt kal\u0117jimas \u2013 vienintelis b\u016bdas i\u0161tr\u016bkti i\u0161 \u0161io u\u017eburto rato?<\/em><\/p>\n<p>Nuo\u0161aliame ir u\u017epustytame mi\u0161ko kelyje tamsiu paros metu suva\u017ein\u0117jamas senukas. Nelaimingo atsitikimo aplinkyb\u0117s j\u012f tirian\u010diai Anai Feketei atrodo \u012ftartinos. Automobil\u012f vairavusi mergina tikina, kad senukas gul\u0117jo vidury kelio dar prie\u0161 j\u012f partrenkiant, be to, nelaim\u0117s vietoje n\u0117ra aukos p\u0117dsak\u0173. Tyrim\u0105 dar labiau apsunkina netoliese aptiktas kruvinas peilis ir did\u017eiulis raudonai nusida\u017eiusio sniego plotas&#8230;<\/p>\n<p>Tuo pat metu Anos partneris Eskas tiria Suomijoje pasirod\u017eiusios tarptautin\u0117s nusikalstamos grupuot\u0117s veikl\u0105. Kaip su \u0161ia gauja susij\u0119s jaunas nelegalus imigrantas i\u0161 Pakistano, sulaikytas narkoman\u0173 lindyn\u0117je reido metu? Keista, kad buto, kuriame jis buvo suimtas, kaimynyst\u0117je gyveno ir partrenktas senukas&#8230; Ar Anai ir Eskui pavyks i\u0161siai\u0161kinti, kas i\u0161 tikr\u0173j\u0173 nutiko, ir sustabdyti pagreit\u012f \u012fgaunan\u010dias imigrant\u0173 ir vietini\u0173 gauj\u0173 kovas?<\/p>\n<p>K\u016brinys pripa\u017eintas geriausiu 2014 met\u0173 Suomijos detektyvu, taip pat \u012ftrauktas \u012f presti\u017eini\u0173\u00a0<em>Glass Key<\/em>\u00a0apdovanojim\u0173, skiriam\u0173 geriausiems Skandinavijos detektyvams, trump\u0105j\u012f s\u0105ra\u0161\u0105. Serijos autor\u0117\u00a0<strong>Kati Hiekkapelto<\/strong>\u00a0(g. 1970) yra viena labiausiai pripa\u017eint\u0173 \u0161iuolaikini\u0173 detektyv\u0173 ra\u0161ytoj\u0173 Suomijoje.<\/p>\n<ul class=\"about-product d-none d-xl-block mt-4\">\n<li><strong>Originalus pavadinimas:<\/strong>\u00a0Suojattomat<\/li>\n<li><strong>Autorius:<\/strong>\u00a0Kati Hiekkapelto<\/li>\n<li><strong>Leid\u0117jas:<\/strong>\u00a0Sofoklis<\/li>\n<li><strong>Metai:<\/strong>\u00a02019<\/li>\n<li><strong>Puslapiai:<\/strong>\u00a0320<\/li>\n<li><strong>ISBN:<\/strong>\u00a09786094442742<\/li>\n<li><strong>Versijos kodas:<\/strong>\u00a012<\/li>\n<li><strong>Formatas:<\/strong>\u00a014 x 21 x 2,3 cm, kieti vir\u0161eliai<\/li>\n<li><strong>Kalba:<\/strong>\u00a0Lietuvi\u0173<\/li>\n<li><strong>Vert\u0117jas:<\/strong>\u00a0Simona Dobrovolskyt\u0117<\/li>\n<\/ul>\n","protected":false},"excerpt":{"rendered":"<p>Nuo\u017emi Suomijos imigrant\u0173 ir vietini\u0173 gauj\u0173 kova, narkotikai ir kraupios \u017emog\u017eudyst\u0117s. Galb\u016bt kal\u0117jimas \u2013 vienintelis b\u016bdas i\u0161tr\u016bkti i\u0161 \u0161io u\u017eburto rato? Nuo\u0161aliame ir u\u017epustytame mi\u0161ko kelyje tamsiu paros metu suva\u017ein\u0117jamas senukas. Nelaimingo atsitikimo aplinkyb\u0117s j\u012f tirian\u010diai Anai Feketei atrodo \u012ftartinos. Automobil\u012f vairavusi mergina tikina, kad senukas gul\u0117jo vidury kelio dar prie\u0161 j\u012f partrenkiant, be to, nelaim\u0117s vietoje n\u0117ra aukos p\u0117dsak\u0173. Tyrim\u0105 dar labiau apsunkina netoliese aptiktas kruvinas peilis ir did\u017eiulis raudonai nusida\u017eiusio sniego plotas&#8230; Tuo pat metu Anos partneris Eskas tiria Suomijoje pasirod\u017eiusios tarptautin\u0117s nusikalstamos grupuot\u0117s veikl\u0105. Kaip su \u0161ia gauja susij\u0119s jaunas nelegalus imigrantas i\u0161 Pakistano, sulaikytas narkoman\u0173 lindyn\u0117je reido metu? Keista, kad buto, kuriame jis buvo suimtas, kaimynyst\u0117je gyveno ir partrenktas senukas&#8230; Ar Anai ir Eskui pavyks i\u0161siai\u0161kinti, kas i\u0161 tikr\u0173j\u0173 nutiko, ir sustabdyti pagreit\u012f \u012fgaunan\u010dias imigrant\u0173 ir vietini\u0173 gauj\u0173 kovas? K\u016brinys pripa\u017eintas geriausiu 2014 met\u0173 Suomijos detektyvu, taip pat \u012ftrauktas \u012f presti\u017eini\u0173\u00a0Glass Key\u00a0apdovanojim\u0173, skiriam\u0173 geriausiems Skandinavijos detektyvams, trump\u0105j\u012f s\u0105ra\u0161\u0105. Serijos autor\u0117\u00a0Kati Hiekkapelto\u00a0(g. 1970) yra viena labiausiai pripa\u017eint\u0173 \u0161iuolaikini\u0173 detektyv\u0173 ra\u0161ytoj\u0173 Suomijoje. Originalus pavadinimas:\u00a0Suojattomat Autorius:\u00a0Kati Hiekkapelto Leid\u0117jas:\u00a0Sofoklis Metai:\u00a02019 Puslapiai:\u00a0320 ISBN:\u00a09786094442742 Versijos kodas:\u00a012 Formatas:\u00a014 x 21 x 2,3 cm, kieti vir\u0161eliai Kalba:\u00a0Lietuvi\u0173 Vert\u0117jas:\u00a0Simona Dobrovolskyt\u0117<\/p>\n","protected":false},"featured_media":14064,"comment_status":"open","ping_status":"closed","template":"","meta":{"_acf_changed":false,"site-sidebar-layout":"default","site-content-layout":"","ast-site-content-layout":"default","site-content-style":"default","site-sidebar-style":"default","ast-global-header-display":"","ast-banner-title-visibility":"","ast-main-header-display":"","ast-hfb-above-header-display":"","ast-hfb-below-header-display":"","ast-hfb-mobile-header-display":"","site-post-title":"","ast-breadcrumbs-content":"","ast-featured-img":"","footer-sml-layout":"","ast-disable-related-posts":"","theme-transparent-header-meta":"default","adv-header-id-meta":"","stick-header-meta":"","header-above-stick-meta":"","header-main-stick-meta":"","header-below-stick-meta":"","astra-migrate-meta-layouts":"set","ast-page-background-enabled":"default","ast-page-background-meta":{"desktop":{"background-color":"","background-image":"","background-repeat":"repeat","background-position":"center center","background-size":"auto","background-attachment":"scroll","background-type":"","background-media":"","overlay-type":"","overlay-color":"","overlay-opacity":"","overlay-gradient":""},"tablet":{"background-color":"","background-image":"","background-repeat":"repeat","background-position":"center center","background-size":"auto","background-attachment":"scroll","background-type":"","background-media":"","overlay-type":"","overlay-color":"","overlay-opacity":"","overlay-gradient":""},"mobile":{"background-color":"","background-image":"","background-repeat":"repeat","background-position":"center center","background-size":"auto","background-attachment":"scroll","background-type":"","background-media":"","overlay-type":"","overlay-color":"","overlay-opacity":"","overlay-gradient":""}},"ast-content-background-meta":{"desktop":{"background-color":"var(--ast-global-color-4)","background-image":"","background-repeat":"repeat","background-position":"center center","background-size":"auto","background-attachment":"scroll","background-type":"","background-media":"","overlay-type":"","overlay-color":"","overlay-opacity":"","overlay-gradient":""},"tablet":{"background-color":"var(--ast-global-color-4)","background-image":"","background-repeat":"repeat","background-position":"center center","background-size":"auto","background-attachment":"scroll","background-type":"","background-media":"","overlay-type":"","overlay-color":"","overlay-opacity":"","overlay-gradient":""},"mobile":{"background-color":"var(--ast-global-color-4)","background-image":"","background-repeat":"repeat","background-position":"center center","background-size":"auto","background-attachment":"scroll","background-type":"","background-media":"","overlay-type":"","overlay-color":"","overlay-opacity":"","overlay-gradient":""}}},"product_brand":[],"product_cat":[9581],"product_tag":[1476,1663,1661,1666,1664,1665,1662],"class_list":{"0":"post-14056","1":"product","2":"type-product","3":"status-publish","4":"has-post-thumbnail","6":"product_cat-kriminaliniai-romanai","7":"product_tag-detektyvas","8":"product_tag-imigrantai","9":"product_tag-kati-hiekkapelto","10":"product_tag-kriminaline-literatura","11":"product_tag-nusikaltimai","12":"product_tag-socialines-problemos","13":"product_tag-suomija","14":"desktop-align-left","15":"tablet-align-left","16":"mobile-align-left","18":"first","19":"instock","20":"shipping-taxable","21":"purchasable","22":"product-type-simple"},"acf":[],"yoast_head":"<!-- This site is optimized with the Yoast SEO plugin v27.0 - https:\/\/yoast.com\/product\/yoast-seo-wordpress\/ -->\n<title>Bej\u0117giai<\/title>\n<meta name=\"description\" content=\"Nuo\u017emi Suomijos imigrant\u0173 ir vietini\u0173 gauj\u0173 kova, narkotikai ir kraupios \u017emog\u017eudyst\u0117s. Galb\u016bt kal\u0117jimas \u2013 vienintelis b\u016bdas i\u0161tr\u016bkti i\u0161 \u0161io u\u017eburto rato?\" \/>\n<meta name=\"robots\" content=\"index, follow, max-snippet:-1, max-image-preview:large, max-video-preview:-1\" \/>\n<link rel=\"canonical\" href=\"https:\/\/skaitytaknyga.lt\/en\/produktas\/kati-hiekkapelto-bejegiai\/\" \/>\n<meta property=\"og:locale\" content=\"en_GB\" \/>\n<meta property=\"og:locale:alternate\" content=\"lt_LT\" \/>\n<meta property=\"og:type\" content=\"article\" \/>\n<meta property=\"og:title\" content=\"Bej\u0117giai\" \/>\n<meta property=\"og:description\" content=\"Nuo\u017emi Suomijos imigrant\u0173 ir vietini\u0173 gauj\u0173 kova, narkotikai ir kraupios \u017emog\u017eudyst\u0117s. Galb\u016bt kal\u0117jimas \u2013 vienintelis b\u016bdas i\u0161tr\u016bkti i\u0161 \u0161io u\u017eburto rato?\" \/>\n<meta property=\"og:url\" content=\"https:\/\/skaitytaknyga.lt\/en\/produktas\/kati-hiekkapelto-bejegiai\/\" \/>\n<meta property=\"og:site_name\" content=\"Skaitytaknyga\" \/>\n<meta property=\"article:publisher\" content=\"https:\/\/www.facebook.com\/skaitytaknyga\/\" \/>\n<meta property=\"article:modified_time\" content=\"2026-03-05T14:00:46+00:00\" \/>\n<meta property=\"og:image\" content=\"https:\/\/skaitytaknyga.lt\/wp-content\/uploads\/2024\/09\/Kati-Hiekkapelto.webp\" \/>\n\t<meta property=\"og:image:width\" content=\"533\" \/>\n\t<meta property=\"og:image:height\" content=\"800\" \/>\n\t<meta property=\"og:image:type\" content=\"image\/webp\" \/>\n<meta name=\"twitter:card\" content=\"summary_large_image\" \/>\n<meta name=\"twitter:label1\" content=\"Estimated reading time\" \/>\n\t<meta name=\"twitter:data1\" content=\"2 minutes\" \/>\n<script type=\"application\/ld+json\" class=\"yoast-schema-graph\">{\"@context\":\"https:\/\/schema.org\",\"@graph\":[{\"@type\":\"WebPage\",\"@id\":\"https:\/\/skaitytaknyga.lt\/produktas\/kati-hiekkapelto-bejegiai\/\",\"url\":\"https:\/\/skaitytaknyga.lt\/produktas\/kati-hiekkapelto-bejegiai\/\",\"name\":\"Bej\u0117giai\",\"isPartOf\":{\"@id\":\"https:\/\/skaitytaknyga.lt\/#website\"},\"primaryImageOfPage\":{\"@id\":\"https:\/\/skaitytaknyga.lt\/produktas\/kati-hiekkapelto-bejegiai\/#primaryimage\"},\"image\":{\"@id\":\"https:\/\/skaitytaknyga.lt\/produktas\/kati-hiekkapelto-bejegiai\/#primaryimage\"},\"thumbnailUrl\":\"https:\/\/skaitytaknyga.lt\/wp-content\/uploads\/2024\/09\/Kati-Hiekkapelto.webp\",\"datePublished\":\"2024-09-28T10:48:12+00:00\",\"dateModified\":\"2026-03-05T14:00:46+00:00\",\"description\":\"Nuo\u017emi Suomijos imigrant\u0173 ir vietini\u0173 gauj\u0173 kova, narkotikai ir kraupios \u017emog\u017eudyst\u0117s. Galb\u016bt kal\u0117jimas \u2013 vienintelis b\u016bdas i\u0161tr\u016bkti i\u0161 \u0161io u\u017eburto rato?\",\"breadcrumb\":{\"@id\":\"https:\/\/skaitytaknyga.lt\/produktas\/kati-hiekkapelto-bejegiai\/#breadcrumb\"},\"inLanguage\":\"en-GB\",\"potentialAction\":[{\"@type\":\"ReadAction\",\"target\":[\"https:\/\/skaitytaknyga.lt\/produktas\/kati-hiekkapelto-bejegiai\/\"]}]},{\"@type\":\"ImageObject\",\"inLanguage\":\"en-GB\",\"@id\":\"https:\/\/skaitytaknyga.lt\/produktas\/kati-hiekkapelto-bejegiai\/#primaryimage\",\"url\":\"https:\/\/skaitytaknyga.lt\/wp-content\/uploads\/2024\/09\/Kati-Hiekkapelto.webp\",\"contentUrl\":\"https:\/\/skaitytaknyga.lt\/wp-content\/uploads\/2024\/09\/Kati-Hiekkapelto.webp\",\"width\":533,\"height\":800,\"caption\":\"Kati Hiekkapelto \u201eBej\u0117giai\u201c\"},{\"@type\":\"BreadcrumbList\",\"@id\":\"https:\/\/skaitytaknyga.lt\/produktas\/kati-hiekkapelto-bejegiai\/#breadcrumb\",\"itemListElement\":[{\"@type\":\"ListItem\",\"position\":1,\"name\":\"Home\",\"item\":\"https:\/\/skaitytaknyga.lt\/\"},{\"@type\":\"ListItem\",\"position\":2,\"name\":\"Parduotuv\u0117\",\"item\":\"https:\/\/skaitytaknyga.lt\/knygu-parduotuve\/\"},{\"@type\":\"ListItem\",\"position\":3,\"name\":\"Bej\u0117giai\"}]},{\"@type\":\"WebSite\",\"@id\":\"https:\/\/skaitytaknyga.lt\/#website\",\"url\":\"https:\/\/skaitytaknyga.lt\/\",\"name\":\"skaitytaknyga.lt\",\"description\":\"Skaitytaknyga.lt \u2013 tai ma\u017eas \u0161eimos verslas, kuris prasid\u0117jo nuo meil\u0117s knygoms ir siekio i\u0161gelb\u0117ti knygas nuo likimo prie konteinerio. Kas vienam nereikalingas daiktas \u2013 kitam lobis, o mes esame tarpininkai, kurie padeda abiems tapti laimingesniems ???? \u017dinome kaip nelengva i\u0161gyventi ma\u017eiems verslams, tad nuo \u0161iol, \u010dia rasite ir kit\u0173, ma\u017e\u0173 \u0161eim\u0173 versl\u0173, rank\u0173 darbo, dovan\u0173 sau ir artimiesiems.\",\"publisher\":{\"@id\":\"https:\/\/skaitytaknyga.lt\/#organization\"},\"potentialAction\":[{\"@type\":\"SearchAction\",\"target\":{\"@type\":\"EntryPoint\",\"urlTemplate\":\"https:\/\/skaitytaknyga.lt\/?s={search_term_string}\"},\"query-input\":{\"@type\":\"PropertyValueSpecification\",\"valueRequired\":true,\"valueName\":\"search_term_string\"}}],\"inLanguage\":\"en-GB\"},{\"@type\":\"Organization\",\"@id\":\"https:\/\/skaitytaknyga.lt\/#organization\",\"name\":\"skaitytaknyga.lt\",\"url\":\"https:\/\/skaitytaknyga.lt\/\",\"logo\":{\"@type\":\"ImageObject\",\"inLanguage\":\"en-GB\",\"@id\":\"https:\/\/skaitytaknyga.lt\/#\/schema\/logo\/image\/\",\"url\":\"https:\/\/skaitytaknyga.lt\/wp-content\/uploads\/2024\/05\/cropped-cropped-cropped-02_00843_jt3bggkj1j3HLc7SyY6rEUpg.jpeg\",\"contentUrl\":\"https:\/\/skaitytaknyga.lt\/wp-content\/uploads\/2024\/05\/cropped-cropped-cropped-02_00843_jt3bggkj1j3HLc7SyY6rEUpg.jpeg\",\"width\":1600,\"height\":1600,\"caption\":\"skaitytaknyga.lt\"},\"image\":{\"@id\":\"https:\/\/skaitytaknyga.lt\/#\/schema\/logo\/image\/\"},\"sameAs\":[\"https:\/\/www.facebook.com\/skaitytaknyga\/\"]}]}<\/script>\n<!-- \/ Yoast SEO plugin. -->","yoast_head_json":{"title":"Bej\u0117giai","description":"Nuo\u017emi Suomijos imigrant\u0173 ir vietini\u0173 gauj\u0173 kova, narkotikai ir kraupios \u017emog\u017eudyst\u0117s. Galb\u016bt kal\u0117jimas \u2013 vienintelis b\u016bdas i\u0161tr\u016bkti i\u0161 \u0161io u\u017eburto rato?","robots":{"index":"index","follow":"follow","max-snippet":"max-snippet:-1","max-image-preview":"max-image-preview:large","max-video-preview":"max-video-preview:-1"},"canonical":"https:\/\/skaitytaknyga.lt\/en\/produktas\/kati-hiekkapelto-bejegiai\/","og_locale":"en_GB","og_type":"article","og_title":"[:lt]Bej\u0117giai[:] - Skaitytaknyga","og_description":"Nuo\u017emi Suomijos imigrant\u0173 ir vietini\u0173 gauj\u0173 kova, narkotikai ir kraupios \u017emog\u017eudyst\u0117s. Galb\u016bt kal\u0117jimas \u2013 vienintelis b\u016bdas i\u0161tr\u016bkti i\u0161 \u0161io u\u017eburto rato?","og_url":"https:\/\/skaitytaknyga.lt\/en\/produktas\/kati-hiekkapelto-bejegiai\/","og_site_name":"Skaitytaknyga","article_publisher":"https:\/\/www.facebook.com\/skaitytaknyga\/","article_modified_time":"2026-03-05T14:00:46+00:00","og_image":[{"width":533,"height":800,"url":"https:\/\/skaitytaknyga.lt\/wp-content\/uploads\/2024\/09\/Kati-Hiekkapelto.webp","type":"image\/webp"}],"twitter_card":"summary_large_image","twitter_misc":{"Estimated reading time":"2 minutes"},"schema":{"@context":"https:\/\/schema.org","@graph":[{"@type":"WebPage","@id":"https:\/\/skaitytaknyga.lt\/produktas\/kati-hiekkapelto-bejegiai\/","url":"https:\/\/skaitytaknyga.lt\/produktas\/kati-hiekkapelto-bejegiai\/","name":"Bej\u0117giai","isPartOf":{"@id":"https:\/\/skaitytaknyga.lt\/#website"},"primaryImageOfPage":{"@id":"https:\/\/skaitytaknyga.lt\/produktas\/kati-hiekkapelto-bejegiai\/#primaryimage"},"image":{"@id":"https:\/\/skaitytaknyga.lt\/produktas\/kati-hiekkapelto-bejegiai\/#primaryimage"},"thumbnailUrl":"https:\/\/skaitytaknyga.lt\/wp-content\/uploads\/2024\/09\/Kati-Hiekkapelto.webp","datePublished":"2024-09-28T10:48:12+00:00","dateModified":"2026-03-05T14:00:46+00:00","description":"Nuo\u017emi Suomijos imigrant\u0173 ir vietini\u0173 gauj\u0173 kova, narkotikai ir kraupios \u017emog\u017eudyst\u0117s. Galb\u016bt kal\u0117jimas \u2013 vienintelis b\u016bdas i\u0161tr\u016bkti i\u0161 \u0161io u\u017eburto rato?","breadcrumb":{"@id":"https:\/\/skaitytaknyga.lt\/produktas\/kati-hiekkapelto-bejegiai\/#breadcrumb"},"inLanguage":"en-GB","potentialAction":[{"@type":"ReadAction","target":["https:\/\/skaitytaknyga.lt\/produktas\/kati-hiekkapelto-bejegiai\/"]}]},{"@type":"ImageObject","inLanguage":"en-GB","@id":"https:\/\/skaitytaknyga.lt\/produktas\/kati-hiekkapelto-bejegiai\/#primaryimage","url":"https:\/\/skaitytaknyga.lt\/wp-content\/uploads\/2024\/09\/Kati-Hiekkapelto.webp","contentUrl":"https:\/\/skaitytaknyga.lt\/wp-content\/uploads\/2024\/09\/Kati-Hiekkapelto.webp","width":533,"height":800,"caption":"Kati Hiekkapelto \u201eBej\u0117giai\u201c"},{"@type":"BreadcrumbList","@id":"https:\/\/skaitytaknyga.lt\/produktas\/kati-hiekkapelto-bejegiai\/#breadcrumb","itemListElement":[{"@type":"ListItem","position":1,"name":"Home","item":"https:\/\/skaitytaknyga.lt\/"},{"@type":"ListItem","position":2,"name":"Parduotuv\u0117","item":"https:\/\/skaitytaknyga.lt\/knygu-parduotuve\/"},{"@type":"ListItem","position":3,"name":"Bej\u0117giai"}]},{"@type":"WebSite","@id":"https:\/\/skaitytaknyga.lt\/#website","url":"https:\/\/skaitytaknyga.lt\/","name":"skaitytaknyga.lt","description":"Skaitytaknyga.lt \u2013 tai ma\u017eas \u0161eimos verslas, kuris prasid\u0117jo nuo meil\u0117s knygoms ir siekio i\u0161gelb\u0117ti knygas nuo likimo prie konteinerio. Kas vienam nereikalingas daiktas \u2013 kitam lobis, o mes esame tarpininkai, kurie padeda abiems tapti laimingesniems ???? \u017dinome kaip nelengva i\u0161gyventi ma\u017eiems verslams, tad nuo \u0161iol, \u010dia rasite ir kit\u0173, ma\u017e\u0173 \u0161eim\u0173 versl\u0173, rank\u0173 darbo, dovan\u0173 sau ir artimiesiems.","publisher":{"@id":"https:\/\/skaitytaknyga.lt\/#organization"},"potentialAction":[{"@type":"SearchAction","target":{"@type":"EntryPoint","urlTemplate":"https:\/\/skaitytaknyga.lt\/?s={search_term_string}"},"query-input":{"@type":"PropertyValueSpecification","valueRequired":true,"valueName":"search_term_string"}}],"inLanguage":"en-GB"},{"@type":"Organization","@id":"https:\/\/skaitytaknyga.lt\/#organization","name":"skaitytaknyga.lt","url":"https:\/\/skaitytaknyga.lt\/","logo":{"@type":"ImageObject","inLanguage":"en-GB","@id":"https:\/\/skaitytaknyga.lt\/#\/schema\/logo\/image\/","url":"https:\/\/skaitytaknyga.lt\/wp-content\/uploads\/2024\/05\/cropped-cropped-cropped-02_00843_jt3bggkj1j3HLc7SyY6rEUpg.jpeg","contentUrl":"https:\/\/skaitytaknyga.lt\/wp-content\/uploads\/2024\/05\/cropped-cropped-cropped-02_00843_jt3bggkj1j3HLc7SyY6rEUpg.jpeg","width":1600,"height":1600,"caption":"skaitytaknyga.lt"},"image":{"@id":"https:\/\/skaitytaknyga.lt\/#\/schema\/logo\/image\/"},"sameAs":["https:\/\/www.facebook.com\/skaitytaknyga\/"]}]}},"_links":{"self":[{"href":"https:\/\/skaitytaknyga.lt\/en\/wp-json\/wp\/v2\/product\/14056","targetHints":{"allow":["GET"]}}],"collection":[{"href":"https:\/\/skaitytaknyga.lt\/en\/wp-json\/wp\/v2\/product"}],"about":[{"href":"https:\/\/skaitytaknyga.lt\/en\/wp-json\/wp\/v2\/types\/product"}],"replies":[{"embeddable":true,"href":"https:\/\/skaitytaknyga.lt\/en\/wp-json\/wp\/v2\/comments?post=14056"}],"wp:featuredmedia":[{"embeddable":true,"href":"https:\/\/skaitytaknyga.lt\/en\/wp-json\/wp\/v2\/media\/14064"}],"wp:attachment":[{"href":"https:\/\/skaitytaknyga.lt\/en\/wp-json\/wp\/v2\/media?parent=14056"}],"wp:term":[{"taxonomy":"product_brand","embeddable":true,"href":"https:\/\/skaitytaknyga.lt\/en\/wp-json\/wp\/v2\/product_brand?post=14056"},{"taxonomy":"product_cat","embeddable":true,"href":"https:\/\/skaitytaknyga.lt\/en\/wp-json\/wp\/v2\/product_cat?post=14056"},{"taxonomy":"product_tag","embeddable":true,"href":"https:\/\/skaitytaknyga.lt\/en\/wp-json\/wp\/v2\/product_tag?post=14056"}],"curies":[{"name":"wp","href":"https:\/\/api.w.org\/{rel}","templated":true}]}}