{"id":14055,"date":"2024-09-28T13:48:12","date_gmt":"2024-09-28T10:48:12","guid":{"rendered":"https:\/\/skaitytaknyga.lt\/?post_type=product&#038;p=14055"},"modified":"2026-03-05T12:34:29","modified_gmt":"2026-03-05T10:34:29","slug":"jorn-lier-horst-aklas-spejimas","status":"publish","type":"product","link":"https:\/\/skaitytaknyga.lt\/en\/produktas\/jorn-lier-horst-aklas-spejimas\/","title":{"rendered":"J\u00f8rn Lier Horst \u201eAklas sp\u0117jimas\u201c"},"content":{"rendered":"<p>Norvegijos pietuose esan\u010diame Staverno uostamiestyje be \u017einios dingsta taksi vairuotojas. Policija netekusi vilties, ta\u010diau detektyvas Viljamas Vistingas dar nesiruo\u0161ia nuleisti rank\u0173: jau pus\u0119 met\u0173 jis viliasi aptikti bent menkiausi\u0105 u\u017euomin\u0105, kuri pad\u0117t\u0173 jam i\u0161siai\u0161kinti, kas i\u0161 tikr\u0173j\u0173 nutiko t\u0105 \u0161alt\u0105 \u017eiemos nakt\u012f.<\/p>\n<p>Netrukus dingusio taksisto paie\u0161kos pasisuka kita linkme ir atveda Visting\u0105 prie naujos bylos: vieno i\u0161 prabangiausi\u0173 miesto nam\u0173 r\u016bsyje rastas pinig\u0173 prigr\u016bstas seifas. \u0160alia j\u0173 \u2013 \u0161autuvas, kuriuo \u0161auta lygiai prie\u0161 pus\u0119 met\u0173.<\/p>\n<p>Viljamas Vistingas pasineria \u012f sp\u0117liones, kuo ir kaip gali b\u016bti susijusios \u0161ios dvi paslaptingos bylos. Ta\u010diau kai tyrimo s\u016bkuryje neplanuotai atsiduria n\u0117\u0161\u010dia jo dukra Lina, viskas apsiver\u010dia auk\u0161tyn kojomis. Tai nebe tik policijos tyrimas, tai \u2013 asmenin\u0117 detektyvo kova.<\/p>\n<p>\u201ePaini byla, slegiantis netikrumas ir nuolat spaud\u017eiantis laikas&#8230; Tobulai sukaltas kriminalinis detektyvas.&#8221;<br \/>\nSk\u00e5nska Dagbladet<\/p>\n<p>\u201eTik buv\u0119s pareig\u016bnas gali para\u0161yti tok\u012f a\u0161tr\u0173 ir precizi\u0161kai tiksl\u0173 detektyv\u0105.&#8221;<br \/>\nTvedestrandsposten<\/p>\n<p>\u201eKiekvien\u0105 puslap\u012f, kiekvien\u0105 sakin\u012f ir \u017eod\u012f lydi dusinantis noras su\u017einoti, kuo visa tai baigsis.&#8221;<br \/>\nShots Magazine<\/p>\n<p><strong>J\u00f8rn Lier Horst<\/strong>\u00a0(Jornas Lieras Ho\u0161tas, g. 1970) \u2013 vienas svarbiausi\u0173 ir populiariausi\u0173 \u0161iuolaikini\u0173 Norvegijos kriminalini\u0173 roman\u0173 autori\u0173. Daugyb\u0119 met\u0173 dirbo vyriausiuoju inspektoriumi, savo unikali\u0105 patirt\u012f pasitelkia romanuose. Ra\u0161ytojas apdovanotas gausybe literat\u016bros premij\u0173: \u201eRiverton&#8221;, \u201eStiklinio rakto&#8221; ir presti\u017eine \u201eThe Martin Beck&#8221; premija, kuri\u0105 skiria \u0160vedijos detektyv\u0173 ra\u0161ytoj\u0173 akademija.<\/p>\n<ul class=\"about-product d-none d-xl-block mt-4\">\n<li><strong>Originalus pavadinimas:<\/strong>\u00a0Blindgang<\/li>\n<li><strong>Autorius:<\/strong>\u00a0J\u00f8rn Lier Horst<\/li>\n<li><strong>Leid\u0117jas:<\/strong>\u00a0Baltos lankos<\/li>\n<li><strong>Metai:<\/strong>\u00a02021<\/li>\n<li><strong>Puslapiai:<\/strong>\u00a0408<\/li>\n<li><strong>ISBN:<\/strong>\u00a09786094792632<\/li>\n<li><strong>Versijos kodas:<\/strong>\u00a02<\/li>\n<li><strong>Formatas:<\/strong>\u00a014,5 x 21 x 3,2 cm, kieti vir\u0161eliai<\/li>\n<li><strong>Kalba:<\/strong>\u00a0Lietuvi\u0173<\/li>\n<li><strong>Vert\u0117jas:<\/strong>\u00a0Just\u0117 Nepait\u0117<\/li>\n<\/ul>\n","protected":false},"excerpt":{"rendered":"<p>Norvegijos pietuose esan\u010diame Staverno uostamiestyje be \u017einios dingsta taksi vairuotojas. Policija netekusi vilties, ta\u010diau detektyvas Viljamas Vistingas dar nesiruo\u0161ia nuleisti rank\u0173: jau pus\u0119 met\u0173 jis viliasi aptikti bent menkiausi\u0105 u\u017euomin\u0105, kuri pad\u0117t\u0173 jam i\u0161siai\u0161kinti, kas i\u0161 tikr\u0173j\u0173 nutiko t\u0105 \u0161alt\u0105 \u017eiemos nakt\u012f. Netrukus dingusio taksisto paie\u0161kos pasisuka kita linkme ir atveda Visting\u0105 prie naujos bylos: vieno i\u0161 prabangiausi\u0173 miesto nam\u0173 r\u016bsyje rastas pinig\u0173 prigr\u016bstas seifas. \u0160alia j\u0173 \u2013 \u0161autuvas, kuriuo \u0161auta lygiai prie\u0161 pus\u0119 met\u0173. Viljamas Vistingas pasineria \u012f sp\u0117liones, kuo ir kaip gali b\u016bti susijusios \u0161ios dvi paslaptingos bylos. Ta\u010diau kai tyrimo s\u016bkuryje neplanuotai atsiduria n\u0117\u0161\u010dia jo dukra Lina, viskas apsiver\u010dia auk\u0161tyn kojomis. Tai nebe tik policijos tyrimas, tai \u2013 asmenin\u0117 detektyvo kova. \u201ePaini byla, slegiantis netikrumas ir nuolat spaud\u017eiantis laikas&#8230; Tobulai sukaltas kriminalinis detektyvas.&#8221; Sk\u00e5nska Dagbladet \u201eTik buv\u0119s pareig\u016bnas gali para\u0161yti tok\u012f a\u0161tr\u0173 ir precizi\u0161kai tiksl\u0173 detektyv\u0105.&#8221; Tvedestrandsposten \u201eKiekvien\u0105 puslap\u012f, kiekvien\u0105 sakin\u012f ir \u017eod\u012f lydi dusinantis noras su\u017einoti, kuo visa tai baigsis.&#8221; Shots Magazine J\u00f8rn Lier Horst\u00a0(Jornas Lieras Ho\u0161tas, g. 1970) \u2013 vienas svarbiausi\u0173 ir populiariausi\u0173 \u0161iuolaikini\u0173 Norvegijos kriminalini\u0173 roman\u0173 autori\u0173. Daugyb\u0119 met\u0173 dirbo vyriausiuoju inspektoriumi, savo unikali\u0105 patirt\u012f pasitelkia romanuose. Ra\u0161ytojas apdovanotas gausybe literat\u016bros premij\u0173: \u201eRiverton&#8221;, \u201eStiklinio rakto&#8221; ir presti\u017eine \u201eThe Martin Beck&#8221; premija, kuri\u0105 skiria \u0160vedijos detektyv\u0173 ra\u0161ytoj\u0173 akademija. Originalus pavadinimas:\u00a0Blindgang Autorius:\u00a0J\u00f8rn Lier Horst Leid\u0117jas:\u00a0Baltos lankos Metai:\u00a02021 Puslapiai:\u00a0408 ISBN:\u00a09786094792632 Versijos kodas:\u00a02 Formatas:\u00a014,5 x 21 x 3,2 cm, kieti vir\u0161eliai Kalba:\u00a0Lietuvi\u0173 Vert\u0117jas:\u00a0Just\u0117 Nepait\u0117<\/p>\n","protected":false},"featured_media":14060,"comment_status":"open","ping_status":"closed","template":"","meta":{"_acf_changed":false,"site-sidebar-layout":"default","site-content-layout":"","ast-site-content-layout":"default","site-content-style":"default","site-sidebar-style":"default","ast-global-header-display":"","ast-banner-title-visibility":"","ast-main-header-display":"","ast-hfb-above-header-display":"","ast-hfb-below-header-display":"","ast-hfb-mobile-header-display":"","site-post-title":"","ast-breadcrumbs-content":"","ast-featured-img":"","footer-sml-layout":"","ast-disable-related-posts":"","theme-transparent-header-meta":"default","adv-header-id-meta":"","stick-header-meta":"","header-above-stick-meta":"","header-main-stick-meta":"","header-below-stick-meta":"","astra-migrate-meta-layouts":"set","ast-page-background-enabled":"default","ast-page-background-meta":{"desktop":{"background-color":"","background-image":"","background-repeat":"repeat","background-position":"center center","background-size":"auto","background-attachment":"scroll","background-type":"","background-media":"","overlay-type":"","overlay-color":"","overlay-opacity":"","overlay-gradient":""},"tablet":{"background-color":"","background-image":"","background-repeat":"repeat","background-position":"center center","background-size":"auto","background-attachment":"scroll","background-type":"","background-media":"","overlay-type":"","overlay-color":"","overlay-opacity":"","overlay-gradient":""},"mobile":{"background-color":"","background-image":"","background-repeat":"repeat","background-position":"center center","background-size":"auto","background-attachment":"scroll","background-type":"","background-media":"","overlay-type":"","overlay-color":"","overlay-opacity":"","overlay-gradient":""}},"ast-content-background-meta":{"desktop":{"background-color":"var(--ast-global-color-4)","background-image":"","background-repeat":"repeat","background-position":"center center","background-size":"auto","background-attachment":"scroll","background-type":"","background-media":"","overlay-type":"","overlay-color":"","overlay-opacity":"","overlay-gradient":""},"tablet":{"background-color":"var(--ast-global-color-4)","background-image":"","background-repeat":"repeat","background-position":"center center","background-size":"auto","background-attachment":"scroll","background-type":"","background-media":"","overlay-type":"","overlay-color":"","overlay-opacity":"","overlay-gradient":""},"mobile":{"background-color":"var(--ast-global-color-4)","background-image":"","background-repeat":"repeat","background-position":"center center","background-size":"auto","background-attachment":"scroll","background-type":"","background-media":"","overlay-type":"","overlay-color":"","overlay-opacity":"","overlay-gradient":""}}},"product_brand":[],"product_cat":[9581],"product_tag":[],"class_list":{"0":"post-14055","1":"product","2":"type-product","3":"status-publish","4":"has-post-thumbnail","6":"product_cat-kriminaliniai-romanai","7":"desktop-align-left","8":"tablet-align-left","9":"mobile-align-left","11":"first","12":"instock","13":"shipping-taxable","14":"purchasable","15":"product-type-simple"},"acf":[],"yoast_head":"<!-- This site is optimized with the Yoast SEO plugin v27.0 - https:\/\/yoast.com\/product\/yoast-seo-wordpress\/ -->\n<title>J\u00f8rn Lier Horst \u201eAklas sp\u0117jimas\u201c<\/title>\n<meta name=\"description\" content=\"Norvegijos pietuose esan\u010diame Staverno uostamiestyje be \u017einios dingsta taksi vairuotojas. Policija netekusi vilties, ta\u010diau detektyvas Viljamas Vistingas\" \/>\n<meta name=\"robots\" content=\"index, follow, max-snippet:-1, max-image-preview:large, max-video-preview:-1\" \/>\n<link rel=\"canonical\" href=\"https:\/\/skaitytaknyga.lt\/en\/produktas\/jorn-lier-horst-aklas-spejimas\/\" \/>\n<meta property=\"og:locale\" content=\"en_GB\" \/>\n<meta property=\"og:locale:alternate\" content=\"lt_LT\" \/>\n<meta property=\"og:type\" content=\"article\" \/>\n<meta property=\"og:title\" content=\"J\u00f8rn Lier Horst \u201eAklas sp\u0117jimas\u201c\" \/>\n<meta property=\"og:description\" content=\"Norvegijos pietuose esan\u010diame Staverno uostamiestyje be \u017einios dingsta taksi vairuotojas. Policija netekusi vilties, ta\u010diau detektyvas Viljamas Vistingas\" \/>\n<meta property=\"og:url\" content=\"https:\/\/skaitytaknyga.lt\/en\/produktas\/jorn-lier-horst-aklas-spejimas\/\" \/>\n<meta property=\"og:site_name\" content=\"Skaitytaknyga\" \/>\n<meta property=\"article:publisher\" content=\"https:\/\/www.facebook.com\/skaitytaknyga\/\" \/>\n<meta property=\"article:modified_time\" content=\"2026-03-05T10:34:29+00:00\" \/>\n<meta property=\"og:image\" content=\"https:\/\/skaitytaknyga.lt\/wp-content\/uploads\/2024\/09\/Aklas-spejimas.webp\" \/>\n\t<meta property=\"og:image:width\" content=\"450\" \/>\n\t<meta property=\"og:image:height\" content=\"652\" \/>\n\t<meta property=\"og:image:type\" content=\"image\/webp\" \/>\n<meta name=\"twitter:card\" content=\"summary_large_image\" \/>\n<meta name=\"twitter:label1\" content=\"Estimated reading time\" \/>\n\t<meta name=\"twitter:data1\" content=\"2 minutes\" \/>\n<script type=\"application\/ld+json\" class=\"yoast-schema-graph\">{\"@context\":\"https:\/\/schema.org\",\"@graph\":[{\"@type\":\"WebPage\",\"@id\":\"https:\/\/skaitytaknyga.lt\/produktas\/jorn-lier-horst-aklas-spejimas\/\",\"url\":\"https:\/\/skaitytaknyga.lt\/produktas\/jorn-lier-horst-aklas-spejimas\/\",\"name\":\"J\u00f8rn Lier Horst \u201eAklas sp\u0117jimas\u201c\",\"isPartOf\":{\"@id\":\"https:\/\/skaitytaknyga.lt\/#website\"},\"primaryImageOfPage\":{\"@id\":\"https:\/\/skaitytaknyga.lt\/produktas\/jorn-lier-horst-aklas-spejimas\/#primaryimage\"},\"image\":{\"@id\":\"https:\/\/skaitytaknyga.lt\/produktas\/jorn-lier-horst-aklas-spejimas\/#primaryimage\"},\"thumbnailUrl\":\"https:\/\/skaitytaknyga.lt\/wp-content\/uploads\/2024\/09\/Aklas-spejimas.webp\",\"datePublished\":\"2024-09-28T10:48:12+00:00\",\"dateModified\":\"2026-03-05T10:34:29+00:00\",\"description\":\"Norvegijos pietuose esan\u010diame Staverno uostamiestyje be \u017einios dingsta taksi vairuotojas. Policija netekusi vilties, ta\u010diau detektyvas Viljamas Vistingas\",\"breadcrumb\":{\"@id\":\"https:\/\/skaitytaknyga.lt\/produktas\/jorn-lier-horst-aklas-spejimas\/#breadcrumb\"},\"inLanguage\":\"en-GB\",\"potentialAction\":[{\"@type\":\"ReadAction\",\"target\":[\"https:\/\/skaitytaknyga.lt\/produktas\/jorn-lier-horst-aklas-spejimas\/\"]}]},{\"@type\":\"ImageObject\",\"inLanguage\":\"en-GB\",\"@id\":\"https:\/\/skaitytaknyga.lt\/produktas\/jorn-lier-horst-aklas-spejimas\/#primaryimage\",\"url\":\"https:\/\/skaitytaknyga.lt\/wp-content\/uploads\/2024\/09\/Aklas-spejimas.webp\",\"contentUrl\":\"https:\/\/skaitytaknyga.lt\/wp-content\/uploads\/2024\/09\/Aklas-spejimas.webp\",\"width\":450,\"height\":652,\"caption\":\"Aklas sp\u0117jimas\"},{\"@type\":\"BreadcrumbList\",\"@id\":\"https:\/\/skaitytaknyga.lt\/produktas\/jorn-lier-horst-aklas-spejimas\/#breadcrumb\",\"itemListElement\":[{\"@type\":\"ListItem\",\"position\":1,\"name\":\"Home\",\"item\":\"https:\/\/skaitytaknyga.lt\/\"},{\"@type\":\"ListItem\",\"position\":2,\"name\":\"Parduotuv\u0117\",\"item\":\"https:\/\/skaitytaknyga.lt\/knygu-parduotuve\/\"},{\"@type\":\"ListItem\",\"position\":3,\"name\":\"J\u00f8rn Lier Horst \u201eAklas sp\u0117jimas\u201c\"}]},{\"@type\":\"WebSite\",\"@id\":\"https:\/\/skaitytaknyga.lt\/#website\",\"url\":\"https:\/\/skaitytaknyga.lt\/\",\"name\":\"skaitytaknyga.lt\",\"description\":\"Skaitytaknyga.lt \u2013 tai ma\u017eas \u0161eimos verslas, kuris prasid\u0117jo nuo meil\u0117s knygoms ir siekio i\u0161gelb\u0117ti knygas nuo likimo prie konteinerio. Kas vienam nereikalingas daiktas \u2013 kitam lobis, o mes esame tarpininkai, kurie padeda abiems tapti laimingesniems ???? \u017dinome kaip nelengva i\u0161gyventi ma\u017eiems verslams, tad nuo \u0161iol, \u010dia rasite ir kit\u0173, ma\u017e\u0173 \u0161eim\u0173 versl\u0173, rank\u0173 darbo, dovan\u0173 sau ir artimiesiems.\",\"publisher\":{\"@id\":\"https:\/\/skaitytaknyga.lt\/#organization\"},\"potentialAction\":[{\"@type\":\"SearchAction\",\"target\":{\"@type\":\"EntryPoint\",\"urlTemplate\":\"https:\/\/skaitytaknyga.lt\/?s={search_term_string}\"},\"query-input\":{\"@type\":\"PropertyValueSpecification\",\"valueRequired\":true,\"valueName\":\"search_term_string\"}}],\"inLanguage\":\"en-GB\"},{\"@type\":\"Organization\",\"@id\":\"https:\/\/skaitytaknyga.lt\/#organization\",\"name\":\"skaitytaknyga.lt\",\"url\":\"https:\/\/skaitytaknyga.lt\/\",\"logo\":{\"@type\":\"ImageObject\",\"inLanguage\":\"en-GB\",\"@id\":\"https:\/\/skaitytaknyga.lt\/#\/schema\/logo\/image\/\",\"url\":\"https:\/\/skaitytaknyga.lt\/wp-content\/uploads\/2024\/05\/cropped-cropped-cropped-02_00843_jt3bggkj1j3HLc7SyY6rEUpg.jpeg\",\"contentUrl\":\"https:\/\/skaitytaknyga.lt\/wp-content\/uploads\/2024\/05\/cropped-cropped-cropped-02_00843_jt3bggkj1j3HLc7SyY6rEUpg.jpeg\",\"width\":1600,\"height\":1600,\"caption\":\"skaitytaknyga.lt\"},\"image\":{\"@id\":\"https:\/\/skaitytaknyga.lt\/#\/schema\/logo\/image\/\"},\"sameAs\":[\"https:\/\/www.facebook.com\/skaitytaknyga\/\"]}]}<\/script>\n<!-- \/ Yoast SEO plugin. -->","yoast_head_json":{"title":"J\u00f8rn Lier Horst \u201eAklas sp\u0117jimas\u201c","description":"Norvegijos pietuose esan\u010diame Staverno uostamiestyje be \u017einios dingsta taksi vairuotojas. Policija netekusi vilties, ta\u010diau detektyvas Viljamas Vistingas","robots":{"index":"index","follow":"follow","max-snippet":"max-snippet:-1","max-image-preview":"max-image-preview:large","max-video-preview":"max-video-preview:-1"},"canonical":"https:\/\/skaitytaknyga.lt\/en\/produktas\/jorn-lier-horst-aklas-spejimas\/","og_locale":"en_GB","og_type":"article","og_title":"[:lt]J\u00f8rn Lier Horst \u201eAklas sp\u0117jimas\u201c[:] - Skaitytaknyga","og_description":"Norvegijos pietuose esan\u010diame Staverno uostamiestyje be \u017einios dingsta taksi vairuotojas. Policija netekusi vilties, ta\u010diau detektyvas Viljamas Vistingas","og_url":"https:\/\/skaitytaknyga.lt\/en\/produktas\/jorn-lier-horst-aklas-spejimas\/","og_site_name":"Skaitytaknyga","article_publisher":"https:\/\/www.facebook.com\/skaitytaknyga\/","article_modified_time":"2026-03-05T10:34:29+00:00","og_image":[{"width":450,"height":652,"url":"https:\/\/skaitytaknyga.lt\/wp-content\/uploads\/2024\/09\/Aklas-spejimas.webp","type":"image\/webp"}],"twitter_card":"summary_large_image","twitter_misc":{"Estimated reading time":"2 minutes"},"schema":{"@context":"https:\/\/schema.org","@graph":[{"@type":"WebPage","@id":"https:\/\/skaitytaknyga.lt\/produktas\/jorn-lier-horst-aklas-spejimas\/","url":"https:\/\/skaitytaknyga.lt\/produktas\/jorn-lier-horst-aklas-spejimas\/","name":"J\u00f8rn Lier Horst \u201eAklas sp\u0117jimas\u201c","isPartOf":{"@id":"https:\/\/skaitytaknyga.lt\/#website"},"primaryImageOfPage":{"@id":"https:\/\/skaitytaknyga.lt\/produktas\/jorn-lier-horst-aklas-spejimas\/#primaryimage"},"image":{"@id":"https:\/\/skaitytaknyga.lt\/produktas\/jorn-lier-horst-aklas-spejimas\/#primaryimage"},"thumbnailUrl":"https:\/\/skaitytaknyga.lt\/wp-content\/uploads\/2024\/09\/Aklas-spejimas.webp","datePublished":"2024-09-28T10:48:12+00:00","dateModified":"2026-03-05T10:34:29+00:00","description":"Norvegijos pietuose esan\u010diame Staverno uostamiestyje be \u017einios dingsta taksi vairuotojas. Policija netekusi vilties, ta\u010diau detektyvas Viljamas Vistingas","breadcrumb":{"@id":"https:\/\/skaitytaknyga.lt\/produktas\/jorn-lier-horst-aklas-spejimas\/#breadcrumb"},"inLanguage":"en-GB","potentialAction":[{"@type":"ReadAction","target":["https:\/\/skaitytaknyga.lt\/produktas\/jorn-lier-horst-aklas-spejimas\/"]}]},{"@type":"ImageObject","inLanguage":"en-GB","@id":"https:\/\/skaitytaknyga.lt\/produktas\/jorn-lier-horst-aklas-spejimas\/#primaryimage","url":"https:\/\/skaitytaknyga.lt\/wp-content\/uploads\/2024\/09\/Aklas-spejimas.webp","contentUrl":"https:\/\/skaitytaknyga.lt\/wp-content\/uploads\/2024\/09\/Aklas-spejimas.webp","width":450,"height":652,"caption":"Aklas sp\u0117jimas"},{"@type":"BreadcrumbList","@id":"https:\/\/skaitytaknyga.lt\/produktas\/jorn-lier-horst-aklas-spejimas\/#breadcrumb","itemListElement":[{"@type":"ListItem","position":1,"name":"Home","item":"https:\/\/skaitytaknyga.lt\/"},{"@type":"ListItem","position":2,"name":"Parduotuv\u0117","item":"https:\/\/skaitytaknyga.lt\/knygu-parduotuve\/"},{"@type":"ListItem","position":3,"name":"J\u00f8rn Lier Horst \u201eAklas sp\u0117jimas\u201c"}]},{"@type":"WebSite","@id":"https:\/\/skaitytaknyga.lt\/#website","url":"https:\/\/skaitytaknyga.lt\/","name":"skaitytaknyga.lt","description":"Skaitytaknyga.lt \u2013 tai ma\u017eas \u0161eimos verslas, kuris prasid\u0117jo nuo meil\u0117s knygoms ir siekio i\u0161gelb\u0117ti knygas nuo likimo prie konteinerio. Kas vienam nereikalingas daiktas \u2013 kitam lobis, o mes esame tarpininkai, kurie padeda abiems tapti laimingesniems ???? \u017dinome kaip nelengva i\u0161gyventi ma\u017eiems verslams, tad nuo \u0161iol, \u010dia rasite ir kit\u0173, ma\u017e\u0173 \u0161eim\u0173 versl\u0173, rank\u0173 darbo, dovan\u0173 sau ir artimiesiems.","publisher":{"@id":"https:\/\/skaitytaknyga.lt\/#organization"},"potentialAction":[{"@type":"SearchAction","target":{"@type":"EntryPoint","urlTemplate":"https:\/\/skaitytaknyga.lt\/?s={search_term_string}"},"query-input":{"@type":"PropertyValueSpecification","valueRequired":true,"valueName":"search_term_string"}}],"inLanguage":"en-GB"},{"@type":"Organization","@id":"https:\/\/skaitytaknyga.lt\/#organization","name":"skaitytaknyga.lt","url":"https:\/\/skaitytaknyga.lt\/","logo":{"@type":"ImageObject","inLanguage":"en-GB","@id":"https:\/\/skaitytaknyga.lt\/#\/schema\/logo\/image\/","url":"https:\/\/skaitytaknyga.lt\/wp-content\/uploads\/2024\/05\/cropped-cropped-cropped-02_00843_jt3bggkj1j3HLc7SyY6rEUpg.jpeg","contentUrl":"https:\/\/skaitytaknyga.lt\/wp-content\/uploads\/2024\/05\/cropped-cropped-cropped-02_00843_jt3bggkj1j3HLc7SyY6rEUpg.jpeg","width":1600,"height":1600,"caption":"skaitytaknyga.lt"},"image":{"@id":"https:\/\/skaitytaknyga.lt\/#\/schema\/logo\/image\/"},"sameAs":["https:\/\/www.facebook.com\/skaitytaknyga\/"]}]}},"_links":{"self":[{"href":"https:\/\/skaitytaknyga.lt\/en\/wp-json\/wp\/v2\/product\/14055","targetHints":{"allow":["GET"]}}],"collection":[{"href":"https:\/\/skaitytaknyga.lt\/en\/wp-json\/wp\/v2\/product"}],"about":[{"href":"https:\/\/skaitytaknyga.lt\/en\/wp-json\/wp\/v2\/types\/product"}],"replies":[{"embeddable":true,"href":"https:\/\/skaitytaknyga.lt\/en\/wp-json\/wp\/v2\/comments?post=14055"}],"wp:featuredmedia":[{"embeddable":true,"href":"https:\/\/skaitytaknyga.lt\/en\/wp-json\/wp\/v2\/media\/14060"}],"wp:attachment":[{"href":"https:\/\/skaitytaknyga.lt\/en\/wp-json\/wp\/v2\/media?parent=14055"}],"wp:term":[{"taxonomy":"product_brand","embeddable":true,"href":"https:\/\/skaitytaknyga.lt\/en\/wp-json\/wp\/v2\/product_brand?post=14055"},{"taxonomy":"product_cat","embeddable":true,"href":"https:\/\/skaitytaknyga.lt\/en\/wp-json\/wp\/v2\/product_cat?post=14055"},{"taxonomy":"product_tag","embeddable":true,"href":"https:\/\/skaitytaknyga.lt\/en\/wp-json\/wp\/v2\/product_tag?post=14055"}],"curies":[{"name":"wp","href":"https:\/\/api.w.org\/{rel}","templated":true}]}}