{"id":14051,"date":"2024-09-28T13:33:59","date_gmt":"2024-09-28T10:33:59","guid":{"rendered":"https:\/\/skaitytaknyga.lt\/?post_type=product&#038;p=14051"},"modified":"2026-03-05T10:36:25","modified_gmt":"2026-03-05T08:36:25","slug":"jo-nesbo-sunus","status":"publish","type":"product","link":"https:\/\/skaitytaknyga.lt\/en\/produktas\/jo-nesbo-sunus\/","title":{"rendered":"S\u016bnus"},"content":{"rendered":"<p>\u201eNorvegija gali did\u017eiuotis savo s\u016bnumis: Henriku Ibsenu, Edvardu Munchu ir geriausiu trileri\u0173 ra\u0161ytoju Jo Nesb\u00f8.&#8221;<br \/>\nNew York Times<\/p>\n<p>Moderniame Oslo kal\u0117jime de\u0161imtmet\u012f kalintis Sonis \u2013 idealus kalinys. Ramaus b\u016bdo vaikinas seniai tapo kit\u0173 nuteist\u0173j\u0173 i\u0161pa\u017ein\u010di\u0173 klausytoju, o korumpuota kal\u0117jimo vald\u017eia naudojasi juo svetimiems nusikaltimams nusl\u0117pti. U\u017e \u0161ias keistokas paslaugas kaliniui nenutr\u016bkstamai tiekiamas herojinas. Narkomanu, abejingu savo likimui, Sonis tapo, kai, nor\u0117damas i\u0161vengti susitepusio policininko vardo, nusi\u017eud\u0117 jo t\u0117vas. Ta\u010diau netik\u0117ta kalinio i\u0161pa\u017eintis supurto primigusi\u0105 Sonio s\u0105mon\u0119 &#8211; taip seniai sl\u0117pta tiesa apie t\u0117vo mirt\u012f paskatina j\u012f suregzti ir \u012fvykdyti genial\u0173 pab\u0117gimo i\u0161 kal\u0117jimo plan\u0105. Prasideda nuo\u017emi, \u0161altakrauji\u0161kai apskai\u010diuota ker\u0161to med\u017eiokl\u0117. \u0160\u012f kart\u0105 Sonis diktuos \u017eaidimo taisykles.<\/p>\n<p>Vyresnysis inspektorius Simonas Kefas, senosios policijos mokyklos atstovas, vien\u0105 dien\u0105 gauna nauj\u0105 nu\u017eudymo byl\u0105 ir nauj\u0105 koleg\u0119. Sekdami Oslo nusikalstamo pasaulio p\u0117dsakais, Simonas ir Kari netik\u0117tai \u012fsitraukia \u012f Sonio vykdom\u0173 \u017emog\u017eudys\u010di\u0173 tyrim\u0105. Vaikino t\u0117vas buvo inspektoriaus draugas ir kolega, tod\u0117l Simonas \u012ftaria, kas yra naujasis Oslo mirties angelas ir kokie Sonio tikrieji tikslai.<\/p>\n<p>\u201eDar vienas stiprus Nesb\u00f8 talento pavyzdys, kuriuo jis kuria istorij\u0105, grojan\u010di\u0105 visomis nerv\u0173 stygomis ir tokiu intensyvumu, kad, rodos, sutalpint\u0173 \u012f vien\u0105 ir Biblij\u0105, ir Betmen\u0105. Anksti sakyti, ta\u010diau nenusteb\u010diau, jei \u0161i knyga gaut\u0173 met\u0173 detektyvo titul\u0105.&#8221;<\/p>\n<ul class=\"about-product d-none d-xl-block mt-4\">\n<li><strong>Originalus pavadinimas:<\/strong> S\u00f8nnen<\/li>\n<li><strong>Autorius:<\/strong>\u00a0<a href=\"https:\/\/skaitytaknyga.lt\/?s=nesbo&#038;post_type=product&#038;dgwt_wcas=1\">Jo Nesb\u00f8<\/a><\/li>\n<li><strong>Metai:<\/strong>\u00a02016<\/li>\n<li><strong>Puslapiai:<\/strong>\u00a0528<\/li>\n<li><strong>ISBN:<\/strong>\u00a09789955239413<\/li>\n<li><strong>Versijos kodas:<\/strong>\u00a02<\/li>\n<li><strong>Formatas:<\/strong>\u00a014,5 x 21 x 3 cm, kieti vir\u0161eliai<\/li>\n<li><strong>Kalba:<\/strong>\u00a0Lietuvi\u0173<\/li>\n<li><strong>Vert\u0117jas:<\/strong>\u00a0Alvyda Gaivenien\u0117<\/li>\n<\/ul>\n","protected":false},"excerpt":{"rendered":"<p>\u201eNorvegija gali did\u017eiuotis savo s\u016bnumis: Henriku Ibsenu, Edvardu Munchu ir geriausiu trileri\u0173 ra\u0161ytoju Jo Nesb\u00f8.&#8221; New York Times Moderniame Oslo kal\u0117jime de\u0161imtmet\u012f kalintis Sonis \u2013 idealus kalinys. Ramaus b\u016bdo vaikinas seniai tapo kit\u0173 nuteist\u0173j\u0173 i\u0161pa\u017ein\u010di\u0173 klausytoju, o korumpuota kal\u0117jimo vald\u017eia naudojasi juo svetimiems nusikaltimams nusl\u0117pti. U\u017e \u0161ias keistokas paslaugas kaliniui nenutr\u016bkstamai tiekiamas herojinas. Narkomanu, abejingu savo likimui, Sonis tapo, kai, nor\u0117damas i\u0161vengti susitepusio policininko vardo, nusi\u017eud\u0117 jo t\u0117vas. Ta\u010diau netik\u0117ta kalinio i\u0161pa\u017eintis supurto primigusi\u0105 Sonio s\u0105mon\u0119 &#8211; taip seniai sl\u0117pta tiesa apie t\u0117vo mirt\u012f paskatina j\u012f suregzti ir \u012fvykdyti genial\u0173 pab\u0117gimo i\u0161 kal\u0117jimo plan\u0105. Prasideda nuo\u017emi, \u0161altakrauji\u0161kai apskai\u010diuota ker\u0161to med\u017eiokl\u0117. \u0160\u012f kart\u0105 Sonis diktuos \u017eaidimo taisykles. Vyresnysis inspektorius Simonas Kefas, senosios policijos mokyklos atstovas, vien\u0105 dien\u0105 gauna nauj\u0105 nu\u017eudymo byl\u0105 ir nauj\u0105 koleg\u0119. Sekdami Oslo nusikalstamo pasaulio p\u0117dsakais, Simonas ir Kari netik\u0117tai \u012fsitraukia \u012f Sonio vykdom\u0173 \u017emog\u017eudys\u010di\u0173 tyrim\u0105. Vaikino t\u0117vas buvo inspektoriaus draugas ir kolega, tod\u0117l Simonas \u012ftaria, kas yra naujasis Oslo mirties angelas ir kokie Sonio tikrieji tikslai. \u201eDar vienas stiprus Nesb\u00f8 talento pavyzdys, kuriuo jis kuria istorij\u0105, grojan\u010di\u0105 visomis nerv\u0173 stygomis ir tokiu intensyvumu, kad, rodos, sutalpint\u0173 \u012f vien\u0105 ir Biblij\u0105, ir Betmen\u0105. Anksti sakyti, ta\u010diau nenusteb\u010diau, jei \u0161i knyga gaut\u0173 met\u0173 detektyvo titul\u0105.&#8221; Originalus pavadinimas: S\u00f8nnen Autorius:\u00a0Jo Nesb\u00f8 Metai:\u00a02016 Puslapiai:\u00a0528 ISBN:\u00a09789955239413 Versijos kodas:\u00a02 Formatas:\u00a014,5 x 21 x 3 cm, kieti vir\u0161eliai Kalba:\u00a0Lietuvi\u0173 Vert\u0117jas:\u00a0Alvyda Gaivenien\u0117<\/p>\n","protected":false},"featured_media":14052,"comment_status":"closed","ping_status":"closed","template":"","meta":{"_acf_changed":false,"site-sidebar-layout":"default","site-content-layout":"","ast-site-content-layout":"default","site-content-style":"default","site-sidebar-style":"default","ast-global-header-display":"","ast-banner-title-visibility":"","ast-main-header-display":"","ast-hfb-above-header-display":"","ast-hfb-below-header-display":"","ast-hfb-mobile-header-display":"","site-post-title":"","ast-breadcrumbs-content":"","ast-featured-img":"","footer-sml-layout":"","ast-disable-related-posts":"","theme-transparent-header-meta":"default","adv-header-id-meta":"","stick-header-meta":"","header-above-stick-meta":"","header-main-stick-meta":"","header-below-stick-meta":"","astra-migrate-meta-layouts":"set","ast-page-background-enabled":"default","ast-page-background-meta":{"desktop":{"background-color":"","background-image":"","background-repeat":"repeat","background-position":"center center","background-size":"auto","background-attachment":"scroll","background-type":"","background-media":"","overlay-type":"","overlay-color":"","overlay-opacity":"","overlay-gradient":""},"tablet":{"background-color":"","background-image":"","background-repeat":"repeat","background-position":"center center","background-size":"auto","background-attachment":"scroll","background-type":"","background-media":"","overlay-type":"","overlay-color":"","overlay-opacity":"","overlay-gradient":""},"mobile":{"background-color":"","background-image":"","background-repeat":"repeat","background-position":"center center","background-size":"auto","background-attachment":"scroll","background-type":"","background-media":"","overlay-type":"","overlay-color":"","overlay-opacity":"","overlay-gradient":""}},"ast-content-background-meta":{"desktop":{"background-color":"var(--ast-global-color-4)","background-image":"","background-repeat":"repeat","background-position":"center center","background-size":"auto","background-attachment":"scroll","background-type":"","background-media":"","overlay-type":"","overlay-color":"","overlay-opacity":"","overlay-gradient":""},"tablet":{"background-color":"var(--ast-global-color-4)","background-image":"","background-repeat":"repeat","background-position":"center center","background-size":"auto","background-attachment":"scroll","background-type":"","background-media":"","overlay-type":"","overlay-color":"","overlay-opacity":"","overlay-gradient":""},"mobile":{"background-color":"var(--ast-global-color-4)","background-image":"","background-repeat":"repeat","background-position":"center center","background-size":"auto","background-attachment":"scroll","background-type":"","background-media":"","overlay-type":"","overlay-color":"","overlay-opacity":"","overlay-gradient":""}}},"product_brand":[],"product_cat":[9581],"product_tag":[1476,1605,1588,2030],"class_list":{"0":"post-14051","1":"product","2":"type-product","3":"status-publish","4":"has-post-thumbnail","6":"product_cat-kriminaliniai-romanai","7":"product_tag-detektyvas","8":"product_tag-haris-hule","9":"product_tag-kriminalinis-romanas","10":"product_tag-skandinavija","11":"desktop-align-left","12":"tablet-align-left","13":"mobile-align-left","15":"first","16":"instock","17":"shipping-taxable","18":"purchasable","19":"product-type-simple"},"acf":[],"yoast_head":"<!-- This site is optimized with the Yoast SEO plugin v27.0 - https:\/\/yoast.com\/product\/yoast-seo-wordpress\/ -->\n<title>S\u016bnus<\/title>\n<meta name=\"description\" content=\"\u201eNorvegija gali did\u017eiuotis savo s\u016bnumis: Henriku Ibsenu, Edvardu Munchu ir geriausiu trileri\u0173 ra\u0161ytoju Jo Nesb\u00f8.&quot; New York Times Moderniame Oslo kal\u0117jime\" \/>\n<meta name=\"robots\" content=\"index, follow, max-snippet:-1, max-image-preview:large, max-video-preview:-1\" \/>\n<link rel=\"canonical\" href=\"https:\/\/skaitytaknyga.lt\/en\/produktas\/jo-nesbo-sunus\/\" \/>\n<meta property=\"og:locale\" content=\"en_GB\" \/>\n<meta property=\"og:locale:alternate\" content=\"lt_LT\" \/>\n<meta property=\"og:type\" content=\"article\" \/>\n<meta property=\"og:title\" content=\"S\u016bnus\" \/>\n<meta property=\"og:description\" content=\"\u201eNorvegija gali did\u017eiuotis savo s\u016bnumis: Henriku Ibsenu, Edvardu Munchu ir geriausiu trileri\u0173 ra\u0161ytoju Jo Nesb\u00f8.&quot; New York Times Moderniame Oslo kal\u0117jime\" \/>\n<meta property=\"og:url\" content=\"https:\/\/skaitytaknyga.lt\/en\/produktas\/jo-nesbo-sunus\/\" \/>\n<meta property=\"og:site_name\" content=\"Skaitytaknyga\" \/>\n<meta property=\"article:publisher\" content=\"https:\/\/www.facebook.com\/skaitytaknyga\/\" \/>\n<meta property=\"article:modified_time\" content=\"2026-03-05T08:36:25+00:00\" \/>\n<meta property=\"og:image\" content=\"https:\/\/skaitytaknyga.lt\/wp-content\/uploads\/2024\/09\/Sunus.webp\" \/>\n\t<meta property=\"og:image:width\" content=\"464\" \/>\n\t<meta property=\"og:image:height\" content=\"652\" \/>\n\t<meta property=\"og:image:type\" content=\"image\/webp\" \/>\n<meta name=\"twitter:card\" content=\"summary_large_image\" \/>\n<meta name=\"twitter:label1\" content=\"Estimated reading time\" \/>\n\t<meta name=\"twitter:data1\" content=\"2 minutes\" \/>\n<script type=\"application\/ld+json\" class=\"yoast-schema-graph\">{\"@context\":\"https:\/\/schema.org\",\"@graph\":[{\"@type\":\"WebPage\",\"@id\":\"https:\/\/skaitytaknyga.lt\/produktas\/jo-nesbo-sunus\/\",\"url\":\"https:\/\/skaitytaknyga.lt\/produktas\/jo-nesbo-sunus\/\",\"name\":\"S\u016bnus\",\"isPartOf\":{\"@id\":\"https:\/\/skaitytaknyga.lt\/#website\"},\"primaryImageOfPage\":{\"@id\":\"https:\/\/skaitytaknyga.lt\/produktas\/jo-nesbo-sunus\/#primaryimage\"},\"image\":{\"@id\":\"https:\/\/skaitytaknyga.lt\/produktas\/jo-nesbo-sunus\/#primaryimage\"},\"thumbnailUrl\":\"https:\/\/skaitytaknyga.lt\/wp-content\/uploads\/2024\/09\/Sunus.webp\",\"datePublished\":\"2024-09-28T10:33:59+00:00\",\"dateModified\":\"2026-03-05T08:36:25+00:00\",\"description\":\"\u201eNorvegija gali did\u017eiuotis savo s\u016bnumis: Henriku Ibsenu, Edvardu Munchu ir geriausiu trileri\u0173 ra\u0161ytoju Jo Nesb\u00f8.\\\" New York Times Moderniame Oslo kal\u0117jime\",\"breadcrumb\":{\"@id\":\"https:\/\/skaitytaknyga.lt\/produktas\/jo-nesbo-sunus\/#breadcrumb\"},\"inLanguage\":\"en-GB\",\"potentialAction\":[{\"@type\":\"ReadAction\",\"target\":[\"https:\/\/skaitytaknyga.lt\/produktas\/jo-nesbo-sunus\/\"]}]},{\"@type\":\"ImageObject\",\"inLanguage\":\"en-GB\",\"@id\":\"https:\/\/skaitytaknyga.lt\/produktas\/jo-nesbo-sunus\/#primaryimage\",\"url\":\"https:\/\/skaitytaknyga.lt\/wp-content\/uploads\/2024\/09\/Sunus.webp\",\"contentUrl\":\"https:\/\/skaitytaknyga.lt\/wp-content\/uploads\/2024\/09\/Sunus.webp\",\"width\":464,\"height\":652,\"caption\":\"S\u016bnus\"},{\"@type\":\"BreadcrumbList\",\"@id\":\"https:\/\/skaitytaknyga.lt\/produktas\/jo-nesbo-sunus\/#breadcrumb\",\"itemListElement\":[{\"@type\":\"ListItem\",\"position\":1,\"name\":\"Home\",\"item\":\"https:\/\/skaitytaknyga.lt\/\"},{\"@type\":\"ListItem\",\"position\":2,\"name\":\"Parduotuv\u0117\",\"item\":\"https:\/\/skaitytaknyga.lt\/knygu-parduotuve\/\"},{\"@type\":\"ListItem\",\"position\":3,\"name\":\"S\u016bnus\"}]},{\"@type\":\"WebSite\",\"@id\":\"https:\/\/skaitytaknyga.lt\/#website\",\"url\":\"https:\/\/skaitytaknyga.lt\/\",\"name\":\"skaitytaknyga.lt\",\"description\":\"Skaitytaknyga.lt \u2013 tai ma\u017eas \u0161eimos verslas, kuris prasid\u0117jo nuo meil\u0117s knygoms ir siekio i\u0161gelb\u0117ti knygas nuo likimo prie konteinerio. Kas vienam nereikalingas daiktas \u2013 kitam lobis, o mes esame tarpininkai, kurie padeda abiems tapti laimingesniems ???? \u017dinome kaip nelengva i\u0161gyventi ma\u017eiems verslams, tad nuo \u0161iol, \u010dia rasite ir kit\u0173, ma\u017e\u0173 \u0161eim\u0173 versl\u0173, rank\u0173 darbo, dovan\u0173 sau ir artimiesiems.\",\"publisher\":{\"@id\":\"https:\/\/skaitytaknyga.lt\/#organization\"},\"potentialAction\":[{\"@type\":\"SearchAction\",\"target\":{\"@type\":\"EntryPoint\",\"urlTemplate\":\"https:\/\/skaitytaknyga.lt\/?s={search_term_string}\"},\"query-input\":{\"@type\":\"PropertyValueSpecification\",\"valueRequired\":true,\"valueName\":\"search_term_string\"}}],\"inLanguage\":\"en-GB\"},{\"@type\":\"Organization\",\"@id\":\"https:\/\/skaitytaknyga.lt\/#organization\",\"name\":\"skaitytaknyga.lt\",\"url\":\"https:\/\/skaitytaknyga.lt\/\",\"logo\":{\"@type\":\"ImageObject\",\"inLanguage\":\"en-GB\",\"@id\":\"https:\/\/skaitytaknyga.lt\/#\/schema\/logo\/image\/\",\"url\":\"https:\/\/skaitytaknyga.lt\/wp-content\/uploads\/2024\/05\/cropped-cropped-cropped-02_00843_jt3bggkj1j3HLc7SyY6rEUpg.jpeg\",\"contentUrl\":\"https:\/\/skaitytaknyga.lt\/wp-content\/uploads\/2024\/05\/cropped-cropped-cropped-02_00843_jt3bggkj1j3HLc7SyY6rEUpg.jpeg\",\"width\":1600,\"height\":1600,\"caption\":\"skaitytaknyga.lt\"},\"image\":{\"@id\":\"https:\/\/skaitytaknyga.lt\/#\/schema\/logo\/image\/\"},\"sameAs\":[\"https:\/\/www.facebook.com\/skaitytaknyga\/\"]}]}<\/script>\n<!-- \/ Yoast SEO plugin. -->","yoast_head_json":{"title":"S\u016bnus","description":"\u201eNorvegija gali did\u017eiuotis savo s\u016bnumis: Henriku Ibsenu, Edvardu Munchu ir geriausiu trileri\u0173 ra\u0161ytoju Jo Nesb\u00f8.\" New York Times Moderniame Oslo kal\u0117jime","robots":{"index":"index","follow":"follow","max-snippet":"max-snippet:-1","max-image-preview":"max-image-preview:large","max-video-preview":"max-video-preview:-1"},"canonical":"https:\/\/skaitytaknyga.lt\/en\/produktas\/jo-nesbo-sunus\/","og_locale":"en_GB","og_type":"article","og_title":"[:lt]S\u016bnus[:] - Skaitytaknyga","og_description":"\u201eNorvegija gali did\u017eiuotis savo s\u016bnumis: Henriku Ibsenu, Edvardu Munchu ir geriausiu trileri\u0173 ra\u0161ytoju Jo Nesb\u00f8.\" New York Times Moderniame Oslo kal\u0117jime","og_url":"https:\/\/skaitytaknyga.lt\/en\/produktas\/jo-nesbo-sunus\/","og_site_name":"Skaitytaknyga","article_publisher":"https:\/\/www.facebook.com\/skaitytaknyga\/","article_modified_time":"2026-03-05T08:36:25+00:00","og_image":[{"width":464,"height":652,"url":"https:\/\/skaitytaknyga.lt\/wp-content\/uploads\/2024\/09\/Sunus.webp","type":"image\/webp"}],"twitter_card":"summary_large_image","twitter_misc":{"Estimated reading time":"2 minutes"},"schema":{"@context":"https:\/\/schema.org","@graph":[{"@type":"WebPage","@id":"https:\/\/skaitytaknyga.lt\/produktas\/jo-nesbo-sunus\/","url":"https:\/\/skaitytaknyga.lt\/produktas\/jo-nesbo-sunus\/","name":"S\u016bnus","isPartOf":{"@id":"https:\/\/skaitytaknyga.lt\/#website"},"primaryImageOfPage":{"@id":"https:\/\/skaitytaknyga.lt\/produktas\/jo-nesbo-sunus\/#primaryimage"},"image":{"@id":"https:\/\/skaitytaknyga.lt\/produktas\/jo-nesbo-sunus\/#primaryimage"},"thumbnailUrl":"https:\/\/skaitytaknyga.lt\/wp-content\/uploads\/2024\/09\/Sunus.webp","datePublished":"2024-09-28T10:33:59+00:00","dateModified":"2026-03-05T08:36:25+00:00","description":"\u201eNorvegija gali did\u017eiuotis savo s\u016bnumis: Henriku Ibsenu, Edvardu Munchu ir geriausiu trileri\u0173 ra\u0161ytoju Jo Nesb\u00f8.\" New York Times Moderniame Oslo kal\u0117jime","breadcrumb":{"@id":"https:\/\/skaitytaknyga.lt\/produktas\/jo-nesbo-sunus\/#breadcrumb"},"inLanguage":"en-GB","potentialAction":[{"@type":"ReadAction","target":["https:\/\/skaitytaknyga.lt\/produktas\/jo-nesbo-sunus\/"]}]},{"@type":"ImageObject","inLanguage":"en-GB","@id":"https:\/\/skaitytaknyga.lt\/produktas\/jo-nesbo-sunus\/#primaryimage","url":"https:\/\/skaitytaknyga.lt\/wp-content\/uploads\/2024\/09\/Sunus.webp","contentUrl":"https:\/\/skaitytaknyga.lt\/wp-content\/uploads\/2024\/09\/Sunus.webp","width":464,"height":652,"caption":"S\u016bnus"},{"@type":"BreadcrumbList","@id":"https:\/\/skaitytaknyga.lt\/produktas\/jo-nesbo-sunus\/#breadcrumb","itemListElement":[{"@type":"ListItem","position":1,"name":"Home","item":"https:\/\/skaitytaknyga.lt\/"},{"@type":"ListItem","position":2,"name":"Parduotuv\u0117","item":"https:\/\/skaitytaknyga.lt\/knygu-parduotuve\/"},{"@type":"ListItem","position":3,"name":"S\u016bnus"}]},{"@type":"WebSite","@id":"https:\/\/skaitytaknyga.lt\/#website","url":"https:\/\/skaitytaknyga.lt\/","name":"skaitytaknyga.lt","description":"Skaitytaknyga.lt \u2013 tai ma\u017eas \u0161eimos verslas, kuris prasid\u0117jo nuo meil\u0117s knygoms ir siekio i\u0161gelb\u0117ti knygas nuo likimo prie konteinerio. Kas vienam nereikalingas daiktas \u2013 kitam lobis, o mes esame tarpininkai, kurie padeda abiems tapti laimingesniems ???? \u017dinome kaip nelengva i\u0161gyventi ma\u017eiems verslams, tad nuo \u0161iol, \u010dia rasite ir kit\u0173, ma\u017e\u0173 \u0161eim\u0173 versl\u0173, rank\u0173 darbo, dovan\u0173 sau ir artimiesiems.","publisher":{"@id":"https:\/\/skaitytaknyga.lt\/#organization"},"potentialAction":[{"@type":"SearchAction","target":{"@type":"EntryPoint","urlTemplate":"https:\/\/skaitytaknyga.lt\/?s={search_term_string}"},"query-input":{"@type":"PropertyValueSpecification","valueRequired":true,"valueName":"search_term_string"}}],"inLanguage":"en-GB"},{"@type":"Organization","@id":"https:\/\/skaitytaknyga.lt\/#organization","name":"skaitytaknyga.lt","url":"https:\/\/skaitytaknyga.lt\/","logo":{"@type":"ImageObject","inLanguage":"en-GB","@id":"https:\/\/skaitytaknyga.lt\/#\/schema\/logo\/image\/","url":"https:\/\/skaitytaknyga.lt\/wp-content\/uploads\/2024\/05\/cropped-cropped-cropped-02_00843_jt3bggkj1j3HLc7SyY6rEUpg.jpeg","contentUrl":"https:\/\/skaitytaknyga.lt\/wp-content\/uploads\/2024\/05\/cropped-cropped-cropped-02_00843_jt3bggkj1j3HLc7SyY6rEUpg.jpeg","width":1600,"height":1600,"caption":"skaitytaknyga.lt"},"image":{"@id":"https:\/\/skaitytaknyga.lt\/#\/schema\/logo\/image\/"},"sameAs":["https:\/\/www.facebook.com\/skaitytaknyga\/"]}]}},"_links":{"self":[{"href":"https:\/\/skaitytaknyga.lt\/en\/wp-json\/wp\/v2\/product\/14051","targetHints":{"allow":["GET"]}}],"collection":[{"href":"https:\/\/skaitytaknyga.lt\/en\/wp-json\/wp\/v2\/product"}],"about":[{"href":"https:\/\/skaitytaknyga.lt\/en\/wp-json\/wp\/v2\/types\/product"}],"replies":[{"embeddable":true,"href":"https:\/\/skaitytaknyga.lt\/en\/wp-json\/wp\/v2\/comments?post=14051"}],"wp:featuredmedia":[{"embeddable":true,"href":"https:\/\/skaitytaknyga.lt\/en\/wp-json\/wp\/v2\/media\/14052"}],"wp:attachment":[{"href":"https:\/\/skaitytaknyga.lt\/en\/wp-json\/wp\/v2\/media?parent=14051"}],"wp:term":[{"taxonomy":"product_brand","embeddable":true,"href":"https:\/\/skaitytaknyga.lt\/en\/wp-json\/wp\/v2\/product_brand?post=14051"},{"taxonomy":"product_cat","embeddable":true,"href":"https:\/\/skaitytaknyga.lt\/en\/wp-json\/wp\/v2\/product_cat?post=14051"},{"taxonomy":"product_tag","embeddable":true,"href":"https:\/\/skaitytaknyga.lt\/en\/wp-json\/wp\/v2\/product_tag?post=14051"}],"curies":[{"name":"wp","href":"https:\/\/api.w.org\/{rel}","templated":true}]}}