{"id":14047,"date":"2024-09-28T13:26:07","date_gmt":"2024-09-28T10:26:07","guid":{"rendered":"https:\/\/skaitytaknyga.lt\/?post_type=product&#038;p=14047"},"modified":"2026-03-05T10:36:25","modified_gmt":"2026-03-05T08:36:25","slug":"jo-nesbo-raudongurkle","status":"publish","type":"product","link":"https:\/\/skaitytaknyga.lt\/en\/produktas\/jo-nesbo-raudongurkle\/","title":{"rendered":"Raudongurkl\u0117"},"content":{"rendered":"<p>1942 metais \u017e\u016bva Danielius &#8211; tikra legenda tarp norveg\u0173 kareivi\u0173, tapusi\u0173 Hitlerio armijos savanoriais. Po dvej\u0173 met\u0173 su\u017eeistas kareivis, prisistat\u0119s Danieliaus naudota \u016arijos pravarde, prabunda Vienos ligonin\u0117je. Jis \u012fsimyli slaug\u0119, o j\u0173 santyki\u0173 padariniai bus justi ir po daugiau nei 50 met\u0173.<\/p>\n<p>1999-ieji. Siekiant u\u017eglaistyti Hario H\u016bl\u0117s tarnybos metu padaryt\u0105 klaid\u0105, jam suteikiamas inspektoriaus laipsnis ir jis perkeliamas \u012f policijos saugumo tarnyb\u0105. \u010cia jam paskiriama nuobodi u\u017eduotis, ta\u010diau netik\u0117tai j\u012f sudomina ataskaita apie ne\u012fprasto ir itin reto ginklo \u012fsigijim\u0105. P\u0117dsakai veda link neonaci\u0173 grupuot\u0117s. Nujausdamas \u012fvyksiant nusikaltim\u0105, Haris H\u016bl\u0117 pradeda tyrim\u0105, kuris j\u012f nuves \u012f Piet\u0173 Afrikos Respublik\u0105, Austrij\u0105 ir privers klaid\u017eioti po tamsiausius Norvegijos istorijos labirintus.<\/p>\n<p>2005 m. Hario H\u016bl\u0117s ciklo romanas\u00a0<em>Raudongurkl\u0117<\/em>\u00a0buvo pripa\u017eintas geriausiu vis\u0173 laik\u0173 Norvegijos kriminaliniu romanu. Meniniu po\u017ei\u016briu \u0161is k\u016brinys, pasak kritik\u0173,- vienas ambicingiausi\u0173 detektyv\u0173 skandinav\u0173 literat\u016broje. Tai jaudinanti istorija apie kar\u0105, meil\u0119, i\u0161davyst\u0119 ir m\u012fslingas \u017emog\u017eudystes.<\/p>\n<p>Policijos inspektorius Haris H\u016bl\u0117 lietuvi\u0173 skaitytojams jau pa\u017e\u012fstamas i\u0161 roman\u0173\u00a0<em>Pentagrama<\/em>\u00a0ir\u00a0<em>Gelb\u0117tojas<\/em>.<\/p>\n<ul class=\"about-product d-none d-xl-block mt-4\">\n<li><strong>Originalus pavadinimas:<\/strong>\u00a0The Redbreast<\/li>\n<li><strong>Autorius:<\/strong>\u00a0<a href=\"https:\/\/skaitytaknyga.lt\/?s=nesbo&#038;post_type=product&#038;dgwt_wcas=1\">Jo Nesb\u00f8<\/a><\/li>\n<li><strong>Leid\u0117jas:<\/strong>\u00a0Baltos lankos<\/li>\n<li><strong>Metai:<\/strong>\u00a02016<\/li>\n<li><strong>Puslapiai:<\/strong>\u00a0480<\/li>\n<li><strong>ISBN:<\/strong>\u00a09789955239314<\/li>\n<li><strong>Prek\u0117s kodas:<\/strong>\u00a02200100775008<\/li>\n<li><strong>Versijos kodas:<\/strong>\u00a0DF<\/li>\n<li><strong>Formatas:<\/strong>\u00a015 x 21,6 x 3,5 cm, kieti vir\u0161eliai<\/li>\n<li><strong>Kalba:<\/strong>\u00a0Lietuvi\u0173<\/li>\n<li><strong>Vert\u0117jas:<\/strong>\u00a0Agn\u0117 Petrauskait\u0117<\/li>\n<\/ul>\n","protected":false},"excerpt":{"rendered":"<p>1942 metais \u017e\u016bva Danielius &#8211; tikra legenda tarp norveg\u0173 kareivi\u0173, tapusi\u0173 Hitlerio armijos savanoriais. Po dvej\u0173 met\u0173 su\u017eeistas kareivis, prisistat\u0119s Danieliaus naudota \u016arijos pravarde, prabunda Vienos ligonin\u0117je. Jis \u012fsimyli slaug\u0119, o j\u0173 santyki\u0173 padariniai bus justi ir po daugiau nei 50 met\u0173. 1999-ieji. Siekiant u\u017eglaistyti Hario H\u016bl\u0117s tarnybos metu padaryt\u0105 klaid\u0105, jam suteikiamas inspektoriaus laipsnis ir jis perkeliamas \u012f policijos saugumo tarnyb\u0105. \u010cia jam paskiriama nuobodi u\u017eduotis, ta\u010diau netik\u0117tai j\u012f sudomina ataskaita apie ne\u012fprasto ir itin reto ginklo \u012fsigijim\u0105. P\u0117dsakai veda link neonaci\u0173 grupuot\u0117s. Nujausdamas \u012fvyksiant nusikaltim\u0105, Haris H\u016bl\u0117 pradeda tyrim\u0105, kuris j\u012f nuves \u012f Piet\u0173 Afrikos Respublik\u0105, Austrij\u0105 ir privers klaid\u017eioti po tamsiausius Norvegijos istorijos labirintus. 2005 m. Hario H\u016bl\u0117s ciklo romanas\u00a0Raudongurkl\u0117\u00a0buvo pripa\u017eintas geriausiu vis\u0173 laik\u0173 Norvegijos kriminaliniu romanu. Meniniu po\u017ei\u016briu \u0161is k\u016brinys, pasak kritik\u0173,- vienas ambicingiausi\u0173 detektyv\u0173 skandinav\u0173 literat\u016broje. Tai jaudinanti istorija apie kar\u0105, meil\u0119, i\u0161davyst\u0119 ir m\u012fslingas \u017emog\u017eudystes. Policijos inspektorius Haris H\u016bl\u0117 lietuvi\u0173 skaitytojams jau pa\u017e\u012fstamas i\u0161 roman\u0173\u00a0Pentagrama\u00a0ir\u00a0Gelb\u0117tojas. Originalus pavadinimas:\u00a0The Redbreast Autorius:\u00a0Jo Nesb\u00f8 Leid\u0117jas:\u00a0Baltos lankos Metai:\u00a02016 Puslapiai:\u00a0480 ISBN:\u00a09789955239314 Prek\u0117s kodas:\u00a02200100775008 Versijos kodas:\u00a0DF Formatas:\u00a015 x 21,6 x 3,5 cm, kieti vir\u0161eliai Kalba:\u00a0Lietuvi\u0173 Vert\u0117jas:\u00a0Agn\u0117 Petrauskait\u0117<\/p>\n","protected":false},"featured_media":14048,"comment_status":"closed","ping_status":"closed","template":"","meta":{"_acf_changed":false,"site-sidebar-layout":"default","site-content-layout":"","ast-site-content-layout":"default","site-content-style":"default","site-sidebar-style":"default","ast-global-header-display":"","ast-banner-title-visibility":"","ast-main-header-display":"","ast-hfb-above-header-display":"","ast-hfb-below-header-display":"","ast-hfb-mobile-header-display":"","site-post-title":"","ast-breadcrumbs-content":"","ast-featured-img":"","footer-sml-layout":"","ast-disable-related-posts":"","theme-transparent-header-meta":"default","adv-header-id-meta":"","stick-header-meta":"","header-above-stick-meta":"","header-main-stick-meta":"","header-below-stick-meta":"","astra-migrate-meta-layouts":"set","ast-page-background-enabled":"default","ast-page-background-meta":{"desktop":{"background-color":"","background-image":"","background-repeat":"repeat","background-position":"center center","background-size":"auto","background-attachment":"scroll","background-type":"","background-media":"","overlay-type":"","overlay-color":"","overlay-opacity":"","overlay-gradient":""},"tablet":{"background-color":"","background-image":"","background-repeat":"repeat","background-position":"center center","background-size":"auto","background-attachment":"scroll","background-type":"","background-media":"","overlay-type":"","overlay-color":"","overlay-opacity":"","overlay-gradient":""},"mobile":{"background-color":"","background-image":"","background-repeat":"repeat","background-position":"center center","background-size":"auto","background-attachment":"scroll","background-type":"","background-media":"","overlay-type":"","overlay-color":"","overlay-opacity":"","overlay-gradient":""}},"ast-content-background-meta":{"desktop":{"background-color":"var(--ast-global-color-4)","background-image":"","background-repeat":"repeat","background-position":"center center","background-size":"auto","background-attachment":"scroll","background-type":"","background-media":"","overlay-type":"","overlay-color":"","overlay-opacity":"","overlay-gradient":""},"tablet":{"background-color":"var(--ast-global-color-4)","background-image":"","background-repeat":"repeat","background-position":"center center","background-size":"auto","background-attachment":"scroll","background-type":"","background-media":"","overlay-type":"","overlay-color":"","overlay-opacity":"","overlay-gradient":""},"mobile":{"background-color":"var(--ast-global-color-4)","background-image":"","background-repeat":"repeat","background-position":"center center","background-size":"auto","background-attachment":"scroll","background-type":"","background-media":"","overlay-type":"","overlay-color":"","overlay-opacity":"","overlay-gradient":""}}},"product_brand":[],"product_cat":[9581],"product_tag":[1476,1605,2030],"class_list":{"0":"post-14047","1":"product","2":"type-product","3":"status-publish","4":"has-post-thumbnail","6":"product_cat-kriminaliniai-romanai","7":"product_tag-detektyvas","8":"product_tag-haris-hule","9":"product_tag-skandinavija","10":"desktop-align-left","11":"tablet-align-left","12":"mobile-align-left","14":"first","15":"instock","16":"shipping-taxable","17":"purchasable","18":"product-type-simple"},"acf":[],"yoast_head":"<!-- This site is optimized with the Yoast SEO plugin v27.0 - https:\/\/yoast.com\/product\/yoast-seo-wordpress\/ -->\n<title>Raudongurkl\u0117<\/title>\n<meta name=\"description\" content=\"1942 metais \u017e\u016bva Danielius - tikra legenda tarp norveg\u0173 kareivi\u0173, tapusi\u0173 Hitlerio armijos savanoriais. Po dvej\u0173 met\u0173 su\u017eeistas kareivis, prisistat\u0119s\" \/>\n<meta name=\"robots\" content=\"index, follow, max-snippet:-1, max-image-preview:large, max-video-preview:-1\" \/>\n<link rel=\"canonical\" href=\"https:\/\/skaitytaknyga.lt\/en\/produktas\/jo-nesbo-raudongurkle\/\" \/>\n<meta property=\"og:locale\" content=\"en_GB\" \/>\n<meta property=\"og:locale:alternate\" content=\"lt_LT\" \/>\n<meta property=\"og:type\" content=\"article\" \/>\n<meta property=\"og:title\" content=\"Raudongurkl\u0117\" \/>\n<meta property=\"og:description\" content=\"1942 metais \u017e\u016bva Danielius - tikra legenda tarp norveg\u0173 kareivi\u0173, tapusi\u0173 Hitlerio armijos savanoriais. Po dvej\u0173 met\u0173 su\u017eeistas kareivis, prisistat\u0119s\" \/>\n<meta property=\"og:url\" content=\"https:\/\/skaitytaknyga.lt\/en\/produktas\/jo-nesbo-raudongurkle\/\" \/>\n<meta property=\"og:site_name\" content=\"Skaitytaknyga\" \/>\n<meta property=\"article:publisher\" content=\"https:\/\/www.facebook.com\/skaitytaknyga\/\" \/>\n<meta property=\"article:modified_time\" content=\"2026-03-05T08:36:25+00:00\" \/>\n<meta property=\"og:image\" content=\"https:\/\/skaitytaknyga.lt\/wp-content\/uploads\/2024\/09\/Raudongurkle.webp\" \/>\n\t<meta property=\"og:image:width\" content=\"445\" \/>\n\t<meta property=\"og:image:height\" content=\"652\" \/>\n\t<meta property=\"og:image:type\" content=\"image\/webp\" \/>\n<meta name=\"twitter:card\" content=\"summary_large_image\" \/>\n<meta name=\"twitter:label1\" content=\"Estimated reading time\" \/>\n\t<meta name=\"twitter:data1\" content=\"2 minutes\" \/>\n<script type=\"application\/ld+json\" class=\"yoast-schema-graph\">{\"@context\":\"https:\/\/schema.org\",\"@graph\":[{\"@type\":\"WebPage\",\"@id\":\"https:\/\/skaitytaknyga.lt\/produktas\/jo-nesbo-raudongurkle\/\",\"url\":\"https:\/\/skaitytaknyga.lt\/produktas\/jo-nesbo-raudongurkle\/\",\"name\":\"Raudongurkl\u0117\",\"isPartOf\":{\"@id\":\"https:\/\/skaitytaknyga.lt\/#website\"},\"primaryImageOfPage\":{\"@id\":\"https:\/\/skaitytaknyga.lt\/produktas\/jo-nesbo-raudongurkle\/#primaryimage\"},\"image\":{\"@id\":\"https:\/\/skaitytaknyga.lt\/produktas\/jo-nesbo-raudongurkle\/#primaryimage\"},\"thumbnailUrl\":\"https:\/\/skaitytaknyga.lt\/wp-content\/uploads\/2024\/09\/Raudongurkle.webp\",\"datePublished\":\"2024-09-28T10:26:07+00:00\",\"dateModified\":\"2026-03-05T08:36:25+00:00\",\"description\":\"1942 metais \u017e\u016bva Danielius - tikra legenda tarp norveg\u0173 kareivi\u0173, tapusi\u0173 Hitlerio armijos savanoriais. Po dvej\u0173 met\u0173 su\u017eeistas kareivis, prisistat\u0119s\",\"breadcrumb\":{\"@id\":\"https:\/\/skaitytaknyga.lt\/produktas\/jo-nesbo-raudongurkle\/#breadcrumb\"},\"inLanguage\":\"en-GB\",\"potentialAction\":[{\"@type\":\"ReadAction\",\"target\":[\"https:\/\/skaitytaknyga.lt\/produktas\/jo-nesbo-raudongurkle\/\"]}]},{\"@type\":\"ImageObject\",\"inLanguage\":\"en-GB\",\"@id\":\"https:\/\/skaitytaknyga.lt\/produktas\/jo-nesbo-raudongurkle\/#primaryimage\",\"url\":\"https:\/\/skaitytaknyga.lt\/wp-content\/uploads\/2024\/09\/Raudongurkle.webp\",\"contentUrl\":\"https:\/\/skaitytaknyga.lt\/wp-content\/uploads\/2024\/09\/Raudongurkle.webp\",\"width\":445,\"height\":652,\"caption\":\"Raudongurkl\u0117\"},{\"@type\":\"BreadcrumbList\",\"@id\":\"https:\/\/skaitytaknyga.lt\/produktas\/jo-nesbo-raudongurkle\/#breadcrumb\",\"itemListElement\":[{\"@type\":\"ListItem\",\"position\":1,\"name\":\"Home\",\"item\":\"https:\/\/skaitytaknyga.lt\/\"},{\"@type\":\"ListItem\",\"position\":2,\"name\":\"Parduotuv\u0117\",\"item\":\"https:\/\/skaitytaknyga.lt\/knygu-parduotuve\/\"},{\"@type\":\"ListItem\",\"position\":3,\"name\":\"Raudongurkl\u0117\"}]},{\"@type\":\"WebSite\",\"@id\":\"https:\/\/skaitytaknyga.lt\/#website\",\"url\":\"https:\/\/skaitytaknyga.lt\/\",\"name\":\"skaitytaknyga.lt\",\"description\":\"Skaitytaknyga.lt \u2013 tai ma\u017eas \u0161eimos verslas, kuris prasid\u0117jo nuo meil\u0117s knygoms ir siekio i\u0161gelb\u0117ti knygas nuo likimo prie konteinerio. Kas vienam nereikalingas daiktas \u2013 kitam lobis, o mes esame tarpininkai, kurie padeda abiems tapti laimingesniems ???? \u017dinome kaip nelengva i\u0161gyventi ma\u017eiems verslams, tad nuo \u0161iol, \u010dia rasite ir kit\u0173, ma\u017e\u0173 \u0161eim\u0173 versl\u0173, rank\u0173 darbo, dovan\u0173 sau ir artimiesiems.\",\"publisher\":{\"@id\":\"https:\/\/skaitytaknyga.lt\/#organization\"},\"potentialAction\":[{\"@type\":\"SearchAction\",\"target\":{\"@type\":\"EntryPoint\",\"urlTemplate\":\"https:\/\/skaitytaknyga.lt\/?s={search_term_string}\"},\"query-input\":{\"@type\":\"PropertyValueSpecification\",\"valueRequired\":true,\"valueName\":\"search_term_string\"}}],\"inLanguage\":\"en-GB\"},{\"@type\":\"Organization\",\"@id\":\"https:\/\/skaitytaknyga.lt\/#organization\",\"name\":\"skaitytaknyga.lt\",\"url\":\"https:\/\/skaitytaknyga.lt\/\",\"logo\":{\"@type\":\"ImageObject\",\"inLanguage\":\"en-GB\",\"@id\":\"https:\/\/skaitytaknyga.lt\/#\/schema\/logo\/image\/\",\"url\":\"https:\/\/skaitytaknyga.lt\/wp-content\/uploads\/2024\/05\/cropped-cropped-cropped-02_00843_jt3bggkj1j3HLc7SyY6rEUpg.jpeg\",\"contentUrl\":\"https:\/\/skaitytaknyga.lt\/wp-content\/uploads\/2024\/05\/cropped-cropped-cropped-02_00843_jt3bggkj1j3HLc7SyY6rEUpg.jpeg\",\"width\":1600,\"height\":1600,\"caption\":\"skaitytaknyga.lt\"},\"image\":{\"@id\":\"https:\/\/skaitytaknyga.lt\/#\/schema\/logo\/image\/\"},\"sameAs\":[\"https:\/\/www.facebook.com\/skaitytaknyga\/\"]}]}<\/script>\n<!-- \/ Yoast SEO plugin. -->","yoast_head_json":{"title":"Raudongurkl\u0117","description":"1942 metais \u017e\u016bva Danielius - tikra legenda tarp norveg\u0173 kareivi\u0173, tapusi\u0173 Hitlerio armijos savanoriais. Po dvej\u0173 met\u0173 su\u017eeistas kareivis, prisistat\u0119s","robots":{"index":"index","follow":"follow","max-snippet":"max-snippet:-1","max-image-preview":"max-image-preview:large","max-video-preview":"max-video-preview:-1"},"canonical":"https:\/\/skaitytaknyga.lt\/en\/produktas\/jo-nesbo-raudongurkle\/","og_locale":"en_GB","og_type":"article","og_title":"[:lt]Raudongurkl\u0117[:] - Skaitytaknyga","og_description":"1942 metais \u017e\u016bva Danielius - tikra legenda tarp norveg\u0173 kareivi\u0173, tapusi\u0173 Hitlerio armijos savanoriais. Po dvej\u0173 met\u0173 su\u017eeistas kareivis, prisistat\u0119s","og_url":"https:\/\/skaitytaknyga.lt\/en\/produktas\/jo-nesbo-raudongurkle\/","og_site_name":"Skaitytaknyga","article_publisher":"https:\/\/www.facebook.com\/skaitytaknyga\/","article_modified_time":"2026-03-05T08:36:25+00:00","og_image":[{"width":445,"height":652,"url":"https:\/\/skaitytaknyga.lt\/wp-content\/uploads\/2024\/09\/Raudongurkle.webp","type":"image\/webp"}],"twitter_card":"summary_large_image","twitter_misc":{"Estimated reading time":"2 minutes"},"schema":{"@context":"https:\/\/schema.org","@graph":[{"@type":"WebPage","@id":"https:\/\/skaitytaknyga.lt\/produktas\/jo-nesbo-raudongurkle\/","url":"https:\/\/skaitytaknyga.lt\/produktas\/jo-nesbo-raudongurkle\/","name":"Raudongurkl\u0117","isPartOf":{"@id":"https:\/\/skaitytaknyga.lt\/#website"},"primaryImageOfPage":{"@id":"https:\/\/skaitytaknyga.lt\/produktas\/jo-nesbo-raudongurkle\/#primaryimage"},"image":{"@id":"https:\/\/skaitytaknyga.lt\/produktas\/jo-nesbo-raudongurkle\/#primaryimage"},"thumbnailUrl":"https:\/\/skaitytaknyga.lt\/wp-content\/uploads\/2024\/09\/Raudongurkle.webp","datePublished":"2024-09-28T10:26:07+00:00","dateModified":"2026-03-05T08:36:25+00:00","description":"1942 metais \u017e\u016bva Danielius - tikra legenda tarp norveg\u0173 kareivi\u0173, tapusi\u0173 Hitlerio armijos savanoriais. Po dvej\u0173 met\u0173 su\u017eeistas kareivis, prisistat\u0119s","breadcrumb":{"@id":"https:\/\/skaitytaknyga.lt\/produktas\/jo-nesbo-raudongurkle\/#breadcrumb"},"inLanguage":"en-GB","potentialAction":[{"@type":"ReadAction","target":["https:\/\/skaitytaknyga.lt\/produktas\/jo-nesbo-raudongurkle\/"]}]},{"@type":"ImageObject","inLanguage":"en-GB","@id":"https:\/\/skaitytaknyga.lt\/produktas\/jo-nesbo-raudongurkle\/#primaryimage","url":"https:\/\/skaitytaknyga.lt\/wp-content\/uploads\/2024\/09\/Raudongurkle.webp","contentUrl":"https:\/\/skaitytaknyga.lt\/wp-content\/uploads\/2024\/09\/Raudongurkle.webp","width":445,"height":652,"caption":"Raudongurkl\u0117"},{"@type":"BreadcrumbList","@id":"https:\/\/skaitytaknyga.lt\/produktas\/jo-nesbo-raudongurkle\/#breadcrumb","itemListElement":[{"@type":"ListItem","position":1,"name":"Home","item":"https:\/\/skaitytaknyga.lt\/"},{"@type":"ListItem","position":2,"name":"Parduotuv\u0117","item":"https:\/\/skaitytaknyga.lt\/knygu-parduotuve\/"},{"@type":"ListItem","position":3,"name":"Raudongurkl\u0117"}]},{"@type":"WebSite","@id":"https:\/\/skaitytaknyga.lt\/#website","url":"https:\/\/skaitytaknyga.lt\/","name":"skaitytaknyga.lt","description":"Skaitytaknyga.lt \u2013 tai ma\u017eas \u0161eimos verslas, kuris prasid\u0117jo nuo meil\u0117s knygoms ir siekio i\u0161gelb\u0117ti knygas nuo likimo prie konteinerio. Kas vienam nereikalingas daiktas \u2013 kitam lobis, o mes esame tarpininkai, kurie padeda abiems tapti laimingesniems ???? \u017dinome kaip nelengva i\u0161gyventi ma\u017eiems verslams, tad nuo \u0161iol, \u010dia rasite ir kit\u0173, ma\u017e\u0173 \u0161eim\u0173 versl\u0173, rank\u0173 darbo, dovan\u0173 sau ir artimiesiems.","publisher":{"@id":"https:\/\/skaitytaknyga.lt\/#organization"},"potentialAction":[{"@type":"SearchAction","target":{"@type":"EntryPoint","urlTemplate":"https:\/\/skaitytaknyga.lt\/?s={search_term_string}"},"query-input":{"@type":"PropertyValueSpecification","valueRequired":true,"valueName":"search_term_string"}}],"inLanguage":"en-GB"},{"@type":"Organization","@id":"https:\/\/skaitytaknyga.lt\/#organization","name":"skaitytaknyga.lt","url":"https:\/\/skaitytaknyga.lt\/","logo":{"@type":"ImageObject","inLanguage":"en-GB","@id":"https:\/\/skaitytaknyga.lt\/#\/schema\/logo\/image\/","url":"https:\/\/skaitytaknyga.lt\/wp-content\/uploads\/2024\/05\/cropped-cropped-cropped-02_00843_jt3bggkj1j3HLc7SyY6rEUpg.jpeg","contentUrl":"https:\/\/skaitytaknyga.lt\/wp-content\/uploads\/2024\/05\/cropped-cropped-cropped-02_00843_jt3bggkj1j3HLc7SyY6rEUpg.jpeg","width":1600,"height":1600,"caption":"skaitytaknyga.lt"},"image":{"@id":"https:\/\/skaitytaknyga.lt\/#\/schema\/logo\/image\/"},"sameAs":["https:\/\/www.facebook.com\/skaitytaknyga\/"]}]}},"_links":{"self":[{"href":"https:\/\/skaitytaknyga.lt\/en\/wp-json\/wp\/v2\/product\/14047","targetHints":{"allow":["GET"]}}],"collection":[{"href":"https:\/\/skaitytaknyga.lt\/en\/wp-json\/wp\/v2\/product"}],"about":[{"href":"https:\/\/skaitytaknyga.lt\/en\/wp-json\/wp\/v2\/types\/product"}],"replies":[{"embeddable":true,"href":"https:\/\/skaitytaknyga.lt\/en\/wp-json\/wp\/v2\/comments?post=14047"}],"wp:featuredmedia":[{"embeddable":true,"href":"https:\/\/skaitytaknyga.lt\/en\/wp-json\/wp\/v2\/media\/14048"}],"wp:attachment":[{"href":"https:\/\/skaitytaknyga.lt\/en\/wp-json\/wp\/v2\/media?parent=14047"}],"wp:term":[{"taxonomy":"product_brand","embeddable":true,"href":"https:\/\/skaitytaknyga.lt\/en\/wp-json\/wp\/v2\/product_brand?post=14047"},{"taxonomy":"product_cat","embeddable":true,"href":"https:\/\/skaitytaknyga.lt\/en\/wp-json\/wp\/v2\/product_cat?post=14047"},{"taxonomy":"product_tag","embeddable":true,"href":"https:\/\/skaitytaknyga.lt\/en\/wp-json\/wp\/v2\/product_tag?post=14047"}],"curies":[{"name":"wp","href":"https:\/\/api.w.org\/{rel}","templated":true}]}}