{"id":14043,"date":"2024-09-26T20:34:54","date_gmt":"2024-09-26T17:34:54","guid":{"rendered":"https:\/\/skaitytaknyga.lt\/?post_type=product&#038;p=14043"},"modified":"2026-03-17T22:23:50","modified_gmt":"2026-03-17T20:23:50","slug":"benita-cantieni-tigro-jausmas","status":"publish","type":"product","link":"https:\/\/skaitytaknyga.lt\/en\/produktas\/benita-cantieni-tigro-jausmas\/","title":{"rendered":"Benita Cantieni \u201eTigro jausmas\u201c"},"content":{"rendered":"<p>Veiksminga programa sen\u0117jimui stabdyti ir gydomasis lengvasis kult\u016brizmas<\/p>\n<p>Benitos Cantieni pratimai skirti dubens dugnui stiprinti, nes tvirtas pamatas leid\u017eia lengviau ir grak\u0161\u010diau jud\u0117ti.<\/p>\n<p>Tinka visiems \u2014 vyrams ir moterims, jauniems ir pagyvenusiems, pradedantiems sportuoti ir profesionalams, sveikiems ir turintiems sveikatos sutrikim\u0173.<\/p>\n<p>Perskait\u0119 \u0161i\u0105 knyg\u0105, j\u016bs tikrai pajusite motyvacij\u0105, o tai bus ne\u012fkainojama pagalba ir investicija visam gyvenimui.<\/p>\n<p>Septynios pratim\u0173 grup\u0117s moko, kaip dubens dugno raumenis susieti su giliaisiais pilvo, nugaros, \u0161laun\u0173 ir klub\u0173 raumen\u0173 sluoksniais ir visus priversti darbuotis kartu.<\/p>\n<p>K\u0105 \u012fgyjate?<\/p>\n<p>K\u016bnas tampa paslankesnis, laikysena ir formos \u2014 grak\u0161tesn\u0117s. Pager\u0117ja bendra savijauta.<\/p>\n<p>\u0160i metodika itin veiksminga, jei kamuoja nugaros ir klub\u0173 skausmai, yra diagnozuotas i\u0161kryp\u0119s stuburas ar jo slanksteli\u0173 deformacijos. Pratimai stiprina nugaros raumenis, j\u0105 tiesina, padeda atsikratyti k\u016bprinimosi. Juos reguliariai atlikdami, i\u0161moksite tausoti savo nugar\u0105 ir visi\u0161kai nejusite negalavim\u0173.<\/p>\n<p>Dubens dugno stiprinimas pad\u0117s \u012fveikti tokias nemalonias problemas, kaip \u0161lapimo nelaikymas, hemorojiniai mazgai, erekcijos sutrikimas, padid\u0117jusi prostata, pakels nusileidusius vidaus organus. Jie efektyv\u016bs gydant ir kitas dubens srities organ\u0173 ligas.<\/p>\n<p>Pratimus i\u0161mokti pataria gydytojai, sporto medicinos specialistai ir aku\u0161er\u0117s.<\/p>\n<ul class=\"about-product d-none d-xl-block mt-4\">\n<li><strong>Originalus pavadinimas:<\/strong>\u00a0Tiger Feeling<\/li>\n<li><strong>Autorius:<\/strong>\u00a0Benita Cantieni<\/li>\n<li><strong>Leid\u0117jas:<\/strong>\u00a0Jotema<\/li>\n<li><strong>Metai:<\/strong>\u00a02014<\/li>\n<li><strong>Puslapiai:<\/strong>\u00a0152<\/li>\n<li><strong>ISBN:<\/strong>\u00a09789955134275<\/li>\n<li><strong>Versijos kodas:<\/strong>\u00a0PT.<\/li>\n<li><strong>Formatas:<\/strong>\u00a023,5 x 16,5 cm, mink\u0161ti vir\u0161eliai<\/li>\n<li><strong>Kalba:<\/strong>\u00a0Lietuvi\u0173<\/li>\n<li><strong>Vert\u0117jas:<\/strong>\u00a0Dalia Morkv\u0117nait\u0117<\/li>\n<\/ul>\n","protected":false},"excerpt":{"rendered":"<p>Veiksminga programa sen\u0117jimui stabdyti ir gydomasis lengvasis kult\u016brizmas Benitos Cantieni pratimai skirti dubens dugnui stiprinti, nes tvirtas pamatas leid\u017eia lengviau ir grak\u0161\u010diau jud\u0117ti. Tinka visiems \u2014 vyrams ir moterims, jauniems ir pagyvenusiems, pradedantiems sportuoti ir profesionalams, sveikiems ir turintiems sveikatos sutrikim\u0173. Perskait\u0119 \u0161i\u0105 knyg\u0105, j\u016bs tikrai pajusite motyvacij\u0105, o tai bus ne\u012fkainojama pagalba ir investicija visam gyvenimui. Septynios pratim\u0173 grup\u0117s moko, kaip dubens dugno raumenis susieti su giliaisiais pilvo, nugaros, \u0161laun\u0173 ir klub\u0173 raumen\u0173 sluoksniais ir visus priversti darbuotis kartu. K\u0105 \u012fgyjate? K\u016bnas tampa paslankesnis, laikysena ir formos \u2014 grak\u0161tesn\u0117s. Pager\u0117ja bendra savijauta. \u0160i metodika itin veiksminga, jei kamuoja nugaros ir klub\u0173 skausmai, yra diagnozuotas i\u0161kryp\u0119s stuburas ar jo slanksteli\u0173 deformacijos. Pratimai stiprina nugaros raumenis, j\u0105 tiesina, padeda atsikratyti k\u016bprinimosi. Juos reguliariai atlikdami, i\u0161moksite tausoti savo nugar\u0105 ir visi\u0161kai nejusite negalavim\u0173. Dubens dugno stiprinimas pad\u0117s \u012fveikti tokias nemalonias problemas, kaip \u0161lapimo nelaikymas, hemorojiniai mazgai, erekcijos sutrikimas, padid\u0117jusi prostata, pakels nusileidusius vidaus organus. Jie efektyv\u016bs gydant ir kitas dubens srities organ\u0173 ligas. Pratimus i\u0161mokti pataria gydytojai, sporto medicinos specialistai ir aku\u0161er\u0117s. Originalus pavadinimas:\u00a0Tiger Feeling Autorius:\u00a0Benita Cantieni Leid\u0117jas:\u00a0Jotema Metai:\u00a02014 Puslapiai:\u00a0152 ISBN:\u00a09789955134275 Versijos kodas:\u00a0PT. Formatas:\u00a023,5 x 16,5 cm, mink\u0161ti vir\u0161eliai Kalba:\u00a0Lietuvi\u0173 Vert\u0117jas:\u00a0Dalia Morkv\u0117nait\u0117<\/p>\n","protected":false},"featured_media":14044,"comment_status":"open","ping_status":"closed","template":"","meta":{"_acf_changed":false,"site-sidebar-layout":"default","site-content-layout":"","ast-site-content-layout":"default","site-content-style":"default","site-sidebar-style":"default","ast-global-header-display":"","ast-banner-title-visibility":"","ast-main-header-display":"","ast-hfb-above-header-display":"","ast-hfb-below-header-display":"","ast-hfb-mobile-header-display":"","site-post-title":"","ast-breadcrumbs-content":"","ast-featured-img":"","footer-sml-layout":"","ast-disable-related-posts":"","theme-transparent-header-meta":"default","adv-header-id-meta":"","stick-header-meta":"","header-above-stick-meta":"","header-main-stick-meta":"","header-below-stick-meta":"","astra-migrate-meta-layouts":"set","ast-page-background-enabled":"default","ast-page-background-meta":{"desktop":{"background-color":"","background-image":"","background-repeat":"repeat","background-position":"center center","background-size":"auto","background-attachment":"scroll","background-type":"","background-media":"","overlay-type":"","overlay-color":"","overlay-opacity":"","overlay-gradient":""},"tablet":{"background-color":"","background-image":"","background-repeat":"repeat","background-position":"center center","background-size":"auto","background-attachment":"scroll","background-type":"","background-media":"","overlay-type":"","overlay-color":"","overlay-opacity":"","overlay-gradient":""},"mobile":{"background-color":"","background-image":"","background-repeat":"repeat","background-position":"center center","background-size":"auto","background-attachment":"scroll","background-type":"","background-media":"","overlay-type":"","overlay-color":"","overlay-opacity":"","overlay-gradient":""}},"ast-content-background-meta":{"desktop":{"background-color":"var(--ast-global-color-4)","background-image":"","background-repeat":"repeat","background-position":"center center","background-size":"auto","background-attachment":"scroll","background-type":"","background-media":"","overlay-type":"","overlay-color":"","overlay-opacity":"","overlay-gradient":""},"tablet":{"background-color":"var(--ast-global-color-4)","background-image":"","background-repeat":"repeat","background-position":"center center","background-size":"auto","background-attachment":"scroll","background-type":"","background-media":"","overlay-type":"","overlay-color":"","overlay-opacity":"","overlay-gradient":""},"mobile":{"background-color":"var(--ast-global-color-4)","background-image":"","background-repeat":"repeat","background-position":"center center","background-size":"auto","background-attachment":"scroll","background-type":"","background-media":"","overlay-type":"","overlay-color":"","overlay-opacity":"","overlay-gradient":""}}},"product_brand":[],"product_cat":[15,55],"product_tag":[],"class_list":{"0":"post-14043","1":"product","2":"type-product","3":"status-publish","4":"has-post-thumbnail","6":"product_cat-uncategorized","7":"product_cat-sveikata-ir-sveika-mityba","8":"desktop-align-left","9":"tablet-align-left","10":"mobile-align-left","12":"first","13":"outofstock","14":"shipping-taxable","15":"purchasable","16":"product-type-simple"},"acf":[],"yoast_head":"<!-- This site is optimized with the Yoast SEO plugin v27.0 - https:\/\/yoast.com\/product\/yoast-seo-wordpress\/ -->\n<title>Benita Cantieni \u201eTigro jausmas\u201c<\/title>\n<meta name=\"description\" content=\"Veiksminga programa sen\u0117jimui stabdyti ir gydomasis lengvasis kult\u016brizmas Benitos Cantieni pratimai skirti dubens dugnui stiprinti, nes tvirtas pamatas\" \/>\n<meta name=\"robots\" content=\"index, follow, max-snippet:-1, max-image-preview:large, max-video-preview:-1\" \/>\n<link rel=\"canonical\" href=\"https:\/\/skaitytaknyga.lt\/en\/produktas\/benita-cantieni-tigro-jausmas\/\" \/>\n<meta property=\"og:locale\" content=\"en_GB\" \/>\n<meta property=\"og:locale:alternate\" content=\"lt_LT\" \/>\n<meta property=\"og:type\" content=\"article\" \/>\n<meta property=\"og:title\" content=\"Benita Cantieni \u201eTigro jausmas\u201c\" \/>\n<meta property=\"og:description\" content=\"Veiksminga programa sen\u0117jimui stabdyti ir gydomasis lengvasis kult\u016brizmas Benitos Cantieni pratimai skirti dubens dugnui stiprinti, nes tvirtas pamatas\" \/>\n<meta property=\"og:url\" content=\"https:\/\/skaitytaknyga.lt\/en\/produktas\/benita-cantieni-tigro-jausmas\/\" \/>\n<meta property=\"og:site_name\" content=\"Skaitytaknyga\" \/>\n<meta property=\"article:publisher\" content=\"https:\/\/www.facebook.com\/skaitytaknyga\/\" \/>\n<meta property=\"article:modified_time\" content=\"2026-03-17T20:23:50+00:00\" \/>\n<meta property=\"og:image\" content=\"https:\/\/skaitytaknyga.lt\/wp-content\/uploads\/2024\/09\/Tigro-jausmas.webp\" \/>\n\t<meta property=\"og:image:width\" content=\"564\" \/>\n\t<meta property=\"og:image:height\" content=\"799\" \/>\n\t<meta property=\"og:image:type\" content=\"image\/webp\" \/>\n<meta name=\"twitter:card\" content=\"summary_large_image\" \/>\n<meta name=\"twitter:label1\" content=\"Estimated reading time\" \/>\n\t<meta name=\"twitter:data1\" content=\"2 minutes\" \/>\n<script type=\"application\/ld+json\" class=\"yoast-schema-graph\">{\"@context\":\"https:\/\/schema.org\",\"@graph\":[{\"@type\":\"WebPage\",\"@id\":\"https:\/\/skaitytaknyga.lt\/produktas\/benita-cantieni-tigro-jausmas\/\",\"url\":\"https:\/\/skaitytaknyga.lt\/produktas\/benita-cantieni-tigro-jausmas\/\",\"name\":\"Benita Cantieni \u201eTigro jausmas\u201c\",\"isPartOf\":{\"@id\":\"https:\/\/skaitytaknyga.lt\/#website\"},\"primaryImageOfPage\":{\"@id\":\"https:\/\/skaitytaknyga.lt\/produktas\/benita-cantieni-tigro-jausmas\/#primaryimage\"},\"image\":{\"@id\":\"https:\/\/skaitytaknyga.lt\/produktas\/benita-cantieni-tigro-jausmas\/#primaryimage\"},\"thumbnailUrl\":\"https:\/\/skaitytaknyga.lt\/wp-content\/uploads\/2024\/09\/Tigro-jausmas.webp\",\"datePublished\":\"2024-09-26T17:34:54+00:00\",\"dateModified\":\"2026-03-17T20:23:50+00:00\",\"description\":\"Veiksminga programa sen\u0117jimui stabdyti ir gydomasis lengvasis kult\u016brizmas Benitos Cantieni pratimai skirti dubens dugnui stiprinti, nes tvirtas pamatas\",\"breadcrumb\":{\"@id\":\"https:\/\/skaitytaknyga.lt\/produktas\/benita-cantieni-tigro-jausmas\/#breadcrumb\"},\"inLanguage\":\"en-GB\",\"potentialAction\":[{\"@type\":\"ReadAction\",\"target\":[\"https:\/\/skaitytaknyga.lt\/produktas\/benita-cantieni-tigro-jausmas\/\"]}]},{\"@type\":\"ImageObject\",\"inLanguage\":\"en-GB\",\"@id\":\"https:\/\/skaitytaknyga.lt\/produktas\/benita-cantieni-tigro-jausmas\/#primaryimage\",\"url\":\"https:\/\/skaitytaknyga.lt\/wp-content\/uploads\/2024\/09\/Tigro-jausmas.webp\",\"contentUrl\":\"https:\/\/skaitytaknyga.lt\/wp-content\/uploads\/2024\/09\/Tigro-jausmas.webp\",\"width\":564,\"height\":799,\"caption\":\"Tigro jausmas\"},{\"@type\":\"BreadcrumbList\",\"@id\":\"https:\/\/skaitytaknyga.lt\/produktas\/benita-cantieni-tigro-jausmas\/#breadcrumb\",\"itemListElement\":[{\"@type\":\"ListItem\",\"position\":1,\"name\":\"Home\",\"item\":\"https:\/\/skaitytaknyga.lt\/\"},{\"@type\":\"ListItem\",\"position\":2,\"name\":\"Parduotuv\u0117\",\"item\":\"https:\/\/skaitytaknyga.lt\/knygu-parduotuve\/\"},{\"@type\":\"ListItem\",\"position\":3,\"name\":\"Benita Cantieni \u201eTigro jausmas\u201c\"}]},{\"@type\":\"WebSite\",\"@id\":\"https:\/\/skaitytaknyga.lt\/#website\",\"url\":\"https:\/\/skaitytaknyga.lt\/\",\"name\":\"skaitytaknyga.lt\",\"description\":\"Skaitytaknyga.lt \u2013 tai ma\u017eas \u0161eimos verslas, kuris prasid\u0117jo nuo meil\u0117s knygoms ir siekio i\u0161gelb\u0117ti knygas nuo likimo prie konteinerio. Kas vienam nereikalingas daiktas \u2013 kitam lobis, o mes esame tarpininkai, kurie padeda abiems tapti laimingesniems ???? \u017dinome kaip nelengva i\u0161gyventi ma\u017eiems verslams, tad nuo \u0161iol, \u010dia rasite ir kit\u0173, ma\u017e\u0173 \u0161eim\u0173 versl\u0173, rank\u0173 darbo, dovan\u0173 sau ir artimiesiems.\",\"publisher\":{\"@id\":\"https:\/\/skaitytaknyga.lt\/#organization\"},\"potentialAction\":[{\"@type\":\"SearchAction\",\"target\":{\"@type\":\"EntryPoint\",\"urlTemplate\":\"https:\/\/skaitytaknyga.lt\/?s={search_term_string}\"},\"query-input\":{\"@type\":\"PropertyValueSpecification\",\"valueRequired\":true,\"valueName\":\"search_term_string\"}}],\"inLanguage\":\"en-GB\"},{\"@type\":\"Organization\",\"@id\":\"https:\/\/skaitytaknyga.lt\/#organization\",\"name\":\"skaitytaknyga.lt\",\"url\":\"https:\/\/skaitytaknyga.lt\/\",\"logo\":{\"@type\":\"ImageObject\",\"inLanguage\":\"en-GB\",\"@id\":\"https:\/\/skaitytaknyga.lt\/#\/schema\/logo\/image\/\",\"url\":\"https:\/\/skaitytaknyga.lt\/wp-content\/uploads\/2024\/05\/cropped-cropped-cropped-02_00843_jt3bggkj1j3HLc7SyY6rEUpg.jpeg\",\"contentUrl\":\"https:\/\/skaitytaknyga.lt\/wp-content\/uploads\/2024\/05\/cropped-cropped-cropped-02_00843_jt3bggkj1j3HLc7SyY6rEUpg.jpeg\",\"width\":1600,\"height\":1600,\"caption\":\"skaitytaknyga.lt\"},\"image\":{\"@id\":\"https:\/\/skaitytaknyga.lt\/#\/schema\/logo\/image\/\"},\"sameAs\":[\"https:\/\/www.facebook.com\/skaitytaknyga\/\"]}]}<\/script>\n<!-- \/ Yoast SEO plugin. -->","yoast_head_json":{"title":"Benita Cantieni \u201eTigro jausmas\u201c","description":"Veiksminga programa sen\u0117jimui stabdyti ir gydomasis lengvasis kult\u016brizmas Benitos Cantieni pratimai skirti dubens dugnui stiprinti, nes tvirtas pamatas","robots":{"index":"index","follow":"follow","max-snippet":"max-snippet:-1","max-image-preview":"max-image-preview:large","max-video-preview":"max-video-preview:-1"},"canonical":"https:\/\/skaitytaknyga.lt\/en\/produktas\/benita-cantieni-tigro-jausmas\/","og_locale":"en_GB","og_type":"article","og_title":"[:lt]Benita Cantieni \u201eTigro jausmas\u201c[:] - Skaitytaknyga","og_description":"Veiksminga programa sen\u0117jimui stabdyti ir gydomasis lengvasis kult\u016brizmas Benitos Cantieni pratimai skirti dubens dugnui stiprinti, nes tvirtas pamatas","og_url":"https:\/\/skaitytaknyga.lt\/en\/produktas\/benita-cantieni-tigro-jausmas\/","og_site_name":"Skaitytaknyga","article_publisher":"https:\/\/www.facebook.com\/skaitytaknyga\/","article_modified_time":"2026-03-17T20:23:50+00:00","og_image":[{"width":564,"height":799,"url":"https:\/\/skaitytaknyga.lt\/wp-content\/uploads\/2024\/09\/Tigro-jausmas.webp","type":"image\/webp"}],"twitter_card":"summary_large_image","twitter_misc":{"Estimated reading time":"2 minutes"},"schema":{"@context":"https:\/\/schema.org","@graph":[{"@type":"WebPage","@id":"https:\/\/skaitytaknyga.lt\/produktas\/benita-cantieni-tigro-jausmas\/","url":"https:\/\/skaitytaknyga.lt\/produktas\/benita-cantieni-tigro-jausmas\/","name":"Benita Cantieni \u201eTigro jausmas\u201c","isPartOf":{"@id":"https:\/\/skaitytaknyga.lt\/#website"},"primaryImageOfPage":{"@id":"https:\/\/skaitytaknyga.lt\/produktas\/benita-cantieni-tigro-jausmas\/#primaryimage"},"image":{"@id":"https:\/\/skaitytaknyga.lt\/produktas\/benita-cantieni-tigro-jausmas\/#primaryimage"},"thumbnailUrl":"https:\/\/skaitytaknyga.lt\/wp-content\/uploads\/2024\/09\/Tigro-jausmas.webp","datePublished":"2024-09-26T17:34:54+00:00","dateModified":"2026-03-17T20:23:50+00:00","description":"Veiksminga programa sen\u0117jimui stabdyti ir gydomasis lengvasis kult\u016brizmas Benitos Cantieni pratimai skirti dubens dugnui stiprinti, nes tvirtas pamatas","breadcrumb":{"@id":"https:\/\/skaitytaknyga.lt\/produktas\/benita-cantieni-tigro-jausmas\/#breadcrumb"},"inLanguage":"en-GB","potentialAction":[{"@type":"ReadAction","target":["https:\/\/skaitytaknyga.lt\/produktas\/benita-cantieni-tigro-jausmas\/"]}]},{"@type":"ImageObject","inLanguage":"en-GB","@id":"https:\/\/skaitytaknyga.lt\/produktas\/benita-cantieni-tigro-jausmas\/#primaryimage","url":"https:\/\/skaitytaknyga.lt\/wp-content\/uploads\/2024\/09\/Tigro-jausmas.webp","contentUrl":"https:\/\/skaitytaknyga.lt\/wp-content\/uploads\/2024\/09\/Tigro-jausmas.webp","width":564,"height":799,"caption":"Tigro jausmas"},{"@type":"BreadcrumbList","@id":"https:\/\/skaitytaknyga.lt\/produktas\/benita-cantieni-tigro-jausmas\/#breadcrumb","itemListElement":[{"@type":"ListItem","position":1,"name":"Home","item":"https:\/\/skaitytaknyga.lt\/"},{"@type":"ListItem","position":2,"name":"Parduotuv\u0117","item":"https:\/\/skaitytaknyga.lt\/knygu-parduotuve\/"},{"@type":"ListItem","position":3,"name":"Benita Cantieni \u201eTigro jausmas\u201c"}]},{"@type":"WebSite","@id":"https:\/\/skaitytaknyga.lt\/#website","url":"https:\/\/skaitytaknyga.lt\/","name":"skaitytaknyga.lt","description":"Skaitytaknyga.lt \u2013 tai ma\u017eas \u0161eimos verslas, kuris prasid\u0117jo nuo meil\u0117s knygoms ir siekio i\u0161gelb\u0117ti knygas nuo likimo prie konteinerio. Kas vienam nereikalingas daiktas \u2013 kitam lobis, o mes esame tarpininkai, kurie padeda abiems tapti laimingesniems ???? \u017dinome kaip nelengva i\u0161gyventi ma\u017eiems verslams, tad nuo \u0161iol, \u010dia rasite ir kit\u0173, ma\u017e\u0173 \u0161eim\u0173 versl\u0173, rank\u0173 darbo, dovan\u0173 sau ir artimiesiems.","publisher":{"@id":"https:\/\/skaitytaknyga.lt\/#organization"},"potentialAction":[{"@type":"SearchAction","target":{"@type":"EntryPoint","urlTemplate":"https:\/\/skaitytaknyga.lt\/?s={search_term_string}"},"query-input":{"@type":"PropertyValueSpecification","valueRequired":true,"valueName":"search_term_string"}}],"inLanguage":"en-GB"},{"@type":"Organization","@id":"https:\/\/skaitytaknyga.lt\/#organization","name":"skaitytaknyga.lt","url":"https:\/\/skaitytaknyga.lt\/","logo":{"@type":"ImageObject","inLanguage":"en-GB","@id":"https:\/\/skaitytaknyga.lt\/#\/schema\/logo\/image\/","url":"https:\/\/skaitytaknyga.lt\/wp-content\/uploads\/2024\/05\/cropped-cropped-cropped-02_00843_jt3bggkj1j3HLc7SyY6rEUpg.jpeg","contentUrl":"https:\/\/skaitytaknyga.lt\/wp-content\/uploads\/2024\/05\/cropped-cropped-cropped-02_00843_jt3bggkj1j3HLc7SyY6rEUpg.jpeg","width":1600,"height":1600,"caption":"skaitytaknyga.lt"},"image":{"@id":"https:\/\/skaitytaknyga.lt\/#\/schema\/logo\/image\/"},"sameAs":["https:\/\/www.facebook.com\/skaitytaknyga\/"]}]}},"_links":{"self":[{"href":"https:\/\/skaitytaknyga.lt\/en\/wp-json\/wp\/v2\/product\/14043","targetHints":{"allow":["GET"]}}],"collection":[{"href":"https:\/\/skaitytaknyga.lt\/en\/wp-json\/wp\/v2\/product"}],"about":[{"href":"https:\/\/skaitytaknyga.lt\/en\/wp-json\/wp\/v2\/types\/product"}],"replies":[{"embeddable":true,"href":"https:\/\/skaitytaknyga.lt\/en\/wp-json\/wp\/v2\/comments?post=14043"}],"wp:featuredmedia":[{"embeddable":true,"href":"https:\/\/skaitytaknyga.lt\/en\/wp-json\/wp\/v2\/media\/14044"}],"wp:attachment":[{"href":"https:\/\/skaitytaknyga.lt\/en\/wp-json\/wp\/v2\/media?parent=14043"}],"wp:term":[{"taxonomy":"product_brand","embeddable":true,"href":"https:\/\/skaitytaknyga.lt\/en\/wp-json\/wp\/v2\/product_brand?post=14043"},{"taxonomy":"product_cat","embeddable":true,"href":"https:\/\/skaitytaknyga.lt\/en\/wp-json\/wp\/v2\/product_cat?post=14043"},{"taxonomy":"product_tag","embeddable":true,"href":"https:\/\/skaitytaknyga.lt\/en\/wp-json\/wp\/v2\/product_tag?post=14043"}],"curies":[{"name":"wp","href":"https:\/\/api.w.org\/{rel}","templated":true}]}}