{"id":14041,"date":"2024-09-26T20:32:23","date_gmt":"2024-09-26T17:32:23","guid":{"rendered":"https:\/\/skaitytaknyga.lt\/?post_type=product&#038;p=14041"},"modified":"2025-10-30T09:17:54","modified_gmt":"2025-10-30T07:17:54","slug":"lucijus-anejus-seneka-laiskai-lucilijui","status":"publish","type":"product","link":"https:\/\/skaitytaknyga.lt\/en\/produktas\/lucijus-anejus-seneka-laiskai-lucilijui\/","title":{"rendered":"Lucijus An\u0117jus Seneka \u201eLai\u0161kai Lucilijui\u201c"},"content":{"rendered":"<p>\u201eLai\u0161kai Lucilijui\u201c &#8211; tai stoi\u0161k\u0105 moralinio tobulinimosi program\u0105 d\u0117stantis veikalas. Manydamas, kad doros ir valstyb\u0117s reikalai priklauso vis\u0173 pirma nuo dvasinio kiekvieno \u017emogaus atsparumo, Seneka r\u016bpinasi Lucilijaus \u201epa\u017eadinimu filosofijai\u201c, pagrindini\u0173 stoicizmo postulat\u0173 i\u0161ai\u0161kinimu, visapusi\u0161ku j\u0173 aptarimu ir \u012ftvirtinimu.<\/p>\n<p>Ne tik \u0161iais lai\u0161kais, bet ir ma\u017eesniais traktatais bei dramomis Seneka siek\u0117 vieno: kuo adekva\u010diau perteikti gyvenimo poky\u010di\u0173 jautim\u0105, pad\u0117ti \u017emogui atsispirti negandoms. Seneka \u017eavi \u017emogaus dvasios nuopuolio suvokimo dr\u0105sa ir bandymu i\u0161saugoti \u017emonijos u\u017egyventas vertybes ai\u0161kiausios j\u0173 \u017e\u016bties akivaizdoje.<\/p>\n<ul class=\"about-product d-none d-xl-block mt-4\">\n<li><strong>Autorius:<\/strong>\u00a0Seneka Lucijus An\u0117jus<\/li>\n<li><strong>Leid\u0117jas:<\/strong>\u00a0Mintis<\/li>\n<li><strong>Metai:<\/strong>\u00a01986<\/li>\n<li><strong>Puslapiai:<\/strong>\u00a0490<\/li>\n<li><strong>Formatas:<\/strong>\u00a013 x 21 cm, kieti vir\u0161eliai<\/li>\n<li><strong>Kalba:<\/strong>\u00a0Lietuvi\u0173<\/li>\n<li><strong>Vert\u0117jas:<\/strong>\u00a0D. Dilyt\u0117<\/li>\n<\/ul>\n","protected":false},"excerpt":{"rendered":"<p>\u201eLai\u0161kai Lucilijui\u201c &#8211; tai stoi\u0161k\u0105 moralinio tobulinimosi program\u0105 d\u0117stantis veikalas. Manydamas, kad doros ir valstyb\u0117s reikalai priklauso vis\u0173 pirma nuo dvasinio kiekvieno \u017emogaus atsparumo, Seneka r\u016bpinasi Lucilijaus \u201epa\u017eadinimu filosofijai\u201c, pagrindini\u0173 stoicizmo postulat\u0173 i\u0161ai\u0161kinimu, visapusi\u0161ku j\u0173 aptarimu ir \u012ftvirtinimu. Ne tik \u0161iais lai\u0161kais, bet ir ma\u017eesniais traktatais bei dramomis Seneka siek\u0117 vieno: kuo adekva\u010diau perteikti gyvenimo poky\u010di\u0173 jautim\u0105, pad\u0117ti \u017emogui atsispirti negandoms. Seneka \u017eavi \u017emogaus dvasios nuopuolio suvokimo dr\u0105sa ir bandymu i\u0161saugoti \u017emonijos u\u017egyventas vertybes ai\u0161kiausios j\u0173 \u017e\u016bties akivaizdoje. Autorius:\u00a0Seneka Lucijus An\u0117jus Leid\u0117jas:\u00a0Mintis Metai:\u00a01986 Puslapiai:\u00a0490 Formatas:\u00a013 x 21 cm, kieti vir\u0161eliai Kalba:\u00a0Lietuvi\u0173 Vert\u0117jas:\u00a0D. Dilyt\u0117<\/p>\n","protected":false},"featured_media":21674,"comment_status":"open","ping_status":"closed","template":"","meta":{"_acf_changed":false,"site-sidebar-layout":"default","site-content-layout":"","ast-site-content-layout":"default","site-content-style":"default","site-sidebar-style":"default","ast-global-header-display":"","ast-banner-title-visibility":"","ast-main-header-display":"","ast-hfb-above-header-display":"","ast-hfb-below-header-display":"","ast-hfb-mobile-header-display":"","site-post-title":"","ast-breadcrumbs-content":"","ast-featured-img":"","footer-sml-layout":"","ast-disable-related-posts":"","theme-transparent-header-meta":"default","adv-header-id-meta":"","stick-header-meta":"","header-above-stick-meta":"","header-main-stick-meta":"","header-below-stick-meta":"","astra-migrate-meta-layouts":"set","ast-page-background-enabled":"default","ast-page-background-meta":{"desktop":{"background-color":"","background-image":"","background-repeat":"repeat","background-position":"center center","background-size":"auto","background-attachment":"scroll","background-type":"","background-media":"","overlay-type":"","overlay-color":"","overlay-opacity":"","overlay-gradient":""},"tablet":{"background-color":"","background-image":"","background-repeat":"repeat","background-position":"center center","background-size":"auto","background-attachment":"scroll","background-type":"","background-media":"","overlay-type":"","overlay-color":"","overlay-opacity":"","overlay-gradient":""},"mobile":{"background-color":"","background-image":"","background-repeat":"repeat","background-position":"center center","background-size":"auto","background-attachment":"scroll","background-type":"","background-media":"","overlay-type":"","overlay-color":"","overlay-opacity":"","overlay-gradient":""}},"ast-content-background-meta":{"desktop":{"background-color":"var(--ast-global-color-4)","background-image":"","background-repeat":"repeat","background-position":"center center","background-size":"auto","background-attachment":"scroll","background-type":"","background-media":"","overlay-type":"","overlay-color":"","overlay-opacity":"","overlay-gradient":""},"tablet":{"background-color":"var(--ast-global-color-4)","background-image":"","background-repeat":"repeat","background-position":"center center","background-size":"auto","background-attachment":"scroll","background-type":"","background-media":"","overlay-type":"","overlay-color":"","overlay-opacity":"","overlay-gradient":""},"mobile":{"background-color":"var(--ast-global-color-4)","background-image":"","background-repeat":"repeat","background-position":"center center","background-size":"auto","background-attachment":"scroll","background-type":"","background-media":"","overlay-type":"","overlay-color":"","overlay-opacity":"","overlay-gradient":""}}},"product_brand":[],"product_cat":[15,165],"product_tag":[],"class_list":{"0":"post-14041","1":"product","2":"type-product","3":"status-publish","4":"has-post-thumbnail","6":"product_cat-uncategorized","7":"product_cat-religija-filosofija-ir-ezoterika","8":"desktop-align-left","9":"tablet-align-left","10":"mobile-align-left","12":"first","13":"instock","14":"shipping-taxable","15":"purchasable","16":"product-type-simple"},"acf":[],"yoast_head":"<!-- This site is optimized with the Yoast SEO plugin v27.0 - https:\/\/yoast.com\/product\/yoast-seo-wordpress\/ -->\n<title>Lucijus An\u0117jus Seneka \u201eLai\u0161kai Lucilijui\u201c<\/title>\n<meta name=\"description\" content=\"\u201eLai\u0161kai Lucilijui\u201c - tai stoi\u0161k\u0105 moralinio tobulinimosi program\u0105 d\u0117stantis veikalas. Manydamas, kad doros ir valstyb\u0117s reikalai priklauso vis\u0173 pirma nuo\" \/>\n<meta name=\"robots\" content=\"index, follow, max-snippet:-1, max-image-preview:large, max-video-preview:-1\" \/>\n<link rel=\"canonical\" href=\"https:\/\/skaitytaknyga.lt\/en\/produktas\/lucijus-anejus-seneka-laiskai-lucilijui\/\" \/>\n<meta property=\"og:locale\" content=\"en_GB\" \/>\n<meta property=\"og:locale:alternate\" content=\"lt_LT\" \/>\n<meta property=\"og:type\" content=\"article\" \/>\n<meta property=\"og:title\" content=\"Lucijus An\u0117jus Seneka \u201eLai\u0161kai Lucilijui\u201c\" \/>\n<meta property=\"og:description\" content=\"\u201eLai\u0161kai Lucilijui\u201c - tai stoi\u0161k\u0105 moralinio tobulinimosi program\u0105 d\u0117stantis veikalas. Manydamas, kad doros ir valstyb\u0117s reikalai priklauso vis\u0173 pirma nuo\" \/>\n<meta property=\"og:url\" content=\"https:\/\/skaitytaknyga.lt\/en\/produktas\/lucijus-anejus-seneka-laiskai-lucilijui\/\" \/>\n<meta property=\"og:site_name\" content=\"Skaitytaknyga\" \/>\n<meta property=\"article:publisher\" content=\"https:\/\/www.facebook.com\/skaitytaknyga\/\" \/>\n<meta property=\"article:modified_time\" content=\"2025-10-30T07:17:54+00:00\" \/>\n<meta property=\"og:image\" content=\"https:\/\/skaitytaknyga.lt\/wp-content\/uploads\/2024\/09\/Laiskai-Lucilijui4-1.webp\" \/>\n\t<meta property=\"og:image:width\" content=\"300\" \/>\n\t<meta property=\"og:image:height\" content=\"468\" \/>\n\t<meta property=\"og:image:type\" content=\"image\/webp\" \/>\n<meta name=\"twitter:card\" content=\"summary_large_image\" \/>\n<meta name=\"twitter:label1\" content=\"Estimated reading time\" \/>\n\t<meta name=\"twitter:data1\" content=\"1 minute\" \/>\n<script type=\"application\/ld+json\" class=\"yoast-schema-graph\">{\"@context\":\"https:\/\/schema.org\",\"@graph\":[{\"@type\":\"WebPage\",\"@id\":\"https:\/\/skaitytaknyga.lt\/produktas\/lucijus-anejus-seneka-laiskai-lucilijui\/\",\"url\":\"https:\/\/skaitytaknyga.lt\/produktas\/lucijus-anejus-seneka-laiskai-lucilijui\/\",\"name\":\"Lucijus An\u0117jus Seneka \u201eLai\u0161kai Lucilijui\u201c\",\"isPartOf\":{\"@id\":\"https:\/\/skaitytaknyga.lt\/#website\"},\"primaryImageOfPage\":{\"@id\":\"https:\/\/skaitytaknyga.lt\/produktas\/lucijus-anejus-seneka-laiskai-lucilijui\/#primaryimage\"},\"image\":{\"@id\":\"https:\/\/skaitytaknyga.lt\/produktas\/lucijus-anejus-seneka-laiskai-lucilijui\/#primaryimage\"},\"thumbnailUrl\":\"https:\/\/skaitytaknyga.lt\/wp-content\/uploads\/2024\/09\/Laiskai-Lucilijui4-1.webp\",\"datePublished\":\"2024-09-26T17:32:23+00:00\",\"dateModified\":\"2025-10-30T07:17:54+00:00\",\"description\":\"\u201eLai\u0161kai Lucilijui\u201c - tai stoi\u0161k\u0105 moralinio tobulinimosi program\u0105 d\u0117stantis veikalas. Manydamas, kad doros ir valstyb\u0117s reikalai priklauso vis\u0173 pirma nuo\",\"breadcrumb\":{\"@id\":\"https:\/\/skaitytaknyga.lt\/produktas\/lucijus-anejus-seneka-laiskai-lucilijui\/#breadcrumb\"},\"inLanguage\":\"en-GB\",\"potentialAction\":[{\"@type\":\"ReadAction\",\"target\":[\"https:\/\/skaitytaknyga.lt\/produktas\/lucijus-anejus-seneka-laiskai-lucilijui\/\"]}]},{\"@type\":\"ImageObject\",\"inLanguage\":\"en-GB\",\"@id\":\"https:\/\/skaitytaknyga.lt\/produktas\/lucijus-anejus-seneka-laiskai-lucilijui\/#primaryimage\",\"url\":\"https:\/\/skaitytaknyga.lt\/wp-content\/uploads\/2024\/09\/Laiskai-Lucilijui4-1.webp\",\"contentUrl\":\"https:\/\/skaitytaknyga.lt\/wp-content\/uploads\/2024\/09\/Laiskai-Lucilijui4-1.webp\",\"width\":300,\"height\":468,\"caption\":\"Lai\u0161kai Lucilijui\"},{\"@type\":\"BreadcrumbList\",\"@id\":\"https:\/\/skaitytaknyga.lt\/produktas\/lucijus-anejus-seneka-laiskai-lucilijui\/#breadcrumb\",\"itemListElement\":[{\"@type\":\"ListItem\",\"position\":1,\"name\":\"Home\",\"item\":\"https:\/\/skaitytaknyga.lt\/\"},{\"@type\":\"ListItem\",\"position\":2,\"name\":\"Parduotuv\u0117\",\"item\":\"https:\/\/skaitytaknyga.lt\/knygu-parduotuve\/\"},{\"@type\":\"ListItem\",\"position\":3,\"name\":\"Lucijus An\u0117jus Seneka \u201eLai\u0161kai Lucilijui\u201c\"}]},{\"@type\":\"WebSite\",\"@id\":\"https:\/\/skaitytaknyga.lt\/#website\",\"url\":\"https:\/\/skaitytaknyga.lt\/\",\"name\":\"skaitytaknyga.lt\",\"description\":\"Skaitytaknyga.lt \u2013 tai ma\u017eas \u0161eimos verslas, kuris prasid\u0117jo nuo meil\u0117s knygoms ir siekio i\u0161gelb\u0117ti knygas nuo likimo prie konteinerio. Kas vienam nereikalingas daiktas \u2013 kitam lobis, o mes esame tarpininkai, kurie padeda abiems tapti laimingesniems ???? \u017dinome kaip nelengva i\u0161gyventi ma\u017eiems verslams, tad nuo \u0161iol, \u010dia rasite ir kit\u0173, ma\u017e\u0173 \u0161eim\u0173 versl\u0173, rank\u0173 darbo, dovan\u0173 sau ir artimiesiems.\",\"publisher\":{\"@id\":\"https:\/\/skaitytaknyga.lt\/#organization\"},\"potentialAction\":[{\"@type\":\"SearchAction\",\"target\":{\"@type\":\"EntryPoint\",\"urlTemplate\":\"https:\/\/skaitytaknyga.lt\/?s={search_term_string}\"},\"query-input\":{\"@type\":\"PropertyValueSpecification\",\"valueRequired\":true,\"valueName\":\"search_term_string\"}}],\"inLanguage\":\"en-GB\"},{\"@type\":\"Organization\",\"@id\":\"https:\/\/skaitytaknyga.lt\/#organization\",\"name\":\"skaitytaknyga.lt\",\"url\":\"https:\/\/skaitytaknyga.lt\/\",\"logo\":{\"@type\":\"ImageObject\",\"inLanguage\":\"en-GB\",\"@id\":\"https:\/\/skaitytaknyga.lt\/#\/schema\/logo\/image\/\",\"url\":\"https:\/\/skaitytaknyga.lt\/wp-content\/uploads\/2024\/05\/cropped-cropped-cropped-02_00843_jt3bggkj1j3HLc7SyY6rEUpg.jpeg\",\"contentUrl\":\"https:\/\/skaitytaknyga.lt\/wp-content\/uploads\/2024\/05\/cropped-cropped-cropped-02_00843_jt3bggkj1j3HLc7SyY6rEUpg.jpeg\",\"width\":1600,\"height\":1600,\"caption\":\"skaitytaknyga.lt\"},\"image\":{\"@id\":\"https:\/\/skaitytaknyga.lt\/#\/schema\/logo\/image\/\"},\"sameAs\":[\"https:\/\/www.facebook.com\/skaitytaknyga\/\"]}]}<\/script>\n<!-- \/ Yoast SEO plugin. -->","yoast_head_json":{"title":"Lucijus An\u0117jus Seneka \u201eLai\u0161kai Lucilijui\u201c","description":"\u201eLai\u0161kai Lucilijui\u201c - tai stoi\u0161k\u0105 moralinio tobulinimosi program\u0105 d\u0117stantis veikalas. Manydamas, kad doros ir valstyb\u0117s reikalai priklauso vis\u0173 pirma nuo","robots":{"index":"index","follow":"follow","max-snippet":"max-snippet:-1","max-image-preview":"max-image-preview:large","max-video-preview":"max-video-preview:-1"},"canonical":"https:\/\/skaitytaknyga.lt\/en\/produktas\/lucijus-anejus-seneka-laiskai-lucilijui\/","og_locale":"en_GB","og_type":"article","og_title":"[:lt]Lucijus An\u0117jus Seneka \u201eLai\u0161kai Lucilijui\u201c[:] - Skaitytaknyga","og_description":"\u201eLai\u0161kai Lucilijui\u201c - tai stoi\u0161k\u0105 moralinio tobulinimosi program\u0105 d\u0117stantis veikalas. Manydamas, kad doros ir valstyb\u0117s reikalai priklauso vis\u0173 pirma nuo","og_url":"https:\/\/skaitytaknyga.lt\/en\/produktas\/lucijus-anejus-seneka-laiskai-lucilijui\/","og_site_name":"Skaitytaknyga","article_publisher":"https:\/\/www.facebook.com\/skaitytaknyga\/","article_modified_time":"2025-10-30T07:17:54+00:00","og_image":[{"width":300,"height":468,"url":"https:\/\/skaitytaknyga.lt\/wp-content\/uploads\/2024\/09\/Laiskai-Lucilijui4-1.webp","type":"image\/webp"}],"twitter_card":"summary_large_image","twitter_misc":{"Estimated reading time":"1 minute"},"schema":{"@context":"https:\/\/schema.org","@graph":[{"@type":"WebPage","@id":"https:\/\/skaitytaknyga.lt\/produktas\/lucijus-anejus-seneka-laiskai-lucilijui\/","url":"https:\/\/skaitytaknyga.lt\/produktas\/lucijus-anejus-seneka-laiskai-lucilijui\/","name":"Lucijus An\u0117jus Seneka \u201eLai\u0161kai Lucilijui\u201c","isPartOf":{"@id":"https:\/\/skaitytaknyga.lt\/#website"},"primaryImageOfPage":{"@id":"https:\/\/skaitytaknyga.lt\/produktas\/lucijus-anejus-seneka-laiskai-lucilijui\/#primaryimage"},"image":{"@id":"https:\/\/skaitytaknyga.lt\/produktas\/lucijus-anejus-seneka-laiskai-lucilijui\/#primaryimage"},"thumbnailUrl":"https:\/\/skaitytaknyga.lt\/wp-content\/uploads\/2024\/09\/Laiskai-Lucilijui4-1.webp","datePublished":"2024-09-26T17:32:23+00:00","dateModified":"2025-10-30T07:17:54+00:00","description":"\u201eLai\u0161kai Lucilijui\u201c - tai stoi\u0161k\u0105 moralinio tobulinimosi program\u0105 d\u0117stantis veikalas. Manydamas, kad doros ir valstyb\u0117s reikalai priklauso vis\u0173 pirma nuo","breadcrumb":{"@id":"https:\/\/skaitytaknyga.lt\/produktas\/lucijus-anejus-seneka-laiskai-lucilijui\/#breadcrumb"},"inLanguage":"en-GB","potentialAction":[{"@type":"ReadAction","target":["https:\/\/skaitytaknyga.lt\/produktas\/lucijus-anejus-seneka-laiskai-lucilijui\/"]}]},{"@type":"ImageObject","inLanguage":"en-GB","@id":"https:\/\/skaitytaknyga.lt\/produktas\/lucijus-anejus-seneka-laiskai-lucilijui\/#primaryimage","url":"https:\/\/skaitytaknyga.lt\/wp-content\/uploads\/2024\/09\/Laiskai-Lucilijui4-1.webp","contentUrl":"https:\/\/skaitytaknyga.lt\/wp-content\/uploads\/2024\/09\/Laiskai-Lucilijui4-1.webp","width":300,"height":468,"caption":"Lai\u0161kai Lucilijui"},{"@type":"BreadcrumbList","@id":"https:\/\/skaitytaknyga.lt\/produktas\/lucijus-anejus-seneka-laiskai-lucilijui\/#breadcrumb","itemListElement":[{"@type":"ListItem","position":1,"name":"Home","item":"https:\/\/skaitytaknyga.lt\/"},{"@type":"ListItem","position":2,"name":"Parduotuv\u0117","item":"https:\/\/skaitytaknyga.lt\/knygu-parduotuve\/"},{"@type":"ListItem","position":3,"name":"Lucijus An\u0117jus Seneka \u201eLai\u0161kai Lucilijui\u201c"}]},{"@type":"WebSite","@id":"https:\/\/skaitytaknyga.lt\/#website","url":"https:\/\/skaitytaknyga.lt\/","name":"skaitytaknyga.lt","description":"Skaitytaknyga.lt \u2013 tai ma\u017eas \u0161eimos verslas, kuris prasid\u0117jo nuo meil\u0117s knygoms ir siekio i\u0161gelb\u0117ti knygas nuo likimo prie konteinerio. Kas vienam nereikalingas daiktas \u2013 kitam lobis, o mes esame tarpininkai, kurie padeda abiems tapti laimingesniems ???? \u017dinome kaip nelengva i\u0161gyventi ma\u017eiems verslams, tad nuo \u0161iol, \u010dia rasite ir kit\u0173, ma\u017e\u0173 \u0161eim\u0173 versl\u0173, rank\u0173 darbo, dovan\u0173 sau ir artimiesiems.","publisher":{"@id":"https:\/\/skaitytaknyga.lt\/#organization"},"potentialAction":[{"@type":"SearchAction","target":{"@type":"EntryPoint","urlTemplate":"https:\/\/skaitytaknyga.lt\/?s={search_term_string}"},"query-input":{"@type":"PropertyValueSpecification","valueRequired":true,"valueName":"search_term_string"}}],"inLanguage":"en-GB"},{"@type":"Organization","@id":"https:\/\/skaitytaknyga.lt\/#organization","name":"skaitytaknyga.lt","url":"https:\/\/skaitytaknyga.lt\/","logo":{"@type":"ImageObject","inLanguage":"en-GB","@id":"https:\/\/skaitytaknyga.lt\/#\/schema\/logo\/image\/","url":"https:\/\/skaitytaknyga.lt\/wp-content\/uploads\/2024\/05\/cropped-cropped-cropped-02_00843_jt3bggkj1j3HLc7SyY6rEUpg.jpeg","contentUrl":"https:\/\/skaitytaknyga.lt\/wp-content\/uploads\/2024\/05\/cropped-cropped-cropped-02_00843_jt3bggkj1j3HLc7SyY6rEUpg.jpeg","width":1600,"height":1600,"caption":"skaitytaknyga.lt"},"image":{"@id":"https:\/\/skaitytaknyga.lt\/#\/schema\/logo\/image\/"},"sameAs":["https:\/\/www.facebook.com\/skaitytaknyga\/"]}]}},"_links":{"self":[{"href":"https:\/\/skaitytaknyga.lt\/en\/wp-json\/wp\/v2\/product\/14041","targetHints":{"allow":["GET"]}}],"collection":[{"href":"https:\/\/skaitytaknyga.lt\/en\/wp-json\/wp\/v2\/product"}],"about":[{"href":"https:\/\/skaitytaknyga.lt\/en\/wp-json\/wp\/v2\/types\/product"}],"replies":[{"embeddable":true,"href":"https:\/\/skaitytaknyga.lt\/en\/wp-json\/wp\/v2\/comments?post=14041"}],"wp:featuredmedia":[{"embeddable":true,"href":"https:\/\/skaitytaknyga.lt\/en\/wp-json\/wp\/v2\/media\/21674"}],"wp:attachment":[{"href":"https:\/\/skaitytaknyga.lt\/en\/wp-json\/wp\/v2\/media?parent=14041"}],"wp:term":[{"taxonomy":"product_brand","embeddable":true,"href":"https:\/\/skaitytaknyga.lt\/en\/wp-json\/wp\/v2\/product_brand?post=14041"},{"taxonomy":"product_cat","embeddable":true,"href":"https:\/\/skaitytaknyga.lt\/en\/wp-json\/wp\/v2\/product_cat?post=14041"},{"taxonomy":"product_tag","embeddable":true,"href":"https:\/\/skaitytaknyga.lt\/en\/wp-json\/wp\/v2\/product_tag?post=14041"}],"curies":[{"name":"wp","href":"https:\/\/api.w.org\/{rel}","templated":true}]}}