{"id":14037,"date":"2024-09-26T20:23:15","date_gmt":"2024-09-26T17:23:15","guid":{"rendered":"https:\/\/skaitytaknyga.lt\/?post_type=product&#038;p=14037"},"modified":"2025-04-15T10:38:37","modified_gmt":"2025-04-15T07:38:37","slug":"lev-tolstoj-isminties-kalendorius","status":"publish","type":"product","link":"https:\/\/skaitytaknyga.lt\/en\/produktas\/lev-tolstoj-isminties-kalendorius\/","title":{"rendered":"Lev Tolstoj  \u201eI\u0161minties kalendorius\u201c"},"content":{"rendered":"<div>\n<p><strong>I\u0161minties kalendorius \u2013 <\/strong>paskutin\u0117 Levo Tolstojaus knyga. Nors didysis devynioliktojo am\u017eiaus rus\u0173 ra\u0161ytojas i\u0161gars\u0117jo savo romanais Karas ir taika, Ana Karenina, jis yra nema\u017eai studijav\u0119s dvasin\u012f pasaulio kult\u016bros palikim\u0105 ir ra\u0161\u0119s religin\u0117mis temomis \u2013 \u0161i jo biografijos dalis ma\u017eai kam \u017einoma. Penkiolika met\u0173 rinkti i\u0161minties perlai \u2013 paties L. Tolstojaus nu\u0161lifuoti, ty\u010dia pateikti paprasta ir visiems suprantama kalba kartu su jo palink\u0117jimu: \u201eNor\u0117\u010diau, jog kasdien skaitydami \u0161i\u0105 knyg\u0105 skaitytojai patirt\u0173 t\u0105 pat\u012f ger\u0105, pakil\u0173 jausm\u0105, kur\u012f jau\u010diau j\u0105 sudarydamas ir tebejau\u010diu kasdien skaitydamas.\u201c<\/p>\n<\/div>\n<div><\/div>\n<div>\n<p>Tai pirmasis lietuvi\u0161kas k\u016brinio, kur\u012f Levas Tolstojus laik\u0117 svarbiausiu savo ind\u0117liu \u017emogi\u0161kumui, vertimas. Pasirod\u0119s trimis redakcijomis tarp 1903 ir 1910 m., pla\u010diai skaitytas prie\u0161revoliucin\u0117je Rusijoje, u\u017edraustas komunist\u0173 ir v\u0117l neseniai atrastas I\u0161minties kalendorius yra tarsi laiko neu\u017epu\u010diamas \u017eibintas, diena po dienos nu\u0161vie\u010diantis keli\u0105 \u012f prasming\u0105 gyvenim\u0105 \u017dem\u0117je. Kone \u0161imtmet\u012f nepelnytai cenz\u016bruota knyga verta atsidurti lentynoje k\u016brini\u0173, kurie nepaliaujamai moko mus to, kas svarbiausia.<\/p>\n<ul class=\"about-product d-none d-xl-block mt-4\">\n<li><strong>Originalus pavadinimas:<\/strong>\u00a0KRUG \u010cTENIJA<\/li>\n<li><strong>Autorius:<\/strong>\u00a0<a href=\"https:\/\/skaitytaknyga.lt\/?s=%C2%A0Lev+Tolstoj&#038;post_type=product&#038;dgwt_wcas=1\">Lev Tolstoj<\/a><\/li>\n<li><strong>Leid\u0117jas<\/strong>\u00a0Obuolys<\/li>\n<li><strong>Metai:<\/strong>\u00a02020<\/li>\n<li><strong>Puslapiai:<\/strong>\u00a0376<\/li>\n<li class=\"toggleable type-new-formats \"><strong>ISBN :\u00a0<\/strong>9786094841361<\/li>\n<li><strong>Versijos kodas:<\/strong>\u00a08<\/li>\n<li class=\"toggleable type-new-formats \"><strong>Formatas:<\/strong>\u00a014 x 20,5 x 3,3 cm, kieti vir\u0161eliai<\/li>\n<li><strong>Kalba:<\/strong>\u00a0Lietuvi\u0173<\/li>\n<li><strong>Vert\u0117jas:<\/strong>\u00a0Aistis Kelertas, Aleksandras Tyla, Linas Vaitkus<\/li>\n<li><strong>Knyg\u0173 serija:<\/strong>\u00a0Auksinis obuolys<\/li>\n<\/ul>\n<\/div>\n","protected":false},"excerpt":{"rendered":"<p>I\u0161minties kalendorius \u2013 paskutin\u0117 Levo Tolstojaus knyga. Nors didysis devynioliktojo am\u017eiaus rus\u0173 ra\u0161ytojas i\u0161gars\u0117jo savo romanais Karas ir taika, Ana Karenina, jis yra nema\u017eai studijav\u0119s dvasin\u012f pasaulio kult\u016bros palikim\u0105 ir ra\u0161\u0119s religin\u0117mis temomis \u2013 \u0161i jo biografijos dalis ma\u017eai kam \u017einoma. Penkiolika met\u0173 rinkti i\u0161minties perlai \u2013 paties L. Tolstojaus nu\u0161lifuoti, ty\u010dia pateikti paprasta ir visiems suprantama kalba kartu su jo palink\u0117jimu: \u201eNor\u0117\u010diau, jog kasdien skaitydami \u0161i\u0105 knyg\u0105 skaitytojai patirt\u0173 t\u0105 pat\u012f ger\u0105, pakil\u0173 jausm\u0105, kur\u012f jau\u010diau j\u0105 sudarydamas ir tebejau\u010diu kasdien skaitydamas.\u201c Tai pirmasis lietuvi\u0161kas k\u016brinio, kur\u012f Levas Tolstojus laik\u0117 svarbiausiu savo ind\u0117liu \u017emogi\u0161kumui, vertimas. Pasirod\u0119s trimis redakcijomis tarp 1903 ir 1910 m., pla\u010diai skaitytas prie\u0161revoliucin\u0117je Rusijoje, u\u017edraustas komunist\u0173 ir v\u0117l neseniai atrastas I\u0161minties kalendorius yra tarsi laiko neu\u017epu\u010diamas \u017eibintas, diena po dienos nu\u0161vie\u010diantis keli\u0105 \u012f prasming\u0105 gyvenim\u0105 \u017dem\u0117je. Kone \u0161imtmet\u012f nepelnytai cenz\u016bruota knyga verta atsidurti lentynoje k\u016brini\u0173, kurie nepaliaujamai moko mus to, kas svarbiausia. Originalus pavadinimas:\u00a0KRUG \u010cTENIJA Autorius:\u00a0Lev Tolstoj Leid\u0117jas\u00a0Obuolys Metai:\u00a02020 Puslapiai:\u00a0376 ISBN :\u00a09786094841361 Versijos kodas:\u00a08 Formatas:\u00a014 x 20,5 x 3,3 cm, kieti vir\u0161eliai Kalba:\u00a0Lietuvi\u0173 Vert\u0117jas:\u00a0Aistis Kelertas, Aleksandras Tyla, Linas Vaitkus Knyg\u0173 serija:\u00a0Auksinis obuolys<\/p>\n","protected":false},"featured_media":14038,"comment_status":"closed","ping_status":"closed","template":"","meta":{"_acf_changed":false,"site-sidebar-layout":"default","site-content-layout":"","ast-site-content-layout":"default","site-content-style":"default","site-sidebar-style":"default","ast-global-header-display":"","ast-banner-title-visibility":"","ast-main-header-display":"","ast-hfb-above-header-display":"","ast-hfb-below-header-display":"","ast-hfb-mobile-header-display":"","site-post-title":"","ast-breadcrumbs-content":"","ast-featured-img":"","footer-sml-layout":"","ast-disable-related-posts":"","theme-transparent-header-meta":"default","adv-header-id-meta":"","stick-header-meta":"","header-above-stick-meta":"","header-main-stick-meta":"","header-below-stick-meta":"","astra-migrate-meta-layouts":"set","ast-page-background-enabled":"default","ast-page-background-meta":{"desktop":{"background-color":"","background-image":"","background-repeat":"repeat","background-position":"center center","background-size":"auto","background-attachment":"scroll","background-type":"","background-media":"","overlay-type":"","overlay-color":"","overlay-opacity":"","overlay-gradient":""},"tablet":{"background-color":"","background-image":"","background-repeat":"repeat","background-position":"center center","background-size":"auto","background-attachment":"scroll","background-type":"","background-media":"","overlay-type":"","overlay-color":"","overlay-opacity":"","overlay-gradient":""},"mobile":{"background-color":"","background-image":"","background-repeat":"repeat","background-position":"center center","background-size":"auto","background-attachment":"scroll","background-type":"","background-media":"","overlay-type":"","overlay-color":"","overlay-opacity":"","overlay-gradient":""}},"ast-content-background-meta":{"desktop":{"background-color":"var(--ast-global-color-4)","background-image":"","background-repeat":"repeat","background-position":"center center","background-size":"auto","background-attachment":"scroll","background-type":"","background-media":"","overlay-type":"","overlay-color":"","overlay-opacity":"","overlay-gradient":""},"tablet":{"background-color":"var(--ast-global-color-4)","background-image":"","background-repeat":"repeat","background-position":"center center","background-size":"auto","background-attachment":"scroll","background-type":"","background-media":"","overlay-type":"","overlay-color":"","overlay-opacity":"","overlay-gradient":""},"mobile":{"background-color":"var(--ast-global-color-4)","background-image":"","background-repeat":"repeat","background-position":"center center","background-size":"auto","background-attachment":"scroll","background-type":"","background-media":"","overlay-type":"","overlay-color":"","overlay-opacity":"","overlay-gradient":""}}},"product_brand":[],"product_cat":[31,28],"product_tag":[],"class_list":{"0":"post-14037","1":"product","2":"type-product","3":"status-publish","4":"has-post-thumbnail","6":"product_cat-grozine-literatura","7":"product_cat-klasika","8":"desktop-align-left","9":"tablet-align-left","10":"mobile-align-left","12":"first","13":"instock","14":"shipping-taxable","15":"purchasable","16":"product-type-simple"},"acf":[],"yoast_head":"<!-- This site is optimized with the Yoast SEO plugin v27.0 - https:\/\/yoast.com\/product\/yoast-seo-wordpress\/ -->\n<title>Lev Tolstoj \u201eI\u0161minties kalendorius\u201c<\/title>\n<meta name=\"description\" content=\"I\u0161minties kalendorius \u2013 paskutin\u0117 Levo Tolstojaus knyga. Nors didysis devynioliktojo am\u017eiaus rus\u0173 ra\u0161ytojas i\u0161gars\u0117jo savo romanais Karas ir taika, Ana\" \/>\n<meta name=\"robots\" content=\"index, follow, max-snippet:-1, max-image-preview:large, max-video-preview:-1\" \/>\n<link rel=\"canonical\" href=\"https:\/\/skaitytaknyga.lt\/en\/produktas\/lev-tolstoj-isminties-kalendorius\/\" \/>\n<meta property=\"og:locale\" content=\"en_GB\" \/>\n<meta property=\"og:locale:alternate\" content=\"lt_LT\" \/>\n<meta property=\"og:type\" content=\"article\" \/>\n<meta property=\"og:title\" content=\"Lev Tolstoj \u201eI\u0161minties kalendorius\u201c\" \/>\n<meta property=\"og:description\" content=\"I\u0161minties kalendorius \u2013 paskutin\u0117 Levo Tolstojaus knyga. Nors didysis devynioliktojo am\u017eiaus rus\u0173 ra\u0161ytojas i\u0161gars\u0117jo savo romanais Karas ir taika, Ana\" \/>\n<meta property=\"og:url\" content=\"https:\/\/skaitytaknyga.lt\/en\/produktas\/lev-tolstoj-isminties-kalendorius\/\" \/>\n<meta property=\"og:site_name\" content=\"Skaitytaknyga\" \/>\n<meta property=\"article:publisher\" content=\"https:\/\/www.facebook.com\/skaitytaknyga\/\" \/>\n<meta property=\"article:modified_time\" content=\"2025-04-15T07:38:37+00:00\" \/>\n<meta property=\"og:image\" content=\"https:\/\/skaitytaknyga.lt\/wp-content\/uploads\/2024\/09\/Isminties-kalendorius.webp\" \/>\n\t<meta property=\"og:image:width\" content=\"541\" \/>\n\t<meta property=\"og:image:height\" content=\"800\" \/>\n\t<meta property=\"og:image:type\" content=\"image\/webp\" \/>\n<meta name=\"twitter:card\" content=\"summary_large_image\" \/>\n<meta name=\"twitter:label1\" content=\"Estimated reading time\" \/>\n\t<meta name=\"twitter:data1\" content=\"2 minutes\" \/>\n<script type=\"application\/ld+json\" class=\"yoast-schema-graph\">{\"@context\":\"https:\/\/schema.org\",\"@graph\":[{\"@type\":\"WebPage\",\"@id\":\"https:\/\/skaitytaknyga.lt\/produktas\/lev-tolstoj-isminties-kalendorius\/\",\"url\":\"https:\/\/skaitytaknyga.lt\/produktas\/lev-tolstoj-isminties-kalendorius\/\",\"name\":\"Lev Tolstoj \u201eI\u0161minties kalendorius\u201c\",\"isPartOf\":{\"@id\":\"https:\/\/skaitytaknyga.lt\/#website\"},\"primaryImageOfPage\":{\"@id\":\"https:\/\/skaitytaknyga.lt\/produktas\/lev-tolstoj-isminties-kalendorius\/#primaryimage\"},\"image\":{\"@id\":\"https:\/\/skaitytaknyga.lt\/produktas\/lev-tolstoj-isminties-kalendorius\/#primaryimage\"},\"thumbnailUrl\":\"https:\/\/skaitytaknyga.lt\/wp-content\/uploads\/2024\/09\/Isminties-kalendorius.webp\",\"datePublished\":\"2024-09-26T17:23:15+00:00\",\"dateModified\":\"2025-04-15T07:38:37+00:00\",\"description\":\"I\u0161minties kalendorius \u2013 paskutin\u0117 Levo Tolstojaus knyga. Nors didysis devynioliktojo am\u017eiaus rus\u0173 ra\u0161ytojas i\u0161gars\u0117jo savo romanais Karas ir taika, Ana\",\"breadcrumb\":{\"@id\":\"https:\/\/skaitytaknyga.lt\/produktas\/lev-tolstoj-isminties-kalendorius\/#breadcrumb\"},\"inLanguage\":\"en-GB\",\"potentialAction\":[{\"@type\":\"ReadAction\",\"target\":[\"https:\/\/skaitytaknyga.lt\/produktas\/lev-tolstoj-isminties-kalendorius\/\"]}]},{\"@type\":\"ImageObject\",\"inLanguage\":\"en-GB\",\"@id\":\"https:\/\/skaitytaknyga.lt\/produktas\/lev-tolstoj-isminties-kalendorius\/#primaryimage\",\"url\":\"https:\/\/skaitytaknyga.lt\/wp-content\/uploads\/2024\/09\/Isminties-kalendorius.webp\",\"contentUrl\":\"https:\/\/skaitytaknyga.lt\/wp-content\/uploads\/2024\/09\/Isminties-kalendorius.webp\",\"width\":541,\"height\":800,\"caption\":\"I\u0161minties kalendorius\"},{\"@type\":\"BreadcrumbList\",\"@id\":\"https:\/\/skaitytaknyga.lt\/produktas\/lev-tolstoj-isminties-kalendorius\/#breadcrumb\",\"itemListElement\":[{\"@type\":\"ListItem\",\"position\":1,\"name\":\"Home\",\"item\":\"https:\/\/skaitytaknyga.lt\/\"},{\"@type\":\"ListItem\",\"position\":2,\"name\":\"Parduotuv\u0117\",\"item\":\"https:\/\/skaitytaknyga.lt\/knygu-parduotuve\/\"},{\"@type\":\"ListItem\",\"position\":3,\"name\":\"Lev Tolstoj \u201eI\u0161minties kalendorius\u201c\"}]},{\"@type\":\"WebSite\",\"@id\":\"https:\/\/skaitytaknyga.lt\/#website\",\"url\":\"https:\/\/skaitytaknyga.lt\/\",\"name\":\"skaitytaknyga.lt\",\"description\":\"Skaitytaknyga.lt \u2013 tai ma\u017eas \u0161eimos verslas, kuris prasid\u0117jo nuo meil\u0117s knygoms ir siekio i\u0161gelb\u0117ti knygas nuo likimo prie konteinerio. Kas vienam nereikalingas daiktas \u2013 kitam lobis, o mes esame tarpininkai, kurie padeda abiems tapti laimingesniems ???? \u017dinome kaip nelengva i\u0161gyventi ma\u017eiems verslams, tad nuo \u0161iol, \u010dia rasite ir kit\u0173, ma\u017e\u0173 \u0161eim\u0173 versl\u0173, rank\u0173 darbo, dovan\u0173 sau ir artimiesiems.\",\"publisher\":{\"@id\":\"https:\/\/skaitytaknyga.lt\/#organization\"},\"potentialAction\":[{\"@type\":\"SearchAction\",\"target\":{\"@type\":\"EntryPoint\",\"urlTemplate\":\"https:\/\/skaitytaknyga.lt\/?s={search_term_string}\"},\"query-input\":{\"@type\":\"PropertyValueSpecification\",\"valueRequired\":true,\"valueName\":\"search_term_string\"}}],\"inLanguage\":\"en-GB\"},{\"@type\":\"Organization\",\"@id\":\"https:\/\/skaitytaknyga.lt\/#organization\",\"name\":\"skaitytaknyga.lt\",\"url\":\"https:\/\/skaitytaknyga.lt\/\",\"logo\":{\"@type\":\"ImageObject\",\"inLanguage\":\"en-GB\",\"@id\":\"https:\/\/skaitytaknyga.lt\/#\/schema\/logo\/image\/\",\"url\":\"https:\/\/skaitytaknyga.lt\/wp-content\/uploads\/2024\/05\/cropped-cropped-cropped-02_00843_jt3bggkj1j3HLc7SyY6rEUpg.jpeg\",\"contentUrl\":\"https:\/\/skaitytaknyga.lt\/wp-content\/uploads\/2024\/05\/cropped-cropped-cropped-02_00843_jt3bggkj1j3HLc7SyY6rEUpg.jpeg\",\"width\":1600,\"height\":1600,\"caption\":\"skaitytaknyga.lt\"},\"image\":{\"@id\":\"https:\/\/skaitytaknyga.lt\/#\/schema\/logo\/image\/\"},\"sameAs\":[\"https:\/\/www.facebook.com\/skaitytaknyga\/\"]}]}<\/script>\n<!-- \/ Yoast SEO plugin. -->","yoast_head_json":{"title":"Lev Tolstoj \u201eI\u0161minties kalendorius\u201c","description":"I\u0161minties kalendorius \u2013 paskutin\u0117 Levo Tolstojaus knyga. Nors didysis devynioliktojo am\u017eiaus rus\u0173 ra\u0161ytojas i\u0161gars\u0117jo savo romanais Karas ir taika, Ana","robots":{"index":"index","follow":"follow","max-snippet":"max-snippet:-1","max-image-preview":"max-image-preview:large","max-video-preview":"max-video-preview:-1"},"canonical":"https:\/\/skaitytaknyga.lt\/en\/produktas\/lev-tolstoj-isminties-kalendorius\/","og_locale":"en_GB","og_type":"article","og_title":"[:lt]Lev Tolstoj \u201eI\u0161minties kalendorius\u201c[:] - Skaitytaknyga","og_description":"I\u0161minties kalendorius \u2013 paskutin\u0117 Levo Tolstojaus knyga. Nors didysis devynioliktojo am\u017eiaus rus\u0173 ra\u0161ytojas i\u0161gars\u0117jo savo romanais Karas ir taika, Ana","og_url":"https:\/\/skaitytaknyga.lt\/en\/produktas\/lev-tolstoj-isminties-kalendorius\/","og_site_name":"Skaitytaknyga","article_publisher":"https:\/\/www.facebook.com\/skaitytaknyga\/","article_modified_time":"2025-04-15T07:38:37+00:00","og_image":[{"width":541,"height":800,"url":"https:\/\/skaitytaknyga.lt\/wp-content\/uploads\/2024\/09\/Isminties-kalendorius.webp","type":"image\/webp"}],"twitter_card":"summary_large_image","twitter_misc":{"Estimated reading time":"2 minutes"},"schema":{"@context":"https:\/\/schema.org","@graph":[{"@type":"WebPage","@id":"https:\/\/skaitytaknyga.lt\/produktas\/lev-tolstoj-isminties-kalendorius\/","url":"https:\/\/skaitytaknyga.lt\/produktas\/lev-tolstoj-isminties-kalendorius\/","name":"Lev Tolstoj \u201eI\u0161minties kalendorius\u201c","isPartOf":{"@id":"https:\/\/skaitytaknyga.lt\/#website"},"primaryImageOfPage":{"@id":"https:\/\/skaitytaknyga.lt\/produktas\/lev-tolstoj-isminties-kalendorius\/#primaryimage"},"image":{"@id":"https:\/\/skaitytaknyga.lt\/produktas\/lev-tolstoj-isminties-kalendorius\/#primaryimage"},"thumbnailUrl":"https:\/\/skaitytaknyga.lt\/wp-content\/uploads\/2024\/09\/Isminties-kalendorius.webp","datePublished":"2024-09-26T17:23:15+00:00","dateModified":"2025-04-15T07:38:37+00:00","description":"I\u0161minties kalendorius \u2013 paskutin\u0117 Levo Tolstojaus knyga. Nors didysis devynioliktojo am\u017eiaus rus\u0173 ra\u0161ytojas i\u0161gars\u0117jo savo romanais Karas ir taika, Ana","breadcrumb":{"@id":"https:\/\/skaitytaknyga.lt\/produktas\/lev-tolstoj-isminties-kalendorius\/#breadcrumb"},"inLanguage":"en-GB","potentialAction":[{"@type":"ReadAction","target":["https:\/\/skaitytaknyga.lt\/produktas\/lev-tolstoj-isminties-kalendorius\/"]}]},{"@type":"ImageObject","inLanguage":"en-GB","@id":"https:\/\/skaitytaknyga.lt\/produktas\/lev-tolstoj-isminties-kalendorius\/#primaryimage","url":"https:\/\/skaitytaknyga.lt\/wp-content\/uploads\/2024\/09\/Isminties-kalendorius.webp","contentUrl":"https:\/\/skaitytaknyga.lt\/wp-content\/uploads\/2024\/09\/Isminties-kalendorius.webp","width":541,"height":800,"caption":"I\u0161minties kalendorius"},{"@type":"BreadcrumbList","@id":"https:\/\/skaitytaknyga.lt\/produktas\/lev-tolstoj-isminties-kalendorius\/#breadcrumb","itemListElement":[{"@type":"ListItem","position":1,"name":"Home","item":"https:\/\/skaitytaknyga.lt\/"},{"@type":"ListItem","position":2,"name":"Parduotuv\u0117","item":"https:\/\/skaitytaknyga.lt\/knygu-parduotuve\/"},{"@type":"ListItem","position":3,"name":"Lev Tolstoj \u201eI\u0161minties kalendorius\u201c"}]},{"@type":"WebSite","@id":"https:\/\/skaitytaknyga.lt\/#website","url":"https:\/\/skaitytaknyga.lt\/","name":"skaitytaknyga.lt","description":"Skaitytaknyga.lt \u2013 tai ma\u017eas \u0161eimos verslas, kuris prasid\u0117jo nuo meil\u0117s knygoms ir siekio i\u0161gelb\u0117ti knygas nuo likimo prie konteinerio. Kas vienam nereikalingas daiktas \u2013 kitam lobis, o mes esame tarpininkai, kurie padeda abiems tapti laimingesniems ???? \u017dinome kaip nelengva i\u0161gyventi ma\u017eiems verslams, tad nuo \u0161iol, \u010dia rasite ir kit\u0173, ma\u017e\u0173 \u0161eim\u0173 versl\u0173, rank\u0173 darbo, dovan\u0173 sau ir artimiesiems.","publisher":{"@id":"https:\/\/skaitytaknyga.lt\/#organization"},"potentialAction":[{"@type":"SearchAction","target":{"@type":"EntryPoint","urlTemplate":"https:\/\/skaitytaknyga.lt\/?s={search_term_string}"},"query-input":{"@type":"PropertyValueSpecification","valueRequired":true,"valueName":"search_term_string"}}],"inLanguage":"en-GB"},{"@type":"Organization","@id":"https:\/\/skaitytaknyga.lt\/#organization","name":"skaitytaknyga.lt","url":"https:\/\/skaitytaknyga.lt\/","logo":{"@type":"ImageObject","inLanguage":"en-GB","@id":"https:\/\/skaitytaknyga.lt\/#\/schema\/logo\/image\/","url":"https:\/\/skaitytaknyga.lt\/wp-content\/uploads\/2024\/05\/cropped-cropped-cropped-02_00843_jt3bggkj1j3HLc7SyY6rEUpg.jpeg","contentUrl":"https:\/\/skaitytaknyga.lt\/wp-content\/uploads\/2024\/05\/cropped-cropped-cropped-02_00843_jt3bggkj1j3HLc7SyY6rEUpg.jpeg","width":1600,"height":1600,"caption":"skaitytaknyga.lt"},"image":{"@id":"https:\/\/skaitytaknyga.lt\/#\/schema\/logo\/image\/"},"sameAs":["https:\/\/www.facebook.com\/skaitytaknyga\/"]}]}},"_links":{"self":[{"href":"https:\/\/skaitytaknyga.lt\/en\/wp-json\/wp\/v2\/product\/14037","targetHints":{"allow":["GET"]}}],"collection":[{"href":"https:\/\/skaitytaknyga.lt\/en\/wp-json\/wp\/v2\/product"}],"about":[{"href":"https:\/\/skaitytaknyga.lt\/en\/wp-json\/wp\/v2\/types\/product"}],"replies":[{"embeddable":true,"href":"https:\/\/skaitytaknyga.lt\/en\/wp-json\/wp\/v2\/comments?post=14037"}],"wp:featuredmedia":[{"embeddable":true,"href":"https:\/\/skaitytaknyga.lt\/en\/wp-json\/wp\/v2\/media\/14038"}],"wp:attachment":[{"href":"https:\/\/skaitytaknyga.lt\/en\/wp-json\/wp\/v2\/media?parent=14037"}],"wp:term":[{"taxonomy":"product_brand","embeddable":true,"href":"https:\/\/skaitytaknyga.lt\/en\/wp-json\/wp\/v2\/product_brand?post=14037"},{"taxonomy":"product_cat","embeddable":true,"href":"https:\/\/skaitytaknyga.lt\/en\/wp-json\/wp\/v2\/product_cat?post=14037"},{"taxonomy":"product_tag","embeddable":true,"href":"https:\/\/skaitytaknyga.lt\/en\/wp-json\/wp\/v2\/product_tag?post=14037"}],"curies":[{"name":"wp","href":"https:\/\/api.w.org\/{rel}","templated":true}]}}