{"id":14031,"date":"2024-09-26T19:25:12","date_gmt":"2024-09-26T16:25:12","guid":{"rendered":"https:\/\/skaitytaknyga.lt\/?post_type=product&#038;p=14031"},"modified":"2025-09-28T21:00:22","modified_gmt":"2025-09-28T18:00:22","slug":"kaip-kiskis-drasos-mokesi-2","status":"publish","type":"product","link":"https:\/\/skaitytaknyga.lt\/en\/produktas\/kaip-kiskis-drasos-mokesi-2\/","title":{"rendered":"Daktaras Aiskauda (tituliniame dedikacija)"},"content":{"rendered":"<p><span>Pasaka pie ger\u0105j\u012f daktar\u0105 Aiskaud\u0105, kuris, nepaisydamas pavoj\u0173, leid\u017eiasi kelion\u0117n \u012f Afrik\u0105 gydyti sergan\u010di\u0173 \u017ev\u0117ri\u0173. Susid\u016brimas su piratais, nauji draugai ir daugyb\u0117 nuotyki\u0173.<\/span><\/p>\n<ul class=\"about-product mb-3\">\n<li><strong style=\"font-weight: 700\">Autorius:<\/strong><span class=\"Apple-converted-space\">&nbsp;<\/span>Kornelijus \u010ciukovskis<\/li>\n<li><strong style=\"font-weight: 700\">Leid\u0117jas:<\/strong><span class=\"Apple-converted-space\">&nbsp;<\/span>Alma littera<\/li>\n<li><strong style=\"font-weight: 700\">Metai:<\/strong><span class=\"Apple-converted-space\">&nbsp;<\/span>2009<\/li>\n<li><strong style=\"font-weight: 700\">Puslapiai:<\/strong><span class=\"Apple-converted-space\">&nbsp;<\/span>72<\/li>\n<li><strong style=\"font-weight: 700\">ISBN:<\/strong><span class=\"Apple-converted-space\">&nbsp;<\/span>9789986026983<\/li>\n<li><strong style=\"font-weight: 700\">Versijos kodas:<\/strong><span class=\"Apple-converted-space\">&nbsp;<\/span>PT.<\/li>\n<li class=\"toggleable type-new-formats \"><strong style=\"font-weight: 700\">Formatas:<\/strong><span class=\"Apple-converted-space\">&nbsp;<\/span>22,3 x 29,7 cm, kieti vir\u0161eliai<\/li>\n<li><strong style=\"font-weight: 700\">Kalba:<\/strong><span class=\"Apple-converted-space\">&nbsp;<\/span><span>Lietuvi\u0173<\/span><\/li>\n<li><strong style=\"font-weight: 700\">Vert\u0117jas:<\/strong><span class=\"Apple-converted-space\">&nbsp;<\/span>Danut\u0117 \u010ciurlionyt\u0117-Zubovien\u0117<\/li>\n<\/ul>\n","protected":false},"excerpt":{"rendered":"<p>Pasaka pie ger\u0105j\u012f daktar\u0105 Aiskaud\u0105, kuris, nepaisydamas pavoj\u0173, leid\u017eiasi kelion\u0117n \u012f Afrik\u0105 gydyti sergan\u010di\u0173 \u017ev\u0117ri\u0173. Susid\u016brimas su piratais, nauji draugai ir daugyb\u0117 nuotyki\u0173. Autorius:&nbsp;Kornelijus \u010ciukovskis Leid\u0117jas:&nbsp;Alma littera Metai:&nbsp;2009 Puslapiai:&nbsp;72 ISBN:&nbsp;9789986026983 Versijos kodas:&nbsp;PT. Formatas:&nbsp;22,3 x 29,7 cm, kieti vir\u0161eliai Kalba:&nbsp;Lietuvi\u0173 Vert\u0117jas:&nbsp;Danut\u0117 \u010ciurlionyt\u0117-Zubovien\u0117<\/p>\n","protected":false},"featured_media":14032,"comment_status":"open","ping_status":"closed","template":"","meta":{"_acf_changed":false,"site-sidebar-layout":"default","site-content-layout":"","ast-site-content-layout":"default","site-content-style":"default","site-sidebar-style":"default","ast-global-header-display":"","ast-banner-title-visibility":"","ast-main-header-display":"","ast-hfb-above-header-display":"","ast-hfb-below-header-display":"","ast-hfb-mobile-header-display":"","site-post-title":"","ast-breadcrumbs-content":"","ast-featured-img":"","footer-sml-layout":"","ast-disable-related-posts":"","theme-transparent-header-meta":"","adv-header-id-meta":"","stick-header-meta":"","header-above-stick-meta":"","header-main-stick-meta":"","header-below-stick-meta":"","astra-migrate-meta-layouts":"default","ast-page-background-enabled":"default","ast-page-background-meta":{"desktop":{"background-color":"","background-image":"","background-repeat":"repeat","background-position":"center center","background-size":"auto","background-attachment":"scroll","background-type":"","background-media":"","overlay-type":"","overlay-color":"","overlay-opacity":"","overlay-gradient":""},"tablet":{"background-color":"","background-image":"","background-repeat":"repeat","background-position":"center center","background-size":"auto","background-attachment":"scroll","background-type":"","background-media":"","overlay-type":"","overlay-color":"","overlay-opacity":"","overlay-gradient":""},"mobile":{"background-color":"","background-image":"","background-repeat":"repeat","background-position":"center center","background-size":"auto","background-attachment":"scroll","background-type":"","background-media":"","overlay-type":"","overlay-color":"","overlay-opacity":"","overlay-gradient":""}},"ast-content-background-meta":{"desktop":{"background-color":"var(--ast-global-color-4)","background-image":"","background-repeat":"repeat","background-position":"center center","background-size":"auto","background-attachment":"scroll","background-type":"","background-media":"","overlay-type":"","overlay-color":"","overlay-opacity":"","overlay-gradient":""},"tablet":{"background-color":"var(--ast-global-color-4)","background-image":"","background-repeat":"repeat","background-position":"center center","background-size":"auto","background-attachment":"scroll","background-type":"","background-media":"","overlay-type":"","overlay-color":"","overlay-opacity":"","overlay-gradient":""},"mobile":{"background-color":"var(--ast-global-color-4)","background-image":"","background-repeat":"repeat","background-position":"center center","background-size":"auto","background-attachment":"scroll","background-type":"","background-media":"","overlay-type":"","overlay-color":"","overlay-opacity":"","overlay-gradient":""}}},"product_brand":[],"product_cat":[35],"product_tag":[5568,6990,2054,6991,1451,4816,1785],"class_list":{"0":"post-14031","1":"product","2":"type-product","3":"status-publish","4":"has-post-thumbnail","6":"product_cat-vaikams-ir-paaugliams","7":"product_tag-afrika","8":"product_tag-daktaras-aiskauda","9":"product_tag-gyvunai","10":"product_tag-kornelijus-ciukovskis","11":"product_tag-nuotykiai","12":"product_tag-pasaka","13":"product_tag-vaikams","14":"desktop-align-left","15":"tablet-align-left","16":"mobile-align-left","18":"first","19":"outofstock","20":"shipping-taxable","21":"purchasable","22":"product-type-simple"},"acf":[],"yoast_head":"<!-- This site is optimized with the Yoast SEO plugin v27.0 - https:\/\/yoast.com\/product\/yoast-seo-wordpress\/ -->\n<title>Daktaras Aiskauda (tituliniame dedikacija)<\/title>\n<meta name=\"description\" content=\"Pasaka pie ger\u0105j\u012f daktar\u0105 Aiskaud\u0105, kuris, nepaisydamas pavoj\u0173, leid\u017eiasi kelion\u0117n \u012f Afrik\u0105 gydyti sergan\u010di\u0173 \u017ev\u0117ri\u0173. Susid\u016brimas su piratais, nauji\" \/>\n<meta name=\"robots\" content=\"index, follow, max-snippet:-1, max-image-preview:large, max-video-preview:-1\" \/>\n<link rel=\"canonical\" href=\"https:\/\/skaitytaknyga.lt\/en\/produktas\/kaip-kiskis-drasos-mokesi-2\/\" \/>\n<meta property=\"og:locale\" content=\"en_GB\" \/>\n<meta property=\"og:locale:alternate\" content=\"lt_LT\" \/>\n<meta property=\"og:type\" content=\"article\" \/>\n<meta property=\"og:title\" content=\"Daktaras Aiskauda (tituliniame dedikacija)\" \/>\n<meta property=\"og:description\" content=\"Pasaka pie ger\u0105j\u012f daktar\u0105 Aiskaud\u0105, kuris, nepaisydamas pavoj\u0173, leid\u017eiasi kelion\u0117n \u012f Afrik\u0105 gydyti sergan\u010di\u0173 \u017ev\u0117ri\u0173. Susid\u016brimas su piratais, nauji\" \/>\n<meta property=\"og:url\" content=\"https:\/\/skaitytaknyga.lt\/en\/produktas\/kaip-kiskis-drasos-mokesi-2\/\" \/>\n<meta property=\"og:site_name\" content=\"Skaitytaknyga\" \/>\n<meta property=\"article:publisher\" content=\"https:\/\/www.facebook.com\/skaitytaknyga\/\" \/>\n<meta property=\"article:modified_time\" content=\"2025-09-28T18:00:22+00:00\" \/>\n<meta property=\"og:image\" content=\"https:\/\/skaitytaknyga.lt\/wp-content\/uploads\/2024\/09\/img_5376.jpeg\" \/>\n\t<meta property=\"og:image:width\" content=\"500\" \/>\n\t<meta property=\"og:image:height\" content=\"658\" \/>\n\t<meta property=\"og:image:type\" content=\"image\/jpeg\" \/>\n<meta name=\"twitter:card\" content=\"summary_large_image\" \/>\n<script type=\"application\/ld+json\" class=\"yoast-schema-graph\">{\"@context\":\"https:\/\/schema.org\",\"@graph\":[{\"@type\":\"WebPage\",\"@id\":\"https:\/\/skaitytaknyga.lt\/produktas\/kaip-kiskis-drasos-mokesi-2\/\",\"url\":\"https:\/\/skaitytaknyga.lt\/produktas\/kaip-kiskis-drasos-mokesi-2\/\",\"name\":\"Daktaras Aiskauda (tituliniame dedikacija)\",\"isPartOf\":{\"@id\":\"https:\/\/skaitytaknyga.lt\/#website\"},\"primaryImageOfPage\":{\"@id\":\"https:\/\/skaitytaknyga.lt\/produktas\/kaip-kiskis-drasos-mokesi-2\/#primaryimage\"},\"image\":{\"@id\":\"https:\/\/skaitytaknyga.lt\/produktas\/kaip-kiskis-drasos-mokesi-2\/#primaryimage\"},\"thumbnailUrl\":\"https:\/\/skaitytaknyga.lt\/wp-content\/uploads\/2024\/09\/img_5376.jpeg\",\"datePublished\":\"2024-09-26T16:25:12+00:00\",\"dateModified\":\"2025-09-28T18:00:22+00:00\",\"description\":\"Pasaka pie ger\u0105j\u012f daktar\u0105 Aiskaud\u0105, kuris, nepaisydamas pavoj\u0173, leid\u017eiasi kelion\u0117n \u012f Afrik\u0105 gydyti sergan\u010di\u0173 \u017ev\u0117ri\u0173. Susid\u016brimas su piratais, nauji\",\"breadcrumb\":{\"@id\":\"https:\/\/skaitytaknyga.lt\/produktas\/kaip-kiskis-drasos-mokesi-2\/#breadcrumb\"},\"inLanguage\":\"en-GB\",\"potentialAction\":[{\"@type\":\"ReadAction\",\"target\":[\"https:\/\/skaitytaknyga.lt\/produktas\/kaip-kiskis-drasos-mokesi-2\/\"]}]},{\"@type\":\"ImageObject\",\"inLanguage\":\"en-GB\",\"@id\":\"https:\/\/skaitytaknyga.lt\/produktas\/kaip-kiskis-drasos-mokesi-2\/#primaryimage\",\"url\":\"https:\/\/skaitytaknyga.lt\/wp-content\/uploads\/2024\/09\/img_5376.jpeg\",\"contentUrl\":\"https:\/\/skaitytaknyga.lt\/wp-content\/uploads\/2024\/09\/img_5376.jpeg\",\"width\":500,\"height\":658,\"caption\":\"Daktaras Aiskauda\"},{\"@type\":\"BreadcrumbList\",\"@id\":\"https:\/\/skaitytaknyga.lt\/produktas\/kaip-kiskis-drasos-mokesi-2\/#breadcrumb\",\"itemListElement\":[{\"@type\":\"ListItem\",\"position\":1,\"name\":\"Home\",\"item\":\"https:\/\/skaitytaknyga.lt\/\"},{\"@type\":\"ListItem\",\"position\":2,\"name\":\"Parduotuv\u0117\",\"item\":\"https:\/\/skaitytaknyga.lt\/knygu-parduotuve\/\"},{\"@type\":\"ListItem\",\"position\":3,\"name\":\"Daktaras Aiskauda (tituliniame dedikacija)\"}]},{\"@type\":\"WebSite\",\"@id\":\"https:\/\/skaitytaknyga.lt\/#website\",\"url\":\"https:\/\/skaitytaknyga.lt\/\",\"name\":\"skaitytaknyga.lt\",\"description\":\"Skaitytaknyga.lt \u2013 tai ma\u017eas \u0161eimos verslas, kuris prasid\u0117jo nuo meil\u0117s knygoms ir siekio i\u0161gelb\u0117ti knygas nuo likimo prie konteinerio. Kas vienam nereikalingas daiktas \u2013 kitam lobis, o mes esame tarpininkai, kurie padeda abiems tapti laimingesniems ???? \u017dinome kaip nelengva i\u0161gyventi ma\u017eiems verslams, tad nuo \u0161iol, \u010dia rasite ir kit\u0173, ma\u017e\u0173 \u0161eim\u0173 versl\u0173, rank\u0173 darbo, dovan\u0173 sau ir artimiesiems.\",\"publisher\":{\"@id\":\"https:\/\/skaitytaknyga.lt\/#organization\"},\"potentialAction\":[{\"@type\":\"SearchAction\",\"target\":{\"@type\":\"EntryPoint\",\"urlTemplate\":\"https:\/\/skaitytaknyga.lt\/?s={search_term_string}\"},\"query-input\":{\"@type\":\"PropertyValueSpecification\",\"valueRequired\":true,\"valueName\":\"search_term_string\"}}],\"inLanguage\":\"en-GB\"},{\"@type\":\"Organization\",\"@id\":\"https:\/\/skaitytaknyga.lt\/#organization\",\"name\":\"skaitytaknyga.lt\",\"url\":\"https:\/\/skaitytaknyga.lt\/\",\"logo\":{\"@type\":\"ImageObject\",\"inLanguage\":\"en-GB\",\"@id\":\"https:\/\/skaitytaknyga.lt\/#\/schema\/logo\/image\/\",\"url\":\"https:\/\/skaitytaknyga.lt\/wp-content\/uploads\/2024\/05\/cropped-cropped-cropped-02_00843_jt3bggkj1j3HLc7SyY6rEUpg.jpeg\",\"contentUrl\":\"https:\/\/skaitytaknyga.lt\/wp-content\/uploads\/2024\/05\/cropped-cropped-cropped-02_00843_jt3bggkj1j3HLc7SyY6rEUpg.jpeg\",\"width\":1600,\"height\":1600,\"caption\":\"skaitytaknyga.lt\"},\"image\":{\"@id\":\"https:\/\/skaitytaknyga.lt\/#\/schema\/logo\/image\/\"},\"sameAs\":[\"https:\/\/www.facebook.com\/skaitytaknyga\/\"]}]}<\/script>\n<!-- \/ Yoast SEO plugin. -->","yoast_head_json":{"title":"Daktaras Aiskauda (tituliniame dedikacija)","description":"Pasaka pie ger\u0105j\u012f daktar\u0105 Aiskaud\u0105, kuris, nepaisydamas pavoj\u0173, leid\u017eiasi kelion\u0117n \u012f Afrik\u0105 gydyti sergan\u010di\u0173 \u017ev\u0117ri\u0173. Susid\u016brimas su piratais, nauji","robots":{"index":"index","follow":"follow","max-snippet":"max-snippet:-1","max-image-preview":"max-image-preview:large","max-video-preview":"max-video-preview:-1"},"canonical":"https:\/\/skaitytaknyga.lt\/en\/produktas\/kaip-kiskis-drasos-mokesi-2\/","og_locale":"en_GB","og_type":"article","og_title":"[:lt]Daktaras Aiskauda (tituliniame dedikacija)[:] - Skaitytaknyga","og_description":"Pasaka pie ger\u0105j\u012f daktar\u0105 Aiskaud\u0105, kuris, nepaisydamas pavoj\u0173, leid\u017eiasi kelion\u0117n \u012f Afrik\u0105 gydyti sergan\u010di\u0173 \u017ev\u0117ri\u0173. Susid\u016brimas su piratais, nauji","og_url":"https:\/\/skaitytaknyga.lt\/en\/produktas\/kaip-kiskis-drasos-mokesi-2\/","og_site_name":"Skaitytaknyga","article_publisher":"https:\/\/www.facebook.com\/skaitytaknyga\/","article_modified_time":"2025-09-28T18:00:22+00:00","og_image":[{"width":500,"height":658,"url":"https:\/\/skaitytaknyga.lt\/wp-content\/uploads\/2024\/09\/img_5376.jpeg","type":"image\/jpeg"}],"twitter_card":"summary_large_image","schema":{"@context":"https:\/\/schema.org","@graph":[{"@type":"WebPage","@id":"https:\/\/skaitytaknyga.lt\/produktas\/kaip-kiskis-drasos-mokesi-2\/","url":"https:\/\/skaitytaknyga.lt\/produktas\/kaip-kiskis-drasos-mokesi-2\/","name":"Daktaras Aiskauda (tituliniame dedikacija)","isPartOf":{"@id":"https:\/\/skaitytaknyga.lt\/#website"},"primaryImageOfPage":{"@id":"https:\/\/skaitytaknyga.lt\/produktas\/kaip-kiskis-drasos-mokesi-2\/#primaryimage"},"image":{"@id":"https:\/\/skaitytaknyga.lt\/produktas\/kaip-kiskis-drasos-mokesi-2\/#primaryimage"},"thumbnailUrl":"https:\/\/skaitytaknyga.lt\/wp-content\/uploads\/2024\/09\/img_5376.jpeg","datePublished":"2024-09-26T16:25:12+00:00","dateModified":"2025-09-28T18:00:22+00:00","description":"Pasaka pie ger\u0105j\u012f daktar\u0105 Aiskaud\u0105, kuris, nepaisydamas pavoj\u0173, leid\u017eiasi kelion\u0117n \u012f Afrik\u0105 gydyti sergan\u010di\u0173 \u017ev\u0117ri\u0173. Susid\u016brimas su piratais, nauji","breadcrumb":{"@id":"https:\/\/skaitytaknyga.lt\/produktas\/kaip-kiskis-drasos-mokesi-2\/#breadcrumb"},"inLanguage":"en-GB","potentialAction":[{"@type":"ReadAction","target":["https:\/\/skaitytaknyga.lt\/produktas\/kaip-kiskis-drasos-mokesi-2\/"]}]},{"@type":"ImageObject","inLanguage":"en-GB","@id":"https:\/\/skaitytaknyga.lt\/produktas\/kaip-kiskis-drasos-mokesi-2\/#primaryimage","url":"https:\/\/skaitytaknyga.lt\/wp-content\/uploads\/2024\/09\/img_5376.jpeg","contentUrl":"https:\/\/skaitytaknyga.lt\/wp-content\/uploads\/2024\/09\/img_5376.jpeg","width":500,"height":658,"caption":"Daktaras Aiskauda"},{"@type":"BreadcrumbList","@id":"https:\/\/skaitytaknyga.lt\/produktas\/kaip-kiskis-drasos-mokesi-2\/#breadcrumb","itemListElement":[{"@type":"ListItem","position":1,"name":"Home","item":"https:\/\/skaitytaknyga.lt\/"},{"@type":"ListItem","position":2,"name":"Parduotuv\u0117","item":"https:\/\/skaitytaknyga.lt\/knygu-parduotuve\/"},{"@type":"ListItem","position":3,"name":"Daktaras Aiskauda (tituliniame dedikacija)"}]},{"@type":"WebSite","@id":"https:\/\/skaitytaknyga.lt\/#website","url":"https:\/\/skaitytaknyga.lt\/","name":"skaitytaknyga.lt","description":"Skaitytaknyga.lt \u2013 tai ma\u017eas \u0161eimos verslas, kuris prasid\u0117jo nuo meil\u0117s knygoms ir siekio i\u0161gelb\u0117ti knygas nuo likimo prie konteinerio. Kas vienam nereikalingas daiktas \u2013 kitam lobis, o mes esame tarpininkai, kurie padeda abiems tapti laimingesniems ???? \u017dinome kaip nelengva i\u0161gyventi ma\u017eiems verslams, tad nuo \u0161iol, \u010dia rasite ir kit\u0173, ma\u017e\u0173 \u0161eim\u0173 versl\u0173, rank\u0173 darbo, dovan\u0173 sau ir artimiesiems.","publisher":{"@id":"https:\/\/skaitytaknyga.lt\/#organization"},"potentialAction":[{"@type":"SearchAction","target":{"@type":"EntryPoint","urlTemplate":"https:\/\/skaitytaknyga.lt\/?s={search_term_string}"},"query-input":{"@type":"PropertyValueSpecification","valueRequired":true,"valueName":"search_term_string"}}],"inLanguage":"en-GB"},{"@type":"Organization","@id":"https:\/\/skaitytaknyga.lt\/#organization","name":"skaitytaknyga.lt","url":"https:\/\/skaitytaknyga.lt\/","logo":{"@type":"ImageObject","inLanguage":"en-GB","@id":"https:\/\/skaitytaknyga.lt\/#\/schema\/logo\/image\/","url":"https:\/\/skaitytaknyga.lt\/wp-content\/uploads\/2024\/05\/cropped-cropped-cropped-02_00843_jt3bggkj1j3HLc7SyY6rEUpg.jpeg","contentUrl":"https:\/\/skaitytaknyga.lt\/wp-content\/uploads\/2024\/05\/cropped-cropped-cropped-02_00843_jt3bggkj1j3HLc7SyY6rEUpg.jpeg","width":1600,"height":1600,"caption":"skaitytaknyga.lt"},"image":{"@id":"https:\/\/skaitytaknyga.lt\/#\/schema\/logo\/image\/"},"sameAs":["https:\/\/www.facebook.com\/skaitytaknyga\/"]}]}},"_links":{"self":[{"href":"https:\/\/skaitytaknyga.lt\/en\/wp-json\/wp\/v2\/product\/14031","targetHints":{"allow":["GET"]}}],"collection":[{"href":"https:\/\/skaitytaknyga.lt\/en\/wp-json\/wp\/v2\/product"}],"about":[{"href":"https:\/\/skaitytaknyga.lt\/en\/wp-json\/wp\/v2\/types\/product"}],"replies":[{"embeddable":true,"href":"https:\/\/skaitytaknyga.lt\/en\/wp-json\/wp\/v2\/comments?post=14031"}],"wp:featuredmedia":[{"embeddable":true,"href":"https:\/\/skaitytaknyga.lt\/en\/wp-json\/wp\/v2\/media\/14032"}],"wp:attachment":[{"href":"https:\/\/skaitytaknyga.lt\/en\/wp-json\/wp\/v2\/media?parent=14031"}],"wp:term":[{"taxonomy":"product_brand","embeddable":true,"href":"https:\/\/skaitytaknyga.lt\/en\/wp-json\/wp\/v2\/product_brand?post=14031"},{"taxonomy":"product_cat","embeddable":true,"href":"https:\/\/skaitytaknyga.lt\/en\/wp-json\/wp\/v2\/product_cat?post=14031"},{"taxonomy":"product_tag","embeddable":true,"href":"https:\/\/skaitytaknyga.lt\/en\/wp-json\/wp\/v2\/product_tag?post=14031"}],"curies":[{"name":"wp","href":"https:\/\/api.w.org\/{rel}","templated":true}]}}