{"id":14030,"date":"2024-09-26T19:22:43","date_gmt":"2024-09-26T16:22:43","guid":{"rendered":"https:\/\/skaitytaknyga.lt\/?post_type=product&#038;p=14030"},"modified":"2026-03-05T13:49:43","modified_gmt":"2026-03-05T11:49:43","slug":"rick-riordan-persis-dzeksonas-ir-olimpo-dievai-monstru-jura","status":"publish","type":"product","link":"https:\/\/skaitytaknyga.lt\/en\/produktas\/rick-riordan-persis-dzeksonas-ir-olimpo-dievai-monstru-jura\/","title":{"rendered":"Rick Riordan \u201ePersis D\u017eeksonas ir Olimpo dievai. Monstr\u0173 j\u016bra\u201c"},"content":{"rendered":"<p>J\u016bs\u0173 rankose \u2013 antroji i\u0161 5 knyg\u0173, sumu\u0161usi\u0173 bet kokius rekordus visuose \u012fmanomuose populiariausi\u0173 knyg\u0173 topuose. Niekas svaiginan\u010dia s\u0117kme \u0161iuo metu pasaulyje negali prilygti naujam herojui \u2013 paprastam Niujorko vaikinui, kurio laukia ypatingas likimas.<\/p>\n<p>Juk ne kasdien su\u017einai, kad esi Olimpo dievo ir mirtingosios s\u016bnus, ar ne? Palaukite\u2026 Olimpo dievai XXI am\u017eiuje?! Skaitykite toliau.<\/p>\n<p>Po vasaros, kuri\u0105 praleido stengdamasis, kad nekilt\u0173 katastrofi\u0161kas karas tarp graik\u0173 diev\u0173, Persis D\u017eeksonas baigia septint\u0105 klas\u0119 ne\u012fprastai ramiai. Vienintel\u0117 b\u0117da \u2013 prie jo priskreto Taisonas, silpnaprotis mil\u017einas valkata, kur\u012f kiti vaikai skriaud\u017eia. Ta\u010diau ramyb\u0117 ilgai netrunka. Po kvadrato su \u017emog\u0117dromis mokyklos sal\u0117je, kuri virto deg\u0117si\u0173 kr\u016bva, berniukas su\u017eino, kad b\u0117d\u0173 kilo ir Pusdievi\u0173 stovykloje, kurioje tik\u0117josi smagiai paatostogauti. Pusdievius, tokius kaip Persis, saugojusi\u0105 Talijos pu\u0161\u012f ka\u017ekas apnuodijo ir dabar vienintel\u0119 saugi\u0105 vietel\u0119 \u017eem\u0117je siaubia mitologin\u0117s pabaisos. Ma\u017ea to, reikia gelb\u0117ti draug\u0105 Grouver\u012f saloje u\u017e Monstr\u0173 j\u016bros, kuria kadaise plaukiojo graik\u0173 didvyriai. Tik m\u016bs\u0173 laikais \u0161i j\u016bra vadinama kitu vardu: Bermud\u0173 trikampiu. Taip ir neai\u0161ku, ar b\u016bti Poseidono s\u016bnumi yra privalumas, ar \u017eiaurus pok\u0161tas&#8230;<\/p>\n<ul class=\"about-product d-none d-xl-block mt-4\">\n<li><strong>Autorius:<\/strong>\u00a0Rick Riordan<\/li>\n<li><strong>Leid\u0117jas:<\/strong>\u00a0Obuolys<\/li>\n<li><strong>Metai:<\/strong>\u00a02011<\/li>\n<li><strong>Puslapiai:<\/strong>\u00a0384<\/li>\n<li><strong>ISBN:<\/strong>\u00a09786094032141<\/li>\n<li><strong>Formatas:<\/strong>\u00a012,5 x 18,7 cm, mink\u0161ti vir\u0161eliai<\/li>\n<li><strong>Kalba:<\/strong>\u00a0Lietuvi\u0173<\/li>\n<li><strong>Vert\u0117jas:<\/strong>\u00a0Nomeda Berkuvien\u0117<\/li>\n<\/ul>\n","protected":false},"excerpt":{"rendered":"<p>J\u016bs\u0173 rankose \u2013 antroji i\u0161 5 knyg\u0173, sumu\u0161usi\u0173 bet kokius rekordus visuose \u012fmanomuose populiariausi\u0173 knyg\u0173 topuose. Niekas svaiginan\u010dia s\u0117kme \u0161iuo metu pasaulyje negali prilygti naujam herojui \u2013 paprastam Niujorko vaikinui, kurio laukia ypatingas likimas. Juk ne kasdien su\u017einai, kad esi Olimpo dievo ir mirtingosios s\u016bnus, ar ne? Palaukite\u2026 Olimpo dievai XXI am\u017eiuje?! Skaitykite toliau. Po vasaros, kuri\u0105 praleido stengdamasis, kad nekilt\u0173 katastrofi\u0161kas karas tarp graik\u0173 diev\u0173, Persis D\u017eeksonas baigia septint\u0105 klas\u0119 ne\u012fprastai ramiai. Vienintel\u0117 b\u0117da \u2013 prie jo priskreto Taisonas, silpnaprotis mil\u017einas valkata, kur\u012f kiti vaikai skriaud\u017eia. Ta\u010diau ramyb\u0117 ilgai netrunka. Po kvadrato su \u017emog\u0117dromis mokyklos sal\u0117je, kuri virto deg\u0117si\u0173 kr\u016bva, berniukas su\u017eino, kad b\u0117d\u0173 kilo ir Pusdievi\u0173 stovykloje, kurioje tik\u0117josi smagiai paatostogauti. Pusdievius, tokius kaip Persis, saugojusi\u0105 Talijos pu\u0161\u012f ka\u017ekas apnuodijo ir dabar vienintel\u0119 saugi\u0105 vietel\u0119 \u017eem\u0117je siaubia mitologin\u0117s pabaisos. Ma\u017ea to, reikia gelb\u0117ti draug\u0105 Grouver\u012f saloje u\u017e Monstr\u0173 j\u016bros, kuria kadaise plaukiojo graik\u0173 didvyriai. Tik m\u016bs\u0173 laikais \u0161i j\u016bra vadinama kitu vardu: Bermud\u0173 trikampiu. Taip ir neai\u0161ku, ar b\u016bti Poseidono s\u016bnumi yra privalumas, ar \u017eiaurus pok\u0161tas&#8230; Autorius:\u00a0Rick Riordan Leid\u0117jas:\u00a0Obuolys Metai:\u00a02011 Puslapiai:\u00a0384 ISBN:\u00a09786094032141 Formatas:\u00a012,5 x 18,7 cm, mink\u0161ti vir\u0161eliai Kalba:\u00a0Lietuvi\u0173 Vert\u0117jas:\u00a0Nomeda Berkuvien\u0117<\/p>\n","protected":false},"featured_media":14029,"comment_status":"closed","ping_status":"closed","template":"","meta":{"_acf_changed":false,"site-sidebar-layout":"default","site-content-layout":"","ast-site-content-layout":"default","site-content-style":"default","site-sidebar-style":"default","ast-global-header-display":"","ast-banner-title-visibility":"","ast-main-header-display":"","ast-hfb-above-header-display":"","ast-hfb-below-header-display":"","ast-hfb-mobile-header-display":"","site-post-title":"","ast-breadcrumbs-content":"","ast-featured-img":"","footer-sml-layout":"","ast-disable-related-posts":"","theme-transparent-header-meta":"default","adv-header-id-meta":"","stick-header-meta":"","header-above-stick-meta":"","header-main-stick-meta":"","header-below-stick-meta":"","astra-migrate-meta-layouts":"set","ast-page-background-enabled":"default","ast-page-background-meta":{"desktop":{"background-color":"","background-image":"","background-repeat":"repeat","background-position":"center center","background-size":"auto","background-attachment":"scroll","background-type":"","background-media":"","overlay-type":"","overlay-color":"","overlay-opacity":"","overlay-gradient":""},"tablet":{"background-color":"","background-image":"","background-repeat":"repeat","background-position":"center center","background-size":"auto","background-attachment":"scroll","background-type":"","background-media":"","overlay-type":"","overlay-color":"","overlay-opacity":"","overlay-gradient":""},"mobile":{"background-color":"","background-image":"","background-repeat":"repeat","background-position":"center center","background-size":"auto","background-attachment":"scroll","background-type":"","background-media":"","overlay-type":"","overlay-color":"","overlay-opacity":"","overlay-gradient":""}},"ast-content-background-meta":{"desktop":{"background-color":"var(--ast-global-color-4)","background-image":"","background-repeat":"repeat","background-position":"center center","background-size":"auto","background-attachment":"scroll","background-type":"","background-media":"","overlay-type":"","overlay-color":"","overlay-opacity":"","overlay-gradient":""},"tablet":{"background-color":"var(--ast-global-color-4)","background-image":"","background-repeat":"repeat","background-position":"center center","background-size":"auto","background-attachment":"scroll","background-type":"","background-media":"","overlay-type":"","overlay-color":"","overlay-opacity":"","overlay-gradient":""},"mobile":{"background-color":"var(--ast-global-color-4)","background-image":"","background-repeat":"repeat","background-position":"center center","background-size":"auto","background-attachment":"scroll","background-type":"","background-media":"","overlay-type":"","overlay-color":"","overlay-opacity":"","overlay-gradient":""}}},"product_brand":[],"product_cat":[9621],"product_tag":[],"class_list":{"0":"post-14030","1":"product","2":"type-product","3":"status-publish","4":"has-post-thumbnail","6":"product_cat-fantastika-fantastika","7":"desktop-align-left","8":"tablet-align-left","9":"mobile-align-left","11":"first","12":"outofstock","13":"shipping-taxable","14":"purchasable","15":"product-type-simple"},"acf":[],"yoast_head":"<!-- This site is optimized with the Yoast SEO plugin v27.0 - https:\/\/yoast.com\/product\/yoast-seo-wordpress\/ -->\n<title>Rick Riordan \u201ePersis D\u017eeksonas ir Olimpo dievai. Monstr\u0173 j\u016bra\u201c<\/title>\n<meta name=\"description\" content=\"J\u016bs\u0173 rankose \u2013 antroji i\u0161 5 knyg\u0173, sumu\u0161usi\u0173 bet kokius rekordus visuose \u012fmanomuose populiariausi\u0173 knyg\u0173 topuose. Niekas svaiginan\u010dia s\u0117kme \u0161iuo metu\" \/>\n<meta name=\"robots\" content=\"index, follow, max-snippet:-1, max-image-preview:large, max-video-preview:-1\" \/>\n<link rel=\"canonical\" href=\"https:\/\/skaitytaknyga.lt\/en\/produktas\/rick-riordan-persis-dzeksonas-ir-olimpo-dievai-monstru-jura\/\" \/>\n<meta property=\"og:locale\" content=\"en_GB\" \/>\n<meta property=\"og:locale:alternate\" content=\"lt_LT\" \/>\n<meta property=\"og:type\" content=\"article\" \/>\n<meta property=\"og:title\" content=\"Rick Riordan \u201ePersis D\u017eeksonas ir Olimpo dievai. Monstr\u0173 j\u016bra\u201c\" \/>\n<meta property=\"og:description\" content=\"J\u016bs\u0173 rankose \u2013 antroji i\u0161 5 knyg\u0173, sumu\u0161usi\u0173 bet kokius rekordus visuose \u012fmanomuose populiariausi\u0173 knyg\u0173 topuose. Niekas svaiginan\u010dia s\u0117kme \u0161iuo metu\" \/>\n<meta property=\"og:url\" content=\"https:\/\/skaitytaknyga.lt\/en\/produktas\/rick-riordan-persis-dzeksonas-ir-olimpo-dievai-monstru-jura\/\" \/>\n<meta property=\"og:site_name\" content=\"Skaitytaknyga\" \/>\n<meta property=\"article:publisher\" content=\"https:\/\/www.facebook.com\/skaitytaknyga\/\" \/>\n<meta property=\"article:modified_time\" content=\"2026-03-05T11:49:43+00:00\" \/>\n<meta property=\"og:image\" content=\"https:\/\/skaitytaknyga.lt\/wp-content\/uploads\/2024\/09\/img_5375.jpeg\" \/>\n\t<meta property=\"og:image:width\" content=\"321\" \/>\n\t<meta property=\"og:image:height\" content=\"480\" \/>\n\t<meta property=\"og:image:type\" content=\"image\/jpeg\" \/>\n<meta name=\"twitter:card\" content=\"summary_large_image\" \/>\n<meta name=\"twitter:label1\" content=\"Estimated reading time\" \/>\n\t<meta name=\"twitter:data1\" content=\"2 minutes\" \/>\n<script type=\"application\/ld+json\" class=\"yoast-schema-graph\">{\"@context\":\"https:\/\/schema.org\",\"@graph\":[{\"@type\":\"WebPage\",\"@id\":\"https:\/\/skaitytaknyga.lt\/produktas\/rick-riordan-persis-dzeksonas-ir-olimpo-dievai-monstru-jura\/\",\"url\":\"https:\/\/skaitytaknyga.lt\/produktas\/rick-riordan-persis-dzeksonas-ir-olimpo-dievai-monstru-jura\/\",\"name\":\"Rick Riordan \u201ePersis D\u017eeksonas ir Olimpo dievai. Monstr\u0173 j\u016bra\u201c\",\"isPartOf\":{\"@id\":\"https:\/\/skaitytaknyga.lt\/#website\"},\"primaryImageOfPage\":{\"@id\":\"https:\/\/skaitytaknyga.lt\/produktas\/rick-riordan-persis-dzeksonas-ir-olimpo-dievai-monstru-jura\/#primaryimage\"},\"image\":{\"@id\":\"https:\/\/skaitytaknyga.lt\/produktas\/rick-riordan-persis-dzeksonas-ir-olimpo-dievai-monstru-jura\/#primaryimage\"},\"thumbnailUrl\":\"https:\/\/skaitytaknyga.lt\/wp-content\/uploads\/2024\/09\/img_5375.jpeg\",\"datePublished\":\"2024-09-26T16:22:43+00:00\",\"dateModified\":\"2026-03-05T11:49:43+00:00\",\"description\":\"J\u016bs\u0173 rankose \u2013 antroji i\u0161 5 knyg\u0173, sumu\u0161usi\u0173 bet kokius rekordus visuose \u012fmanomuose populiariausi\u0173 knyg\u0173 topuose. Niekas svaiginan\u010dia s\u0117kme \u0161iuo metu\",\"breadcrumb\":{\"@id\":\"https:\/\/skaitytaknyga.lt\/produktas\/rick-riordan-persis-dzeksonas-ir-olimpo-dievai-monstru-jura\/#breadcrumb\"},\"inLanguage\":\"en-GB\",\"potentialAction\":[{\"@type\":\"ReadAction\",\"target\":[\"https:\/\/skaitytaknyga.lt\/produktas\/rick-riordan-persis-dzeksonas-ir-olimpo-dievai-monstru-jura\/\"]}]},{\"@type\":\"ImageObject\",\"inLanguage\":\"en-GB\",\"@id\":\"https:\/\/skaitytaknyga.lt\/produktas\/rick-riordan-persis-dzeksonas-ir-olimpo-dievai-monstru-jura\/#primaryimage\",\"url\":\"https:\/\/skaitytaknyga.lt\/wp-content\/uploads\/2024\/09\/img_5375.jpeg\",\"contentUrl\":\"https:\/\/skaitytaknyga.lt\/wp-content\/uploads\/2024\/09\/img_5375.jpeg\",\"width\":321,\"height\":480,\"caption\":\"Rick Riordan \u201ePersis D\u017eeksonas ir Olimpo dievai. Monstr\u0173 j\u016bra\u201c\"},{\"@type\":\"BreadcrumbList\",\"@id\":\"https:\/\/skaitytaknyga.lt\/produktas\/rick-riordan-persis-dzeksonas-ir-olimpo-dievai-monstru-jura\/#breadcrumb\",\"itemListElement\":[{\"@type\":\"ListItem\",\"position\":1,\"name\":\"Home\",\"item\":\"https:\/\/skaitytaknyga.lt\/\"},{\"@type\":\"ListItem\",\"position\":2,\"name\":\"Parduotuv\u0117\",\"item\":\"https:\/\/skaitytaknyga.lt\/knygu-parduotuve\/\"},{\"@type\":\"ListItem\",\"position\":3,\"name\":\"Rick Riordan \u201ePersis D\u017eeksonas ir Olimpo dievai. Monstr\u0173 j\u016bra\u201c\"}]},{\"@type\":\"WebSite\",\"@id\":\"https:\/\/skaitytaknyga.lt\/#website\",\"url\":\"https:\/\/skaitytaknyga.lt\/\",\"name\":\"skaitytaknyga.lt\",\"description\":\"Skaitytaknyga.lt \u2013 tai ma\u017eas \u0161eimos verslas, kuris prasid\u0117jo nuo meil\u0117s knygoms ir siekio i\u0161gelb\u0117ti knygas nuo likimo prie konteinerio. Kas vienam nereikalingas daiktas \u2013 kitam lobis, o mes esame tarpininkai, kurie padeda abiems tapti laimingesniems ???? \u017dinome kaip nelengva i\u0161gyventi ma\u017eiems verslams, tad nuo \u0161iol, \u010dia rasite ir kit\u0173, ma\u017e\u0173 \u0161eim\u0173 versl\u0173, rank\u0173 darbo, dovan\u0173 sau ir artimiesiems.\",\"publisher\":{\"@id\":\"https:\/\/skaitytaknyga.lt\/#organization\"},\"potentialAction\":[{\"@type\":\"SearchAction\",\"target\":{\"@type\":\"EntryPoint\",\"urlTemplate\":\"https:\/\/skaitytaknyga.lt\/?s={search_term_string}\"},\"query-input\":{\"@type\":\"PropertyValueSpecification\",\"valueRequired\":true,\"valueName\":\"search_term_string\"}}],\"inLanguage\":\"en-GB\"},{\"@type\":\"Organization\",\"@id\":\"https:\/\/skaitytaknyga.lt\/#organization\",\"name\":\"skaitytaknyga.lt\",\"url\":\"https:\/\/skaitytaknyga.lt\/\",\"logo\":{\"@type\":\"ImageObject\",\"inLanguage\":\"en-GB\",\"@id\":\"https:\/\/skaitytaknyga.lt\/#\/schema\/logo\/image\/\",\"url\":\"https:\/\/skaitytaknyga.lt\/wp-content\/uploads\/2024\/05\/cropped-cropped-cropped-02_00843_jt3bggkj1j3HLc7SyY6rEUpg.jpeg\",\"contentUrl\":\"https:\/\/skaitytaknyga.lt\/wp-content\/uploads\/2024\/05\/cropped-cropped-cropped-02_00843_jt3bggkj1j3HLc7SyY6rEUpg.jpeg\",\"width\":1600,\"height\":1600,\"caption\":\"skaitytaknyga.lt\"},\"image\":{\"@id\":\"https:\/\/skaitytaknyga.lt\/#\/schema\/logo\/image\/\"},\"sameAs\":[\"https:\/\/www.facebook.com\/skaitytaknyga\/\"]}]}<\/script>\n<!-- \/ Yoast SEO plugin. -->","yoast_head_json":{"title":"Rick Riordan \u201ePersis D\u017eeksonas ir Olimpo dievai. Monstr\u0173 j\u016bra\u201c","description":"J\u016bs\u0173 rankose \u2013 antroji i\u0161 5 knyg\u0173, sumu\u0161usi\u0173 bet kokius rekordus visuose \u012fmanomuose populiariausi\u0173 knyg\u0173 topuose. Niekas svaiginan\u010dia s\u0117kme \u0161iuo metu","robots":{"index":"index","follow":"follow","max-snippet":"max-snippet:-1","max-image-preview":"max-image-preview:large","max-video-preview":"max-video-preview:-1"},"canonical":"https:\/\/skaitytaknyga.lt\/en\/produktas\/rick-riordan-persis-dzeksonas-ir-olimpo-dievai-monstru-jura\/","og_locale":"en_GB","og_type":"article","og_title":"[:lt]Rick Riordan \u201ePersis D\u017eeksonas ir Olimpo dievai. Monstr\u0173 j\u016bra\u201c[:] - Skaitytaknyga","og_description":"J\u016bs\u0173 rankose \u2013 antroji i\u0161 5 knyg\u0173, sumu\u0161usi\u0173 bet kokius rekordus visuose \u012fmanomuose populiariausi\u0173 knyg\u0173 topuose. Niekas svaiginan\u010dia s\u0117kme \u0161iuo metu","og_url":"https:\/\/skaitytaknyga.lt\/en\/produktas\/rick-riordan-persis-dzeksonas-ir-olimpo-dievai-monstru-jura\/","og_site_name":"Skaitytaknyga","article_publisher":"https:\/\/www.facebook.com\/skaitytaknyga\/","article_modified_time":"2026-03-05T11:49:43+00:00","og_image":[{"width":321,"height":480,"url":"https:\/\/skaitytaknyga.lt\/wp-content\/uploads\/2024\/09\/img_5375.jpeg","type":"image\/jpeg"}],"twitter_card":"summary_large_image","twitter_misc":{"Estimated reading time":"2 minutes"},"schema":{"@context":"https:\/\/schema.org","@graph":[{"@type":"WebPage","@id":"https:\/\/skaitytaknyga.lt\/produktas\/rick-riordan-persis-dzeksonas-ir-olimpo-dievai-monstru-jura\/","url":"https:\/\/skaitytaknyga.lt\/produktas\/rick-riordan-persis-dzeksonas-ir-olimpo-dievai-monstru-jura\/","name":"Rick Riordan \u201ePersis D\u017eeksonas ir Olimpo dievai. Monstr\u0173 j\u016bra\u201c","isPartOf":{"@id":"https:\/\/skaitytaknyga.lt\/#website"},"primaryImageOfPage":{"@id":"https:\/\/skaitytaknyga.lt\/produktas\/rick-riordan-persis-dzeksonas-ir-olimpo-dievai-monstru-jura\/#primaryimage"},"image":{"@id":"https:\/\/skaitytaknyga.lt\/produktas\/rick-riordan-persis-dzeksonas-ir-olimpo-dievai-monstru-jura\/#primaryimage"},"thumbnailUrl":"https:\/\/skaitytaknyga.lt\/wp-content\/uploads\/2024\/09\/img_5375.jpeg","datePublished":"2024-09-26T16:22:43+00:00","dateModified":"2026-03-05T11:49:43+00:00","description":"J\u016bs\u0173 rankose \u2013 antroji i\u0161 5 knyg\u0173, sumu\u0161usi\u0173 bet kokius rekordus visuose \u012fmanomuose populiariausi\u0173 knyg\u0173 topuose. Niekas svaiginan\u010dia s\u0117kme \u0161iuo metu","breadcrumb":{"@id":"https:\/\/skaitytaknyga.lt\/produktas\/rick-riordan-persis-dzeksonas-ir-olimpo-dievai-monstru-jura\/#breadcrumb"},"inLanguage":"en-GB","potentialAction":[{"@type":"ReadAction","target":["https:\/\/skaitytaknyga.lt\/produktas\/rick-riordan-persis-dzeksonas-ir-olimpo-dievai-monstru-jura\/"]}]},{"@type":"ImageObject","inLanguage":"en-GB","@id":"https:\/\/skaitytaknyga.lt\/produktas\/rick-riordan-persis-dzeksonas-ir-olimpo-dievai-monstru-jura\/#primaryimage","url":"https:\/\/skaitytaknyga.lt\/wp-content\/uploads\/2024\/09\/img_5375.jpeg","contentUrl":"https:\/\/skaitytaknyga.lt\/wp-content\/uploads\/2024\/09\/img_5375.jpeg","width":321,"height":480,"caption":"Rick Riordan \u201ePersis D\u017eeksonas ir Olimpo dievai. Monstr\u0173 j\u016bra\u201c"},{"@type":"BreadcrumbList","@id":"https:\/\/skaitytaknyga.lt\/produktas\/rick-riordan-persis-dzeksonas-ir-olimpo-dievai-monstru-jura\/#breadcrumb","itemListElement":[{"@type":"ListItem","position":1,"name":"Home","item":"https:\/\/skaitytaknyga.lt\/"},{"@type":"ListItem","position":2,"name":"Parduotuv\u0117","item":"https:\/\/skaitytaknyga.lt\/knygu-parduotuve\/"},{"@type":"ListItem","position":3,"name":"Rick Riordan \u201ePersis D\u017eeksonas ir Olimpo dievai. Monstr\u0173 j\u016bra\u201c"}]},{"@type":"WebSite","@id":"https:\/\/skaitytaknyga.lt\/#website","url":"https:\/\/skaitytaknyga.lt\/","name":"skaitytaknyga.lt","description":"Skaitytaknyga.lt \u2013 tai ma\u017eas \u0161eimos verslas, kuris prasid\u0117jo nuo meil\u0117s knygoms ir siekio i\u0161gelb\u0117ti knygas nuo likimo prie konteinerio. Kas vienam nereikalingas daiktas \u2013 kitam lobis, o mes esame tarpininkai, kurie padeda abiems tapti laimingesniems ???? \u017dinome kaip nelengva i\u0161gyventi ma\u017eiems verslams, tad nuo \u0161iol, \u010dia rasite ir kit\u0173, ma\u017e\u0173 \u0161eim\u0173 versl\u0173, rank\u0173 darbo, dovan\u0173 sau ir artimiesiems.","publisher":{"@id":"https:\/\/skaitytaknyga.lt\/#organization"},"potentialAction":[{"@type":"SearchAction","target":{"@type":"EntryPoint","urlTemplate":"https:\/\/skaitytaknyga.lt\/?s={search_term_string}"},"query-input":{"@type":"PropertyValueSpecification","valueRequired":true,"valueName":"search_term_string"}}],"inLanguage":"en-GB"},{"@type":"Organization","@id":"https:\/\/skaitytaknyga.lt\/#organization","name":"skaitytaknyga.lt","url":"https:\/\/skaitytaknyga.lt\/","logo":{"@type":"ImageObject","inLanguage":"en-GB","@id":"https:\/\/skaitytaknyga.lt\/#\/schema\/logo\/image\/","url":"https:\/\/skaitytaknyga.lt\/wp-content\/uploads\/2024\/05\/cropped-cropped-cropped-02_00843_jt3bggkj1j3HLc7SyY6rEUpg.jpeg","contentUrl":"https:\/\/skaitytaknyga.lt\/wp-content\/uploads\/2024\/05\/cropped-cropped-cropped-02_00843_jt3bggkj1j3HLc7SyY6rEUpg.jpeg","width":1600,"height":1600,"caption":"skaitytaknyga.lt"},"image":{"@id":"https:\/\/skaitytaknyga.lt\/#\/schema\/logo\/image\/"},"sameAs":["https:\/\/www.facebook.com\/skaitytaknyga\/"]}]}},"_links":{"self":[{"href":"https:\/\/skaitytaknyga.lt\/en\/wp-json\/wp\/v2\/product\/14030","targetHints":{"allow":["GET"]}}],"collection":[{"href":"https:\/\/skaitytaknyga.lt\/en\/wp-json\/wp\/v2\/product"}],"about":[{"href":"https:\/\/skaitytaknyga.lt\/en\/wp-json\/wp\/v2\/types\/product"}],"replies":[{"embeddable":true,"href":"https:\/\/skaitytaknyga.lt\/en\/wp-json\/wp\/v2\/comments?post=14030"}],"wp:featuredmedia":[{"embeddable":true,"href":"https:\/\/skaitytaknyga.lt\/en\/wp-json\/wp\/v2\/media\/14029"}],"wp:attachment":[{"href":"https:\/\/skaitytaknyga.lt\/en\/wp-json\/wp\/v2\/media?parent=14030"}],"wp:term":[{"taxonomy":"product_brand","embeddable":true,"href":"https:\/\/skaitytaknyga.lt\/en\/wp-json\/wp\/v2\/product_brand?post=14030"},{"taxonomy":"product_cat","embeddable":true,"href":"https:\/\/skaitytaknyga.lt\/en\/wp-json\/wp\/v2\/product_cat?post=14030"},{"taxonomy":"product_tag","embeddable":true,"href":"https:\/\/skaitytaknyga.lt\/en\/wp-json\/wp\/v2\/product_tag?post=14030"}],"curies":[{"name":"wp","href":"https:\/\/api.w.org\/{rel}","templated":true}]}}