{"id":14028,"date":"2024-09-26T19:20:18","date_gmt":"2024-09-26T16:20:18","guid":{"rendered":"https:\/\/skaitytaknyga.lt\/?post_type=product&#038;p=14028"},"modified":"2026-03-05T13:50:00","modified_gmt":"2026-03-05T11:50:00","slug":"rick-riordan-persis-dzeksonas-ir-olimpo-dievai-zaibo-vagis","status":"publish","type":"product","link":"https:\/\/skaitytaknyga.lt\/en\/produktas\/rick-riordan-persis-dzeksonas-ir-olimpo-dievai-zaibo-vagis\/","title":{"rendered":"Rick Riordan \u201ePersis D\u017eeksonas ir Olimpo dievai. \u017eaibo vagis\u201c"},"content":{"rendered":"<p>Pusiau dievas, pusiau \u017emogus\u2026 Tikras didmies\u010dio vaikinas<br \/>\nPersis D\u017eeksonas yra naujasis Haris Poteris! J\u016bs\u0173 rankose \u2013 pirmoji i\u0161 5 knyg\u0173, kurios sumu\u0161\u0117 bet kokius rekordus visuose \u012fmanomuose populiariausi\u0173 knyg\u0173 topuose. Niekas svaiginan\u010dia s\u0117kme \u0161iuo metu pasaulyje negali prilygti naujam herojui \u2013 paprastam Niujorko vaikinui, kurio laukia ypatingas likimas. Juk ne kasdien su\u017einai, kad esi Olimpo dievo ir mirtingosios s\u016bnus, ar ne? Palaukite\u2026 Olimpo dievai \u2013 XXI am\u017eiuje?! Skaitykite toliau.<br \/>\nKai visur pliaupia li\u016btis, daugeliui \u017emoni\u0173 atrodyt\u0173, jog jiems tiesiog nepasisek\u0117. Ta\u010diau jeigu esi pusdievis, puikiai suvoki, kad tam tikros dievi\u0161kos j\u0117gos m\u0117gina apversti tavo dien\u0105 auk\u0161tyn kojom. Dvylikamet\u012f Pers\u012f D\u017eekson\u0105 v\u0117l meta i\u0161 mokyklos&#8230; eilin\u012f kart\u0105. Bet tai ne did\u017eiausia jo b\u0117da. Pastaruoju metu antikin\u0117s pabaisos ir Olimpo dievai, regis, \u0117m\u0117 tiesiog l\u012fsti i\u0161 graik\u0173 mitologijos vadov\u0117lio. Dar blogiau, kad Persis kelis sugeb\u0117jo rimtai u\u017er\u016bstinti! Dingo Dzeuso \u017eaibas, o jis tapo pagrindiniu \u012ftariamuoju. Vaikinukas su draugais turi vos de\u0161imt dien\u0173 surasti pavogt\u0105 \u017eaib\u0105 ir sugr\u0105\u017einti taik\u0105 kariaujan\u010diam Olimpo kalnui. Ta\u010diau vien sugauti vag\u012f negana: jis turi susitaikyti su j\u012f pametusiu t\u0117vu, \u012fminti apie draugo i\u0161davyst\u0119 persp\u0117jan\u010di\u0105 Orakulo m\u012fsl\u0119 ir atskleisti klast\u0105, baisesn\u0119 u\u017e pa\u010dius dievus\u2026<\/p>\n<ul class=\"about-product d-none d-xl-block mt-4\">\n<li><strong>Autorius:<\/strong>\u00a0Rick Riordan<\/li>\n<li><strong>Leid\u0117jas:<\/strong>\u00a0Obuolys<\/li>\n<li><strong>Metai:<\/strong>\u00a02013<\/li>\n<li><strong>Puslapiai:<\/strong>\u00a0512<\/li>\n<li><strong>ISBN:<\/strong>\u00a09786094035258<\/li>\n<li><strong>Versijos kodas:<\/strong>\u00a0P.<\/li>\n<li><strong>Formatas:<\/strong>\u00a012,5 x 18,7 cm, mink\u0161ti vir\u0161eliai<\/li>\n<li><strong>Kalba:<\/strong>\u00a0Lietuvi\u0173<\/li>\n<li><strong>Vert\u0117jas:<\/strong>\u00a0J\u016brat\u0117 Pavlovi\u010dien\u0117<\/li>\n<\/ul>\n","protected":false},"excerpt":{"rendered":"<p>Pusiau dievas, pusiau \u017emogus\u2026 Tikras didmies\u010dio vaikinas Persis D\u017eeksonas yra naujasis Haris Poteris! J\u016bs\u0173 rankose \u2013 pirmoji i\u0161 5 knyg\u0173, kurios sumu\u0161\u0117 bet kokius rekordus visuose \u012fmanomuose populiariausi\u0173 knyg\u0173 topuose. Niekas svaiginan\u010dia s\u0117kme \u0161iuo metu pasaulyje negali prilygti naujam herojui \u2013 paprastam Niujorko vaikinui, kurio laukia ypatingas likimas. Juk ne kasdien su\u017einai, kad esi Olimpo dievo ir mirtingosios s\u016bnus, ar ne? Palaukite\u2026 Olimpo dievai \u2013 XXI am\u017eiuje?! Skaitykite toliau. Kai visur pliaupia li\u016btis, daugeliui \u017emoni\u0173 atrodyt\u0173, jog jiems tiesiog nepasisek\u0117. Ta\u010diau jeigu esi pusdievis, puikiai suvoki, kad tam tikros dievi\u0161kos j\u0117gos m\u0117gina apversti tavo dien\u0105 auk\u0161tyn kojom. Dvylikamet\u012f Pers\u012f D\u017eekson\u0105 v\u0117l meta i\u0161 mokyklos&#8230; eilin\u012f kart\u0105. Bet tai ne did\u017eiausia jo b\u0117da. Pastaruoju metu antikin\u0117s pabaisos ir Olimpo dievai, regis, \u0117m\u0117 tiesiog l\u012fsti i\u0161 graik\u0173 mitologijos vadov\u0117lio. Dar blogiau, kad Persis kelis sugeb\u0117jo rimtai u\u017er\u016bstinti! Dingo Dzeuso \u017eaibas, o jis tapo pagrindiniu \u012ftariamuoju. Vaikinukas su draugais turi vos de\u0161imt dien\u0173 surasti pavogt\u0105 \u017eaib\u0105 ir sugr\u0105\u017einti taik\u0105 kariaujan\u010diam Olimpo kalnui. Ta\u010diau vien sugauti vag\u012f negana: jis turi susitaikyti su j\u012f pametusiu t\u0117vu, \u012fminti apie draugo i\u0161davyst\u0119 persp\u0117jan\u010di\u0105 Orakulo m\u012fsl\u0119 ir atskleisti klast\u0105, baisesn\u0119 u\u017e pa\u010dius dievus\u2026 Autorius:\u00a0Rick Riordan Leid\u0117jas:\u00a0Obuolys Metai:\u00a02013 Puslapiai:\u00a0512 ISBN:\u00a09786094035258 Versijos kodas:\u00a0P. Formatas:\u00a012,5 x 18,7 cm, mink\u0161ti vir\u0161eliai Kalba:\u00a0Lietuvi\u0173 Vert\u0117jas:\u00a0J\u016brat\u0117 Pavlovi\u010dien\u0117<\/p>\n","protected":false},"featured_media":14029,"comment_status":"closed","ping_status":"closed","template":"","meta":{"_acf_changed":false,"site-sidebar-layout":"default","site-content-layout":"","ast-site-content-layout":"default","site-content-style":"default","site-sidebar-style":"default","ast-global-header-display":"","ast-banner-title-visibility":"","ast-main-header-display":"","ast-hfb-above-header-display":"","ast-hfb-below-header-display":"","ast-hfb-mobile-header-display":"","site-post-title":"","ast-breadcrumbs-content":"","ast-featured-img":"","footer-sml-layout":"","ast-disable-related-posts":"","theme-transparent-header-meta":"default","adv-header-id-meta":"","stick-header-meta":"","header-above-stick-meta":"","header-main-stick-meta":"","header-below-stick-meta":"","astra-migrate-meta-layouts":"set","ast-page-background-enabled":"default","ast-page-background-meta":{"desktop":{"background-color":"","background-image":"","background-repeat":"repeat","background-position":"center center","background-size":"auto","background-attachment":"scroll","background-type":"","background-media":"","overlay-type":"","overlay-color":"","overlay-opacity":"","overlay-gradient":""},"tablet":{"background-color":"","background-image":"","background-repeat":"repeat","background-position":"center center","background-size":"auto","background-attachment":"scroll","background-type":"","background-media":"","overlay-type":"","overlay-color":"","overlay-opacity":"","overlay-gradient":""},"mobile":{"background-color":"","background-image":"","background-repeat":"repeat","background-position":"center center","background-size":"auto","background-attachment":"scroll","background-type":"","background-media":"","overlay-type":"","overlay-color":"","overlay-opacity":"","overlay-gradient":""}},"ast-content-background-meta":{"desktop":{"background-color":"var(--ast-global-color-4)","background-image":"","background-repeat":"repeat","background-position":"center center","background-size":"auto","background-attachment":"scroll","background-type":"","background-media":"","overlay-type":"","overlay-color":"","overlay-opacity":"","overlay-gradient":""},"tablet":{"background-color":"var(--ast-global-color-4)","background-image":"","background-repeat":"repeat","background-position":"center center","background-size":"auto","background-attachment":"scroll","background-type":"","background-media":"","overlay-type":"","overlay-color":"","overlay-opacity":"","overlay-gradient":""},"mobile":{"background-color":"var(--ast-global-color-4)","background-image":"","background-repeat":"repeat","background-position":"center center","background-size":"auto","background-attachment":"scroll","background-type":"","background-media":"","overlay-type":"","overlay-color":"","overlay-opacity":"","overlay-gradient":""}}},"product_brand":[],"product_cat":[9621],"product_tag":[],"class_list":{"0":"post-14028","1":"product","2":"type-product","3":"status-publish","4":"has-post-thumbnail","6":"product_cat-fantastika-fantastika","7":"desktop-align-left","8":"tablet-align-left","9":"mobile-align-left","11":"first","12":"outofstock","13":"shipping-taxable","14":"purchasable","15":"product-type-simple"},"acf":[],"yoast_head":"<!-- This site is optimized with the Yoast SEO plugin v27.0 - https:\/\/yoast.com\/product\/yoast-seo-wordpress\/ -->\n<title>Rick Riordan \u201ePersis D\u017eeksonas ir Olimpo dievai. \u017eaibo vagis\u201c<\/title>\n<meta name=\"description\" content=\"Pusiau dievas, pusiau \u017emogus\u2026 Tikras didmies\u010dio vaikinas Persis D\u017eeksonas yra naujasis Haris Poteris! J\u016bs\u0173 rankose \u2013 pirmoji i\u0161 5 knyg\u0173, kurios sumu\u0161\u0117 bet\" \/>\n<meta name=\"robots\" content=\"index, follow, max-snippet:-1, max-image-preview:large, max-video-preview:-1\" \/>\n<link rel=\"canonical\" href=\"https:\/\/skaitytaknyga.lt\/en\/produktas\/rick-riordan-persis-dzeksonas-ir-olimpo-dievai-zaibo-vagis\/\" \/>\n<meta property=\"og:locale\" content=\"en_GB\" \/>\n<meta property=\"og:locale:alternate\" content=\"lt_LT\" \/>\n<meta property=\"og:type\" content=\"article\" \/>\n<meta property=\"og:title\" content=\"Rick Riordan \u201ePersis D\u017eeksonas ir Olimpo dievai. \u017eaibo vagis\u201c\" \/>\n<meta property=\"og:description\" content=\"Pusiau dievas, pusiau \u017emogus\u2026 Tikras didmies\u010dio vaikinas Persis D\u017eeksonas yra naujasis Haris Poteris! J\u016bs\u0173 rankose \u2013 pirmoji i\u0161 5 knyg\u0173, kurios sumu\u0161\u0117 bet\" \/>\n<meta property=\"og:url\" content=\"https:\/\/skaitytaknyga.lt\/en\/produktas\/rick-riordan-persis-dzeksonas-ir-olimpo-dievai-zaibo-vagis\/\" \/>\n<meta property=\"og:site_name\" content=\"Skaitytaknyga\" \/>\n<meta property=\"article:publisher\" content=\"https:\/\/www.facebook.com\/skaitytaknyga\/\" \/>\n<meta property=\"article:modified_time\" content=\"2026-03-05T11:50:00+00:00\" \/>\n<meta property=\"og:image\" content=\"https:\/\/skaitytaknyga.lt\/wp-content\/uploads\/2024\/09\/img_5375.jpeg\" \/>\n\t<meta property=\"og:image:width\" content=\"321\" \/>\n\t<meta property=\"og:image:height\" content=\"480\" \/>\n\t<meta property=\"og:image:type\" content=\"image\/jpeg\" \/>\n<meta name=\"twitter:card\" content=\"summary_large_image\" \/>\n<meta name=\"twitter:label1\" content=\"Estimated reading time\" \/>\n\t<meta name=\"twitter:data1\" content=\"2 minutes\" \/>\n<script type=\"application\/ld+json\" class=\"yoast-schema-graph\">{\"@context\":\"https:\/\/schema.org\",\"@graph\":[{\"@type\":\"WebPage\",\"@id\":\"https:\/\/skaitytaknyga.lt\/produktas\/rick-riordan-persis-dzeksonas-ir-olimpo-dievai-zaibo-vagis\/\",\"url\":\"https:\/\/skaitytaknyga.lt\/produktas\/rick-riordan-persis-dzeksonas-ir-olimpo-dievai-zaibo-vagis\/\",\"name\":\"Rick Riordan \u201ePersis D\u017eeksonas ir Olimpo dievai. \u017eaibo vagis\u201c\",\"isPartOf\":{\"@id\":\"https:\/\/skaitytaknyga.lt\/#website\"},\"primaryImageOfPage\":{\"@id\":\"https:\/\/skaitytaknyga.lt\/produktas\/rick-riordan-persis-dzeksonas-ir-olimpo-dievai-zaibo-vagis\/#primaryimage\"},\"image\":{\"@id\":\"https:\/\/skaitytaknyga.lt\/produktas\/rick-riordan-persis-dzeksonas-ir-olimpo-dievai-zaibo-vagis\/#primaryimage\"},\"thumbnailUrl\":\"https:\/\/skaitytaknyga.lt\/wp-content\/uploads\/2024\/09\/img_5375.jpeg\",\"datePublished\":\"2024-09-26T16:20:18+00:00\",\"dateModified\":\"2026-03-05T11:50:00+00:00\",\"description\":\"Pusiau dievas, pusiau \u017emogus\u2026 Tikras didmies\u010dio vaikinas Persis D\u017eeksonas yra naujasis Haris Poteris! J\u016bs\u0173 rankose \u2013 pirmoji i\u0161 5 knyg\u0173, kurios sumu\u0161\u0117 bet\",\"breadcrumb\":{\"@id\":\"https:\/\/skaitytaknyga.lt\/produktas\/rick-riordan-persis-dzeksonas-ir-olimpo-dievai-zaibo-vagis\/#breadcrumb\"},\"inLanguage\":\"en-GB\",\"potentialAction\":[{\"@type\":\"ReadAction\",\"target\":[\"https:\/\/skaitytaknyga.lt\/produktas\/rick-riordan-persis-dzeksonas-ir-olimpo-dievai-zaibo-vagis\/\"]}]},{\"@type\":\"ImageObject\",\"inLanguage\":\"en-GB\",\"@id\":\"https:\/\/skaitytaknyga.lt\/produktas\/rick-riordan-persis-dzeksonas-ir-olimpo-dievai-zaibo-vagis\/#primaryimage\",\"url\":\"https:\/\/skaitytaknyga.lt\/wp-content\/uploads\/2024\/09\/img_5375.jpeg\",\"contentUrl\":\"https:\/\/skaitytaknyga.lt\/wp-content\/uploads\/2024\/09\/img_5375.jpeg\",\"width\":321,\"height\":480,\"caption\":\"Rick Riordan \u201ePersis D\u017eeksonas ir Olimpo dievai. Monstr\u0173 j\u016bra\u201c\"},{\"@type\":\"BreadcrumbList\",\"@id\":\"https:\/\/skaitytaknyga.lt\/produktas\/rick-riordan-persis-dzeksonas-ir-olimpo-dievai-zaibo-vagis\/#breadcrumb\",\"itemListElement\":[{\"@type\":\"ListItem\",\"position\":1,\"name\":\"Home\",\"item\":\"https:\/\/skaitytaknyga.lt\/\"},{\"@type\":\"ListItem\",\"position\":2,\"name\":\"Parduotuv\u0117\",\"item\":\"https:\/\/skaitytaknyga.lt\/knygu-parduotuve\/\"},{\"@type\":\"ListItem\",\"position\":3,\"name\":\"Rick Riordan \u201ePersis D\u017eeksonas ir Olimpo dievai. \u017eaibo vagis\u201c\"}]},{\"@type\":\"WebSite\",\"@id\":\"https:\/\/skaitytaknyga.lt\/#website\",\"url\":\"https:\/\/skaitytaknyga.lt\/\",\"name\":\"skaitytaknyga.lt\",\"description\":\"Skaitytaknyga.lt \u2013 tai ma\u017eas \u0161eimos verslas, kuris prasid\u0117jo nuo meil\u0117s knygoms ir siekio i\u0161gelb\u0117ti knygas nuo likimo prie konteinerio. Kas vienam nereikalingas daiktas \u2013 kitam lobis, o mes esame tarpininkai, kurie padeda abiems tapti laimingesniems ???? \u017dinome kaip nelengva i\u0161gyventi ma\u017eiems verslams, tad nuo \u0161iol, \u010dia rasite ir kit\u0173, ma\u017e\u0173 \u0161eim\u0173 versl\u0173, rank\u0173 darbo, dovan\u0173 sau ir artimiesiems.\",\"publisher\":{\"@id\":\"https:\/\/skaitytaknyga.lt\/#organization\"},\"potentialAction\":[{\"@type\":\"SearchAction\",\"target\":{\"@type\":\"EntryPoint\",\"urlTemplate\":\"https:\/\/skaitytaknyga.lt\/?s={search_term_string}\"},\"query-input\":{\"@type\":\"PropertyValueSpecification\",\"valueRequired\":true,\"valueName\":\"search_term_string\"}}],\"inLanguage\":\"en-GB\"},{\"@type\":\"Organization\",\"@id\":\"https:\/\/skaitytaknyga.lt\/#organization\",\"name\":\"skaitytaknyga.lt\",\"url\":\"https:\/\/skaitytaknyga.lt\/\",\"logo\":{\"@type\":\"ImageObject\",\"inLanguage\":\"en-GB\",\"@id\":\"https:\/\/skaitytaknyga.lt\/#\/schema\/logo\/image\/\",\"url\":\"https:\/\/skaitytaknyga.lt\/wp-content\/uploads\/2024\/05\/cropped-cropped-cropped-02_00843_jt3bggkj1j3HLc7SyY6rEUpg.jpeg\",\"contentUrl\":\"https:\/\/skaitytaknyga.lt\/wp-content\/uploads\/2024\/05\/cropped-cropped-cropped-02_00843_jt3bggkj1j3HLc7SyY6rEUpg.jpeg\",\"width\":1600,\"height\":1600,\"caption\":\"skaitytaknyga.lt\"},\"image\":{\"@id\":\"https:\/\/skaitytaknyga.lt\/#\/schema\/logo\/image\/\"},\"sameAs\":[\"https:\/\/www.facebook.com\/skaitytaknyga\/\"]}]}<\/script>\n<!-- \/ Yoast SEO plugin. -->","yoast_head_json":{"title":"Rick Riordan \u201ePersis D\u017eeksonas ir Olimpo dievai. \u017eaibo vagis\u201c","description":"Pusiau dievas, pusiau \u017emogus\u2026 Tikras didmies\u010dio vaikinas Persis D\u017eeksonas yra naujasis Haris Poteris! J\u016bs\u0173 rankose \u2013 pirmoji i\u0161 5 knyg\u0173, kurios sumu\u0161\u0117 bet","robots":{"index":"index","follow":"follow","max-snippet":"max-snippet:-1","max-image-preview":"max-image-preview:large","max-video-preview":"max-video-preview:-1"},"canonical":"https:\/\/skaitytaknyga.lt\/en\/produktas\/rick-riordan-persis-dzeksonas-ir-olimpo-dievai-zaibo-vagis\/","og_locale":"en_GB","og_type":"article","og_title":"[:lt]Rick Riordan \u201ePersis D\u017eeksonas ir Olimpo dievai. \u017eaibo vagis\u201c[:] - Skaitytaknyga","og_description":"Pusiau dievas, pusiau \u017emogus\u2026 Tikras didmies\u010dio vaikinas Persis D\u017eeksonas yra naujasis Haris Poteris! J\u016bs\u0173 rankose \u2013 pirmoji i\u0161 5 knyg\u0173, kurios sumu\u0161\u0117 bet","og_url":"https:\/\/skaitytaknyga.lt\/en\/produktas\/rick-riordan-persis-dzeksonas-ir-olimpo-dievai-zaibo-vagis\/","og_site_name":"Skaitytaknyga","article_publisher":"https:\/\/www.facebook.com\/skaitytaknyga\/","article_modified_time":"2026-03-05T11:50:00+00:00","og_image":[{"width":321,"height":480,"url":"https:\/\/skaitytaknyga.lt\/wp-content\/uploads\/2024\/09\/img_5375.jpeg","type":"image\/jpeg"}],"twitter_card":"summary_large_image","twitter_misc":{"Estimated reading time":"2 minutes"},"schema":{"@context":"https:\/\/schema.org","@graph":[{"@type":"WebPage","@id":"https:\/\/skaitytaknyga.lt\/produktas\/rick-riordan-persis-dzeksonas-ir-olimpo-dievai-zaibo-vagis\/","url":"https:\/\/skaitytaknyga.lt\/produktas\/rick-riordan-persis-dzeksonas-ir-olimpo-dievai-zaibo-vagis\/","name":"Rick Riordan \u201ePersis D\u017eeksonas ir Olimpo dievai. \u017eaibo vagis\u201c","isPartOf":{"@id":"https:\/\/skaitytaknyga.lt\/#website"},"primaryImageOfPage":{"@id":"https:\/\/skaitytaknyga.lt\/produktas\/rick-riordan-persis-dzeksonas-ir-olimpo-dievai-zaibo-vagis\/#primaryimage"},"image":{"@id":"https:\/\/skaitytaknyga.lt\/produktas\/rick-riordan-persis-dzeksonas-ir-olimpo-dievai-zaibo-vagis\/#primaryimage"},"thumbnailUrl":"https:\/\/skaitytaknyga.lt\/wp-content\/uploads\/2024\/09\/img_5375.jpeg","datePublished":"2024-09-26T16:20:18+00:00","dateModified":"2026-03-05T11:50:00+00:00","description":"Pusiau dievas, pusiau \u017emogus\u2026 Tikras didmies\u010dio vaikinas Persis D\u017eeksonas yra naujasis Haris Poteris! J\u016bs\u0173 rankose \u2013 pirmoji i\u0161 5 knyg\u0173, kurios sumu\u0161\u0117 bet","breadcrumb":{"@id":"https:\/\/skaitytaknyga.lt\/produktas\/rick-riordan-persis-dzeksonas-ir-olimpo-dievai-zaibo-vagis\/#breadcrumb"},"inLanguage":"en-GB","potentialAction":[{"@type":"ReadAction","target":["https:\/\/skaitytaknyga.lt\/produktas\/rick-riordan-persis-dzeksonas-ir-olimpo-dievai-zaibo-vagis\/"]}]},{"@type":"ImageObject","inLanguage":"en-GB","@id":"https:\/\/skaitytaknyga.lt\/produktas\/rick-riordan-persis-dzeksonas-ir-olimpo-dievai-zaibo-vagis\/#primaryimage","url":"https:\/\/skaitytaknyga.lt\/wp-content\/uploads\/2024\/09\/img_5375.jpeg","contentUrl":"https:\/\/skaitytaknyga.lt\/wp-content\/uploads\/2024\/09\/img_5375.jpeg","width":321,"height":480,"caption":"Rick Riordan \u201ePersis D\u017eeksonas ir Olimpo dievai. Monstr\u0173 j\u016bra\u201c"},{"@type":"BreadcrumbList","@id":"https:\/\/skaitytaknyga.lt\/produktas\/rick-riordan-persis-dzeksonas-ir-olimpo-dievai-zaibo-vagis\/#breadcrumb","itemListElement":[{"@type":"ListItem","position":1,"name":"Home","item":"https:\/\/skaitytaknyga.lt\/"},{"@type":"ListItem","position":2,"name":"Parduotuv\u0117","item":"https:\/\/skaitytaknyga.lt\/knygu-parduotuve\/"},{"@type":"ListItem","position":3,"name":"Rick Riordan \u201ePersis D\u017eeksonas ir Olimpo dievai. \u017eaibo vagis\u201c"}]},{"@type":"WebSite","@id":"https:\/\/skaitytaknyga.lt\/#website","url":"https:\/\/skaitytaknyga.lt\/","name":"skaitytaknyga.lt","description":"Skaitytaknyga.lt \u2013 tai ma\u017eas \u0161eimos verslas, kuris prasid\u0117jo nuo meil\u0117s knygoms ir siekio i\u0161gelb\u0117ti knygas nuo likimo prie konteinerio. Kas vienam nereikalingas daiktas \u2013 kitam lobis, o mes esame tarpininkai, kurie padeda abiems tapti laimingesniems ???? \u017dinome kaip nelengva i\u0161gyventi ma\u017eiems verslams, tad nuo \u0161iol, \u010dia rasite ir kit\u0173, ma\u017e\u0173 \u0161eim\u0173 versl\u0173, rank\u0173 darbo, dovan\u0173 sau ir artimiesiems.","publisher":{"@id":"https:\/\/skaitytaknyga.lt\/#organization"},"potentialAction":[{"@type":"SearchAction","target":{"@type":"EntryPoint","urlTemplate":"https:\/\/skaitytaknyga.lt\/?s={search_term_string}"},"query-input":{"@type":"PropertyValueSpecification","valueRequired":true,"valueName":"search_term_string"}}],"inLanguage":"en-GB"},{"@type":"Organization","@id":"https:\/\/skaitytaknyga.lt\/#organization","name":"skaitytaknyga.lt","url":"https:\/\/skaitytaknyga.lt\/","logo":{"@type":"ImageObject","inLanguage":"en-GB","@id":"https:\/\/skaitytaknyga.lt\/#\/schema\/logo\/image\/","url":"https:\/\/skaitytaknyga.lt\/wp-content\/uploads\/2024\/05\/cropped-cropped-cropped-02_00843_jt3bggkj1j3HLc7SyY6rEUpg.jpeg","contentUrl":"https:\/\/skaitytaknyga.lt\/wp-content\/uploads\/2024\/05\/cropped-cropped-cropped-02_00843_jt3bggkj1j3HLc7SyY6rEUpg.jpeg","width":1600,"height":1600,"caption":"skaitytaknyga.lt"},"image":{"@id":"https:\/\/skaitytaknyga.lt\/#\/schema\/logo\/image\/"},"sameAs":["https:\/\/www.facebook.com\/skaitytaknyga\/"]}]}},"_links":{"self":[{"href":"https:\/\/skaitytaknyga.lt\/en\/wp-json\/wp\/v2\/product\/14028","targetHints":{"allow":["GET"]}}],"collection":[{"href":"https:\/\/skaitytaknyga.lt\/en\/wp-json\/wp\/v2\/product"}],"about":[{"href":"https:\/\/skaitytaknyga.lt\/en\/wp-json\/wp\/v2\/types\/product"}],"replies":[{"embeddable":true,"href":"https:\/\/skaitytaknyga.lt\/en\/wp-json\/wp\/v2\/comments?post=14028"}],"wp:featuredmedia":[{"embeddable":true,"href":"https:\/\/skaitytaknyga.lt\/en\/wp-json\/wp\/v2\/media\/14029"}],"wp:attachment":[{"href":"https:\/\/skaitytaknyga.lt\/en\/wp-json\/wp\/v2\/media?parent=14028"}],"wp:term":[{"taxonomy":"product_brand","embeddable":true,"href":"https:\/\/skaitytaknyga.lt\/en\/wp-json\/wp\/v2\/product_brand?post=14028"},{"taxonomy":"product_cat","embeddable":true,"href":"https:\/\/skaitytaknyga.lt\/en\/wp-json\/wp\/v2\/product_cat?post=14028"},{"taxonomy":"product_tag","embeddable":true,"href":"https:\/\/skaitytaknyga.lt\/en\/wp-json\/wp\/v2\/product_tag?post=14028"}],"curies":[{"name":"wp","href":"https:\/\/api.w.org\/{rel}","templated":true}]}}