{"id":13958,"date":"2024-09-11T13:59:44","date_gmt":"2024-09-11T10:59:44","guid":{"rendered":"https:\/\/skaitytaknyga.lt\/?post_type=product&#038;p=13958"},"modified":"2025-06-28T13:07:53","modified_gmt":"2025-06-28T10:07:53","slug":"amy-vanderbilt-viskas-apie-etiketa","status":"publish","type":"product","link":"https:\/\/skaitytaknyga.lt\/en\/produktas\/amy-vanderbilt-viskas-apie-etiketa\/","title":{"rendered":"Amy Vanderbilt \u201eViskas apie etiket\u0105\u201c"},"content":{"rendered":"<p>\u0160i knyga laikoma vienu i\u0161 detaliausi\u0173 ir geriausi\u0173 etiketo vadov\u0117li\u0173. Nuovokus skaitytojas joje ras praktini\u0173 patarim\u0173 visiems gyvenimo atvejams: kaip surengti kokteili\u0173 vakar\u0117l\u012f ar vestuves, kaip ra\u0161yti dalykinius lai\u0161kus ar rekomendacijas buvusiam bendradarbiui, kaip rengtis viena ar kita proga. Taip pat yra patarim\u0173 verslo \u017emon\u0117ms, ie\u0161kantiems darbo, keliaujantiems po kitas \u0161alis \u012fvairiais reikalais.<\/p>\n<p>Kiekvienas skaitytojas ras joje tai, ko jam b\u016btinai reikia vienoje ar kitoje situacijoje.<\/p>\n<ul class=\"about-product d-none d-xl-block mt-4\">\n<li><strong>Originalus pavadinimas:<\/strong>\u00a0Complete Book of Etiquette<\/li>\n<li><strong>Autorius:<\/strong>\u00a0Amy Vanderbilt<\/li>\n<li><strong>Leid\u0117jas:<\/strong>\u00a0\u201eBeta Cygni\u201c<\/li>\n<li><strong>Metai:<\/strong>\u00a01996<\/li>\n<li><strong>Puslapiai:<\/strong>\u00a0683<\/li>\n<li><strong>ISBN-10:<\/strong>\u00a09986792002<\/li>\n<li><strong>ISBN-13:<\/strong>\u00a09789986792000<\/li>\n<li><strong>Versijos kodas:<\/strong>\u00a0PS<\/li>\n<li><strong>Formatas:<\/strong>\u00a016,5 x 24 cm, kieti vir\u0161eliai<\/li>\n<li><strong>Vert\u0117jas:<\/strong>\u00a0V. \u010cepliejus, K. \u0160idi\u0161kis, V. B\u0117k\u0161tien\u0117, S. Matonien\u0117<\/li>\n<\/ul>\n","protected":false},"excerpt":{"rendered":"<p>\u0160i knyga laikoma vienu i\u0161 detaliausi\u0173 ir geriausi\u0173 etiketo vadov\u0117li\u0173. Nuovokus skaitytojas joje ras praktini\u0173 patarim\u0173 visiems gyvenimo atvejams: kaip surengti kokteili\u0173 vakar\u0117l\u012f ar vestuves, kaip ra\u0161yti dalykinius lai\u0161kus ar rekomendacijas buvusiam bendradarbiui, kaip rengtis viena ar kita proga. Taip pat yra patarim\u0173 verslo \u017emon\u0117ms, ie\u0161kantiems darbo, keliaujantiems po kitas \u0161alis \u012fvairiais reikalais. Kiekvienas skaitytojas ras joje tai, ko jam b\u016btinai reikia vienoje ar kitoje situacijoje. Originalus pavadinimas:\u00a0Complete Book of Etiquette Autorius:\u00a0Amy Vanderbilt Leid\u0117jas:\u00a0\u201eBeta Cygni\u201c Metai:\u00a01996 Puslapiai:\u00a0683 ISBN-10:\u00a09986792002 ISBN-13:\u00a09789986792000 Versijos kodas:\u00a0PS Formatas:\u00a016,5 x 24 cm, kieti vir\u0161eliai Vert\u0117jas:\u00a0V. \u010cepliejus, K. \u0160idi\u0161kis, V. B\u0117k\u0161tien\u0117, S. Matonien\u0117<\/p>\n","protected":false},"featured_media":14062,"comment_status":"open","ping_status":"closed","template":"","meta":{"_acf_changed":false,"site-sidebar-layout":"default","site-content-layout":"","ast-site-content-layout":"default","site-content-style":"default","site-sidebar-style":"default","ast-global-header-display":"","ast-banner-title-visibility":"","ast-main-header-display":"","ast-hfb-above-header-display":"","ast-hfb-below-header-display":"","ast-hfb-mobile-header-display":"","site-post-title":"","ast-breadcrumbs-content":"","ast-featured-img":"","footer-sml-layout":"","ast-disable-related-posts":"","theme-transparent-header-meta":"default","adv-header-id-meta":"","stick-header-meta":"","header-above-stick-meta":"","header-main-stick-meta":"","header-below-stick-meta":"","astra-migrate-meta-layouts":"set","ast-page-background-enabled":"default","ast-page-background-meta":{"desktop":{"background-color":"","background-image":"","background-repeat":"repeat","background-position":"center center","background-size":"auto","background-attachment":"scroll","background-type":"","background-media":"","overlay-type":"","overlay-color":"","overlay-opacity":"","overlay-gradient":""},"tablet":{"background-color":"","background-image":"","background-repeat":"repeat","background-position":"center center","background-size":"auto","background-attachment":"scroll","background-type":"","background-media":"","overlay-type":"","overlay-color":"","overlay-opacity":"","overlay-gradient":""},"mobile":{"background-color":"","background-image":"","background-repeat":"repeat","background-position":"center center","background-size":"auto","background-attachment":"scroll","background-type":"","background-media":"","overlay-type":"","overlay-color":"","overlay-opacity":"","overlay-gradient":""}},"ast-content-background-meta":{"desktop":{"background-color":"var(--ast-global-color-4)","background-image":"","background-repeat":"repeat","background-position":"center center","background-size":"auto","background-attachment":"scroll","background-type":"","background-media":"","overlay-type":"","overlay-color":"","overlay-opacity":"","overlay-gradient":""},"tablet":{"background-color":"var(--ast-global-color-4)","background-image":"","background-repeat":"repeat","background-position":"center center","background-size":"auto","background-attachment":"scroll","background-type":"","background-media":"","overlay-type":"","overlay-color":"","overlay-opacity":"","overlay-gradient":""},"mobile":{"background-color":"var(--ast-global-color-4)","background-image":"","background-repeat":"repeat","background-position":"center center","background-size":"auto","background-attachment":"scroll","background-type":"","background-media":"","overlay-type":"","overlay-color":"","overlay-opacity":"","overlay-gradient":""}}},"product_brand":[],"product_cat":[15],"product_tag":[],"class_list":{"0":"post-13958","1":"product","2":"type-product","3":"status-publish","4":"has-post-thumbnail","6":"product_cat-uncategorized","7":"desktop-align-left","8":"tablet-align-left","9":"mobile-align-left","11":"first","12":"instock","13":"shipping-taxable","14":"purchasable","15":"product-type-simple"},"acf":[],"yoast_head":"<!-- This site is optimized with the Yoast SEO plugin v27.0 - https:\/\/yoast.com\/product\/yoast-seo-wordpress\/ -->\n<title>Amy Vanderbilt \u201eViskas apie etiket\u0105\u201c<\/title>\n<meta name=\"description\" content=\"\u0160i knyga laikoma vienu i\u0161 detaliausi\u0173 ir geriausi\u0173 etiketo vadov\u0117li\u0173. Nuovokus skaitytojas joje ras praktini\u0173 patarim\u0173 visiems gyvenimo atvejams: kaip\" \/>\n<meta name=\"robots\" content=\"index, follow, max-snippet:-1, max-image-preview:large, max-video-preview:-1\" \/>\n<link rel=\"canonical\" href=\"https:\/\/skaitytaknyga.lt\/en\/produktas\/amy-vanderbilt-viskas-apie-etiketa\/\" \/>\n<meta property=\"og:locale\" content=\"en_GB\" \/>\n<meta property=\"og:locale:alternate\" content=\"lt_LT\" \/>\n<meta property=\"og:type\" content=\"article\" \/>\n<meta property=\"og:title\" content=\"Amy Vanderbilt \u201eViskas apie etiket\u0105\u201c\" \/>\n<meta property=\"og:description\" content=\"\u0160i knyga laikoma vienu i\u0161 detaliausi\u0173 ir geriausi\u0173 etiketo vadov\u0117li\u0173. Nuovokus skaitytojas joje ras praktini\u0173 patarim\u0173 visiems gyvenimo atvejams: kaip\" \/>\n<meta property=\"og:url\" content=\"https:\/\/skaitytaknyga.lt\/en\/produktas\/amy-vanderbilt-viskas-apie-etiketa\/\" \/>\n<meta property=\"og:site_name\" content=\"Skaitytaknyga\" \/>\n<meta property=\"article:publisher\" content=\"https:\/\/www.facebook.com\/skaitytaknyga\/\" \/>\n<meta property=\"article:modified_time\" content=\"2025-06-28T10:07:53+00:00\" \/>\n<meta property=\"og:image\" content=\"https:\/\/skaitytaknyga.lt\/wp-content\/uploads\/2024\/09\/Viskas-apie-etiketa.webp\" \/>\n\t<meta property=\"og:image:width\" content=\"538\" \/>\n\t<meta property=\"og:image:height\" content=\"799\" \/>\n\t<meta property=\"og:image:type\" content=\"image\/webp\" \/>\n<meta name=\"twitter:card\" content=\"summary_large_image\" \/>\n<meta name=\"twitter:label1\" content=\"Estimated reading time\" \/>\n\t<meta name=\"twitter:data1\" content=\"1 minute\" \/>\n<script type=\"application\/ld+json\" class=\"yoast-schema-graph\">{\"@context\":\"https:\/\/schema.org\",\"@graph\":[{\"@type\":\"WebPage\",\"@id\":\"https:\/\/skaitytaknyga.lt\/produktas\/amy-vanderbilt-viskas-apie-etiketa\/\",\"url\":\"https:\/\/skaitytaknyga.lt\/produktas\/amy-vanderbilt-viskas-apie-etiketa\/\",\"name\":\"Amy Vanderbilt \u201eViskas apie etiket\u0105\u201c\",\"isPartOf\":{\"@id\":\"https:\/\/skaitytaknyga.lt\/#website\"},\"primaryImageOfPage\":{\"@id\":\"https:\/\/skaitytaknyga.lt\/produktas\/amy-vanderbilt-viskas-apie-etiketa\/#primaryimage\"},\"image\":{\"@id\":\"https:\/\/skaitytaknyga.lt\/produktas\/amy-vanderbilt-viskas-apie-etiketa\/#primaryimage\"},\"thumbnailUrl\":\"https:\/\/skaitytaknyga.lt\/wp-content\/uploads\/2024\/09\/Viskas-apie-etiketa.webp\",\"datePublished\":\"2024-09-11T10:59:44+00:00\",\"dateModified\":\"2025-06-28T10:07:53+00:00\",\"description\":\"\u0160i knyga laikoma vienu i\u0161 detaliausi\u0173 ir geriausi\u0173 etiketo vadov\u0117li\u0173. Nuovokus skaitytojas joje ras praktini\u0173 patarim\u0173 visiems gyvenimo atvejams: kaip\",\"breadcrumb\":{\"@id\":\"https:\/\/skaitytaknyga.lt\/produktas\/amy-vanderbilt-viskas-apie-etiketa\/#breadcrumb\"},\"inLanguage\":\"en-GB\",\"potentialAction\":[{\"@type\":\"ReadAction\",\"target\":[\"https:\/\/skaitytaknyga.lt\/produktas\/amy-vanderbilt-viskas-apie-etiketa\/\"]}]},{\"@type\":\"ImageObject\",\"inLanguage\":\"en-GB\",\"@id\":\"https:\/\/skaitytaknyga.lt\/produktas\/amy-vanderbilt-viskas-apie-etiketa\/#primaryimage\",\"url\":\"https:\/\/skaitytaknyga.lt\/wp-content\/uploads\/2024\/09\/Viskas-apie-etiketa.webp\",\"contentUrl\":\"https:\/\/skaitytaknyga.lt\/wp-content\/uploads\/2024\/09\/Viskas-apie-etiketa.webp\",\"width\":538,\"height\":799,\"caption\":\"Viskas apie etiket\u0105\"},{\"@type\":\"BreadcrumbList\",\"@id\":\"https:\/\/skaitytaknyga.lt\/produktas\/amy-vanderbilt-viskas-apie-etiketa\/#breadcrumb\",\"itemListElement\":[{\"@type\":\"ListItem\",\"position\":1,\"name\":\"Home\",\"item\":\"https:\/\/skaitytaknyga.lt\/\"},{\"@type\":\"ListItem\",\"position\":2,\"name\":\"Parduotuv\u0117\",\"item\":\"https:\/\/skaitytaknyga.lt\/knygu-parduotuve\/\"},{\"@type\":\"ListItem\",\"position\":3,\"name\":\"Amy Vanderbilt \u201eViskas apie etiket\u0105\u201c\"}]},{\"@type\":\"WebSite\",\"@id\":\"https:\/\/skaitytaknyga.lt\/#website\",\"url\":\"https:\/\/skaitytaknyga.lt\/\",\"name\":\"skaitytaknyga.lt\",\"description\":\"Skaitytaknyga.lt \u2013 tai ma\u017eas \u0161eimos verslas, kuris prasid\u0117jo nuo meil\u0117s knygoms ir siekio i\u0161gelb\u0117ti knygas nuo likimo prie konteinerio. Kas vienam nereikalingas daiktas \u2013 kitam lobis, o mes esame tarpininkai, kurie padeda abiems tapti laimingesniems ???? \u017dinome kaip nelengva i\u0161gyventi ma\u017eiems verslams, tad nuo \u0161iol, \u010dia rasite ir kit\u0173, ma\u017e\u0173 \u0161eim\u0173 versl\u0173, rank\u0173 darbo, dovan\u0173 sau ir artimiesiems.\",\"publisher\":{\"@id\":\"https:\/\/skaitytaknyga.lt\/#organization\"},\"potentialAction\":[{\"@type\":\"SearchAction\",\"target\":{\"@type\":\"EntryPoint\",\"urlTemplate\":\"https:\/\/skaitytaknyga.lt\/?s={search_term_string}\"},\"query-input\":{\"@type\":\"PropertyValueSpecification\",\"valueRequired\":true,\"valueName\":\"search_term_string\"}}],\"inLanguage\":\"en-GB\"},{\"@type\":\"Organization\",\"@id\":\"https:\/\/skaitytaknyga.lt\/#organization\",\"name\":\"skaitytaknyga.lt\",\"url\":\"https:\/\/skaitytaknyga.lt\/\",\"logo\":{\"@type\":\"ImageObject\",\"inLanguage\":\"en-GB\",\"@id\":\"https:\/\/skaitytaknyga.lt\/#\/schema\/logo\/image\/\",\"url\":\"https:\/\/skaitytaknyga.lt\/wp-content\/uploads\/2024\/05\/cropped-cropped-cropped-02_00843_jt3bggkj1j3HLc7SyY6rEUpg.jpeg\",\"contentUrl\":\"https:\/\/skaitytaknyga.lt\/wp-content\/uploads\/2024\/05\/cropped-cropped-cropped-02_00843_jt3bggkj1j3HLc7SyY6rEUpg.jpeg\",\"width\":1600,\"height\":1600,\"caption\":\"skaitytaknyga.lt\"},\"image\":{\"@id\":\"https:\/\/skaitytaknyga.lt\/#\/schema\/logo\/image\/\"},\"sameAs\":[\"https:\/\/www.facebook.com\/skaitytaknyga\/\"]}]}<\/script>\n<!-- \/ Yoast SEO plugin. -->","yoast_head_json":{"title":"Amy Vanderbilt \u201eViskas apie etiket\u0105\u201c","description":"\u0160i knyga laikoma vienu i\u0161 detaliausi\u0173 ir geriausi\u0173 etiketo vadov\u0117li\u0173. Nuovokus skaitytojas joje ras praktini\u0173 patarim\u0173 visiems gyvenimo atvejams: kaip","robots":{"index":"index","follow":"follow","max-snippet":"max-snippet:-1","max-image-preview":"max-image-preview:large","max-video-preview":"max-video-preview:-1"},"canonical":"https:\/\/skaitytaknyga.lt\/en\/produktas\/amy-vanderbilt-viskas-apie-etiketa\/","og_locale":"en_GB","og_type":"article","og_title":"[:lt]Amy Vanderbilt \u201eViskas apie etiket\u0105\u201c[:] - Skaitytaknyga","og_description":"\u0160i knyga laikoma vienu i\u0161 detaliausi\u0173 ir geriausi\u0173 etiketo vadov\u0117li\u0173. Nuovokus skaitytojas joje ras praktini\u0173 patarim\u0173 visiems gyvenimo atvejams: kaip","og_url":"https:\/\/skaitytaknyga.lt\/en\/produktas\/amy-vanderbilt-viskas-apie-etiketa\/","og_site_name":"Skaitytaknyga","article_publisher":"https:\/\/www.facebook.com\/skaitytaknyga\/","article_modified_time":"2025-06-28T10:07:53+00:00","og_image":[{"width":538,"height":799,"url":"https:\/\/skaitytaknyga.lt\/wp-content\/uploads\/2024\/09\/Viskas-apie-etiketa.webp","type":"image\/webp"}],"twitter_card":"summary_large_image","twitter_misc":{"Estimated reading time":"1 minute"},"schema":{"@context":"https:\/\/schema.org","@graph":[{"@type":"WebPage","@id":"https:\/\/skaitytaknyga.lt\/produktas\/amy-vanderbilt-viskas-apie-etiketa\/","url":"https:\/\/skaitytaknyga.lt\/produktas\/amy-vanderbilt-viskas-apie-etiketa\/","name":"Amy Vanderbilt \u201eViskas apie etiket\u0105\u201c","isPartOf":{"@id":"https:\/\/skaitytaknyga.lt\/#website"},"primaryImageOfPage":{"@id":"https:\/\/skaitytaknyga.lt\/produktas\/amy-vanderbilt-viskas-apie-etiketa\/#primaryimage"},"image":{"@id":"https:\/\/skaitytaknyga.lt\/produktas\/amy-vanderbilt-viskas-apie-etiketa\/#primaryimage"},"thumbnailUrl":"https:\/\/skaitytaknyga.lt\/wp-content\/uploads\/2024\/09\/Viskas-apie-etiketa.webp","datePublished":"2024-09-11T10:59:44+00:00","dateModified":"2025-06-28T10:07:53+00:00","description":"\u0160i knyga laikoma vienu i\u0161 detaliausi\u0173 ir geriausi\u0173 etiketo vadov\u0117li\u0173. Nuovokus skaitytojas joje ras praktini\u0173 patarim\u0173 visiems gyvenimo atvejams: kaip","breadcrumb":{"@id":"https:\/\/skaitytaknyga.lt\/produktas\/amy-vanderbilt-viskas-apie-etiketa\/#breadcrumb"},"inLanguage":"en-GB","potentialAction":[{"@type":"ReadAction","target":["https:\/\/skaitytaknyga.lt\/produktas\/amy-vanderbilt-viskas-apie-etiketa\/"]}]},{"@type":"ImageObject","inLanguage":"en-GB","@id":"https:\/\/skaitytaknyga.lt\/produktas\/amy-vanderbilt-viskas-apie-etiketa\/#primaryimage","url":"https:\/\/skaitytaknyga.lt\/wp-content\/uploads\/2024\/09\/Viskas-apie-etiketa.webp","contentUrl":"https:\/\/skaitytaknyga.lt\/wp-content\/uploads\/2024\/09\/Viskas-apie-etiketa.webp","width":538,"height":799,"caption":"Viskas apie etiket\u0105"},{"@type":"BreadcrumbList","@id":"https:\/\/skaitytaknyga.lt\/produktas\/amy-vanderbilt-viskas-apie-etiketa\/#breadcrumb","itemListElement":[{"@type":"ListItem","position":1,"name":"Home","item":"https:\/\/skaitytaknyga.lt\/"},{"@type":"ListItem","position":2,"name":"Parduotuv\u0117","item":"https:\/\/skaitytaknyga.lt\/knygu-parduotuve\/"},{"@type":"ListItem","position":3,"name":"Amy Vanderbilt \u201eViskas apie etiket\u0105\u201c"}]},{"@type":"WebSite","@id":"https:\/\/skaitytaknyga.lt\/#website","url":"https:\/\/skaitytaknyga.lt\/","name":"skaitytaknyga.lt","description":"Skaitytaknyga.lt \u2013 tai ma\u017eas \u0161eimos verslas, kuris prasid\u0117jo nuo meil\u0117s knygoms ir siekio i\u0161gelb\u0117ti knygas nuo likimo prie konteinerio. Kas vienam nereikalingas daiktas \u2013 kitam lobis, o mes esame tarpininkai, kurie padeda abiems tapti laimingesniems ???? \u017dinome kaip nelengva i\u0161gyventi ma\u017eiems verslams, tad nuo \u0161iol, \u010dia rasite ir kit\u0173, ma\u017e\u0173 \u0161eim\u0173 versl\u0173, rank\u0173 darbo, dovan\u0173 sau ir artimiesiems.","publisher":{"@id":"https:\/\/skaitytaknyga.lt\/#organization"},"potentialAction":[{"@type":"SearchAction","target":{"@type":"EntryPoint","urlTemplate":"https:\/\/skaitytaknyga.lt\/?s={search_term_string}"},"query-input":{"@type":"PropertyValueSpecification","valueRequired":true,"valueName":"search_term_string"}}],"inLanguage":"en-GB"},{"@type":"Organization","@id":"https:\/\/skaitytaknyga.lt\/#organization","name":"skaitytaknyga.lt","url":"https:\/\/skaitytaknyga.lt\/","logo":{"@type":"ImageObject","inLanguage":"en-GB","@id":"https:\/\/skaitytaknyga.lt\/#\/schema\/logo\/image\/","url":"https:\/\/skaitytaknyga.lt\/wp-content\/uploads\/2024\/05\/cropped-cropped-cropped-02_00843_jt3bggkj1j3HLc7SyY6rEUpg.jpeg","contentUrl":"https:\/\/skaitytaknyga.lt\/wp-content\/uploads\/2024\/05\/cropped-cropped-cropped-02_00843_jt3bggkj1j3HLc7SyY6rEUpg.jpeg","width":1600,"height":1600,"caption":"skaitytaknyga.lt"},"image":{"@id":"https:\/\/skaitytaknyga.lt\/#\/schema\/logo\/image\/"},"sameAs":["https:\/\/www.facebook.com\/skaitytaknyga\/"]}]}},"_links":{"self":[{"href":"https:\/\/skaitytaknyga.lt\/en\/wp-json\/wp\/v2\/product\/13958","targetHints":{"allow":["GET"]}}],"collection":[{"href":"https:\/\/skaitytaknyga.lt\/en\/wp-json\/wp\/v2\/product"}],"about":[{"href":"https:\/\/skaitytaknyga.lt\/en\/wp-json\/wp\/v2\/types\/product"}],"replies":[{"embeddable":true,"href":"https:\/\/skaitytaknyga.lt\/en\/wp-json\/wp\/v2\/comments?post=13958"}],"wp:featuredmedia":[{"embeddable":true,"href":"https:\/\/skaitytaknyga.lt\/en\/wp-json\/wp\/v2\/media\/14062"}],"wp:attachment":[{"href":"https:\/\/skaitytaknyga.lt\/en\/wp-json\/wp\/v2\/media?parent=13958"}],"wp:term":[{"taxonomy":"product_brand","embeddable":true,"href":"https:\/\/skaitytaknyga.lt\/en\/wp-json\/wp\/v2\/product_brand?post=13958"},{"taxonomy":"product_cat","embeddable":true,"href":"https:\/\/skaitytaknyga.lt\/en\/wp-json\/wp\/v2\/product_cat?post=13958"},{"taxonomy":"product_tag","embeddable":true,"href":"https:\/\/skaitytaknyga.lt\/en\/wp-json\/wp\/v2\/product_tag?post=13958"}],"curies":[{"name":"wp","href":"https:\/\/api.w.org\/{rel}","templated":true}]}}