{"id":13951,"date":"2024-09-11T13:59:43","date_gmt":"2024-09-11T10:59:43","guid":{"rendered":"https:\/\/skaitytaknyga.lt\/?post_type=product&#038;p=13951"},"modified":"2026-02-25T09:25:19","modified_gmt":"2026-02-25T07:25:19","slug":"ne-dienos-be-lietuviu-kalbos-vadovelis","status":"publish","type":"product","link":"https:\/\/skaitytaknyga.lt\/en\/produktas\/ne-dienos-be-lietuviu-kalbos-vadovelis\/","title":{"rendered":"N\u0117 dienos be lietuvi\u0173 kalbos. Vadov\u0117lis"},"content":{"rendered":"<p>Lietuvi\u0173 kalbos vadov\u0117lis pradedantiesiems<\/p>\n<p>\u201eN\u0117 dienos be lietuvi\u0173 kalbos\u201c skiriamas ir jaunesniems, ir vyresniems \u012fvairi\u0173 profesij\u0173 \u017emon\u0117ms, pradedantiems mokytis lietuvi\u0173 kalbos. \u0160is vadov\u0117lis pad\u0117s pasiekti \u201ePusiaukel\u0117s\u201c kalbos mok\u0117jimo lyg\u012f, pasirengti LR pilietyb\u0117s ir valstybin\u0117s kalbos I kvalifikacin\u0117s kategorijos egzaminams. Jeigu tik pradedate mokytis lietuvi\u0173 kalbos, rekomenduojame mokytis su mokytoju. Vadov\u0117lis tiks ir jau \u0161iek tiek kalbantiems lietuvi\u0161kai. Paprastai ir ai\u0161kiai pateikti lietuvi\u0173 kalbos gramatikos pagrindai bus jums nesunkiai suprantami, &#8220;Mokytojo knygoje&#8221; rasite u\u017eduo\u010di\u0173 atsakymus.<\/p>\n<p>\u201eMokinio knygoje\u201c yra 12 pamok\u0173. Kiekviena pamoka susideda i\u0161 \u0161e\u0161i\u0173 dali\u0173: \u201ePokalbi\u0173\u201c, \u201e\u017dodyno\u201c, \u201eGramatikos\u201c, \u201eGramatikos, \u017eodyno ir kalb\u0117jimo u\u017eduo\u010di\u0173\u201c, \u201eKlausymo\u201c ir \u201eSkaitymo\u201c.<\/p>\n<ul class=\"about-product d-none d-xl-block mt-4\">\n<li><strong>Autorius:<\/strong>\u00a0Virginija Stumbrien\u0117,\u00a0Aurelija Ka\u0161kelevi\u010di\u016bt\u0117<\/li>\n<li><strong>Leid\u0117jas:<\/strong>\u00a0Gimtasis \u017eodis<\/li>\n<li><strong>Metai:<\/strong>\u00a02004<\/li>\n<li><strong>Puslapiai:<\/strong>\u00a0288<\/li>\n<li><strong>ISBN:<\/strong>\u00a09789986453987<\/li>\n<li><strong>Versijos kodas:<\/strong>\u00a0PT.<\/li>\n<li><strong>Formatas:<\/strong>\u00a019,5 x 28 cm, mink\u0161ti vir\u0161eliai<\/li>\n<li><strong>Kalba:<\/strong>\u00a0Lietuvi\u0173<\/li>\n<\/ul>\n","protected":false},"excerpt":{"rendered":"<p>Lietuvi\u0173 kalbos vadov\u0117lis pradedantiesiems \u201eN\u0117 dienos be lietuvi\u0173 kalbos\u201c skiriamas ir jaunesniems, ir vyresniems \u012fvairi\u0173 profesij\u0173 \u017emon\u0117ms, pradedantiems mokytis lietuvi\u0173 kalbos. \u0160is vadov\u0117lis pad\u0117s pasiekti \u201ePusiaukel\u0117s\u201c kalbos mok\u0117jimo lyg\u012f, pasirengti LR pilietyb\u0117s ir valstybin\u0117s kalbos I kvalifikacin\u0117s kategorijos egzaminams. Jeigu tik pradedate mokytis lietuvi\u0173 kalbos, rekomenduojame mokytis su mokytoju. Vadov\u0117lis tiks ir jau \u0161iek tiek kalbantiems lietuvi\u0161kai. Paprastai ir ai\u0161kiai pateikti lietuvi\u0173 kalbos gramatikos pagrindai bus jums nesunkiai suprantami, &#8220;Mokytojo knygoje&#8221; rasite u\u017eduo\u010di\u0173 atsakymus. \u201eMokinio knygoje\u201c yra 12 pamok\u0173. Kiekviena pamoka susideda i\u0161 \u0161e\u0161i\u0173 dali\u0173: \u201ePokalbi\u0173\u201c, \u201e\u017dodyno\u201c, \u201eGramatikos\u201c, \u201eGramatikos, \u017eodyno ir kalb\u0117jimo u\u017eduo\u010di\u0173\u201c, \u201eKlausymo\u201c ir \u201eSkaitymo\u201c. Autorius:\u00a0Virginija Stumbrien\u0117,\u00a0Aurelija Ka\u0161kelevi\u010di\u016bt\u0117 Leid\u0117jas:\u00a0Gimtasis \u017eodis Metai:\u00a02004 Puslapiai:\u00a0288 ISBN:\u00a09789986453987 Versijos kodas:\u00a0PT. Formatas:\u00a019,5 x 28 cm, mink\u0161ti vir\u0161eliai Kalba:\u00a0Lietuvi\u0173<\/p>\n","protected":false},"featured_media":13961,"comment_status":"open","ping_status":"closed","template":"","meta":{"_acf_changed":false,"site-sidebar-layout":"default","site-content-layout":"","ast-site-content-layout":"default","site-content-style":"default","site-sidebar-style":"default","ast-global-header-display":"","ast-banner-title-visibility":"","ast-main-header-display":"","ast-hfb-above-header-display":"","ast-hfb-below-header-display":"","ast-hfb-mobile-header-display":"","site-post-title":"","ast-breadcrumbs-content":"","ast-featured-img":"","footer-sml-layout":"","ast-disable-related-posts":"","theme-transparent-header-meta":"default","adv-header-id-meta":"","stick-header-meta":"","header-above-stick-meta":"","header-main-stick-meta":"","header-below-stick-meta":"","astra-migrate-meta-layouts":"set","ast-page-background-enabled":"default","ast-page-background-meta":{"desktop":{"background-color":"","background-image":"","background-repeat":"repeat","background-position":"center center","background-size":"auto","background-attachment":"scroll","background-type":"","background-media":"","overlay-type":"","overlay-color":"","overlay-opacity":"","overlay-gradient":""},"tablet":{"background-color":"","background-image":"","background-repeat":"repeat","background-position":"center center","background-size":"auto","background-attachment":"scroll","background-type":"","background-media":"","overlay-type":"","overlay-color":"","overlay-opacity":"","overlay-gradient":""},"mobile":{"background-color":"","background-image":"","background-repeat":"repeat","background-position":"center center","background-size":"auto","background-attachment":"scroll","background-type":"","background-media":"","overlay-type":"","overlay-color":"","overlay-opacity":"","overlay-gradient":""}},"ast-content-background-meta":{"desktop":{"background-color":"var(--ast-global-color-4)","background-image":"","background-repeat":"repeat","background-position":"center center","background-size":"auto","background-attachment":"scroll","background-type":"","background-media":"","overlay-type":"","overlay-color":"","overlay-opacity":"","overlay-gradient":""},"tablet":{"background-color":"var(--ast-global-color-4)","background-image":"","background-repeat":"repeat","background-position":"center center","background-size":"auto","background-attachment":"scroll","background-type":"","background-media":"","overlay-type":"","overlay-color":"","overlay-opacity":"","overlay-gradient":""},"mobile":{"background-color":"var(--ast-global-color-4)","background-image":"","background-repeat":"repeat","background-position":"center center","background-size":"auto","background-attachment":"scroll","background-type":"","background-media":"","overlay-type":"","overlay-color":"","overlay-opacity":"","overlay-gradient":""}}},"product_brand":[],"product_cat":[15],"product_tag":[],"class_list":{"0":"post-13951","1":"product","2":"type-product","3":"status-publish","4":"has-post-thumbnail","6":"product_cat-uncategorized","7":"desktop-align-left","8":"tablet-align-left","9":"mobile-align-left","11":"first","12":"instock","13":"shipping-taxable","14":"purchasable","15":"product-type-simple"},"acf":[],"yoast_head":"<!-- This site is optimized with the Yoast SEO plugin v27.4 - https:\/\/yoast.com\/product\/yoast-seo-wordpress\/ -->\n<title>N\u0117 dienos be lietuvi\u0173 kalbos. Vadov\u0117lis<\/title>\n<meta name=\"description\" content=\"Lietuvi\u0173 kalbos vadov\u0117lis pradedantiesiems \u201eN\u0117 dienos be lietuvi\u0173 kalbos\u201c skiriamas ir jaunesniems, ir vyresniems \u012fvairi\u0173 profesij\u0173 \u017emon\u0117ms, pradedantiems\" \/>\n<meta name=\"robots\" content=\"index, follow, max-snippet:-1, max-image-preview:large, max-video-preview:-1\" \/>\n<link rel=\"canonical\" href=\"https:\/\/skaitytaknyga.lt\/en\/produktas\/ne-dienos-be-lietuviu-kalbos-vadovelis\/\" \/>\n<meta property=\"og:locale\" content=\"en_GB\" \/>\n<meta property=\"og:locale:alternate\" content=\"lt_LT\" \/>\n<meta property=\"og:type\" content=\"article\" \/>\n<meta property=\"og:title\" content=\"N\u0117 dienos be lietuvi\u0173 kalbos. Vadov\u0117lis\" \/>\n<meta property=\"og:description\" content=\"Lietuvi\u0173 kalbos vadov\u0117lis pradedantiesiems \u201eN\u0117 dienos be lietuvi\u0173 kalbos\u201c skiriamas ir jaunesniems, ir vyresniems \u012fvairi\u0173 profesij\u0173 \u017emon\u0117ms, pradedantiems\" \/>\n<meta property=\"og:url\" content=\"https:\/\/skaitytaknyga.lt\/en\/produktas\/ne-dienos-be-lietuviu-kalbos-vadovelis\/\" \/>\n<meta property=\"og:site_name\" content=\"Skaitytaknyga\" \/>\n<meta property=\"article:publisher\" content=\"https:\/\/www.facebook.com\/skaitytaknyga\/\" \/>\n<meta property=\"article:modified_time\" content=\"2026-02-25T07:25:19+00:00\" \/>\n<meta property=\"og:image\" content=\"https:\/\/skaitytaknyga.lt\/wp-content\/uploads\/2024\/09\/Ne-dienos-be-lietuviu-kalbos.-Vadovelis.webp\" \/>\n\t<meta property=\"og:image:width\" content=\"575\" \/>\n\t<meta property=\"og:image:height\" content=\"800\" \/>\n\t<meta property=\"og:image:type\" content=\"image\/webp\" \/>\n<meta name=\"twitter:card\" content=\"summary_large_image\" \/>\n<meta name=\"twitter:label1\" content=\"Estimated reading time\" \/>\n\t<meta name=\"twitter:data1\" content=\"1 minute\" \/>\n<script type=\"application\/ld+json\" class=\"yoast-schema-graph\">{\"@context\":\"https:\\\/\\\/schema.org\",\"@graph\":[{\"@type\":\"WebPage\",\"@id\":\"https:\\\/\\\/skaitytaknyga.lt\\\/produktas\\\/ne-dienos-be-lietuviu-kalbos-vadovelis\\\/\",\"url\":\"https:\\\/\\\/skaitytaknyga.lt\\\/produktas\\\/ne-dienos-be-lietuviu-kalbos-vadovelis\\\/\",\"name\":\"N\u0117 dienos be lietuvi\u0173 kalbos. Vadov\u0117lis\",\"isPartOf\":{\"@id\":\"https:\\\/\\\/skaitytaknyga.lt\\\/#website\"},\"primaryImageOfPage\":{\"@id\":\"https:\\\/\\\/skaitytaknyga.lt\\\/produktas\\\/ne-dienos-be-lietuviu-kalbos-vadovelis\\\/#primaryimage\"},\"image\":{\"@id\":\"https:\\\/\\\/skaitytaknyga.lt\\\/produktas\\\/ne-dienos-be-lietuviu-kalbos-vadovelis\\\/#primaryimage\"},\"thumbnailUrl\":\"https:\\\/\\\/skaitytaknyga.lt\\\/wp-content\\\/uploads\\\/2024\\\/09\\\/Ne-dienos-be-lietuviu-kalbos.-Vadovelis.webp\",\"datePublished\":\"2024-09-11T10:59:43+00:00\",\"dateModified\":\"2026-02-25T07:25:19+00:00\",\"description\":\"Lietuvi\u0173 kalbos vadov\u0117lis pradedantiesiems \u201eN\u0117 dienos be lietuvi\u0173 kalbos\u201c skiriamas ir jaunesniems, ir vyresniems \u012fvairi\u0173 profesij\u0173 \u017emon\u0117ms, pradedantiems\",\"breadcrumb\":{\"@id\":\"https:\\\/\\\/skaitytaknyga.lt\\\/produktas\\\/ne-dienos-be-lietuviu-kalbos-vadovelis\\\/#breadcrumb\"},\"inLanguage\":\"en-GB\",\"potentialAction\":[{\"@type\":\"ReadAction\",\"target\":[\"https:\\\/\\\/skaitytaknyga.lt\\\/produktas\\\/ne-dienos-be-lietuviu-kalbos-vadovelis\\\/\"]}]},{\"@type\":\"ImageObject\",\"inLanguage\":\"en-GB\",\"@id\":\"https:\\\/\\\/skaitytaknyga.lt\\\/produktas\\\/ne-dienos-be-lietuviu-kalbos-vadovelis\\\/#primaryimage\",\"url\":\"https:\\\/\\\/skaitytaknyga.lt\\\/wp-content\\\/uploads\\\/2024\\\/09\\\/Ne-dienos-be-lietuviu-kalbos.-Vadovelis.webp\",\"contentUrl\":\"https:\\\/\\\/skaitytaknyga.lt\\\/wp-content\\\/uploads\\\/2024\\\/09\\\/Ne-dienos-be-lietuviu-kalbos.-Vadovelis.webp\",\"width\":575,\"height\":800,\"caption\":\"N\u0117 dienos be lietuvi\u0173 kalbos. Vadov\u0117lis\"},{\"@type\":\"BreadcrumbList\",\"@id\":\"https:\\\/\\\/skaitytaknyga.lt\\\/produktas\\\/ne-dienos-be-lietuviu-kalbos-vadovelis\\\/#breadcrumb\",\"itemListElement\":[{\"@type\":\"ListItem\",\"position\":1,\"name\":\"Home\",\"item\":\"https:\\\/\\\/skaitytaknyga.lt\\\/\"},{\"@type\":\"ListItem\",\"position\":2,\"name\":\"Parduotuv\u0117\",\"item\":\"https:\\\/\\\/skaitytaknyga.lt\\\/knygu-parduotuve\\\/\"},{\"@type\":\"ListItem\",\"position\":3,\"name\":\"N\u0117 dienos be lietuvi\u0173 kalbos. Vadov\u0117lis\"}]},{\"@type\":\"WebSite\",\"@id\":\"https:\\\/\\\/skaitytaknyga.lt\\\/#website\",\"url\":\"https:\\\/\\\/skaitytaknyga.lt\\\/\",\"name\":\"skaitytaknyga.lt\",\"description\":\"Skaitytaknyga.lt \u2013 tai ma\u017eas \u0161eimos verslas, kuris prasid\u0117jo nuo meil\u0117s knygoms ir siekio i\u0161gelb\u0117ti knygas nuo likimo prie konteinerio. Kas vienam nereikalingas daiktas \u2013 kitam lobis, o mes esame tarpininkai, kurie padeda abiems tapti laimingesniems ???? \u017dinome kaip nelengva i\u0161gyventi ma\u017eiems verslams, tad nuo \u0161iol, \u010dia rasite ir kit\u0173, ma\u017e\u0173 \u0161eim\u0173 versl\u0173, rank\u0173 darbo, dovan\u0173 sau ir artimiesiems.\",\"publisher\":{\"@id\":\"https:\\\/\\\/skaitytaknyga.lt\\\/#organization\"},\"potentialAction\":[{\"@type\":\"SearchAction\",\"target\":{\"@type\":\"EntryPoint\",\"urlTemplate\":\"https:\\\/\\\/skaitytaknyga.lt\\\/?s={search_term_string}\"},\"query-input\":{\"@type\":\"PropertyValueSpecification\",\"valueRequired\":true,\"valueName\":\"search_term_string\"}}],\"inLanguage\":\"en-GB\"},{\"@type\":\"Organization\",\"@id\":\"https:\\\/\\\/skaitytaknyga.lt\\\/#organization\",\"name\":\"skaitytaknyga.lt\",\"url\":\"https:\\\/\\\/skaitytaknyga.lt\\\/\",\"logo\":{\"@type\":\"ImageObject\",\"inLanguage\":\"en-GB\",\"@id\":\"https:\\\/\\\/skaitytaknyga.lt\\\/#\\\/schema\\\/logo\\\/image\\\/\",\"url\":\"https:\\\/\\\/skaitytaknyga.lt\\\/wp-content\\\/uploads\\\/2024\\\/05\\\/cropped-cropped-cropped-02_00843_jt3bggkj1j3HLc7SyY6rEUpg.jpeg\",\"contentUrl\":\"https:\\\/\\\/skaitytaknyga.lt\\\/wp-content\\\/uploads\\\/2024\\\/05\\\/cropped-cropped-cropped-02_00843_jt3bggkj1j3HLc7SyY6rEUpg.jpeg\",\"width\":1600,\"height\":1600,\"caption\":\"skaitytaknyga.lt\"},\"image\":{\"@id\":\"https:\\\/\\\/skaitytaknyga.lt\\\/#\\\/schema\\\/logo\\\/image\\\/\"},\"sameAs\":[\"https:\\\/\\\/www.facebook.com\\\/skaitytaknyga\\\/\"]}]}<\/script>\n<!-- \/ Yoast SEO plugin. -->","yoast_head_json":{"title":"N\u0117 dienos be lietuvi\u0173 kalbos. Vadov\u0117lis","description":"Lietuvi\u0173 kalbos vadov\u0117lis pradedantiesiems \u201eN\u0117 dienos be lietuvi\u0173 kalbos\u201c skiriamas ir jaunesniems, ir vyresniems \u012fvairi\u0173 profesij\u0173 \u017emon\u0117ms, pradedantiems","robots":{"index":"index","follow":"follow","max-snippet":"max-snippet:-1","max-image-preview":"max-image-preview:large","max-video-preview":"max-video-preview:-1"},"canonical":"https:\/\/skaitytaknyga.lt\/en\/produktas\/ne-dienos-be-lietuviu-kalbos-vadovelis\/","og_locale":"en_GB","og_type":"article","og_title":"[:lt]N\u0117 dienos be lietuvi\u0173 kalbos. Vadov\u0117lis[:] - Skaitytaknyga","og_description":"Lietuvi\u0173 kalbos vadov\u0117lis pradedantiesiems \u201eN\u0117 dienos be lietuvi\u0173 kalbos\u201c skiriamas ir jaunesniems, ir vyresniems \u012fvairi\u0173 profesij\u0173 \u017emon\u0117ms, pradedantiems","og_url":"https:\/\/skaitytaknyga.lt\/en\/produktas\/ne-dienos-be-lietuviu-kalbos-vadovelis\/","og_site_name":"Skaitytaknyga","article_publisher":"https:\/\/www.facebook.com\/skaitytaknyga\/","article_modified_time":"2026-02-25T07:25:19+00:00","og_image":[{"width":575,"height":800,"url":"https:\/\/skaitytaknyga.lt\/wp-content\/uploads\/2024\/09\/Ne-dienos-be-lietuviu-kalbos.-Vadovelis.webp","type":"image\/webp"}],"twitter_card":"summary_large_image","twitter_misc":{"Estimated reading time":"1 minute"},"schema":{"@context":"https:\/\/schema.org","@graph":[{"@type":"WebPage","@id":"https:\/\/skaitytaknyga.lt\/produktas\/ne-dienos-be-lietuviu-kalbos-vadovelis\/","url":"https:\/\/skaitytaknyga.lt\/produktas\/ne-dienos-be-lietuviu-kalbos-vadovelis\/","name":"N\u0117 dienos be lietuvi\u0173 kalbos. Vadov\u0117lis","isPartOf":{"@id":"https:\/\/skaitytaknyga.lt\/#website"},"primaryImageOfPage":{"@id":"https:\/\/skaitytaknyga.lt\/produktas\/ne-dienos-be-lietuviu-kalbos-vadovelis\/#primaryimage"},"image":{"@id":"https:\/\/skaitytaknyga.lt\/produktas\/ne-dienos-be-lietuviu-kalbos-vadovelis\/#primaryimage"},"thumbnailUrl":"https:\/\/skaitytaknyga.lt\/wp-content\/uploads\/2024\/09\/Ne-dienos-be-lietuviu-kalbos.-Vadovelis.webp","datePublished":"2024-09-11T10:59:43+00:00","dateModified":"2026-02-25T07:25:19+00:00","description":"Lietuvi\u0173 kalbos vadov\u0117lis pradedantiesiems \u201eN\u0117 dienos be lietuvi\u0173 kalbos\u201c skiriamas ir jaunesniems, ir vyresniems \u012fvairi\u0173 profesij\u0173 \u017emon\u0117ms, pradedantiems","breadcrumb":{"@id":"https:\/\/skaitytaknyga.lt\/produktas\/ne-dienos-be-lietuviu-kalbos-vadovelis\/#breadcrumb"},"inLanguage":"en-GB","potentialAction":[{"@type":"ReadAction","target":["https:\/\/skaitytaknyga.lt\/produktas\/ne-dienos-be-lietuviu-kalbos-vadovelis\/"]}]},{"@type":"ImageObject","inLanguage":"en-GB","@id":"https:\/\/skaitytaknyga.lt\/produktas\/ne-dienos-be-lietuviu-kalbos-vadovelis\/#primaryimage","url":"https:\/\/skaitytaknyga.lt\/wp-content\/uploads\/2024\/09\/Ne-dienos-be-lietuviu-kalbos.-Vadovelis.webp","contentUrl":"https:\/\/skaitytaknyga.lt\/wp-content\/uploads\/2024\/09\/Ne-dienos-be-lietuviu-kalbos.-Vadovelis.webp","width":575,"height":800,"caption":"N\u0117 dienos be lietuvi\u0173 kalbos. Vadov\u0117lis"},{"@type":"BreadcrumbList","@id":"https:\/\/skaitytaknyga.lt\/produktas\/ne-dienos-be-lietuviu-kalbos-vadovelis\/#breadcrumb","itemListElement":[{"@type":"ListItem","position":1,"name":"Home","item":"https:\/\/skaitytaknyga.lt\/"},{"@type":"ListItem","position":2,"name":"Parduotuv\u0117","item":"https:\/\/skaitytaknyga.lt\/knygu-parduotuve\/"},{"@type":"ListItem","position":3,"name":"N\u0117 dienos be lietuvi\u0173 kalbos. Vadov\u0117lis"}]},{"@type":"WebSite","@id":"https:\/\/skaitytaknyga.lt\/#website","url":"https:\/\/skaitytaknyga.lt\/","name":"skaitytaknyga.lt","description":"Skaitytaknyga.lt \u2013 tai ma\u017eas \u0161eimos verslas, kuris prasid\u0117jo nuo meil\u0117s knygoms ir siekio i\u0161gelb\u0117ti knygas nuo likimo prie konteinerio. Kas vienam nereikalingas daiktas \u2013 kitam lobis, o mes esame tarpininkai, kurie padeda abiems tapti laimingesniems ???? \u017dinome kaip nelengva i\u0161gyventi ma\u017eiems verslams, tad nuo \u0161iol, \u010dia rasite ir kit\u0173, ma\u017e\u0173 \u0161eim\u0173 versl\u0173, rank\u0173 darbo, dovan\u0173 sau ir artimiesiems.","publisher":{"@id":"https:\/\/skaitytaknyga.lt\/#organization"},"potentialAction":[{"@type":"SearchAction","target":{"@type":"EntryPoint","urlTemplate":"https:\/\/skaitytaknyga.lt\/?s={search_term_string}"},"query-input":{"@type":"PropertyValueSpecification","valueRequired":true,"valueName":"search_term_string"}}],"inLanguage":"en-GB"},{"@type":"Organization","@id":"https:\/\/skaitytaknyga.lt\/#organization","name":"skaitytaknyga.lt","url":"https:\/\/skaitytaknyga.lt\/","logo":{"@type":"ImageObject","inLanguage":"en-GB","@id":"https:\/\/skaitytaknyga.lt\/#\/schema\/logo\/image\/","url":"https:\/\/skaitytaknyga.lt\/wp-content\/uploads\/2024\/05\/cropped-cropped-cropped-02_00843_jt3bggkj1j3HLc7SyY6rEUpg.jpeg","contentUrl":"https:\/\/skaitytaknyga.lt\/wp-content\/uploads\/2024\/05\/cropped-cropped-cropped-02_00843_jt3bggkj1j3HLc7SyY6rEUpg.jpeg","width":1600,"height":1600,"caption":"skaitytaknyga.lt"},"image":{"@id":"https:\/\/skaitytaknyga.lt\/#\/schema\/logo\/image\/"},"sameAs":["https:\/\/www.facebook.com\/skaitytaknyga\/"]}]}},"_links":{"self":[{"href":"https:\/\/skaitytaknyga.lt\/en\/wp-json\/wp\/v2\/product\/13951","targetHints":{"allow":["GET"]}}],"collection":[{"href":"https:\/\/skaitytaknyga.lt\/en\/wp-json\/wp\/v2\/product"}],"about":[{"href":"https:\/\/skaitytaknyga.lt\/en\/wp-json\/wp\/v2\/types\/product"}],"replies":[{"embeddable":true,"href":"https:\/\/skaitytaknyga.lt\/en\/wp-json\/wp\/v2\/comments?post=13951"}],"wp:featuredmedia":[{"embeddable":true,"href":"https:\/\/skaitytaknyga.lt\/en\/wp-json\/wp\/v2\/media\/13961"}],"wp:attachment":[{"href":"https:\/\/skaitytaknyga.lt\/en\/wp-json\/wp\/v2\/media?parent=13951"}],"wp:term":[{"taxonomy":"product_brand","embeddable":true,"href":"https:\/\/skaitytaknyga.lt\/en\/wp-json\/wp\/v2\/product_brand?post=13951"},{"taxonomy":"product_cat","embeddable":true,"href":"https:\/\/skaitytaknyga.lt\/en\/wp-json\/wp\/v2\/product_cat?post=13951"},{"taxonomy":"product_tag","embeddable":true,"href":"https:\/\/skaitytaknyga.lt\/en\/wp-json\/wp\/v2\/product_tag?post=13951"}],"curies":[{"name":"wp","href":"https:\/\/api.w.org\/{rel}","templated":true}]}}