{"id":13950,"date":"2024-05-11T13:59:43","date_gmt":"2024-05-11T10:59:43","guid":{"rendered":"https:\/\/skaitytaknyga.lt\/?post_type=product&#038;p=13950"},"modified":"2026-02-27T12:10:44","modified_gmt":"2026-02-27T10:10:44","slug":"guy-de-maupassant-stipri-kaip-mirtis","status":"publish","type":"product","link":"https:\/\/skaitytaknyga.lt\/en\/produktas\/guy-de-maupassant-stipri-kaip-mirtis\/","title":{"rendered":"Guy de Maupassant \u201eStipri kaip mirtis\u201c"},"content":{"rendered":"<p>Pary\u017eiaus auk\u0161tuomen\u0117s numyl\u0117tinis pagyven\u0119s dailininkas Olivj\u0117 Bertenas \u012fsimyli savo ilgamet\u0117s meilu\u017e\u0117s dukter\u012f \u2013 jaunut\u0119 aristokrat\u0119 Anet\u0119. Deja, merginai jau parinktas tinkamas su\u017ead\u0117tinis \u2013 markizas de Farandalis. Dailinink\u0105 kamuoja meil\u0117, aistra ir pavydas. Prie baisi\u0173 vidini\u0173 kan\u010di\u0173 prisideda ir kritika pasenusiai jo k\u016brybai. Naujoji dailinink\u0173 karta \u2013 negailestinga. Ar tik \u0161ios aplinkyb\u0117s nebus tragi\u0161kos baigties \u0161aukliai?<\/p>\n<p><strong>Guy de Maupassant\u2019as<\/strong>\u00a0(1850\u20131893) \u2013 viena ry\u0161kiausi\u0173 XIX a. pranc\u016bz\u0173 literat\u016bros fig\u016br\u0173, meil\u0117s roman\u0173 meistras. Per trump\u0105 k\u016brybin\u012f laikotarp\u012f \u2013 de\u0161imt met\u0173 \u2013 ra\u0161ytojas para\u0161\u0117 \u0161e\u0161is romanus ir daugiau nei tris \u0161imtus noveli\u0173. Maupassant\u2019as prad\u0117jo kurti globojamas Gustave\u2019o Flaubert\u2019o, jo namuose susipa\u017eino su garsiais ano meto ra\u0161ytojais \u2013 \u00c9mile\u2019iu Zola ir Ivanu Turgenevu.<\/p>\n","protected":false},"excerpt":{"rendered":"<p>Pary\u017eiaus auk\u0161tuomen\u0117s numyl\u0117tinis pagyven\u0119s dailininkas Olivj\u0117 Bertenas \u012fsimyli savo ilgamet\u0117s meilu\u017e\u0117s dukter\u012f \u2013 jaunut\u0119 aristokrat\u0119 Anet\u0119. Deja, merginai jau parinktas tinkamas su\u017ead\u0117tinis \u2013 markizas de Farandalis. Dailinink\u0105 kamuoja meil\u0117, aistra ir pavydas. Prie baisi\u0173 vidini\u0173 kan\u010di\u0173 prisideda ir kritika pasenusiai jo k\u016brybai. Naujoji dailinink\u0173 karta \u2013 negailestinga. Ar tik \u0161ios aplinkyb\u0117s nebus tragi\u0161kos baigties \u0161aukliai? Guy de Maupassant\u2019as\u00a0(1850\u20131893) \u2013 viena ry\u0161kiausi\u0173 XIX a. pranc\u016bz\u0173 literat\u016bros fig\u016br\u0173, meil\u0117s roman\u0173 meistras. Per trump\u0105 k\u016brybin\u012f laikotarp\u012f \u2013 de\u0161imt met\u0173 \u2013 ra\u0161ytojas para\u0161\u0117 \u0161e\u0161is romanus ir daugiau nei tris \u0161imtus noveli\u0173. Maupassant\u2019as prad\u0117jo kurti globojamas Gustave\u2019o Flaubert\u2019o, jo namuose susipa\u017eino su garsiais ano meto ra\u0161ytojais \u2013 \u00c9mile\u2019iu Zola ir Ivanu Turgenevu.<\/p>\n","protected":false},"featured_media":13968,"comment_status":"open","ping_status":"closed","template":"","meta":{"_acf_changed":false,"site-sidebar-layout":"default","site-content-layout":"","ast-site-content-layout":"default","site-content-style":"default","site-sidebar-style":"default","ast-global-header-display":"","ast-banner-title-visibility":"","ast-main-header-display":"","ast-hfb-above-header-display":"","ast-hfb-below-header-display":"","ast-hfb-mobile-header-display":"","site-post-title":"","ast-breadcrumbs-content":"","ast-featured-img":"","footer-sml-layout":"","ast-disable-related-posts":"","theme-transparent-header-meta":"default","adv-header-id-meta":"","stick-header-meta":"","header-above-stick-meta":"","header-main-stick-meta":"","header-below-stick-meta":"","astra-migrate-meta-layouts":"set","ast-page-background-enabled":"default","ast-page-background-meta":{"desktop":{"background-color":"","background-image":"","background-repeat":"repeat","background-position":"center center","background-size":"auto","background-attachment":"scroll","background-type":"","background-media":"","overlay-type":"","overlay-color":"","overlay-opacity":"","overlay-gradient":""},"tablet":{"background-color":"","background-image":"","background-repeat":"repeat","background-position":"center center","background-size":"auto","background-attachment":"scroll","background-type":"","background-media":"","overlay-type":"","overlay-color":"","overlay-opacity":"","overlay-gradient":""},"mobile":{"background-color":"","background-image":"","background-repeat":"repeat","background-position":"center center","background-size":"auto","background-attachment":"scroll","background-type":"","background-media":"","overlay-type":"","overlay-color":"","overlay-opacity":"","overlay-gradient":""}},"ast-content-background-meta":{"desktop":{"background-color":"var(--ast-global-color-4)","background-image":"","background-repeat":"repeat","background-position":"center center","background-size":"auto","background-attachment":"scroll","background-type":"","background-media":"","overlay-type":"","overlay-color":"","overlay-opacity":"","overlay-gradient":""},"tablet":{"background-color":"var(--ast-global-color-4)","background-image":"","background-repeat":"repeat","background-position":"center center","background-size":"auto","background-attachment":"scroll","background-type":"","background-media":"","overlay-type":"","overlay-color":"","overlay-opacity":"","overlay-gradient":""},"mobile":{"background-color":"var(--ast-global-color-4)","background-image":"","background-repeat":"repeat","background-position":"center center","background-size":"auto","background-attachment":"scroll","background-type":"","background-media":"","overlay-type":"","overlay-color":"","overlay-opacity":"","overlay-gradient":""}}},"product_brand":[],"product_cat":[15,28],"product_tag":[],"class_list":{"0":"post-13950","1":"product","2":"type-product","3":"status-publish","4":"has-post-thumbnail","6":"product_cat-uncategorized","7":"product_cat-klasika","8":"desktop-align-left","9":"tablet-align-left","10":"mobile-align-left","12":"first","13":"instock","14":"shipping-taxable","15":"purchasable","16":"product-type-variable"},"acf":[],"yoast_head":"<!-- This site is optimized with the Yoast SEO plugin v27.0 - https:\/\/yoast.com\/product\/yoast-seo-wordpress\/ -->\n<title>Guy de Maupassant \u201eStipri kaip mirtis\u201c<\/title>\n<meta name=\"description\" content=\"Pary\u017eiaus auk\u0161tuomen\u0117s numyl\u0117tinis pagyven\u0119s dailininkas Olivj\u0117 Bertenas \u012fsimyli savo ilgamet\u0117s meilu\u017e\u0117s dukter\u012f \u2013 jaunut\u0119 aristokrat\u0119 Anet\u0119. Deja,\" \/>\n<meta name=\"robots\" content=\"index, follow, max-snippet:-1, max-image-preview:large, max-video-preview:-1\" \/>\n<link rel=\"canonical\" href=\"https:\/\/skaitytaknyga.lt\/en\/produktas\/guy-de-maupassant-stipri-kaip-mirtis\/\" \/>\n<meta property=\"og:locale\" content=\"en_GB\" \/>\n<meta property=\"og:locale:alternate\" content=\"lt_LT\" \/>\n<meta property=\"og:type\" content=\"article\" \/>\n<meta property=\"og:title\" content=\"Guy de Maupassant \u201eStipri kaip mirtis\u201c\" \/>\n<meta property=\"og:description\" content=\"Pary\u017eiaus auk\u0161tuomen\u0117s numyl\u0117tinis pagyven\u0119s dailininkas Olivj\u0117 Bertenas \u012fsimyli savo ilgamet\u0117s meilu\u017e\u0117s dukter\u012f \u2013 jaunut\u0119 aristokrat\u0119 Anet\u0119. Deja,\" \/>\n<meta property=\"og:url\" content=\"https:\/\/skaitytaknyga.lt\/en\/produktas\/guy-de-maupassant-stipri-kaip-mirtis\/\" \/>\n<meta property=\"og:site_name\" content=\"Skaitytaknyga\" \/>\n<meta property=\"article:publisher\" content=\"https:\/\/www.facebook.com\/skaitytaknyga\/\" \/>\n<meta property=\"article:modified_time\" content=\"2026-02-27T10:10:44+00:00\" \/>\n<meta property=\"og:image\" content=\"https:\/\/skaitytaknyga.lt\/wp-content\/uploads\/2024\/09\/Guy-de-Maupassant-\u201eStipri-kaip-mirtis.webp\" \/>\n\t<meta property=\"og:image:width\" content=\"442\" \/>\n\t<meta property=\"og:image:height\" content=\"652\" \/>\n\t<meta property=\"og:image:type\" content=\"image\/webp\" \/>\n<meta name=\"twitter:card\" content=\"summary_large_image\" \/>\n<meta name=\"twitter:label1\" content=\"Estimated reading time\" \/>\n\t<meta name=\"twitter:data1\" content=\"1 minute\" \/>\n<script type=\"application\/ld+json\" class=\"yoast-schema-graph\">{\"@context\":\"https:\/\/schema.org\",\"@graph\":[{\"@type\":\"WebPage\",\"@id\":\"https:\/\/skaitytaknyga.lt\/produktas\/guy-de-maupassant-stipri-kaip-mirtis\/\",\"url\":\"https:\/\/skaitytaknyga.lt\/produktas\/guy-de-maupassant-stipri-kaip-mirtis\/\",\"name\":\"Guy de Maupassant \u201eStipri kaip mirtis\u201c\",\"isPartOf\":{\"@id\":\"https:\/\/skaitytaknyga.lt\/#website\"},\"primaryImageOfPage\":{\"@id\":\"https:\/\/skaitytaknyga.lt\/produktas\/guy-de-maupassant-stipri-kaip-mirtis\/#primaryimage\"},\"image\":{\"@id\":\"https:\/\/skaitytaknyga.lt\/produktas\/guy-de-maupassant-stipri-kaip-mirtis\/#primaryimage\"},\"thumbnailUrl\":\"https:\/\/skaitytaknyga.lt\/wp-content\/uploads\/2024\/09\/Guy-de-Maupassant-\u201eStipri-kaip-mirtis.webp\",\"datePublished\":\"2024-05-11T10:59:43+00:00\",\"dateModified\":\"2026-02-27T10:10:44+00:00\",\"description\":\"Pary\u017eiaus auk\u0161tuomen\u0117s numyl\u0117tinis pagyven\u0119s dailininkas Olivj\u0117 Bertenas \u012fsimyli savo ilgamet\u0117s meilu\u017e\u0117s dukter\u012f \u2013 jaunut\u0119 aristokrat\u0119 Anet\u0119. Deja,\",\"breadcrumb\":{\"@id\":\"https:\/\/skaitytaknyga.lt\/produktas\/guy-de-maupassant-stipri-kaip-mirtis\/#breadcrumb\"},\"inLanguage\":\"en-GB\",\"potentialAction\":[{\"@type\":\"ReadAction\",\"target\":[\"https:\/\/skaitytaknyga.lt\/produktas\/guy-de-maupassant-stipri-kaip-mirtis\/\"]}]},{\"@type\":\"ImageObject\",\"inLanguage\":\"en-GB\",\"@id\":\"https:\/\/skaitytaknyga.lt\/produktas\/guy-de-maupassant-stipri-kaip-mirtis\/#primaryimage\",\"url\":\"https:\/\/skaitytaknyga.lt\/wp-content\/uploads\/2024\/09\/Guy-de-Maupassant-\u201eStipri-kaip-mirtis.webp\",\"contentUrl\":\"https:\/\/skaitytaknyga.lt\/wp-content\/uploads\/2024\/09\/Guy-de-Maupassant-\u201eStipri-kaip-mirtis.webp\",\"width\":442,\"height\":652,\"caption\":\"Guy de Maupassant \u201eStipri kaip mirtis\u201c\"},{\"@type\":\"BreadcrumbList\",\"@id\":\"https:\/\/skaitytaknyga.lt\/produktas\/guy-de-maupassant-stipri-kaip-mirtis\/#breadcrumb\",\"itemListElement\":[{\"@type\":\"ListItem\",\"position\":1,\"name\":\"Home\",\"item\":\"https:\/\/skaitytaknyga.lt\/\"},{\"@type\":\"ListItem\",\"position\":2,\"name\":\"Parduotuv\u0117\",\"item\":\"https:\/\/skaitytaknyga.lt\/knygu-parduotuve\/\"},{\"@type\":\"ListItem\",\"position\":3,\"name\":\"Guy de Maupassant \u201eStipri kaip mirtis\u201c\"}]},{\"@type\":\"WebSite\",\"@id\":\"https:\/\/skaitytaknyga.lt\/#website\",\"url\":\"https:\/\/skaitytaknyga.lt\/\",\"name\":\"skaitytaknyga.lt\",\"description\":\"Skaitytaknyga.lt \u2013 tai ma\u017eas \u0161eimos verslas, kuris prasid\u0117jo nuo meil\u0117s knygoms ir siekio i\u0161gelb\u0117ti knygas nuo likimo prie konteinerio. Kas vienam nereikalingas daiktas \u2013 kitam lobis, o mes esame tarpininkai, kurie padeda abiems tapti laimingesniems ???? \u017dinome kaip nelengva i\u0161gyventi ma\u017eiems verslams, tad nuo \u0161iol, \u010dia rasite ir kit\u0173, ma\u017e\u0173 \u0161eim\u0173 versl\u0173, rank\u0173 darbo, dovan\u0173 sau ir artimiesiems.\",\"publisher\":{\"@id\":\"https:\/\/skaitytaknyga.lt\/#organization\"},\"potentialAction\":[{\"@type\":\"SearchAction\",\"target\":{\"@type\":\"EntryPoint\",\"urlTemplate\":\"https:\/\/skaitytaknyga.lt\/?s={search_term_string}\"},\"query-input\":{\"@type\":\"PropertyValueSpecification\",\"valueRequired\":true,\"valueName\":\"search_term_string\"}}],\"inLanguage\":\"en-GB\"},{\"@type\":\"Organization\",\"@id\":\"https:\/\/skaitytaknyga.lt\/#organization\",\"name\":\"skaitytaknyga.lt\",\"url\":\"https:\/\/skaitytaknyga.lt\/\",\"logo\":{\"@type\":\"ImageObject\",\"inLanguage\":\"en-GB\",\"@id\":\"https:\/\/skaitytaknyga.lt\/#\/schema\/logo\/image\/\",\"url\":\"https:\/\/skaitytaknyga.lt\/wp-content\/uploads\/2024\/05\/cropped-cropped-cropped-02_00843_jt3bggkj1j3HLc7SyY6rEUpg.jpeg\",\"contentUrl\":\"https:\/\/skaitytaknyga.lt\/wp-content\/uploads\/2024\/05\/cropped-cropped-cropped-02_00843_jt3bggkj1j3HLc7SyY6rEUpg.jpeg\",\"width\":1600,\"height\":1600,\"caption\":\"skaitytaknyga.lt\"},\"image\":{\"@id\":\"https:\/\/skaitytaknyga.lt\/#\/schema\/logo\/image\/\"},\"sameAs\":[\"https:\/\/www.facebook.com\/skaitytaknyga\/\"]}]}<\/script>\n<!-- \/ Yoast SEO plugin. -->","yoast_head_json":{"title":"Guy de Maupassant \u201eStipri kaip mirtis\u201c","description":"Pary\u017eiaus auk\u0161tuomen\u0117s numyl\u0117tinis pagyven\u0119s dailininkas Olivj\u0117 Bertenas \u012fsimyli savo ilgamet\u0117s meilu\u017e\u0117s dukter\u012f \u2013 jaunut\u0119 aristokrat\u0119 Anet\u0119. Deja,","robots":{"index":"index","follow":"follow","max-snippet":"max-snippet:-1","max-image-preview":"max-image-preview:large","max-video-preview":"max-video-preview:-1"},"canonical":"https:\/\/skaitytaknyga.lt\/en\/produktas\/guy-de-maupassant-stipri-kaip-mirtis\/","og_locale":"en_GB","og_type":"article","og_title":"[:lt]Guy de Maupassant \u201eStipri kaip mirtis\u201c[:] - Skaitytaknyga","og_description":"Pary\u017eiaus auk\u0161tuomen\u0117s numyl\u0117tinis pagyven\u0119s dailininkas Olivj\u0117 Bertenas \u012fsimyli savo ilgamet\u0117s meilu\u017e\u0117s dukter\u012f \u2013 jaunut\u0119 aristokrat\u0119 Anet\u0119. Deja,","og_url":"https:\/\/skaitytaknyga.lt\/en\/produktas\/guy-de-maupassant-stipri-kaip-mirtis\/","og_site_name":"Skaitytaknyga","article_publisher":"https:\/\/www.facebook.com\/skaitytaknyga\/","article_modified_time":"2026-02-27T10:10:44+00:00","og_image":[{"width":442,"height":652,"url":"https:\/\/skaitytaknyga.lt\/wp-content\/uploads\/2024\/09\/Guy-de-Maupassant-\u201eStipri-kaip-mirtis.webp","type":"image\/webp"}],"twitter_card":"summary_large_image","twitter_misc":{"Estimated reading time":"1 minute"},"schema":{"@context":"https:\/\/schema.org","@graph":[{"@type":"WebPage","@id":"https:\/\/skaitytaknyga.lt\/produktas\/guy-de-maupassant-stipri-kaip-mirtis\/","url":"https:\/\/skaitytaknyga.lt\/produktas\/guy-de-maupassant-stipri-kaip-mirtis\/","name":"Guy de Maupassant \u201eStipri kaip mirtis\u201c","isPartOf":{"@id":"https:\/\/skaitytaknyga.lt\/#website"},"primaryImageOfPage":{"@id":"https:\/\/skaitytaknyga.lt\/produktas\/guy-de-maupassant-stipri-kaip-mirtis\/#primaryimage"},"image":{"@id":"https:\/\/skaitytaknyga.lt\/produktas\/guy-de-maupassant-stipri-kaip-mirtis\/#primaryimage"},"thumbnailUrl":"https:\/\/skaitytaknyga.lt\/wp-content\/uploads\/2024\/09\/Guy-de-Maupassant-\u201eStipri-kaip-mirtis.webp","datePublished":"2024-05-11T10:59:43+00:00","dateModified":"2026-02-27T10:10:44+00:00","description":"Pary\u017eiaus auk\u0161tuomen\u0117s numyl\u0117tinis pagyven\u0119s dailininkas Olivj\u0117 Bertenas \u012fsimyli savo ilgamet\u0117s meilu\u017e\u0117s dukter\u012f \u2013 jaunut\u0119 aristokrat\u0119 Anet\u0119. Deja,","breadcrumb":{"@id":"https:\/\/skaitytaknyga.lt\/produktas\/guy-de-maupassant-stipri-kaip-mirtis\/#breadcrumb"},"inLanguage":"en-GB","potentialAction":[{"@type":"ReadAction","target":["https:\/\/skaitytaknyga.lt\/produktas\/guy-de-maupassant-stipri-kaip-mirtis\/"]}]},{"@type":"ImageObject","inLanguage":"en-GB","@id":"https:\/\/skaitytaknyga.lt\/produktas\/guy-de-maupassant-stipri-kaip-mirtis\/#primaryimage","url":"https:\/\/skaitytaknyga.lt\/wp-content\/uploads\/2024\/09\/Guy-de-Maupassant-\u201eStipri-kaip-mirtis.webp","contentUrl":"https:\/\/skaitytaknyga.lt\/wp-content\/uploads\/2024\/09\/Guy-de-Maupassant-\u201eStipri-kaip-mirtis.webp","width":442,"height":652,"caption":"Guy de Maupassant \u201eStipri kaip mirtis\u201c"},{"@type":"BreadcrumbList","@id":"https:\/\/skaitytaknyga.lt\/produktas\/guy-de-maupassant-stipri-kaip-mirtis\/#breadcrumb","itemListElement":[{"@type":"ListItem","position":1,"name":"Home","item":"https:\/\/skaitytaknyga.lt\/"},{"@type":"ListItem","position":2,"name":"Parduotuv\u0117","item":"https:\/\/skaitytaknyga.lt\/knygu-parduotuve\/"},{"@type":"ListItem","position":3,"name":"Guy de Maupassant \u201eStipri kaip mirtis\u201c"}]},{"@type":"WebSite","@id":"https:\/\/skaitytaknyga.lt\/#website","url":"https:\/\/skaitytaknyga.lt\/","name":"skaitytaknyga.lt","description":"Skaitytaknyga.lt \u2013 tai ma\u017eas \u0161eimos verslas, kuris prasid\u0117jo nuo meil\u0117s knygoms ir siekio i\u0161gelb\u0117ti knygas nuo likimo prie konteinerio. Kas vienam nereikalingas daiktas \u2013 kitam lobis, o mes esame tarpininkai, kurie padeda abiems tapti laimingesniems ???? \u017dinome kaip nelengva i\u0161gyventi ma\u017eiems verslams, tad nuo \u0161iol, \u010dia rasite ir kit\u0173, ma\u017e\u0173 \u0161eim\u0173 versl\u0173, rank\u0173 darbo, dovan\u0173 sau ir artimiesiems.","publisher":{"@id":"https:\/\/skaitytaknyga.lt\/#organization"},"potentialAction":[{"@type":"SearchAction","target":{"@type":"EntryPoint","urlTemplate":"https:\/\/skaitytaknyga.lt\/?s={search_term_string}"},"query-input":{"@type":"PropertyValueSpecification","valueRequired":true,"valueName":"search_term_string"}}],"inLanguage":"en-GB"},{"@type":"Organization","@id":"https:\/\/skaitytaknyga.lt\/#organization","name":"skaitytaknyga.lt","url":"https:\/\/skaitytaknyga.lt\/","logo":{"@type":"ImageObject","inLanguage":"en-GB","@id":"https:\/\/skaitytaknyga.lt\/#\/schema\/logo\/image\/","url":"https:\/\/skaitytaknyga.lt\/wp-content\/uploads\/2024\/05\/cropped-cropped-cropped-02_00843_jt3bggkj1j3HLc7SyY6rEUpg.jpeg","contentUrl":"https:\/\/skaitytaknyga.lt\/wp-content\/uploads\/2024\/05\/cropped-cropped-cropped-02_00843_jt3bggkj1j3HLc7SyY6rEUpg.jpeg","width":1600,"height":1600,"caption":"skaitytaknyga.lt"},"image":{"@id":"https:\/\/skaitytaknyga.lt\/#\/schema\/logo\/image\/"},"sameAs":["https:\/\/www.facebook.com\/skaitytaknyga\/"]}]}},"_links":{"self":[{"href":"https:\/\/skaitytaknyga.lt\/en\/wp-json\/wp\/v2\/product\/13950","targetHints":{"allow":["GET"]}}],"collection":[{"href":"https:\/\/skaitytaknyga.lt\/en\/wp-json\/wp\/v2\/product"}],"about":[{"href":"https:\/\/skaitytaknyga.lt\/en\/wp-json\/wp\/v2\/types\/product"}],"replies":[{"embeddable":true,"href":"https:\/\/skaitytaknyga.lt\/en\/wp-json\/wp\/v2\/comments?post=13950"}],"wp:featuredmedia":[{"embeddable":true,"href":"https:\/\/skaitytaknyga.lt\/en\/wp-json\/wp\/v2\/media\/13968"}],"wp:attachment":[{"href":"https:\/\/skaitytaknyga.lt\/en\/wp-json\/wp\/v2\/media?parent=13950"}],"wp:term":[{"taxonomy":"product_brand","embeddable":true,"href":"https:\/\/skaitytaknyga.lt\/en\/wp-json\/wp\/v2\/product_brand?post=13950"},{"taxonomy":"product_cat","embeddable":true,"href":"https:\/\/skaitytaknyga.lt\/en\/wp-json\/wp\/v2\/product_cat?post=13950"},{"taxonomy":"product_tag","embeddable":true,"href":"https:\/\/skaitytaknyga.lt\/en\/wp-json\/wp\/v2\/product_tag?post=13950"}],"curies":[{"name":"wp","href":"https:\/\/api.w.org\/{rel}","templated":true}]}}