{"id":13948,"date":"2024-09-11T13:44:07","date_gmt":"2024-09-11T10:44:07","guid":{"rendered":"https:\/\/skaitytaknyga.lt\/?post_type=product&#038;p=13948"},"modified":"2025-09-09T21:14:15","modified_gmt":"2025-09-09T18:14:15","slug":"norkunas-petras-gydytojo-chirurgo-onkologo-habilituoto-medicinos-daktaro-profesoriaus-petro-norkuno-prisiminimai","status":"publish","type":"product","link":"https:\/\/skaitytaknyga.lt\/en\/produktas\/norkunas-petras-gydytojo-chirurgo-onkologo-habilituoto-medicinos-daktaro-profesoriaus-petro-norkuno-prisiminimai\/","title":{"rendered":"Nork\u016bnas, Petras. Gydytojo, chirurgo onkologo, habilituoto medicinos daktaro, profesoriaus Petro Nork\u016bno prisiminimai"},"content":{"rendered":"<p>\u0160i\u0105 knyg\u0105 sudar\u0117 Vilniaus Vytauto Did\u017eiojo gimnazijos (VVDG) socialinis pedagogas, \u017eurnalistas Rimvydas Ginkus. Knygoje profesorius P. Nork\u016bnas pasakoja savo, tuomet dar mokinio, akimis matyt\u0105 tarpukario Vilni\u0173, prisimena pirmuosius mokytojus, keliones p\u0117s\u010diomis i\u0161 Vilniaus rajono Marijampolio kaimo \u012f Vilni\u0173, moksl\u0105 Vilniaus Vytauto Did\u017eiojo gimnazijoje ir kitus svarbius gyvenimo \u012fvykius.\u00a0 Knygoje taip pat publikuojami profesoriaus P. Nork\u016bno mokini\u0173 atsiminimai. Leidinys gausiai iliustruotas profesoriaus P. Nork\u016bno asmeninio ir darbo laikotarpio nuotraukomis.<\/p>\n","protected":false},"excerpt":{"rendered":"<p>\u0160i\u0105 knyg\u0105 sudar\u0117 Vilniaus Vytauto Did\u017eiojo gimnazijos (VVDG) socialinis pedagogas, \u017eurnalistas Rimvydas Ginkus. Knygoje profesorius P. Nork\u016bnas pasakoja savo, tuomet dar mokinio, akimis matyt\u0105 tarpukario Vilni\u0173, prisimena pirmuosius mokytojus, keliones p\u0117s\u010diomis i\u0161 Vilniaus rajono Marijampolio kaimo \u012f Vilni\u0173, moksl\u0105 Vilniaus Vytauto Did\u017eiojo gimnazijoje ir kitus svarbius gyvenimo \u012fvykius.\u00a0 Knygoje taip pat publikuojami profesoriaus P. Nork\u016bno mokini\u0173 atsiminimai. Leidinys gausiai iliustruotas profesoriaus P. Nork\u016bno asmeninio ir darbo laikotarpio nuotraukomis.<\/p>\n","protected":false},"featured_media":13963,"comment_status":"open","ping_status":"closed","template":"","meta":{"_acf_changed":false,"site-sidebar-layout":"default","site-content-layout":"","ast-site-content-layout":"default","site-content-style":"default","site-sidebar-style":"default","ast-global-header-display":"","ast-banner-title-visibility":"","ast-main-header-display":"","ast-hfb-above-header-display":"","ast-hfb-below-header-display":"","ast-hfb-mobile-header-display":"","site-post-title":"","ast-breadcrumbs-content":"","ast-featured-img":"","footer-sml-layout":"","ast-disable-related-posts":"","theme-transparent-header-meta":"default","adv-header-id-meta":"","stick-header-meta":"","header-above-stick-meta":"","header-main-stick-meta":"","header-below-stick-meta":"","astra-migrate-meta-layouts":"set","ast-page-background-enabled":"default","ast-page-background-meta":{"desktop":{"background-color":"","background-image":"","background-repeat":"repeat","background-position":"center center","background-size":"auto","background-attachment":"scroll","background-type":"","background-media":"","overlay-type":"","overlay-color":"","overlay-opacity":"","overlay-gradient":""},"tablet":{"background-color":"","background-image":"","background-repeat":"repeat","background-position":"center center","background-size":"auto","background-attachment":"scroll","background-type":"","background-media":"","overlay-type":"","overlay-color":"","overlay-opacity":"","overlay-gradient":""},"mobile":{"background-color":"","background-image":"","background-repeat":"repeat","background-position":"center center","background-size":"auto","background-attachment":"scroll","background-type":"","background-media":"","overlay-type":"","overlay-color":"","overlay-opacity":"","overlay-gradient":""}},"ast-content-background-meta":{"desktop":{"background-color":"var(--ast-global-color-4)","background-image":"","background-repeat":"repeat","background-position":"center center","background-size":"auto","background-attachment":"scroll","background-type":"","background-media":"","overlay-type":"","overlay-color":"","overlay-opacity":"","overlay-gradient":""},"tablet":{"background-color":"var(--ast-global-color-4)","background-image":"","background-repeat":"repeat","background-position":"center center","background-size":"auto","background-attachment":"scroll","background-type":"","background-media":"","overlay-type":"","overlay-color":"","overlay-opacity":"","overlay-gradient":""},"mobile":{"background-color":"var(--ast-global-color-4)","background-image":"","background-repeat":"repeat","background-position":"center center","background-size":"auto","background-attachment":"scroll","background-type":"","background-media":"","overlay-type":"","overlay-color":"","overlay-opacity":"","overlay-gradient":""}}},"product_brand":[],"product_cat":[33,15],"product_tag":[],"class_list":{"0":"post-13948","1":"product","2":"type-product","3":"status-publish","4":"has-post-thumbnail","6":"product_cat-biografijos","7":"product_cat-uncategorized","8":"desktop-align-left","9":"tablet-align-left","10":"mobile-align-left","12":"first","13":"instock","14":"shipping-taxable","15":"purchasable","16":"product-type-simple"},"acf":[],"yoast_head":"<!-- This site is optimized with the Yoast SEO plugin v27.0 - https:\/\/yoast.com\/product\/yoast-seo-wordpress\/ -->\n<title>Nork\u016bnas, Petras. Gydytojo, chirurgo onkologo, habilituoto medicinos daktaro, profesoriaus Petro Nork\u016bno prisiminimai<\/title>\n<meta name=\"description\" content=\"\u0160i\u0105 knyg\u0105 sudar\u0117 Vilniaus Vytauto Did\u017eiojo gimnazijos (VVDG) socialinis pedagogas, \u017eurnalistas Rimvydas Ginkus. Knygoje profesorius P. Nork\u016bnas pasakoja\" \/>\n<meta name=\"robots\" content=\"index, follow, max-snippet:-1, max-image-preview:large, max-video-preview:-1\" \/>\n<link rel=\"canonical\" href=\"https:\/\/skaitytaknyga.lt\/en\/produktas\/norkunas-petras-gydytojo-chirurgo-onkologo-habilituoto-medicinos-daktaro-profesoriaus-petro-norkuno-prisiminimai\/\" \/>\n<meta property=\"og:locale\" content=\"en_GB\" \/>\n<meta property=\"og:locale:alternate\" content=\"lt_LT\" \/>\n<meta property=\"og:type\" content=\"article\" \/>\n<meta property=\"og:title\" content=\"Nork\u016bnas, Petras. Gydytojo, chirurgo onkologo, habilituoto medicinos daktaro, profesoriaus Petro Nork\u016bno prisiminimai\" \/>\n<meta property=\"og:description\" content=\"\u0160i\u0105 knyg\u0105 sudar\u0117 Vilniaus Vytauto Did\u017eiojo gimnazijos (VVDG) socialinis pedagogas, \u017eurnalistas Rimvydas Ginkus. Knygoje profesorius P. Nork\u016bnas pasakoja\" \/>\n<meta property=\"og:url\" content=\"https:\/\/skaitytaknyga.lt\/en\/produktas\/norkunas-petras-gydytojo-chirurgo-onkologo-habilituoto-medicinos-daktaro-profesoriaus-petro-norkuno-prisiminimai\/\" \/>\n<meta property=\"og:site_name\" content=\"Skaitytaknyga\" \/>\n<meta property=\"article:publisher\" content=\"https:\/\/www.facebook.com\/skaitytaknyga\/\" \/>\n<meta property=\"article:modified_time\" content=\"2025-09-09T18:14:15+00:00\" \/>\n<meta property=\"og:image\" content=\"https:\/\/skaitytaknyga.lt\/wp-content\/uploads\/2024\/09\/Norkunas-Petras.-Gydytojo-chirurgo-onkologo-habilituoto-medicinos-daktaro-profesoriaus-Petro-Norkuno-prisiminimai.jpg\" \/>\n\t<meta property=\"og:image:width\" content=\"203\" \/>\n\t<meta property=\"og:image:height\" content=\"300\" \/>\n\t<meta property=\"og:image:type\" content=\"image\/jpeg\" \/>\n<meta name=\"twitter:card\" content=\"summary_large_image\" \/>\n<meta name=\"twitter:label1\" content=\"Estimated reading time\" \/>\n\t<meta name=\"twitter:data1\" content=\"1 minute\" \/>\n<script type=\"application\/ld+json\" class=\"yoast-schema-graph\">{\"@context\":\"https:\/\/schema.org\",\"@graph\":[{\"@type\":\"WebPage\",\"@id\":\"https:\/\/skaitytaknyga.lt\/produktas\/norkunas-petras-gydytojo-chirurgo-onkologo-habilituoto-medicinos-daktaro-profesoriaus-petro-norkuno-prisiminimai\/\",\"url\":\"https:\/\/skaitytaknyga.lt\/produktas\/norkunas-petras-gydytojo-chirurgo-onkologo-habilituoto-medicinos-daktaro-profesoriaus-petro-norkuno-prisiminimai\/\",\"name\":\"Nork\u016bnas, Petras. Gydytojo, chirurgo onkologo, habilituoto medicinos daktaro, profesoriaus Petro Nork\u016bno prisiminimai\",\"isPartOf\":{\"@id\":\"https:\/\/skaitytaknyga.lt\/#website\"},\"primaryImageOfPage\":{\"@id\":\"https:\/\/skaitytaknyga.lt\/produktas\/norkunas-petras-gydytojo-chirurgo-onkologo-habilituoto-medicinos-daktaro-profesoriaus-petro-norkuno-prisiminimai\/#primaryimage\"},\"image\":{\"@id\":\"https:\/\/skaitytaknyga.lt\/produktas\/norkunas-petras-gydytojo-chirurgo-onkologo-habilituoto-medicinos-daktaro-profesoriaus-petro-norkuno-prisiminimai\/#primaryimage\"},\"thumbnailUrl\":\"https:\/\/skaitytaknyga.lt\/wp-content\/uploads\/2024\/09\/Norkunas-Petras.-Gydytojo-chirurgo-onkologo-habilituoto-medicinos-daktaro-profesoriaus-Petro-Norkuno-prisiminimai.jpg\",\"datePublished\":\"2024-09-11T10:44:07+00:00\",\"dateModified\":\"2025-09-09T18:14:15+00:00\",\"description\":\"\u0160i\u0105 knyg\u0105 sudar\u0117 Vilniaus Vytauto Did\u017eiojo gimnazijos (VVDG) socialinis pedagogas, \u017eurnalistas Rimvydas Ginkus. Knygoje profesorius P. Nork\u016bnas pasakoja\",\"breadcrumb\":{\"@id\":\"https:\/\/skaitytaknyga.lt\/produktas\/norkunas-petras-gydytojo-chirurgo-onkologo-habilituoto-medicinos-daktaro-profesoriaus-petro-norkuno-prisiminimai\/#breadcrumb\"},\"inLanguage\":\"en-GB\",\"potentialAction\":[{\"@type\":\"ReadAction\",\"target\":[\"https:\/\/skaitytaknyga.lt\/produktas\/norkunas-petras-gydytojo-chirurgo-onkologo-habilituoto-medicinos-daktaro-profesoriaus-petro-norkuno-prisiminimai\/\"]}]},{\"@type\":\"ImageObject\",\"inLanguage\":\"en-GB\",\"@id\":\"https:\/\/skaitytaknyga.lt\/produktas\/norkunas-petras-gydytojo-chirurgo-onkologo-habilituoto-medicinos-daktaro-profesoriaus-petro-norkuno-prisiminimai\/#primaryimage\",\"url\":\"https:\/\/skaitytaknyga.lt\/wp-content\/uploads\/2024\/09\/Norkunas-Petras.-Gydytojo-chirurgo-onkologo-habilituoto-medicinos-daktaro-profesoriaus-Petro-Norkuno-prisiminimai.jpg\",\"contentUrl\":\"https:\/\/skaitytaknyga.lt\/wp-content\/uploads\/2024\/09\/Norkunas-Petras.-Gydytojo-chirurgo-onkologo-habilituoto-medicinos-daktaro-profesoriaus-Petro-Norkuno-prisiminimai.jpg\",\"width\":203,\"height\":300,\"caption\":\"Nork\u016bnas, Petras. Gydytojo, chirurgo onkologo, habilituoto medicinos daktaro, profesoriaus Petro Nork\u016bno prisiminimai\"},{\"@type\":\"BreadcrumbList\",\"@id\":\"https:\/\/skaitytaknyga.lt\/produktas\/norkunas-petras-gydytojo-chirurgo-onkologo-habilituoto-medicinos-daktaro-profesoriaus-petro-norkuno-prisiminimai\/#breadcrumb\",\"itemListElement\":[{\"@type\":\"ListItem\",\"position\":1,\"name\":\"Home\",\"item\":\"https:\/\/skaitytaknyga.lt\/\"},{\"@type\":\"ListItem\",\"position\":2,\"name\":\"Parduotuv\u0117\",\"item\":\"https:\/\/skaitytaknyga.lt\/knygu-parduotuve\/\"},{\"@type\":\"ListItem\",\"position\":3,\"name\":\"Nork\u016bnas, Petras. Gydytojo, chirurgo onkologo, habilituoto medicinos daktaro, profesoriaus Petro Nork\u016bno prisiminimai\"}]},{\"@type\":\"WebSite\",\"@id\":\"https:\/\/skaitytaknyga.lt\/#website\",\"url\":\"https:\/\/skaitytaknyga.lt\/\",\"name\":\"skaitytaknyga.lt\",\"description\":\"Skaitytaknyga.lt \u2013 tai ma\u017eas \u0161eimos verslas, kuris prasid\u0117jo nuo meil\u0117s knygoms ir siekio i\u0161gelb\u0117ti knygas nuo likimo prie konteinerio. Kas vienam nereikalingas daiktas \u2013 kitam lobis, o mes esame tarpininkai, kurie padeda abiems tapti laimingesniems ???? \u017dinome kaip nelengva i\u0161gyventi ma\u017eiems verslams, tad nuo \u0161iol, \u010dia rasite ir kit\u0173, ma\u017e\u0173 \u0161eim\u0173 versl\u0173, rank\u0173 darbo, dovan\u0173 sau ir artimiesiems.\",\"publisher\":{\"@id\":\"https:\/\/skaitytaknyga.lt\/#organization\"},\"potentialAction\":[{\"@type\":\"SearchAction\",\"target\":{\"@type\":\"EntryPoint\",\"urlTemplate\":\"https:\/\/skaitytaknyga.lt\/?s={search_term_string}\"},\"query-input\":{\"@type\":\"PropertyValueSpecification\",\"valueRequired\":true,\"valueName\":\"search_term_string\"}}],\"inLanguage\":\"en-GB\"},{\"@type\":\"Organization\",\"@id\":\"https:\/\/skaitytaknyga.lt\/#organization\",\"name\":\"skaitytaknyga.lt\",\"url\":\"https:\/\/skaitytaknyga.lt\/\",\"logo\":{\"@type\":\"ImageObject\",\"inLanguage\":\"en-GB\",\"@id\":\"https:\/\/skaitytaknyga.lt\/#\/schema\/logo\/image\/\",\"url\":\"https:\/\/skaitytaknyga.lt\/wp-content\/uploads\/2024\/05\/cropped-cropped-cropped-02_00843_jt3bggkj1j3HLc7SyY6rEUpg.jpeg\",\"contentUrl\":\"https:\/\/skaitytaknyga.lt\/wp-content\/uploads\/2024\/05\/cropped-cropped-cropped-02_00843_jt3bggkj1j3HLc7SyY6rEUpg.jpeg\",\"width\":1600,\"height\":1600,\"caption\":\"skaitytaknyga.lt\"},\"image\":{\"@id\":\"https:\/\/skaitytaknyga.lt\/#\/schema\/logo\/image\/\"},\"sameAs\":[\"https:\/\/www.facebook.com\/skaitytaknyga\/\"]}]}<\/script>\n<!-- \/ Yoast SEO plugin. -->","yoast_head_json":{"title":"Nork\u016bnas, Petras. Gydytojo, chirurgo onkologo, habilituoto medicinos daktaro, profesoriaus Petro Nork\u016bno prisiminimai","description":"\u0160i\u0105 knyg\u0105 sudar\u0117 Vilniaus Vytauto Did\u017eiojo gimnazijos (VVDG) socialinis pedagogas, \u017eurnalistas Rimvydas Ginkus. Knygoje profesorius P. Nork\u016bnas pasakoja","robots":{"index":"index","follow":"follow","max-snippet":"max-snippet:-1","max-image-preview":"max-image-preview:large","max-video-preview":"max-video-preview:-1"},"canonical":"https:\/\/skaitytaknyga.lt\/en\/produktas\/norkunas-petras-gydytojo-chirurgo-onkologo-habilituoto-medicinos-daktaro-profesoriaus-petro-norkuno-prisiminimai\/","og_locale":"en_GB","og_type":"article","og_title":"[:lt]Nork\u016bnas, Petras. Gydytojo, chirurgo onkologo, habilituoto medicinos daktaro, profesoriaus Petro Nork\u016bno prisiminimai[:] - Skaitytaknyga","og_description":"\u0160i\u0105 knyg\u0105 sudar\u0117 Vilniaus Vytauto Did\u017eiojo gimnazijos (VVDG) socialinis pedagogas, \u017eurnalistas Rimvydas Ginkus. Knygoje profesorius P. Nork\u016bnas pasakoja","og_url":"https:\/\/skaitytaknyga.lt\/en\/produktas\/norkunas-petras-gydytojo-chirurgo-onkologo-habilituoto-medicinos-daktaro-profesoriaus-petro-norkuno-prisiminimai\/","og_site_name":"Skaitytaknyga","article_publisher":"https:\/\/www.facebook.com\/skaitytaknyga\/","article_modified_time":"2025-09-09T18:14:15+00:00","og_image":[{"width":203,"height":300,"url":"https:\/\/skaitytaknyga.lt\/wp-content\/uploads\/2024\/09\/Norkunas-Petras.-Gydytojo-chirurgo-onkologo-habilituoto-medicinos-daktaro-profesoriaus-Petro-Norkuno-prisiminimai.jpg","type":"image\/jpeg"}],"twitter_card":"summary_large_image","twitter_misc":{"Estimated reading time":"1 minute"},"schema":{"@context":"https:\/\/schema.org","@graph":[{"@type":"WebPage","@id":"https:\/\/skaitytaknyga.lt\/produktas\/norkunas-petras-gydytojo-chirurgo-onkologo-habilituoto-medicinos-daktaro-profesoriaus-petro-norkuno-prisiminimai\/","url":"https:\/\/skaitytaknyga.lt\/produktas\/norkunas-petras-gydytojo-chirurgo-onkologo-habilituoto-medicinos-daktaro-profesoriaus-petro-norkuno-prisiminimai\/","name":"Nork\u016bnas, Petras. Gydytojo, chirurgo onkologo, habilituoto medicinos daktaro, profesoriaus Petro Nork\u016bno prisiminimai","isPartOf":{"@id":"https:\/\/skaitytaknyga.lt\/#website"},"primaryImageOfPage":{"@id":"https:\/\/skaitytaknyga.lt\/produktas\/norkunas-petras-gydytojo-chirurgo-onkologo-habilituoto-medicinos-daktaro-profesoriaus-petro-norkuno-prisiminimai\/#primaryimage"},"image":{"@id":"https:\/\/skaitytaknyga.lt\/produktas\/norkunas-petras-gydytojo-chirurgo-onkologo-habilituoto-medicinos-daktaro-profesoriaus-petro-norkuno-prisiminimai\/#primaryimage"},"thumbnailUrl":"https:\/\/skaitytaknyga.lt\/wp-content\/uploads\/2024\/09\/Norkunas-Petras.-Gydytojo-chirurgo-onkologo-habilituoto-medicinos-daktaro-profesoriaus-Petro-Norkuno-prisiminimai.jpg","datePublished":"2024-09-11T10:44:07+00:00","dateModified":"2025-09-09T18:14:15+00:00","description":"\u0160i\u0105 knyg\u0105 sudar\u0117 Vilniaus Vytauto Did\u017eiojo gimnazijos (VVDG) socialinis pedagogas, \u017eurnalistas Rimvydas Ginkus. Knygoje profesorius P. Nork\u016bnas pasakoja","breadcrumb":{"@id":"https:\/\/skaitytaknyga.lt\/produktas\/norkunas-petras-gydytojo-chirurgo-onkologo-habilituoto-medicinos-daktaro-profesoriaus-petro-norkuno-prisiminimai\/#breadcrumb"},"inLanguage":"en-GB","potentialAction":[{"@type":"ReadAction","target":["https:\/\/skaitytaknyga.lt\/produktas\/norkunas-petras-gydytojo-chirurgo-onkologo-habilituoto-medicinos-daktaro-profesoriaus-petro-norkuno-prisiminimai\/"]}]},{"@type":"ImageObject","inLanguage":"en-GB","@id":"https:\/\/skaitytaknyga.lt\/produktas\/norkunas-petras-gydytojo-chirurgo-onkologo-habilituoto-medicinos-daktaro-profesoriaus-petro-norkuno-prisiminimai\/#primaryimage","url":"https:\/\/skaitytaknyga.lt\/wp-content\/uploads\/2024\/09\/Norkunas-Petras.-Gydytojo-chirurgo-onkologo-habilituoto-medicinos-daktaro-profesoriaus-Petro-Norkuno-prisiminimai.jpg","contentUrl":"https:\/\/skaitytaknyga.lt\/wp-content\/uploads\/2024\/09\/Norkunas-Petras.-Gydytojo-chirurgo-onkologo-habilituoto-medicinos-daktaro-profesoriaus-Petro-Norkuno-prisiminimai.jpg","width":203,"height":300,"caption":"Nork\u016bnas, Petras. Gydytojo, chirurgo onkologo, habilituoto medicinos daktaro, profesoriaus Petro Nork\u016bno prisiminimai"},{"@type":"BreadcrumbList","@id":"https:\/\/skaitytaknyga.lt\/produktas\/norkunas-petras-gydytojo-chirurgo-onkologo-habilituoto-medicinos-daktaro-profesoriaus-petro-norkuno-prisiminimai\/#breadcrumb","itemListElement":[{"@type":"ListItem","position":1,"name":"Home","item":"https:\/\/skaitytaknyga.lt\/"},{"@type":"ListItem","position":2,"name":"Parduotuv\u0117","item":"https:\/\/skaitytaknyga.lt\/knygu-parduotuve\/"},{"@type":"ListItem","position":3,"name":"Nork\u016bnas, Petras. Gydytojo, chirurgo onkologo, habilituoto medicinos daktaro, profesoriaus Petro Nork\u016bno prisiminimai"}]},{"@type":"WebSite","@id":"https:\/\/skaitytaknyga.lt\/#website","url":"https:\/\/skaitytaknyga.lt\/","name":"skaitytaknyga.lt","description":"Skaitytaknyga.lt \u2013 tai ma\u017eas \u0161eimos verslas, kuris prasid\u0117jo nuo meil\u0117s knygoms ir siekio i\u0161gelb\u0117ti knygas nuo likimo prie konteinerio. Kas vienam nereikalingas daiktas \u2013 kitam lobis, o mes esame tarpininkai, kurie padeda abiems tapti laimingesniems ???? \u017dinome kaip nelengva i\u0161gyventi ma\u017eiems verslams, tad nuo \u0161iol, \u010dia rasite ir kit\u0173, ma\u017e\u0173 \u0161eim\u0173 versl\u0173, rank\u0173 darbo, dovan\u0173 sau ir artimiesiems.","publisher":{"@id":"https:\/\/skaitytaknyga.lt\/#organization"},"potentialAction":[{"@type":"SearchAction","target":{"@type":"EntryPoint","urlTemplate":"https:\/\/skaitytaknyga.lt\/?s={search_term_string}"},"query-input":{"@type":"PropertyValueSpecification","valueRequired":true,"valueName":"search_term_string"}}],"inLanguage":"en-GB"},{"@type":"Organization","@id":"https:\/\/skaitytaknyga.lt\/#organization","name":"skaitytaknyga.lt","url":"https:\/\/skaitytaknyga.lt\/","logo":{"@type":"ImageObject","inLanguage":"en-GB","@id":"https:\/\/skaitytaknyga.lt\/#\/schema\/logo\/image\/","url":"https:\/\/skaitytaknyga.lt\/wp-content\/uploads\/2024\/05\/cropped-cropped-cropped-02_00843_jt3bggkj1j3HLc7SyY6rEUpg.jpeg","contentUrl":"https:\/\/skaitytaknyga.lt\/wp-content\/uploads\/2024\/05\/cropped-cropped-cropped-02_00843_jt3bggkj1j3HLc7SyY6rEUpg.jpeg","width":1600,"height":1600,"caption":"skaitytaknyga.lt"},"image":{"@id":"https:\/\/skaitytaknyga.lt\/#\/schema\/logo\/image\/"},"sameAs":["https:\/\/www.facebook.com\/skaitytaknyga\/"]}]}},"_links":{"self":[{"href":"https:\/\/skaitytaknyga.lt\/en\/wp-json\/wp\/v2\/product\/13948","targetHints":{"allow":["GET"]}}],"collection":[{"href":"https:\/\/skaitytaknyga.lt\/en\/wp-json\/wp\/v2\/product"}],"about":[{"href":"https:\/\/skaitytaknyga.lt\/en\/wp-json\/wp\/v2\/types\/product"}],"replies":[{"embeddable":true,"href":"https:\/\/skaitytaknyga.lt\/en\/wp-json\/wp\/v2\/comments?post=13948"}],"wp:featuredmedia":[{"embeddable":true,"href":"https:\/\/skaitytaknyga.lt\/en\/wp-json\/wp\/v2\/media\/13963"}],"wp:attachment":[{"href":"https:\/\/skaitytaknyga.lt\/en\/wp-json\/wp\/v2\/media?parent=13948"}],"wp:term":[{"taxonomy":"product_brand","embeddable":true,"href":"https:\/\/skaitytaknyga.lt\/en\/wp-json\/wp\/v2\/product_brand?post=13948"},{"taxonomy":"product_cat","embeddable":true,"href":"https:\/\/skaitytaknyga.lt\/en\/wp-json\/wp\/v2\/product_cat?post=13948"},{"taxonomy":"product_tag","embeddable":true,"href":"https:\/\/skaitytaknyga.lt\/en\/wp-json\/wp\/v2\/product_tag?post=13948"}],"curies":[{"name":"wp","href":"https:\/\/api.w.org\/{rel}","templated":true}]}}