{"id":13943,"date":"2024-04-11T13:44:07","date_gmt":"2024-04-11T10:44:07","guid":{"rendered":"https:\/\/skaitytaknyga.lt\/?post_type=product&#038;p=13943"},"modified":"2026-03-18T15:00:21","modified_gmt":"2026-03-18T13:00:21","slug":"silales-krasto-baznycios-istorija-ir-architektura","status":"publish","type":"product","link":"https:\/\/skaitytaknyga.lt\/en\/produktas\/silales-krasto-baznycios-istorija-ir-architektura\/","title":{"rendered":"\u0160ilal\u0117s kra\u0161to ba\u017eny\u010dios: istorija ir architekt\u016bra"},"content":{"rendered":"<p>LTLeidinyje skaitytojas supa\u017eindinamas su keturiolika ba\u017eny\u010di\u0173, kurios \u012fsik\u016brusios \u0160ilal\u0117s kra\u0161te, taip pat minima ir keletas didesni\u0173 koply\u010di\u0173. Skyreliuose aptariama ba\u017eny\u010di\u0173 istorija, dail\u0117 ir architekt\u016bra, vargonai, varpai, o kur yra ir varpin\u0117s.<\/p>\n<p>Knygoje pateikiama daug iliustracij\u0173. \u0160i knyga parengta, atsi\u017evelgiant \u012f Lietuvos Respublikos Vyriausyb\u0117s patvirtint\u0105 \u017demai\u010di\u0173 krik\u0161to ir \u017demai\u010di\u0173 vyskupyst\u0117s \u012fsteigimo 600 met\u0173 jubiliejaus min\u0117jimo 2009-2017 met\u0173 program\u0105, kuria siekiama \u012fam\u017einti svarbiausias su \u017demai\u010di\u0173 krik\u0161tu ir \u017demai\u010di\u0173 vyskupyst\u0117s istorija susijusias asmenybes ir objektus.<\/p>\n<p>Projekt\u0105 \u201e\u0160ilal\u0117s kra\u0161to ba\u017eny\u010dios: istorija ir architekt\u016bra\u201c pareng\u0117 \u0160ilal\u0117s rajono savivaldyb\u0117s vie\u0161osios bibliotekos Bibliografijos ir kra\u0161totyros skyrius. Projekto koordinator\u0117 R\u016bta Vaitkevi\u010dien\u0117.<\/p>\n","protected":false},"excerpt":{"rendered":"<p>LTLeidinyje skaitytojas supa\u017eindinamas su keturiolika ba\u017eny\u010di\u0173, kurios \u012fsik\u016brusios \u0160ilal\u0117s kra\u0161te, taip pat minima ir keletas didesni\u0173 koply\u010di\u0173. Skyreliuose aptariama ba\u017eny\u010di\u0173 istorija, dail\u0117 ir architekt\u016bra, vargonai, varpai, o kur yra ir varpin\u0117s. Knygoje pateikiama daug iliustracij\u0173. \u0160i knyga parengta, atsi\u017evelgiant \u012f Lietuvos Respublikos Vyriausyb\u0117s patvirtint\u0105 \u017demai\u010di\u0173 krik\u0161to ir \u017demai\u010di\u0173 vyskupyst\u0117s \u012fsteigimo 600 met\u0173 jubiliejaus min\u0117jimo 2009-2017 met\u0173 program\u0105, kuria siekiama \u012fam\u017einti svarbiausias su \u017demai\u010di\u0173 krik\u0161tu ir \u017demai\u010di\u0173 vyskupyst\u0117s istorija susijusias asmenybes ir objektus. Projekt\u0105 \u201e\u0160ilal\u0117s kra\u0161to ba\u017eny\u010dios: istorija ir architekt\u016bra\u201c pareng\u0117 \u0160ilal\u0117s rajono savivaldyb\u0117s vie\u0161osios bibliotekos Bibliografijos ir kra\u0161totyros skyrius. Projekto koordinator\u0117 R\u016bta Vaitkevi\u010dien\u0117.<\/p>\n","protected":false},"featured_media":13964,"comment_status":"open","ping_status":"closed","template":"","meta":{"_acf_changed":false,"site-sidebar-layout":"default","site-content-layout":"","ast-site-content-layout":"default","site-content-style":"default","site-sidebar-style":"default","ast-global-header-display":"","ast-banner-title-visibility":"","ast-main-header-display":"","ast-hfb-above-header-display":"","ast-hfb-below-header-display":"","ast-hfb-mobile-header-display":"","site-post-title":"","ast-breadcrumbs-content":"","ast-featured-img":"","footer-sml-layout":"","ast-disable-related-posts":"","theme-transparent-header-meta":"default","adv-header-id-meta":"","stick-header-meta":"","header-above-stick-meta":"","header-main-stick-meta":"","header-below-stick-meta":"","astra-migrate-meta-layouts":"set","ast-page-background-enabled":"default","ast-page-background-meta":{"desktop":{"background-color":"","background-image":"","background-repeat":"repeat","background-position":"center center","background-size":"auto","background-attachment":"scroll","background-type":"","background-media":"","overlay-type":"","overlay-color":"","overlay-opacity":"","overlay-gradient":""},"tablet":{"background-color":"","background-image":"","background-repeat":"repeat","background-position":"center center","background-size":"auto","background-attachment":"scroll","background-type":"","background-media":"","overlay-type":"","overlay-color":"","overlay-opacity":"","overlay-gradient":""},"mobile":{"background-color":"","background-image":"","background-repeat":"repeat","background-position":"center center","background-size":"auto","background-attachment":"scroll","background-type":"","background-media":"","overlay-type":"","overlay-color":"","overlay-opacity":"","overlay-gradient":""}},"ast-content-background-meta":{"desktop":{"background-color":"var(--ast-global-color-4)","background-image":"","background-repeat":"repeat","background-position":"center center","background-size":"auto","background-attachment":"scroll","background-type":"","background-media":"","overlay-type":"","overlay-color":"","overlay-opacity":"","overlay-gradient":""},"tablet":{"background-color":"var(--ast-global-color-4)","background-image":"","background-repeat":"repeat","background-position":"center center","background-size":"auto","background-attachment":"scroll","background-type":"","background-media":"","overlay-type":"","overlay-color":"","overlay-opacity":"","overlay-gradient":""},"mobile":{"background-color":"var(--ast-global-color-4)","background-image":"","background-repeat":"repeat","background-position":"center center","background-size":"auto","background-attachment":"scroll","background-type":"","background-media":"","overlay-type":"","overlay-color":"","overlay-opacity":"","overlay-gradient":""}}},"product_brand":[],"product_cat":[9862,174,15],"product_tag":[],"class_list":{"0":"post-13943","1":"product","2":"type-product","3":"status-publish","4":"has-post-thumbnail","6":"product_cat-lietuvos-istorija","7":"product_cat-istorija-ir-politologija","8":"product_cat-uncategorized","9":"desktop-align-left","10":"tablet-align-left","11":"mobile-align-left","13":"first","14":"instock","15":"shipping-taxable","16":"purchasable","17":"product-type-simple"},"acf":[],"yoast_head":"<!-- This site is optimized with the Yoast SEO plugin v27.0 - https:\/\/yoast.com\/product\/yoast-seo-wordpress\/ -->\n<title>\u0160ilal\u0117s kra\u0161to ba\u017eny\u010dios: istorija ir architekt\u016bra<\/title>\n<meta name=\"description\" content=\"LTLeidinyje skaitytojas supa\u017eindinamas su keturiolika ba\u017eny\u010di\u0173, kurios \u012fsik\u016brusios \u0160ilal\u0117s kra\u0161te, taip pat minima ir keletas didesni\u0173 koply\u010di\u0173.\" \/>\n<meta name=\"robots\" content=\"index, follow, max-snippet:-1, max-image-preview:large, max-video-preview:-1\" \/>\n<link rel=\"canonical\" href=\"https:\/\/skaitytaknyga.lt\/en\/produktas\/silales-krasto-baznycios-istorija-ir-architektura\/\" \/>\n<meta property=\"og:locale\" content=\"en_GB\" \/>\n<meta property=\"og:locale:alternate\" content=\"lt_LT\" \/>\n<meta property=\"og:type\" content=\"article\" \/>\n<meta property=\"og:title\" content=\"\u0160ilal\u0117s kra\u0161to ba\u017eny\u010dios: istorija ir architekt\u016bra\" \/>\n<meta property=\"og:description\" content=\"LTLeidinyje skaitytojas supa\u017eindinamas su keturiolika ba\u017eny\u010di\u0173, kurios \u012fsik\u016brusios \u0160ilal\u0117s kra\u0161te, taip pat minima ir keletas didesni\u0173 koply\u010di\u0173.\" \/>\n<meta property=\"og:url\" content=\"https:\/\/skaitytaknyga.lt\/en\/produktas\/silales-krasto-baznycios-istorija-ir-architektura\/\" \/>\n<meta property=\"og:site_name\" content=\"Skaitytaknyga\" \/>\n<meta property=\"article:publisher\" content=\"https:\/\/www.facebook.com\/skaitytaknyga\/\" \/>\n<meta property=\"article:modified_time\" content=\"2026-03-18T13:00:21+00:00\" \/>\n<meta property=\"og:image\" content=\"https:\/\/skaitytaknyga.lt\/wp-content\/uploads\/2024\/09\/Silales-krasto-baznycios-istorija-ir-architektura-e1726053954960.webp\" \/>\n\t<meta property=\"og:image:width\" content=\"304\" \/>\n\t<meta property=\"og:image:height\" content=\"470\" \/>\n\t<meta property=\"og:image:type\" content=\"image\/webp\" \/>\n<meta name=\"twitter:card\" content=\"summary_large_image\" \/>\n<meta name=\"twitter:label1\" content=\"Estimated reading time\" \/>\n\t<meta name=\"twitter:data1\" content=\"1 minute\" \/>\n<script type=\"application\/ld+json\" class=\"yoast-schema-graph\">{\"@context\":\"https:\/\/schema.org\",\"@graph\":[{\"@type\":\"WebPage\",\"@id\":\"https:\/\/skaitytaknyga.lt\/produktas\/silales-krasto-baznycios-istorija-ir-architektura\/\",\"url\":\"https:\/\/skaitytaknyga.lt\/produktas\/silales-krasto-baznycios-istorija-ir-architektura\/\",\"name\":\"\u0160ilal\u0117s kra\u0161to ba\u017eny\u010dios: istorija ir architekt\u016bra\",\"isPartOf\":{\"@id\":\"https:\/\/skaitytaknyga.lt\/#website\"},\"primaryImageOfPage\":{\"@id\":\"https:\/\/skaitytaknyga.lt\/produktas\/silales-krasto-baznycios-istorija-ir-architektura\/#primaryimage\"},\"image\":{\"@id\":\"https:\/\/skaitytaknyga.lt\/produktas\/silales-krasto-baznycios-istorija-ir-architektura\/#primaryimage\"},\"thumbnailUrl\":\"https:\/\/skaitytaknyga.lt\/wp-content\/uploads\/2024\/09\/Silales-krasto-baznycios-istorija-ir-architektura-e1726053954960.webp\",\"datePublished\":\"2024-04-11T10:44:07+00:00\",\"dateModified\":\"2026-03-18T13:00:21+00:00\",\"description\":\"LTLeidinyje skaitytojas supa\u017eindinamas su keturiolika ba\u017eny\u010di\u0173, kurios \u012fsik\u016brusios \u0160ilal\u0117s kra\u0161te, taip pat minima ir keletas didesni\u0173 koply\u010di\u0173.\",\"breadcrumb\":{\"@id\":\"https:\/\/skaitytaknyga.lt\/produktas\/silales-krasto-baznycios-istorija-ir-architektura\/#breadcrumb\"},\"inLanguage\":\"en-GB\",\"potentialAction\":[{\"@type\":\"ReadAction\",\"target\":[\"https:\/\/skaitytaknyga.lt\/produktas\/silales-krasto-baznycios-istorija-ir-architektura\/\"]}]},{\"@type\":\"ImageObject\",\"inLanguage\":\"en-GB\",\"@id\":\"https:\/\/skaitytaknyga.lt\/produktas\/silales-krasto-baznycios-istorija-ir-architektura\/#primaryimage\",\"url\":\"https:\/\/skaitytaknyga.lt\/wp-content\/uploads\/2024\/09\/Silales-krasto-baznycios-istorija-ir-architektura-e1726053954960.webp\",\"contentUrl\":\"https:\/\/skaitytaknyga.lt\/wp-content\/uploads\/2024\/09\/Silales-krasto-baznycios-istorija-ir-architektura-e1726053954960.webp\",\"width\":304,\"height\":470,\"caption\":\"\u0160ilal\u0117s kra\u0161to ba\u017eny\u010dios: istorija ir architekt\u016bra\"},{\"@type\":\"BreadcrumbList\",\"@id\":\"https:\/\/skaitytaknyga.lt\/produktas\/silales-krasto-baznycios-istorija-ir-architektura\/#breadcrumb\",\"itemListElement\":[{\"@type\":\"ListItem\",\"position\":1,\"name\":\"Home\",\"item\":\"https:\/\/skaitytaknyga.lt\/\"},{\"@type\":\"ListItem\",\"position\":2,\"name\":\"Parduotuv\u0117\",\"item\":\"https:\/\/skaitytaknyga.lt\/knygu-parduotuve\/\"},{\"@type\":\"ListItem\",\"position\":3,\"name\":\"\u0160ilal\u0117s kra\u0161to ba\u017eny\u010dios: istorija ir architekt\u016bra\"}]},{\"@type\":\"WebSite\",\"@id\":\"https:\/\/skaitytaknyga.lt\/#website\",\"url\":\"https:\/\/skaitytaknyga.lt\/\",\"name\":\"skaitytaknyga.lt\",\"description\":\"Skaitytaknyga.lt \u2013 tai ma\u017eas \u0161eimos verslas, kuris prasid\u0117jo nuo meil\u0117s knygoms ir siekio i\u0161gelb\u0117ti knygas nuo likimo prie konteinerio. Kas vienam nereikalingas daiktas \u2013 kitam lobis, o mes esame tarpininkai, kurie padeda abiems tapti laimingesniems ???? \u017dinome kaip nelengva i\u0161gyventi ma\u017eiems verslams, tad nuo \u0161iol, \u010dia rasite ir kit\u0173, ma\u017e\u0173 \u0161eim\u0173 versl\u0173, rank\u0173 darbo, dovan\u0173 sau ir artimiesiems.\",\"publisher\":{\"@id\":\"https:\/\/skaitytaknyga.lt\/#organization\"},\"potentialAction\":[{\"@type\":\"SearchAction\",\"target\":{\"@type\":\"EntryPoint\",\"urlTemplate\":\"https:\/\/skaitytaknyga.lt\/?s={search_term_string}\"},\"query-input\":{\"@type\":\"PropertyValueSpecification\",\"valueRequired\":true,\"valueName\":\"search_term_string\"}}],\"inLanguage\":\"en-GB\"},{\"@type\":\"Organization\",\"@id\":\"https:\/\/skaitytaknyga.lt\/#organization\",\"name\":\"skaitytaknyga.lt\",\"url\":\"https:\/\/skaitytaknyga.lt\/\",\"logo\":{\"@type\":\"ImageObject\",\"inLanguage\":\"en-GB\",\"@id\":\"https:\/\/skaitytaknyga.lt\/#\/schema\/logo\/image\/\",\"url\":\"https:\/\/skaitytaknyga.lt\/wp-content\/uploads\/2024\/05\/cropped-cropped-cropped-02_00843_jt3bggkj1j3HLc7SyY6rEUpg.jpeg\",\"contentUrl\":\"https:\/\/skaitytaknyga.lt\/wp-content\/uploads\/2024\/05\/cropped-cropped-cropped-02_00843_jt3bggkj1j3HLc7SyY6rEUpg.jpeg\",\"width\":1600,\"height\":1600,\"caption\":\"skaitytaknyga.lt\"},\"image\":{\"@id\":\"https:\/\/skaitytaknyga.lt\/#\/schema\/logo\/image\/\"},\"sameAs\":[\"https:\/\/www.facebook.com\/skaitytaknyga\/\"]}]}<\/script>\n<!-- \/ Yoast SEO plugin. -->","yoast_head_json":{"title":"\u0160ilal\u0117s kra\u0161to ba\u017eny\u010dios: istorija ir architekt\u016bra","description":"LTLeidinyje skaitytojas supa\u017eindinamas su keturiolika ba\u017eny\u010di\u0173, kurios \u012fsik\u016brusios \u0160ilal\u0117s kra\u0161te, taip pat minima ir keletas didesni\u0173 koply\u010di\u0173.","robots":{"index":"index","follow":"follow","max-snippet":"max-snippet:-1","max-image-preview":"max-image-preview:large","max-video-preview":"max-video-preview:-1"},"canonical":"https:\/\/skaitytaknyga.lt\/en\/produktas\/silales-krasto-baznycios-istorija-ir-architektura\/","og_locale":"en_GB","og_type":"article","og_title":"[:lt]\u0160ilal\u0117s kra\u0161to ba\u017eny\u010dios: istorija ir architekt\u016bra[:] - Skaitytaknyga","og_description":"LTLeidinyje skaitytojas supa\u017eindinamas su keturiolika ba\u017eny\u010di\u0173, kurios \u012fsik\u016brusios \u0160ilal\u0117s kra\u0161te, taip pat minima ir keletas didesni\u0173 koply\u010di\u0173.","og_url":"https:\/\/skaitytaknyga.lt\/en\/produktas\/silales-krasto-baznycios-istorija-ir-architektura\/","og_site_name":"Skaitytaknyga","article_publisher":"https:\/\/www.facebook.com\/skaitytaknyga\/","article_modified_time":"2026-03-18T13:00:21+00:00","og_image":[{"width":304,"height":470,"url":"https:\/\/skaitytaknyga.lt\/wp-content\/uploads\/2024\/09\/Silales-krasto-baznycios-istorija-ir-architektura-e1726053954960.webp","type":"image\/webp"}],"twitter_card":"summary_large_image","twitter_misc":{"Estimated reading time":"1 minute"},"schema":{"@context":"https:\/\/schema.org","@graph":[{"@type":"WebPage","@id":"https:\/\/skaitytaknyga.lt\/produktas\/silales-krasto-baznycios-istorija-ir-architektura\/","url":"https:\/\/skaitytaknyga.lt\/produktas\/silales-krasto-baznycios-istorija-ir-architektura\/","name":"\u0160ilal\u0117s kra\u0161to ba\u017eny\u010dios: istorija ir architekt\u016bra","isPartOf":{"@id":"https:\/\/skaitytaknyga.lt\/#website"},"primaryImageOfPage":{"@id":"https:\/\/skaitytaknyga.lt\/produktas\/silales-krasto-baznycios-istorija-ir-architektura\/#primaryimage"},"image":{"@id":"https:\/\/skaitytaknyga.lt\/produktas\/silales-krasto-baznycios-istorija-ir-architektura\/#primaryimage"},"thumbnailUrl":"https:\/\/skaitytaknyga.lt\/wp-content\/uploads\/2024\/09\/Silales-krasto-baznycios-istorija-ir-architektura-e1726053954960.webp","datePublished":"2024-04-11T10:44:07+00:00","dateModified":"2026-03-18T13:00:21+00:00","description":"LTLeidinyje skaitytojas supa\u017eindinamas su keturiolika ba\u017eny\u010di\u0173, kurios \u012fsik\u016brusios \u0160ilal\u0117s kra\u0161te, taip pat minima ir keletas didesni\u0173 koply\u010di\u0173.","breadcrumb":{"@id":"https:\/\/skaitytaknyga.lt\/produktas\/silales-krasto-baznycios-istorija-ir-architektura\/#breadcrumb"},"inLanguage":"en-GB","potentialAction":[{"@type":"ReadAction","target":["https:\/\/skaitytaknyga.lt\/produktas\/silales-krasto-baznycios-istorija-ir-architektura\/"]}]},{"@type":"ImageObject","inLanguage":"en-GB","@id":"https:\/\/skaitytaknyga.lt\/produktas\/silales-krasto-baznycios-istorija-ir-architektura\/#primaryimage","url":"https:\/\/skaitytaknyga.lt\/wp-content\/uploads\/2024\/09\/Silales-krasto-baznycios-istorija-ir-architektura-e1726053954960.webp","contentUrl":"https:\/\/skaitytaknyga.lt\/wp-content\/uploads\/2024\/09\/Silales-krasto-baznycios-istorija-ir-architektura-e1726053954960.webp","width":304,"height":470,"caption":"\u0160ilal\u0117s kra\u0161to ba\u017eny\u010dios: istorija ir architekt\u016bra"},{"@type":"BreadcrumbList","@id":"https:\/\/skaitytaknyga.lt\/produktas\/silales-krasto-baznycios-istorija-ir-architektura\/#breadcrumb","itemListElement":[{"@type":"ListItem","position":1,"name":"Home","item":"https:\/\/skaitytaknyga.lt\/"},{"@type":"ListItem","position":2,"name":"Parduotuv\u0117","item":"https:\/\/skaitytaknyga.lt\/knygu-parduotuve\/"},{"@type":"ListItem","position":3,"name":"\u0160ilal\u0117s kra\u0161to ba\u017eny\u010dios: istorija ir architekt\u016bra"}]},{"@type":"WebSite","@id":"https:\/\/skaitytaknyga.lt\/#website","url":"https:\/\/skaitytaknyga.lt\/","name":"skaitytaknyga.lt","description":"Skaitytaknyga.lt \u2013 tai ma\u017eas \u0161eimos verslas, kuris prasid\u0117jo nuo meil\u0117s knygoms ir siekio i\u0161gelb\u0117ti knygas nuo likimo prie konteinerio. Kas vienam nereikalingas daiktas \u2013 kitam lobis, o mes esame tarpininkai, kurie padeda abiems tapti laimingesniems ???? \u017dinome kaip nelengva i\u0161gyventi ma\u017eiems verslams, tad nuo \u0161iol, \u010dia rasite ir kit\u0173, ma\u017e\u0173 \u0161eim\u0173 versl\u0173, rank\u0173 darbo, dovan\u0173 sau ir artimiesiems.","publisher":{"@id":"https:\/\/skaitytaknyga.lt\/#organization"},"potentialAction":[{"@type":"SearchAction","target":{"@type":"EntryPoint","urlTemplate":"https:\/\/skaitytaknyga.lt\/?s={search_term_string}"},"query-input":{"@type":"PropertyValueSpecification","valueRequired":true,"valueName":"search_term_string"}}],"inLanguage":"en-GB"},{"@type":"Organization","@id":"https:\/\/skaitytaknyga.lt\/#organization","name":"skaitytaknyga.lt","url":"https:\/\/skaitytaknyga.lt\/","logo":{"@type":"ImageObject","inLanguage":"en-GB","@id":"https:\/\/skaitytaknyga.lt\/#\/schema\/logo\/image\/","url":"https:\/\/skaitytaknyga.lt\/wp-content\/uploads\/2024\/05\/cropped-cropped-cropped-02_00843_jt3bggkj1j3HLc7SyY6rEUpg.jpeg","contentUrl":"https:\/\/skaitytaknyga.lt\/wp-content\/uploads\/2024\/05\/cropped-cropped-cropped-02_00843_jt3bggkj1j3HLc7SyY6rEUpg.jpeg","width":1600,"height":1600,"caption":"skaitytaknyga.lt"},"image":{"@id":"https:\/\/skaitytaknyga.lt\/#\/schema\/logo\/image\/"},"sameAs":["https:\/\/www.facebook.com\/skaitytaknyga\/"]}]}},"_links":{"self":[{"href":"https:\/\/skaitytaknyga.lt\/en\/wp-json\/wp\/v2\/product\/13943","targetHints":{"allow":["GET"]}}],"collection":[{"href":"https:\/\/skaitytaknyga.lt\/en\/wp-json\/wp\/v2\/product"}],"about":[{"href":"https:\/\/skaitytaknyga.lt\/en\/wp-json\/wp\/v2\/types\/product"}],"replies":[{"embeddable":true,"href":"https:\/\/skaitytaknyga.lt\/en\/wp-json\/wp\/v2\/comments?post=13943"}],"wp:featuredmedia":[{"embeddable":true,"href":"https:\/\/skaitytaknyga.lt\/en\/wp-json\/wp\/v2\/media\/13964"}],"wp:attachment":[{"href":"https:\/\/skaitytaknyga.lt\/en\/wp-json\/wp\/v2\/media?parent=13943"}],"wp:term":[{"taxonomy":"product_brand","embeddable":true,"href":"https:\/\/skaitytaknyga.lt\/en\/wp-json\/wp\/v2\/product_brand?post=13943"},{"taxonomy":"product_cat","embeddable":true,"href":"https:\/\/skaitytaknyga.lt\/en\/wp-json\/wp\/v2\/product_cat?post=13943"},{"taxonomy":"product_tag","embeddable":true,"href":"https:\/\/skaitytaknyga.lt\/en\/wp-json\/wp\/v2\/product_tag?post=13943"}],"curies":[{"name":"wp","href":"https:\/\/api.w.org\/{rel}","templated":true}]}}