{"id":13939,"date":"2024-05-11T13:44:06","date_gmt":"2024-05-11T10:44:06","guid":{"rendered":"https:\/\/skaitytaknyga.lt\/?post_type=product&#038;p=13939"},"modified":"2026-02-26T17:27:16","modified_gmt":"2026-02-26T15:27:16","slug":"sventosios-dvasios-krikstas","status":"publish","type":"product","link":"https:\/\/skaitytaknyga.lt\/en\/produktas\/sventosios-dvasios-krikstas\/","title":{"rendered":"\u0160ventosios Dvasios krik\u0161tas"},"content":{"rendered":"<p>\u0160is i\u0161samus dokumentas pateikia visai Ba\u017eny\u010diai nuostabius teologinius matmenis ir solid\u017eias pastoracines gaires, kaip suprasti, priimti, tarnauti ir gyventi \u0160ventosios Dvasios krik\u0161tu \u2013 centrine Katalik\u0173 charizminio atsinaujinimo malone.<br class=\"html-br\" \/>Charles Whitehead, Anglija, buv\u0119s ICCRS prezidentas<br class=\"html-br\" \/><br class=\"html-br\" \/>Tai turi b\u016bti PRIVALOMAS katalik\u0173 charizmini\u0173 bendruomeni\u0173, draugij\u0173 ir tarnyb\u0173 dvasini\u0173 ir pasaulie\u010di\u0173 vadov\u0173 skaitinys, nes jis taiko tiesiai \u012f Katalik\u0173 charizminio atsinaujinimo \u0161ird\u012f \u2013 istori\u0161kai, bibli\u0161kai, doktrini\u0161kai ir pastoraci\u0161kai. Jis gali pasitarnauti kaip praktinis vadovas kiekvienam, norin\u010diam suvokti \u0160ventosios Dvasios krik\u0161to gelmes.<br class=\"html-br\" \/>T\u0117vas Bart Pastor, Filipinai, buv\u0119s ICCRS tarybos narys<br class=\"html-br\" \/><br class=\"html-br\" \/>\u0160is dokumentas yra brand\u017ei\u0173 apm\u0105stym\u0173 ir pla\u010di\u0173 konsultacij\u0173 vaisius. Jis bus vertingas \u0161altinis tiems, kurie stengiasi suvokti ir perteikti \u201ekrik\u0161to \u0160ventojoje Dvasioje\u201c tikrov\u0119 ir dalyvaujantiems Atsinaujinime, ir platesnei Ba\u017eny\u010diai. Naujoji evangelizacija ne\u012fmanoma be Nauj\u0173j\u0173 Sekmini\u0173, tad \u0161is dokumentas pasirodo svarbiu Ba\u017eny\u010dios gyvenimui metu.<br class=\"html-br\" \/>Ralph Martin, JAV, buv\u0119s ICCRS prezidentas,<br class=\"html-br\" \/><\/p>\n","protected":false},"excerpt":{"rendered":"<p>\u0160is i\u0161samus dokumentas pateikia visai Ba\u017eny\u010diai nuostabius teologinius matmenis ir solid\u017eias pastoracines gaires, kaip suprasti, priimti, tarnauti ir gyventi \u0160ventosios Dvasios krik\u0161tu \u2013 centrine Katalik\u0173 charizminio atsinaujinimo malone.Charles Whitehead, Anglija, buv\u0119s ICCRS prezidentasTai turi b\u016bti PRIVALOMAS katalik\u0173 charizmini\u0173 bendruomeni\u0173, draugij\u0173 ir tarnyb\u0173 dvasini\u0173 ir pasaulie\u010di\u0173 vadov\u0173 skaitinys, nes jis taiko tiesiai \u012f Katalik\u0173 charizminio atsinaujinimo \u0161ird\u012f \u2013 istori\u0161kai, bibli\u0161kai, doktrini\u0161kai ir pastoraci\u0161kai. Jis gali pasitarnauti kaip praktinis vadovas kiekvienam, norin\u010diam suvokti \u0160ventosios Dvasios krik\u0161to gelmes.T\u0117vas Bart Pastor, Filipinai, buv\u0119s ICCRS tarybos narys\u0160is dokumentas yra brand\u017ei\u0173 apm\u0105stym\u0173 ir pla\u010di\u0173 konsultacij\u0173 vaisius. Jis bus vertingas \u0161altinis tiems, kurie stengiasi suvokti ir perteikti \u201ekrik\u0161to \u0160ventojoje Dvasioje\u201c tikrov\u0119 ir dalyvaujantiems Atsinaujinime, ir platesnei Ba\u017eny\u010diai. Naujoji evangelizacija ne\u012fmanoma be Nauj\u0173j\u0173 Sekmini\u0173, tad \u0161is dokumentas pasirodo svarbiu Ba\u017eny\u010dios gyvenimui metu.Ralph Martin, JAV, buv\u0119s ICCRS prezidentas,<\/p>\n","protected":false},"featured_media":23177,"comment_status":"open","ping_status":"closed","template":"","meta":{"_acf_changed":false,"site-sidebar-layout":"default","site-content-layout":"","ast-site-content-layout":"default","site-content-style":"default","site-sidebar-style":"default","ast-global-header-display":"","ast-banner-title-visibility":"","ast-main-header-display":"","ast-hfb-above-header-display":"","ast-hfb-below-header-display":"","ast-hfb-mobile-header-display":"","site-post-title":"","ast-breadcrumbs-content":"","ast-featured-img":"","footer-sml-layout":"","ast-disable-related-posts":"","theme-transparent-header-meta":"default","adv-header-id-meta":"","stick-header-meta":"","header-above-stick-meta":"","header-main-stick-meta":"","header-below-stick-meta":"","astra-migrate-meta-layouts":"set","ast-page-background-enabled":"default","ast-page-background-meta":{"desktop":{"background-color":"","background-image":"","background-repeat":"repeat","background-position":"center center","background-size":"auto","background-attachment":"scroll","background-type":"","background-media":"","overlay-type":"","overlay-color":"","overlay-opacity":"","overlay-gradient":""},"tablet":{"background-color":"","background-image":"","background-repeat":"repeat","background-position":"center center","background-size":"auto","background-attachment":"scroll","background-type":"","background-media":"","overlay-type":"","overlay-color":"","overlay-opacity":"","overlay-gradient":""},"mobile":{"background-color":"","background-image":"","background-repeat":"repeat","background-position":"center center","background-size":"auto","background-attachment":"scroll","background-type":"","background-media":"","overlay-type":"","overlay-color":"","overlay-opacity":"","overlay-gradient":""}},"ast-content-background-meta":{"desktop":{"background-color":"var(--ast-global-color-4)","background-image":"","background-repeat":"repeat","background-position":"center center","background-size":"auto","background-attachment":"scroll","background-type":"","background-media":"","overlay-type":"","overlay-color":"","overlay-opacity":"","overlay-gradient":""},"tablet":{"background-color":"var(--ast-global-color-4)","background-image":"","background-repeat":"repeat","background-position":"center center","background-size":"auto","background-attachment":"scroll","background-type":"","background-media":"","overlay-type":"","overlay-color":"","overlay-opacity":"","overlay-gradient":""},"mobile":{"background-color":"var(--ast-global-color-4)","background-image":"","background-repeat":"repeat","background-position":"center center","background-size":"auto","background-attachment":"scroll","background-type":"","background-media":"","overlay-type":"","overlay-color":"","overlay-opacity":"","overlay-gradient":""}}},"product_brand":[],"product_cat":[15,165],"product_tag":[],"class_list":{"0":"post-13939","1":"product","2":"type-product","3":"status-publish","4":"has-post-thumbnail","6":"product_cat-uncategorized","7":"product_cat-religija-filosofija-ir-ezoterika","8":"desktop-align-left","9":"tablet-align-left","10":"mobile-align-left","12":"first","13":"instock","14":"shipping-taxable","15":"purchasable","16":"product-type-simple"},"acf":[],"yoast_head":"<!-- This site is optimized with the Yoast SEO plugin v27.0 - https:\/\/yoast.com\/product\/yoast-seo-wordpress\/ -->\n<title>\u0160ventosios Dvasios krik\u0161tas<\/title>\n<meta name=\"description\" content=\"\u0160is i\u0161samus dokumentas pateikia visai Ba\u017eny\u010diai nuostabius teologinius matmenis ir solid\u017eias pastoracines gaires, kaip suprasti, priimti, tarnauti ir\" \/>\n<meta name=\"robots\" content=\"index, follow, max-snippet:-1, max-image-preview:large, max-video-preview:-1\" \/>\n<link rel=\"canonical\" href=\"https:\/\/skaitytaknyga.lt\/en\/produktas\/sventosios-dvasios-krikstas\/\" \/>\n<meta property=\"og:locale\" content=\"en_GB\" \/>\n<meta property=\"og:locale:alternate\" content=\"lt_LT\" \/>\n<meta property=\"og:type\" content=\"article\" \/>\n<meta property=\"og:title\" content=\"\u0160ventosios Dvasios krik\u0161tas\" \/>\n<meta property=\"og:description\" content=\"\u0160is i\u0161samus dokumentas pateikia visai Ba\u017eny\u010diai nuostabius teologinius matmenis ir solid\u017eias pastoracines gaires, kaip suprasti, priimti, tarnauti ir\" \/>\n<meta property=\"og:url\" content=\"https:\/\/skaitytaknyga.lt\/en\/produktas\/sventosios-dvasios-krikstas\/\" \/>\n<meta property=\"og:site_name\" content=\"Skaitytaknyga\" \/>\n<meta property=\"article:publisher\" content=\"https:\/\/www.facebook.com\/skaitytaknyga\/\" \/>\n<meta property=\"article:modified_time\" content=\"2026-02-26T15:27:16+00:00\" \/>\n<meta property=\"og:image\" content=\"https:\/\/skaitytaknyga.lt\/wp-content\/uploads\/2024\/05\/Sventosios-Dvasios-krikstas-1.jpg\" \/>\n\t<meta property=\"og:image:width\" content=\"328\" \/>\n\t<meta property=\"og:image:height\" content=\"480\" \/>\n\t<meta property=\"og:image:type\" content=\"image\/jpeg\" \/>\n<meta name=\"twitter:card\" content=\"summary_large_image\" \/>\n<meta name=\"twitter:label1\" content=\"Estimated reading time\" \/>\n\t<meta name=\"twitter:data1\" content=\"1 minute\" \/>\n<script type=\"application\/ld+json\" class=\"yoast-schema-graph\">{\"@context\":\"https:\/\/schema.org\",\"@graph\":[{\"@type\":\"WebPage\",\"@id\":\"https:\/\/skaitytaknyga.lt\/produktas\/sventosios-dvasios-krikstas\/\",\"url\":\"https:\/\/skaitytaknyga.lt\/produktas\/sventosios-dvasios-krikstas\/\",\"name\":\"\u0160ventosios Dvasios krik\u0161tas\",\"isPartOf\":{\"@id\":\"https:\/\/skaitytaknyga.lt\/#website\"},\"primaryImageOfPage\":{\"@id\":\"https:\/\/skaitytaknyga.lt\/produktas\/sventosios-dvasios-krikstas\/#primaryimage\"},\"image\":{\"@id\":\"https:\/\/skaitytaknyga.lt\/produktas\/sventosios-dvasios-krikstas\/#primaryimage\"},\"thumbnailUrl\":\"https:\/\/skaitytaknyga.lt\/wp-content\/uploads\/2024\/05\/Sventosios-Dvasios-krikstas-1.jpg\",\"datePublished\":\"2024-05-11T10:44:06+00:00\",\"dateModified\":\"2026-02-26T15:27:16+00:00\",\"description\":\"\u0160is i\u0161samus dokumentas pateikia visai Ba\u017eny\u010diai nuostabius teologinius matmenis ir solid\u017eias pastoracines gaires, kaip suprasti, priimti, tarnauti ir\",\"breadcrumb\":{\"@id\":\"https:\/\/skaitytaknyga.lt\/produktas\/sventosios-dvasios-krikstas\/#breadcrumb\"},\"inLanguage\":\"en-GB\",\"potentialAction\":[{\"@type\":\"ReadAction\",\"target\":[\"https:\/\/skaitytaknyga.lt\/produktas\/sventosios-dvasios-krikstas\/\"]}]},{\"@type\":\"ImageObject\",\"inLanguage\":\"en-GB\",\"@id\":\"https:\/\/skaitytaknyga.lt\/produktas\/sventosios-dvasios-krikstas\/#primaryimage\",\"url\":\"https:\/\/skaitytaknyga.lt\/wp-content\/uploads\/2024\/05\/Sventosios-Dvasios-krikstas-1.jpg\",\"contentUrl\":\"https:\/\/skaitytaknyga.lt\/wp-content\/uploads\/2024\/05\/Sventosios-Dvasios-krikstas-1.jpg\",\"width\":328,\"height\":480,\"caption\":\"\u0160ventosios Dvasios krik\u0161tas\"},{\"@type\":\"BreadcrumbList\",\"@id\":\"https:\/\/skaitytaknyga.lt\/produktas\/sventosios-dvasios-krikstas\/#breadcrumb\",\"itemListElement\":[{\"@type\":\"ListItem\",\"position\":1,\"name\":\"Home\",\"item\":\"https:\/\/skaitytaknyga.lt\/\"},{\"@type\":\"ListItem\",\"position\":2,\"name\":\"Parduotuv\u0117\",\"item\":\"https:\/\/skaitytaknyga.lt\/knygu-parduotuve\/\"},{\"@type\":\"ListItem\",\"position\":3,\"name\":\"\u0160ventosios Dvasios krik\u0161tas\"}]},{\"@type\":\"WebSite\",\"@id\":\"https:\/\/skaitytaknyga.lt\/#website\",\"url\":\"https:\/\/skaitytaknyga.lt\/\",\"name\":\"skaitytaknyga.lt\",\"description\":\"Skaitytaknyga.lt \u2013 tai ma\u017eas \u0161eimos verslas, kuris prasid\u0117jo nuo meil\u0117s knygoms ir siekio i\u0161gelb\u0117ti knygas nuo likimo prie konteinerio. Kas vienam nereikalingas daiktas \u2013 kitam lobis, o mes esame tarpininkai, kurie padeda abiems tapti laimingesniems ???? \u017dinome kaip nelengva i\u0161gyventi ma\u017eiems verslams, tad nuo \u0161iol, \u010dia rasite ir kit\u0173, ma\u017e\u0173 \u0161eim\u0173 versl\u0173, rank\u0173 darbo, dovan\u0173 sau ir artimiesiems.\",\"publisher\":{\"@id\":\"https:\/\/skaitytaknyga.lt\/#organization\"},\"potentialAction\":[{\"@type\":\"SearchAction\",\"target\":{\"@type\":\"EntryPoint\",\"urlTemplate\":\"https:\/\/skaitytaknyga.lt\/?s={search_term_string}\"},\"query-input\":{\"@type\":\"PropertyValueSpecification\",\"valueRequired\":true,\"valueName\":\"search_term_string\"}}],\"inLanguage\":\"en-GB\"},{\"@type\":\"Organization\",\"@id\":\"https:\/\/skaitytaknyga.lt\/#organization\",\"name\":\"skaitytaknyga.lt\",\"url\":\"https:\/\/skaitytaknyga.lt\/\",\"logo\":{\"@type\":\"ImageObject\",\"inLanguage\":\"en-GB\",\"@id\":\"https:\/\/skaitytaknyga.lt\/#\/schema\/logo\/image\/\",\"url\":\"https:\/\/skaitytaknyga.lt\/wp-content\/uploads\/2024\/05\/cropped-cropped-cropped-02_00843_jt3bggkj1j3HLc7SyY6rEUpg.jpeg\",\"contentUrl\":\"https:\/\/skaitytaknyga.lt\/wp-content\/uploads\/2024\/05\/cropped-cropped-cropped-02_00843_jt3bggkj1j3HLc7SyY6rEUpg.jpeg\",\"width\":1600,\"height\":1600,\"caption\":\"skaitytaknyga.lt\"},\"image\":{\"@id\":\"https:\/\/skaitytaknyga.lt\/#\/schema\/logo\/image\/\"},\"sameAs\":[\"https:\/\/www.facebook.com\/skaitytaknyga\/\"]}]}<\/script>\n<!-- \/ Yoast SEO plugin. -->","yoast_head_json":{"title":"\u0160ventosios Dvasios krik\u0161tas","description":"\u0160is i\u0161samus dokumentas pateikia visai Ba\u017eny\u010diai nuostabius teologinius matmenis ir solid\u017eias pastoracines gaires, kaip suprasti, priimti, tarnauti ir","robots":{"index":"index","follow":"follow","max-snippet":"max-snippet:-1","max-image-preview":"max-image-preview:large","max-video-preview":"max-video-preview:-1"},"canonical":"https:\/\/skaitytaknyga.lt\/en\/produktas\/sventosios-dvasios-krikstas\/","og_locale":"en_GB","og_type":"article","og_title":"[:lt]\u0160ventosios Dvasios krik\u0161tas[:] - Skaitytaknyga","og_description":"\u0160is i\u0161samus dokumentas pateikia visai Ba\u017eny\u010diai nuostabius teologinius matmenis ir solid\u017eias pastoracines gaires, kaip suprasti, priimti, tarnauti ir","og_url":"https:\/\/skaitytaknyga.lt\/en\/produktas\/sventosios-dvasios-krikstas\/","og_site_name":"Skaitytaknyga","article_publisher":"https:\/\/www.facebook.com\/skaitytaknyga\/","article_modified_time":"2026-02-26T15:27:16+00:00","og_image":[{"width":328,"height":480,"url":"https:\/\/skaitytaknyga.lt\/wp-content\/uploads\/2024\/05\/Sventosios-Dvasios-krikstas-1.jpg","type":"image\/jpeg"}],"twitter_card":"summary_large_image","twitter_misc":{"Estimated reading time":"1 minute"},"schema":{"@context":"https:\/\/schema.org","@graph":[{"@type":"WebPage","@id":"https:\/\/skaitytaknyga.lt\/produktas\/sventosios-dvasios-krikstas\/","url":"https:\/\/skaitytaknyga.lt\/produktas\/sventosios-dvasios-krikstas\/","name":"\u0160ventosios Dvasios krik\u0161tas","isPartOf":{"@id":"https:\/\/skaitytaknyga.lt\/#website"},"primaryImageOfPage":{"@id":"https:\/\/skaitytaknyga.lt\/produktas\/sventosios-dvasios-krikstas\/#primaryimage"},"image":{"@id":"https:\/\/skaitytaknyga.lt\/produktas\/sventosios-dvasios-krikstas\/#primaryimage"},"thumbnailUrl":"https:\/\/skaitytaknyga.lt\/wp-content\/uploads\/2024\/05\/Sventosios-Dvasios-krikstas-1.jpg","datePublished":"2024-05-11T10:44:06+00:00","dateModified":"2026-02-26T15:27:16+00:00","description":"\u0160is i\u0161samus dokumentas pateikia visai Ba\u017eny\u010diai nuostabius teologinius matmenis ir solid\u017eias pastoracines gaires, kaip suprasti, priimti, tarnauti ir","breadcrumb":{"@id":"https:\/\/skaitytaknyga.lt\/produktas\/sventosios-dvasios-krikstas\/#breadcrumb"},"inLanguage":"en-GB","potentialAction":[{"@type":"ReadAction","target":["https:\/\/skaitytaknyga.lt\/produktas\/sventosios-dvasios-krikstas\/"]}]},{"@type":"ImageObject","inLanguage":"en-GB","@id":"https:\/\/skaitytaknyga.lt\/produktas\/sventosios-dvasios-krikstas\/#primaryimage","url":"https:\/\/skaitytaknyga.lt\/wp-content\/uploads\/2024\/05\/Sventosios-Dvasios-krikstas-1.jpg","contentUrl":"https:\/\/skaitytaknyga.lt\/wp-content\/uploads\/2024\/05\/Sventosios-Dvasios-krikstas-1.jpg","width":328,"height":480,"caption":"\u0160ventosios Dvasios krik\u0161tas"},{"@type":"BreadcrumbList","@id":"https:\/\/skaitytaknyga.lt\/produktas\/sventosios-dvasios-krikstas\/#breadcrumb","itemListElement":[{"@type":"ListItem","position":1,"name":"Home","item":"https:\/\/skaitytaknyga.lt\/"},{"@type":"ListItem","position":2,"name":"Parduotuv\u0117","item":"https:\/\/skaitytaknyga.lt\/knygu-parduotuve\/"},{"@type":"ListItem","position":3,"name":"\u0160ventosios Dvasios krik\u0161tas"}]},{"@type":"WebSite","@id":"https:\/\/skaitytaknyga.lt\/#website","url":"https:\/\/skaitytaknyga.lt\/","name":"skaitytaknyga.lt","description":"Skaitytaknyga.lt \u2013 tai ma\u017eas \u0161eimos verslas, kuris prasid\u0117jo nuo meil\u0117s knygoms ir siekio i\u0161gelb\u0117ti knygas nuo likimo prie konteinerio. Kas vienam nereikalingas daiktas \u2013 kitam lobis, o mes esame tarpininkai, kurie padeda abiems tapti laimingesniems ???? \u017dinome kaip nelengva i\u0161gyventi ma\u017eiems verslams, tad nuo \u0161iol, \u010dia rasite ir kit\u0173, ma\u017e\u0173 \u0161eim\u0173 versl\u0173, rank\u0173 darbo, dovan\u0173 sau ir artimiesiems.","publisher":{"@id":"https:\/\/skaitytaknyga.lt\/#organization"},"potentialAction":[{"@type":"SearchAction","target":{"@type":"EntryPoint","urlTemplate":"https:\/\/skaitytaknyga.lt\/?s={search_term_string}"},"query-input":{"@type":"PropertyValueSpecification","valueRequired":true,"valueName":"search_term_string"}}],"inLanguage":"en-GB"},{"@type":"Organization","@id":"https:\/\/skaitytaknyga.lt\/#organization","name":"skaitytaknyga.lt","url":"https:\/\/skaitytaknyga.lt\/","logo":{"@type":"ImageObject","inLanguage":"en-GB","@id":"https:\/\/skaitytaknyga.lt\/#\/schema\/logo\/image\/","url":"https:\/\/skaitytaknyga.lt\/wp-content\/uploads\/2024\/05\/cropped-cropped-cropped-02_00843_jt3bggkj1j3HLc7SyY6rEUpg.jpeg","contentUrl":"https:\/\/skaitytaknyga.lt\/wp-content\/uploads\/2024\/05\/cropped-cropped-cropped-02_00843_jt3bggkj1j3HLc7SyY6rEUpg.jpeg","width":1600,"height":1600,"caption":"skaitytaknyga.lt"},"image":{"@id":"https:\/\/skaitytaknyga.lt\/#\/schema\/logo\/image\/"},"sameAs":["https:\/\/www.facebook.com\/skaitytaknyga\/"]}]}},"_links":{"self":[{"href":"https:\/\/skaitytaknyga.lt\/en\/wp-json\/wp\/v2\/product\/13939","targetHints":{"allow":["GET"]}}],"collection":[{"href":"https:\/\/skaitytaknyga.lt\/en\/wp-json\/wp\/v2\/product"}],"about":[{"href":"https:\/\/skaitytaknyga.lt\/en\/wp-json\/wp\/v2\/types\/product"}],"replies":[{"embeddable":true,"href":"https:\/\/skaitytaknyga.lt\/en\/wp-json\/wp\/v2\/comments?post=13939"}],"wp:featuredmedia":[{"embeddable":true,"href":"https:\/\/skaitytaknyga.lt\/en\/wp-json\/wp\/v2\/media\/23177"}],"wp:attachment":[{"href":"https:\/\/skaitytaknyga.lt\/en\/wp-json\/wp\/v2\/media?parent=13939"}],"wp:term":[{"taxonomy":"product_brand","embeddable":true,"href":"https:\/\/skaitytaknyga.lt\/en\/wp-json\/wp\/v2\/product_brand?post=13939"},{"taxonomy":"product_cat","embeddable":true,"href":"https:\/\/skaitytaknyga.lt\/en\/wp-json\/wp\/v2\/product_cat?post=13939"},{"taxonomy":"product_tag","embeddable":true,"href":"https:\/\/skaitytaknyga.lt\/en\/wp-json\/wp\/v2\/product_tag?post=13939"}],"curies":[{"name":"wp","href":"https:\/\/api.w.org\/{rel}","templated":true}]}}