{"id":13925,"date":"2024-09-11T13:10:20","date_gmt":"2024-09-11T10:10:20","guid":{"rendered":"https:\/\/skaitytaknyga.lt\/?post_type=product&#038;p=13925"},"modified":"2024-09-11T13:40:39","modified_gmt":"2024-09-11T10:40:39","slug":"gyvenimo-akistata-su-mirtimi","status":"publish","type":"product","link":"https:\/\/skaitytaknyga.lt\/en\/produktas\/gyvenimo-akistata-su-mirtimi\/","title":{"rendered":"Gyvenimo akistata su mirtimi"},"content":{"rendered":"<p>Mirties nei\u0161vengsime, bet yra nema\u017eai b\u016bd\u0173, kaip galime pasirengti paskutinei kelionei.<\/p>\n<p>Knygoje pasakojama vieno \u017emogaus istorija \u2013 vyro, kuris nusprend\u0117 dr\u0105siai \u017evelgti mir\u010diai \u012f akis ir i\u0161keliauti \u012f am\u017einyb\u0119 palyd\u0117tas savo \u0161eimos, kuri steng\u0117si, kad toji kelion\u0117 jam b\u016bt\u0173 rami ir lengva. Joje rasite apm\u0105stym\u0173 apie gyvenim\u0105 ir mirt\u012f.<\/p>\n<p>Autor\u0117 siekia pad\u0117ti apsiprasti su mintimi, kad mirsime, \u017evelgti \u012f savo mirt\u012f kaip \u012f nat\u016brali\u0105 gyvenimo baigt\u012f, o ne kaip \u012f prie\u0161\u0105, kuris t\u0105 gyvenim\u0105 sunaikina.<\/p>\n<ul class=\"about-product d-none d-xl-block mt-4\">\n<li><strong>Originalus pavadinimas:<\/strong>\u00a0Quand la vie tutoie la Mort<\/li>\n<li><strong>Autorius:<\/strong>\u00a0Sylvie Garoche<\/li>\n<li><strong>Leid\u0117jas:<\/strong>\u00a0Katalik\u0173 pasaulio leidiniai<\/li>\n<li><strong>Metai:<\/strong>\u00a02013<\/li>\n<li><strong>Puslapiai:<\/strong>\u00a0144<\/li>\n<li><strong>ISBN:<\/strong>\u00a09789955292296<\/li>\n<li><strong>Formatas:<\/strong>\u00a012,5 x 20 cm, mink\u0161ti vir\u0161eliai<\/li>\n<li><strong>Kalba:<\/strong>\u00a0Lietuvi\u0173<\/li>\n<li><strong>Vert\u0117jas:<\/strong>\u00a0Marija Bogu\u0161yt\u0117<\/li>\n<\/ul>\n","protected":false},"excerpt":{"rendered":"<p>Mirties nei\u0161vengsime, bet yra nema\u017eai b\u016bd\u0173, kaip galime pasirengti paskutinei kelionei. Knygoje pasakojama vieno \u017emogaus istorija \u2013 vyro, kuris nusprend\u0117 dr\u0105siai \u017evelgti mir\u010diai \u012f akis ir i\u0161keliauti \u012f am\u017einyb\u0119 palyd\u0117tas savo \u0161eimos, kuri steng\u0117si, kad toji kelion\u0117 jam b\u016bt\u0173 rami ir lengva. Joje rasite apm\u0105stym\u0173 apie gyvenim\u0105 ir mirt\u012f. Autor\u0117 siekia pad\u0117ti apsiprasti su mintimi, kad mirsime, \u017evelgti \u012f savo mirt\u012f kaip \u012f nat\u016brali\u0105 gyvenimo baigt\u012f, o ne kaip \u012f prie\u0161\u0105, kuris t\u0105 gyvenim\u0105 sunaikina. Originalus pavadinimas:\u00a0Quand la vie tutoie la Mort Autorius:\u00a0Sylvie Garoche Leid\u0117jas:\u00a0Katalik\u0173 pasaulio leidiniai Metai:\u00a02013 Puslapiai:\u00a0144 ISBN:\u00a09789955292296 Formatas:\u00a012,5 x 20 cm, mink\u0161ti vir\u0161eliai Kalba:\u00a0Lietuvi\u0173 Vert\u0117jas:\u00a0Marija Bogu\u0161yt\u0117<\/p>\n","protected":false},"featured_media":13933,"comment_status":"open","ping_status":"closed","template":"","meta":{"_acf_changed":false,"site-sidebar-layout":"default","site-content-layout":"","ast-site-content-layout":"default","site-content-style":"default","site-sidebar-style":"default","ast-global-header-display":"","ast-banner-title-visibility":"","ast-main-header-display":"","ast-hfb-above-header-display":"","ast-hfb-below-header-display":"","ast-hfb-mobile-header-display":"","site-post-title":"","ast-breadcrumbs-content":"","ast-featured-img":"","footer-sml-layout":"","ast-disable-related-posts":"","theme-transparent-header-meta":"default","adv-header-id-meta":"","stick-header-meta":"","header-above-stick-meta":"","header-main-stick-meta":"","header-below-stick-meta":"","astra-migrate-meta-layouts":"set","ast-page-background-enabled":"default","ast-page-background-meta":{"desktop":{"background-color":"","background-image":"","background-repeat":"repeat","background-position":"center center","background-size":"auto","background-attachment":"scroll","background-type":"","background-media":"","overlay-type":"","overlay-color":"","overlay-opacity":"","overlay-gradient":""},"tablet":{"background-color":"","background-image":"","background-repeat":"repeat","background-position":"center center","background-size":"auto","background-attachment":"scroll","background-type":"","background-media":"","overlay-type":"","overlay-color":"","overlay-opacity":"","overlay-gradient":""},"mobile":{"background-color":"","background-image":"","background-repeat":"repeat","background-position":"center center","background-size":"auto","background-attachment":"scroll","background-type":"","background-media":"","overlay-type":"","overlay-color":"","overlay-opacity":"","overlay-gradient":""}},"ast-content-background-meta":{"desktop":{"background-color":"var(--ast-global-color-4)","background-image":"","background-repeat":"repeat","background-position":"center center","background-size":"auto","background-attachment":"scroll","background-type":"","background-media":"","overlay-type":"","overlay-color":"","overlay-opacity":"","overlay-gradient":""},"tablet":{"background-color":"var(--ast-global-color-4)","background-image":"","background-repeat":"repeat","background-position":"center center","background-size":"auto","background-attachment":"scroll","background-type":"","background-media":"","overlay-type":"","overlay-color":"","overlay-opacity":"","overlay-gradient":""},"mobile":{"background-color":"var(--ast-global-color-4)","background-image":"","background-repeat":"repeat","background-position":"center center","background-size":"auto","background-attachment":"scroll","background-type":"","background-media":"","overlay-type":"","overlay-color":"","overlay-opacity":"","overlay-gradient":""}}},"product_brand":[],"product_cat":[15,165],"product_tag":[],"class_list":{"0":"post-13925","1":"product","2":"type-product","3":"status-publish","4":"has-post-thumbnail","6":"product_cat-uncategorized","7":"product_cat-religija-filosofija-ir-ezoterika","8":"desktop-align-left","9":"tablet-align-left","10":"mobile-align-left","12":"first","13":"instock","14":"shipping-taxable","15":"purchasable","16":"product-type-simple"},"acf":[],"yoast_head":"<!-- This site is optimized with the Yoast SEO plugin v27.0 - https:\/\/yoast.com\/product\/yoast-seo-wordpress\/ -->\n<title>Gyvenimo akistata su mirtimi<\/title>\n<meta name=\"description\" content=\"Mirties nei\u0161vengsime, bet yra nema\u017eai b\u016bd\u0173, kaip galime pasirengti paskutinei kelionei. Knygoje pasakojama vieno \u017emogaus istorija \u2013 vyro, kuris nusprend\u0117\" \/>\n<meta name=\"robots\" content=\"index, follow, max-snippet:-1, max-image-preview:large, max-video-preview:-1\" \/>\n<link rel=\"canonical\" href=\"https:\/\/skaitytaknyga.lt\/en\/produktas\/gyvenimo-akistata-su-mirtimi\/\" \/>\n<meta property=\"og:locale\" content=\"en_GB\" \/>\n<meta property=\"og:locale:alternate\" content=\"lt_LT\" \/>\n<meta property=\"og:type\" content=\"article\" \/>\n<meta property=\"og:title\" content=\"Gyvenimo akistata su mirtimi\" \/>\n<meta property=\"og:description\" content=\"Mirties nei\u0161vengsime, bet yra nema\u017eai b\u016bd\u0173, kaip galime pasirengti paskutinei kelionei. Knygoje pasakojama vieno \u017emogaus istorija \u2013 vyro, kuris nusprend\u0117\" \/>\n<meta property=\"og:url\" content=\"https:\/\/skaitytaknyga.lt\/en\/produktas\/gyvenimo-akistata-su-mirtimi\/\" \/>\n<meta property=\"og:site_name\" content=\"Skaitytaknyga\" \/>\n<meta property=\"article:publisher\" content=\"https:\/\/www.facebook.com\/skaitytaknyga\/\" \/>\n<meta property=\"article:modified_time\" content=\"2024-09-11T10:40:39+00:00\" \/>\n<meta property=\"og:image\" content=\"https:\/\/skaitytaknyga.lt\/wp-content\/uploads\/2024\/09\/Gyvenimo-akistata-su-mirtimi.webp\" \/>\n\t<meta property=\"og:image:width\" content=\"500\" \/>\n\t<meta property=\"og:image:height\" content=\"800\" \/>\n\t<meta property=\"og:image:type\" content=\"image\/webp\" \/>\n<meta name=\"twitter:card\" content=\"summary_large_image\" \/>\n<meta name=\"twitter:label1\" content=\"Estimated reading time\" \/>\n\t<meta name=\"twitter:data1\" content=\"1 minute\" \/>\n<script type=\"application\/ld+json\" class=\"yoast-schema-graph\">{\"@context\":\"https:\/\/schema.org\",\"@graph\":[{\"@type\":\"WebPage\",\"@id\":\"https:\/\/skaitytaknyga.lt\/produktas\/gyvenimo-akistata-su-mirtimi\/\",\"url\":\"https:\/\/skaitytaknyga.lt\/produktas\/gyvenimo-akistata-su-mirtimi\/\",\"name\":\"Gyvenimo akistata su mirtimi\",\"isPartOf\":{\"@id\":\"https:\/\/skaitytaknyga.lt\/#website\"},\"primaryImageOfPage\":{\"@id\":\"https:\/\/skaitytaknyga.lt\/produktas\/gyvenimo-akistata-su-mirtimi\/#primaryimage\"},\"image\":{\"@id\":\"https:\/\/skaitytaknyga.lt\/produktas\/gyvenimo-akistata-su-mirtimi\/#primaryimage\"},\"thumbnailUrl\":\"https:\/\/skaitytaknyga.lt\/wp-content\/uploads\/2024\/09\/Gyvenimo-akistata-su-mirtimi.webp\",\"datePublished\":\"2024-09-11T10:10:20+00:00\",\"dateModified\":\"2024-09-11T10:40:39+00:00\",\"description\":\"Mirties nei\u0161vengsime, bet yra nema\u017eai b\u016bd\u0173, kaip galime pasirengti paskutinei kelionei. Knygoje pasakojama vieno \u017emogaus istorija \u2013 vyro, kuris nusprend\u0117\",\"breadcrumb\":{\"@id\":\"https:\/\/skaitytaknyga.lt\/produktas\/gyvenimo-akistata-su-mirtimi\/#breadcrumb\"},\"inLanguage\":\"en-GB\",\"potentialAction\":[{\"@type\":\"ReadAction\",\"target\":[\"https:\/\/skaitytaknyga.lt\/produktas\/gyvenimo-akistata-su-mirtimi\/\"]}]},{\"@type\":\"ImageObject\",\"inLanguage\":\"en-GB\",\"@id\":\"https:\/\/skaitytaknyga.lt\/produktas\/gyvenimo-akistata-su-mirtimi\/#primaryimage\",\"url\":\"https:\/\/skaitytaknyga.lt\/wp-content\/uploads\/2024\/09\/Gyvenimo-akistata-su-mirtimi.webp\",\"contentUrl\":\"https:\/\/skaitytaknyga.lt\/wp-content\/uploads\/2024\/09\/Gyvenimo-akistata-su-mirtimi.webp\",\"width\":500,\"height\":800,\"caption\":\"Gyvenimo akistata su mirtimi\"},{\"@type\":\"BreadcrumbList\",\"@id\":\"https:\/\/skaitytaknyga.lt\/produktas\/gyvenimo-akistata-su-mirtimi\/#breadcrumb\",\"itemListElement\":[{\"@type\":\"ListItem\",\"position\":1,\"name\":\"Home\",\"item\":\"https:\/\/skaitytaknyga.lt\/\"},{\"@type\":\"ListItem\",\"position\":2,\"name\":\"Parduotuv\u0117\",\"item\":\"https:\/\/skaitytaknyga.lt\/knygu-parduotuve\/\"},{\"@type\":\"ListItem\",\"position\":3,\"name\":\"Gyvenimo akistata su mirtimi\"}]},{\"@type\":\"WebSite\",\"@id\":\"https:\/\/skaitytaknyga.lt\/#website\",\"url\":\"https:\/\/skaitytaknyga.lt\/\",\"name\":\"skaitytaknyga.lt\",\"description\":\"Skaitytaknyga.lt \u2013 tai ma\u017eas \u0161eimos verslas, kuris prasid\u0117jo nuo meil\u0117s knygoms ir siekio i\u0161gelb\u0117ti knygas nuo likimo prie konteinerio. Kas vienam nereikalingas daiktas \u2013 kitam lobis, o mes esame tarpininkai, kurie padeda abiems tapti laimingesniems ???? \u017dinome kaip nelengva i\u0161gyventi ma\u017eiems verslams, tad nuo \u0161iol, \u010dia rasite ir kit\u0173, ma\u017e\u0173 \u0161eim\u0173 versl\u0173, rank\u0173 darbo, dovan\u0173 sau ir artimiesiems.\",\"publisher\":{\"@id\":\"https:\/\/skaitytaknyga.lt\/#organization\"},\"potentialAction\":[{\"@type\":\"SearchAction\",\"target\":{\"@type\":\"EntryPoint\",\"urlTemplate\":\"https:\/\/skaitytaknyga.lt\/?s={search_term_string}\"},\"query-input\":{\"@type\":\"PropertyValueSpecification\",\"valueRequired\":true,\"valueName\":\"search_term_string\"}}],\"inLanguage\":\"en-GB\"},{\"@type\":\"Organization\",\"@id\":\"https:\/\/skaitytaknyga.lt\/#organization\",\"name\":\"skaitytaknyga.lt\",\"url\":\"https:\/\/skaitytaknyga.lt\/\",\"logo\":{\"@type\":\"ImageObject\",\"inLanguage\":\"en-GB\",\"@id\":\"https:\/\/skaitytaknyga.lt\/#\/schema\/logo\/image\/\",\"url\":\"https:\/\/skaitytaknyga.lt\/wp-content\/uploads\/2024\/05\/cropped-cropped-cropped-02_00843_jt3bggkj1j3HLc7SyY6rEUpg.jpeg\",\"contentUrl\":\"https:\/\/skaitytaknyga.lt\/wp-content\/uploads\/2024\/05\/cropped-cropped-cropped-02_00843_jt3bggkj1j3HLc7SyY6rEUpg.jpeg\",\"width\":1600,\"height\":1600,\"caption\":\"skaitytaknyga.lt\"},\"image\":{\"@id\":\"https:\/\/skaitytaknyga.lt\/#\/schema\/logo\/image\/\"},\"sameAs\":[\"https:\/\/www.facebook.com\/skaitytaknyga\/\"]}]}<\/script>\n<!-- \/ Yoast SEO plugin. -->","yoast_head_json":{"title":"Gyvenimo akistata su mirtimi","description":"Mirties nei\u0161vengsime, bet yra nema\u017eai b\u016bd\u0173, kaip galime pasirengti paskutinei kelionei. Knygoje pasakojama vieno \u017emogaus istorija \u2013 vyro, kuris nusprend\u0117","robots":{"index":"index","follow":"follow","max-snippet":"max-snippet:-1","max-image-preview":"max-image-preview:large","max-video-preview":"max-video-preview:-1"},"canonical":"https:\/\/skaitytaknyga.lt\/en\/produktas\/gyvenimo-akistata-su-mirtimi\/","og_locale":"en_GB","og_type":"article","og_title":"[:lt]Gyvenimo akistata su mirtimi[:] - Skaitytaknyga","og_description":"Mirties nei\u0161vengsime, bet yra nema\u017eai b\u016bd\u0173, kaip galime pasirengti paskutinei kelionei. Knygoje pasakojama vieno \u017emogaus istorija \u2013 vyro, kuris nusprend\u0117","og_url":"https:\/\/skaitytaknyga.lt\/en\/produktas\/gyvenimo-akistata-su-mirtimi\/","og_site_name":"Skaitytaknyga","article_publisher":"https:\/\/www.facebook.com\/skaitytaknyga\/","article_modified_time":"2024-09-11T10:40:39+00:00","og_image":[{"width":500,"height":800,"url":"https:\/\/skaitytaknyga.lt\/wp-content\/uploads\/2024\/09\/Gyvenimo-akistata-su-mirtimi.webp","type":"image\/webp"}],"twitter_card":"summary_large_image","twitter_misc":{"Estimated reading time":"1 minute"},"schema":{"@context":"https:\/\/schema.org","@graph":[{"@type":"WebPage","@id":"https:\/\/skaitytaknyga.lt\/produktas\/gyvenimo-akistata-su-mirtimi\/","url":"https:\/\/skaitytaknyga.lt\/produktas\/gyvenimo-akistata-su-mirtimi\/","name":"Gyvenimo akistata su mirtimi","isPartOf":{"@id":"https:\/\/skaitytaknyga.lt\/#website"},"primaryImageOfPage":{"@id":"https:\/\/skaitytaknyga.lt\/produktas\/gyvenimo-akistata-su-mirtimi\/#primaryimage"},"image":{"@id":"https:\/\/skaitytaknyga.lt\/produktas\/gyvenimo-akistata-su-mirtimi\/#primaryimage"},"thumbnailUrl":"https:\/\/skaitytaknyga.lt\/wp-content\/uploads\/2024\/09\/Gyvenimo-akistata-su-mirtimi.webp","datePublished":"2024-09-11T10:10:20+00:00","dateModified":"2024-09-11T10:40:39+00:00","description":"Mirties nei\u0161vengsime, bet yra nema\u017eai b\u016bd\u0173, kaip galime pasirengti paskutinei kelionei. Knygoje pasakojama vieno \u017emogaus istorija \u2013 vyro, kuris nusprend\u0117","breadcrumb":{"@id":"https:\/\/skaitytaknyga.lt\/produktas\/gyvenimo-akistata-su-mirtimi\/#breadcrumb"},"inLanguage":"en-GB","potentialAction":[{"@type":"ReadAction","target":["https:\/\/skaitytaknyga.lt\/produktas\/gyvenimo-akistata-su-mirtimi\/"]}]},{"@type":"ImageObject","inLanguage":"en-GB","@id":"https:\/\/skaitytaknyga.lt\/produktas\/gyvenimo-akistata-su-mirtimi\/#primaryimage","url":"https:\/\/skaitytaknyga.lt\/wp-content\/uploads\/2024\/09\/Gyvenimo-akistata-su-mirtimi.webp","contentUrl":"https:\/\/skaitytaknyga.lt\/wp-content\/uploads\/2024\/09\/Gyvenimo-akistata-su-mirtimi.webp","width":500,"height":800,"caption":"Gyvenimo akistata su mirtimi"},{"@type":"BreadcrumbList","@id":"https:\/\/skaitytaknyga.lt\/produktas\/gyvenimo-akistata-su-mirtimi\/#breadcrumb","itemListElement":[{"@type":"ListItem","position":1,"name":"Home","item":"https:\/\/skaitytaknyga.lt\/"},{"@type":"ListItem","position":2,"name":"Parduotuv\u0117","item":"https:\/\/skaitytaknyga.lt\/knygu-parduotuve\/"},{"@type":"ListItem","position":3,"name":"Gyvenimo akistata su mirtimi"}]},{"@type":"WebSite","@id":"https:\/\/skaitytaknyga.lt\/#website","url":"https:\/\/skaitytaknyga.lt\/","name":"skaitytaknyga.lt","description":"Skaitytaknyga.lt \u2013 tai ma\u017eas \u0161eimos verslas, kuris prasid\u0117jo nuo meil\u0117s knygoms ir siekio i\u0161gelb\u0117ti knygas nuo likimo prie konteinerio. Kas vienam nereikalingas daiktas \u2013 kitam lobis, o mes esame tarpininkai, kurie padeda abiems tapti laimingesniems ???? \u017dinome kaip nelengva i\u0161gyventi ma\u017eiems verslams, tad nuo \u0161iol, \u010dia rasite ir kit\u0173, ma\u017e\u0173 \u0161eim\u0173 versl\u0173, rank\u0173 darbo, dovan\u0173 sau ir artimiesiems.","publisher":{"@id":"https:\/\/skaitytaknyga.lt\/#organization"},"potentialAction":[{"@type":"SearchAction","target":{"@type":"EntryPoint","urlTemplate":"https:\/\/skaitytaknyga.lt\/?s={search_term_string}"},"query-input":{"@type":"PropertyValueSpecification","valueRequired":true,"valueName":"search_term_string"}}],"inLanguage":"en-GB"},{"@type":"Organization","@id":"https:\/\/skaitytaknyga.lt\/#organization","name":"skaitytaknyga.lt","url":"https:\/\/skaitytaknyga.lt\/","logo":{"@type":"ImageObject","inLanguage":"en-GB","@id":"https:\/\/skaitytaknyga.lt\/#\/schema\/logo\/image\/","url":"https:\/\/skaitytaknyga.lt\/wp-content\/uploads\/2024\/05\/cropped-cropped-cropped-02_00843_jt3bggkj1j3HLc7SyY6rEUpg.jpeg","contentUrl":"https:\/\/skaitytaknyga.lt\/wp-content\/uploads\/2024\/05\/cropped-cropped-cropped-02_00843_jt3bggkj1j3HLc7SyY6rEUpg.jpeg","width":1600,"height":1600,"caption":"skaitytaknyga.lt"},"image":{"@id":"https:\/\/skaitytaknyga.lt\/#\/schema\/logo\/image\/"},"sameAs":["https:\/\/www.facebook.com\/skaitytaknyga\/"]}]}},"_links":{"self":[{"href":"https:\/\/skaitytaknyga.lt\/en\/wp-json\/wp\/v2\/product\/13925","targetHints":{"allow":["GET"]}}],"collection":[{"href":"https:\/\/skaitytaknyga.lt\/en\/wp-json\/wp\/v2\/product"}],"about":[{"href":"https:\/\/skaitytaknyga.lt\/en\/wp-json\/wp\/v2\/types\/product"}],"replies":[{"embeddable":true,"href":"https:\/\/skaitytaknyga.lt\/en\/wp-json\/wp\/v2\/comments?post=13925"}],"wp:featuredmedia":[{"embeddable":true,"href":"https:\/\/skaitytaknyga.lt\/en\/wp-json\/wp\/v2\/media\/13933"}],"wp:attachment":[{"href":"https:\/\/skaitytaknyga.lt\/en\/wp-json\/wp\/v2\/media?parent=13925"}],"wp:term":[{"taxonomy":"product_brand","embeddable":true,"href":"https:\/\/skaitytaknyga.lt\/en\/wp-json\/wp\/v2\/product_brand?post=13925"},{"taxonomy":"product_cat","embeddable":true,"href":"https:\/\/skaitytaknyga.lt\/en\/wp-json\/wp\/v2\/product_cat?post=13925"},{"taxonomy":"product_tag","embeddable":true,"href":"https:\/\/skaitytaknyga.lt\/en\/wp-json\/wp\/v2\/product_tag?post=13925"}],"curies":[{"name":"wp","href":"https:\/\/api.w.org\/{rel}","templated":true}]}}