{"id":13923,"date":"2024-05-11T13:10:19","date_gmt":"2024-05-11T10:10:19","guid":{"rendered":"https:\/\/skaitytaknyga.lt\/?post_type=product&#038;p=13923"},"modified":"2026-03-18T12:34:41","modified_gmt":"2026-03-18T10:34:41","slug":"stebuklai-tikrai-vyksta","status":"publish","type":"product","link":"https:\/\/skaitytaknyga.lt\/en\/produktas\/stebuklai-tikrai-vyksta\/","title":{"rendered":"Stebuklai tikrai vyksta"},"content":{"rendered":"<p>Ar tikite stebuklais? Sesuo Briege McKenna tiki. Kai Vie\u0161pats i\u0161gyd\u0117 jos negali\u0105, artrit\u0105, sesuo Briege daugiau kaip 25 metus savo tarnyste ne\u0161a vilt\u012f ir i\u0161gydym\u0105 daugybei \u017emoni\u0173 pasaulyje, pradedant masiniais susib\u016brimais Lotyn\u0173 Amerikoje ir baigiant rekolekcijomis Kor\u0117joje.<\/p>\n<p>Knygoje pasakojama apie sesers Briege patirt\u0105 gydan\u010di\u0105j\u0105 Dievo gali\u0105. Dalijamasi \u012f\u017evalgomis apie tik\u0117jim\u0105, Eucharistij\u0105, mald\u0105 ir pa\u0161aukim\u0173 sielovad\u0105. Knyga parodo keli\u0105 \u012f glaudesn\u012f ry\u0161\u012f su J\u0117zumi, didesn\u012f Jo meil\u0117s pa\u017einim\u0105 ir tik\u0117jim\u0105 Jo galia daryti ne\u012fmanomus dalykus.<\/p>\n<p>Sesuo Briege McKenna OSB gim\u0117 Armavo grafyst\u0117je, Airijoje.<\/p>\n<p>Henris Libersetas, savaitra\u0161\u010dio\u00a0<em>Floridos katalikas<\/em>\u00a0redaktorius ir knygos\u00a0<em>Sustabdytas<\/em>\u00a0<em>pusiaukel\u0117je: susitikimas<\/em>\u00a0<em>su Dievu<\/em>\u00a0<em>problem\u0173 s\u016bkuryje<\/em>\u00a0autorius.<\/p>\n<ul class=\"details-list mt5\">\n<li>Autorius:\u00a0Briege McKenna O.S.C, Henry Libersat<\/li>\n<li>Leid\u0117jas:\u00a0Katalik\u0173 pasaulio leidiniai<\/li>\n<li>I\u0161leidimo metai:\u00a02013<\/li>\n<li>Knygos puslapi\u0173 skai\u010dius:\u00a0176<\/li>\n<li>Formatas:\u00a013&#215;20, mink\u0161ti vir\u0161eliai<\/li>\n<li>ISBN ar kodas:\u00a09955-619-88-0<\/li>\n<\/ul>\n","protected":false},"excerpt":{"rendered":"<p>Ar tikite stebuklais? Sesuo Briege McKenna tiki. Kai Vie\u0161pats i\u0161gyd\u0117 jos negali\u0105, artrit\u0105, sesuo Briege daugiau kaip 25 metus savo tarnyste ne\u0161a vilt\u012f ir i\u0161gydym\u0105 daugybei \u017emoni\u0173 pasaulyje, pradedant masiniais susib\u016brimais Lotyn\u0173 Amerikoje ir baigiant rekolekcijomis Kor\u0117joje. Knygoje pasakojama apie sesers Briege patirt\u0105 gydan\u010di\u0105j\u0105 Dievo gali\u0105. Dalijamasi \u012f\u017evalgomis apie tik\u0117jim\u0105, Eucharistij\u0105, mald\u0105 ir pa\u0161aukim\u0173 sielovad\u0105. Knyga parodo keli\u0105 \u012f glaudesn\u012f ry\u0161\u012f su J\u0117zumi, didesn\u012f Jo meil\u0117s pa\u017einim\u0105 ir tik\u0117jim\u0105 Jo galia daryti ne\u012fmanomus dalykus. Sesuo Briege McKenna OSB gim\u0117 Armavo grafyst\u0117je, Airijoje. Henris Libersetas, savaitra\u0161\u010dio\u00a0Floridos katalikas\u00a0redaktorius ir knygos\u00a0Sustabdytas\u00a0pusiaukel\u0117je: susitikimas\u00a0su Dievu\u00a0problem\u0173 s\u016bkuryje\u00a0autorius. Autorius:\u00a0Briege McKenna O.S.C, Henry Libersat Leid\u0117jas:\u00a0Katalik\u0173 pasaulio leidiniai I\u0161leidimo metai:\u00a02013 Knygos puslapi\u0173 skai\u010dius:\u00a0176 Formatas:\u00a013&#215;20, mink\u0161ti vir\u0161eliai ISBN ar kodas:\u00a09955-619-88-0<\/p>\n","protected":false},"featured_media":13935,"comment_status":"open","ping_status":"closed","template":"","meta":{"_acf_changed":false,"site-sidebar-layout":"default","site-content-layout":"","ast-site-content-layout":"default","site-content-style":"default","site-sidebar-style":"default","ast-global-header-display":"","ast-banner-title-visibility":"","ast-main-header-display":"","ast-hfb-above-header-display":"","ast-hfb-below-header-display":"","ast-hfb-mobile-header-display":"","site-post-title":"","ast-breadcrumbs-content":"","ast-featured-img":"","footer-sml-layout":"","ast-disable-related-posts":"","theme-transparent-header-meta":"default","adv-header-id-meta":"","stick-header-meta":"","header-above-stick-meta":"","header-main-stick-meta":"","header-below-stick-meta":"","astra-migrate-meta-layouts":"set","ast-page-background-enabled":"default","ast-page-background-meta":{"desktop":{"background-color":"","background-image":"","background-repeat":"repeat","background-position":"center center","background-size":"auto","background-attachment":"scroll","background-type":"","background-media":"","overlay-type":"","overlay-color":"","overlay-opacity":"","overlay-gradient":""},"tablet":{"background-color":"","background-image":"","background-repeat":"repeat","background-position":"center center","background-size":"auto","background-attachment":"scroll","background-type":"","background-media":"","overlay-type":"","overlay-color":"","overlay-opacity":"","overlay-gradient":""},"mobile":{"background-color":"","background-image":"","background-repeat":"repeat","background-position":"center center","background-size":"auto","background-attachment":"scroll","background-type":"","background-media":"","overlay-type":"","overlay-color":"","overlay-opacity":"","overlay-gradient":""}},"ast-content-background-meta":{"desktop":{"background-color":"var(--ast-global-color-4)","background-image":"","background-repeat":"repeat","background-position":"center center","background-size":"auto","background-attachment":"scroll","background-type":"","background-media":"","overlay-type":"","overlay-color":"","overlay-opacity":"","overlay-gradient":""},"tablet":{"background-color":"var(--ast-global-color-4)","background-image":"","background-repeat":"repeat","background-position":"center center","background-size":"auto","background-attachment":"scroll","background-type":"","background-media":"","overlay-type":"","overlay-color":"","overlay-opacity":"","overlay-gradient":""},"mobile":{"background-color":"var(--ast-global-color-4)","background-image":"","background-repeat":"repeat","background-position":"center center","background-size":"auto","background-attachment":"scroll","background-type":"","background-media":"","overlay-type":"","overlay-color":"","overlay-opacity":"","overlay-gradient":""}}},"product_brand":[],"product_cat":[9753],"product_tag":[4515,4516,4517,1778,3162,1581],"class_list":{"0":"post-13923","1":"product","2":"type-product","3":"status-publish","4":"has-post-thumbnail","6":"product_cat-religija","7":"product_tag-briege-mckenna","8":"product_tag-henry-libersat","9":"product_tag-isgijimas","10":"product_tag-religine-literatura","11":"product_tag-stebuklai","12":"product_tag-tikejimas","13":"desktop-align-left","14":"tablet-align-left","15":"mobile-align-left","17":"first","18":"instock","19":"shipping-taxable","20":"purchasable","21":"product-type-simple"},"acf":[],"yoast_head":"<!-- This site is optimized with the Yoast SEO plugin v27.4 - https:\/\/yoast.com\/product\/yoast-seo-wordpress\/ -->\n<title>Stebuklai tikrai vyksta<\/title>\n<meta name=\"description\" content=\"Ar tikite stebuklais? Sesuo Briege McKenna tiki. Kai Vie\u0161pats i\u0161gyd\u0117 jos negali\u0105, artrit\u0105, sesuo Briege daugiau kaip 25 metus savo tarnyste ne\u0161a vilt\u012f ir\" \/>\n<meta name=\"robots\" content=\"index, follow, max-snippet:-1, max-image-preview:large, max-video-preview:-1\" \/>\n<link rel=\"canonical\" href=\"https:\/\/skaitytaknyga.lt\/en\/produktas\/stebuklai-tikrai-vyksta\/\" \/>\n<meta property=\"og:locale\" content=\"en_GB\" \/>\n<meta property=\"og:locale:alternate\" content=\"lt_LT\" \/>\n<meta property=\"og:type\" content=\"article\" \/>\n<meta property=\"og:title\" content=\"Stebuklai tikrai vyksta\" \/>\n<meta property=\"og:description\" content=\"Ar tikite stebuklais? Sesuo Briege McKenna tiki. Kai Vie\u0161pats i\u0161gyd\u0117 jos negali\u0105, artrit\u0105, sesuo Briege daugiau kaip 25 metus savo tarnyste ne\u0161a vilt\u012f ir\" \/>\n<meta property=\"og:url\" content=\"https:\/\/skaitytaknyga.lt\/en\/produktas\/stebuklai-tikrai-vyksta\/\" \/>\n<meta property=\"og:site_name\" content=\"Skaitytaknyga\" \/>\n<meta property=\"article:publisher\" content=\"https:\/\/www.facebook.com\/skaitytaknyga\/\" \/>\n<meta property=\"article:modified_time\" content=\"2026-03-18T10:34:41+00:00\" \/>\n<meta property=\"og:image\" content=\"https:\/\/skaitytaknyga.lt\/wp-content\/uploads\/2024\/09\/Stebuklai-tikrai-vyksta.jpg\" \/>\n\t<meta property=\"og:image:width\" content=\"370\" \/>\n\t<meta property=\"og:image:height\" content=\"560\" \/>\n\t<meta property=\"og:image:type\" content=\"image\/jpeg\" \/>\n<meta name=\"twitter:card\" content=\"summary_large_image\" \/>\n<meta name=\"twitter:label1\" content=\"Estimated reading time\" \/>\n\t<meta name=\"twitter:data1\" content=\"1 minute\" \/>\n<script type=\"application\/ld+json\" class=\"yoast-schema-graph\">{\"@context\":\"https:\\\/\\\/schema.org\",\"@graph\":[{\"@type\":\"WebPage\",\"@id\":\"https:\\\/\\\/skaitytaknyga.lt\\\/produktas\\\/stebuklai-tikrai-vyksta\\\/\",\"url\":\"https:\\\/\\\/skaitytaknyga.lt\\\/produktas\\\/stebuklai-tikrai-vyksta\\\/\",\"name\":\"Stebuklai tikrai vyksta\",\"isPartOf\":{\"@id\":\"https:\\\/\\\/skaitytaknyga.lt\\\/#website\"},\"primaryImageOfPage\":{\"@id\":\"https:\\\/\\\/skaitytaknyga.lt\\\/produktas\\\/stebuklai-tikrai-vyksta\\\/#primaryimage\"},\"image\":{\"@id\":\"https:\\\/\\\/skaitytaknyga.lt\\\/produktas\\\/stebuklai-tikrai-vyksta\\\/#primaryimage\"},\"thumbnailUrl\":\"https:\\\/\\\/skaitytaknyga.lt\\\/wp-content\\\/uploads\\\/2024\\\/09\\\/Stebuklai-tikrai-vyksta.jpg\",\"datePublished\":\"2024-05-11T10:10:19+00:00\",\"dateModified\":\"2026-03-18T10:34:41+00:00\",\"description\":\"Ar tikite stebuklais? Sesuo Briege McKenna tiki. Kai Vie\u0161pats i\u0161gyd\u0117 jos negali\u0105, artrit\u0105, sesuo Briege daugiau kaip 25 metus savo tarnyste ne\u0161a vilt\u012f ir\",\"breadcrumb\":{\"@id\":\"https:\\\/\\\/skaitytaknyga.lt\\\/produktas\\\/stebuklai-tikrai-vyksta\\\/#breadcrumb\"},\"inLanguage\":\"en-GB\",\"potentialAction\":[{\"@type\":\"ReadAction\",\"target\":[\"https:\\\/\\\/skaitytaknyga.lt\\\/produktas\\\/stebuklai-tikrai-vyksta\\\/\"]}]},{\"@type\":\"ImageObject\",\"inLanguage\":\"en-GB\",\"@id\":\"https:\\\/\\\/skaitytaknyga.lt\\\/produktas\\\/stebuklai-tikrai-vyksta\\\/#primaryimage\",\"url\":\"https:\\\/\\\/skaitytaknyga.lt\\\/wp-content\\\/uploads\\\/2024\\\/09\\\/Stebuklai-tikrai-vyksta.jpg\",\"contentUrl\":\"https:\\\/\\\/skaitytaknyga.lt\\\/wp-content\\\/uploads\\\/2024\\\/09\\\/Stebuklai-tikrai-vyksta.jpg\",\"width\":370,\"height\":560,\"caption\":\"Stebuklai tikrai vyksta\"},{\"@type\":\"BreadcrumbList\",\"@id\":\"https:\\\/\\\/skaitytaknyga.lt\\\/produktas\\\/stebuklai-tikrai-vyksta\\\/#breadcrumb\",\"itemListElement\":[{\"@type\":\"ListItem\",\"position\":1,\"name\":\"Home\",\"item\":\"https:\\\/\\\/skaitytaknyga.lt\\\/\"},{\"@type\":\"ListItem\",\"position\":2,\"name\":\"Parduotuv\u0117\",\"item\":\"https:\\\/\\\/skaitytaknyga.lt\\\/knygu-parduotuve\\\/\"},{\"@type\":\"ListItem\",\"position\":3,\"name\":\"Stebuklai tikrai vyksta\"}]},{\"@type\":\"WebSite\",\"@id\":\"https:\\\/\\\/skaitytaknyga.lt\\\/#website\",\"url\":\"https:\\\/\\\/skaitytaknyga.lt\\\/\",\"name\":\"skaitytaknyga.lt\",\"description\":\"Skaitytaknyga.lt \u2013 tai ma\u017eas \u0161eimos verslas, kuris prasid\u0117jo nuo meil\u0117s knygoms ir siekio i\u0161gelb\u0117ti knygas nuo likimo prie konteinerio. Kas vienam nereikalingas daiktas \u2013 kitam lobis, o mes esame tarpininkai, kurie padeda abiems tapti laimingesniems ???? \u017dinome kaip nelengva i\u0161gyventi ma\u017eiems verslams, tad nuo \u0161iol, \u010dia rasite ir kit\u0173, ma\u017e\u0173 \u0161eim\u0173 versl\u0173, rank\u0173 darbo, dovan\u0173 sau ir artimiesiems.\",\"publisher\":{\"@id\":\"https:\\\/\\\/skaitytaknyga.lt\\\/#organization\"},\"potentialAction\":[{\"@type\":\"SearchAction\",\"target\":{\"@type\":\"EntryPoint\",\"urlTemplate\":\"https:\\\/\\\/skaitytaknyga.lt\\\/?s={search_term_string}\"},\"query-input\":{\"@type\":\"PropertyValueSpecification\",\"valueRequired\":true,\"valueName\":\"search_term_string\"}}],\"inLanguage\":\"en-GB\"},{\"@type\":\"Organization\",\"@id\":\"https:\\\/\\\/skaitytaknyga.lt\\\/#organization\",\"name\":\"skaitytaknyga.lt\",\"url\":\"https:\\\/\\\/skaitytaknyga.lt\\\/\",\"logo\":{\"@type\":\"ImageObject\",\"inLanguage\":\"en-GB\",\"@id\":\"https:\\\/\\\/skaitytaknyga.lt\\\/#\\\/schema\\\/logo\\\/image\\\/\",\"url\":\"https:\\\/\\\/skaitytaknyga.lt\\\/wp-content\\\/uploads\\\/2024\\\/05\\\/cropped-cropped-cropped-02_00843_jt3bggkj1j3HLc7SyY6rEUpg.jpeg\",\"contentUrl\":\"https:\\\/\\\/skaitytaknyga.lt\\\/wp-content\\\/uploads\\\/2024\\\/05\\\/cropped-cropped-cropped-02_00843_jt3bggkj1j3HLc7SyY6rEUpg.jpeg\",\"width\":1600,\"height\":1600,\"caption\":\"skaitytaknyga.lt\"},\"image\":{\"@id\":\"https:\\\/\\\/skaitytaknyga.lt\\\/#\\\/schema\\\/logo\\\/image\\\/\"},\"sameAs\":[\"https:\\\/\\\/www.facebook.com\\\/skaitytaknyga\\\/\"]}]}<\/script>\n<!-- \/ Yoast SEO plugin. -->","yoast_head_json":{"title":"Stebuklai tikrai vyksta","description":"Ar tikite stebuklais? Sesuo Briege McKenna tiki. Kai Vie\u0161pats i\u0161gyd\u0117 jos negali\u0105, artrit\u0105, sesuo Briege daugiau kaip 25 metus savo tarnyste ne\u0161a vilt\u012f ir","robots":{"index":"index","follow":"follow","max-snippet":"max-snippet:-1","max-image-preview":"max-image-preview:large","max-video-preview":"max-video-preview:-1"},"canonical":"https:\/\/skaitytaknyga.lt\/en\/produktas\/stebuklai-tikrai-vyksta\/","og_locale":"en_GB","og_type":"article","og_title":"[:lt]Stebuklai tikrai vyksta[:] - Skaitytaknyga","og_description":"Ar tikite stebuklais? Sesuo Briege McKenna tiki. Kai Vie\u0161pats i\u0161gyd\u0117 jos negali\u0105, artrit\u0105, sesuo Briege daugiau kaip 25 metus savo tarnyste ne\u0161a vilt\u012f ir","og_url":"https:\/\/skaitytaknyga.lt\/en\/produktas\/stebuklai-tikrai-vyksta\/","og_site_name":"Skaitytaknyga","article_publisher":"https:\/\/www.facebook.com\/skaitytaknyga\/","article_modified_time":"2026-03-18T10:34:41+00:00","og_image":[{"width":370,"height":560,"url":"https:\/\/skaitytaknyga.lt\/wp-content\/uploads\/2024\/09\/Stebuklai-tikrai-vyksta.jpg","type":"image\/jpeg"}],"twitter_card":"summary_large_image","twitter_misc":{"Estimated reading time":"1 minute"},"schema":{"@context":"https:\/\/schema.org","@graph":[{"@type":"WebPage","@id":"https:\/\/skaitytaknyga.lt\/produktas\/stebuklai-tikrai-vyksta\/","url":"https:\/\/skaitytaknyga.lt\/produktas\/stebuklai-tikrai-vyksta\/","name":"Stebuklai tikrai vyksta","isPartOf":{"@id":"https:\/\/skaitytaknyga.lt\/#website"},"primaryImageOfPage":{"@id":"https:\/\/skaitytaknyga.lt\/produktas\/stebuklai-tikrai-vyksta\/#primaryimage"},"image":{"@id":"https:\/\/skaitytaknyga.lt\/produktas\/stebuklai-tikrai-vyksta\/#primaryimage"},"thumbnailUrl":"https:\/\/skaitytaknyga.lt\/wp-content\/uploads\/2024\/09\/Stebuklai-tikrai-vyksta.jpg","datePublished":"2024-05-11T10:10:19+00:00","dateModified":"2026-03-18T10:34:41+00:00","description":"Ar tikite stebuklais? Sesuo Briege McKenna tiki. Kai Vie\u0161pats i\u0161gyd\u0117 jos negali\u0105, artrit\u0105, sesuo Briege daugiau kaip 25 metus savo tarnyste ne\u0161a vilt\u012f ir","breadcrumb":{"@id":"https:\/\/skaitytaknyga.lt\/produktas\/stebuklai-tikrai-vyksta\/#breadcrumb"},"inLanguage":"en-GB","potentialAction":[{"@type":"ReadAction","target":["https:\/\/skaitytaknyga.lt\/produktas\/stebuklai-tikrai-vyksta\/"]}]},{"@type":"ImageObject","inLanguage":"en-GB","@id":"https:\/\/skaitytaknyga.lt\/produktas\/stebuklai-tikrai-vyksta\/#primaryimage","url":"https:\/\/skaitytaknyga.lt\/wp-content\/uploads\/2024\/09\/Stebuklai-tikrai-vyksta.jpg","contentUrl":"https:\/\/skaitytaknyga.lt\/wp-content\/uploads\/2024\/09\/Stebuklai-tikrai-vyksta.jpg","width":370,"height":560,"caption":"Stebuklai tikrai vyksta"},{"@type":"BreadcrumbList","@id":"https:\/\/skaitytaknyga.lt\/produktas\/stebuklai-tikrai-vyksta\/#breadcrumb","itemListElement":[{"@type":"ListItem","position":1,"name":"Home","item":"https:\/\/skaitytaknyga.lt\/"},{"@type":"ListItem","position":2,"name":"Parduotuv\u0117","item":"https:\/\/skaitytaknyga.lt\/knygu-parduotuve\/"},{"@type":"ListItem","position":3,"name":"Stebuklai tikrai vyksta"}]},{"@type":"WebSite","@id":"https:\/\/skaitytaknyga.lt\/#website","url":"https:\/\/skaitytaknyga.lt\/","name":"skaitytaknyga.lt","description":"Skaitytaknyga.lt \u2013 tai ma\u017eas \u0161eimos verslas, kuris prasid\u0117jo nuo meil\u0117s knygoms ir siekio i\u0161gelb\u0117ti knygas nuo likimo prie konteinerio. Kas vienam nereikalingas daiktas \u2013 kitam lobis, o mes esame tarpininkai, kurie padeda abiems tapti laimingesniems ???? \u017dinome kaip nelengva i\u0161gyventi ma\u017eiems verslams, tad nuo \u0161iol, \u010dia rasite ir kit\u0173, ma\u017e\u0173 \u0161eim\u0173 versl\u0173, rank\u0173 darbo, dovan\u0173 sau ir artimiesiems.","publisher":{"@id":"https:\/\/skaitytaknyga.lt\/#organization"},"potentialAction":[{"@type":"SearchAction","target":{"@type":"EntryPoint","urlTemplate":"https:\/\/skaitytaknyga.lt\/?s={search_term_string}"},"query-input":{"@type":"PropertyValueSpecification","valueRequired":true,"valueName":"search_term_string"}}],"inLanguage":"en-GB"},{"@type":"Organization","@id":"https:\/\/skaitytaknyga.lt\/#organization","name":"skaitytaknyga.lt","url":"https:\/\/skaitytaknyga.lt\/","logo":{"@type":"ImageObject","inLanguage":"en-GB","@id":"https:\/\/skaitytaknyga.lt\/#\/schema\/logo\/image\/","url":"https:\/\/skaitytaknyga.lt\/wp-content\/uploads\/2024\/05\/cropped-cropped-cropped-02_00843_jt3bggkj1j3HLc7SyY6rEUpg.jpeg","contentUrl":"https:\/\/skaitytaknyga.lt\/wp-content\/uploads\/2024\/05\/cropped-cropped-cropped-02_00843_jt3bggkj1j3HLc7SyY6rEUpg.jpeg","width":1600,"height":1600,"caption":"skaitytaknyga.lt"},"image":{"@id":"https:\/\/skaitytaknyga.lt\/#\/schema\/logo\/image\/"},"sameAs":["https:\/\/www.facebook.com\/skaitytaknyga\/"]}]}},"_links":{"self":[{"href":"https:\/\/skaitytaknyga.lt\/en\/wp-json\/wp\/v2\/product\/13923","targetHints":{"allow":["GET"]}}],"collection":[{"href":"https:\/\/skaitytaknyga.lt\/en\/wp-json\/wp\/v2\/product"}],"about":[{"href":"https:\/\/skaitytaknyga.lt\/en\/wp-json\/wp\/v2\/types\/product"}],"replies":[{"embeddable":true,"href":"https:\/\/skaitytaknyga.lt\/en\/wp-json\/wp\/v2\/comments?post=13923"}],"wp:featuredmedia":[{"embeddable":true,"href":"https:\/\/skaitytaknyga.lt\/en\/wp-json\/wp\/v2\/media\/13935"}],"wp:attachment":[{"href":"https:\/\/skaitytaknyga.lt\/en\/wp-json\/wp\/v2\/media?parent=13923"}],"wp:term":[{"taxonomy":"product_brand","embeddable":true,"href":"https:\/\/skaitytaknyga.lt\/en\/wp-json\/wp\/v2\/product_brand?post=13923"},{"taxonomy":"product_cat","embeddable":true,"href":"https:\/\/skaitytaknyga.lt\/en\/wp-json\/wp\/v2\/product_cat?post=13923"},{"taxonomy":"product_tag","embeddable":true,"href":"https:\/\/skaitytaknyga.lt\/en\/wp-json\/wp\/v2\/product_tag?post=13923"}],"curies":[{"name":"wp","href":"https:\/\/api.w.org\/{rel}","templated":true}]}}