{"id":13922,"date":"2024-09-11T13:10:19","date_gmt":"2024-09-11T10:10:19","guid":{"rendered":"https:\/\/skaitytaknyga.lt\/?post_type=product&#038;p=13922"},"modified":"2026-04-13T13:49:06","modified_gmt":"2026-04-13T10:49:06","slug":"francis-s-collins-dievo-kalba","status":"publish","type":"product","link":"https:\/\/skaitytaknyga.lt\/en\/produktas\/francis-s-collins-dievo-kalba\/","title":{"rendered":"Dievo kalba"},"content":{"rendered":"<p>\u0160i garsaus mokslininko, vieno pa\u017eangiausi\u0173 JAV genetik\u0173, daugel\u012f met\u0173 paskyrusio \u017emogaus genomo tyrimams, knyga pad\u0117s \u017emon\u0117ms geriau pa\u017einti pa\u010dius save, \u012fkv\u0117ps tro\u0161kim\u0105 pa\u017evelgti \u012f b\u016bties gelmes.<\/p>\n<p>Remdamasis mokslini\u0173 tyrim\u0173 duomenimis ir savo paties asmenine patirtimi, autorius pateikia nauj\u0105 religini\u0173 bei mokslini\u0173 pa\u017ei\u016br\u0173 derin\u012f ir parodo, kad tik\u0117jim\u0105 \u012f Diev\u0105 ir moksl\u0105 galima susieti \u012f darni\u0105 pasaul\u0117\u017ei\u016br\u0105. Tik\u0117jimas \u012f Diev\u0105 neprie\u0161tarauja mokslo racionalumui, o Dievas ir mokslas yra suderinami.<\/p>\n<p>\u201eF. S. Kolinsas, vienas \u017eymiausi\u0173 pasaulio mokslinink\u0173, argumentuotai ir pagarbiai nagrin\u0117ja mokslo ir religijos santyk\u012f. \u0160\u012f tikslaus speciali\u0173j\u0173 \u017eini\u0173 perteikimo ir asmenini\u0173 apm\u0105stym\u0173 derin\u012f persmelkia intelektinis ir dvasinis nuo\u0161irdumas. Knyg\u0105 vert\u0117t\u0173 perskaityti visiems, kurie domisi religingumo ir mokslo \u017eini\u0173 suderinamumo klausimu, nuog\u0105stauja, kad \u0161iuolaikinis mokslas \u017eeid\u017eia pa\u010di\u0105 religingumo \u0161erd\u012f, ir ilgisi konstruktyvios diskusijos \u0161iuo m\u016bs\u0173 dien\u0173 \u017emogui itin svarbiu klausimu.\u201c<\/p>\n<p><em>William D. Phillips, 1997 m. Nobelio premijos laureatas, fizikas<\/em><\/p>\n<ul class=\"about-product d-none d-xl-block mt-4\">\n<li><strong>Autorius:<\/strong>\u00a0Francis S. Collins<\/li>\n<li><strong>Leid\u0117jas:<\/strong>\u00a0Katalik\u0173 pasaulio leidiniai<\/li>\n<li><strong>Metai:<\/strong>\u00a02008<\/li>\n<li><strong>Puslapiai:<\/strong>\u00a0312<\/li>\n<li><strong>ISBN:<\/strong>\u00a09789955290896<\/li>\n<li><strong>Versijos kodas:<\/strong>\u00a0PT.<\/li>\n<li><strong>Formatas:<\/strong>\u00a013 x 20,5 cm, kieti vir\u0161eliai<\/li>\n<li><strong>Kalba:<\/strong>\u00a0Lietuvi\u0173<\/li>\n<li><strong>Vert\u0117jas:<\/strong>\u00a0Lina J\u016br\u0117nien\u0117<\/li>\n<\/ul>\n","protected":false},"excerpt":{"rendered":"<p>\u0160i garsaus mokslininko, vieno pa\u017eangiausi\u0173 JAV genetik\u0173, daugel\u012f met\u0173 paskyrusio \u017emogaus genomo tyrimams, knyga pad\u0117s \u017emon\u0117ms geriau pa\u017einti pa\u010dius save, \u012fkv\u0117ps tro\u0161kim\u0105 pa\u017evelgti \u012f b\u016bties gelmes. Remdamasis mokslini\u0173 tyrim\u0173 duomenimis ir savo paties asmenine patirtimi, autorius pateikia nauj\u0105 religini\u0173 bei mokslini\u0173 pa\u017ei\u016br\u0173 derin\u012f ir parodo, kad tik\u0117jim\u0105 \u012f Diev\u0105 ir moksl\u0105 galima susieti \u012f darni\u0105 pasaul\u0117\u017ei\u016br\u0105. Tik\u0117jimas \u012f Diev\u0105 neprie\u0161tarauja mokslo racionalumui, o Dievas ir mokslas yra suderinami. \u201eF. S. Kolinsas, vienas \u017eymiausi\u0173 pasaulio mokslinink\u0173, argumentuotai ir pagarbiai nagrin\u0117ja mokslo ir religijos santyk\u012f. \u0160\u012f tikslaus speciali\u0173j\u0173 \u017eini\u0173 perteikimo ir asmenini\u0173 apm\u0105stym\u0173 derin\u012f persmelkia intelektinis ir dvasinis nuo\u0161irdumas. Knyg\u0105 vert\u0117t\u0173 perskaityti visiems, kurie domisi religingumo ir mokslo \u017eini\u0173 suderinamumo klausimu, nuog\u0105stauja, kad \u0161iuolaikinis mokslas \u017eeid\u017eia pa\u010di\u0105 religingumo \u0161erd\u012f, ir ilgisi konstruktyvios diskusijos \u0161iuo m\u016bs\u0173 dien\u0173 \u017emogui itin svarbiu klausimu.\u201c William D. Phillips, 1997 m. Nobelio premijos laureatas, fizikas Autorius:\u00a0Francis S. Collins Leid\u0117jas:\u00a0Katalik\u0173 pasaulio leidiniai Metai:\u00a02008 Puslapiai:\u00a0312 ISBN:\u00a09789955290896 Versijos kodas:\u00a0PT. Formatas:\u00a013 x 20,5 cm, kieti vir\u0161eliai Kalba:\u00a0Lietuvi\u0173 Vert\u0117jas:\u00a0Lina J\u016br\u0117nien\u0117<\/p>\n","protected":false},"featured_media":13938,"comment_status":"open","ping_status":"closed","template":"","meta":{"_acf_changed":false,"site-sidebar-layout":"default","site-content-layout":"","ast-site-content-layout":"default","site-content-style":"default","site-sidebar-style":"default","ast-global-header-display":"","ast-banner-title-visibility":"","ast-main-header-display":"","ast-hfb-above-header-display":"","ast-hfb-below-header-display":"","ast-hfb-mobile-header-display":"","site-post-title":"","ast-breadcrumbs-content":"","ast-featured-img":"","footer-sml-layout":"","ast-disable-related-posts":"","theme-transparent-header-meta":"default","adv-header-id-meta":"","stick-header-meta":"","header-above-stick-meta":"","header-main-stick-meta":"","header-below-stick-meta":"","astra-migrate-meta-layouts":"set","ast-page-background-enabled":"default","ast-page-background-meta":{"desktop":{"background-color":"","background-image":"","background-repeat":"repeat","background-position":"center center","background-size":"auto","background-attachment":"scroll","background-type":"","background-media":"","overlay-type":"","overlay-color":"","overlay-opacity":"","overlay-gradient":""},"tablet":{"background-color":"","background-image":"","background-repeat":"repeat","background-position":"center center","background-size":"auto","background-attachment":"scroll","background-type":"","background-media":"","overlay-type":"","overlay-color":"","overlay-opacity":"","overlay-gradient":""},"mobile":{"background-color":"","background-image":"","background-repeat":"repeat","background-position":"center center","background-size":"auto","background-attachment":"scroll","background-type":"","background-media":"","overlay-type":"","overlay-color":"","overlay-opacity":"","overlay-gradient":""}},"ast-content-background-meta":{"desktop":{"background-color":"var(--ast-global-color-4)","background-image":"","background-repeat":"repeat","background-position":"center center","background-size":"auto","background-attachment":"scroll","background-type":"","background-media":"","overlay-type":"","overlay-color":"","overlay-opacity":"","overlay-gradient":""},"tablet":{"background-color":"var(--ast-global-color-4)","background-image":"","background-repeat":"repeat","background-position":"center center","background-size":"auto","background-attachment":"scroll","background-type":"","background-media":"","overlay-type":"","overlay-color":"","overlay-opacity":"","overlay-gradient":""},"mobile":{"background-color":"var(--ast-global-color-4)","background-image":"","background-repeat":"repeat","background-position":"center center","background-size":"auto","background-attachment":"scroll","background-type":"","background-media":"","overlay-type":"","overlay-color":"","overlay-opacity":"","overlay-gradient":""}}},"product_brand":[],"product_cat":[15,165],"product_tag":[5424,5784,5785,5787,5788,2828,2277,5789,5786],"class_list":{"0":"post-13922","1":"product","2":"type-product","3":"status-publish","4":"has-post-thumbnail","6":"product_cat-uncategorized","7":"product_cat-religija-filosofija-ir-ezoterika","8":"product_tag-dievas","9":"product_tag-francis-s-collins","10":"product_tag-genetika","11":"product_tag-mokslas-ir-religija","12":"product_tag-mokslininkas","13":"product_tag-pasauleziura","14":"product_tag-religija","15":"product_tag-vertejas","16":"product_tag-zmogaus-genomas","17":"desktop-align-left","18":"tablet-align-left","19":"mobile-align-left","21":"first","22":"outofstock","23":"shipping-taxable","24":"purchasable","25":"product-type-simple"},"acf":[],"yoast_head":"<!-- This site is optimized with the Yoast SEO plugin v27.0 - https:\/\/yoast.com\/product\/yoast-seo-wordpress\/ -->\n<title>Dievo kalba<\/title>\n<meta name=\"description\" content=\"\u0160i garsaus mokslininko, vieno pa\u017eangiausi\u0173 JAV genetik\u0173, daugel\u012f met\u0173 paskyrusio \u017emogaus genomo tyrimams, knyga pad\u0117s \u017emon\u0117ms geriau pa\u017einti pa\u010dius save,\" \/>\n<meta name=\"robots\" content=\"index, follow, max-snippet:-1, max-image-preview:large, max-video-preview:-1\" \/>\n<link rel=\"canonical\" href=\"https:\/\/skaitytaknyga.lt\/en\/produktas\/francis-s-collins-dievo-kalba\/\" \/>\n<meta property=\"og:locale\" content=\"en_GB\" \/>\n<meta property=\"og:locale:alternate\" content=\"lt_LT\" \/>\n<meta property=\"og:type\" content=\"article\" \/>\n<meta property=\"og:title\" content=\"Dievo kalba\" \/>\n<meta property=\"og:description\" content=\"\u0160i garsaus mokslininko, vieno pa\u017eangiausi\u0173 JAV genetik\u0173, daugel\u012f met\u0173 paskyrusio \u017emogaus genomo tyrimams, knyga pad\u0117s \u017emon\u0117ms geriau pa\u017einti pa\u010dius save,\" \/>\n<meta property=\"og:url\" content=\"https:\/\/skaitytaknyga.lt\/en\/produktas\/francis-s-collins-dievo-kalba\/\" \/>\n<meta property=\"og:site_name\" content=\"Skaitytaknyga\" \/>\n<meta property=\"article:publisher\" content=\"https:\/\/www.facebook.com\/skaitytaknyga\/\" \/>\n<meta property=\"article:modified_time\" content=\"2026-04-13T10:49:06+00:00\" \/>\n<meta property=\"og:image\" content=\"https:\/\/skaitytaknyga.lt\/wp-content\/uploads\/2024\/09\/Francis-S.-Collins-\u201eDievo-kalba.webp\" \/>\n\t<meta property=\"og:image:width\" content=\"496\" \/>\n\t<meta property=\"og:image:height\" content=\"800\" \/>\n\t<meta property=\"og:image:type\" content=\"image\/webp\" \/>\n<meta name=\"twitter:card\" content=\"summary_large_image\" \/>\n<meta name=\"twitter:label1\" content=\"Estimated reading time\" \/>\n\t<meta name=\"twitter:data1\" content=\"2 minutes\" \/>\n<script type=\"application\/ld+json\" class=\"yoast-schema-graph\">{\"@context\":\"https:\/\/schema.org\",\"@graph\":[{\"@type\":\"WebPage\",\"@id\":\"https:\/\/skaitytaknyga.lt\/produktas\/francis-s-collins-dievo-kalba\/\",\"url\":\"https:\/\/skaitytaknyga.lt\/produktas\/francis-s-collins-dievo-kalba\/\",\"name\":\"Dievo kalba\",\"isPartOf\":{\"@id\":\"https:\/\/skaitytaknyga.lt\/#website\"},\"primaryImageOfPage\":{\"@id\":\"https:\/\/skaitytaknyga.lt\/produktas\/francis-s-collins-dievo-kalba\/#primaryimage\"},\"image\":{\"@id\":\"https:\/\/skaitytaknyga.lt\/produktas\/francis-s-collins-dievo-kalba\/#primaryimage\"},\"thumbnailUrl\":\"https:\/\/skaitytaknyga.lt\/wp-content\/uploads\/2024\/09\/Francis-S.-Collins-\u201eDievo-kalba.webp\",\"datePublished\":\"2024-09-11T10:10:19+00:00\",\"dateModified\":\"2026-04-13T10:49:06+00:00\",\"description\":\"\u0160i garsaus mokslininko, vieno pa\u017eangiausi\u0173 JAV genetik\u0173, daugel\u012f met\u0173 paskyrusio \u017emogaus genomo tyrimams, knyga pad\u0117s \u017emon\u0117ms geriau pa\u017einti pa\u010dius save,\",\"breadcrumb\":{\"@id\":\"https:\/\/skaitytaknyga.lt\/produktas\/francis-s-collins-dievo-kalba\/#breadcrumb\"},\"inLanguage\":\"en-GB\",\"potentialAction\":[{\"@type\":\"ReadAction\",\"target\":[\"https:\/\/skaitytaknyga.lt\/produktas\/francis-s-collins-dievo-kalba\/\"]}]},{\"@type\":\"ImageObject\",\"inLanguage\":\"en-GB\",\"@id\":\"https:\/\/skaitytaknyga.lt\/produktas\/francis-s-collins-dievo-kalba\/#primaryimage\",\"url\":\"https:\/\/skaitytaknyga.lt\/wp-content\/uploads\/2024\/09\/Francis-S.-Collins-\u201eDievo-kalba.webp\",\"contentUrl\":\"https:\/\/skaitytaknyga.lt\/wp-content\/uploads\/2024\/09\/Francis-S.-Collins-\u201eDievo-kalba.webp\",\"width\":496,\"height\":800,\"caption\":\"Francis S. Collins \u201eDievo kalba\u201c\"},{\"@type\":\"BreadcrumbList\",\"@id\":\"https:\/\/skaitytaknyga.lt\/produktas\/francis-s-collins-dievo-kalba\/#breadcrumb\",\"itemListElement\":[{\"@type\":\"ListItem\",\"position\":1,\"name\":\"Home\",\"item\":\"https:\/\/skaitytaknyga.lt\/\"},{\"@type\":\"ListItem\",\"position\":2,\"name\":\"Parduotuv\u0117\",\"item\":\"https:\/\/skaitytaknyga.lt\/knygu-parduotuve\/\"},{\"@type\":\"ListItem\",\"position\":3,\"name\":\"Dievo kalba\"}]},{\"@type\":\"WebSite\",\"@id\":\"https:\/\/skaitytaknyga.lt\/#website\",\"url\":\"https:\/\/skaitytaknyga.lt\/\",\"name\":\"skaitytaknyga.lt\",\"description\":\"Skaitytaknyga.lt \u2013 tai ma\u017eas \u0161eimos verslas, kuris prasid\u0117jo nuo meil\u0117s knygoms ir siekio i\u0161gelb\u0117ti knygas nuo likimo prie konteinerio. Kas vienam nereikalingas daiktas \u2013 kitam lobis, o mes esame tarpininkai, kurie padeda abiems tapti laimingesniems ???? \u017dinome kaip nelengva i\u0161gyventi ma\u017eiems verslams, tad nuo \u0161iol, \u010dia rasite ir kit\u0173, ma\u017e\u0173 \u0161eim\u0173 versl\u0173, rank\u0173 darbo, dovan\u0173 sau ir artimiesiems.\",\"publisher\":{\"@id\":\"https:\/\/skaitytaknyga.lt\/#organization\"},\"potentialAction\":[{\"@type\":\"SearchAction\",\"target\":{\"@type\":\"EntryPoint\",\"urlTemplate\":\"https:\/\/skaitytaknyga.lt\/?s={search_term_string}\"},\"query-input\":{\"@type\":\"PropertyValueSpecification\",\"valueRequired\":true,\"valueName\":\"search_term_string\"}}],\"inLanguage\":\"en-GB\"},{\"@type\":\"Organization\",\"@id\":\"https:\/\/skaitytaknyga.lt\/#organization\",\"name\":\"skaitytaknyga.lt\",\"url\":\"https:\/\/skaitytaknyga.lt\/\",\"logo\":{\"@type\":\"ImageObject\",\"inLanguage\":\"en-GB\",\"@id\":\"https:\/\/skaitytaknyga.lt\/#\/schema\/logo\/image\/\",\"url\":\"https:\/\/skaitytaknyga.lt\/wp-content\/uploads\/2024\/05\/cropped-cropped-cropped-02_00843_jt3bggkj1j3HLc7SyY6rEUpg.jpeg\",\"contentUrl\":\"https:\/\/skaitytaknyga.lt\/wp-content\/uploads\/2024\/05\/cropped-cropped-cropped-02_00843_jt3bggkj1j3HLc7SyY6rEUpg.jpeg\",\"width\":1600,\"height\":1600,\"caption\":\"skaitytaknyga.lt\"},\"image\":{\"@id\":\"https:\/\/skaitytaknyga.lt\/#\/schema\/logo\/image\/\"},\"sameAs\":[\"https:\/\/www.facebook.com\/skaitytaknyga\/\"]}]}<\/script>\n<!-- \/ Yoast SEO plugin. -->","yoast_head_json":{"title":"Dievo kalba","description":"\u0160i garsaus mokslininko, vieno pa\u017eangiausi\u0173 JAV genetik\u0173, daugel\u012f met\u0173 paskyrusio \u017emogaus genomo tyrimams, knyga pad\u0117s \u017emon\u0117ms geriau pa\u017einti pa\u010dius save,","robots":{"index":"index","follow":"follow","max-snippet":"max-snippet:-1","max-image-preview":"max-image-preview:large","max-video-preview":"max-video-preview:-1"},"canonical":"https:\/\/skaitytaknyga.lt\/en\/produktas\/francis-s-collins-dievo-kalba\/","og_locale":"en_GB","og_type":"article","og_title":"[:lt]Dievo kalba[:] - Skaitytaknyga","og_description":"\u0160i garsaus mokslininko, vieno pa\u017eangiausi\u0173 JAV genetik\u0173, daugel\u012f met\u0173 paskyrusio \u017emogaus genomo tyrimams, knyga pad\u0117s \u017emon\u0117ms geriau pa\u017einti pa\u010dius save,","og_url":"https:\/\/skaitytaknyga.lt\/en\/produktas\/francis-s-collins-dievo-kalba\/","og_site_name":"Skaitytaknyga","article_publisher":"https:\/\/www.facebook.com\/skaitytaknyga\/","article_modified_time":"2026-04-13T10:49:06+00:00","og_image":[{"width":496,"height":800,"url":"https:\/\/skaitytaknyga.lt\/wp-content\/uploads\/2024\/09\/Francis-S.-Collins-\u201eDievo-kalba.webp","type":"image\/webp"}],"twitter_card":"summary_large_image","twitter_misc":{"Estimated reading time":"2 minutes"},"schema":{"@context":"https:\/\/schema.org","@graph":[{"@type":"WebPage","@id":"https:\/\/skaitytaknyga.lt\/produktas\/francis-s-collins-dievo-kalba\/","url":"https:\/\/skaitytaknyga.lt\/produktas\/francis-s-collins-dievo-kalba\/","name":"Dievo kalba","isPartOf":{"@id":"https:\/\/skaitytaknyga.lt\/#website"},"primaryImageOfPage":{"@id":"https:\/\/skaitytaknyga.lt\/produktas\/francis-s-collins-dievo-kalba\/#primaryimage"},"image":{"@id":"https:\/\/skaitytaknyga.lt\/produktas\/francis-s-collins-dievo-kalba\/#primaryimage"},"thumbnailUrl":"https:\/\/skaitytaknyga.lt\/wp-content\/uploads\/2024\/09\/Francis-S.-Collins-\u201eDievo-kalba.webp","datePublished":"2024-09-11T10:10:19+00:00","dateModified":"2026-04-13T10:49:06+00:00","description":"\u0160i garsaus mokslininko, vieno pa\u017eangiausi\u0173 JAV genetik\u0173, daugel\u012f met\u0173 paskyrusio \u017emogaus genomo tyrimams, knyga pad\u0117s \u017emon\u0117ms geriau pa\u017einti pa\u010dius save,","breadcrumb":{"@id":"https:\/\/skaitytaknyga.lt\/produktas\/francis-s-collins-dievo-kalba\/#breadcrumb"},"inLanguage":"en-GB","potentialAction":[{"@type":"ReadAction","target":["https:\/\/skaitytaknyga.lt\/produktas\/francis-s-collins-dievo-kalba\/"]}]},{"@type":"ImageObject","inLanguage":"en-GB","@id":"https:\/\/skaitytaknyga.lt\/produktas\/francis-s-collins-dievo-kalba\/#primaryimage","url":"https:\/\/skaitytaknyga.lt\/wp-content\/uploads\/2024\/09\/Francis-S.-Collins-\u201eDievo-kalba.webp","contentUrl":"https:\/\/skaitytaknyga.lt\/wp-content\/uploads\/2024\/09\/Francis-S.-Collins-\u201eDievo-kalba.webp","width":496,"height":800,"caption":"Francis S. Collins \u201eDievo kalba\u201c"},{"@type":"BreadcrumbList","@id":"https:\/\/skaitytaknyga.lt\/produktas\/francis-s-collins-dievo-kalba\/#breadcrumb","itemListElement":[{"@type":"ListItem","position":1,"name":"Home","item":"https:\/\/skaitytaknyga.lt\/"},{"@type":"ListItem","position":2,"name":"Parduotuv\u0117","item":"https:\/\/skaitytaknyga.lt\/knygu-parduotuve\/"},{"@type":"ListItem","position":3,"name":"Dievo kalba"}]},{"@type":"WebSite","@id":"https:\/\/skaitytaknyga.lt\/#website","url":"https:\/\/skaitytaknyga.lt\/","name":"skaitytaknyga.lt","description":"Skaitytaknyga.lt \u2013 tai ma\u017eas \u0161eimos verslas, kuris prasid\u0117jo nuo meil\u0117s knygoms ir siekio i\u0161gelb\u0117ti knygas nuo likimo prie konteinerio. Kas vienam nereikalingas daiktas \u2013 kitam lobis, o mes esame tarpininkai, kurie padeda abiems tapti laimingesniems ???? \u017dinome kaip nelengva i\u0161gyventi ma\u017eiems verslams, tad nuo \u0161iol, \u010dia rasite ir kit\u0173, ma\u017e\u0173 \u0161eim\u0173 versl\u0173, rank\u0173 darbo, dovan\u0173 sau ir artimiesiems.","publisher":{"@id":"https:\/\/skaitytaknyga.lt\/#organization"},"potentialAction":[{"@type":"SearchAction","target":{"@type":"EntryPoint","urlTemplate":"https:\/\/skaitytaknyga.lt\/?s={search_term_string}"},"query-input":{"@type":"PropertyValueSpecification","valueRequired":true,"valueName":"search_term_string"}}],"inLanguage":"en-GB"},{"@type":"Organization","@id":"https:\/\/skaitytaknyga.lt\/#organization","name":"skaitytaknyga.lt","url":"https:\/\/skaitytaknyga.lt\/","logo":{"@type":"ImageObject","inLanguage":"en-GB","@id":"https:\/\/skaitytaknyga.lt\/#\/schema\/logo\/image\/","url":"https:\/\/skaitytaknyga.lt\/wp-content\/uploads\/2024\/05\/cropped-cropped-cropped-02_00843_jt3bggkj1j3HLc7SyY6rEUpg.jpeg","contentUrl":"https:\/\/skaitytaknyga.lt\/wp-content\/uploads\/2024\/05\/cropped-cropped-cropped-02_00843_jt3bggkj1j3HLc7SyY6rEUpg.jpeg","width":1600,"height":1600,"caption":"skaitytaknyga.lt"},"image":{"@id":"https:\/\/skaitytaknyga.lt\/#\/schema\/logo\/image\/"},"sameAs":["https:\/\/www.facebook.com\/skaitytaknyga\/"]}]}},"_links":{"self":[{"href":"https:\/\/skaitytaknyga.lt\/en\/wp-json\/wp\/v2\/product\/13922","targetHints":{"allow":["GET"]}}],"collection":[{"href":"https:\/\/skaitytaknyga.lt\/en\/wp-json\/wp\/v2\/product"}],"about":[{"href":"https:\/\/skaitytaknyga.lt\/en\/wp-json\/wp\/v2\/types\/product"}],"replies":[{"embeddable":true,"href":"https:\/\/skaitytaknyga.lt\/en\/wp-json\/wp\/v2\/comments?post=13922"}],"wp:featuredmedia":[{"embeddable":true,"href":"https:\/\/skaitytaknyga.lt\/en\/wp-json\/wp\/v2\/media\/13938"}],"wp:attachment":[{"href":"https:\/\/skaitytaknyga.lt\/en\/wp-json\/wp\/v2\/media?parent=13922"}],"wp:term":[{"taxonomy":"product_brand","embeddable":true,"href":"https:\/\/skaitytaknyga.lt\/en\/wp-json\/wp\/v2\/product_brand?post=13922"},{"taxonomy":"product_cat","embeddable":true,"href":"https:\/\/skaitytaknyga.lt\/en\/wp-json\/wp\/v2\/product_cat?post=13922"},{"taxonomy":"product_tag","embeddable":true,"href":"https:\/\/skaitytaknyga.lt\/en\/wp-json\/wp\/v2\/product_tag?post=13922"}],"curies":[{"name":"wp","href":"https:\/\/api.w.org\/{rel}","templated":true}]}}